{"id":14030,"date":"2024-03-06T20:00:43","date_gmt":"2024-03-06T19:00:43","guid":{"rendered":"https:\/\/www.cultcaffe.at\/?post_type=product&#038;p=14030"},"modified":"2026-01-21T15:32:16","modified_gmt":"2026-01-21T14:32:16","slug":"cafe-de-orangutan","status":"publish","type":"product","link":"https:\/\/www.cultcaffe.at\/es\/produkt\/orang-utan-kaffee\/","title":{"rendered":"Caf\u00e9 de orangut\u00e1n"},"content":{"rendered":"<h3>Caf\u00e9 Orang Utan: disfrute exclusivo con una buena causa<\/h3>\n<p>Los orangutanes de Sumatra se enfrentan a la extinci\u00f3n debido a que las empresas internacionales destruyen la selva tropical en la b\u00fasqueda de madera tropical y tierras para plantaciones.<br \/>\nEl caf\u00e9 Orang Utan proviene de peque\u00f1as familias de agricultores que cultivan sus cafetales de forma org\u00e1nica. Este m\u00e9todo de cultivo preserva el equilibrio natural. Los agricultores se comprometen a proteger la selva tropical con sus animales y plantas. A cambio, reciben una bonificaci\u00f3n de 0,50 \u20ac por kilogramo de caf\u00e9 verde. Otros 0,50 \u20ac se destinar\u00e1n al Programa de Conservaci\u00f3n del Orangut\u00e1n de Sumatra.<\/p>\n<h3>Aroma \u00fanico<\/h3>\n<p>Pero este caf\u00e9 no s\u00f3lo protege el h\u00e1bitat de los orangutanes, tambi\u00e9n tiene un sabor excelente. El clima h\u00famedo y la niebla de las selvas tropicales de Sumatra le dan a este caf\u00e9 ar\u00e1bico un delicioso aroma a melaza, frutos secos y notas de cacao y pl\u00e1tano. Cada taza promete un momento inolvidable de disfrute.<\/p>\n<h3>Sostenibilidad y equidad<\/h3>\n<p>El caf\u00e9 se cultiva de forma sostenible y los agricultores reciben <strong>salario justo<\/strong>. Esto significa que no s\u00f3lo puedes disfrutar de este caf\u00e9 con la conciencia tranquila, sino tambi\u00e9n contribuir activamente a mejorar las condiciones de vida de los caficultores.<\/p>\n<p>Pruebe el caf\u00e9 Orang Utan y d\u00e9jese convencer por su sabor \u00fanico y su efecto positivo en las personas y la naturaleza.<\/p>","protected":false},"excerpt":{"rendered":"<ul>\n<li class=\"bullet-checkmark\">Aroma \u00fanico con notas de frutos secos, cacao y pl\u00e1tano.<\/li>\n<li class=\"bullet-checkmark\">Cultivo sostenible y pago justo a los agricultores.<\/li>\n<li class=\"bullet-checkmark\">Apoyo a la protecci\u00f3n de las especies y del medio ambiente.<\/li>\n<\/ul>","protected":false},"featured_media":14965,"template":"","meta":{"inline_featured_image":false},"product_brand":[],"product_cat":[199],"product_tag":[63,83,107,94,61,60,84,59,62,108],"class_list":{"0":"post-14030","1":"product","2":"type-product","3":"status-publish","4":"has-post-thumbnail","6":"product_cat-kaffee","7":"product_tag-100-arabica","8":"product_tag-cappuccino","9":"product_tag-coffee","10":"product_tag-cult-caffe","11":"product_tag-cultcaffe","12":"product_tag-espresso","13":"product_tag-french-press","14":"product_tag-kaffee","15":"product_tag-kaffeegenuss","16":"product_tag-roastery","18":"first","19":"instock","20":"taxable","21":"shipping-taxable","22":"purchasable","23":"product-type-variable","24":"has-default-attributes"},"yoast_head":"<!-- This site is optimized with the Yoast SEO plugin v27.5 - https:\/\/yoast.com\/product\/yoast-seo-wordpress\/ -->\n<title>Orang Utan Kaffee - CultCaff\u00e9 - die Bio Kaffee R\u00f6sterei<\/title>\n<meta name=\"description\" content=\"Mischung: 100% Arabica | St\u00e4rke: 3 | Einzigartiges Aroma mit Noten von Trockenfr\u00fcchten, Kakao und Bananen.\" \/>\n<meta name=\"robots\" content=\"index, follow, max-snippet:-1, max-image-preview:large, max-video-preview:-1\" \/>\n<link rel=\"canonical\" href=\"https:\/\/www.cultcaffe.at\/es\/producto\/cafe-de-orangutan\/\" \/>\n<meta property=\"og:locale\" content=\"es_ES\" \/>\n<meta property=\"og:type\" content=\"article\" \/>\n<meta property=\"og:title\" content=\"Orang Utan Kaffee - CultCaff\u00e9 - die Bio Kaffee R\u00f6sterei\" \/>\n<meta property=\"og:description\" content=\"Mischung: 100% Arabica | St\u00e4rke: 3 | Einzigartiges Aroma mit Noten von Trockenfr\u00fcchten, Kakao und Bananen.\" \/>\n<meta property=\"og:url\" content=\"https:\/\/www.cultcaffe.at\/es\/producto\/cafe-de-orangutan\/\" \/>\n<meta property=\"og:site_name\" content=\"CultCaff\u00e9 - die Bio Kaffee R\u00f6sterei\" \/>\n<meta property=\"article:publisher\" content=\"https:\/\/www.facebook.com\/p\/Cult-Caff%c3%a8-die-R%c3%b6sterei-100039719724703\/?locale=de_DE\" \/>\n<meta property=\"article:modified_time\" content=\"2026-01-21T14:32:16+00:00\" \/>\n<meta property=\"og:image\" content=\"https:\/\/www.cultcaffe.at\/wp-content\/uploads\/2024\/03\/Cult-Caffe_Kaffee-Bohnen_Orang-Utan.jpg\" \/>\n\t<meta property=\"og:image:width\" content=\"2000\" \/>\n\t<meta property=\"og:image:height\" content=\"2000\" \/>\n\t<meta property=\"og:image:type\" content=\"image\/jpeg\" \/>\n<meta name=\"twitter:card\" content=\"summary_large_image\" \/>\n<meta name=\"twitter:label1\" content=\"Disponibilidad\" \/>\n\t<meta name=\"twitter:data1\" content=\"Disponible\" \/>\n<script type=\"application\/ld+json\" class=\"yoast-schema-graph\">{\"@context\":\"https:\\\/\\\/schema.org\",\"@graph\":[{\"@type\":\"WebPage\",\"@id\":\"https:\\\/\\\/www.cultcaffe.at\\\/produkt\\\/orang-utan-kaffee\\\/\",\"url\":\"https:\\\/\\\/www.cultcaffe.at\\\/produkt\\\/orang-utan-kaffee\\\/\",\"name\":\"Orang Utan Kaffee - CultCaff\u00e9 - die Bio Kaffee R\u00f6sterei\",\"isPartOf\":{\"@id\":\"https:\\\/\\\/www.cultcaffe.at\\\/#website\"},\"primaryImageOfPage\":{\"@id\":\"https:\\\/\\\/www.cultcaffe.at\\\/produkt\\\/orang-utan-kaffee\\\/#primaryimage\"},\"image\":{\"@id\":\"https:\\\/\\\/www.cultcaffe.at\\\/produkt\\\/orang-utan-kaffee\\\/#primaryimage\"},\"thumbnailUrl\":\"https:\\\/\\\/www.cultcaffe.at\\\/wp-content\\\/uploads\\\/2024\\\/03\\\/Cult-Caffe_Kaffee-Bohnen_Orang-Utan.jpg\",\"datePublished\":\"2024-03-06T19:00:43+00:00\",\"dateModified\":\"2026-01-21T14:32:16+00:00\",\"description\":\"Mischung: 100% Arabica | St\u00e4rke: 3 | Einzigartiges Aroma mit Noten von Trockenfr\u00fcchten, Kakao und Bananen.\",\"breadcrumb\":{\"@id\":\"https:\\\/\\\/www.cultcaffe.at\\\/produkt\\\/orang-utan-kaffee\\\/#breadcrumb\"},\"inLanguage\":\"es\",\"potentialAction\":[{\"@type\":\"ReadAction\",\"target\":[\"https:\\\/\\\/www.cultcaffe.at\\\/produkt\\\/orang-utan-kaffee\\\/\"]}]},{\"@type\":\"ImageObject\",\"inLanguage\":\"es\",\"@id\":\"https:\\\/\\\/www.cultcaffe.at\\\/produkt\\\/orang-utan-kaffee\\\/#primaryimage\",\"url\":\"https:\\\/\\\/www.cultcaffe.at\\\/wp-content\\\/uploads\\\/2024\\\/03\\\/Cult-Caffe_Kaffee-Bohnen_Orang-Utan.jpg\",\"contentUrl\":\"https:\\\/\\\/www.cultcaffe.at\\\/wp-content\\\/uploads\\\/2024\\\/03\\\/Cult-Caffe_Kaffee-Bohnen_Orang-Utan.jpg\",\"width\":2000,\"height\":2000},{\"@type\":\"BreadcrumbList\",\"@id\":\"https:\\\/\\\/www.cultcaffe.at\\\/produkt\\\/orang-utan-kaffee\\\/#breadcrumb\",\"itemListElement\":[{\"@type\":\"ListItem\",\"position\":1,\"name\":\"Startseite\",\"item\":\"https:\\\/\\\/www.cultcaffe.at\\\/\"},{\"@type\":\"ListItem\",\"position\":2,\"name\":\"Produkte\",\"item\":\"https:\\\/\\\/www.cultcaffe.at\\\/shop\\\/\"},{\"@type\":\"ListItem\",\"position\":3,\"name\":\"Orang Utan Kaffee\"}]},{\"@type\":\"WebSite\",\"@id\":\"https:\\\/\\\/www.cultcaffe.at\\\/#website\",\"url\":\"https:\\\/\\\/www.cultcaffe.at\\\/\",\"name\":\"CultCaff\u00e9 - die Bio Kaffee R\u00f6sterei\",\"description\":\"Liebe zum Kaffee\",\"publisher\":{\"@id\":\"https:\\\/\\\/www.cultcaffe.at\\\/#organization\"},\"potentialAction\":[{\"@type\":\"SearchAction\",\"target\":{\"@type\":\"EntryPoint\",\"urlTemplate\":\"https:\\\/\\\/www.cultcaffe.at\\\/?s={search_term_string}\"},\"query-input\":{\"@type\":\"PropertyValueSpecification\",\"valueRequired\":true,\"valueName\":\"search_term_string\"}}],\"inLanguage\":\"es\"},{\"@type\":[\"Organization\",\"Place\"],\"@id\":\"https:\\\/\\\/www.cultcaffe.at\\\/#organization\",\"name\":\"CultCaff\u00e9 Kaffeer\u00f6sterei GmbH\",\"alternateName\":\"CultCaff\u00e9\",\"url\":\"https:\\\/\\\/www.cultcaffe.at\\\/\",\"logo\":{\"@id\":\"https:\\\/\\\/www.cultcaffe.at\\\/produkt\\\/orang-utan-kaffee\\\/#local-main-organization-logo\"},\"image\":{\"@id\":\"https:\\\/\\\/www.cultcaffe.at\\\/produkt\\\/orang-utan-kaffee\\\/#local-main-organization-logo\"},\"sameAs\":[\"https:\\\/\\\/www.facebook.com\\\/p\\\/Cult-Caff\u00e8-die-R\u00f6sterei-100039719724703\\\/?locale=de_DE\",\"https:\\\/\\\/www.instagram.com\\\/cultcaffe.at\\\/\"],\"hasMerchantReturnPolicy\":{\"@type\":\"MerchantReturnPolicy\",\"merchantReturnLink\":\"https:\\\/\\\/www.cultcaffe.at\\\/es\\\/agbs\\\/\"},\"telephone\":[],\"openingHoursSpecification\":[{\"@type\":\"OpeningHoursSpecification\",\"dayOfWeek\":[\"Monday\",\"Tuesday\",\"Wednesday\",\"Thursday\",\"Friday\",\"Saturday\",\"Sunday\"],\"opens\":\"09:00\",\"closes\":\"17:00\"}]},{\"@type\":\"ImageObject\",\"inLanguage\":\"es\",\"@id\":\"https:\\\/\\\/www.cultcaffe.at\\\/produkt\\\/orang-utan-kaffee\\\/#local-main-organization-logo\",\"url\":\"https:\\\/\\\/www.cultcaffe.at\\\/wp-content\\\/uploads\\\/2023\\\/11\\\/cultcaffe_logo_regular_dark-1.svg\",\"contentUrl\":\"https:\\\/\\\/www.cultcaffe.at\\\/wp-content\\\/uploads\\\/2023\\\/11\\\/cultcaffe_logo_regular_dark-1.svg\",\"width\":756,\"height\":474,\"caption\":\"CultCaff\u00e9 Kaffeer\u00f6sterei GmbH\"}]}<\/script>\n<meta property=\"og:availability\" content=\"instock\" \/>\n<meta property=\"product:availability\" content=\"instock\" \/>\n<meta property=\"product:condition\" content=\"new\" \/>\n<!-- \/ Yoast SEO plugin. -->","yoast_head_json":{"title":"Caf\u00e9 Orang Utan - CultCaff\u00e9 - la tostadora de caf\u00e9 org\u00e1nico","description":"Mezcla: 100% Ar\u00e1bica | Intensidad: 3 | Aroma \u00fanico con notas de frutos secos, cacao y pl\u00e1tanos.","robots":{"index":"index","follow":"follow","max-snippet":"max-snippet:-1","max-image-preview":"max-image-preview:large","max-video-preview":"max-video-preview:-1"},"canonical":"https:\/\/www.cultcaffe.at\/es\/producto\/cafe-de-orangutan\/","og_locale":"es_ES","og_type":"article","og_title":"Orang Utan Kaffee - CultCaff\u00e9 - die Bio Kaffee R\u00f6sterei","og_description":"Mischung: 100% Arabica | St\u00e4rke: 3 | Einzigartiges Aroma mit Noten von Trockenfr\u00fcchten, Kakao und Bananen.","og_url":"https:\/\/www.cultcaffe.at\/es\/producto\/cafe-de-orangutan\/","og_site_name":"CultCaff\u00e9 - die Bio Kaffee R\u00f6sterei","article_publisher":"https:\/\/www.facebook.com\/p\/Cult-Caff%c3%a8-die-R%c3%b6sterei-100039719724703\/?locale=de_DE","article_modified_time":"2026-01-21T14:32:16+00:00","og_image":[{"width":2000,"height":2000,"url":"https:\/\/www.cultcaffe.at\/wp-content\/uploads\/2024\/03\/Cult-Caffe_Kaffee-Bohnen_Orang-Utan.jpg","type":"image\/jpeg"}],"twitter_card":"summary_large_image","twitter_misc":{"Disponibilidad":"Disponible"},"schema":{"@context":"https:\/\/schema.org","@graph":[{"@type":"WebPage","@id":"https:\/\/www.cultcaffe.at\/produkt\/orang-utan-kaffee\/","url":"https:\/\/www.cultcaffe.at\/produkt\/orang-utan-kaffee\/","name":"Caf\u00e9 Orang Utan - CultCaff\u00e9 - la tostadora de caf\u00e9 org\u00e1nico","isPartOf":{"@id":"https:\/\/www.cultcaffe.at\/#website"},"primaryImageOfPage":{"@id":"https:\/\/www.cultcaffe.at\/produkt\/orang-utan-kaffee\/#primaryimage"},"image":{"@id":"https:\/\/www.cultcaffe.at\/produkt\/orang-utan-kaffee\/#primaryimage"},"thumbnailUrl":"https:\/\/www.cultcaffe.at\/wp-content\/uploads\/2024\/03\/Cult-Caffe_Kaffee-Bohnen_Orang-Utan.jpg","datePublished":"2024-03-06T19:00:43+00:00","dateModified":"2026-01-21T14:32:16+00:00","description":"Mezcla: 100% Ar\u00e1bica | Intensidad: 3 | Aroma \u00fanico con notas de frutos secos, cacao y pl\u00e1tanos.","breadcrumb":{"@id":"https:\/\/www.cultcaffe.at\/produkt\/orang-utan-kaffee\/#breadcrumb"},"inLanguage":"es","potentialAction":[{"@type":"ReadAction","target":["https:\/\/www.cultcaffe.at\/produkt\/orang-utan-kaffee\/"]}]},{"@type":"ImageObject","inLanguage":"es","@id":"https:\/\/www.cultcaffe.at\/produkt\/orang-utan-kaffee\/#primaryimage","url":"https:\/\/www.cultcaffe.at\/wp-content\/uploads\/2024\/03\/Cult-Caffe_Kaffee-Bohnen_Orang-Utan.jpg","contentUrl":"https:\/\/www.cultcaffe.at\/wp-content\/uploads\/2024\/03\/Cult-Caffe_Kaffee-Bohnen_Orang-Utan.jpg","width":2000,"height":2000},{"@type":"BreadcrumbList","@id":"https:\/\/www.cultcaffe.at\/produkt\/orang-utan-kaffee\/#breadcrumb","itemListElement":[{"@type":"ListItem","position":1,"name":"Startseite","item":"https:\/\/www.cultcaffe.at\/"},{"@type":"ListItem","position":2,"name":"Produkte","item":"https:\/\/www.cultcaffe.at\/shop\/"},{"@type":"ListItem","position":3,"name":"Orang Utan Kaffee"}]},{"@type":"WebSite","@id":"https:\/\/www.cultcaffe.at\/#website","url":"https:\/\/www.cultcaffe.at\/","name":"CultCaff\u00e9 - la tostadur\u00eda de caf\u00e9 org\u00e1nico","description":"Amor por el caf\u00e9","publisher":{"@id":"https:\/\/www.cultcaffe.at\/#organization"},"potentialAction":[{"@type":"SearchAction","target":{"@type":"EntryPoint","urlTemplate":"https:\/\/www.cultcaffe.at\/?s={search_term_string}"},"query-input":{"@type":"PropertyValueSpecification","valueRequired":true,"valueName":"search_term_string"}}],"inLanguage":"es"},{"@type":["Organization","Place"],"@id":"https:\/\/www.cultcaffe.at\/#organization","name":"Tostadur\u00eda de caf\u00e9 CultCaff\u00e9 GmbH","alternateName":"CultCaff\u00e9","url":"https:\/\/www.cultcaffe.at\/","logo":{"@id":"https:\/\/www.cultcaffe.at\/produkt\/orang-utan-kaffee\/#local-main-organization-logo"},"image":{"@id":"https:\/\/www.cultcaffe.at\/produkt\/orang-utan-kaffee\/#local-main-organization-logo"},"sameAs":["https:\/\/www.facebook.com\/p\/Cult-Caff\u00e8-die-R\u00f6sterei-100039719724703\/?locale=de_DE","https:\/\/www.instagram.com\/cultcaffe.at\/"],"hasMerchantReturnPolicy":{"@type":"MerchantReturnPolicy","merchantReturnLink":"https:\/\/www.cultcaffe.at\/es\/agbs\/"},"telephone":[],"openingHoursSpecification":[{"@type":"OpeningHoursSpecification","dayOfWeek":["Monday","Tuesday","Wednesday","Thursday","Friday","Saturday","Sunday"],"opens":"09:00","closes":"17:00"}]},{"@type":"ImageObject","inLanguage":"es","@id":"https:\/\/www.cultcaffe.at\/produkt\/orang-utan-kaffee\/#local-main-organization-logo","url":"https:\/\/www.cultcaffe.at\/wp-content\/uploads\/2023\/11\/cultcaffe_logo_regular_dark-1.svg","contentUrl":"https:\/\/www.cultcaffe.at\/wp-content\/uploads\/2023\/11\/cultcaffe_logo_regular_dark-1.svg","width":756,"height":474,"caption":"CultCaff\u00e9 Kaffeer\u00f6sterei GmbH"}]},"og_availability":"instock","product_availability":"instock","product_condition":"new"},"_links":{"self":[{"href":"https:\/\/www.cultcaffe.at\/es\/wp-json\/wp\/v2\/product\/14030","targetHints":{"allow":["GET"]}}],"collection":[{"href":"https:\/\/www.cultcaffe.at\/es\/wp-json\/wp\/v2\/product"}],"about":[{"href":"https:\/\/www.cultcaffe.at\/es\/wp-json\/wp\/v2\/types\/product"}],"wp:featuredmedia":[{"embeddable":true,"href":"https:\/\/www.cultcaffe.at\/es\/wp-json\/wp\/v2\/media\/14965"}],"wp:attachment":[{"href":"https:\/\/www.cultcaffe.at\/es\/wp-json\/wp\/v2\/media?parent=14030"}],"wp:term":[{"taxonomy":"product_brand","embeddable":true,"href":"https:\/\/www.cultcaffe.at\/es\/wp-json\/wp\/v2\/product_brand?post=14030"},{"taxonomy":"product_cat","embeddable":true,"href":"https:\/\/www.cultcaffe.at\/es\/wp-json\/wp\/v2\/product_cat?post=14030"},{"taxonomy":"product_tag","embeddable":true,"href":"https:\/\/www.cultcaffe.at\/es\/wp-json\/wp\/v2\/product_tag?post=14030"}],"curies":[{"name":"wp","href":"https:\/\/api.w.org\/{rel}","templated":true}]}}