{"id":13944,"date":"2024-03-06T19:59:59","date_gmt":"2024-03-06T18:59:59","guid":{"rendered":"https:\/\/www.cultcaffe.at\/?post_type=product&#038;p=13944"},"modified":"2026-01-21T15:42:31","modified_gmt":"2026-01-21T14:42:31","slug":"cafe-molido-clasico-con-bajo-contenido-de-cafeina","status":"publish","type":"product","link":"https:\/\/www.cultcaffe.at\/es\/produkt\/klassik-koffeinreduziert-gemahlen\/","title":{"rendered":"Cl\u00e1sico descafeinado (molido)"},"content":{"rendered":"<h3><strong>Cl\u00e1sico descafeinado (molido)<\/strong><\/h3>\n<p>Nuestro <strong>caf\u00e9 bajo en cafe\u00edna<\/strong> Se produce mediante un proceso de tostado cuidadoso y suave para preservar todo el aroma de los granos. Ideal para los amantes del caf\u00e9 que desean disfrutar del sabor del caf\u00e9 cl\u00e1sico sin el toque de la cafe\u00edna.<\/p>\n<h3><strong>Caracter\u00edsticas del producto:<\/strong><\/h3>\n<ul>\n<li><strong>Aroma completo gracias a un cuidadoso proceso de tostado.<\/strong><\/li>\n<li><strong>Granos enteros con cafe\u00edna reducida<\/strong>, ideal para los amantes del caf\u00e9 con est\u00f3magos sensibles<\/li>\n<li>Protege tu est\u00f3mago con un <strong>preparaci\u00f3n suave<\/strong> sin p\u00e9rdida del gusto<\/li>\n<li><strong>Perfecto para los amantes del caf\u00e9 cl\u00e1sico:<\/strong> Este caf\u00e9 con menor cafe\u00edna es ideal para quienes aprecian el sabor tradicional del caf\u00e9.<\/li>\n<\/ul>\n<p>Descubra una nueva forma de disfrutar el caf\u00e9 \u2013 <strong>reducido en cafe\u00edna<\/strong> y a\u00fan as\u00ed lleno de sabor. Ideal para quienes buscan una opci\u00f3n con cafe\u00edna m\u00e1s suave sin sacrificar el disfrute total de un buen caf\u00e9.<\/p>","protected":false},"excerpt":{"rendered":"<ul>\n<li class=\"bullet-checkmark\">Mezcla: 100% Ar\u00e1bica<\/li>\n<li class=\"bullet-checkmark\">Fuerza: 2<\/li>\n<li class=\"bullet-checkmark\">Ideal para amantes del caf\u00e9 con est\u00f3magos sensibles.<\/li>\n<li class=\"bullet-checkmark\">Disfrute cl\u00e1sico sin un consumo excesivo de cafe\u00edna.<\/li>\n<\/ul>","protected":false},"featured_media":15016,"template":"","meta":{"inline_featured_image":false},"product_brand":[],"product_cat":[199,200],"product_tag":[61,91,59,90],"class_list":{"0":"post-13944","1":"product","2":"type-product","3":"status-publish","4":"has-post-thumbnail","6":"product_cat-kaffee","7":"product_cat-kaffee-gemahlen","8":"product_tag-cultcaffe","9":"product_tag-filter","10":"product_tag-kaffee","11":"product_tag-koffeinfrei","13":"first","14":"instock","15":"taxable","16":"shipping-taxable","17":"purchasable","18":"product-type-variable"},"yoast_head":"<!-- This site is optimized with the Yoast SEO plugin v27.3 - https:\/\/yoast.com\/product\/yoast-seo-wordpress\/ -->\n<title>Klassik koffeinreduziert (gemahlen) - CultCaff\u00e9 - die Bio Kaffee R\u00f6sterei<\/title>\n<meta name=\"robots\" content=\"index, follow, max-snippet:-1, max-image-preview:large, max-video-preview:-1\" \/>\n<link rel=\"canonical\" href=\"https:\/\/www.cultcaffe.at\/es\/producto\/cafe-molido-clasico-con-bajo-contenido-de-cafeina\/\" \/>\n<meta property=\"og:locale\" content=\"es_ES\" \/>\n<meta property=\"og:type\" content=\"article\" \/>\n<meta property=\"og:title\" content=\"Klassik koffeinreduziert (gemahlen) - CultCaff\u00e9 - die Bio Kaffee R\u00f6sterei\" \/>\n<meta property=\"og:description\" content=\"Mischung: 100% Arabica  St\u00e4rke: 2  Ideal f\u00fcr Kaffeeliebhaber mit empfindlichem Magen  Klassischer Genuss ohne \u00fcberm\u00e4\u00dfige Koffeinzufuhr\" \/>\n<meta property=\"og:url\" content=\"https:\/\/www.cultcaffe.at\/es\/producto\/cafe-molido-clasico-con-bajo-contenido-de-cafeina\/\" \/>\n<meta property=\"og:site_name\" content=\"CultCaff\u00e9 - die Bio Kaffee R\u00f6sterei\" \/>\n<meta property=\"article:publisher\" content=\"https:\/\/www.facebook.com\/p\/Cult-Caff%c3%a8-die-R%c3%b6sterei-100039719724703\/?locale=de_DE\" \/>\n<meta property=\"article:modified_time\" content=\"2026-01-21T14:42:31+00:00\" \/>\n<meta property=\"og:image\" content=\"https:\/\/www.cultcaffe.at\/wp-content\/uploads\/2024\/03\/CultCaffe\u00a9nimozimmerhackl_MGL8933_a-scaled.jpg\" \/>\n\t<meta property=\"og:image:width\" content=\"1707\" \/>\n\t<meta property=\"og:image:height\" content=\"2560\" \/>\n\t<meta property=\"og:image:type\" content=\"image\/jpeg\" \/>\n<meta name=\"twitter:card\" content=\"summary_large_image\" \/>\n<meta name=\"twitter:label1\" content=\"Disponibilidad\" \/>\n\t<meta name=\"twitter:data1\" content=\"Disponible\" \/>\n<script type=\"application\/ld+json\" class=\"yoast-schema-graph\">{\"@context\":\"https:\\\/\\\/schema.org\",\"@graph\":[{\"@type\":\"WebPage\",\"@id\":\"https:\\\/\\\/www.cultcaffe.at\\\/produkt\\\/klassik-koffeinreduziert-gemahlen\\\/\",\"url\":\"https:\\\/\\\/www.cultcaffe.at\\\/produkt\\\/klassik-koffeinreduziert-gemahlen\\\/\",\"name\":\"Klassik koffeinreduziert (gemahlen) - CultCaff\u00e9 - die Bio Kaffee R\u00f6sterei\",\"isPartOf\":{\"@id\":\"https:\\\/\\\/www.cultcaffe.at\\\/#website\"},\"primaryImageOfPage\":{\"@id\":\"https:\\\/\\\/www.cultcaffe.at\\\/produkt\\\/klassik-koffeinreduziert-gemahlen\\\/#primaryimage\"},\"image\":{\"@id\":\"https:\\\/\\\/www.cultcaffe.at\\\/produkt\\\/klassik-koffeinreduziert-gemahlen\\\/#primaryimage\"},\"thumbnailUrl\":\"https:\\\/\\\/www.cultcaffe.at\\\/wp-content\\\/uploads\\\/2024\\\/03\\\/CultCaffe\u00a9nimozimmerhackl_MGL8933_a-scaled.jpg\",\"datePublished\":\"2024-03-06T18:59:59+00:00\",\"dateModified\":\"2026-01-21T14:42:31+00:00\",\"breadcrumb\":{\"@id\":\"https:\\\/\\\/www.cultcaffe.at\\\/produkt\\\/klassik-koffeinreduziert-gemahlen\\\/#breadcrumb\"},\"inLanguage\":\"es\",\"potentialAction\":[{\"@type\":\"ReadAction\",\"target\":[\"https:\\\/\\\/www.cultcaffe.at\\\/produkt\\\/klassik-koffeinreduziert-gemahlen\\\/\"]}]},{\"@type\":\"ImageObject\",\"inLanguage\":\"es\",\"@id\":\"https:\\\/\\\/www.cultcaffe.at\\\/produkt\\\/klassik-koffeinreduziert-gemahlen\\\/#primaryimage\",\"url\":\"https:\\\/\\\/www.cultcaffe.at\\\/wp-content\\\/uploads\\\/2024\\\/03\\\/CultCaffe\u00a9nimozimmerhackl_MGL8933_a-scaled.jpg\",\"contentUrl\":\"https:\\\/\\\/www.cultcaffe.at\\\/wp-content\\\/uploads\\\/2024\\\/03\\\/CultCaffe\u00a9nimozimmerhackl_MGL8933_a-scaled.jpg\",\"width\":1707,\"height\":2560},{\"@type\":\"BreadcrumbList\",\"@id\":\"https:\\\/\\\/www.cultcaffe.at\\\/produkt\\\/klassik-koffeinreduziert-gemahlen\\\/#breadcrumb\",\"itemListElement\":[{\"@type\":\"ListItem\",\"position\":1,\"name\":\"Startseite\",\"item\":\"https:\\\/\\\/www.cultcaffe.at\\\/\"},{\"@type\":\"ListItem\",\"position\":2,\"name\":\"Produkte\",\"item\":\"https:\\\/\\\/www.cultcaffe.at\\\/shop\\\/\"},{\"@type\":\"ListItem\",\"position\":3,\"name\":\"Klassik koffeinreduziert (gemahlen)\"}]},{\"@type\":\"WebSite\",\"@id\":\"https:\\\/\\\/www.cultcaffe.at\\\/#website\",\"url\":\"https:\\\/\\\/www.cultcaffe.at\\\/\",\"name\":\"CultCaff\u00e9 - die Bio Kaffee R\u00f6sterei\",\"description\":\"Liebe zum Kaffee\",\"publisher\":{\"@id\":\"https:\\\/\\\/www.cultcaffe.at\\\/#organization\"},\"potentialAction\":[{\"@type\":\"SearchAction\",\"target\":{\"@type\":\"EntryPoint\",\"urlTemplate\":\"https:\\\/\\\/www.cultcaffe.at\\\/?s={search_term_string}\"},\"query-input\":{\"@type\":\"PropertyValueSpecification\",\"valueRequired\":true,\"valueName\":\"search_term_string\"}}],\"inLanguage\":\"es\"},{\"@type\":[\"Organization\",\"Place\"],\"@id\":\"https:\\\/\\\/www.cultcaffe.at\\\/#organization\",\"name\":\"CultCaff\u00e9 Kaffeer\u00f6sterei GmbH\",\"alternateName\":\"CultCaff\u00e9\",\"url\":\"https:\\\/\\\/www.cultcaffe.at\\\/\",\"logo\":{\"@id\":\"https:\\\/\\\/www.cultcaffe.at\\\/produkt\\\/klassik-koffeinreduziert-gemahlen\\\/#local-main-organization-logo\"},\"image\":{\"@id\":\"https:\\\/\\\/www.cultcaffe.at\\\/produkt\\\/klassik-koffeinreduziert-gemahlen\\\/#local-main-organization-logo\"},\"sameAs\":[\"https:\\\/\\\/www.facebook.com\\\/p\\\/Cult-Caff\u00e8-die-R\u00f6sterei-100039719724703\\\/?locale=de_DE\",\"https:\\\/\\\/www.instagram.com\\\/cultcaffe.at\\\/\"],\"hasMerchantReturnPolicy\":{\"@type\":\"MerchantReturnPolicy\",\"merchantReturnLink\":\"https:\\\/\\\/www.cultcaffe.at\\\/es\\\/agbs\\\/\"},\"telephone\":[],\"openingHoursSpecification\":[{\"@type\":\"OpeningHoursSpecification\",\"dayOfWeek\":[\"Monday\",\"Tuesday\",\"Wednesday\",\"Thursday\",\"Friday\",\"Saturday\",\"Sunday\"],\"opens\":\"09:00\",\"closes\":\"17:00\"}]},{\"@type\":\"ImageObject\",\"inLanguage\":\"es\",\"@id\":\"https:\\\/\\\/www.cultcaffe.at\\\/produkt\\\/klassik-koffeinreduziert-gemahlen\\\/#local-main-organization-logo\",\"url\":\"https:\\\/\\\/www.cultcaffe.at\\\/wp-content\\\/uploads\\\/2023\\\/11\\\/cultcaffe_logo_regular_dark-1.svg\",\"contentUrl\":\"https:\\\/\\\/www.cultcaffe.at\\\/wp-content\\\/uploads\\\/2023\\\/11\\\/cultcaffe_logo_regular_dark-1.svg\",\"width\":756,\"height\":474,\"caption\":\"CultCaff\u00e9 Kaffeer\u00f6sterei GmbH\"}]}<\/script>\n<meta property=\"og:availability\" content=\"instock\" \/>\n<meta property=\"product:availability\" content=\"instock\" \/>\n<meta property=\"product:condition\" content=\"new\" \/>\n<!-- \/ Yoast SEO plugin. -->","yoast_head_json":{"title":"Caf\u00e9 molido cl\u00e1sico con bajo contenido de cafe\u00edna - CultCaff\u00e9 - la tostadora de caf\u00e9 org\u00e1nico","robots":{"index":"index","follow":"follow","max-snippet":"max-snippet:-1","max-image-preview":"max-image-preview:large","max-video-preview":"max-video-preview:-1"},"canonical":"https:\/\/www.cultcaffe.at\/es\/producto\/cafe-molido-clasico-con-bajo-contenido-de-cafeina\/","og_locale":"es_ES","og_type":"article","og_title":"Klassik koffeinreduziert (gemahlen) - CultCaff\u00e9 - die Bio Kaffee R\u00f6sterei","og_description":"Mischung: 100% Arabica  St\u00e4rke: 2  Ideal f\u00fcr Kaffeeliebhaber mit empfindlichem Magen  Klassischer Genuss ohne \u00fcberm\u00e4\u00dfige Koffeinzufuhr","og_url":"https:\/\/www.cultcaffe.at\/es\/producto\/cafe-molido-clasico-con-bajo-contenido-de-cafeina\/","og_site_name":"CultCaff\u00e9 - die Bio Kaffee R\u00f6sterei","article_publisher":"https:\/\/www.facebook.com\/p\/Cult-Caff%c3%a8-die-R%c3%b6sterei-100039719724703\/?locale=de_DE","article_modified_time":"2026-01-21T14:42:31+00:00","og_image":[{"width":1707,"height":2560,"url":"https:\/\/www.cultcaffe.at\/wp-content\/uploads\/2024\/03\/CultCaffe\u00a9nimozimmerhackl_MGL8933_a-scaled.jpg","type":"image\/jpeg"}],"twitter_card":"summary_large_image","twitter_misc":{"Disponibilidad":"Disponible"},"schema":{"@context":"https:\/\/schema.org","@graph":[{"@type":"WebPage","@id":"https:\/\/www.cultcaffe.at\/produkt\/klassik-koffeinreduziert-gemahlen\/","url":"https:\/\/www.cultcaffe.at\/produkt\/klassik-koffeinreduziert-gemahlen\/","name":"Caf\u00e9 molido cl\u00e1sico con bajo contenido de cafe\u00edna - CultCaff\u00e9 - la tostadora de caf\u00e9 org\u00e1nico","isPartOf":{"@id":"https:\/\/www.cultcaffe.at\/#website"},"primaryImageOfPage":{"@id":"https:\/\/www.cultcaffe.at\/produkt\/klassik-koffeinreduziert-gemahlen\/#primaryimage"},"image":{"@id":"https:\/\/www.cultcaffe.at\/produkt\/klassik-koffeinreduziert-gemahlen\/#primaryimage"},"thumbnailUrl":"https:\/\/www.cultcaffe.at\/wp-content\/uploads\/2024\/03\/CultCaffe\u00a9nimozimmerhackl_MGL8933_a-scaled.jpg","datePublished":"2024-03-06T18:59:59+00:00","dateModified":"2026-01-21T14:42:31+00:00","breadcrumb":{"@id":"https:\/\/www.cultcaffe.at\/produkt\/klassik-koffeinreduziert-gemahlen\/#breadcrumb"},"inLanguage":"es","potentialAction":[{"@type":"ReadAction","target":["https:\/\/www.cultcaffe.at\/produkt\/klassik-koffeinreduziert-gemahlen\/"]}]},{"@type":"ImageObject","inLanguage":"es","@id":"https:\/\/www.cultcaffe.at\/produkt\/klassik-koffeinreduziert-gemahlen\/#primaryimage","url":"https:\/\/www.cultcaffe.at\/wp-content\/uploads\/2024\/03\/CultCaffe\u00a9nimozimmerhackl_MGL8933_a-scaled.jpg","contentUrl":"https:\/\/www.cultcaffe.at\/wp-content\/uploads\/2024\/03\/CultCaffe\u00a9nimozimmerhackl_MGL8933_a-scaled.jpg","width":1707,"height":2560},{"@type":"BreadcrumbList","@id":"https:\/\/www.cultcaffe.at\/produkt\/klassik-koffeinreduziert-gemahlen\/#breadcrumb","itemListElement":[{"@type":"ListItem","position":1,"name":"Startseite","item":"https:\/\/www.cultcaffe.at\/"},{"@type":"ListItem","position":2,"name":"Produkte","item":"https:\/\/www.cultcaffe.at\/shop\/"},{"@type":"ListItem","position":3,"name":"Klassik koffeinreduziert (gemahlen)"}]},{"@type":"WebSite","@id":"https:\/\/www.cultcaffe.at\/#website","url":"https:\/\/www.cultcaffe.at\/","name":"CultCaff\u00e9 - la tostadur\u00eda de caf\u00e9 org\u00e1nico","description":"Amor por el caf\u00e9","publisher":{"@id":"https:\/\/www.cultcaffe.at\/#organization"},"potentialAction":[{"@type":"SearchAction","target":{"@type":"EntryPoint","urlTemplate":"https:\/\/www.cultcaffe.at\/?s={search_term_string}"},"query-input":{"@type":"PropertyValueSpecification","valueRequired":true,"valueName":"search_term_string"}}],"inLanguage":"es"},{"@type":["Organization","Place"],"@id":"https:\/\/www.cultcaffe.at\/#organization","name":"Tostadur\u00eda de caf\u00e9 CultCaff\u00e9 GmbH","alternateName":"CultCaff\u00e9","url":"https:\/\/www.cultcaffe.at\/","logo":{"@id":"https:\/\/www.cultcaffe.at\/produkt\/klassik-koffeinreduziert-gemahlen\/#local-main-organization-logo"},"image":{"@id":"https:\/\/www.cultcaffe.at\/produkt\/klassik-koffeinreduziert-gemahlen\/#local-main-organization-logo"},"sameAs":["https:\/\/www.facebook.com\/p\/Cult-Caff\u00e8-die-R\u00f6sterei-100039719724703\/?locale=de_DE","https:\/\/www.instagram.com\/cultcaffe.at\/"],"hasMerchantReturnPolicy":{"@type":"MerchantReturnPolicy","merchantReturnLink":"https:\/\/www.cultcaffe.at\/es\/agbs\/"},"telephone":[],"openingHoursSpecification":[{"@type":"OpeningHoursSpecification","dayOfWeek":["Monday","Tuesday","Wednesday","Thursday","Friday","Saturday","Sunday"],"opens":"09:00","closes":"17:00"}]},{"@type":"ImageObject","inLanguage":"es","@id":"https:\/\/www.cultcaffe.at\/produkt\/klassik-koffeinreduziert-gemahlen\/#local-main-organization-logo","url":"https:\/\/www.cultcaffe.at\/wp-content\/uploads\/2023\/11\/cultcaffe_logo_regular_dark-1.svg","contentUrl":"https:\/\/www.cultcaffe.at\/wp-content\/uploads\/2023\/11\/cultcaffe_logo_regular_dark-1.svg","width":756,"height":474,"caption":"CultCaff\u00e9 Kaffeer\u00f6sterei GmbH"}]},"og_availability":"instock","product_availability":"instock","product_condition":"new"},"_links":{"self":[{"href":"https:\/\/www.cultcaffe.at\/es\/wp-json\/wp\/v2\/product\/13944","targetHints":{"allow":["GET"]}}],"collection":[{"href":"https:\/\/www.cultcaffe.at\/es\/wp-json\/wp\/v2\/product"}],"about":[{"href":"https:\/\/www.cultcaffe.at\/es\/wp-json\/wp\/v2\/types\/product"}],"wp:featuredmedia":[{"embeddable":true,"href":"https:\/\/www.cultcaffe.at\/es\/wp-json\/wp\/v2\/media\/15016"}],"wp:attachment":[{"href":"https:\/\/www.cultcaffe.at\/es\/wp-json\/wp\/v2\/media?parent=13944"}],"wp:term":[{"taxonomy":"product_brand","embeddable":true,"href":"https:\/\/www.cultcaffe.at\/es\/wp-json\/wp\/v2\/product_brand?post=13944"},{"taxonomy":"product_cat","embeddable":true,"href":"https:\/\/www.cultcaffe.at\/es\/wp-json\/wp\/v2\/product_cat?post=13944"},{"taxonomy":"product_tag","embeddable":true,"href":"https:\/\/www.cultcaffe.at\/es\/wp-json\/wp\/v2\/product_tag?post=13944"}],"curies":[{"name":"wp","href":"https:\/\/api.w.org\/{rel}","templated":true}]}}