{"id":13877,"date":"2024-03-06T19:59:33","date_gmt":"2024-03-06T18:59:33","guid":{"rendered":"https:\/\/www.cultcaffe.at\/?post_type=product&#038;p=13877"},"modified":"2026-01-21T15:17:22","modified_gmt":"2026-01-21T14:17:22","slug":"arcoiris-de-cafe-organico","status":"publish","type":"product","link":"https:\/\/www.cultcaffe.at\/es\/produkt\/bio-kaffee-rainbow\/","title":{"rendered":"CAF\u00c9 BIO Arco iris"},"content":{"rendered":"<h3><strong>CAF\u00c9 BIO Arco iris<\/strong><\/h3>\n<p>Mezcla de caf\u00e9s verdes de alta calidad de cultivo org\u00e1nico controlado en Guatemala y de peque\u00f1as plantaciones en la India.<br \/>\nTodos los caf\u00e9s verdes proceden de cultivos org\u00e1nicos y controlados. La pulpa de las cerezas del caf\u00e9 se composta y se devuelve a las plantas como fertilizante. Adem\u00e1s de mejores precios, los socios de la cooperativa reciben asesor\u00eda y capacitaci\u00f3n gratuita, pr\u00e9stamos a bajo inter\u00e9s y acceso a becas para la educaci\u00f3n de sus hijos.<\/p>\n<p>M\u00e9xico<br \/>\nRegi\u00f3n: Motozintla \u2013 Chiapas<br \/>\nAltura de montaje 1000 \u2013 1500<br \/>\nCosecha: recogida a mano, procesamiento h\u00famedo, secado al sol.<br \/>\nVariedad: Sarchimore, Caturra, Bourbon, Oro Azteca<br \/>\nVariedad: Ar\u00e1bicas<\/p>\n<p>Guatemala<br \/>\nRegi\u00f3n: La Uni\u00f3n, Cooperativa Integral Agr\u00edcola<br \/>\nAltitud de cultivo 1200 \u2013 1800 m<br \/>\nCosecha: recogida a mano, procesamiento h\u00famedo, secado al sol.<br \/>\nVariedad: Catuai, Catimores, Pacamara, Sarchimor, Marcellesa<br \/>\nVariedades: Ar\u00e1bicas<\/p>\n<h3><strong>Sabor \u00fanico<\/strong><\/h3>\n<p>Disfruta de un caf\u00e9 sostenible con nuestro <strong>caf\u00e9 org\u00e1nico certificado<\/strong>. Los \u00e1rboles de sombra producen un caf\u00e9 de maduraci\u00f3n lenta con un aroma \u00fanico, una plenitud elegante y una baja acidez que es una delicia.<\/p>\n<h3><strong>Regalo perfecto<\/strong><\/h3>\n<p>El <strong>dise\u00f1o de embalaje \u00fanico<\/strong> hace que nuestro CAF\u00c9 ORG\u00c1NICO Arcoiris tambi\u00e9n sea un <strong>regalo perfecto<\/strong> Para todos los amantes del caf\u00e9. Sorprenda a sus seres queridos con este regalo especial.<\/p>","protected":false},"excerpt":{"rendered":"<ul>\n<li class=\"bullet-checkmark\">Caf\u00e9 con certificaci\u00f3n org\u00e1nica para un disfrute sostenible<\/li>\n<li class=\"bullet-checkmark\">Un caf\u00e9 org\u00e1nico excelente, floral, con sabor a nuez y suave.<\/li>\n<li class=\"bullet-checkmark\">Tiempo de asado: 15 \u2013 18 minutos<\/li>\n<\/ul>","protected":false},"featured_media":14964,"template":"","meta":{"inline_featured_image":false},"product_brand":[],"product_cat":[199,215],"product_tag":[61,60,59,62],"class_list":{"0":"post-13877","1":"product","2":"type-product","3":"status-publish","4":"has-post-thumbnail","6":"product_cat-kaffee","7":"product_cat-biokaffee","8":"product_tag-cultcaffe","9":"product_tag-espresso","10":"product_tag-kaffee","11":"product_tag-kaffeegenuss","13":"first","14":"instock","15":"taxable","16":"shipping-taxable","17":"purchasable","18":"product-type-variable","19":"has-default-attributes"},"yoast_head":"<!-- This site is optimized with the Yoast SEO plugin v27.5 - https:\/\/yoast.com\/product\/yoast-seo-wordpress\/ -->\n<title>BIO KAFFEE Rainbow - CultCaff\u00e9 - die Bio Kaffee R\u00f6sterei<\/title>\n<meta name=\"description\" content=\"Bio-zertifizierter Kaffee f\u00fcr nachhaltigen Genuss | Mischung: 100% Arabica | St\u00e4rke: 3 | Ein blumiger, nussiger, milder, exzellenter Bio-Kaffee\" \/>\n<meta name=\"robots\" content=\"index, follow, max-snippet:-1, max-image-preview:large, max-video-preview:-1\" \/>\n<link rel=\"canonical\" href=\"https:\/\/www.cultcaffe.at\/es\/producto\/arcoiris-de-cafe-organico\/\" \/>\n<meta property=\"og:locale\" content=\"es_ES\" \/>\n<meta property=\"og:type\" content=\"article\" \/>\n<meta property=\"og:title\" content=\"BIO KAFFEE Rainbow - CultCaff\u00e9 - die Bio Kaffee R\u00f6sterei\" \/>\n<meta property=\"og:description\" content=\"Bio-zertifizierter Kaffee f\u00fcr nachhaltigen Genuss | Mischung: 100% Arabica | St\u00e4rke: 3 | Ein blumiger, nussiger, milder, exzellenter Bio-Kaffee\" \/>\n<meta property=\"og:url\" content=\"https:\/\/www.cultcaffe.at\/es\/producto\/arcoiris-de-cafe-organico\/\" \/>\n<meta property=\"og:site_name\" content=\"CultCaff\u00e9 - die Bio Kaffee R\u00f6sterei\" \/>\n<meta property=\"article:publisher\" content=\"https:\/\/www.facebook.com\/p\/Cult-Caff%c3%a8-die-R%c3%b6sterei-100039719724703\/?locale=de_DE\" \/>\n<meta property=\"article:modified_time\" content=\"2026-01-21T14:17:22+00:00\" \/>\n<meta property=\"og:image\" content=\"https:\/\/www.cultcaffe.at\/wp-content\/uploads\/2024\/04\/Cult-Caffe_Kaffee-Bohnen_Rainbo-Bio.jpg\" \/>\n\t<meta property=\"og:image:width\" content=\"2000\" \/>\n\t<meta property=\"og:image:height\" content=\"2000\" \/>\n\t<meta property=\"og:image:type\" content=\"image\/jpeg\" \/>\n<meta name=\"twitter:card\" content=\"summary_large_image\" \/>\n<meta name=\"twitter:label1\" content=\"Disponibilidad\" \/>\n\t<meta name=\"twitter:data1\" content=\"Disponible\" \/>\n<script type=\"application\/ld+json\" class=\"yoast-schema-graph\">{\"@context\":\"https:\\\/\\\/schema.org\",\"@graph\":[{\"@type\":\"WebPage\",\"@id\":\"https:\\\/\\\/www.cultcaffe.at\\\/produkt\\\/bio-kaffee-rainbow\\\/\",\"url\":\"https:\\\/\\\/www.cultcaffe.at\\\/produkt\\\/bio-kaffee-rainbow\\\/\",\"name\":\"BIO KAFFEE Rainbow - CultCaff\u00e9 - die Bio Kaffee R\u00f6sterei\",\"isPartOf\":{\"@id\":\"https:\\\/\\\/www.cultcaffe.at\\\/#website\"},\"primaryImageOfPage\":{\"@id\":\"https:\\\/\\\/www.cultcaffe.at\\\/produkt\\\/bio-kaffee-rainbow\\\/#primaryimage\"},\"image\":{\"@id\":\"https:\\\/\\\/www.cultcaffe.at\\\/produkt\\\/bio-kaffee-rainbow\\\/#primaryimage\"},\"thumbnailUrl\":\"https:\\\/\\\/www.cultcaffe.at\\\/wp-content\\\/uploads\\\/2024\\\/04\\\/Cult-Caffe_Kaffee-Bohnen_Rainbo-Bio.jpg\",\"datePublished\":\"2024-03-06T18:59:33+00:00\",\"dateModified\":\"2026-01-21T14:17:22+00:00\",\"description\":\"Bio-zertifizierter Kaffee f\u00fcr nachhaltigen Genuss | Mischung: 100% Arabica | St\u00e4rke: 3 | Ein blumiger, nussiger, milder, exzellenter Bio-Kaffee\",\"breadcrumb\":{\"@id\":\"https:\\\/\\\/www.cultcaffe.at\\\/produkt\\\/bio-kaffee-rainbow\\\/#breadcrumb\"},\"inLanguage\":\"es\",\"potentialAction\":[{\"@type\":\"ReadAction\",\"target\":[\"https:\\\/\\\/www.cultcaffe.at\\\/produkt\\\/bio-kaffee-rainbow\\\/\"]}]},{\"@type\":\"ImageObject\",\"inLanguage\":\"es\",\"@id\":\"https:\\\/\\\/www.cultcaffe.at\\\/produkt\\\/bio-kaffee-rainbow\\\/#primaryimage\",\"url\":\"https:\\\/\\\/www.cultcaffe.at\\\/wp-content\\\/uploads\\\/2024\\\/04\\\/Cult-Caffe_Kaffee-Bohnen_Rainbo-Bio.jpg\",\"contentUrl\":\"https:\\\/\\\/www.cultcaffe.at\\\/wp-content\\\/uploads\\\/2024\\\/04\\\/Cult-Caffe_Kaffee-Bohnen_Rainbo-Bio.jpg\",\"width\":2000,\"height\":2000},{\"@type\":\"BreadcrumbList\",\"@id\":\"https:\\\/\\\/www.cultcaffe.at\\\/produkt\\\/bio-kaffee-rainbow\\\/#breadcrumb\",\"itemListElement\":[{\"@type\":\"ListItem\",\"position\":1,\"name\":\"Startseite\",\"item\":\"https:\\\/\\\/www.cultcaffe.at\\\/\"},{\"@type\":\"ListItem\",\"position\":2,\"name\":\"Produkte\",\"item\":\"https:\\\/\\\/www.cultcaffe.at\\\/shop\\\/\"},{\"@type\":\"ListItem\",\"position\":3,\"name\":\"BIO KAFFEE Rainbow\"}]},{\"@type\":\"WebSite\",\"@id\":\"https:\\\/\\\/www.cultcaffe.at\\\/#website\",\"url\":\"https:\\\/\\\/www.cultcaffe.at\\\/\",\"name\":\"CultCaff\u00e9 - die Bio Kaffee R\u00f6sterei\",\"description\":\"Liebe zum Kaffee\",\"publisher\":{\"@id\":\"https:\\\/\\\/www.cultcaffe.at\\\/#organization\"},\"potentialAction\":[{\"@type\":\"SearchAction\",\"target\":{\"@type\":\"EntryPoint\",\"urlTemplate\":\"https:\\\/\\\/www.cultcaffe.at\\\/?s={search_term_string}\"},\"query-input\":{\"@type\":\"PropertyValueSpecification\",\"valueRequired\":true,\"valueName\":\"search_term_string\"}}],\"inLanguage\":\"es\"},{\"@type\":[\"Organization\",\"Place\"],\"@id\":\"https:\\\/\\\/www.cultcaffe.at\\\/#organization\",\"name\":\"CultCaff\u00e9 Kaffeer\u00f6sterei GmbH\",\"alternateName\":\"CultCaff\u00e9\",\"url\":\"https:\\\/\\\/www.cultcaffe.at\\\/\",\"logo\":{\"@id\":\"https:\\\/\\\/www.cultcaffe.at\\\/produkt\\\/bio-kaffee-rainbow\\\/#local-main-organization-logo\"},\"image\":{\"@id\":\"https:\\\/\\\/www.cultcaffe.at\\\/produkt\\\/bio-kaffee-rainbow\\\/#local-main-organization-logo\"},\"sameAs\":[\"https:\\\/\\\/www.facebook.com\\\/p\\\/Cult-Caff\u00e8-die-R\u00f6sterei-100039719724703\\\/?locale=de_DE\",\"https:\\\/\\\/www.instagram.com\\\/cultcaffe.at\\\/\"],\"hasMerchantReturnPolicy\":{\"@type\":\"MerchantReturnPolicy\",\"merchantReturnLink\":\"https:\\\/\\\/www.cultcaffe.at\\\/es\\\/agbs\\\/\"},\"telephone\":[],\"openingHoursSpecification\":[{\"@type\":\"OpeningHoursSpecification\",\"dayOfWeek\":[\"Monday\",\"Tuesday\",\"Wednesday\",\"Thursday\",\"Friday\",\"Saturday\",\"Sunday\"],\"opens\":\"09:00\",\"closes\":\"17:00\"}]},{\"@type\":\"ImageObject\",\"inLanguage\":\"es\",\"@id\":\"https:\\\/\\\/www.cultcaffe.at\\\/produkt\\\/bio-kaffee-rainbow\\\/#local-main-organization-logo\",\"url\":\"https:\\\/\\\/www.cultcaffe.at\\\/wp-content\\\/uploads\\\/2023\\\/11\\\/cultcaffe_logo_regular_dark-1.svg\",\"contentUrl\":\"https:\\\/\\\/www.cultcaffe.at\\\/wp-content\\\/uploads\\\/2023\\\/11\\\/cultcaffe_logo_regular_dark-1.svg\",\"width\":756,\"height\":474,\"caption\":\"CultCaff\u00e9 Kaffeer\u00f6sterei GmbH\"}]}<\/script>\n<meta property=\"og:availability\" content=\"instock\" \/>\n<meta property=\"product:availability\" content=\"instock\" \/>\n<meta property=\"product:condition\" content=\"new\" \/>\n<!-- \/ Yoast SEO plugin. -->","yoast_head_json":{"title":"Arco\u00edris de Caf\u00e9 Org\u00e1nico - CultCaff\u00e9 - la tostadora de caf\u00e9 org\u00e1nico","description":"Caf\u00e9 org\u00e1nico certificado para un disfrute sostenible | Mezcla: 100% Ar\u00e1bica | Intensidad: 3 | Un caf\u00e9 org\u00e1nico excelente, floral, con notas de nuez y suave","robots":{"index":"index","follow":"follow","max-snippet":"max-snippet:-1","max-image-preview":"max-image-preview:large","max-video-preview":"max-video-preview:-1"},"canonical":"https:\/\/www.cultcaffe.at\/es\/producto\/arcoiris-de-cafe-organico\/","og_locale":"es_ES","og_type":"article","og_title":"BIO KAFFEE Rainbow - CultCaff\u00e9 - die Bio Kaffee R\u00f6sterei","og_description":"Bio-zertifizierter Kaffee f\u00fcr nachhaltigen Genuss | Mischung: 100% Arabica | St\u00e4rke: 3 | Ein blumiger, nussiger, milder, exzellenter Bio-Kaffee","og_url":"https:\/\/www.cultcaffe.at\/es\/producto\/arcoiris-de-cafe-organico\/","og_site_name":"CultCaff\u00e9 - die Bio Kaffee R\u00f6sterei","article_publisher":"https:\/\/www.facebook.com\/p\/Cult-Caff%c3%a8-die-R%c3%b6sterei-100039719724703\/?locale=de_DE","article_modified_time":"2026-01-21T14:17:22+00:00","og_image":[{"width":2000,"height":2000,"url":"https:\/\/www.cultcaffe.at\/wp-content\/uploads\/2024\/04\/Cult-Caffe_Kaffee-Bohnen_Rainbo-Bio.jpg","type":"image\/jpeg"}],"twitter_card":"summary_large_image","twitter_misc":{"Disponibilidad":"Disponible"},"schema":{"@context":"https:\/\/schema.org","@graph":[{"@type":"WebPage","@id":"https:\/\/www.cultcaffe.at\/produkt\/bio-kaffee-rainbow\/","url":"https:\/\/www.cultcaffe.at\/produkt\/bio-kaffee-rainbow\/","name":"Arco\u00edris de Caf\u00e9 Org\u00e1nico - CultCaff\u00e9 - la tostadora de caf\u00e9 org\u00e1nico","isPartOf":{"@id":"https:\/\/www.cultcaffe.at\/#website"},"primaryImageOfPage":{"@id":"https:\/\/www.cultcaffe.at\/produkt\/bio-kaffee-rainbow\/#primaryimage"},"image":{"@id":"https:\/\/www.cultcaffe.at\/produkt\/bio-kaffee-rainbow\/#primaryimage"},"thumbnailUrl":"https:\/\/www.cultcaffe.at\/wp-content\/uploads\/2024\/04\/Cult-Caffe_Kaffee-Bohnen_Rainbo-Bio.jpg","datePublished":"2024-03-06T18:59:33+00:00","dateModified":"2026-01-21T14:17:22+00:00","description":"Caf\u00e9 org\u00e1nico certificado para un disfrute sostenible | Mezcla: 100% Ar\u00e1bica | Intensidad: 3 | Un caf\u00e9 org\u00e1nico excelente, floral, con notas de nuez y suave","breadcrumb":{"@id":"https:\/\/www.cultcaffe.at\/produkt\/bio-kaffee-rainbow\/#breadcrumb"},"inLanguage":"es","potentialAction":[{"@type":"ReadAction","target":["https:\/\/www.cultcaffe.at\/produkt\/bio-kaffee-rainbow\/"]}]},{"@type":"ImageObject","inLanguage":"es","@id":"https:\/\/www.cultcaffe.at\/produkt\/bio-kaffee-rainbow\/#primaryimage","url":"https:\/\/www.cultcaffe.at\/wp-content\/uploads\/2024\/04\/Cult-Caffe_Kaffee-Bohnen_Rainbo-Bio.jpg","contentUrl":"https:\/\/www.cultcaffe.at\/wp-content\/uploads\/2024\/04\/Cult-Caffe_Kaffee-Bohnen_Rainbo-Bio.jpg","width":2000,"height":2000},{"@type":"BreadcrumbList","@id":"https:\/\/www.cultcaffe.at\/produkt\/bio-kaffee-rainbow\/#breadcrumb","itemListElement":[{"@type":"ListItem","position":1,"name":"Startseite","item":"https:\/\/www.cultcaffe.at\/"},{"@type":"ListItem","position":2,"name":"Produkte","item":"https:\/\/www.cultcaffe.at\/shop\/"},{"@type":"ListItem","position":3,"name":"BIO KAFFEE Rainbow"}]},{"@type":"WebSite","@id":"https:\/\/www.cultcaffe.at\/#website","url":"https:\/\/www.cultcaffe.at\/","name":"CultCaff\u00e9 - la tostadur\u00eda de caf\u00e9 org\u00e1nico","description":"Amor por el caf\u00e9","publisher":{"@id":"https:\/\/www.cultcaffe.at\/#organization"},"potentialAction":[{"@type":"SearchAction","target":{"@type":"EntryPoint","urlTemplate":"https:\/\/www.cultcaffe.at\/?s={search_term_string}"},"query-input":{"@type":"PropertyValueSpecification","valueRequired":true,"valueName":"search_term_string"}}],"inLanguage":"es"},{"@type":["Organization","Place"],"@id":"https:\/\/www.cultcaffe.at\/#organization","name":"Tostadur\u00eda de caf\u00e9 CultCaff\u00e9 GmbH","alternateName":"CultCaff\u00e9","url":"https:\/\/www.cultcaffe.at\/","logo":{"@id":"https:\/\/www.cultcaffe.at\/produkt\/bio-kaffee-rainbow\/#local-main-organization-logo"},"image":{"@id":"https:\/\/www.cultcaffe.at\/produkt\/bio-kaffee-rainbow\/#local-main-organization-logo"},"sameAs":["https:\/\/www.facebook.com\/p\/Cult-Caff\u00e8-die-R\u00f6sterei-100039719724703\/?locale=de_DE","https:\/\/www.instagram.com\/cultcaffe.at\/"],"hasMerchantReturnPolicy":{"@type":"MerchantReturnPolicy","merchantReturnLink":"https:\/\/www.cultcaffe.at\/es\/agbs\/"},"telephone":[],"openingHoursSpecification":[{"@type":"OpeningHoursSpecification","dayOfWeek":["Monday","Tuesday","Wednesday","Thursday","Friday","Saturday","Sunday"],"opens":"09:00","closes":"17:00"}]},{"@type":"ImageObject","inLanguage":"es","@id":"https:\/\/www.cultcaffe.at\/produkt\/bio-kaffee-rainbow\/#local-main-organization-logo","url":"https:\/\/www.cultcaffe.at\/wp-content\/uploads\/2023\/11\/cultcaffe_logo_regular_dark-1.svg","contentUrl":"https:\/\/www.cultcaffe.at\/wp-content\/uploads\/2023\/11\/cultcaffe_logo_regular_dark-1.svg","width":756,"height":474,"caption":"CultCaff\u00e9 Kaffeer\u00f6sterei GmbH"}]},"og_availability":"instock","product_availability":"instock","product_condition":"new"},"_links":{"self":[{"href":"https:\/\/www.cultcaffe.at\/es\/wp-json\/wp\/v2\/product\/13877","targetHints":{"allow":["GET"]}}],"collection":[{"href":"https:\/\/www.cultcaffe.at\/es\/wp-json\/wp\/v2\/product"}],"about":[{"href":"https:\/\/www.cultcaffe.at\/es\/wp-json\/wp\/v2\/types\/product"}],"wp:featuredmedia":[{"embeddable":true,"href":"https:\/\/www.cultcaffe.at\/es\/wp-json\/wp\/v2\/media\/14964"}],"wp:attachment":[{"href":"https:\/\/www.cultcaffe.at\/es\/wp-json\/wp\/v2\/media?parent=13877"}],"wp:term":[{"taxonomy":"product_brand","embeddable":true,"href":"https:\/\/www.cultcaffe.at\/es\/wp-json\/wp\/v2\/product_brand?post=13877"},{"taxonomy":"product_cat","embeddable":true,"href":"https:\/\/www.cultcaffe.at\/es\/wp-json\/wp\/v2\/product_cat?post=13877"},{"taxonomy":"product_tag","embeddable":true,"href":"https:\/\/www.cultcaffe.at\/es\/wp-json\/wp\/v2\/product_tag?post=13877"}],"curies":[{"name":"wp","href":"https:\/\/api.w.org\/{rel}","templated":true}]}}