{"id":13867,"date":"2023-12-06T10:36:50","date_gmt":"2023-12-06T09:36:50","guid":{"rendered":"https:\/\/www.cultcaffe.at\/?post_type=product&#038;p=13867"},"modified":"2025-12-16T14:03:09","modified_gmt":"2025-12-16T13:03:09","slug":"caja-de-regalo-blanca-250-g-de-cafe-a-eleccion-juego-de-tazas-de-espresso","status":"publish","type":"product","link":"https:\/\/www.cultcaffe.at\/es\/produkt\/geschenkbox-weiss-250g-kaffee-nach-wahl-espressotassenset\/","title":{"rendered":"Caja de regalo blanca + 250g de caf\u00e9 a elegir + set de tazas de espresso"},"content":{"rendered":"<h3><strong>Caja de regalo blanca + 250 g de caf\u00e9 a elecci\u00f3n + juego de tazas de espresso blancas<\/strong><\/h3>\n<p>Consiente a tus seres queridos esta Navidad con nuestra exclusiva caja de regalo blanca, que los hace especiales. <strong>Momentos de disfrute<\/strong> asegura.<br \/>\nLa caja contiene 250g <strong>Caf\u00e9 de tu elecci\u00f3n<\/strong>para adaptarse a los gustos individuales. Esto tambi\u00e9n incluye un elegante <strong>Juego de tazas de espresso (blancas)<\/strong> Para disfrutar del caf\u00e9 perfecto en casa.<\/p>\n<p>Este conjunto es el <strong>regalo de Navidad perfecto<\/strong> a pesar de <strong>amantes del caf\u00e9<\/strong>.<br \/>\nLa composici\u00f3n \u00fanica garantiza momentos inolvidables. <strong>Momentos de disfrute<\/strong> y hace que el coraz\u00f3n de cualquier conocedor del caf\u00e9 lata m\u00e1s r\u00e1pido.<\/p>","protected":false},"excerpt":{"rendered":"<ul>\n<li class=\"bullet-checkmark\">Caja de regalo de alta calidad en color blanco para momentos especiales de disfrute.<\/li>\n<li class=\"bullet-checkmark\">Incluye 250g de caf\u00e9 a tu elecci\u00f3n para tu gusto personal.<\/li>\n<li class=\"bullet-checkmark\">Juego de tazas de espresso para disfrutar de un caf\u00e9 con estilo en casa.<\/li>\n<li class=\"bullet-checkmark\">Regalo de Navidad perfecto para los amantes del caf\u00e9.<\/li>\n<li class=\"bullet-checkmark\">Combinaci\u00f3n \u00fanica para momentos inolvidables de disfrute.<\/li>\n<\/ul>","protected":false},"featured_media":13317,"template":"","meta":{"inline_featured_image":false},"product_brand":[],"product_cat":[211],"product_tag":[116,117,96,83,94,61,60,95,59,62,108,130,133],"class_list":{"0":"post-13867","1":"product","2":"type-product","3":"status-publish","4":"has-post-thumbnail","6":"product_cat-geschenkideen","7":"product_tag-amarillo","8":"product_tag-biokaffee","9":"product_tag-bohnen","10":"product_tag-cappuccino","11":"product_tag-cult-caffe","12":"product_tag-cultcaffe","13":"product_tag-espresso","14":"product_tag-geschenk","15":"product_tag-kaffee","16":"product_tag-kaffeegenuss","17":"product_tag-roastery","18":"product_tag-weihnachten","19":"product_tag-weihnachtsgeschenk","21":"first","22":"instock","23":"taxable","24":"shipping-taxable","25":"purchasable","26":"product-type-simple"},"yoast_head":"<!-- This site is optimized with the Yoast SEO plugin v27.4 - https:\/\/yoast.com\/product\/yoast-seo-wordpress\/ -->\n<title>Geschenkbox wei\u00df + 250g Kaffee nach Wahl + Espressotassenset - CultCaff\u00e9 - die Bio Kaffee R\u00f6sterei<\/title>\n<meta name=\"robots\" content=\"index, follow, max-snippet:-1, max-image-preview:large, max-video-preview:-1\" \/>\n<link rel=\"canonical\" href=\"https:\/\/www.cultcaffe.at\/es\/producto\/caja-de-regalo-blanca-250-g-de-cafe-a-eleccion-juego-de-tazas-de-espresso\/\" \/>\n<meta property=\"og:locale\" content=\"es_ES\" \/>\n<meta property=\"og:type\" content=\"article\" \/>\n<meta property=\"og:title\" content=\"Geschenkbox wei\u00df + 250g Kaffee nach Wahl + Espressotassenset - CultCaff\u00e9 - die Bio Kaffee R\u00f6sterei\" \/>\n<meta property=\"og:description\" content=\"Hochwertige Geschenkbox in Wei\u00df f\u00fcr besondere Genussmomente.  Inklusive 250g Kaffee nach Wahl f\u00fcr individuellen Geschmack.  Espressotassenset f\u00fcr stilvollen Kaffeegenuss zuhause.  Perfektes Weihnachtsgeschenk f\u00fcr Kaffeeliebhaber.  Einzigartige Zusammenstellung f\u00fcr unvergessliche Genussmomente.\" \/>\n<meta property=\"og:url\" content=\"https:\/\/www.cultcaffe.at\/es\/producto\/caja-de-regalo-blanca-250-g-de-cafe-a-eleccion-juego-de-tazas-de-espresso\/\" \/>\n<meta property=\"og:site_name\" content=\"CultCaff\u00e9 - die Bio Kaffee R\u00f6sterei\" \/>\n<meta property=\"article:publisher\" content=\"https:\/\/www.facebook.com\/p\/Cult-Caff%c3%a8-die-R%c3%b6sterei-100039719724703\/?locale=de_DE\" \/>\n<meta property=\"article:modified_time\" content=\"2025-12-16T13:03:09+00:00\" \/>\n<meta property=\"og:image\" content=\"https:\/\/www.cultcaffe.at\/wp-content\/uploads\/2024\/02\/20231201_1106081-1-scaled-1.jpg\" \/>\n\t<meta property=\"og:image:width\" content=\"1920\" \/>\n\t<meta property=\"og:image:height\" content=\"2560\" \/>\n\t<meta property=\"og:image:type\" content=\"image\/jpeg\" \/>\n<meta name=\"twitter:card\" content=\"summary_large_image\" \/>\n<meta name=\"twitter:label1\" content=\"Precio\" \/>\n\t<meta name=\"twitter:data1\" content=\"&euro;&nbsp;30,00\" \/>\n\t<meta name=\"twitter:label2\" content=\"Disponibilidad\" \/>\n\t<meta name=\"twitter:data2\" content=\"Disponible\" \/>\n<script type=\"application\/ld+json\" class=\"yoast-schema-graph\">{\"@context\":\"https:\\\/\\\/schema.org\",\"@graph\":[{\"@type\":\"WebPage\",\"@id\":\"https:\\\/\\\/www.cultcaffe.at\\\/produkt\\\/geschenkbox-weiss-250g-kaffee-nach-wahl-espressotassenset\\\/\",\"url\":\"https:\\\/\\\/www.cultcaffe.at\\\/produkt\\\/geschenkbox-weiss-250g-kaffee-nach-wahl-espressotassenset\\\/\",\"name\":\"Geschenkbox wei\u00df + 250g Kaffee nach Wahl + Espressotassenset - CultCaff\u00e9 - die Bio Kaffee R\u00f6sterei\",\"isPartOf\":{\"@id\":\"https:\\\/\\\/www.cultcaffe.at\\\/#website\"},\"primaryImageOfPage\":{\"@id\":\"https:\\\/\\\/www.cultcaffe.at\\\/produkt\\\/geschenkbox-weiss-250g-kaffee-nach-wahl-espressotassenset\\\/#primaryimage\"},\"image\":{\"@id\":\"https:\\\/\\\/www.cultcaffe.at\\\/produkt\\\/geschenkbox-weiss-250g-kaffee-nach-wahl-espressotassenset\\\/#primaryimage\"},\"thumbnailUrl\":\"https:\\\/\\\/www.cultcaffe.at\\\/wp-content\\\/uploads\\\/2024\\\/02\\\/20231201_1106081-1-scaled-1.jpg\",\"datePublished\":\"2023-12-06T09:36:50+00:00\",\"dateModified\":\"2025-12-16T13:03:09+00:00\",\"breadcrumb\":{\"@id\":\"https:\\\/\\\/www.cultcaffe.at\\\/produkt\\\/geschenkbox-weiss-250g-kaffee-nach-wahl-espressotassenset\\\/#breadcrumb\"},\"inLanguage\":\"es\",\"potentialAction\":[{\"@type\":\"ReadAction\",\"target\":[\"https:\\\/\\\/www.cultcaffe.at\\\/produkt\\\/geschenkbox-weiss-250g-kaffee-nach-wahl-espressotassenset\\\/\"]}]},{\"@type\":\"ImageObject\",\"inLanguage\":\"es\",\"@id\":\"https:\\\/\\\/www.cultcaffe.at\\\/produkt\\\/geschenkbox-weiss-250g-kaffee-nach-wahl-espressotassenset\\\/#primaryimage\",\"url\":\"https:\\\/\\\/www.cultcaffe.at\\\/wp-content\\\/uploads\\\/2024\\\/02\\\/20231201_1106081-1-scaled-1.jpg\",\"contentUrl\":\"https:\\\/\\\/www.cultcaffe.at\\\/wp-content\\\/uploads\\\/2024\\\/02\\\/20231201_1106081-1-scaled-1.jpg\",\"width\":1920,\"height\":2560},{\"@type\":\"BreadcrumbList\",\"@id\":\"https:\\\/\\\/www.cultcaffe.at\\\/produkt\\\/geschenkbox-weiss-250g-kaffee-nach-wahl-espressotassenset\\\/#breadcrumb\",\"itemListElement\":[{\"@type\":\"ListItem\",\"position\":1,\"name\":\"Startseite\",\"item\":\"https:\\\/\\\/www.cultcaffe.at\\\/\"},{\"@type\":\"ListItem\",\"position\":2,\"name\":\"Produkte\",\"item\":\"https:\\\/\\\/www.cultcaffe.at\\\/shop\\\/\"},{\"@type\":\"ListItem\",\"position\":3,\"name\":\"Geschenkbox wei\u00df + 250g Kaffee nach Wahl + Espressotassenset\"}]},{\"@type\":\"WebSite\",\"@id\":\"https:\\\/\\\/www.cultcaffe.at\\\/#website\",\"url\":\"https:\\\/\\\/www.cultcaffe.at\\\/\",\"name\":\"CultCaff\u00e9 - die Bio Kaffee R\u00f6sterei\",\"description\":\"Liebe zum Kaffee\",\"publisher\":{\"@id\":\"https:\\\/\\\/www.cultcaffe.at\\\/#organization\"},\"potentialAction\":[{\"@type\":\"SearchAction\",\"target\":{\"@type\":\"EntryPoint\",\"urlTemplate\":\"https:\\\/\\\/www.cultcaffe.at\\\/?s={search_term_string}\"},\"query-input\":{\"@type\":\"PropertyValueSpecification\",\"valueRequired\":true,\"valueName\":\"search_term_string\"}}],\"inLanguage\":\"es\"},{\"@type\":[\"Organization\",\"Place\"],\"@id\":\"https:\\\/\\\/www.cultcaffe.at\\\/#organization\",\"name\":\"CultCaff\u00e9 Kaffeer\u00f6sterei GmbH\",\"alternateName\":\"CultCaff\u00e9\",\"url\":\"https:\\\/\\\/www.cultcaffe.at\\\/\",\"logo\":{\"@id\":\"https:\\\/\\\/www.cultcaffe.at\\\/produkt\\\/geschenkbox-weiss-250g-kaffee-nach-wahl-espressotassenset\\\/#local-main-organization-logo\"},\"image\":{\"@id\":\"https:\\\/\\\/www.cultcaffe.at\\\/produkt\\\/geschenkbox-weiss-250g-kaffee-nach-wahl-espressotassenset\\\/#local-main-organization-logo\"},\"sameAs\":[\"https:\\\/\\\/www.facebook.com\\\/p\\\/Cult-Caff\u00e8-die-R\u00f6sterei-100039719724703\\\/?locale=de_DE\",\"https:\\\/\\\/www.instagram.com\\\/cultcaffe.at\\\/\"],\"hasMerchantReturnPolicy\":{\"@type\":\"MerchantReturnPolicy\",\"merchantReturnLink\":\"https:\\\/\\\/www.cultcaffe.at\\\/es\\\/agbs\\\/\"},\"telephone\":[],\"openingHoursSpecification\":[{\"@type\":\"OpeningHoursSpecification\",\"dayOfWeek\":[\"Monday\",\"Tuesday\",\"Wednesday\",\"Thursday\",\"Friday\",\"Saturday\",\"Sunday\"],\"opens\":\"09:00\",\"closes\":\"17:00\"}]},{\"@type\":\"ImageObject\",\"inLanguage\":\"es\",\"@id\":\"https:\\\/\\\/www.cultcaffe.at\\\/produkt\\\/geschenkbox-weiss-250g-kaffee-nach-wahl-espressotassenset\\\/#local-main-organization-logo\",\"url\":\"https:\\\/\\\/www.cultcaffe.at\\\/wp-content\\\/uploads\\\/2023\\\/11\\\/cultcaffe_logo_regular_dark-1.svg\",\"contentUrl\":\"https:\\\/\\\/www.cultcaffe.at\\\/wp-content\\\/uploads\\\/2023\\\/11\\\/cultcaffe_logo_regular_dark-1.svg\",\"width\":756,\"height\":474,\"caption\":\"CultCaff\u00e9 Kaffeer\u00f6sterei GmbH\"}]}<\/script>\n<meta property=\"product:price:amount\" content=\"30.00\" \/>\n<meta property=\"product:price:currency\" content=\"EUR\" \/>\n<meta property=\"og:availability\" content=\"instock\" \/>\n<meta property=\"product:availability\" content=\"instock\" \/>\n<meta property=\"product:condition\" content=\"new\" \/>\n<!-- \/ Yoast SEO plugin. -->","yoast_head_json":{"title":"Caja de regalo blanca + 250 g de caf\u00e9 a elecci\u00f3n + juego de tazas de espresso - CultCaff\u00e9 - la tostadora de caf\u00e9 org\u00e1nico","robots":{"index":"index","follow":"follow","max-snippet":"max-snippet:-1","max-image-preview":"max-image-preview:large","max-video-preview":"max-video-preview:-1"},"canonical":"https:\/\/www.cultcaffe.at\/es\/producto\/caja-de-regalo-blanca-250-g-de-cafe-a-eleccion-juego-de-tazas-de-espresso\/","og_locale":"es_ES","og_type":"article","og_title":"Geschenkbox wei\u00df + 250g Kaffee nach Wahl + Espressotassenset - CultCaff\u00e9 - die Bio Kaffee R\u00f6sterei","og_description":"Hochwertige Geschenkbox in Wei\u00df f\u00fcr besondere Genussmomente.  Inklusive 250g Kaffee nach Wahl f\u00fcr individuellen Geschmack.  Espressotassenset f\u00fcr stilvollen Kaffeegenuss zuhause.  Perfektes Weihnachtsgeschenk f\u00fcr Kaffeeliebhaber.  Einzigartige Zusammenstellung f\u00fcr unvergessliche Genussmomente.","og_url":"https:\/\/www.cultcaffe.at\/es\/producto\/caja-de-regalo-blanca-250-g-de-cafe-a-eleccion-juego-de-tazas-de-espresso\/","og_site_name":"CultCaff\u00e9 - die Bio Kaffee R\u00f6sterei","article_publisher":"https:\/\/www.facebook.com\/p\/Cult-Caff%c3%a8-die-R%c3%b6sterei-100039719724703\/?locale=de_DE","article_modified_time":"2025-12-16T13:03:09+00:00","og_image":[{"width":1920,"height":2560,"url":"https:\/\/www.cultcaffe.at\/wp-content\/uploads\/2024\/02\/20231201_1106081-1-scaled-1.jpg","type":"image\/jpeg"}],"twitter_card":"summary_large_image","twitter_misc":{"Precio":"&euro;&nbsp;30,00","Disponibilidad":"Disponible"},"schema":{"@context":"https:\/\/schema.org","@graph":[{"@type":"WebPage","@id":"https:\/\/www.cultcaffe.at\/produkt\/geschenkbox-weiss-250g-kaffee-nach-wahl-espressotassenset\/","url":"https:\/\/www.cultcaffe.at\/produkt\/geschenkbox-weiss-250g-kaffee-nach-wahl-espressotassenset\/","name":"Caja de regalo blanca + 250 g de caf\u00e9 a elecci\u00f3n + juego de tazas de espresso - CultCaff\u00e9 - la tostadora de caf\u00e9 org\u00e1nico","isPartOf":{"@id":"https:\/\/www.cultcaffe.at\/#website"},"primaryImageOfPage":{"@id":"https:\/\/www.cultcaffe.at\/produkt\/geschenkbox-weiss-250g-kaffee-nach-wahl-espressotassenset\/#primaryimage"},"image":{"@id":"https:\/\/www.cultcaffe.at\/produkt\/geschenkbox-weiss-250g-kaffee-nach-wahl-espressotassenset\/#primaryimage"},"thumbnailUrl":"https:\/\/www.cultcaffe.at\/wp-content\/uploads\/2024\/02\/20231201_1106081-1-scaled-1.jpg","datePublished":"2023-12-06T09:36:50+00:00","dateModified":"2025-12-16T13:03:09+00:00","breadcrumb":{"@id":"https:\/\/www.cultcaffe.at\/produkt\/geschenkbox-weiss-250g-kaffee-nach-wahl-espressotassenset\/#breadcrumb"},"inLanguage":"es","potentialAction":[{"@type":"ReadAction","target":["https:\/\/www.cultcaffe.at\/produkt\/geschenkbox-weiss-250g-kaffee-nach-wahl-espressotassenset\/"]}]},{"@type":"ImageObject","inLanguage":"es","@id":"https:\/\/www.cultcaffe.at\/produkt\/geschenkbox-weiss-250g-kaffee-nach-wahl-espressotassenset\/#primaryimage","url":"https:\/\/www.cultcaffe.at\/wp-content\/uploads\/2024\/02\/20231201_1106081-1-scaled-1.jpg","contentUrl":"https:\/\/www.cultcaffe.at\/wp-content\/uploads\/2024\/02\/20231201_1106081-1-scaled-1.jpg","width":1920,"height":2560},{"@type":"BreadcrumbList","@id":"https:\/\/www.cultcaffe.at\/produkt\/geschenkbox-weiss-250g-kaffee-nach-wahl-espressotassenset\/#breadcrumb","itemListElement":[{"@type":"ListItem","position":1,"name":"Startseite","item":"https:\/\/www.cultcaffe.at\/"},{"@type":"ListItem","position":2,"name":"Produkte","item":"https:\/\/www.cultcaffe.at\/shop\/"},{"@type":"ListItem","position":3,"name":"Geschenkbox wei\u00df + 250g Kaffee nach Wahl + Espressotassenset"}]},{"@type":"WebSite","@id":"https:\/\/www.cultcaffe.at\/#website","url":"https:\/\/www.cultcaffe.at\/","name":"CultCaff\u00e9 - la tostadur\u00eda de caf\u00e9 org\u00e1nico","description":"Amor por el caf\u00e9","publisher":{"@id":"https:\/\/www.cultcaffe.at\/#organization"},"potentialAction":[{"@type":"SearchAction","target":{"@type":"EntryPoint","urlTemplate":"https:\/\/www.cultcaffe.at\/?s={search_term_string}"},"query-input":{"@type":"PropertyValueSpecification","valueRequired":true,"valueName":"search_term_string"}}],"inLanguage":"es"},{"@type":["Organization","Place"],"@id":"https:\/\/www.cultcaffe.at\/#organization","name":"Tostadur\u00eda de caf\u00e9 CultCaff\u00e9 GmbH","alternateName":"CultCaff\u00e9","url":"https:\/\/www.cultcaffe.at\/","logo":{"@id":"https:\/\/www.cultcaffe.at\/produkt\/geschenkbox-weiss-250g-kaffee-nach-wahl-espressotassenset\/#local-main-organization-logo"},"image":{"@id":"https:\/\/www.cultcaffe.at\/produkt\/geschenkbox-weiss-250g-kaffee-nach-wahl-espressotassenset\/#local-main-organization-logo"},"sameAs":["https:\/\/www.facebook.com\/p\/Cult-Caff\u00e8-die-R\u00f6sterei-100039719724703\/?locale=de_DE","https:\/\/www.instagram.com\/cultcaffe.at\/"],"hasMerchantReturnPolicy":{"@type":"MerchantReturnPolicy","merchantReturnLink":"https:\/\/www.cultcaffe.at\/es\/agbs\/"},"telephone":[],"openingHoursSpecification":[{"@type":"OpeningHoursSpecification","dayOfWeek":["Monday","Tuesday","Wednesday","Thursday","Friday","Saturday","Sunday"],"opens":"09:00","closes":"17:00"}]},{"@type":"ImageObject","inLanguage":"es","@id":"https:\/\/www.cultcaffe.at\/produkt\/geschenkbox-weiss-250g-kaffee-nach-wahl-espressotassenset\/#local-main-organization-logo","url":"https:\/\/www.cultcaffe.at\/wp-content\/uploads\/2023\/11\/cultcaffe_logo_regular_dark-1.svg","contentUrl":"https:\/\/www.cultcaffe.at\/wp-content\/uploads\/2023\/11\/cultcaffe_logo_regular_dark-1.svg","width":756,"height":474,"caption":"CultCaff\u00e9 Kaffeer\u00f6sterei GmbH"}]},"product_price_amount":"30.00","product_price_currency":"EUR","og_availability":"instock","product_availability":"instock","product_condition":"new"},"_links":{"self":[{"href":"https:\/\/www.cultcaffe.at\/es\/wp-json\/wp\/v2\/product\/13867","targetHints":{"allow":["GET"]}}],"collection":[{"href":"https:\/\/www.cultcaffe.at\/es\/wp-json\/wp\/v2\/product"}],"about":[{"href":"https:\/\/www.cultcaffe.at\/es\/wp-json\/wp\/v2\/types\/product"}],"wp:featuredmedia":[{"embeddable":true,"href":"https:\/\/www.cultcaffe.at\/es\/wp-json\/wp\/v2\/media\/13317"}],"wp:attachment":[{"href":"https:\/\/www.cultcaffe.at\/es\/wp-json\/wp\/v2\/media?parent=13867"}],"wp:term":[{"taxonomy":"product_brand","embeddable":true,"href":"https:\/\/www.cultcaffe.at\/es\/wp-json\/wp\/v2\/product_brand?post=13867"},{"taxonomy":"product_cat","embeddable":true,"href":"https:\/\/www.cultcaffe.at\/es\/wp-json\/wp\/v2\/product_cat?post=13867"},{"taxonomy":"product_tag","embeddable":true,"href":"https:\/\/www.cultcaffe.at\/es\/wp-json\/wp\/v2\/product_tag?post=13867"}],"curies":[{"name":"wp","href":"https:\/\/api.w.org\/{rel}","templated":true}]}}