{"id":960,"date":"2021-12-13T09:03:43","date_gmt":"2021-12-13T08:03:43","guid":{"rendered":"https:\/\/www.cultcaffe.at\/?page_id=960"},"modified":"2026-01-14T09:49:38","modified_gmt":"2026-01-14T08:49:38","slug":"imprimir","status":"publish","type":"page","link":"https:\/\/www.cultcaffe.at\/es\/impressum\/","title":{"rendered":"Pie de imprenta"},"content":{"rendered":"<p><strong>Nombre de empresa<\/strong><br \/>\nTostadur\u00eda de caf\u00e9 Cult Caff\u00e8 GmbH<br \/>\nCalle K\u00f6chlinger 14, 3371 Neumarkt<\/p>\n<p><strong>Gesti\u00f3n<\/strong><br \/>\nSilvia Lasselsberger, Walter Schweifer<\/p>\n<p>N\u00famero de IVA: ATU 69902518<br \/>\nFN: 440038s HG St. P\u00f6lten<\/p>\n<p>Datos bancarios: Volksbank Alpenvorland<br \/>\nIBAN: AT44 4715 0415 2880 0000<br \/>\nBIC\/SWIFT: VBOEATWWNOM<\/p>\n<p><strong>Derechos de autor<\/strong><br \/>\nTodos los contenidos, fotograf\u00edas, textos y gr\u00e1ficos est\u00e1n protegidos por derechos de autor. No podr\u00e1n copiarse, modificarse, reproducirse ni publicarse total o parcialmente sin autorizaci\u00f3n previa por escrito.<\/p>\n<p><strong>Condiciones de uso<\/strong><br \/>\nLos contenidos de este sitio web son de libre acceso y tienen \u00fanicamente car\u00e1cter informativo. El uso de las opciones del sitio web no crea ning\u00fan negocio jur\u00eddico entre el propietario y los usuarios. El procedimiento posterior entre proveedores y usuarios y la posible celebraci\u00f3n posterior de contratos entre proveedores y usuarios quedan a discreci\u00f3n exclusiva de los usuarios.<\/p>\n<p><strong>Derechos de autor \/ Descargo de responsabilidad<\/strong><br \/>\nTeniendo en cuenta las caracter\u00edsticas t\u00e9cnicas de Internet, no se puede garantizar la autenticidad, exactitud e integridad de la informaci\u00f3n proporcionada en Internet. No se ofrece ninguna garant\u00eda sobre la disponibilidad o el funcionamiento de este sitio web y sus contenidos.<\/p>\n<p>Se excluye, en la medida en que lo permita la ley, cualquier responsabilidad por da\u00f1os directos, indirectos o de otro tipo, independientemente de su causa, que surjan del uso o de la falta de disponibilidad de los datos y la informaci\u00f3n de este sitio web.<\/p>\n<p>El contenido de esta p\u00e1gina est\u00e1 protegido por derechos de autor. La informaci\u00f3n est\u00e1 destinada \u00fanicamente para uso personal. Cualquier otro uso, en particular el almacenamiento en bases de datos, la reproducci\u00f3n y cualquier forma de uso comercial, as\u00ed como la transmisi\u00f3n a terceros, incluso parcial o revisada, sin el consentimiento del sitio web o del titular de los derechos, queda prohibido.<\/p>\n<p>Los hiperv\u00ednculos a este sitio web son bienvenidos siempre que el origen del contenido sea claramente identificable y se excluya cualquier enga\u00f1o a los usuarios. Se proh\u00edbe cualquier integraci\u00f3n de p\u00e1ginas individuales de nuestra oferta en marcos externos, as\u00ed como la puesta a disposici\u00f3n de nuestros canales RSS en sitios web externos.<\/p>\n<p><strong>Responsabilidad por los enlaces<\/strong><br \/>\nEste blog contiene enlaces a sitios web externos de terceros sobre cuyo contenido el operador de este sitio web no tiene influencia. Por lo tanto, no se puede asumir ninguna responsabilidad por este contenido externo. El respectivo proveedor u operador del sitio ser\u00e1 siempre responsable del contenido de las p\u00e1ginas enlazadas. Las p\u00e1ginas enlazadas fueron comprobadas en el momento de establecer el enlace para detectar posibles infracciones legales. En el momento del enlace no se reconoci\u00f3 contenido ilegal. Sin embargo, un control permanente del contenido de las p\u00e1ginas enlazadas no es razonable sin pruebas concretas de una infracci\u00f3n de la ley. Si tenemos conocimiento de alguna infracci\u00f3n legal, eliminaremos dichos enlaces inmediatamente.<\/p>\n<p><strong>Dise\u00f1o y desarrollo<\/strong><br \/>\nServicios en l\u00ednea de Wolfbiz \u2013 Carina Hager<br \/>\nD\u00fcrnbach 72<br \/>\n3254 Bergland<br \/>\n<a href=\"https:\/\/www.wolfbiz.at\">www.wolfbiz.at<\/a><\/p>","protected":false},"excerpt":{"rendered":"<p>Firmenname Cult Caff\u00e8 Kaffeer\u00f6sterei GmbH K\u00f6chlinger Str. 14, 3371 Neumarkt Gesch\u00e4ftsf\u00fchrung Silvia Lasselsberger, Walter Schweifer UID: ATU 69902518 FN: 440038s HG St. P\u00f6lten Bankverbindung: Volksbank Alpenvorland IBAN: AT44 4715 0415 2880 0000 BIC\/SWIFT: VBOEATWWNOM Urheberrecht, Copyright S\u00e4mtliche Inhalte, Fotos, Texte und Grafiken sind urheberrechtlich gesch\u00fctzt. Sie d\u00fcrfen ohne vorherige schriftliche Genehmigung weder ganz noch auszugsweise [&hellip;]<\/p>\n","protected":false},"author":6,"featured_media":0,"parent":0,"menu_order":0,"comment_status":"closed","ping_status":"closed","template":"","meta":{"inline_featured_image":false,"footnotes":""},"class_list":["post-960","page","type-page","status-publish","hentry"],"yoast_head":"<!-- This site is optimized with the Yoast SEO plugin v27.5 - https:\/\/yoast.com\/product\/yoast-seo-wordpress\/ -->\n<title>Impressum - CultCaff\u00e9 - die Bio Kaffee R\u00f6sterei<\/title>\n<meta name=\"robots\" content=\"index, follow, max-snippet:-1, max-image-preview:large, max-video-preview:-1\" \/>\n<link rel=\"canonical\" href=\"https:\/\/www.cultcaffe.at\/es\/imprimir\/\" \/>\n<meta property=\"og:locale\" content=\"es_ES\" \/>\n<meta property=\"og:type\" content=\"article\" \/>\n<meta property=\"og:title\" content=\"Impressum - CultCaff\u00e9 - die Bio Kaffee R\u00f6sterei\" \/>\n<meta property=\"og:description\" content=\"Firmenname Cult Caff\u00e8 Kaffeer\u00f6sterei GmbH K\u00f6chlinger Str. 14, 3371 Neumarkt Gesch\u00e4ftsf\u00fchrung Silvia Lasselsberger, Walter Schweifer UID: ATU 69902518 FN: 440038s HG St. P\u00f6lten Bankverbindung: Volksbank Alpenvorland IBAN: AT44 4715 0415 2880 0000 BIC\/SWIFT: VBOEATWWNOM Urheberrecht, Copyright S\u00e4mtliche Inhalte, Fotos, Texte und Grafiken sind urheberrechtlich gesch\u00fctzt. Sie d\u00fcrfen ohne vorherige schriftliche Genehmigung weder ganz noch auszugsweise [&hellip;]\" \/>\n<meta property=\"og:url\" content=\"https:\/\/www.cultcaffe.at\/es\/imprimir\/\" \/>\n<meta property=\"og:site_name\" content=\"CultCaff\u00e9 - die Bio Kaffee R\u00f6sterei\" \/>\n<meta property=\"article:publisher\" content=\"https:\/\/www.facebook.com\/p\/Cult-Caff%c3%a8-die-R%c3%b6sterei-100039719724703\/?locale=de_DE\" \/>\n<meta property=\"article:modified_time\" content=\"2026-01-14T08:49:38+00:00\" \/>\n<meta name=\"twitter:card\" content=\"summary_large_image\" \/>\n<meta name=\"twitter:label1\" content=\"Tiempo de lectura\" \/>\n\t<meta name=\"twitter:data1\" content=\"3 minutos\" \/>\n<script type=\"application\/ld+json\" class=\"yoast-schema-graph\">{\"@context\":\"https:\\\/\\\/schema.org\",\"@graph\":[{\"@type\":\"WebPage\",\"@id\":\"https:\\\/\\\/www.cultcaffe.at\\\/impressum\\\/\",\"url\":\"https:\\\/\\\/www.cultcaffe.at\\\/impressum\\\/\",\"name\":\"Impressum - CultCaff\u00e9 - die Bio Kaffee R\u00f6sterei\",\"isPartOf\":{\"@id\":\"https:\\\/\\\/www.cultcaffe.at\\\/#website\"},\"datePublished\":\"2021-12-13T08:03:43+00:00\",\"dateModified\":\"2026-01-14T08:49:38+00:00\",\"breadcrumb\":{\"@id\":\"https:\\\/\\\/www.cultcaffe.at\\\/impressum\\\/#breadcrumb\"},\"inLanguage\":\"es\",\"potentialAction\":[{\"@type\":\"ReadAction\",\"target\":[\"https:\\\/\\\/www.cultcaffe.at\\\/impressum\\\/\"]}]},{\"@type\":\"BreadcrumbList\",\"@id\":\"https:\\\/\\\/www.cultcaffe.at\\\/impressum\\\/#breadcrumb\",\"itemListElement\":[{\"@type\":\"ListItem\",\"position\":1,\"name\":\"Startseite\",\"item\":\"https:\\\/\\\/www.cultcaffe.at\\\/\"},{\"@type\":\"ListItem\",\"position\":2,\"name\":\"Impressum\"}]},{\"@type\":\"WebSite\",\"@id\":\"https:\\\/\\\/www.cultcaffe.at\\\/#website\",\"url\":\"https:\\\/\\\/www.cultcaffe.at\\\/\",\"name\":\"CultCaff\u00e9 - die Bio Kaffee R\u00f6sterei\",\"description\":\"Liebe zum Kaffee\",\"publisher\":{\"@id\":\"https:\\\/\\\/www.cultcaffe.at\\\/#organization\"},\"potentialAction\":[{\"@type\":\"SearchAction\",\"target\":{\"@type\":\"EntryPoint\",\"urlTemplate\":\"https:\\\/\\\/www.cultcaffe.at\\\/?s={search_term_string}\"},\"query-input\":{\"@type\":\"PropertyValueSpecification\",\"valueRequired\":true,\"valueName\":\"search_term_string\"}}],\"inLanguage\":\"es\"},{\"@type\":[\"Organization\",\"Place\"],\"@id\":\"https:\\\/\\\/www.cultcaffe.at\\\/#organization\",\"name\":\"CultCaff\u00e9 Kaffeer\u00f6sterei GmbH\",\"alternateName\":\"CultCaff\u00e9\",\"url\":\"https:\\\/\\\/www.cultcaffe.at\\\/\",\"logo\":{\"@id\":\"https:\\\/\\\/www.cultcaffe.at\\\/impressum\\\/#local-main-organization-logo\"},\"image\":{\"@id\":\"https:\\\/\\\/www.cultcaffe.at\\\/impressum\\\/#local-main-organization-logo\"},\"sameAs\":[\"https:\\\/\\\/www.facebook.com\\\/p\\\/Cult-Caff\u00e8-die-R\u00f6sterei-100039719724703\\\/?locale=de_DE\",\"https:\\\/\\\/www.instagram.com\\\/cultcaffe.at\\\/\"],\"hasMerchantReturnPolicy\":{\"@type\":\"MerchantReturnPolicy\",\"merchantReturnLink\":\"https:\\\/\\\/www.cultcaffe.at\\\/es\\\/agbs\\\/\"},\"telephone\":[],\"openingHoursSpecification\":[{\"@type\":\"OpeningHoursSpecification\",\"dayOfWeek\":[\"Monday\",\"Tuesday\",\"Wednesday\",\"Thursday\",\"Friday\",\"Saturday\",\"Sunday\"],\"opens\":\"09:00\",\"closes\":\"17:00\"}]},{\"@type\":\"ImageObject\",\"inLanguage\":\"es\",\"@id\":\"https:\\\/\\\/www.cultcaffe.at\\\/impressum\\\/#local-main-organization-logo\",\"url\":\"https:\\\/\\\/www.cultcaffe.at\\\/wp-content\\\/uploads\\\/2023\\\/11\\\/cultcaffe_logo_regular_dark-1.svg\",\"contentUrl\":\"https:\\\/\\\/www.cultcaffe.at\\\/wp-content\\\/uploads\\\/2023\\\/11\\\/cultcaffe_logo_regular_dark-1.svg\",\"width\":756,\"height\":474,\"caption\":\"CultCaff\u00e9 Kaffeer\u00f6sterei GmbH\"}]}<\/script>\n<!-- \/ Yoast SEO plugin. -->","yoast_head_json":{"title":"Impresi\u00f3n - CultCaff\u00e9 - la tostadora de caf\u00e9 org\u00e1nico","robots":{"index":"index","follow":"follow","max-snippet":"max-snippet:-1","max-image-preview":"max-image-preview:large","max-video-preview":"max-video-preview:-1"},"canonical":"https:\/\/www.cultcaffe.at\/es\/imprimir\/","og_locale":"es_ES","og_type":"article","og_title":"Impressum - CultCaff\u00e9 - die Bio Kaffee R\u00f6sterei","og_description":"Firmenname Cult Caff\u00e8 Kaffeer\u00f6sterei GmbH K\u00f6chlinger Str. 14, 3371 Neumarkt Gesch\u00e4ftsf\u00fchrung Silvia Lasselsberger, Walter Schweifer UID: ATU 69902518 FN: 440038s HG St. P\u00f6lten Bankverbindung: Volksbank Alpenvorland IBAN: AT44 4715 0415 2880 0000 BIC\/SWIFT: VBOEATWWNOM Urheberrecht, Copyright S\u00e4mtliche Inhalte, Fotos, Texte und Grafiken sind urheberrechtlich gesch\u00fctzt. Sie d\u00fcrfen ohne vorherige schriftliche Genehmigung weder ganz noch auszugsweise [&hellip;]","og_url":"https:\/\/www.cultcaffe.at\/es\/imprimir\/","og_site_name":"CultCaff\u00e9 - die Bio Kaffee R\u00f6sterei","article_publisher":"https:\/\/www.facebook.com\/p\/Cult-Caff%c3%a8-die-R%c3%b6sterei-100039719724703\/?locale=de_DE","article_modified_time":"2026-01-14T08:49:38+00:00","twitter_card":"summary_large_image","twitter_misc":{"Tiempo de lectura":"3 minutos"},"schema":{"@context":"https:\/\/schema.org","@graph":[{"@type":"WebPage","@id":"https:\/\/www.cultcaffe.at\/impressum\/","url":"https:\/\/www.cultcaffe.at\/impressum\/","name":"Impresi\u00f3n - CultCaff\u00e9 - la tostadora de caf\u00e9 org\u00e1nico","isPartOf":{"@id":"https:\/\/www.cultcaffe.at\/#website"},"datePublished":"2021-12-13T08:03:43+00:00","dateModified":"2026-01-14T08:49:38+00:00","breadcrumb":{"@id":"https:\/\/www.cultcaffe.at\/impressum\/#breadcrumb"},"inLanguage":"es","potentialAction":[{"@type":"ReadAction","target":["https:\/\/www.cultcaffe.at\/impressum\/"]}]},{"@type":"BreadcrumbList","@id":"https:\/\/www.cultcaffe.at\/impressum\/#breadcrumb","itemListElement":[{"@type":"ListItem","position":1,"name":"Startseite","item":"https:\/\/www.cultcaffe.at\/"},{"@type":"ListItem","position":2,"name":"Impressum"}]},{"@type":"WebSite","@id":"https:\/\/www.cultcaffe.at\/#website","url":"https:\/\/www.cultcaffe.at\/","name":"CultCaff\u00e9 - la tostadur\u00eda de caf\u00e9 org\u00e1nico","description":"Amor por el caf\u00e9","publisher":{"@id":"https:\/\/www.cultcaffe.at\/#organization"},"potentialAction":[{"@type":"SearchAction","target":{"@type":"EntryPoint","urlTemplate":"https:\/\/www.cultcaffe.at\/?s={search_term_string}"},"query-input":{"@type":"PropertyValueSpecification","valueRequired":true,"valueName":"search_term_string"}}],"inLanguage":"es"},{"@type":["Organization","Place"],"@id":"https:\/\/www.cultcaffe.at\/#organization","name":"Tostadur\u00eda de caf\u00e9 CultCaff\u00e9 GmbH","alternateName":"CultCaff\u00e9","url":"https:\/\/www.cultcaffe.at\/","logo":{"@id":"https:\/\/www.cultcaffe.at\/impressum\/#local-main-organization-logo"},"image":{"@id":"https:\/\/www.cultcaffe.at\/impressum\/#local-main-organization-logo"},"sameAs":["https:\/\/www.facebook.com\/p\/Cult-Caff\u00e8-die-R\u00f6sterei-100039719724703\/?locale=de_DE","https:\/\/www.instagram.com\/cultcaffe.at\/"],"hasMerchantReturnPolicy":{"@type":"MerchantReturnPolicy","merchantReturnLink":"https:\/\/www.cultcaffe.at\/es\/agbs\/"},"telephone":[],"openingHoursSpecification":[{"@type":"OpeningHoursSpecification","dayOfWeek":["Monday","Tuesday","Wednesday","Thursday","Friday","Saturday","Sunday"],"opens":"09:00","closes":"17:00"}]},{"@type":"ImageObject","inLanguage":"es","@id":"https:\/\/www.cultcaffe.at\/impressum\/#local-main-organization-logo","url":"https:\/\/www.cultcaffe.at\/wp-content\/uploads\/2023\/11\/cultcaffe_logo_regular_dark-1.svg","contentUrl":"https:\/\/www.cultcaffe.at\/wp-content\/uploads\/2023\/11\/cultcaffe_logo_regular_dark-1.svg","width":756,"height":474,"caption":"CultCaff\u00e9 Kaffeer\u00f6sterei GmbH"}]}},"_links":{"self":[{"href":"https:\/\/www.cultcaffe.at\/es\/wp-json\/wp\/v2\/pages\/960","targetHints":{"allow":["GET"]}}],"collection":[{"href":"https:\/\/www.cultcaffe.at\/es\/wp-json\/wp\/v2\/pages"}],"about":[{"href":"https:\/\/www.cultcaffe.at\/es\/wp-json\/wp\/v2\/types\/page"}],"author":[{"embeddable":true,"href":"https:\/\/www.cultcaffe.at\/es\/wp-json\/wp\/v2\/users\/6"}],"replies":[{"embeddable":true,"href":"https:\/\/www.cultcaffe.at\/es\/wp-json\/wp\/v2\/comments?post=960"}],"version-history":[{"count":7,"href":"https:\/\/www.cultcaffe.at\/es\/wp-json\/wp\/v2\/pages\/960\/revisions"}],"predecessor-version":[{"id":19267,"href":"https:\/\/www.cultcaffe.at\/es\/wp-json\/wp\/v2\/pages\/960\/revisions\/19267"}],"wp:attachment":[{"href":"https:\/\/www.cultcaffe.at\/es\/wp-json\/wp\/v2\/media?parent=960"}],"curies":[{"name":"wp","href":"https:\/\/api.w.org\/{rel}","templated":true}]}}