{"id":776,"date":"2021-12-07T12:39:44","date_gmt":"2021-12-07T11:39:44","guid":{"rendered":"https:\/\/www.cultcaffe.at\/?page_id=776"},"modified":"2025-04-14T14:11:27","modified_gmt":"2025-04-14T12:11:27","slug":"la-tostadora","status":"publish","type":"page","link":"https:\/\/www.cultcaffe.at\/es\/die-roesterei\/","title":{"rendered":"La torrefacci\u00f3n"},"content":{"rendered":"<div data-elementor-type=\"wp-page\" data-elementor-id=\"776\" class=\"elementor elementor-776\" data-elementor-post-type=\"page\">\n\t\t\t\t<div class=\"elementor-element elementor-element-cbe2c7c e-flex e-con-boxed e-con e-parent\" data-id=\"cbe2c7c\" data-element_type=\"container\" data-e-type=\"container\" data-settings=\"{&quot;background_background&quot;:&quot;classic&quot;}\">\n\t\t\t\t\t<div class=\"e-con-inner\">\n\t\t\t\t<div class=\"elementor-element elementor-element-5bec106 elementor-widget elementor-widget-heading\" data-id=\"5bec106\" data-element_type=\"widget\" data-e-type=\"widget\" data-widget_type=\"heading.default\">\n\t\t\t\t<div class=\"elementor-widget-container\">\n\t\t\t\t\t<h1 class=\"elementor-heading-title elementor-size-default\"><span style=\"color:#aca590\">LA Tostadora<\/span> para caf\u00e9 de primera clase<\/h1>\t\t\t\t<\/div>\n\t\t\t\t<\/div>\n\t\t\t\t\t<\/div>\n\t\t\t\t<\/div>\n\t\t<div class=\"elementor-element elementor-element-afc70e5 e-flex e-con-boxed e-con e-parent\" data-id=\"afc70e5\" data-element_type=\"container\" data-e-type=\"container\">\n\t\t\t\t\t<div class=\"e-con-inner\">\n\t\t<div class=\"elementor-element elementor-element-6070e72 e-con-full e-flex e-con e-child\" data-id=\"6070e72\" data-element_type=\"container\" data-e-type=\"container\">\n\t\t<div class=\"elementor-element elementor-element-6fd0dc5 e-con-full e-flex e-con e-child\" data-id=\"6fd0dc5\" data-element_type=\"container\" data-e-type=\"container\" data-settings=\"{&quot;background_background&quot;:&quot;classic&quot;}\">\n\t\t\t\t<\/div>\n\t\t<div class=\"elementor-element elementor-element-478998f e-con-full e-flex e-con e-child\" data-id=\"478998f\" data-element_type=\"container\" data-e-type=\"container\" data-settings=\"{&quot;background_background&quot;:&quot;classic&quot;}\">\n\t\t\t\t<\/div>\n\t\t\t\t<\/div>\n\t\t<div class=\"elementor-element elementor-element-15b30fa e-con-full e-flex e-con e-child\" data-id=\"15b30fa\" data-element_type=\"container\" data-e-type=\"container\">\n\t\t\t\t<div class=\"elementor-element elementor-element-ae0e4be elementor-widget elementor-widget-heading\" data-id=\"ae0e4be\" data-element_type=\"widget\" data-e-type=\"widget\" data-widget_type=\"heading.default\">\n\t\t\t\t<div class=\"elementor-widget-container\">\n\t\t\t\t\t<h2 class=\"elementor-heading-title elementor-size-default\">Aut\u00e9ntico arte del tostado: aut\u00e9ntica artesan\u00eda<\/h2>\t\t\t\t<\/div>\n\t\t\t\t<\/div>\n\t\t\t\t<div class=\"elementor-element elementor-element-e3db84b elementor-widget elementor-widget-text-editor\" data-id=\"e3db84b\" data-element_type=\"widget\" data-e-type=\"widget\" data-widget_type=\"text-editor.default\">\n\t\t\t\t<div class=\"elementor-widget-container\">\n\t\t\t\t\t\t\t\t\t<p>Desde 2002, el tostado es EL \u00e1rea central de nuestro negocio. <span style=\"color: var( --e-global-color-secondary ); font-family: var( --e-global-typography-text-font-family ), Sans-serif; font-weight: var( --e-global-typography-text-font-weight ); text-align: var(--text-align); font-size: 1rem;\">23 a\u00f1os de experiencia garantizan lo excepcional<\/span><b style=\"color: var( --e-global-color-secondary ); font-family: var( --e-global-typography-text-font-family ), Sans-serif; text-align: var(--text-align); font-size: 1rem;\"> Calidad y competencia del caf\u00e9. <\/b><span style=\"color: var( --e-global-color-secondary ); font-family: var( --e-global-typography-text-font-family ), Sans-serif; font-weight: var( --e-global-typography-text-font-weight ); text-align: var(--text-align); font-size: 1rem;\">Esta experiencia es crucial para la <\/span><b style=\"color: var( --e-global-color-secondary ); font-family: var( --e-global-typography-text-font-family ), Sans-serif; text-align: var(--text-align); font-size: 1rem;\">Calidad<\/b><span style=\"color: var( --e-global-color-secondary ); font-family: var( --e-global-typography-text-font-family ), Sans-serif; font-weight: var( --e-global-typography-text-font-weight ); text-align: var(--text-align); font-size: 1rem;\"> de los caf\u00e9s y variedades.<\/span><\/p><p>La base esencial de esta cualidad es la <b>granos de caf\u00e9 verde de primera calidad<\/b>que obtenemos de reconocidos comerciantes de caf\u00e9 verde. Esta estrecha colaboraci\u00f3n nos garantiza el acceso a una gran cantidad de experiencia y, al mismo tiempo, nos asegura permanecer siempre a la vanguardia, lejos de la industria y la producci\u00f3n en masa.<\/p>\t\t\t\t\t\t\t\t<\/div>\n\t\t\t\t<\/div>\n\t\t\t\t<div class=\"elementor-element elementor-element-e8340f2 elementor-widget elementor-widget-heading\" data-id=\"e8340f2\" data-element_type=\"widget\" data-e-type=\"widget\" data-widget_type=\"heading.default\">\n\t\t\t\t<div class=\"elementor-widget-container\">\n\t\t\t\t\t<h2 class=\"elementor-heading-title elementor-size-default\">Las mezclas: todo est\u00e1 en la mezcla<\/h2>\t\t\t\t<\/div>\n\t\t\t\t<\/div>\n\t\t\t\t<div class=\"elementor-element elementor-element-6ce26cc elementor-widget elementor-widget-text-editor\" data-id=\"6ce26cc\" data-element_type=\"widget\" data-e-type=\"widget\" data-widget_type=\"text-editor.default\">\n\t\t\t\t<div class=\"elementor-widget-container\">\n\t\t\t\t\t\t\t\t\t<p>La mezcla de los caf\u00e9s verdes es como una composici\u00f3n, que requiere mucho sentimiento y, a su vez, <strong>Pericia<\/strong> Se requiere encontrar el equilibrio ideal de acidez, dulzura y amargor para cada mezcla.<\/p>\t\t\t\t\t\t\t\t<\/div>\n\t\t\t\t<\/div>\n\t\t\t\t<div class=\"elementor-element elementor-element-d129452 elementor-widget elementor-widget-heading\" data-id=\"d129452\" data-element_type=\"widget\" data-e-type=\"widget\" data-widget_type=\"heading.default\">\n\t\t\t\t<div class=\"elementor-widget-container\">\n\t\t\t\t\t<h2 class=\"elementor-heading-title elementor-size-default\">Tostado tradicional y con experiencia<\/h2>\t\t\t\t<\/div>\n\t\t\t\t<\/div>\n\t\t\t\t<div class=\"elementor-element elementor-element-00730a6 elementor-widget elementor-widget-text-editor\" data-id=\"00730a6\" data-element_type=\"widget\" data-e-type=\"widget\" data-widget_type=\"text-editor.default\">\n\t\t\t\t<div class=\"elementor-widget-container\">\n\t\t\t\t\t\t\t\t\t<p>El asado se realiza de forma cl\u00e1sica. <b>Proceso tradicional de tostado en tambor.<\/b><br \/>Suavemente, con cautela, a bajas temperaturas, de manera constante, lenta y uniforme, y enfriado con aire fresco. <br \/>Esto le da a los frijoles un aroma y sabor enormes al tiempo que garantiza una digestibilidad \u00f3ptima.<\/p>\t\t\t\t\t\t\t\t<\/div>\n\t\t\t\t<\/div>\n\t\t\t\t<\/div>\n\t\t\t\t\t<\/div>\n\t\t\t\t<\/div>\n\t\t<div class=\"elementor-element elementor-element-00a4310 e-flex e-con-boxed e-con e-parent\" data-id=\"00a4310\" data-element_type=\"container\" data-e-type=\"container\">\n\t\t\t\t\t<div class=\"e-con-inner\">\n\t\t\t\t<div class=\"elementor-element elementor-element-5222561 elementor-widget elementor-widget-heading\" data-id=\"5222561\" data-element_type=\"widget\" data-e-type=\"widget\" data-widget_type=\"heading.default\">\n\t\t\t\t<div class=\"elementor-widget-container\">\n\t\t\t\t\t<h3 class=\"elementor-heading-title elementor-size-default\">\u00a1El resultado son variedades excelentes! <\/h3>\t\t\t\t<\/div>\n\t\t\t\t<\/div>\n\t\t\t\t<div class=\"elementor-element elementor-element-f6a4f01 elementor-widget elementor-widget-heading\" data-id=\"f6a4f01\" data-element_type=\"widget\" data-e-type=\"widget\" data-widget_type=\"heading.default\">\n\t\t\t\t<div class=\"elementor-widget-container\">\n\t\t\t\t\t<h3 class=\"elementor-heading-title elementor-size-default\">Un resultado maravilloso e insuperable de <br><br>Aroma, fragancia, crema y sabor pleno y \u00fanico.<\/h3>\t\t\t\t<\/div>\n\t\t\t\t<\/div>\n\t\t\t\t\t<\/div>\n\t\t\t\t<\/div>\n\t\t\t\t<\/div>","protected":false},"excerpt":{"rendered":"<p>DIE R\u00f6sterei f\u00fcr erstklassigen Kaffee Wahre R\u00f6stkunst &#8211; echtes Handwerk Seit 2002 ist das R\u00f6sten DER Kernbereich unserer Unternehmenst\u00e4tigkeit. 23 Jahre Erfahrung sind garant f\u00fcr ausserordentliche Kaffeequalit\u00e4t und Kompetenz. Diese Erfahrung ist entscheidend f\u00fcr die Qualit\u00e4t der Kaffees &amp; Sorten. Die wesentliche Basis dieser Qualit\u00e4t bilden die erstklassigen Rohkaffeebohnen, welche wir von renommierten Rohkaffeeh\u00e4ndlern beziehen. [&hellip;]<\/p>\n","protected":false},"author":6,"featured_media":0,"parent":0,"menu_order":0,"comment_status":"closed","ping_status":"closed","template":"","meta":{"inline_featured_image":false,"footnotes":""},"class_list":["post-776","page","type-page","status-publish","hentry"],"yoast_head":"<!-- This site is optimized with the Yoast SEO plugin v27.5 - https:\/\/yoast.com\/product\/yoast-seo-wordpress\/ -->\n<title>Kaffeer\u00f6sterei \u00d6sterreich \u2668 Bester Kaffee, Bio-Kaffee | CultCaff\u00e8<\/title>\n<meta name=\"description\" content=\"Echte R\u00f6stkunst von Kaffeer\u00f6sterei CultCaffe \u2713 R\u00f6sterei in Neumarkt (N\u00d6) \u2713 100% ger\u00f6stet in \u00d6sterreich \u2713 Beste Qualit\u00e4t \u2713 Bio-Zertifizierung\" \/>\n<meta name=\"robots\" content=\"index, follow, max-snippet:-1, max-image-preview:large, max-video-preview:-1\" \/>\n<link rel=\"canonical\" href=\"https:\/\/www.cultcaffe.at\/es\/la-tostadora\/\" \/>\n<meta property=\"og:locale\" content=\"es_ES\" \/>\n<meta property=\"og:type\" content=\"article\" \/>\n<meta property=\"og:title\" content=\"Kaffeer\u00f6sterei \u00d6sterreich \u2668 Bester Kaffee, Bio-Kaffee | CultCaff\u00e8\" \/>\n<meta property=\"og:description\" content=\"Echte R\u00f6stkunst von Kaffeer\u00f6sterei CultCaffe \u2713 R\u00f6sterei in Neumarkt (N\u00d6) \u2713 100% ger\u00f6stet in \u00d6sterreich \u2713 Beste Qualit\u00e4t \u2713 Bio-Zertifizierung\" \/>\n<meta property=\"og:url\" content=\"https:\/\/www.cultcaffe.at\/es\/la-tostadora\/\" \/>\n<meta property=\"og:site_name\" content=\"CultCaff\u00e9 - die Bio Kaffee R\u00f6sterei\" \/>\n<meta property=\"article:publisher\" content=\"https:\/\/www.facebook.com\/p\/Cult-Caff%c3%a8-die-R%c3%b6sterei-100039719724703\/?locale=de_DE\" \/>\n<meta property=\"article:modified_time\" content=\"2025-04-14T12:11:27+00:00\" \/>\n<meta name=\"twitter:card\" content=\"summary_large_image\" \/>\n<meta name=\"twitter:label1\" content=\"Tiempo de lectura\" \/>\n\t<meta name=\"twitter:data1\" content=\"1 minuto\" \/>\n<script type=\"application\/ld+json\" class=\"yoast-schema-graph\">{\"@context\":\"https:\\\/\\\/schema.org\",\"@graph\":[{\"@type\":\"WebPage\",\"@id\":\"https:\\\/\\\/www.cultcaffe.at\\\/die-roesterei\\\/\",\"url\":\"https:\\\/\\\/www.cultcaffe.at\\\/die-roesterei\\\/\",\"name\":\"Kaffeer\u00f6sterei \u00d6sterreich \u2668 Bester Kaffee, Bio-Kaffee | CultCaff\u00e8\",\"isPartOf\":{\"@id\":\"https:\\\/\\\/www.cultcaffe.at\\\/#website\"},\"datePublished\":\"2021-12-07T11:39:44+00:00\",\"dateModified\":\"2025-04-14T12:11:27+00:00\",\"description\":\"Echte R\u00f6stkunst von Kaffeer\u00f6sterei CultCaffe \u2713 R\u00f6sterei in Neumarkt (N\u00d6) \u2713 100% ger\u00f6stet in \u00d6sterreich \u2713 Beste Qualit\u00e4t \u2713 Bio-Zertifizierung\",\"breadcrumb\":{\"@id\":\"https:\\\/\\\/www.cultcaffe.at\\\/die-roesterei\\\/#breadcrumb\"},\"inLanguage\":\"es\",\"potentialAction\":[{\"@type\":\"ReadAction\",\"target\":[\"https:\\\/\\\/www.cultcaffe.at\\\/die-roesterei\\\/\"]}]},{\"@type\":\"BreadcrumbList\",\"@id\":\"https:\\\/\\\/www.cultcaffe.at\\\/die-roesterei\\\/#breadcrumb\",\"itemListElement\":[{\"@type\":\"ListItem\",\"position\":1,\"name\":\"Startseite\",\"item\":\"https:\\\/\\\/www.cultcaffe.at\\\/\"},{\"@type\":\"ListItem\",\"position\":2,\"name\":\"Die R\u00f6sterei\"}]},{\"@type\":\"WebSite\",\"@id\":\"https:\\\/\\\/www.cultcaffe.at\\\/#website\",\"url\":\"https:\\\/\\\/www.cultcaffe.at\\\/\",\"name\":\"CultCaff\u00e9 - die Bio Kaffee R\u00f6sterei\",\"description\":\"Liebe zum Kaffee\",\"publisher\":{\"@id\":\"https:\\\/\\\/www.cultcaffe.at\\\/#organization\"},\"potentialAction\":[{\"@type\":\"SearchAction\",\"target\":{\"@type\":\"EntryPoint\",\"urlTemplate\":\"https:\\\/\\\/www.cultcaffe.at\\\/?s={search_term_string}\"},\"query-input\":{\"@type\":\"PropertyValueSpecification\",\"valueRequired\":true,\"valueName\":\"search_term_string\"}}],\"inLanguage\":\"es\"},{\"@type\":[\"Organization\",\"Place\"],\"@id\":\"https:\\\/\\\/www.cultcaffe.at\\\/#organization\",\"name\":\"CultCaff\u00e9 Kaffeer\u00f6sterei GmbH\",\"alternateName\":\"CultCaff\u00e9\",\"url\":\"https:\\\/\\\/www.cultcaffe.at\\\/\",\"logo\":{\"@id\":\"https:\\\/\\\/www.cultcaffe.at\\\/die-roesterei\\\/#local-main-organization-logo\"},\"image\":{\"@id\":\"https:\\\/\\\/www.cultcaffe.at\\\/die-roesterei\\\/#local-main-organization-logo\"},\"sameAs\":[\"https:\\\/\\\/www.facebook.com\\\/p\\\/Cult-Caff\u00e8-die-R\u00f6sterei-100039719724703\\\/?locale=de_DE\",\"https:\\\/\\\/www.instagram.com\\\/cultcaffe.at\\\/\"],\"hasMerchantReturnPolicy\":{\"@type\":\"MerchantReturnPolicy\",\"merchantReturnLink\":\"https:\\\/\\\/www.cultcaffe.at\\\/es\\\/agbs\\\/\"},\"telephone\":[],\"openingHoursSpecification\":[{\"@type\":\"OpeningHoursSpecification\",\"dayOfWeek\":[\"Monday\",\"Tuesday\",\"Wednesday\",\"Thursday\",\"Friday\",\"Saturday\",\"Sunday\"],\"opens\":\"09:00\",\"closes\":\"17:00\"}]},{\"@type\":\"ImageObject\",\"inLanguage\":\"es\",\"@id\":\"https:\\\/\\\/www.cultcaffe.at\\\/die-roesterei\\\/#local-main-organization-logo\",\"url\":\"https:\\\/\\\/www.cultcaffe.at\\\/wp-content\\\/uploads\\\/2023\\\/11\\\/cultcaffe_logo_regular_dark-1.svg\",\"contentUrl\":\"https:\\\/\\\/www.cultcaffe.at\\\/wp-content\\\/uploads\\\/2023\\\/11\\\/cultcaffe_logo_regular_dark-1.svg\",\"width\":756,\"height\":474,\"caption\":\"CultCaff\u00e9 Kaffeer\u00f6sterei GmbH\"}]}<\/script>\n<!-- \/ Yoast SEO plugin. -->","yoast_head_json":{"title":"Tostadora de caf\u00e9 austriaca \u2668 El mejor caf\u00e9, caf\u00e9 org\u00e1nico | CultCaff\u00e8","description":"Aut\u00e9ntico arte del tueste de la tostadora de caf\u00e9 CultCaffe \u2713 Tostadora en Neumarkt (Baja Austria) \u2713 100% tostado en Austria \u2713 M\u00e1xima calidad \u2713 Certificaci\u00f3n org\u00e1nica","robots":{"index":"index","follow":"follow","max-snippet":"max-snippet:-1","max-image-preview":"max-image-preview:large","max-video-preview":"max-video-preview:-1"},"canonical":"https:\/\/www.cultcaffe.at\/es\/la-tostadora\/","og_locale":"es_ES","og_type":"article","og_title":"Kaffeer\u00f6sterei \u00d6sterreich \u2668 Bester Kaffee, Bio-Kaffee | CultCaff\u00e8","og_description":"Echte R\u00f6stkunst von Kaffeer\u00f6sterei CultCaffe \u2713 R\u00f6sterei in Neumarkt (N\u00d6) \u2713 100% ger\u00f6stet in \u00d6sterreich \u2713 Beste Qualit\u00e4t \u2713 Bio-Zertifizierung","og_url":"https:\/\/www.cultcaffe.at\/es\/la-tostadora\/","og_site_name":"CultCaff\u00e9 - die Bio Kaffee R\u00f6sterei","article_publisher":"https:\/\/www.facebook.com\/p\/Cult-Caff%c3%a8-die-R%c3%b6sterei-100039719724703\/?locale=de_DE","article_modified_time":"2025-04-14T12:11:27+00:00","twitter_card":"summary_large_image","twitter_misc":{"Tiempo de lectura":"1 minuto"},"schema":{"@context":"https:\/\/schema.org","@graph":[{"@type":"WebPage","@id":"https:\/\/www.cultcaffe.at\/die-roesterei\/","url":"https:\/\/www.cultcaffe.at\/die-roesterei\/","name":"Tostadora de caf\u00e9 austriaca \u2668 El mejor caf\u00e9, caf\u00e9 org\u00e1nico | CultCaff\u00e8","isPartOf":{"@id":"https:\/\/www.cultcaffe.at\/#website"},"datePublished":"2021-12-07T11:39:44+00:00","dateModified":"2025-04-14T12:11:27+00:00","description":"Aut\u00e9ntico arte del tueste de la tostadora de caf\u00e9 CultCaffe \u2713 Tostadora en Neumarkt (Baja Austria) \u2713 100% tostado en Austria \u2713 M\u00e1xima calidad \u2713 Certificaci\u00f3n org\u00e1nica","breadcrumb":{"@id":"https:\/\/www.cultcaffe.at\/die-roesterei\/#breadcrumb"},"inLanguage":"es","potentialAction":[{"@type":"ReadAction","target":["https:\/\/www.cultcaffe.at\/die-roesterei\/"]}]},{"@type":"BreadcrumbList","@id":"https:\/\/www.cultcaffe.at\/die-roesterei\/#breadcrumb","itemListElement":[{"@type":"ListItem","position":1,"name":"Startseite","item":"https:\/\/www.cultcaffe.at\/"},{"@type":"ListItem","position":2,"name":"Die R\u00f6sterei"}]},{"@type":"WebSite","@id":"https:\/\/www.cultcaffe.at\/#website","url":"https:\/\/www.cultcaffe.at\/","name":"CultCaff\u00e9 - la tostadur\u00eda de caf\u00e9 org\u00e1nico","description":"Amor por el caf\u00e9","publisher":{"@id":"https:\/\/www.cultcaffe.at\/#organization"},"potentialAction":[{"@type":"SearchAction","target":{"@type":"EntryPoint","urlTemplate":"https:\/\/www.cultcaffe.at\/?s={search_term_string}"},"query-input":{"@type":"PropertyValueSpecification","valueRequired":true,"valueName":"search_term_string"}}],"inLanguage":"es"},{"@type":["Organization","Place"],"@id":"https:\/\/www.cultcaffe.at\/#organization","name":"Tostadur\u00eda de caf\u00e9 CultCaff\u00e9 GmbH","alternateName":"CultCaff\u00e9","url":"https:\/\/www.cultcaffe.at\/","logo":{"@id":"https:\/\/www.cultcaffe.at\/die-roesterei\/#local-main-organization-logo"},"image":{"@id":"https:\/\/www.cultcaffe.at\/die-roesterei\/#local-main-organization-logo"},"sameAs":["https:\/\/www.facebook.com\/p\/Cult-Caff\u00e8-die-R\u00f6sterei-100039719724703\/?locale=de_DE","https:\/\/www.instagram.com\/cultcaffe.at\/"],"hasMerchantReturnPolicy":{"@type":"MerchantReturnPolicy","merchantReturnLink":"https:\/\/www.cultcaffe.at\/es\/agbs\/"},"telephone":[],"openingHoursSpecification":[{"@type":"OpeningHoursSpecification","dayOfWeek":["Monday","Tuesday","Wednesday","Thursday","Friday","Saturday","Sunday"],"opens":"09:00","closes":"17:00"}]},{"@type":"ImageObject","inLanguage":"es","@id":"https:\/\/www.cultcaffe.at\/die-roesterei\/#local-main-organization-logo","url":"https:\/\/www.cultcaffe.at\/wp-content\/uploads\/2023\/11\/cultcaffe_logo_regular_dark-1.svg","contentUrl":"https:\/\/www.cultcaffe.at\/wp-content\/uploads\/2023\/11\/cultcaffe_logo_regular_dark-1.svg","width":756,"height":474,"caption":"CultCaff\u00e9 Kaffeer\u00f6sterei GmbH"}]}},"_links":{"self":[{"href":"https:\/\/www.cultcaffe.at\/es\/wp-json\/wp\/v2\/pages\/776","targetHints":{"allow":["GET"]}}],"collection":[{"href":"https:\/\/www.cultcaffe.at\/es\/wp-json\/wp\/v2\/pages"}],"about":[{"href":"https:\/\/www.cultcaffe.at\/es\/wp-json\/wp\/v2\/types\/page"}],"author":[{"embeddable":true,"href":"https:\/\/www.cultcaffe.at\/es\/wp-json\/wp\/v2\/users\/6"}],"replies":[{"embeddable":true,"href":"https:\/\/www.cultcaffe.at\/es\/wp-json\/wp\/v2\/comments?post=776"}],"version-history":[{"count":237,"href":"https:\/\/www.cultcaffe.at\/es\/wp-json\/wp\/v2\/pages\/776\/revisions"}],"predecessor-version":[{"id":18155,"href":"https:\/\/www.cultcaffe.at\/es\/wp-json\/wp\/v2\/pages\/776\/revisions\/18155"}],"wp:attachment":[{"href":"https:\/\/www.cultcaffe.at\/es\/wp-json\/wp\/v2\/media?parent=776"}],"curies":[{"name":"wp","href":"https:\/\/api.w.org\/{rel}","templated":true}]}}