{"id":2064,"date":"2024-01-31T13:13:52","date_gmt":"2024-01-31T12:13:52","guid":{"rendered":"https:\/\/www.cultcaffe.at\/kasse\/"},"modified":"2025-03-14T13:21:36","modified_gmt":"2025-03-14T12:21:36","slug":"verificar","status":"publish","type":"page","link":"https:\/\/www.cultcaffe.at\/es\/kasse\/","title":{"rendered":"Verificar"},"content":{"rendered":"<div data-elementor-type=\"wp-page\" data-elementor-id=\"2064\" class=\"elementor elementor-2064\" data-elementor-post-type=\"page\">\n\t\t\t\t<div class=\"elementor-element elementor-element-52d2a1e e-flex e-con-boxed e-con e-parent\" data-id=\"52d2a1e\" data-element_type=\"container\" data-e-type=\"container\" data-settings=\"{&quot;background_background&quot;:&quot;classic&quot;}\">\n\t\t\t\t\t<div class=\"e-con-inner\">\n\t\t\t\t<div class=\"elementor-element elementor-element-009570f elementor-widget elementor-widget-heading\" data-id=\"009570f\" data-element_type=\"widget\" data-e-type=\"widget\" data-widget_type=\"heading.default\">\n\t\t\t\t<div class=\"elementor-widget-container\">\n\t\t\t\t\t<h2 class=\"elementor-heading-title elementor-size-default\">S\u00f3lo faltan unos pocos pasos para que puedas disfrutar de tu caf\u00e9.<\/h2>\t\t\t\t<\/div>\n\t\t\t\t<\/div>\n\t\t\t\t<div class=\"elementor-element elementor-element-ce232d0 elementor-widget elementor-widget-woocommerce-checkout-page\" data-id=\"ce232d0\" data-element_type=\"widget\" data-e-type=\"widget\" data-widget_type=\"woocommerce-checkout-page.default\">\n\t\t\t\t<div class=\"elementor-widget-container\">\n\t\t\t\t\t<div class=\"woocommerce\"><\/div>\t\t\t\t<\/div>\n\t\t\t\t<\/div>\n\t\t\t\t\t<\/div>\n\t\t\t\t<\/div>\n\t\t\t\t<\/div>","protected":false},"excerpt":{"rendered":"<p>Nur noch wenige Schritte bis zu Ihrem Kaffeegenuss Schritt 1 von 4 Kontakt Kontaktdaten E-Mail-Adresse&nbsp;*Bestellnummer und Rechnung werden an diese E-Mail-Adresse gesendet. Zum Newsletter anmelden&nbsp;(optional) ch@wolfbiz.at \u00c4ndern \u00c4nderungen speichern Weiter zum Versand Versand Lieferadresse Vorname&nbsp;* Nachname&nbsp;* Firmenname&nbsp;(optional) Land \/ Region&nbsp;*Land\/Region ausw\u00e4hlen\u00a0\u2026\u00d6sterreichBelgienBulgarienZypernTschechienDeutschlandD\u00e4nemarkEstlandSpanienFinnlandFrankreichGriechenlandKroatienUngarnIrlandItalienLitauenLuxemburgLettlandMaltaNiederlandePolenPortugalRum\u00e4nienSchwedenSlowenienSlowakeiAktualisiere Land \/ Region Stra\u00dfe&nbsp;*Stra\u00dfenname und Hausnummer Wohnung, Suite, Zimmer usw.&nbsp;(optional)Wohnung, Einheit, Geb\u00e4ude, Etage etc. [&hellip;]<\/p>\n","protected":false},"author":6,"featured_media":0,"parent":0,"menu_order":0,"comment_status":"closed","ping_status":"closed","template":"","meta":{"inline_featured_image":false,"footnotes":""},"class_list":["post-2064","page","type-page","status-publish","hentry"],"yoast_head":"<!-- This site is optimized with the Yoast SEO plugin v27.4 - https:\/\/yoast.com\/product\/yoast-seo-wordpress\/ -->\n<title>Kasse - CultCaff\u00e9 - die Bio Kaffee R\u00f6sterei<\/title>\n<meta name=\"robots\" content=\"index, follow, max-snippet:-1, max-image-preview:large, max-video-preview:-1\" \/>\n<link rel=\"canonical\" href=\"https:\/\/www.cultcaffe.at\/es\/verificar\/\" \/>\n<meta property=\"og:locale\" content=\"es_ES\" \/>\n<meta property=\"og:type\" content=\"article\" \/>\n<meta property=\"og:title\" content=\"Kasse - CultCaff\u00e9 - die Bio Kaffee R\u00f6sterei\" \/>\n<meta property=\"og:description\" content=\"Nur noch wenige Schritte bis zu Ihrem Kaffeegenuss Schritt 1 von 4 Kontakt Kontaktdaten E-Mail-Adresse&nbsp;*Bestellnummer und Rechnung werden an diese E-Mail-Adresse gesendet. Zum Newsletter anmelden&nbsp;(optional) ch@wolfbiz.at \u00c4ndern \u00c4nderungen speichern Weiter zum Versand Versand Lieferadresse Vorname&nbsp;* Nachname&nbsp;* Firmenname&nbsp;(optional) Land \/ Region&nbsp;*Land\/Region ausw\u00e4hlen\u00a0\u2026\u00d6sterreichBelgienBulgarienZypernTschechienDeutschlandD\u00e4nemarkEstlandSpanienFinnlandFrankreichGriechenlandKroatienUngarnIrlandItalienLitauenLuxemburgLettlandMaltaNiederlandePolenPortugalRum\u00e4nienSchwedenSlowenienSlowakeiAktualisiere Land \/ Region Stra\u00dfe&nbsp;*Stra\u00dfenname und Hausnummer Wohnung, Suite, Zimmer usw.&nbsp;(optional)Wohnung, Einheit, Geb\u00e4ude, Etage etc. [&hellip;]\" \/>\n<meta property=\"og:url\" content=\"https:\/\/www.cultcaffe.at\/es\/verificar\/\" \/>\n<meta property=\"og:site_name\" content=\"CultCaff\u00e9 - die Bio Kaffee R\u00f6sterei\" \/>\n<meta property=\"article:publisher\" content=\"https:\/\/www.facebook.com\/p\/Cult-Caff%c3%a8-die-R%c3%b6sterei-100039719724703\/?locale=de_DE\" \/>\n<meta property=\"article:modified_time\" content=\"2025-03-14T12:21:36+00:00\" \/>\n<meta property=\"og:image\" content=\"https:\/\/www.cultcaffe.at\/wp-content\/plugins\/pymntpl-paypal-woocommerce\/assets\/img\/paypal_logo.svg\" \/>\n<meta name=\"twitter:card\" content=\"summary_large_image\" \/>\n<meta name=\"twitter:label1\" content=\"Tiempo de lectura\" \/>\n\t<meta name=\"twitter:data1\" content=\"4 minutos\" \/>\n<script type=\"application\/ld+json\" class=\"yoast-schema-graph\">{\"@context\":\"https:\\\/\\\/schema.org\",\"@graph\":[{\"@type\":\"WebPage\",\"@id\":\"https:\\\/\\\/www.cultcaffe.at\\\/kasse\\\/\",\"url\":\"https:\\\/\\\/www.cultcaffe.at\\\/kasse\\\/\",\"name\":\"Kasse - CultCaff\u00e9 - die Bio Kaffee R\u00f6sterei\",\"isPartOf\":{\"@id\":\"https:\\\/\\\/www.cultcaffe.at\\\/#website\"},\"primaryImageOfPage\":{\"@id\":\"https:\\\/\\\/www.cultcaffe.at\\\/kasse\\\/#primaryimage\"},\"image\":{\"@id\":\"https:\\\/\\\/www.cultcaffe.at\\\/kasse\\\/#primaryimage\"},\"thumbnailUrl\":\"https:\\\/\\\/www.cultcaffe.at\\\/wp-content\\\/plugins\\\/pymntpl-paypal-woocommerce\\\/assets\\\/img\\\/paypal_logo.svg\",\"datePublished\":\"2024-01-31T12:13:52+00:00\",\"dateModified\":\"2025-03-14T12:21:36+00:00\",\"breadcrumb\":{\"@id\":\"https:\\\/\\\/www.cultcaffe.at\\\/kasse\\\/#breadcrumb\"},\"inLanguage\":\"es\",\"potentialAction\":[{\"@type\":\"ReadAction\",\"target\":[\"https:\\\/\\\/www.cultcaffe.at\\\/kasse\\\/\"]}]},{\"@type\":\"ImageObject\",\"inLanguage\":\"es\",\"@id\":\"https:\\\/\\\/www.cultcaffe.at\\\/kasse\\\/#primaryimage\",\"url\":\"https:\\\/\\\/www.cultcaffe.at\\\/wp-content\\\/plugins\\\/pymntpl-paypal-woocommerce\\\/assets\\\/img\\\/paypal_logo.svg\",\"contentUrl\":\"https:\\\/\\\/www.cultcaffe.at\\\/wp-content\\\/plugins\\\/pymntpl-paypal-woocommerce\\\/assets\\\/img\\\/paypal_logo.svg\"},{\"@type\":\"BreadcrumbList\",\"@id\":\"https:\\\/\\\/www.cultcaffe.at\\\/kasse\\\/#breadcrumb\",\"itemListElement\":[{\"@type\":\"ListItem\",\"position\":1,\"name\":\"Startseite\",\"item\":\"https:\\\/\\\/www.cultcaffe.at\\\/\"},{\"@type\":\"ListItem\",\"position\":2,\"name\":\"Kasse\"}]},{\"@type\":\"WebSite\",\"@id\":\"https:\\\/\\\/www.cultcaffe.at\\\/#website\",\"url\":\"https:\\\/\\\/www.cultcaffe.at\\\/\",\"name\":\"CultCaff\u00e9 - die Bio Kaffee R\u00f6sterei\",\"description\":\"Liebe zum Kaffee\",\"publisher\":{\"@id\":\"https:\\\/\\\/www.cultcaffe.at\\\/#organization\"},\"potentialAction\":[{\"@type\":\"SearchAction\",\"target\":{\"@type\":\"EntryPoint\",\"urlTemplate\":\"https:\\\/\\\/www.cultcaffe.at\\\/?s={search_term_string}\"},\"query-input\":{\"@type\":\"PropertyValueSpecification\",\"valueRequired\":true,\"valueName\":\"search_term_string\"}}],\"inLanguage\":\"es\"},{\"@type\":[\"Organization\",\"Place\"],\"@id\":\"https:\\\/\\\/www.cultcaffe.at\\\/#organization\",\"name\":\"CultCaff\u00e9 Kaffeer\u00f6sterei GmbH\",\"alternateName\":\"CultCaff\u00e9\",\"url\":\"https:\\\/\\\/www.cultcaffe.at\\\/\",\"logo\":{\"@id\":\"https:\\\/\\\/www.cultcaffe.at\\\/kasse\\\/#local-main-organization-logo\"},\"image\":{\"@id\":\"https:\\\/\\\/www.cultcaffe.at\\\/kasse\\\/#local-main-organization-logo\"},\"sameAs\":[\"https:\\\/\\\/www.facebook.com\\\/p\\\/Cult-Caff\u00e8-die-R\u00f6sterei-100039719724703\\\/?locale=de_DE\",\"https:\\\/\\\/www.instagram.com\\\/cultcaffe.at\\\/\"],\"hasMerchantReturnPolicy\":{\"@type\":\"MerchantReturnPolicy\",\"merchantReturnLink\":\"https:\\\/\\\/www.cultcaffe.at\\\/es\\\/agbs\\\/\"},\"telephone\":[],\"openingHoursSpecification\":[{\"@type\":\"OpeningHoursSpecification\",\"dayOfWeek\":[\"Monday\",\"Tuesday\",\"Wednesday\",\"Thursday\",\"Friday\",\"Saturday\",\"Sunday\"],\"opens\":\"09:00\",\"closes\":\"17:00\"}]},{\"@type\":\"ImageObject\",\"inLanguage\":\"es\",\"@id\":\"https:\\\/\\\/www.cultcaffe.at\\\/kasse\\\/#local-main-organization-logo\",\"url\":\"https:\\\/\\\/www.cultcaffe.at\\\/wp-content\\\/uploads\\\/2023\\\/11\\\/cultcaffe_logo_regular_dark-1.svg\",\"contentUrl\":\"https:\\\/\\\/www.cultcaffe.at\\\/wp-content\\\/uploads\\\/2023\\\/11\\\/cultcaffe_logo_regular_dark-1.svg\",\"width\":756,\"height\":474,\"caption\":\"CultCaff\u00e9 Kaffeer\u00f6sterei GmbH\"}]}<\/script>\n<!-- \/ Yoast SEO plugin. -->","yoast_head_json":{"title":"Caja - CultCaff\u00e9 - la tostadur\u00eda de caf\u00e9 org\u00e1nico","robots":{"index":"index","follow":"follow","max-snippet":"max-snippet:-1","max-image-preview":"max-image-preview:large","max-video-preview":"max-video-preview:-1"},"canonical":"https:\/\/www.cultcaffe.at\/es\/verificar\/","og_locale":"es_ES","og_type":"article","og_title":"Kasse - CultCaff\u00e9 - die Bio Kaffee R\u00f6sterei","og_description":"Nur noch wenige Schritte bis zu Ihrem Kaffeegenuss Schritt 1 von 4 Kontakt Kontaktdaten E-Mail-Adresse&nbsp;*Bestellnummer und Rechnung werden an diese E-Mail-Adresse gesendet. Zum Newsletter anmelden&nbsp;(optional) ch@wolfbiz.at \u00c4ndern \u00c4nderungen speichern Weiter zum Versand Versand Lieferadresse Vorname&nbsp;* Nachname&nbsp;* Firmenname&nbsp;(optional) Land \/ Region&nbsp;*Land\/Region ausw\u00e4hlen\u00a0\u2026\u00d6sterreichBelgienBulgarienZypernTschechienDeutschlandD\u00e4nemarkEstlandSpanienFinnlandFrankreichGriechenlandKroatienUngarnIrlandItalienLitauenLuxemburgLettlandMaltaNiederlandePolenPortugalRum\u00e4nienSchwedenSlowenienSlowakeiAktualisiere Land \/ Region Stra\u00dfe&nbsp;*Stra\u00dfenname und Hausnummer Wohnung, Suite, Zimmer usw.&nbsp;(optional)Wohnung, Einheit, Geb\u00e4ude, Etage etc. [&hellip;]","og_url":"https:\/\/www.cultcaffe.at\/es\/verificar\/","og_site_name":"CultCaff\u00e9 - die Bio Kaffee R\u00f6sterei","article_publisher":"https:\/\/www.facebook.com\/p\/Cult-Caff%c3%a8-die-R%c3%b6sterei-100039719724703\/?locale=de_DE","article_modified_time":"2025-03-14T12:21:36+00:00","og_image":[{"url":"https:\/\/www.cultcaffe.at\/wp-content\/plugins\/pymntpl-paypal-woocommerce\/assets\/img\/paypal_logo.svg","type":"","width":"","height":""}],"twitter_card":"summary_large_image","twitter_misc":{"Tiempo de lectura":"4 minutos"},"schema":{"@context":"https:\/\/schema.org","@graph":[{"@type":"WebPage","@id":"https:\/\/www.cultcaffe.at\/kasse\/","url":"https:\/\/www.cultcaffe.at\/kasse\/","name":"Caja - CultCaff\u00e9 - la tostadur\u00eda de caf\u00e9 org\u00e1nico","isPartOf":{"@id":"https:\/\/www.cultcaffe.at\/#website"},"primaryImageOfPage":{"@id":"https:\/\/www.cultcaffe.at\/kasse\/#primaryimage"},"image":{"@id":"https:\/\/www.cultcaffe.at\/kasse\/#primaryimage"},"thumbnailUrl":"https:\/\/www.cultcaffe.at\/wp-content\/plugins\/pymntpl-paypal-woocommerce\/assets\/img\/paypal_logo.svg","datePublished":"2024-01-31T12:13:52+00:00","dateModified":"2025-03-14T12:21:36+00:00","breadcrumb":{"@id":"https:\/\/www.cultcaffe.at\/kasse\/#breadcrumb"},"inLanguage":"es","potentialAction":[{"@type":"ReadAction","target":["https:\/\/www.cultcaffe.at\/kasse\/"]}]},{"@type":"ImageObject","inLanguage":"es","@id":"https:\/\/www.cultcaffe.at\/kasse\/#primaryimage","url":"https:\/\/www.cultcaffe.at\/wp-content\/plugins\/pymntpl-paypal-woocommerce\/assets\/img\/paypal_logo.svg","contentUrl":"https:\/\/www.cultcaffe.at\/wp-content\/plugins\/pymntpl-paypal-woocommerce\/assets\/img\/paypal_logo.svg"},{"@type":"BreadcrumbList","@id":"https:\/\/www.cultcaffe.at\/kasse\/#breadcrumb","itemListElement":[{"@type":"ListItem","position":1,"name":"Startseite","item":"https:\/\/www.cultcaffe.at\/"},{"@type":"ListItem","position":2,"name":"Kasse"}]},{"@type":"WebSite","@id":"https:\/\/www.cultcaffe.at\/#website","url":"https:\/\/www.cultcaffe.at\/","name":"CultCaff\u00e9 - la tostadur\u00eda de caf\u00e9 org\u00e1nico","description":"Amor por el caf\u00e9","publisher":{"@id":"https:\/\/www.cultcaffe.at\/#organization"},"potentialAction":[{"@type":"SearchAction","target":{"@type":"EntryPoint","urlTemplate":"https:\/\/www.cultcaffe.at\/?s={search_term_string}"},"query-input":{"@type":"PropertyValueSpecification","valueRequired":true,"valueName":"search_term_string"}}],"inLanguage":"es"},{"@type":["Organization","Place"],"@id":"https:\/\/www.cultcaffe.at\/#organization","name":"Tostadur\u00eda de caf\u00e9 CultCaff\u00e9 GmbH","alternateName":"CultCaff\u00e9","url":"https:\/\/www.cultcaffe.at\/","logo":{"@id":"https:\/\/www.cultcaffe.at\/kasse\/#local-main-organization-logo"},"image":{"@id":"https:\/\/www.cultcaffe.at\/kasse\/#local-main-organization-logo"},"sameAs":["https:\/\/www.facebook.com\/p\/Cult-Caff\u00e8-die-R\u00f6sterei-100039719724703\/?locale=de_DE","https:\/\/www.instagram.com\/cultcaffe.at\/"],"hasMerchantReturnPolicy":{"@type":"MerchantReturnPolicy","merchantReturnLink":"https:\/\/www.cultcaffe.at\/es\/agbs\/"},"telephone":[],"openingHoursSpecification":[{"@type":"OpeningHoursSpecification","dayOfWeek":["Monday","Tuesday","Wednesday","Thursday","Friday","Saturday","Sunday"],"opens":"09:00","closes":"17:00"}]},{"@type":"ImageObject","inLanguage":"es","@id":"https:\/\/www.cultcaffe.at\/kasse\/#local-main-organization-logo","url":"https:\/\/www.cultcaffe.at\/wp-content\/uploads\/2023\/11\/cultcaffe_logo_regular_dark-1.svg","contentUrl":"https:\/\/www.cultcaffe.at\/wp-content\/uploads\/2023\/11\/cultcaffe_logo_regular_dark-1.svg","width":756,"height":474,"caption":"CultCaff\u00e9 Kaffeer\u00f6sterei GmbH"}]}},"_links":{"self":[{"href":"https:\/\/www.cultcaffe.at\/es\/wp-json\/wp\/v2\/pages\/2064","targetHints":{"allow":["GET"]}}],"collection":[{"href":"https:\/\/www.cultcaffe.at\/es\/wp-json\/wp\/v2\/pages"}],"about":[{"href":"https:\/\/www.cultcaffe.at\/es\/wp-json\/wp\/v2\/types\/page"}],"author":[{"embeddable":true,"href":"https:\/\/www.cultcaffe.at\/es\/wp-json\/wp\/v2\/users\/6"}],"replies":[{"embeddable":true,"href":"https:\/\/www.cultcaffe.at\/es\/wp-json\/wp\/v2\/comments?post=2064"}],"version-history":[{"count":42,"href":"https:\/\/www.cultcaffe.at\/es\/wp-json\/wp\/v2\/pages\/2064\/revisions"}],"predecessor-version":[{"id":17478,"href":"https:\/\/www.cultcaffe.at\/es\/wp-json\/wp\/v2\/pages\/2064\/revisions\/17478"}],"wp:attachment":[{"href":"https:\/\/www.cultcaffe.at\/es\/wp-json\/wp\/v2\/media?parent=2064"}],"curies":[{"name":"wp","href":"https:\/\/api.w.org\/{rel}","templated":true}]}}