{"id":981,"date":"2021-12-13T09:48:40","date_gmt":"2021-12-13T08:48:40","guid":{"rendered":"https:\/\/www.cultcaffe.at\/?page_id=981"},"modified":"2025-11-03T17:09:00","modified_gmt":"2025-11-03T16:09:00","slug":"terms-and-conditions","status":"publish","type":"page","link":"https:\/\/www.cultcaffe.at\/en\/agbs\/","title":{"rendered":"Terms and Conditions"},"content":{"rendered":"\t\t<div data-elementor-type=\"wp-page\" data-elementor-id=\"981\" class=\"elementor elementor-981\" data-elementor-post-type=\"page\">\n\t\t\t\t<div class=\"elementor-element elementor-element-53a86153 e-flex e-con-boxed e-con e-parent\" data-id=\"53a86153\" data-element_type=\"container\" data-e-type=\"container\">\n\t\t\t\t\t<div class=\"e-con-inner\">\n\t\t\t\t<div class=\"elementor-element elementor-element-6f50b132 elementor-widget elementor-widget-text-editor\" data-id=\"6f50b132\" data-element_type=\"widget\" data-e-type=\"widget\" data-widget_type=\"text-editor.default\">\n\t\t\t\t<div class=\"elementor-widget-container\">\n\t\t\t\t\t\t\t\t\t<p><strong>AGBs, Lieferkonditionen und Versandkosten.<\/strong><\/p>\n<p><b>GELTUNG VON ALLGEMEINEN GESCH\u00c4FTSBEDINGUNGEN (AGB)<\/b><br>Die Lieferungen, Leistungen und Angebote unseres Unternehmens erfolgen ausschlie\u00dflich aufgrund dieser Gesch\u00e4ftsbedingungen. Entgegenstehende oder von unseren Gesch\u00e4ftsbedingungen abweichende Bedingungen des Kunden erkennen wir nicht an, es sei denn, wir h\u00e4tten ausdru\u0308cklich ihrer Geltung zugestimmt. Vertragserfu\u0308llungshandlungen unsererseits gelten insofern nicht als Zustimmung zu von unseren Bedingungen abweichenden Vertragsbedingungen. Diese Gesch\u00e4ftsbedingungen gelten als Rahmenvereinbarung auch fu\u0308r alle weiteren Rechtsgesch\u00e4fte zwischen den Vertragsparteien.<\/p>\n<p><b>VERTRAGSABSCHLUSS<\/b><br>Durch Anklicken des Buttons&nbsp;<b>\u201eBestellung absenden\u201c<\/b>&nbsp;geben Sie eine verbindliche Bestellung der im Warenkorb enthaltenen Waren ab. Die Best\u00e4tigung des Eingangs der Bestellung folgt unmittelbar nach dem Absenden der Bestellung. Der Kaufvertrag kommt mit unserer Auslieferungsbest\u00e4tigung oder Lieferung der Waren zustande.Ein Vertragsangebot eines Kunden bedarf einer Auftragsbest\u00e4tigung. Auch das absenden der vom Kunden bestellten Ware bewirkt den Vertragsabschluss. Werden an uns Angebote gerichtet, so ist der Anbietende eine angemessene, mindestens jedoch 8-t\u00e4gige Frist ab Zugang des Angebotes daran gebunden.<\/p>\n<p><b>SCHUTZ VON UNTERLAGEN\/GEHEIMHALTUNG<\/b><br>Kostenvoranschl\u00e4ge und sonstige Unterlagen wie Prospekte, Kataloge, Muster, Pr\u00e4sentationen und \u00e4hnliches bleiben unser geistiges Eigentum. Jede Verwendung, insbesondere die Weitergabe, Vervielf\u00e4ltigung, Ver\u00f6ffentlichung und Zurverfu\u0308gungstellung einschlie\u00dflich des auch nur auszugsweisen Kopierens, bedarf unserer ausdru\u0308cklichen Zustimmung.<br>Unser Vertragspartner verpflichtet sich im \u00dcbrigen zur Geheimhaltung des ihm aus der Gesch\u00e4ftsbeziehung zugegangenen Wissens Dritten gegenu\u0308ber.<\/p>\n<p><b>BESTELLUNG<\/b><br>Schriftliche, mu\u0308ndliche, telefonische oder auf anderem Weg (Telefax, E-Mail, o.\u00e4.) aufgegebene Bestellungen gelten als fix erteilt und bedu\u0308rfen keinerlei schriftlicher Best\u00e4tigung.<br>Weiters bitten wir Sie die Bestellung eine Woche vor gewu\u0308nschtem Liefertermin bekannt zu geben.<\/p>\n<p><b>MINDESTBESTELLWERT<\/b><br>Wir liefern gerne ab einem Bestellwert von \u20ac 35,-.<\/p>\n<p><b>PREIS<\/b><br>Alle von uns genannten Preise sind, sofern nicht anders ausdru\u0308cklich vermerkt ist, inklusive Umsatzsteuer zu verstehen.<br>Sollten sich die Lohnkosten aufgrund kollektivvertraglicher Regelungen in der&nbsp;Branche oder innerbetrieblicher Abschlu\u0308sse oder sollten sich andere, fu\u0308r die Kalkulation relevante Kostenstellen oder zur Leistungserstellung notwendige Kosten wie jene fu\u0308r Materialien, Energie, Transporte, Fremdarbeiten, Finanzierung, etc. ver\u00e4ndern, so sind wir berechtigt die Preise entsprechend zu erh\u00f6hen oder zu erm\u00e4\u00dfigen.<\/p>\n<p><b>ZAHLUNGSARTEN<br><\/b>Der Rechnungsbetrag wird wahlweise per Vorkasse oder Rechnung bezahlt. Bei Neukunden erfolgt die Bezahlung nur per Vorkasse.Zahlungen richten Sie bitte an folgendes Konto: Volksbank Alpenvorland, IBAN:&nbsp;AT 44 4715 0415 2880 0000, BIC\/SWIFT:&nbsp;VBOEATWWNOM lautend auf: Cult Caff\u00e9 Kaffeer\u00f6sterei GmbH, K\u00f6chlinger Str. 14, 3371 Neumarkt<\/p>\n<p><b>ZAHLUNGSBEDINGUNGEN, VERZUGSZINSEN<\/b><br>Der K\u00e4ufer verpflichtet sich zur vollst\u00e4ndigen Bezahlung des Kaufpreises bereits bei Vertragsabschluss. Unsere Rechnungen sind ohne jeden Abzug sofort f\u00e4llig.<br>Skontoabzu\u0308ge bedu\u0308rfen einer gesonderten Vereinbarung. Im Falle des Zahlungsverzuges, auch mit Teilzahlungen, treten auch allf\u00e4llige Skontovereinbarungen au\u00dfer Kraft. Zahlungen des Kunden gelten erst mit dem Zeitpunkt des Einganges auf unserem Gesch\u00e4ftskonto als geleistet. Die gelieferten Waren bleiben bis zur vollst\u00e4ndigen Bezahlung unser Eigentum.<br>Zahlungen werden stets auf die \u00e4lteste Forderung angerechnet. Wir sind berechtigt, aber nicht verpflichtet, anderslautende Widmungen des Kunden zu beru\u0308cksichtigen.<br>Forderungen des Kunden k\u00f6nnen mit unseren Forderungen nur aufgerechnet werden, wenn sie von uns ausdru\u0308cklich schriftlich anerkannt oder rechtskr\u00e4ftig gerichtlich festgestellt sind. In allen anderen F\u00e4llen ist die Aufrechnung durch den Kunden ausgeschlossen.<br>Bei Zahlungsverzug werden Verzugszinsen in H\u00f6he von 9% p.a. verrechnet. Der Kunde ist daru\u0308ber hinaus verpflichtet, die uns dadurch entstehenden Mahn- bzw. vor- und au\u00dfergerichtlichen Eintreibungskosten zu ersetzen.<\/p>\n<p><b>VERSANDKOSTEN<br><\/b>\u00d6sterreich:&nbsp; &nbsp;\u20ac&nbsp; &nbsp;10,20&nbsp; <strong>Ab einem Brutto-Auftragswert von \u20ac 125,\u2013 senden wir versandkostenfrei.<\/strong><br>EU:&nbsp;&nbsp;&nbsp;&nbsp;&nbsp;&nbsp;&nbsp;&nbsp;&nbsp; &nbsp;&nbsp;&nbsp;&nbsp; &nbsp;\u20ac 21,60&nbsp; <strong>Ab einem Brutto-Auftragswert von \u20ac 220,\u2013: \u20ac 15,&#8211;<\/strong><br>Der Versand erfolgt \u00fcber einen Lieferdienst oder durch die \u00d6sterreichische Post.<br>ACHTUNG: Beim Versand durch einen Lieferdienst&nbsp;muss gew\u00e4hrleistet sein, dass eine Zustellung w\u00e4hrend der B\u00fcrozeiten m\u00f6glich ist!<br><strong><br><\/strong>Kein Versand in die Schweiz und Nicht-EU-L\u00e4nder.<\/p>\n<p><b>LIEFERZEITEN<\/b><br>Die voraussichtliche Lieferzeit entnehmen Sie bitte der Produktbeschreibung. Falls dort keine Angaben gemacht werden, erfolgt die Lieferung bei Bestellannahme innerhalb von 2-3 Werktagen.<\/p>\n<p><b>TERMINVERLUST<\/b><br>Soweit der Kunde seine Zahlungsverpflichtung in Teilbetr\u00e4gen zu leisten hat, gilt als vereinbart, dass bei nicht fristgerechter Bezahlung auch nur einer Rate s\u00e4mtliche noch ausst\u00e4ndige Teilleistungen ohne weitere Nachfristsetzung sofort f\u00e4llig werden.<\/p>\n<p><b>VERTRAGSR\u00dcCKTRITT<\/b><br>Im Falle der Er\u00f6ffnung eines Insolvenzverfahrens u\u0308ber das Verm\u00f6gen des Kunden sind wir berechtigt, hinsichtlich nicht erfu\u0308llter Lieferungen oder allf\u00e4lliger Jahresvereinbarungen zuru\u0308ckzutreten.<br>Bei Zahlungsverzug des Kunden sind wir von allen weiteren Leistungs- und Lieferungsverpflichtungen entbunden und berechtigt, noch ausstehende Lieferungen oder Leistungen zuru\u0308ckzuhalten und Vorauszahlungen bzw. Sicherstellungen zu fordern oder nach Setzung einer angemessenen Nachfrist vom Vertrag zuru\u0308ckzutreten.<br>Tritt der Kunde \u2013 ohne dazu berechtigt zu sein \u2013 vom Vertrag zuru\u0308ck oder begehrt er seine Aufhebung, so haben wir die Wahl, auf Erfu\u0308llung des Vertrages zu bestehen oder der Aufhebung des Vertrages zuzustimmen; im letzteren Fall ist der Kunde verpflichtet, nach unserer Wahl einen pauschalierten Schadenersatz in H\u00f6he von 15 % des Bruttorechnungsbetrages oder den tats\u00e4chlich entstandenen Schaden zu begehren.<\/p>\n<p><b>LIEFERUNG, TRANSPORT<\/b><br>Unsere Verkaufspreise beinhalten keine Kosten fu\u0308r Zustellung, Montage oder Aufstellung. Auf Wunsch werden jedoch diese Leistungen gegen gesonderte Bezahlung von uns erbracht bzw. organisiert.<br>Unsere Lieferungen erfolgen frei Haus, bei Paketversand auf Gefahr und Kosten des Kunden. Muster senden wir Ihnen gerne gegen Bezahlung.<br>Die Versandkosten werden nach \u00f6sterreichischen Tarifen berechnet. Ab einem Auftragswert von \u20ac 125,\u2013 senden wir versandkostenfrei.<br>Gekaufte Waren k\u00f6nnen weder umgetauscht noch retourniert werden. Die von uns genannten Liefertermine gelten als unverbindlich; wegen Lieferverzug oder Nichtbelieferung k\u00f6nnen keine Schadenersatzanspru\u0308che geltend gemacht werden.<br>Transportsch\u00e4den, soweit der Auftraggeber u\u0308berhaupt haftet, werden nur durch Einsenden eines Schadensprotokolls akzeptiert.<\/p>\n<p><b>M\u00c4NGEL, REKLAMATION, GEW\u00c4HRLEISTUNG, SCHADENERSATZ<\/b><br>Ihre Bestellung wird frisch verpackt und mit einem Mindesthaltbarkeitsdatum versehen. Sollte trotz richtiger Lagerung an der Ware etwas zu beanstanden sein, so teilen Sie uns dies bitte sp\u00e4testens 24 Stunden nach Erhalt der Lieferung mit. ODER:<br>Allf\u00e4llige M\u00e4ngelru\u0308gen sind unverzu\u0308glich nach Warenu\u0308bernahme schriftlich zu erheben, andernfalls die gelieferte Ware als mangelfrei und genehmigt gilt.<br>Im Fall einer berechtigten M\u00e4ngelru\u0308ge sind wir zur Ersatzlieferung verpflichtet, weitergehende Anspru\u0308che, insbesondere auf Wandlung, Minderung oder Schadenersatz, auch wegen Folgesch\u00e4den, sind ausgeschlossen.<\/p>\n<p><b>EIGENTUMSVORBEHALT<\/b><br>Alle von uns gelieferten Waren bleiben bis zur vollst\u00e4ndigen Bezahlung des Kaufpreises und aller Kosten und Spesen unser Eigentum.<br>Eine Weiterver\u00e4u\u00dferung ist nur zul\u00e4ssig, wenn uns diese rechtzeitig vorher unter Anfu\u0308hrung des Namens bzw. der Firma und der genauen Gesch\u00e4ftsanschrift des K\u00e4ufers bekannt gegeben wurde und wir der Ver\u00e4u\u00dferung zustimmen.<br>Im Falle unserer Zustimmung gilt die Kaufpreisforderung als an uns abgetreten und sind wir jederzeit befugt, den Drittschuldner von dieser Abtretung zu verst\u00e4ndigen. Im Falle einer Mehrzahl von Forderungen unsererseits, werden Zahlungen des Schuldners prim\u00e4r jenen unserer Forderungen zugerechnet, die nicht (mehr) durch einen Eigentumsvorbehalt oder andere Sicherungsmittel gesichert sind.<br>Bei Zugriffen Dritter auf die Vorbehaltsware \u2013 insbesondere durch Pf\u00e4ndungen \u2013 verpflichtet sich der Kunde, auf unser Eigentum hinzuweisen und uns unverzu\u0308glich zu benachrichtigen. Ist der Kunde Verbraucher oder kein Unternehmer, zu dessen ordentlichem Gesch\u00e4ftsbetrieb der Handel mit den von uns erworbenen Waren geh\u00f6rt, darf er bis zu vollst\u00e4ndigen Begleichung der offenen Kaufpreisforderung u\u0308ber die Vorbehaltsware nicht verfu\u0308gen, sie insbesondere nicht verkaufen, verpf\u00e4nden, verschenken oder verleihen. Der Kunde tr\u00e4gt das volle Risiko fu\u0308r die Vorbehaltsware, insbesondere fu\u0308r die Gefahr des Unterganges, des Verlustes oder der Verschlechterung.<br>Im Falle eines auch nur teilweisen Zahlungsverzuges stimmt der K\u00e4ufer schon jetzt zu, dass wir die Ware auf seine Kosten jederzeit abholen k\u00f6nnen.<br>In der Geltendmachung des Eigentumsvorbehaltes liegt nur dann ein Ru\u0308cktritt vom Vertrag, wenn dieser ausdru\u0308cklich erkl\u00e4rt wird.<\/p>\n<p><b>ZUR\u00dcCKBEHALTUNG<\/b><br>Gerechtfertigte Reklamationen berechtigen nicht zur Zuru\u0308ckhaltung des gesamten sondern lediglich eines angemessenen Teiles des Bruttorechnungsbetrages.<\/p>\n<p><b>RECHTSWAHL, GERICHTSSTAND UND ERF\u00dcLLUNGSORT<\/b><br>Es gilt \u00f6sterreichisches Recht. Die Anwendbarkeit des UN-Kaufrechtes wird ausdru\u0308cklich ausgeschlossen. Die Vertragssprache ist Deutsch. Die Vertragsparteien vereinbaren \u00f6sterreichische, inl\u00e4ndische Gerichtsbarkeit. Handelt es sich nicht um ein Verbrauchergesch\u00e4ft, ist zu Entscheidung aller aus diesem Vertrag entstehenden Streitigkeiten das am Sitz des Unternehmens sachlich zust\u00e4ndige Gericht ausschlie\u00dflich \u00f6rtlich zust\u00e4ndig. Wir haben jedoch das Recht, auch am allgemeinen Gerichtsstand des Vertragspartners zu klagen.<br>Erfu\u0308llungsort ist der Sitz unseres Unternehmens.<\/p>\n<p><b>GERINGF\u00dcGIGE LEISTUNGS\u00c4NDERUNGEN<\/b><br>Handelt es sich nicht um ein Verbrauchergesch\u00e4ft, gelten geringfu\u0308gige oder sonstige fu\u0308r unsere Kunden zumutbare \u00c4nderungen unserer Leistungs- bzw. Lieferverpflichtung vorweg als genehmigt. Dies gilt insbesondere fu\u0308r durch die Sache bedingte Abweichungen.<\/p>\n<p><b>DATENSCHUTZ, ADRESSEN\u00c4NDERUNG, URHEBERRECHT<\/b><br>Der Kunde erteilt seine Zustimmung, dass auch die im Kaufvertrag mit enthaltenen personenbezogenen Daten in Erfu\u0308llung dieses Vertrages von uns automationsunterstu\u0308tzt gespeichert und verarbeitet werden.<br>Der Kunde ist verpflichtet, uns \u00c4nderungen seiner Wohn- bzw. Gesch\u00e4ftsadresse bekannt zugeben, solange das vertragsgegenst\u00e4ndliche Rechtsgesch\u00e4ft nicht beiderseitig vollst\u00e4ndig erfu\u0308llt ist. Wird die Mitteilung unterlassen, so gelten Erkl\u00e4rungen auch dann als zugegangen, falls sie an die zuletzt bekannt gegebene Adresse gesendet werden.<\/p>\n<p><b>SONDERVEREINBARUNGEN<\/b><br>Allf\u00e4llige Sondervereinbarungen bedu\u0308rfen der Schriftform; mu\u0308ndliche Zusagen unserer Mitarbeiter sind ausschlie\u00dflich und erst nach unserer schriftlichen Best\u00e4tigung wirksam.<\/p>\n<p>Preise und Text vorbehaltlich Satz- und Druckfehler.[\/vc_column_text][\/vc_column][\/vc_row][vc_row type=&#8220;in_container&#8220; full_screen_row_position=&#8220;middle&#8220; column_margin=&#8220;default&#8220; column_direction=&#8220;default&#8220; column_direction_tablet=&#8220;default&#8220; column_direction_phone=&#8220;default&#8220; scene_position=&#8220;center&#8220; text_color=&#8220;dark&#8220; text_align=&#8220;left&#8220; row_border_radius=&#8220;none&#8220; row_border_radius_applies=&#8220;bg&#8220; overflow=&#8220;visible&#8220; overlay_strength=&#8220;0.3&#8243; gradient_direction=&#8220;left_to_right&#8220; shape_divider_position=&#8220;bottom&#8220; bg_image_animation=&#8220;none&#8220;][vc_column column_padding=&#8220;no-extra-padding&#8220; column_padding_tablet=&#8220;inherit&#8220; column_padding_phone=&#8220;inherit&#8220; column_padding_position=&#8220;all&#8220; column_element_direction_desktop=&#8220;default&#8220; column_element_spacing=&#8220;default&#8220; desktop_text_alignment=&#8220;default&#8220; tablet_text_alignment=&#8220;default&#8220; phone_text_alignment=&#8220;default&#8220; background_color_opacity=&#8220;1&#8243; background_hover_color_opacity=&#8220;1&#8243; column_backdrop_filter=&#8220;none&#8220; column_shadow=&#8220;none&#8220; column_border_radius=&#8220;none&#8220; column_link_target=&#8220;_self&#8220; column_position=&#8220;default&#8220; gradient_direction=&#8220;left_to_right&#8220; overlay_strength=&#8220;0.3&#8243; width=&#8220;1\/1&#8243; tablet_width_inherit=&#8220;default&#8220; animation_type=&#8220;default&#8220; bg_image_animation=&#8220;none&#8220; border_type=&#8220;simple&#8220; column_border_width=&#8220;none&#8220; column_border_style=&#8220;solid&#8220;][vc_column_text]<br>[payment_methods_info][\/vc_column_text][\/vc_column][\/vc_row]<\/p>\t\t\t\t\t\t\t\t<\/div>\n\t\t\t\t<\/div>\n\t\t\t\t\t<\/div>\n\t\t\t\t<\/div>\n\t\t\t\t<\/div>\n\t\t","protected":false},"excerpt":{"rendered":"<p>AGBs, Lieferkonditionen und Versandkosten. GELTUNG VON ALLGEMEINEN GESCH\u00c4FTSBEDINGUNGEN (AGB)Die Lieferungen, Leistungen und Angebote unseres Unternehmens erfolgen ausschlie\u00dflich aufgrund dieser Gesch\u00e4ftsbedingungen. Entgegenstehende oder von unseren Gesch\u00e4ftsbedingungen abweichende Bedingungen des Kunden erkennen wir nicht an, es sei denn, wir h\u00e4tten ausdru\u0308cklich ihrer Geltung zugestimmt. Vertragserfu\u0308llungshandlungen unsererseits gelten insofern nicht als Zustimmung zu von unseren Bedingungen abweichenden Vertragsbedingungen. [&hellip;]<\/p>\n","protected":false},"author":6,"featured_media":0,"parent":0,"menu_order":0,"comment_status":"closed","ping_status":"closed","template":"","meta":{"inline_featured_image":false,"footnotes":""},"class_list":["post-981","page","type-page","status-publish","hentry"],"yoast_head":"<!-- This site is optimized with the Yoast SEO plugin v27.4 - https:\/\/yoast.com\/product\/yoast-seo-wordpress\/ -->\n<title>AGBs - CultCaff\u00e9 - die Bio Kaffee R\u00f6sterei<\/title>\n<meta name=\"description\" content=\"Informationen rund um Ihre Bestellung bei CultCaff\u00e9. Lieferkonditionen und Versandkosten sowie Widerrufsrecht uvm.\" \/>\n<meta name=\"robots\" content=\"index, follow, max-snippet:-1, max-image-preview:large, max-video-preview:-1\" \/>\n<link rel=\"canonical\" href=\"https:\/\/www.cultcaffe.at\/en\/terms-and-conditions\/\" \/>\n<meta property=\"og:locale\" content=\"en_US\" \/>\n<meta property=\"og:type\" content=\"article\" \/>\n<meta property=\"og:title\" content=\"AGBs - CultCaff\u00e9 - die Bio Kaffee R\u00f6sterei\" \/>\n<meta property=\"og:description\" content=\"Informationen rund um Ihre Bestellung bei CultCaff\u00e9. Lieferkonditionen und Versandkosten sowie Widerrufsrecht uvm.\" \/>\n<meta property=\"og:url\" content=\"https:\/\/www.cultcaffe.at\/en\/terms-and-conditions\/\" \/>\n<meta property=\"og:site_name\" content=\"CultCaff\u00e9 - die Bio Kaffee R\u00f6sterei\" \/>\n<meta property=\"article:publisher\" content=\"https:\/\/www.facebook.com\/p\/Cult-Caff%c3%a8-die-R%c3%b6sterei-100039719724703\/?locale=de_DE\" \/>\n<meta property=\"article:modified_time\" content=\"2025-11-03T16:09:00+00:00\" \/>\n<meta name=\"twitter:card\" content=\"summary_large_image\" \/>\n<meta name=\"twitter:label1\" content=\"Est. reading time\" \/>\n\t<meta name=\"twitter:data1\" content=\"8 minutes\" \/>\n<script type=\"application\/ld+json\" class=\"yoast-schema-graph\">{\"@context\":\"https:\\\/\\\/schema.org\",\"@graph\":[{\"@type\":\"WebPage\",\"@id\":\"https:\\\/\\\/www.cultcaffe.at\\\/agbs\\\/\",\"url\":\"https:\\\/\\\/www.cultcaffe.at\\\/agbs\\\/\",\"name\":\"AGBs - CultCaff\u00e9 - die Bio Kaffee R\u00f6sterei\",\"isPartOf\":{\"@id\":\"https:\\\/\\\/www.cultcaffe.at\\\/#website\"},\"datePublished\":\"2021-12-13T08:48:40+00:00\",\"dateModified\":\"2025-11-03T16:09:00+00:00\",\"description\":\"Informationen rund um Ihre Bestellung bei CultCaff\u00e9. Lieferkonditionen und Versandkosten sowie Widerrufsrecht uvm.\",\"breadcrumb\":{\"@id\":\"https:\\\/\\\/www.cultcaffe.at\\\/agbs\\\/#breadcrumb\"},\"inLanguage\":\"en-US\",\"potentialAction\":[{\"@type\":\"ReadAction\",\"target\":[\"https:\\\/\\\/www.cultcaffe.at\\\/agbs\\\/\"]}]},{\"@type\":\"BreadcrumbList\",\"@id\":\"https:\\\/\\\/www.cultcaffe.at\\\/agbs\\\/#breadcrumb\",\"itemListElement\":[{\"@type\":\"ListItem\",\"position\":1,\"name\":\"Startseite\",\"item\":\"https:\\\/\\\/www.cultcaffe.at\\\/\"},{\"@type\":\"ListItem\",\"position\":2,\"name\":\"AGBs\"}]},{\"@type\":\"WebSite\",\"@id\":\"https:\\\/\\\/www.cultcaffe.at\\\/#website\",\"url\":\"https:\\\/\\\/www.cultcaffe.at\\\/\",\"name\":\"CultCaff\u00e9 - die Bio Kaffee R\u00f6sterei\",\"description\":\"Liebe zum Kaffee\",\"publisher\":{\"@id\":\"https:\\\/\\\/www.cultcaffe.at\\\/#organization\"},\"potentialAction\":[{\"@type\":\"SearchAction\",\"target\":{\"@type\":\"EntryPoint\",\"urlTemplate\":\"https:\\\/\\\/www.cultcaffe.at\\\/?s={search_term_string}\"},\"query-input\":{\"@type\":\"PropertyValueSpecification\",\"valueRequired\":true,\"valueName\":\"search_term_string\"}}],\"inLanguage\":\"en-US\"},{\"@type\":[\"Organization\",\"Place\"],\"@id\":\"https:\\\/\\\/www.cultcaffe.at\\\/#organization\",\"name\":\"CultCaff\u00e9 Kaffeer\u00f6sterei GmbH\",\"alternateName\":\"CultCaff\u00e9\",\"url\":\"https:\\\/\\\/www.cultcaffe.at\\\/\",\"logo\":{\"@id\":\"https:\\\/\\\/www.cultcaffe.at\\\/agbs\\\/#local-main-organization-logo\"},\"image\":{\"@id\":\"https:\\\/\\\/www.cultcaffe.at\\\/agbs\\\/#local-main-organization-logo\"},\"sameAs\":[\"https:\\\/\\\/www.facebook.com\\\/p\\\/Cult-Caff\u00e8-die-R\u00f6sterei-100039719724703\\\/?locale=de_DE\",\"https:\\\/\\\/www.instagram.com\\\/cultcaffe.at\\\/\"],\"hasMerchantReturnPolicy\":{\"@type\":\"MerchantReturnPolicy\",\"merchantReturnLink\":\"https:\\\/\\\/www.cultcaffe.at\\\/en\\\/agbs\\\/\"},\"telephone\":[],\"openingHoursSpecification\":[{\"@type\":\"OpeningHoursSpecification\",\"dayOfWeek\":[\"Monday\",\"Tuesday\",\"Wednesday\",\"Thursday\",\"Friday\",\"Saturday\",\"Sunday\"],\"opens\":\"09:00\",\"closes\":\"17:00\"}]},{\"@type\":\"ImageObject\",\"inLanguage\":\"en-US\",\"@id\":\"https:\\\/\\\/www.cultcaffe.at\\\/agbs\\\/#local-main-organization-logo\",\"url\":\"https:\\\/\\\/www.cultcaffe.at\\\/wp-content\\\/uploads\\\/2023\\\/11\\\/cultcaffe_logo_regular_dark-1.svg\",\"contentUrl\":\"https:\\\/\\\/www.cultcaffe.at\\\/wp-content\\\/uploads\\\/2023\\\/11\\\/cultcaffe_logo_regular_dark-1.svg\",\"width\":756,\"height\":474,\"caption\":\"CultCaff\u00e9 Kaffeer\u00f6sterei GmbH\"}]}<\/script>\n<!-- \/ Yoast SEO plugin. -->","yoast_head_json":{"title":"Terms and Conditions - CultCaff\u00e9 - the organic coffee roastery","description":"Information about your order at CultCaff\u00e9. Delivery conditions and shipping costs, right of withdrawal, and much more.","robots":{"index":"index","follow":"follow","max-snippet":"max-snippet:-1","max-image-preview":"max-image-preview:large","max-video-preview":"max-video-preview:-1"},"canonical":"https:\/\/www.cultcaffe.at\/en\/terms-and-conditions\/","og_locale":"en_US","og_type":"article","og_title":"AGBs - CultCaff\u00e9 - die Bio Kaffee R\u00f6sterei","og_description":"Informationen rund um Ihre Bestellung bei CultCaff\u00e9. Lieferkonditionen und Versandkosten sowie Widerrufsrecht uvm.","og_url":"https:\/\/www.cultcaffe.at\/en\/terms-and-conditions\/","og_site_name":"CultCaff\u00e9 - die Bio Kaffee R\u00f6sterei","article_publisher":"https:\/\/www.facebook.com\/p\/Cult-Caff%c3%a8-die-R%c3%b6sterei-100039719724703\/?locale=de_DE","article_modified_time":"2025-11-03T16:09:00+00:00","twitter_card":"summary_large_image","twitter_misc":{"Est. reading time":"8 minutes"},"schema":{"@context":"https:\/\/schema.org","@graph":[{"@type":"WebPage","@id":"https:\/\/www.cultcaffe.at\/agbs\/","url":"https:\/\/www.cultcaffe.at\/agbs\/","name":"Terms and Conditions - CultCaff\u00e9 - the organic coffee roastery","isPartOf":{"@id":"https:\/\/www.cultcaffe.at\/#website"},"datePublished":"2021-12-13T08:48:40+00:00","dateModified":"2025-11-03T16:09:00+00:00","description":"Information about your order at CultCaff\u00e9. Delivery conditions and shipping costs, right of withdrawal, and much more.","breadcrumb":{"@id":"https:\/\/www.cultcaffe.at\/agbs\/#breadcrumb"},"inLanguage":"en-US","potentialAction":[{"@type":"ReadAction","target":["https:\/\/www.cultcaffe.at\/agbs\/"]}]},{"@type":"BreadcrumbList","@id":"https:\/\/www.cultcaffe.at\/agbs\/#breadcrumb","itemListElement":[{"@type":"ListItem","position":1,"name":"Startseite","item":"https:\/\/www.cultcaffe.at\/"},{"@type":"ListItem","position":2,"name":"AGBs"}]},{"@type":"WebSite","@id":"https:\/\/www.cultcaffe.at\/#website","url":"https:\/\/www.cultcaffe.at\/","name":"CultCaff\u00e9 - the organic coffee roastery","description":"Love for coffee","publisher":{"@id":"https:\/\/www.cultcaffe.at\/#organization"},"potentialAction":[{"@type":"SearchAction","target":{"@type":"EntryPoint","urlTemplate":"https:\/\/www.cultcaffe.at\/?s={search_term_string}"},"query-input":{"@type":"PropertyValueSpecification","valueRequired":true,"valueName":"search_term_string"}}],"inLanguage":"en-US"},{"@type":["Organization","Place"],"@id":"https:\/\/www.cultcaffe.at\/#organization","name":"CultCaff\u00e9 Coffee Roastery GmbH","alternateName":"CultCaff\u00e9","url":"https:\/\/www.cultcaffe.at\/","logo":{"@id":"https:\/\/www.cultcaffe.at\/agbs\/#local-main-organization-logo"},"image":{"@id":"https:\/\/www.cultcaffe.at\/agbs\/#local-main-organization-logo"},"sameAs":["https:\/\/www.facebook.com\/p\/Cult-Caff\u00e8-die-R\u00f6sterei-100039719724703\/?locale=de_DE","https:\/\/www.instagram.com\/cultcaffe.at\/"],"hasMerchantReturnPolicy":{"@type":"MerchantReturnPolicy","merchantReturnLink":"https:\/\/www.cultcaffe.at\/en\/agbs\/"},"telephone":[],"openingHoursSpecification":[{"@type":"OpeningHoursSpecification","dayOfWeek":["Monday","Tuesday","Wednesday","Thursday","Friday","Saturday","Sunday"],"opens":"09:00","closes":"17:00"}]},{"@type":"ImageObject","inLanguage":"en-US","@id":"https:\/\/www.cultcaffe.at\/agbs\/#local-main-organization-logo","url":"https:\/\/www.cultcaffe.at\/wp-content\/uploads\/2023\/11\/cultcaffe_logo_regular_dark-1.svg","contentUrl":"https:\/\/www.cultcaffe.at\/wp-content\/uploads\/2023\/11\/cultcaffe_logo_regular_dark-1.svg","width":756,"height":474,"caption":"CultCaff\u00e9 Kaffeer\u00f6sterei GmbH"}]}},"_links":{"self":[{"href":"https:\/\/www.cultcaffe.at\/en\/wp-json\/wp\/v2\/pages\/981","targetHints":{"allow":["GET"]}}],"collection":[{"href":"https:\/\/www.cultcaffe.at\/en\/wp-json\/wp\/v2\/pages"}],"about":[{"href":"https:\/\/www.cultcaffe.at\/en\/wp-json\/wp\/v2\/types\/page"}],"author":[{"embeddable":true,"href":"https:\/\/www.cultcaffe.at\/en\/wp-json\/wp\/v2\/users\/6"}],"replies":[{"embeddable":true,"href":"https:\/\/www.cultcaffe.at\/en\/wp-json\/wp\/v2\/comments?post=981"}],"version-history":[{"count":12,"href":"https:\/\/www.cultcaffe.at\/en\/wp-json\/wp\/v2\/pages\/981\/revisions"}],"predecessor-version":[{"id":18961,"href":"https:\/\/www.cultcaffe.at\/en\/wp-json\/wp\/v2\/pages\/981\/revisions\/18961"}],"wp:attachment":[{"href":"https:\/\/www.cultcaffe.at\/en\/wp-json\/wp\/v2\/media?parent=981"}],"curies":[{"name":"wp","href":"https:\/\/api.w.org\/{rel}","templated":true}]}}