{"id":960,"date":"2021-12-13T09:03:43","date_gmt":"2021-12-13T08:03:43","guid":{"rendered":"https:\/\/www.cultcaffe.at\/?page_id=960"},"modified":"2026-01-14T09:49:38","modified_gmt":"2026-01-14T08:49:38","slug":"imprint","status":"publish","type":"page","link":"https:\/\/www.cultcaffe.at\/en\/impressum\/","title":{"rendered":"imprint"},"content":{"rendered":"<p><strong>Company name<\/strong><br \/>\nCult Caff\u00e8 Coffee Roastery GmbH<br \/>\nK\u00f6chlinger Str. 14, 3371 Neumarkt<\/p>\n<p><strong>Management<\/strong><br \/>\nSilvia Lasselsberger, Walter Schweifer<\/p>\n<p>VAT number: ATU 69902518<br \/>\nFN: 440038s HG St. P\u00f6lten<\/p>\n<p>Bank details: Volksbank Alpenvorland<br \/>\nIBAN: AT44 4715 0415 2880 0000<br \/>\nBIC\/SWIFT: VBOEATWWNOM<\/p>\n<p><strong>Copyright<\/strong><br \/>\nAll content, photos, texts, and graphics are protected by copyright. They may not be copied, modified, reproduced, or published in whole or in part without prior written permission.<\/p>\n<p><strong>Terms of Use<\/strong><br \/>\nThe content of this website is freely available and is provided for informational purposes only. The use of the website&#039;s options does not create any legal transactions between the owner and the users. The further course of action between providers and users, and the possible subsequent conclusion of contracts between providers and users, are at the sole discretion of the users.<\/p>\n<p><strong>Copyright \/ Disclaimer<\/strong><br \/>\nDue to the technical nature of the Internet, no guarantee can be given for the authenticity, accuracy, or completeness of the information provided on the Internet. Nor can any guarantee be given for the availability or operation of this website and its contents.<\/p>\n<p>Any liability for direct, indirect or other damages, regardless of their causes, arising from the use or unavailability of the data and information on this website is excluded to the extent legally permissible.<\/p>\n<p>The content of this website is protected by copyright. The information is intended for personal use only. Any further use, in particular storage in databases, reproduction, and any form of commercial use, as well as distribution to third parties \u2013 even in part or in revised form \u2013 without the consent of the website or rights holder is prohibited.<\/p>\n<p>Hyperlinks to this website are welcome, as long as the origin of the content is clearly identifiable and any misleading content is thus excluded. Any integration of individual pages of our website into external frames is prohibited, as is the provision of our RSS feed on external websites.<\/p>\n<p><strong>Liability for links<\/strong><br \/>\nThis weblog contains links to external third-party websites over whose content the operator of this website has no influence. Therefore, no liability can be assumed for this external content. The respective provider or website operator is always responsible for the content of the linked pages. The linked pages were checked for possible legal violations at the time of linking. Illegal content was not recognizable at the time of linking. However, permanent monitoring of the content of the linked pages is unreasonable without concrete evidence of a legal violation. Upon notification of any legal violations, we will remove such links immediately.<\/p>\n<p><strong>Design &amp; Development<\/strong><br \/>\nWolfbiz Online Services \u2013 Carina Hager<br \/>\nD\u00fcrnbach 72<br \/>\n3254 Bergland<br \/>\n<a href=\"https:\/\/www.wolfbiz.at\">www.wolfbiz.at<\/a><\/p>","protected":false},"excerpt":{"rendered":"<p>Firmenname Cult Caff\u00e8 Kaffeer\u00f6sterei GmbH K\u00f6chlinger Str. 14, 3371 Neumarkt Gesch\u00e4ftsf\u00fchrung Silvia Lasselsberger, Walter Schweifer UID: ATU 69902518 FN: 440038s HG St. P\u00f6lten Bankverbindung: Volksbank Alpenvorland IBAN: AT44 4715 0415 2880 0000 BIC\/SWIFT: VBOEATWWNOM Urheberrecht, Copyright S\u00e4mtliche Inhalte, Fotos, Texte und Grafiken sind urheberrechtlich gesch\u00fctzt. Sie d\u00fcrfen ohne vorherige schriftliche Genehmigung weder ganz noch auszugsweise [&hellip;]<\/p>\n","protected":false},"author":6,"featured_media":0,"parent":0,"menu_order":0,"comment_status":"closed","ping_status":"closed","template":"","meta":{"inline_featured_image":false,"footnotes":""},"class_list":["post-960","page","type-page","status-publish","hentry"],"yoast_head":"<!-- This site is optimized with the Yoast SEO plugin v27.6 - https:\/\/yoast.com\/product\/yoast-seo-wordpress\/ -->\n<title>Impressum - CultCaff\u00e9 - die Bio Kaffee R\u00f6sterei<\/title>\n<meta name=\"robots\" content=\"index, follow, max-snippet:-1, max-image-preview:large, max-video-preview:-1\" \/>\n<link rel=\"canonical\" href=\"https:\/\/www.cultcaffe.at\/en\/imprint\/\" \/>\n<meta property=\"og:locale\" content=\"en_US\" \/>\n<meta property=\"og:type\" content=\"article\" \/>\n<meta property=\"og:title\" content=\"Impressum - CultCaff\u00e9 - die Bio Kaffee R\u00f6sterei\" \/>\n<meta property=\"og:description\" content=\"Firmenname Cult Caff\u00e8 Kaffeer\u00f6sterei GmbH K\u00f6chlinger Str. 14, 3371 Neumarkt Gesch\u00e4ftsf\u00fchrung Silvia Lasselsberger, Walter Schweifer UID: ATU 69902518 FN: 440038s HG St. P\u00f6lten Bankverbindung: Volksbank Alpenvorland IBAN: AT44 4715 0415 2880 0000 BIC\/SWIFT: VBOEATWWNOM Urheberrecht, Copyright S\u00e4mtliche Inhalte, Fotos, Texte und Grafiken sind urheberrechtlich gesch\u00fctzt. Sie d\u00fcrfen ohne vorherige schriftliche Genehmigung weder ganz noch auszugsweise [&hellip;]\" \/>\n<meta property=\"og:url\" content=\"https:\/\/www.cultcaffe.at\/en\/imprint\/\" \/>\n<meta property=\"og:site_name\" content=\"CultCaff\u00e9 - die Bio Kaffee R\u00f6sterei\" \/>\n<meta property=\"article:publisher\" content=\"https:\/\/www.facebook.com\/p\/Cult-Caff%c3%a8-die-R%c3%b6sterei-100039719724703\/?locale=de_DE\" \/>\n<meta property=\"article:modified_time\" content=\"2026-01-14T08:49:38+00:00\" \/>\n<meta name=\"twitter:card\" content=\"summary_large_image\" \/>\n<meta name=\"twitter:label1\" content=\"Est. reading time\" \/>\n\t<meta name=\"twitter:data1\" content=\"3 minutes\" \/>\n<script type=\"application\/ld+json\" class=\"yoast-schema-graph\">{\"@context\":\"https:\\\/\\\/schema.org\",\"@graph\":[{\"@type\":\"WebPage\",\"@id\":\"https:\\\/\\\/www.cultcaffe.at\\\/impressum\\\/\",\"url\":\"https:\\\/\\\/www.cultcaffe.at\\\/impressum\\\/\",\"name\":\"Impressum - CultCaff\u00e9 - die Bio Kaffee R\u00f6sterei\",\"isPartOf\":{\"@id\":\"https:\\\/\\\/www.cultcaffe.at\\\/#website\"},\"datePublished\":\"2021-12-13T08:03:43+00:00\",\"dateModified\":\"2026-01-14T08:49:38+00:00\",\"breadcrumb\":{\"@id\":\"https:\\\/\\\/www.cultcaffe.at\\\/impressum\\\/#breadcrumb\"},\"inLanguage\":\"en-US\",\"potentialAction\":[{\"@type\":\"ReadAction\",\"target\":[\"https:\\\/\\\/www.cultcaffe.at\\\/impressum\\\/\"]}]},{\"@type\":\"BreadcrumbList\",\"@id\":\"https:\\\/\\\/www.cultcaffe.at\\\/impressum\\\/#breadcrumb\",\"itemListElement\":[{\"@type\":\"ListItem\",\"position\":1,\"name\":\"Startseite\",\"item\":\"https:\\\/\\\/www.cultcaffe.at\\\/\"},{\"@type\":\"ListItem\",\"position\":2,\"name\":\"Impressum\"}]},{\"@type\":\"WebSite\",\"@id\":\"https:\\\/\\\/www.cultcaffe.at\\\/#website\",\"url\":\"https:\\\/\\\/www.cultcaffe.at\\\/\",\"name\":\"CultCaff\u00e9 - die Bio Kaffee R\u00f6sterei\",\"description\":\"Liebe zum Kaffee\",\"publisher\":{\"@id\":\"https:\\\/\\\/www.cultcaffe.at\\\/#organization\"},\"potentialAction\":[{\"@type\":\"SearchAction\",\"target\":{\"@type\":\"EntryPoint\",\"urlTemplate\":\"https:\\\/\\\/www.cultcaffe.at\\\/?s={search_term_string}\"},\"query-input\":{\"@type\":\"PropertyValueSpecification\",\"valueRequired\":true,\"valueName\":\"search_term_string\"}}],\"inLanguage\":\"en-US\"},{\"@type\":[\"Organization\",\"Place\"],\"@id\":\"https:\\\/\\\/www.cultcaffe.at\\\/#organization\",\"name\":\"CultCaff\u00e9 Kaffeer\u00f6sterei GmbH\",\"alternateName\":\"CultCaff\u00e9\",\"url\":\"https:\\\/\\\/www.cultcaffe.at\\\/\",\"logo\":{\"@id\":\"https:\\\/\\\/www.cultcaffe.at\\\/impressum\\\/#local-main-organization-logo\"},\"image\":{\"@id\":\"https:\\\/\\\/www.cultcaffe.at\\\/impressum\\\/#local-main-organization-logo\"},\"sameAs\":[\"https:\\\/\\\/www.facebook.com\\\/p\\\/Cult-Caff\u00e8-die-R\u00f6sterei-100039719724703\\\/?locale=de_DE\",\"https:\\\/\\\/www.instagram.com\\\/cultcaffe.at\\\/\"],\"hasMerchantReturnPolicy\":{\"@type\":\"MerchantReturnPolicy\",\"merchantReturnLink\":\"https:\\\/\\\/www.cultcaffe.at\\\/en\\\/agbs\\\/\"},\"telephone\":[],\"openingHoursSpecification\":[{\"@type\":\"OpeningHoursSpecification\",\"dayOfWeek\":[\"Monday\",\"Tuesday\",\"Wednesday\",\"Thursday\",\"Friday\",\"Saturday\",\"Sunday\"],\"opens\":\"09:00\",\"closes\":\"17:00\"}]},{\"@type\":\"ImageObject\",\"inLanguage\":\"en-US\",\"@id\":\"https:\\\/\\\/www.cultcaffe.at\\\/impressum\\\/#local-main-organization-logo\",\"url\":\"https:\\\/\\\/www.cultcaffe.at\\\/wp-content\\\/uploads\\\/2023\\\/11\\\/cultcaffe_logo_regular_dark-1.svg\",\"contentUrl\":\"https:\\\/\\\/www.cultcaffe.at\\\/wp-content\\\/uploads\\\/2023\\\/11\\\/cultcaffe_logo_regular_dark-1.svg\",\"width\":756,\"height\":474,\"caption\":\"CultCaff\u00e9 Kaffeer\u00f6sterei GmbH\"}]}<\/script>\n<!-- \/ Yoast SEO plugin. -->","yoast_head_json":{"title":"Imprint - CultCaff\u00e9 - the organic coffee roastery","robots":{"index":"index","follow":"follow","max-snippet":"max-snippet:-1","max-image-preview":"max-image-preview:large","max-video-preview":"max-video-preview:-1"},"canonical":"https:\/\/www.cultcaffe.at\/en\/imprint\/","og_locale":"en_US","og_type":"article","og_title":"Impressum - CultCaff\u00e9 - die Bio Kaffee R\u00f6sterei","og_description":"Firmenname Cult Caff\u00e8 Kaffeer\u00f6sterei GmbH K\u00f6chlinger Str. 14, 3371 Neumarkt Gesch\u00e4ftsf\u00fchrung Silvia Lasselsberger, Walter Schweifer UID: ATU 69902518 FN: 440038s HG St. P\u00f6lten Bankverbindung: Volksbank Alpenvorland IBAN: AT44 4715 0415 2880 0000 BIC\/SWIFT: VBOEATWWNOM Urheberrecht, Copyright S\u00e4mtliche Inhalte, Fotos, Texte und Grafiken sind urheberrechtlich gesch\u00fctzt. Sie d\u00fcrfen ohne vorherige schriftliche Genehmigung weder ganz noch auszugsweise [&hellip;]","og_url":"https:\/\/www.cultcaffe.at\/en\/imprint\/","og_site_name":"CultCaff\u00e9 - die Bio Kaffee R\u00f6sterei","article_publisher":"https:\/\/www.facebook.com\/p\/Cult-Caff%c3%a8-die-R%c3%b6sterei-100039719724703\/?locale=de_DE","article_modified_time":"2026-01-14T08:49:38+00:00","twitter_card":"summary_large_image","twitter_misc":{"Est. reading time":"3 minutes"},"schema":{"@context":"https:\/\/schema.org","@graph":[{"@type":"WebPage","@id":"https:\/\/www.cultcaffe.at\/impressum\/","url":"https:\/\/www.cultcaffe.at\/impressum\/","name":"Imprint - CultCaff\u00e9 - the organic coffee roastery","isPartOf":{"@id":"https:\/\/www.cultcaffe.at\/#website"},"datePublished":"2021-12-13T08:03:43+00:00","dateModified":"2026-01-14T08:49:38+00:00","breadcrumb":{"@id":"https:\/\/www.cultcaffe.at\/impressum\/#breadcrumb"},"inLanguage":"en-US","potentialAction":[{"@type":"ReadAction","target":["https:\/\/www.cultcaffe.at\/impressum\/"]}]},{"@type":"BreadcrumbList","@id":"https:\/\/www.cultcaffe.at\/impressum\/#breadcrumb","itemListElement":[{"@type":"ListItem","position":1,"name":"Startseite","item":"https:\/\/www.cultcaffe.at\/"},{"@type":"ListItem","position":2,"name":"Impressum"}]},{"@type":"WebSite","@id":"https:\/\/www.cultcaffe.at\/#website","url":"https:\/\/www.cultcaffe.at\/","name":"CultCaff\u00e9 - the organic coffee roastery","description":"Love for coffee","publisher":{"@id":"https:\/\/www.cultcaffe.at\/#organization"},"potentialAction":[{"@type":"SearchAction","target":{"@type":"EntryPoint","urlTemplate":"https:\/\/www.cultcaffe.at\/?s={search_term_string}"},"query-input":{"@type":"PropertyValueSpecification","valueRequired":true,"valueName":"search_term_string"}}],"inLanguage":"en-US"},{"@type":["Organization","Place"],"@id":"https:\/\/www.cultcaffe.at\/#organization","name":"CultCaff\u00e9 Coffee Roastery GmbH","alternateName":"CultCaff\u00e9","url":"https:\/\/www.cultcaffe.at\/","logo":{"@id":"https:\/\/www.cultcaffe.at\/impressum\/#local-main-organization-logo"},"image":{"@id":"https:\/\/www.cultcaffe.at\/impressum\/#local-main-organization-logo"},"sameAs":["https:\/\/www.facebook.com\/p\/Cult-Caff\u00e8-die-R\u00f6sterei-100039719724703\/?locale=de_DE","https:\/\/www.instagram.com\/cultcaffe.at\/"],"hasMerchantReturnPolicy":{"@type":"MerchantReturnPolicy","merchantReturnLink":"https:\/\/www.cultcaffe.at\/en\/agbs\/"},"telephone":[],"openingHoursSpecification":[{"@type":"OpeningHoursSpecification","dayOfWeek":["Monday","Tuesday","Wednesday","Thursday","Friday","Saturday","Sunday"],"opens":"09:00","closes":"17:00"}]},{"@type":"ImageObject","inLanguage":"en-US","@id":"https:\/\/www.cultcaffe.at\/impressum\/#local-main-organization-logo","url":"https:\/\/www.cultcaffe.at\/wp-content\/uploads\/2023\/11\/cultcaffe_logo_regular_dark-1.svg","contentUrl":"https:\/\/www.cultcaffe.at\/wp-content\/uploads\/2023\/11\/cultcaffe_logo_regular_dark-1.svg","width":756,"height":474,"caption":"CultCaff\u00e9 Kaffeer\u00f6sterei GmbH"}]}},"_links":{"self":[{"href":"https:\/\/www.cultcaffe.at\/en\/wp-json\/wp\/v2\/pages\/960","targetHints":{"allow":["GET"]}}],"collection":[{"href":"https:\/\/www.cultcaffe.at\/en\/wp-json\/wp\/v2\/pages"}],"about":[{"href":"https:\/\/www.cultcaffe.at\/en\/wp-json\/wp\/v2\/types\/page"}],"author":[{"embeddable":true,"href":"https:\/\/www.cultcaffe.at\/en\/wp-json\/wp\/v2\/users\/6"}],"replies":[{"embeddable":true,"href":"https:\/\/www.cultcaffe.at\/en\/wp-json\/wp\/v2\/comments?post=960"}],"version-history":[{"count":7,"href":"https:\/\/www.cultcaffe.at\/en\/wp-json\/wp\/v2\/pages\/960\/revisions"}],"predecessor-version":[{"id":19267,"href":"https:\/\/www.cultcaffe.at\/en\/wp-json\/wp\/v2\/pages\/960\/revisions\/19267"}],"wp:attachment":[{"href":"https:\/\/www.cultcaffe.at\/en\/wp-json\/wp\/v2\/media?parent=960"}],"curies":[{"name":"wp","href":"https:\/\/api.w.org\/{rel}","templated":true}]}}