{"id":1830,"date":"2023-11-09T14:15:28","date_gmt":"2023-11-09T13:15:28","guid":{"rendered":"https:\/\/www.cultcaffe.at\/?page_id=1830"},"modified":"2025-04-16T08:55:27","modified_gmt":"2025-04-16T06:55:27","slug":"coffee-training","status":"publish","type":"page","link":"https:\/\/www.cultcaffe.at\/en\/hotellerie-gastro\/kaffee-schulung-training\/","title":{"rendered":"Coffee Training &amp; Education"},"content":{"rendered":"<div data-elementor-type=\"wp-page\" data-elementor-id=\"1830\" class=\"elementor elementor-1830\" data-elementor-post-type=\"page\">\n\t\t\t\t<div class=\"elementor-element elementor-element-4bd41bd e-flex e-con-boxed e-con e-parent\" data-id=\"4bd41bd\" data-element_type=\"container\" data-e-type=\"container\">\n\t\t\t\t\t<div class=\"e-con-inner\">\n\t\t\t\t<div class=\"elementor-element elementor-element-01e2d2d elementor-widget elementor-widget-heading\" data-id=\"01e2d2d\" data-element_type=\"widget\" data-e-type=\"widget\" data-widget_type=\"heading.default\">\n\t\t\t\t<div class=\"elementor-widget-container\">\n\t\t\t\t\t<h1 class=\"elementor-heading-title elementor-size-default\">Coffee Education &amp; Training<\/h1>\t\t\t\t<\/div>\n\t\t\t\t<\/div>\n\t\t\t\t\t<\/div>\n\t\t\t\t<\/div>\n\t\t<div class=\"elementor-element elementor-element-1e2b3fb e-flex e-con-boxed e-con e-parent\" data-id=\"1e2b3fb\" data-element_type=\"container\" data-e-type=\"container\">\n\t\t\t\t\t<div class=\"e-con-inner\">\n\t\t<div class=\"elementor-element elementor-element-8b1de92 e-con-full e-flex e-con e-child\" data-id=\"8b1de92\" data-element_type=\"container\" data-e-type=\"container\">\n\t\t\t\t<div class=\"elementor-element elementor-element-97af4fb elementor-widget elementor-widget-text-editor\" data-id=\"97af4fb\" data-element_type=\"widget\" data-e-type=\"widget\" data-widget_type=\"text-editor.default\">\n\t\t\t\t<div class=\"elementor-widget-container\">\n\t\t\t\t\t\t\t\t\t<p>For optimal results in the cup, knowledge of all important parameters of coffee preparation is essential. One of our key competencies is the ongoing <b>Coffee training<\/b> Your employees, whether in terms of equipment or preparation methods. We invite you and your employees to immerse themselves in the world of coffee with us and deepen your knowledge.<\/p>\n<p>Our <b>Coffee training &amp; education<\/b> take place in the bar of our roastery. They are practical and individually tailored to your needs \u2013 to achieve a perfect result in the cup quickly and efficiently. With enthusiasm and lots of fun.<\/p>\t\t\t\t\t\t\t\t<\/div>\n\t\t\t\t<\/div>\n\t\t\t\t<div class=\"elementor-element elementor-element-c469bd2 elementor-widget elementor-widget-button\" data-id=\"c469bd2\" data-element_type=\"widget\" data-e-type=\"widget\" data-widget_type=\"button.default\">\n\t\t\t\t<div class=\"elementor-widget-container\">\n\t\t\t\t\t\t\t\t\t<div class=\"elementor-button-wrapper\">\n\t\t\t\t\t<a class=\"elementor-button elementor-button-link elementor-size-sm\" href=\"https:\/\/www.cultcaffe.at\/en\/contact-2\/\">\n\t\t\t\t\t\t<span class=\"elementor-button-content-wrapper\">\n\t\t\t\t\t\t\t\t\t<span class=\"elementor-button-text\">Book training now<\/span>\n\t\t\t\t\t<\/span>\n\t\t\t\t\t<\/a>\n\t\t\t\t<\/div>\n\t\t\t\t\t\t\t\t<\/div>\n\t\t\t\t<\/div>\n\t\t\t\t<\/div>\n\t\t\t\t\t<\/div>\n\t\t\t\t<\/div>\n\t\t<div class=\"elementor-element elementor-element-438babc e-flex e-con-boxed e-con e-parent\" data-id=\"438babc\" data-element_type=\"container\" data-e-type=\"container\" data-settings=\"{&quot;background_background&quot;:&quot;classic&quot;,&quot;shape_divider_top&quot;:&quot;opacity-tilt&quot;,&quot;shape_divider_bottom&quot;:&quot;opacity-tilt&quot;}\">\n\t\t\t\t\t<div class=\"e-con-inner\">\n\t\t\t\t<div class=\"elementor-shape elementor-shape-top\" aria-hidden=\"true\" data-negative=\"false\">\n\t\t\t<svg xmlns=\"http:\/\/www.w3.org\/2000\/svg\" viewbox=\"0 0 2600 131.1\" preserveaspectratio=\"none\">\n\t<path class=\"elementor-shape-fill\" d=\"M0 0L2600 0 2600 69.1 0 0z\"\/>\n\t<path class=\"elementor-shape-fill\" style=\"opacity:0.5\" d=\"M0 0L2600 0 2600 69.1 0 69.1z\"\/>\n\t<path class=\"elementor-shape-fill\" style=\"opacity:0.25\" d=\"M2600 0L0 0 0 130.1 2600 69.1z\"\/>\n<\/svg>\t\t<\/div>\n\t\t\t\t<div class=\"elementor-shape elementor-shape-bottom\" aria-hidden=\"true\" data-negative=\"false\">\n\t\t\t<svg xmlns=\"http:\/\/www.w3.org\/2000\/svg\" viewbox=\"0 0 2600 131.1\" preserveaspectratio=\"none\">\n\t<path class=\"elementor-shape-fill\" d=\"M0 0L2600 0 2600 69.1 0 0z\"\/>\n\t<path class=\"elementor-shape-fill\" style=\"opacity:0.5\" d=\"M0 0L2600 0 2600 69.1 0 69.1z\"\/>\n\t<path class=\"elementor-shape-fill\" style=\"opacity:0.25\" d=\"M2600 0L0 0 0 130.1 2600 69.1z\"\/>\n<\/svg>\t\t<\/div>\n\t\t<div class=\"elementor-element elementor-element-09bf104 e-con-full e-flex e-con e-child\" data-id=\"09bf104\" data-element_type=\"container\" data-e-type=\"container\">\n\t\t\t\t<div class=\"elementor-element elementor-element-288820f elementor-widget elementor-widget-image\" data-id=\"288820f\" data-element_type=\"widget\" data-e-type=\"widget\" data-widget_type=\"image.default\">\n\t\t\t\t<div class=\"elementor-widget-container\">\n\t\t\t\t\t\t\t\t\t\t\t\t\t\t\t<img fetchpriority=\"high\" decoding=\"async\" width=\"683\" height=\"1024\" src=\"https:\/\/www.cultcaffe.at\/wp-content\/uploads\/2024\/11\/CulCaffe\u00a9nimozimmerhackl_MGL6741-683x1024.jpg\" class=\"attachment-large size-large wp-image-15714\" alt=\"\" srcset=\"https:\/\/www.cultcaffe.at\/wp-content\/uploads\/2024\/11\/CulCaffe\u00a9nimozimmerhackl_MGL6741-683x1024.jpg 683w, https:\/\/www.cultcaffe.at\/wp-content\/uploads\/2024\/11\/CulCaffe\u00a9nimozimmerhackl_MGL6741-scaled-600x900.jpg 600w, https:\/\/www.cultcaffe.at\/wp-content\/uploads\/2024\/11\/CulCaffe\u00a9nimozimmerhackl_MGL6741-200x300.jpg 200w, https:\/\/www.cultcaffe.at\/wp-content\/uploads\/2024\/11\/CulCaffe\u00a9nimozimmerhackl_MGL6741-768x1152.jpg 768w, https:\/\/www.cultcaffe.at\/wp-content\/uploads\/2024\/11\/CulCaffe\u00a9nimozimmerhackl_MGL6741-1024x1536.jpg 1024w, https:\/\/www.cultcaffe.at\/wp-content\/uploads\/2024\/11\/CulCaffe\u00a9nimozimmerhackl_MGL6741-1365x2048.jpg 1365w, https:\/\/www.cultcaffe.at\/wp-content\/uploads\/2024\/11\/CulCaffe\u00a9nimozimmerhackl_MGL6741-scaled.jpg 1707w\" sizes=\"(max-width: 683px) 100vw, 683px\" \/>\t\t\t\t\t\t\t\t\t\t\t\t\t\t\t<\/div>\n\t\t\t\t<\/div>\n\t\t\t\t<\/div>\n\t\t<div class=\"elementor-element elementor-element-01836c9 e-con-full e-flex e-con e-child\" data-id=\"01836c9\" data-element_type=\"container\" data-e-type=\"container\">\n\t\t\t\t<div class=\"elementor-element elementor-element-514a8cb elementor-widget elementor-widget-text-editor\" data-id=\"514a8cb\" data-element_type=\"widget\" data-e-type=\"widget\" data-widget_type=\"text-editor.default\">\n\t\t\t\t<div class=\"elementor-widget-container\">\n\t\t\t\t\t\t\t\t\t<h2><strong>Your next step towards coffee perfection<\/strong><\/h2><p>A consultation with\u00a0<a href=\"https:\/\/www.cultcaffe.at\/en\/\">Cult Caff\u00e8<\/a>\u00a0means you no longer have to settle for mediocrity. We&#039;re here to guide you through the jungle of flavor profiles, roast levels, and regions of origin.<\/p><p>Don&#039;t wait any longer to revolutionize your coffee offering. Contact us and let&#039;s explore how your business can benefit from partnering with Cult Caff\u00e8. We look forward to working with you to create the perfect coffee for your business.<\/p>\t\t\t\t\t\t\t\t<\/div>\n\t\t\t\t<\/div>\n\t\t\t\t<div class=\"elementor-element elementor-element-bfda8b9 elementor-widget elementor-widget-button\" data-id=\"bfda8b9\" data-element_type=\"widget\" data-e-type=\"widget\" data-widget_type=\"button.default\">\n\t\t\t\t<div class=\"elementor-widget-container\">\n\t\t\t\t\t\t\t\t\t<div class=\"elementor-button-wrapper\">\n\t\t\t\t\t<a class=\"elementor-button elementor-button-link elementor-size-sm\" href=\"https:\/\/www.cultcaffe.at\/en\/contact-2\/\">\n\t\t\t\t\t\t<span class=\"elementor-button-content-wrapper\">\n\t\t\t\t\t\t\t\t\t<span class=\"elementor-button-text\">Book a consultation here<\/span>\n\t\t\t\t\t<\/span>\n\t\t\t\t\t<\/a>\n\t\t\t\t<\/div>\n\t\t\t\t\t\t\t\t<\/div>\n\t\t\t\t<\/div>\n\t\t\t\t<\/div>\n\t\t\t\t\t<\/div>\n\t\t\t\t<\/div>\n\t\t\t\t<\/div>","protected":false},"excerpt":{"rendered":"<p>Kaffee Schulung &amp; Training F\u00fcr ein optimales Ergebnis in der Tasse ist das Wissen \u00fcber alle wichtigen Parameter der Kaffeezubereitung unumg\u00e4nglich. Eine unserer wesentlichen Kompetenzen ist die laufende Kaffee Schulung Ihrer Mitarbeiter, ob equipmenttechnisch oder bei den Zubereitungsarten. Wir laden Sie und Ihre Mitarbeiter ein, mit uns intensiv in die Welt des Kaffees einzutauchen und [&hellip;]<\/p>\n","protected":false},"author":3,"featured_media":0,"parent":1814,"menu_order":0,"comment_status":"closed","ping_status":"closed","template":"","meta":{"inline_featured_image":false,"footnotes":""},"class_list":["post-1830","page","type-page","status-publish","hentry"],"yoast_head":"<!-- This site is optimized with the Yoast SEO plugin v27.5 - https:\/\/yoast.com\/product\/yoast-seo-wordpress\/ -->\n<title>Kaffee Schulung &amp; Training \u25ba Jetzt beraten lassen bei CultCaff\u00e8<\/title>\n<meta name=\"description\" content=\"Jetzt Ihre pers\u00f6nliche Kaffee Beratung oder Schulung buchen \u2705 Top Kaffee f\u00fcr Hotel &amp; Gastro \u2705 Individuelles Beratungsgespr\u00e4ch \u25ba Jetzt zu CultCaff\u00e8!\" \/>\n<meta name=\"robots\" content=\"index, follow, max-snippet:-1, max-image-preview:large, max-video-preview:-1\" \/>\n<link rel=\"canonical\" href=\"https:\/\/www.cultcaffe.at\/en\/hotel-and-restaurant-industry\/coffee-training\/\" \/>\n<meta property=\"og:locale\" content=\"en_US\" \/>\n<meta property=\"og:type\" content=\"article\" \/>\n<meta property=\"og:title\" content=\"Kaffee Schulung &amp; Training \u25ba Jetzt beraten lassen bei CultCaff\u00e8\" \/>\n<meta property=\"og:description\" content=\"Jetzt Ihre pers\u00f6nliche Kaffee Beratung oder Schulung buchen \u2705 Top Kaffee f\u00fcr Hotel &amp; Gastro \u2705 Individuelles Beratungsgespr\u00e4ch \u25ba Jetzt zu CultCaff\u00e8!\" \/>\n<meta property=\"og:url\" content=\"https:\/\/www.cultcaffe.at\/en\/hotel-and-restaurant-industry\/coffee-training\/\" \/>\n<meta property=\"og:site_name\" content=\"CultCaff\u00e9 - die Bio Kaffee R\u00f6sterei\" \/>\n<meta property=\"article:publisher\" content=\"https:\/\/www.facebook.com\/p\/Cult-Caff%c3%a8-die-R%c3%b6sterei-100039719724703\/?locale=de_DE\" \/>\n<meta property=\"article:modified_time\" content=\"2025-04-16T06:55:27+00:00\" \/>\n<meta name=\"twitter:card\" content=\"summary_large_image\" \/>\n<meta name=\"twitter:label1\" content=\"Est. reading time\" \/>\n\t<meta name=\"twitter:data1\" content=\"2 minutes\" \/>\n<script type=\"application\/ld+json\" class=\"yoast-schema-graph\">{\"@context\":\"https:\\\/\\\/schema.org\",\"@graph\":[{\"@type\":\"WebPage\",\"@id\":\"https:\\\/\\\/www.cultcaffe.at\\\/hotellerie-gastro\\\/kaffee-schulung-training\\\/\",\"url\":\"https:\\\/\\\/www.cultcaffe.at\\\/hotellerie-gastro\\\/kaffee-schulung-training\\\/\",\"name\":\"Kaffee Schulung & Training \u25ba Jetzt beraten lassen bei CultCaff\u00e8\",\"isPartOf\":{\"@id\":\"https:\\\/\\\/www.cultcaffe.at\\\/#website\"},\"datePublished\":\"2023-11-09T13:15:28+00:00\",\"dateModified\":\"2025-04-16T06:55:27+00:00\",\"description\":\"Jetzt Ihre pers\u00f6nliche Kaffee Beratung oder Schulung buchen \u2705 Top Kaffee f\u00fcr Hotel & Gastro \u2705 Individuelles Beratungsgespr\u00e4ch \u25ba Jetzt zu CultCaff\u00e8!\",\"breadcrumb\":{\"@id\":\"https:\\\/\\\/www.cultcaffe.at\\\/hotellerie-gastro\\\/kaffee-schulung-training\\\/#breadcrumb\"},\"inLanguage\":\"en-US\",\"potentialAction\":[{\"@type\":\"ReadAction\",\"target\":[\"https:\\\/\\\/www.cultcaffe.at\\\/hotellerie-gastro\\\/kaffee-schulung-training\\\/\"]}]},{\"@type\":\"BreadcrumbList\",\"@id\":\"https:\\\/\\\/www.cultcaffe.at\\\/hotellerie-gastro\\\/kaffee-schulung-training\\\/#breadcrumb\",\"itemListElement\":[{\"@type\":\"ListItem\",\"position\":1,\"name\":\"Startseite\",\"item\":\"https:\\\/\\\/www.cultcaffe.at\\\/\"},{\"@type\":\"ListItem\",\"position\":2,\"name\":\"Hotellerie &#038; Gastro\",\"item\":\"https:\\\/\\\/www.cultcaffe.at\\\/hotellerie-gastro\\\/\"},{\"@type\":\"ListItem\",\"position\":3,\"name\":\"Kaffee Schulung &#038; Training\"}]},{\"@type\":\"WebSite\",\"@id\":\"https:\\\/\\\/www.cultcaffe.at\\\/#website\",\"url\":\"https:\\\/\\\/www.cultcaffe.at\\\/\",\"name\":\"CultCaff\u00e9 - die Bio Kaffee R\u00f6sterei\",\"description\":\"Liebe zum Kaffee\",\"publisher\":{\"@id\":\"https:\\\/\\\/www.cultcaffe.at\\\/#organization\"},\"potentialAction\":[{\"@type\":\"SearchAction\",\"target\":{\"@type\":\"EntryPoint\",\"urlTemplate\":\"https:\\\/\\\/www.cultcaffe.at\\\/?s={search_term_string}\"},\"query-input\":{\"@type\":\"PropertyValueSpecification\",\"valueRequired\":true,\"valueName\":\"search_term_string\"}}],\"inLanguage\":\"en-US\"},{\"@type\":[\"Organization\",\"Place\"],\"@id\":\"https:\\\/\\\/www.cultcaffe.at\\\/#organization\",\"name\":\"CultCaff\u00e9 Kaffeer\u00f6sterei GmbH\",\"alternateName\":\"CultCaff\u00e9\",\"url\":\"https:\\\/\\\/www.cultcaffe.at\\\/\",\"logo\":{\"@id\":\"https:\\\/\\\/www.cultcaffe.at\\\/hotellerie-gastro\\\/kaffee-schulung-training\\\/#local-main-organization-logo\"},\"image\":{\"@id\":\"https:\\\/\\\/www.cultcaffe.at\\\/hotellerie-gastro\\\/kaffee-schulung-training\\\/#local-main-organization-logo\"},\"sameAs\":[\"https:\\\/\\\/www.facebook.com\\\/p\\\/Cult-Caff\u00e8-die-R\u00f6sterei-100039719724703\\\/?locale=de_DE\",\"https:\\\/\\\/www.instagram.com\\\/cultcaffe.at\\\/\"],\"hasMerchantReturnPolicy\":{\"@type\":\"MerchantReturnPolicy\",\"merchantReturnLink\":\"https:\\\/\\\/www.cultcaffe.at\\\/en\\\/agbs\\\/\"},\"telephone\":[],\"openingHoursSpecification\":[{\"@type\":\"OpeningHoursSpecification\",\"dayOfWeek\":[\"Monday\",\"Tuesday\",\"Wednesday\",\"Thursday\",\"Friday\",\"Saturday\",\"Sunday\"],\"opens\":\"09:00\",\"closes\":\"17:00\"}]},{\"@type\":\"ImageObject\",\"inLanguage\":\"en-US\",\"@id\":\"https:\\\/\\\/www.cultcaffe.at\\\/hotellerie-gastro\\\/kaffee-schulung-training\\\/#local-main-organization-logo\",\"url\":\"https:\\\/\\\/www.cultcaffe.at\\\/wp-content\\\/uploads\\\/2023\\\/11\\\/cultcaffe_logo_regular_dark-1.svg\",\"contentUrl\":\"https:\\\/\\\/www.cultcaffe.at\\\/wp-content\\\/uploads\\\/2023\\\/11\\\/cultcaffe_logo_regular_dark-1.svg\",\"width\":756,\"height\":474,\"caption\":\"CultCaff\u00e9 Kaffeer\u00f6sterei GmbH\"}]}<\/script>\n<!-- \/ Yoast SEO plugin. -->","yoast_head_json":{"title":"Coffee Training &amp; Education \u25ba Get advice now at CultCaff\u00e8","description":"Book your personal coffee consultation or training now \u2705 Top coffee for hotels &amp; restaurants \u2705 Individual consultation \u25ba Go to CultCaff\u00e8 now!","robots":{"index":"index","follow":"follow","max-snippet":"max-snippet:-1","max-image-preview":"max-image-preview:large","max-video-preview":"max-video-preview:-1"},"canonical":"https:\/\/www.cultcaffe.at\/en\/hotel-and-restaurant-industry\/coffee-training\/","og_locale":"en_US","og_type":"article","og_title":"Kaffee Schulung & Training \u25ba Jetzt beraten lassen bei CultCaff\u00e8","og_description":"Jetzt Ihre pers\u00f6nliche Kaffee Beratung oder Schulung buchen \u2705 Top Kaffee f\u00fcr Hotel & Gastro \u2705 Individuelles Beratungsgespr\u00e4ch \u25ba Jetzt zu CultCaff\u00e8!","og_url":"https:\/\/www.cultcaffe.at\/en\/hotel-and-restaurant-industry\/coffee-training\/","og_site_name":"CultCaff\u00e9 - die Bio Kaffee R\u00f6sterei","article_publisher":"https:\/\/www.facebook.com\/p\/Cult-Caff%c3%a8-die-R%c3%b6sterei-100039719724703\/?locale=de_DE","article_modified_time":"2025-04-16T06:55:27+00:00","twitter_card":"summary_large_image","twitter_misc":{"Est. reading time":"2 minutes"},"schema":{"@context":"https:\/\/schema.org","@graph":[{"@type":"WebPage","@id":"https:\/\/www.cultcaffe.at\/hotellerie-gastro\/kaffee-schulung-training\/","url":"https:\/\/www.cultcaffe.at\/hotellerie-gastro\/kaffee-schulung-training\/","name":"Coffee Training &amp; Education \u25ba Get advice now at CultCaff\u00e8","isPartOf":{"@id":"https:\/\/www.cultcaffe.at\/#website"},"datePublished":"2023-11-09T13:15:28+00:00","dateModified":"2025-04-16T06:55:27+00:00","description":"Book your personal coffee consultation or training now \u2705 Top coffee for hotels &amp; restaurants \u2705 Individual consultation \u25ba Go to CultCaff\u00e8 now!","breadcrumb":{"@id":"https:\/\/www.cultcaffe.at\/hotellerie-gastro\/kaffee-schulung-training\/#breadcrumb"},"inLanguage":"en-US","potentialAction":[{"@type":"ReadAction","target":["https:\/\/www.cultcaffe.at\/hotellerie-gastro\/kaffee-schulung-training\/"]}]},{"@type":"BreadcrumbList","@id":"https:\/\/www.cultcaffe.at\/hotellerie-gastro\/kaffee-schulung-training\/#breadcrumb","itemListElement":[{"@type":"ListItem","position":1,"name":"Startseite","item":"https:\/\/www.cultcaffe.at\/"},{"@type":"ListItem","position":2,"name":"Hotellerie &#038; Gastro","item":"https:\/\/www.cultcaffe.at\/hotellerie-gastro\/"},{"@type":"ListItem","position":3,"name":"Kaffee Schulung &#038; Training"}]},{"@type":"WebSite","@id":"https:\/\/www.cultcaffe.at\/#website","url":"https:\/\/www.cultcaffe.at\/","name":"CultCaff\u00e9 - the organic coffee roastery","description":"Love for coffee","publisher":{"@id":"https:\/\/www.cultcaffe.at\/#organization"},"potentialAction":[{"@type":"SearchAction","target":{"@type":"EntryPoint","urlTemplate":"https:\/\/www.cultcaffe.at\/?s={search_term_string}"},"query-input":{"@type":"PropertyValueSpecification","valueRequired":true,"valueName":"search_term_string"}}],"inLanguage":"en-US"},{"@type":["Organization","Place"],"@id":"https:\/\/www.cultcaffe.at\/#organization","name":"CultCaff\u00e9 Coffee Roastery GmbH","alternateName":"CultCaff\u00e9","url":"https:\/\/www.cultcaffe.at\/","logo":{"@id":"https:\/\/www.cultcaffe.at\/hotellerie-gastro\/kaffee-schulung-training\/#local-main-organization-logo"},"image":{"@id":"https:\/\/www.cultcaffe.at\/hotellerie-gastro\/kaffee-schulung-training\/#local-main-organization-logo"},"sameAs":["https:\/\/www.facebook.com\/p\/Cult-Caff\u00e8-die-R\u00f6sterei-100039719724703\/?locale=de_DE","https:\/\/www.instagram.com\/cultcaffe.at\/"],"hasMerchantReturnPolicy":{"@type":"MerchantReturnPolicy","merchantReturnLink":"https:\/\/www.cultcaffe.at\/en\/agbs\/"},"telephone":[],"openingHoursSpecification":[{"@type":"OpeningHoursSpecification","dayOfWeek":["Monday","Tuesday","Wednesday","Thursday","Friday","Saturday","Sunday"],"opens":"09:00","closes":"17:00"}]},{"@type":"ImageObject","inLanguage":"en-US","@id":"https:\/\/www.cultcaffe.at\/hotellerie-gastro\/kaffee-schulung-training\/#local-main-organization-logo","url":"https:\/\/www.cultcaffe.at\/wp-content\/uploads\/2023\/11\/cultcaffe_logo_regular_dark-1.svg","contentUrl":"https:\/\/www.cultcaffe.at\/wp-content\/uploads\/2023\/11\/cultcaffe_logo_regular_dark-1.svg","width":756,"height":474,"caption":"CultCaff\u00e9 Kaffeer\u00f6sterei GmbH"}]}},"_links":{"self":[{"href":"https:\/\/www.cultcaffe.at\/en\/wp-json\/wp\/v2\/pages\/1830","targetHints":{"allow":["GET"]}}],"collection":[{"href":"https:\/\/www.cultcaffe.at\/en\/wp-json\/wp\/v2\/pages"}],"about":[{"href":"https:\/\/www.cultcaffe.at\/en\/wp-json\/wp\/v2\/types\/page"}],"author":[{"embeddable":true,"href":"https:\/\/www.cultcaffe.at\/en\/wp-json\/wp\/v2\/users\/3"}],"replies":[{"embeddable":true,"href":"https:\/\/www.cultcaffe.at\/en\/wp-json\/wp\/v2\/comments?post=1830"}],"version-history":[{"count":75,"href":"https:\/\/www.cultcaffe.at\/en\/wp-json\/wp\/v2\/pages\/1830\/revisions"}],"predecessor-version":[{"id":18214,"href":"https:\/\/www.cultcaffe.at\/en\/wp-json\/wp\/v2\/pages\/1830\/revisions\/18214"}],"up":[{"embeddable":true,"href":"https:\/\/www.cultcaffe.at\/en\/wp-json\/wp\/v2\/pages\/1814"}],"wp:attachment":[{"href":"https:\/\/www.cultcaffe.at\/en\/wp-json\/wp\/v2\/media?parent=1830"}],"curies":[{"name":"wp","href":"https:\/\/api.w.org\/{rel}","templated":true}]}}