{"id":14697,"date":"2024-04-10T11:19:56","date_gmt":"2024-04-10T09:19:56","guid":{"rendered":"https:\/\/www.cultcaffe.at\/?page_id=14697"},"modified":"2026-01-08T12:03:48","modified_gmt":"2026-01-08T11:03:48","slug":"company-visit","status":"publish","type":"page","link":"https:\/\/www.cultcaffe.at\/en\/die-roesterei\/betriebsbesichtigung\/","title":{"rendered":"Factory tour"},"content":{"rendered":"<div data-elementor-type=\"wp-page\" data-elementor-id=\"14697\" class=\"elementor elementor-14697\" data-elementor-post-type=\"page\">\n\t\t\t\t<div class=\"elementor-element elementor-element-99f1bfa e-flex e-con-boxed e-con e-parent\" data-id=\"99f1bfa\" data-element_type=\"container\" data-e-type=\"container\" data-settings=\"{&quot;background_background&quot;:&quot;classic&quot;}\">\n\t\t\t\t\t<div class=\"e-con-inner\">\n\t\t\t\t<div class=\"elementor-element elementor-element-63cdde3 elementor-widget elementor-widget-heading\" data-id=\"63cdde3\" data-element_type=\"widget\" data-e-type=\"widget\" data-widget_type=\"heading.default\">\n\t\t\t\t<div class=\"elementor-widget-container\">\n\t\t\t\t\t<h1 class=\"elementor-heading-title elementor-size-default\"><span style=\"color:#aca590\">Experience Cult Caff\u00e8 <\/span> - Factory tours<\/h1>\t\t\t\t<\/div>\n\t\t\t\t<\/div>\n\t\t\t\t\t<\/div>\n\t\t\t\t<\/div>\n\t\t<div class=\"elementor-element elementor-element-8e676b3 e-flex e-con-boxed e-con e-parent\" data-id=\"8e676b3\" data-element_type=\"container\" data-e-type=\"container\">\n\t\t\t\t\t<div class=\"e-con-inner\">\n\t\t<div class=\"elementor-element elementor-element-6adc9ea e-con-full e-flex e-con e-child\" data-id=\"6adc9ea\" data-element_type=\"container\" data-e-type=\"container\">\n\t\t<div class=\"elementor-element elementor-element-7f709b3 e-con-full e-flex e-con e-child\" data-id=\"7f709b3\" data-element_type=\"container\" data-e-type=\"container\" data-settings=\"{&quot;background_background&quot;:&quot;classic&quot;}\">\n\t\t\t\t<\/div>\n\t\t\t\t<\/div>\n\t\t<div class=\"elementor-element elementor-element-6bbcc82 e-con-full e-flex e-con e-child\" data-id=\"6bbcc82\" data-element_type=\"container\" data-e-type=\"container\">\n\t\t\t\t<div class=\"elementor-element elementor-element-447f9d5 elementor-widget elementor-widget-heading\" data-id=\"447f9d5\" data-element_type=\"widget\" data-e-type=\"widget\" data-widget_type=\"heading.default\">\n\t\t\t\t<div class=\"elementor-widget-container\">\n\t\t\t\t\t<h2 class=\"elementor-heading-title elementor-size-default\">program<\/h2>\t\t\t\t<\/div>\n\t\t\t\t<\/div>\n\t\t\t\t<div class=\"elementor-element elementor-element-70d78289 elementor-widget elementor-widget-text-editor\" data-id=\"70d78289\" data-element_type=\"widget\" data-e-type=\"widget\" data-widget_type=\"text-editor.default\">\n\t\t\t\t<div class=\"elementor-widget-container\">\n\t\t\t\t\t\t\t\t\t<ul><li>Introduction to the company\/history<\/li><li>Film \u201cThe Wonderful World of Coffee\u201d<\/li><li>Tour of the roastery<\/li><li>Lecture \u201cFrom the green bean to brown gold\u201d<\/li><li>Tips for making coffee<\/li><li>Presentation of all freshly roasted coffee varieties<\/li><li>Groups between 25 and a maximum of 45 people<\/li><li>Visits only possible by appointment<\/li><li>Duration: approx. 1.5 hours<\/li><\/ul>\t\t\t\t\t\t\t\t<\/div>\n\t\t\t\t<\/div>\n\t\t\t\t<div class=\"elementor-element elementor-element-32d61e1 elementor-widget elementor-widget-heading\" data-id=\"32d61e1\" data-element_type=\"widget\" data-e-type=\"widget\" data-widget_type=\"heading.default\">\n\t\t\t\t<div class=\"elementor-widget-container\">\n\t\t\t\t\t<h2 class=\"elementor-heading-title elementor-size-default\">Admission prices<\/h2>\t\t\t\t<\/div>\n\t\t\t\t<\/div>\n\t\t\t\t<div class=\"elementor-element elementor-element-44c7c36 elementor-widget elementor-widget-text-editor\" data-id=\"44c7c36\" data-element_type=\"widget\" data-e-type=\"widget\" data-widget_type=\"text-editor.default\">\n\t\t\t\t<div class=\"elementor-widget-container\">\n\t\t\t\t\t\t\t\t\t<p>from 25 to 39 people \u20ac 13.50 each (on weekends \u20ac 14.00)<br>from 40 people<span style=\"font-size: 1rem;\">\u20ac12.00 per person (\u20ac14.00 on weekends)<\/span><\/p><p><span style=\"font-size: 1rem;\">(For groups under 25 people, a price of \u20ac15 per person applies upon request)<\/span><\/p>\n<p>The price includes<\/p>\n<ul>\n<li>1 fragrant cup of coffee of your choice (cappuccino, espresso, etc.)<\/li>\n<li>&nbsp;1 piece of pastry<\/li>\n<\/ul>\n<p>For inquiries, please send us an email to <a href=\"mailto:info@cultcaffe.at\">info@cultcaffe.at<\/a> or use our contact form.<\/p><p>Subject to change.<\/p>\t\t\t\t\t\t\t\t<\/div>\n\t\t\t\t<\/div>\n\t\t\t\t<div class=\"elementor-element elementor-element-364b09d elementor-widget elementor-widget-button\" data-id=\"364b09d\" data-element_type=\"widget\" data-e-type=\"widget\" data-widget_type=\"button.default\">\n\t\t\t\t<div class=\"elementor-widget-container\">\n\t\t\t\t\t\t\t\t\t<div class=\"elementor-button-wrapper\">\n\t\t\t\t\t<a class=\"elementor-button elementor-button-link elementor-size-sm\" href=\"http:\/\/kontakt\">\n\t\t\t\t\t\t<span class=\"elementor-button-content-wrapper\">\n\t\t\t\t\t\t\t\t\t<span class=\"elementor-button-text\">Contact<\/span>\n\t\t\t\t\t<\/span>\n\t\t\t\t\t<\/a>\n\t\t\t\t<\/div>\n\t\t\t\t\t\t\t\t<\/div>\n\t\t\t\t<\/div>\n\t\t\t\t<\/div>\n\t\t\t\t\t<\/div>\n\t\t\t\t<\/div>\n\t\t\t\t<\/div>","protected":false},"excerpt":{"rendered":"<p>Cult Caff\u00e8 erleben &#8211; Betriebsbesichtigungen Programm Vorstellung des Unternehmens\/Geschichte Film \u201cDie wunderbare Welt des Kaffees\u201d Besichtigung der R\u00f6sterei Vortrag \u201cVon der gr\u00fcnen Bohne zum braunen Gold\u201d Tipps zur Kaffeezubereitung Pr\u00e4sentation aller r\u00f6stfrischen Kaffeesorten Gruppen zwischen 25 und maximal 45 Personen Besichtigungen nur nach Voranmeldung m\u00f6glich Dauer: ca. 1,5 Stunden Eintrittspreise ab 25 bis 39 Personen [&hellip;]<\/p>\n","protected":false},"author":6,"featured_media":0,"parent":776,"menu_order":0,"comment_status":"closed","ping_status":"closed","template":"","meta":{"inline_featured_image":false,"footnotes":""},"class_list":["post-14697","page","type-page","status-publish","hentry"],"yoast_head":"<!-- This site is optimized with the Yoast SEO plugin v27.5 - https:\/\/yoast.com\/product\/yoast-seo-wordpress\/ -->\n<title>Betriebsbesichtigung bei Cult Caff\u00e8: Lernen Sie uns hautnah kennen<\/title>\n<meta name=\"description\" content=\"Erleben Sie unseren Betrieb hautnah und ganz pers\u00f6nlich. Erfahren Sie mehr zu unserer Philosophie, der R\u00f6stung des Kaffees und erhalten Sie wertvolle Tipps zur Kaffeezubereitung.W\" \/>\n<meta name=\"robots\" content=\"index, follow, max-snippet:-1, max-image-preview:large, max-video-preview:-1\" \/>\n<link rel=\"canonical\" href=\"https:\/\/www.cultcaffe.at\/en\/the-roastery\/company-visit\/\" \/>\n<meta property=\"og:locale\" content=\"en_US\" \/>\n<meta property=\"og:type\" content=\"article\" \/>\n<meta property=\"og:title\" content=\"Betriebsbesichtigung bei Cult Caff\u00e8: Lernen Sie uns hautnah kennen\" \/>\n<meta property=\"og:description\" content=\"Erleben Sie unseren Betrieb hautnah und ganz pers\u00f6nlich. Erfahren Sie mehr zu unserer Philosophie, der R\u00f6stung des Kaffees und erhalten Sie wertvolle Tipps zur Kaffeezubereitung.W\" \/>\n<meta property=\"og:url\" content=\"https:\/\/www.cultcaffe.at\/en\/the-roastery\/company-visit\/\" \/>\n<meta property=\"og:site_name\" content=\"CultCaff\u00e9 - die Bio Kaffee R\u00f6sterei\" \/>\n<meta property=\"article:publisher\" content=\"https:\/\/www.facebook.com\/p\/Cult-Caff%c3%a8-die-R%c3%b6sterei-100039719724703\/?locale=de_DE\" \/>\n<meta property=\"article:modified_time\" content=\"2026-01-08T11:03:48+00:00\" \/>\n<meta name=\"twitter:card\" content=\"summary_large_image\" \/>\n<meta name=\"twitter:label1\" content=\"Est. reading time\" \/>\n\t<meta name=\"twitter:data1\" content=\"1 minute\" \/>\n<script type=\"application\/ld+json\" class=\"yoast-schema-graph\">{\"@context\":\"https:\\\/\\\/schema.org\",\"@graph\":[{\"@type\":\"WebPage\",\"@id\":\"https:\\\/\\\/www.cultcaffe.at\\\/die-roesterei\\\/betriebsbesichtigung\\\/\",\"url\":\"https:\\\/\\\/www.cultcaffe.at\\\/die-roesterei\\\/betriebsbesichtigung\\\/\",\"name\":\"Betriebsbesichtigung bei Cult Caff\u00e8: Lernen Sie uns hautnah kennen\",\"isPartOf\":{\"@id\":\"https:\\\/\\\/www.cultcaffe.at\\\/#website\"},\"datePublished\":\"2024-04-10T09:19:56+00:00\",\"dateModified\":\"2026-01-08T11:03:48+00:00\",\"description\":\"Erleben Sie unseren Betrieb hautnah und ganz pers\u00f6nlich. Erfahren Sie mehr zu unserer Philosophie, der R\u00f6stung des Kaffees und erhalten Sie wertvolle Tipps zur Kaffeezubereitung.W\",\"breadcrumb\":{\"@id\":\"https:\\\/\\\/www.cultcaffe.at\\\/die-roesterei\\\/betriebsbesichtigung\\\/#breadcrumb\"},\"inLanguage\":\"en-US\",\"potentialAction\":[{\"@type\":\"ReadAction\",\"target\":[\"https:\\\/\\\/www.cultcaffe.at\\\/die-roesterei\\\/betriebsbesichtigung\\\/\"]}]},{\"@type\":\"BreadcrumbList\",\"@id\":\"https:\\\/\\\/www.cultcaffe.at\\\/die-roesterei\\\/betriebsbesichtigung\\\/#breadcrumb\",\"itemListElement\":[{\"@type\":\"ListItem\",\"position\":1,\"name\":\"Startseite\",\"item\":\"https:\\\/\\\/www.cultcaffe.at\\\/\"},{\"@type\":\"ListItem\",\"position\":2,\"name\":\"Die R\u00f6sterei\",\"item\":\"https:\\\/\\\/www.cultcaffe.at\\\/die-roesterei\\\/\"},{\"@type\":\"ListItem\",\"position\":3,\"name\":\"Betriebsbesichtigung\"}]},{\"@type\":\"WebSite\",\"@id\":\"https:\\\/\\\/www.cultcaffe.at\\\/#website\",\"url\":\"https:\\\/\\\/www.cultcaffe.at\\\/\",\"name\":\"CultCaff\u00e9 - die Bio Kaffee R\u00f6sterei\",\"description\":\"Liebe zum Kaffee\",\"publisher\":{\"@id\":\"https:\\\/\\\/www.cultcaffe.at\\\/#organization\"},\"potentialAction\":[{\"@type\":\"SearchAction\",\"target\":{\"@type\":\"EntryPoint\",\"urlTemplate\":\"https:\\\/\\\/www.cultcaffe.at\\\/?s={search_term_string}\"},\"query-input\":{\"@type\":\"PropertyValueSpecification\",\"valueRequired\":true,\"valueName\":\"search_term_string\"}}],\"inLanguage\":\"en-US\"},{\"@type\":[\"Organization\",\"Place\"],\"@id\":\"https:\\\/\\\/www.cultcaffe.at\\\/#organization\",\"name\":\"CultCaff\u00e9 Kaffeer\u00f6sterei GmbH\",\"alternateName\":\"CultCaff\u00e9\",\"url\":\"https:\\\/\\\/www.cultcaffe.at\\\/\",\"logo\":{\"@id\":\"https:\\\/\\\/www.cultcaffe.at\\\/die-roesterei\\\/betriebsbesichtigung\\\/#local-main-organization-logo\"},\"image\":{\"@id\":\"https:\\\/\\\/www.cultcaffe.at\\\/die-roesterei\\\/betriebsbesichtigung\\\/#local-main-organization-logo\"},\"sameAs\":[\"https:\\\/\\\/www.facebook.com\\\/p\\\/Cult-Caff\u00e8-die-R\u00f6sterei-100039719724703\\\/?locale=de_DE\",\"https:\\\/\\\/www.instagram.com\\\/cultcaffe.at\\\/\"],\"hasMerchantReturnPolicy\":{\"@type\":\"MerchantReturnPolicy\",\"merchantReturnLink\":\"https:\\\/\\\/www.cultcaffe.at\\\/en\\\/agbs\\\/\"},\"telephone\":[],\"openingHoursSpecification\":[{\"@type\":\"OpeningHoursSpecification\",\"dayOfWeek\":[\"Monday\",\"Tuesday\",\"Wednesday\",\"Thursday\",\"Friday\",\"Saturday\",\"Sunday\"],\"opens\":\"09:00\",\"closes\":\"17:00\"}]},{\"@type\":\"ImageObject\",\"inLanguage\":\"en-US\",\"@id\":\"https:\\\/\\\/www.cultcaffe.at\\\/die-roesterei\\\/betriebsbesichtigung\\\/#local-main-organization-logo\",\"url\":\"https:\\\/\\\/www.cultcaffe.at\\\/wp-content\\\/uploads\\\/2023\\\/11\\\/cultcaffe_logo_regular_dark-1.svg\",\"contentUrl\":\"https:\\\/\\\/www.cultcaffe.at\\\/wp-content\\\/uploads\\\/2023\\\/11\\\/cultcaffe_logo_regular_dark-1.svg\",\"width\":756,\"height\":474,\"caption\":\"CultCaff\u00e9 Kaffeer\u00f6sterei GmbH\"}]}<\/script>\n<!-- \/ Yoast SEO plugin. -->","yoast_head_json":{"title":"Factory tour at Cult Caff\u00e8: Get to know us up close","description":"Experience our company up close and personally. Learn more about our philosophy, the coffee roasting process, and receive valuable tips on coffee preparation.","robots":{"index":"index","follow":"follow","max-snippet":"max-snippet:-1","max-image-preview":"max-image-preview:large","max-video-preview":"max-video-preview:-1"},"canonical":"https:\/\/www.cultcaffe.at\/en\/the-roastery\/company-visit\/","og_locale":"en_US","og_type":"article","og_title":"Betriebsbesichtigung bei Cult Caff\u00e8: Lernen Sie uns hautnah kennen","og_description":"Erleben Sie unseren Betrieb hautnah und ganz pers\u00f6nlich. Erfahren Sie mehr zu unserer Philosophie, der R\u00f6stung des Kaffees und erhalten Sie wertvolle Tipps zur Kaffeezubereitung.W","og_url":"https:\/\/www.cultcaffe.at\/en\/the-roastery\/company-visit\/","og_site_name":"CultCaff\u00e9 - die Bio Kaffee R\u00f6sterei","article_publisher":"https:\/\/www.facebook.com\/p\/Cult-Caff%c3%a8-die-R%c3%b6sterei-100039719724703\/?locale=de_DE","article_modified_time":"2026-01-08T11:03:48+00:00","twitter_card":"summary_large_image","twitter_misc":{"Est. reading time":"1 minute"},"schema":{"@context":"https:\/\/schema.org","@graph":[{"@type":"WebPage","@id":"https:\/\/www.cultcaffe.at\/die-roesterei\/betriebsbesichtigung\/","url":"https:\/\/www.cultcaffe.at\/die-roesterei\/betriebsbesichtigung\/","name":"Factory tour at Cult Caff\u00e8: Get to know us up close","isPartOf":{"@id":"https:\/\/www.cultcaffe.at\/#website"},"datePublished":"2024-04-10T09:19:56+00:00","dateModified":"2026-01-08T11:03:48+00:00","description":"Experience our company up close and personally. Learn more about our philosophy, the coffee roasting process, and receive valuable tips on coffee preparation.","breadcrumb":{"@id":"https:\/\/www.cultcaffe.at\/die-roesterei\/betriebsbesichtigung\/#breadcrumb"},"inLanguage":"en-US","potentialAction":[{"@type":"ReadAction","target":["https:\/\/www.cultcaffe.at\/die-roesterei\/betriebsbesichtigung\/"]}]},{"@type":"BreadcrumbList","@id":"https:\/\/www.cultcaffe.at\/die-roesterei\/betriebsbesichtigung\/#breadcrumb","itemListElement":[{"@type":"ListItem","position":1,"name":"Startseite","item":"https:\/\/www.cultcaffe.at\/"},{"@type":"ListItem","position":2,"name":"Die R\u00f6sterei","item":"https:\/\/www.cultcaffe.at\/die-roesterei\/"},{"@type":"ListItem","position":3,"name":"Betriebsbesichtigung"}]},{"@type":"WebSite","@id":"https:\/\/www.cultcaffe.at\/#website","url":"https:\/\/www.cultcaffe.at\/","name":"CultCaff\u00e9 - the organic coffee roastery","description":"Love for coffee","publisher":{"@id":"https:\/\/www.cultcaffe.at\/#organization"},"potentialAction":[{"@type":"SearchAction","target":{"@type":"EntryPoint","urlTemplate":"https:\/\/www.cultcaffe.at\/?s={search_term_string}"},"query-input":{"@type":"PropertyValueSpecification","valueRequired":true,"valueName":"search_term_string"}}],"inLanguage":"en-US"},{"@type":["Organization","Place"],"@id":"https:\/\/www.cultcaffe.at\/#organization","name":"CultCaff\u00e9 Coffee Roastery GmbH","alternateName":"CultCaff\u00e9","url":"https:\/\/www.cultcaffe.at\/","logo":{"@id":"https:\/\/www.cultcaffe.at\/die-roesterei\/betriebsbesichtigung\/#local-main-organization-logo"},"image":{"@id":"https:\/\/www.cultcaffe.at\/die-roesterei\/betriebsbesichtigung\/#local-main-organization-logo"},"sameAs":["https:\/\/www.facebook.com\/p\/Cult-Caff\u00e8-die-R\u00f6sterei-100039719724703\/?locale=de_DE","https:\/\/www.instagram.com\/cultcaffe.at\/"],"hasMerchantReturnPolicy":{"@type":"MerchantReturnPolicy","merchantReturnLink":"https:\/\/www.cultcaffe.at\/en\/agbs\/"},"telephone":[],"openingHoursSpecification":[{"@type":"OpeningHoursSpecification","dayOfWeek":["Monday","Tuesday","Wednesday","Thursday","Friday","Saturday","Sunday"],"opens":"09:00","closes":"17:00"}]},{"@type":"ImageObject","inLanguage":"en-US","@id":"https:\/\/www.cultcaffe.at\/die-roesterei\/betriebsbesichtigung\/#local-main-organization-logo","url":"https:\/\/www.cultcaffe.at\/wp-content\/uploads\/2023\/11\/cultcaffe_logo_regular_dark-1.svg","contentUrl":"https:\/\/www.cultcaffe.at\/wp-content\/uploads\/2023\/11\/cultcaffe_logo_regular_dark-1.svg","width":756,"height":474,"caption":"CultCaff\u00e9 Kaffeer\u00f6sterei GmbH"}]}},"_links":{"self":[{"href":"https:\/\/www.cultcaffe.at\/en\/wp-json\/wp\/v2\/pages\/14697","targetHints":{"allow":["GET"]}}],"collection":[{"href":"https:\/\/www.cultcaffe.at\/en\/wp-json\/wp\/v2\/pages"}],"about":[{"href":"https:\/\/www.cultcaffe.at\/en\/wp-json\/wp\/v2\/types\/page"}],"author":[{"embeddable":true,"href":"https:\/\/www.cultcaffe.at\/en\/wp-json\/wp\/v2\/users\/6"}],"replies":[{"embeddable":true,"href":"https:\/\/www.cultcaffe.at\/en\/wp-json\/wp\/v2\/comments?post=14697"}],"version-history":[{"count":87,"href":"https:\/\/www.cultcaffe.at\/en\/wp-json\/wp\/v2\/pages\/14697\/revisions"}],"predecessor-version":[{"id":19243,"href":"https:\/\/www.cultcaffe.at\/en\/wp-json\/wp\/v2\/pages\/14697\/revisions\/19243"}],"up":[{"embeddable":true,"href":"https:\/\/www.cultcaffe.at\/en\/wp-json\/wp\/v2\/pages\/776"}],"wp:attachment":[{"href":"https:\/\/www.cultcaffe.at\/en\/wp-json\/wp\/v2\/media?parent=14697"}],"curies":[{"name":"wp","href":"https:\/\/api.w.org\/{rel}","templated":true}]}}