{"id":1244,"date":"2023-02-08T13:33:03","date_gmt":"2023-02-08T12:33:03","guid":{"rendered":"https:\/\/www.cultcaffe.at\/?page_id=1244"},"modified":"2025-04-30T09:49:38","modified_gmt":"2025-04-30T07:49:38","slug":"perfection-in-coffee","status":"publish","type":"page","link":"https:\/\/www.cultcaffe.at\/en\/perfektion-in-coffee\/","title":{"rendered":"Perfection in Coffee"},"content":{"rendered":"<div data-elementor-type=\"wp-page\" data-elementor-id=\"1244\" class=\"elementor elementor-1244\" data-elementor-post-type=\"page\">\n\t\t\t\t<div class=\"elementor-element elementor-element-68678aa e-flex e-con-boxed e-con e-parent\" data-id=\"68678aa\" data-element_type=\"container\" data-e-type=\"container\">\n\t\t\t\t\t<div class=\"e-con-inner\">\n\t\t\t\t<div class=\"elementor-element elementor-element-69c544b elementor-widget elementor-widget-heading\" data-id=\"69c544b\" data-element_type=\"widget\" data-e-type=\"widget\" data-widget_type=\"heading.default\">\n\t\t\t\t<div class=\"elementor-widget-container\">\n\t\t\t\t\t<h1 class=\"elementor-heading-title elementor-size-default\">Slayer &amp; Pro Barista<\/h1>\t\t\t\t<\/div>\n\t\t\t\t<\/div>\n\t\t\t\t\t<\/div>\n\t\t\t\t<\/div>\n\t\t<div class=\"elementor-element elementor-element-1c0f363 e-flex e-con-boxed e-con e-parent\" data-id=\"1c0f363\" data-element_type=\"container\" data-e-type=\"container\">\n\t\t\t\t\t<div class=\"e-con-inner\">\n\t\t<div class=\"elementor-element elementor-element-c203ed6 e-con-full e-flex e-con e-child\" data-id=\"c203ed6\" data-element_type=\"container\" data-e-type=\"container\">\n\t\t\t\t<div class=\"elementor-element elementor-element-4098151 elementor-widget elementor-widget-text-editor\" data-id=\"4098151\" data-element_type=\"widget\" data-e-type=\"widget\" data-widget_type=\"text-editor.default\">\n\t\t\t\t<div class=\"elementor-widget-container\">\n\t\t\t\t\t\t\t\t\t<h2>CultCaff\u00e8 &amp; Slayer &amp; Pro-Baristi<\/h2><p>Simply the best, no compromises, living perfection, awakening emotions.<br \/>Coffee is culture, it is art and a feeling of nonchalance, the feeling of easy living, of lightheartedness; it is a part of our open thinking, our actions.<br \/>Bohemian style of our thoughts, our senses and imagination.<br \/><strong><br \/>BOHO &amp; PERFECTION<\/strong><br \/>Boho on the outside is only really casual through perfection, in every detail, in every step in the background.<\/p><p><strong>CULT CAFF\u00c8<\/strong><br \/>Perfection in quality and roasting, magical in taste<\/p><p><strong>SLAYER\u00a0\u00a0<\/strong><br \/>Perfection meets design, quality meets emotion<br \/><strong><br \/>PRO-BARISTI<\/strong><br \/>High Level Training for the Best in front of the Machines<br \/>BEST OFFER EVER for your Total SATISFACTION<\/p><table><tbody><tr><td>Machines &amp; Grinders &amp; Filters<\/td><td>850,- \/ Month<\/td><\/tr><tr><td>CULTCAFFE, Organic<\/td><td>25,- \/ kg<\/td><\/tr><tr><td>Barista training<\/td><td>500,- \/ year<\/td><\/tr><tr><td>Contract Duration<\/td><td>4 years<\/td><\/tr><\/tbody><\/table>\t\t\t\t\t\t\t\t<\/div>\n\t\t\t\t<\/div>\n\t\t\t\t<\/div>\n\t\t<div class=\"elementor-element elementor-element-89aa0ca e-con-full e-flex e-con e-child\" data-id=\"89aa0ca\" data-element_type=\"container\" data-e-type=\"container\">\n\t\t\t\t<div class=\"elementor-element elementor-element-0788faa elementor-widget elementor-widget-image\" data-id=\"0788faa\" data-element_type=\"widget\" data-e-type=\"widget\" data-widget_type=\"image.default\">\n\t\t\t\t<div class=\"elementor-widget-container\">\n\t\t\t\t\t\t\t\t\t\t\t\t\t\t\t<img fetchpriority=\"high\" decoding=\"async\" width=\"490\" height=\"328\" src=\"https:\/\/www.cultcaffe.at\/wp-content\/uploads\/2025\/03\/perfektion_siebtraegermaschine.png\" class=\"attachment-large size-large wp-image-17325\" alt=\"\" srcset=\"https:\/\/www.cultcaffe.at\/wp-content\/uploads\/2025\/03\/perfektion_siebtraegermaschine.png 490w, https:\/\/www.cultcaffe.at\/wp-content\/uploads\/2025\/03\/perfektion_siebtraegermaschine-300x201.png 300w\" sizes=\"(max-width: 490px) 100vw, 490px\" \/>\t\t\t\t\t\t\t\t\t\t\t\t\t\t\t<\/div>\n\t\t\t\t<\/div>\n\t\t\t\t<\/div>\n\t\t\t\t\t<\/div>\n\t\t\t\t<\/div>\n\t\t\t\t<\/div>","protected":false},"excerpt":{"rendered":"<p>Slayer &#038; Pro-Baristi CultCaff\u00e8 &amp; Slayer &amp; Pro-Baristi Einfach das Beste, keine Kompromisse einzugehen, die Perfektion zu leben, Emotionen wecken.Kaffee ist Cultur, ist Kunst und ein Gef\u00fchl der L\u00e4ssigkeit, das Gef\u00fchl des leichten Lebens, der Unbeschwertheit, es ist ein Teil unseres offenen Denkens, unseres Tuns.Bohemien Style unserer Gedanken, unserer Sinne und Fantasie.BOHO &amp; PEFEKTIONBoho nach [&hellip;]<\/p>\n","protected":false},"author":6,"featured_media":0,"parent":0,"menu_order":0,"comment_status":"closed","ping_status":"closed","template":"","meta":{"inline_featured_image":false,"footnotes":""},"class_list":["post-1244","page","type-page","status-publish","hentry"],"yoast_head":"<!-- This site is optimized with the Yoast SEO plugin v27.5 - https:\/\/yoast.com\/product\/yoast-seo-wordpress\/ -->\n<title>Perfektion in Coffee - CultCaff\u00e9 - die Bio Kaffee R\u00f6sterei<\/title>\n<meta name=\"robots\" content=\"index, follow, max-snippet:-1, max-image-preview:large, max-video-preview:-1\" \/>\n<link rel=\"canonical\" href=\"https:\/\/www.cultcaffe.at\/en\/perfection-in-coffee\/\" \/>\n<meta property=\"og:locale\" content=\"en_US\" \/>\n<meta property=\"og:type\" content=\"article\" \/>\n<meta property=\"og:title\" content=\"Perfektion in Coffee - CultCaff\u00e9 - die Bio Kaffee R\u00f6sterei\" \/>\n<meta property=\"og:description\" content=\"Slayer &#038; Pro-Baristi CultCaff\u00e8 &amp; Slayer &amp; Pro-Baristi Einfach das Beste, keine Kompromisse einzugehen, die Perfektion zu leben, Emotionen wecken.Kaffee ist Cultur, ist Kunst und ein Gef\u00fchl der L\u00e4ssigkeit, das Gef\u00fchl des leichten Lebens, der Unbeschwertheit, es ist ein Teil unseres offenen Denkens, unseres Tuns.Bohemien Style unserer Gedanken, unserer Sinne und Fantasie.BOHO &amp; PEFEKTIONBoho nach [&hellip;]\" \/>\n<meta property=\"og:url\" content=\"https:\/\/www.cultcaffe.at\/en\/perfection-in-coffee\/\" \/>\n<meta property=\"og:site_name\" content=\"CultCaff\u00e9 - die Bio Kaffee R\u00f6sterei\" \/>\n<meta property=\"article:publisher\" content=\"https:\/\/www.facebook.com\/p\/Cult-Caff%c3%a8-die-R%c3%b6sterei-100039719724703\/?locale=de_DE\" \/>\n<meta property=\"article:modified_time\" content=\"2025-04-30T07:49:38+00:00\" \/>\n<meta property=\"og:image\" content=\"https:\/\/www.cultcaffe.at\/wp-content\/uploads\/2025\/03\/perfektion_siebtraegermaschine.png\" \/>\n\t<meta property=\"og:image:width\" content=\"490\" \/>\n\t<meta property=\"og:image:height\" content=\"328\" \/>\n\t<meta property=\"og:image:type\" content=\"image\/png\" \/>\n<meta name=\"twitter:card\" content=\"summary_large_image\" \/>\n<meta name=\"twitter:label1\" content=\"Est. reading time\" \/>\n\t<meta name=\"twitter:data1\" content=\"1 minute\" \/>\n<script type=\"application\/ld+json\" class=\"yoast-schema-graph\">{\"@context\":\"https:\\\/\\\/schema.org\",\"@graph\":[{\"@type\":\"WebPage\",\"@id\":\"https:\\\/\\\/www.cultcaffe.at\\\/perfektion-in-coffee\\\/\",\"url\":\"https:\\\/\\\/www.cultcaffe.at\\\/perfektion-in-coffee\\\/\",\"name\":\"Perfektion in Coffee - CultCaff\u00e9 - die Bio Kaffee R\u00f6sterei\",\"isPartOf\":{\"@id\":\"https:\\\/\\\/www.cultcaffe.at\\\/#website\"},\"primaryImageOfPage\":{\"@id\":\"https:\\\/\\\/www.cultcaffe.at\\\/perfektion-in-coffee\\\/#primaryimage\"},\"image\":{\"@id\":\"https:\\\/\\\/www.cultcaffe.at\\\/perfektion-in-coffee\\\/#primaryimage\"},\"thumbnailUrl\":\"https:\\\/\\\/www.cultcaffe.at\\\/wp-content\\\/uploads\\\/2025\\\/03\\\/perfektion_siebtraegermaschine.png\",\"datePublished\":\"2023-02-08T12:33:03+00:00\",\"dateModified\":\"2025-04-30T07:49:38+00:00\",\"breadcrumb\":{\"@id\":\"https:\\\/\\\/www.cultcaffe.at\\\/perfektion-in-coffee\\\/#breadcrumb\"},\"inLanguage\":\"en-US\",\"potentialAction\":[{\"@type\":\"ReadAction\",\"target\":[\"https:\\\/\\\/www.cultcaffe.at\\\/perfektion-in-coffee\\\/\"]}]},{\"@type\":\"ImageObject\",\"inLanguage\":\"en-US\",\"@id\":\"https:\\\/\\\/www.cultcaffe.at\\\/perfektion-in-coffee\\\/#primaryimage\",\"url\":\"https:\\\/\\\/www.cultcaffe.at\\\/wp-content\\\/uploads\\\/2025\\\/03\\\/perfektion_siebtraegermaschine.png\",\"contentUrl\":\"https:\\\/\\\/www.cultcaffe.at\\\/wp-content\\\/uploads\\\/2025\\\/03\\\/perfektion_siebtraegermaschine.png\"},{\"@type\":\"BreadcrumbList\",\"@id\":\"https:\\\/\\\/www.cultcaffe.at\\\/perfektion-in-coffee\\\/#breadcrumb\",\"itemListElement\":[{\"@type\":\"ListItem\",\"position\":1,\"name\":\"Startseite\",\"item\":\"https:\\\/\\\/www.cultcaffe.at\\\/\"},{\"@type\":\"ListItem\",\"position\":2,\"name\":\"Perfektion in Coffee\"}]},{\"@type\":\"WebSite\",\"@id\":\"https:\\\/\\\/www.cultcaffe.at\\\/#website\",\"url\":\"https:\\\/\\\/www.cultcaffe.at\\\/\",\"name\":\"CultCaff\u00e9 - die Bio Kaffee R\u00f6sterei\",\"description\":\"Liebe zum Kaffee\",\"publisher\":{\"@id\":\"https:\\\/\\\/www.cultcaffe.at\\\/#organization\"},\"potentialAction\":[{\"@type\":\"SearchAction\",\"target\":{\"@type\":\"EntryPoint\",\"urlTemplate\":\"https:\\\/\\\/www.cultcaffe.at\\\/?s={search_term_string}\"},\"query-input\":{\"@type\":\"PropertyValueSpecification\",\"valueRequired\":true,\"valueName\":\"search_term_string\"}}],\"inLanguage\":\"en-US\"},{\"@type\":[\"Organization\",\"Place\"],\"@id\":\"https:\\\/\\\/www.cultcaffe.at\\\/#organization\",\"name\":\"CultCaff\u00e9 Kaffeer\u00f6sterei GmbH\",\"alternateName\":\"CultCaff\u00e9\",\"url\":\"https:\\\/\\\/www.cultcaffe.at\\\/\",\"logo\":{\"@id\":\"https:\\\/\\\/www.cultcaffe.at\\\/perfektion-in-coffee\\\/#local-main-organization-logo\"},\"image\":{\"@id\":\"https:\\\/\\\/www.cultcaffe.at\\\/perfektion-in-coffee\\\/#local-main-organization-logo\"},\"sameAs\":[\"https:\\\/\\\/www.facebook.com\\\/p\\\/Cult-Caff\u00e8-die-R\u00f6sterei-100039719724703\\\/?locale=de_DE\",\"https:\\\/\\\/www.instagram.com\\\/cultcaffe.at\\\/\"],\"hasMerchantReturnPolicy\":{\"@type\":\"MerchantReturnPolicy\",\"merchantReturnLink\":\"https:\\\/\\\/www.cultcaffe.at\\\/en\\\/agbs\\\/\"},\"telephone\":[],\"openingHoursSpecification\":[{\"@type\":\"OpeningHoursSpecification\",\"dayOfWeek\":[\"Monday\",\"Tuesday\",\"Wednesday\",\"Thursday\",\"Friday\",\"Saturday\",\"Sunday\"],\"opens\":\"09:00\",\"closes\":\"17:00\"}]},{\"@type\":\"ImageObject\",\"inLanguage\":\"en-US\",\"@id\":\"https:\\\/\\\/www.cultcaffe.at\\\/perfektion-in-coffee\\\/#local-main-organization-logo\",\"url\":\"https:\\\/\\\/www.cultcaffe.at\\\/wp-content\\\/uploads\\\/2023\\\/11\\\/cultcaffe_logo_regular_dark-1.svg\",\"contentUrl\":\"https:\\\/\\\/www.cultcaffe.at\\\/wp-content\\\/uploads\\\/2023\\\/11\\\/cultcaffe_logo_regular_dark-1.svg\",\"width\":756,\"height\":474,\"caption\":\"CultCaff\u00e9 Kaffeer\u00f6sterei GmbH\"}]}<\/script>\n<!-- \/ Yoast SEO plugin. -->","yoast_head_json":{"title":"Perfection in Coffee - CultCaff\u00e9 - the organic coffee roastery","robots":{"index":"index","follow":"follow","max-snippet":"max-snippet:-1","max-image-preview":"max-image-preview:large","max-video-preview":"max-video-preview:-1"},"canonical":"https:\/\/www.cultcaffe.at\/en\/perfection-in-coffee\/","og_locale":"en_US","og_type":"article","og_title":"Perfektion in Coffee - CultCaff\u00e9 - die Bio Kaffee R\u00f6sterei","og_description":"Slayer &#038; Pro-Baristi CultCaff\u00e8 &amp; Slayer &amp; Pro-Baristi Einfach das Beste, keine Kompromisse einzugehen, die Perfektion zu leben, Emotionen wecken.Kaffee ist Cultur, ist Kunst und ein Gef\u00fchl der L\u00e4ssigkeit, das Gef\u00fchl des leichten Lebens, der Unbeschwertheit, es ist ein Teil unseres offenen Denkens, unseres Tuns.Bohemien Style unserer Gedanken, unserer Sinne und Fantasie.BOHO &amp; PEFEKTIONBoho nach [&hellip;]","og_url":"https:\/\/www.cultcaffe.at\/en\/perfection-in-coffee\/","og_site_name":"CultCaff\u00e9 - die Bio Kaffee R\u00f6sterei","article_publisher":"https:\/\/www.facebook.com\/p\/Cult-Caff%c3%a8-die-R%c3%b6sterei-100039719724703\/?locale=de_DE","article_modified_time":"2025-04-30T07:49:38+00:00","og_image":[{"width":490,"height":328,"url":"https:\/\/www.cultcaffe.at\/wp-content\/uploads\/2025\/03\/perfektion_siebtraegermaschine.png","type":"image\/png"}],"twitter_card":"summary_large_image","twitter_misc":{"Est. reading time":"1 minute"},"schema":{"@context":"https:\/\/schema.org","@graph":[{"@type":"WebPage","@id":"https:\/\/www.cultcaffe.at\/perfektion-in-coffee\/","url":"https:\/\/www.cultcaffe.at\/perfektion-in-coffee\/","name":"Perfection in Coffee - CultCaff\u00e9 - the organic coffee roastery","isPartOf":{"@id":"https:\/\/www.cultcaffe.at\/#website"},"primaryImageOfPage":{"@id":"https:\/\/www.cultcaffe.at\/perfektion-in-coffee\/#primaryimage"},"image":{"@id":"https:\/\/www.cultcaffe.at\/perfektion-in-coffee\/#primaryimage"},"thumbnailUrl":"https:\/\/www.cultcaffe.at\/wp-content\/uploads\/2025\/03\/perfektion_siebtraegermaschine.png","datePublished":"2023-02-08T12:33:03+00:00","dateModified":"2025-04-30T07:49:38+00:00","breadcrumb":{"@id":"https:\/\/www.cultcaffe.at\/perfektion-in-coffee\/#breadcrumb"},"inLanguage":"en-US","potentialAction":[{"@type":"ReadAction","target":["https:\/\/www.cultcaffe.at\/perfektion-in-coffee\/"]}]},{"@type":"ImageObject","inLanguage":"en-US","@id":"https:\/\/www.cultcaffe.at\/perfektion-in-coffee\/#primaryimage","url":"https:\/\/www.cultcaffe.at\/wp-content\/uploads\/2025\/03\/perfektion_siebtraegermaschine.png","contentUrl":"https:\/\/www.cultcaffe.at\/wp-content\/uploads\/2025\/03\/perfektion_siebtraegermaschine.png"},{"@type":"BreadcrumbList","@id":"https:\/\/www.cultcaffe.at\/perfektion-in-coffee\/#breadcrumb","itemListElement":[{"@type":"ListItem","position":1,"name":"Startseite","item":"https:\/\/www.cultcaffe.at\/"},{"@type":"ListItem","position":2,"name":"Perfektion in Coffee"}]},{"@type":"WebSite","@id":"https:\/\/www.cultcaffe.at\/#website","url":"https:\/\/www.cultcaffe.at\/","name":"CultCaff\u00e9 - the organic coffee roastery","description":"Love for coffee","publisher":{"@id":"https:\/\/www.cultcaffe.at\/#organization"},"potentialAction":[{"@type":"SearchAction","target":{"@type":"EntryPoint","urlTemplate":"https:\/\/www.cultcaffe.at\/?s={search_term_string}"},"query-input":{"@type":"PropertyValueSpecification","valueRequired":true,"valueName":"search_term_string"}}],"inLanguage":"en-US"},{"@type":["Organization","Place"],"@id":"https:\/\/www.cultcaffe.at\/#organization","name":"CultCaff\u00e9 Coffee Roastery GmbH","alternateName":"CultCaff\u00e9","url":"https:\/\/www.cultcaffe.at\/","logo":{"@id":"https:\/\/www.cultcaffe.at\/perfektion-in-coffee\/#local-main-organization-logo"},"image":{"@id":"https:\/\/www.cultcaffe.at\/perfektion-in-coffee\/#local-main-organization-logo"},"sameAs":["https:\/\/www.facebook.com\/p\/Cult-Caff\u00e8-die-R\u00f6sterei-100039719724703\/?locale=de_DE","https:\/\/www.instagram.com\/cultcaffe.at\/"],"hasMerchantReturnPolicy":{"@type":"MerchantReturnPolicy","merchantReturnLink":"https:\/\/www.cultcaffe.at\/en\/agbs\/"},"telephone":[],"openingHoursSpecification":[{"@type":"OpeningHoursSpecification","dayOfWeek":["Monday","Tuesday","Wednesday","Thursday","Friday","Saturday","Sunday"],"opens":"09:00","closes":"17:00"}]},{"@type":"ImageObject","inLanguage":"en-US","@id":"https:\/\/www.cultcaffe.at\/perfektion-in-coffee\/#local-main-organization-logo","url":"https:\/\/www.cultcaffe.at\/wp-content\/uploads\/2023\/11\/cultcaffe_logo_regular_dark-1.svg","contentUrl":"https:\/\/www.cultcaffe.at\/wp-content\/uploads\/2023\/11\/cultcaffe_logo_regular_dark-1.svg","width":756,"height":474,"caption":"CultCaff\u00e9 Kaffeer\u00f6sterei GmbH"}]}},"_links":{"self":[{"href":"https:\/\/www.cultcaffe.at\/en\/wp-json\/wp\/v2\/pages\/1244","targetHints":{"allow":["GET"]}}],"collection":[{"href":"https:\/\/www.cultcaffe.at\/en\/wp-json\/wp\/v2\/pages"}],"about":[{"href":"https:\/\/www.cultcaffe.at\/en\/wp-json\/wp\/v2\/types\/page"}],"author":[{"embeddable":true,"href":"https:\/\/www.cultcaffe.at\/en\/wp-json\/wp\/v2\/users\/6"}],"replies":[{"embeddable":true,"href":"https:\/\/www.cultcaffe.at\/en\/wp-json\/wp\/v2\/comments?post=1244"}],"version-history":[{"count":31,"href":"https:\/\/www.cultcaffe.at\/en\/wp-json\/wp\/v2\/pages\/1244\/revisions"}],"predecessor-version":[{"id":18273,"href":"https:\/\/www.cultcaffe.at\/en\/wp-json\/wp\/v2\/pages\/1244\/revisions\/18273"}],"wp:attachment":[{"href":"https:\/\/www.cultcaffe.at\/en\/wp-json\/wp\/v2\/media?parent=1244"}],"curies":[{"name":"wp","href":"https:\/\/api.w.org\/{rel}","templated":true}]}}