{"id":19330,"date":"2026-01-30T11:22:15","date_gmt":"2026-01-30T10:22:15","guid":{"rendered":"https:\/\/www.cultcaffe.at\/?post_type=product&#038;p=19330"},"modified":"2026-02-18T15:39:51","modified_gmt":"2026-02-18T14:39:51","slug":"plne-automaticky-kavovar-smeg-classic-bcc11","status":"publish","type":"product","link":"https:\/\/www.cultcaffe.at\/cs\/produkt\/smeg-kaffeevollautomat-classic-bcc11\/","title":{"rendered":"Pln\u011b automatick\u00fd k\u00e1vovar SMEG Classic BCC11"},"content":{"rendered":"<h3 class=\"product-detail__title\">Technick\u00e9 specifikace<\/h3>\n<div class=\"product-detail__content\">\n<div class=\"details layout__twoCol row\">\n<div class=\"col-sm\">\n<ul>\n<li id=\"sectionDetail-13\" class=\"detail\"><span class=\"detail__label\">Topn\u00fd syst\u00e9m: <\/span><span class=\"detail__txt\">Termoblok<\/span><\/li>\n<li id=\"sectionDetail-13\" class=\"detail\"><span class=\"detail__label\">Odn\u00edmateln\u00e1 spa\u0159ovac\u00ed jednotka<\/span><\/li>\n<li id=\"sectionDetail-13\" class=\"detail\"><span class=\"detail__label\">Integrovan\u00fd ml\u00fdnek na k\u00e1vu<\/span><\/li>\n<li id=\"sectionDetail-13\" class=\"detail\"><span class=\"detail__label\">Kapacita z\u00e1sobn\u00edku na k\u00e1vov\u00e1 zrna: 1<\/span><span class=\"detail__txt\">50 g<\/span><\/li>\n<li id=\"sectionDetail-13\" class=\"detail\"><span class=\"detail__label\">Kapacita n\u00e1doby na k\u00e1vovou sedlinu (po\u010det k\u00e1vov\u00e9 sedliny): <\/span><span class=\"detail__txt\">7<\/span><\/li>\n<li class=\"detail\"><span class=\"detail__label\">Odn\u00edmateln\u00e1 n\u00e1dr\u017e na vodu<\/span><\/li>\n<li class=\"detail\"><span class=\"detail__label\">Objem n\u00e1dr\u017ee na vodu: <\/span><span class=\"detail__txt\">1,4 l<\/span><\/li>\n<li class=\"detail\"><span class=\"detail__label\">Vyj\u00edmateln\u00e1 miska na zbytkovou vodu<\/span><\/li>\n<li class=\"detail\"><span class=\"detail__label\">Velk\u00fd t\u00e1c na \u0161\u00e1lky<\/span><\/li>\n<li class=\"detail\"><span class=\"detail__label\">Tlak \u010derpadla: <\/span><span class=\"detail__txt\">19 bar\u016f<\/span><\/li>\n<\/ul>\n<h3 class=\"product-detail__title\">Elektrick\u00e9 p\u0159ipojen\u00ed<\/h3>\n<div class=\"product-detail__content\">\n<div class=\"details layout__twoCol row\">\n<div class=\"col-sm\">\n<ul>\n<li><span class=\"detail__label\">Nap\u00e1jec\u00ed z\u00e1str\u010dka:<\/span><span class=\"detail__txt\">(F;E) Schuko<\/span><\/li>\n<li id=\"sectionDetail-15\" class=\"detail\"><span class=\"detail__label\">Nap\u011bt\u00ed: <\/span><span class=\"detail__txt\">220\u2013240 V<\/span><\/li>\n<li class=\"detail\">Frekvence: <span class=\"detail__txt\">50\/60 Hz<\/span><\/li>\n<li class=\"detail\">D\u00e9lka nap\u00e1jec\u00edho kabelu: <span class=\"detail__txt\">1 m<\/span><\/li>\n<\/ul>\n<\/div>\n<\/div>\n<\/div>\n<\/div>\n<\/div>\n<\/div>\n<h3 class=\"product-detail__title\">Standardn\u00ed p\u0159\u00edslu\u0161enstv\u00ed<\/h3>\n<div class=\"product-detail__content\">\n<div class=\"details layout__twoCol\">\n<div class=\"detail\"><span class=\"detail__label\">\u010distic\u00ed kart\u00e1\u010d<\/span><\/div>\n<div class=\"detail\"><span class=\"detail__label\">Testovac\u00ed prou\u017eky\/tvrdost vody<\/span><\/div>\n<div><\/div>\n<h4 class=\"product-detail__title\"><a href=\"https:\/\/www.cultcaffe.at\/wp-content\/uploads\/2026\/01\/BCC11BLMEU_de-DE-Lieferumfang.pdf\">BCC11BLMEU_de-DE Rozsah dod\u00e1vky<\/a><\/h4>\n<h4 class=\"product-detail__title\"><a style=\"font-size: 16px;\" href=\"https:\/\/www.cultcaffe.at\/wp-content\/uploads\/2026\/01\/Bedienungsanleitung-Smeg-Vollautomat-BCC11.pdf\">N\u00e1vod k obsluze pln\u011b automatick\u00e9ho k\u00e1vovaru Smeg BCC11<\/a><\/h4>\n<\/div>\n<\/div>","protected":false},"excerpt":{"rendered":"<div class=\"main__description\">Elegance a minimalistick\u00fd design nov\u00e9ho pln\u011b automatick\u00e9ho k\u00e1vovaru spln\u00ed v\u0161echna p\u0159\u00e1n\u00ed. A\u0165 u\u017e jde o ristretto, espresso nebo americano.<\/div>\n<div class=\"main__description\">Pln\u011b automatick\u00fd k\u00e1vovar nab\u00edz\u00ed speci\u00e1ln\u00ed k\u00e1vov\u00fd z\u00e1\u017eitek.<\/div>\n<div class=\"main__description\">\n<ul>\n<li>Syst\u00e9m oh\u0159evu Thermoblock pro rychlou p\u0159\u00edpravu k\u00e1vy a konstantn\u00ed teplotu spa\u0159ov\u00e1n\u00ed a napa\u0159ov\u00e1n\u00ed.<\/li>\n<li>Integrovan\u00fd ml\u00fdnek na k\u00e1vu. Vychutnejte si k\u00e1vu p\u0159ipravenou z \u010derstv\u011b namlet\u00fdch k\u00e1vov\u00fdch zrn.<\/li>\n<li>Intuitivn\u00ed ovl\u00e1d\u00e1n\u00ed: P\u0159ehledn\u00e1 kl\u00e1vesnice pro funkce ovl\u00e1dan\u00e9 jedn\u00edm dotykem \u2013 rozmanit\u00e1 k\u00e1va stisknut\u00edm tla\u010d\u00edtka.<\/li>\n<li>Kompaktn\u00ed a prostorov\u011b \u00fasporn\u00e9<\/li>\n<li>Dr\u017e\u00e1k na n\u00e1poje z nerezov\u00e9 oceli lze snadno vyjmout, tak\u017ee se pod v\u00fdpust k\u00e1vy vejdou i v\u011bt\u0161\u00ed sklenice na latte macchiato.<\/li>\n<li>Tlak \u010derpadla 19 bar\u016f: pro konzistentn\u011b optim\u00e1ln\u00ed extrakci espressa.<\/li>\n<li>V\u00edcen\u00e1sobn\u00e9 n\u00e1poje: 7 k\u00e1vov\u00fdch n\u00e1poj\u016f a funkce hork\u00e9 vody<\/li>\n<\/ul>\n<\/div>","protected":false},"featured_media":19333,"template":"","meta":{"inline_featured_image":false},"product_brand":[],"product_cat":[314],"product_tag":[155,61,60,312,59,62,311,309,313],"class_list":{"0":"post-19330","1":"product","2":"type-product","3":"status-publish","4":"has-post-thumbnail","6":"product_cat-kaffeemaschinen","7":"product_tag-barista","8":"product_tag-cultcaffe","9":"product_tag-espresso","10":"product_tag-espressomaschine","11":"product_tag-kaffee","12":"product_tag-kaffeegenuss","13":"product_tag-kaffeemaschine","14":"product_tag-smeg","15":"product_tag-vollautomat","16":"product_shipping_class-kaffeemaschinen","18":"first","19":"instock","20":"taxable","21":"shipping-taxable","22":"purchasable","23":"product-type-variable"},"yoast_head":"<!-- This site is optimized with the Yoast SEO plugin v27.5 - https:\/\/yoast.com\/product\/yoast-seo-wordpress\/ -->\n<title>SMEG Kaffeevollautomat Classic BCC11 - CultCaff\u00e9 - die Bio Kaffee R\u00f6sterei<\/title>\n<meta name=\"robots\" content=\"index, follow, max-snippet:-1, max-image-preview:large, max-video-preview:-1\" \/>\n<link rel=\"canonical\" href=\"https:\/\/www.cultcaffe.at\/cs\/produkt\/plne-automaticky-kavovar-smeg-classic-bcc11\/\" \/>\n<meta property=\"og:locale\" content=\"cs_CZ\" \/>\n<meta property=\"og:type\" content=\"article\" \/>\n<meta property=\"og:title\" content=\"SMEG Kaffeevollautomat Classic BCC11 - CultCaff\u00e9 - die Bio Kaffee R\u00f6sterei\" \/>\n<meta property=\"og:description\" content=\"Die Eleganz und das puristische Design des neuen Kaffeevollautomaten l\u00e4sst keine W\u00fcnsche offen. Egal ob Ristretto, Espresso oder Americano. Der Kaffeevollautomat bietet das besondere Kaffeeerlebnis.    Thermoblock-Heizsystem f\u00fcr eine schnelle Zubereitung des Kaffees und eine konstante Br\u00fch- und Dampftemperatur.  Integrierte Kaffeem\u00fchle. Kaffeegenuss aus frisch gemahlenen Kaffeebohnen.  Intuitive Bedienung: \u00dcbersichtliches Tastenfeld f\u00fcr One-Touch Funktionen - Kaffeevielfalt auf Knopfdruck  Kompakt und platzsparend  Der Tassentr\u00e4ger aus Edelstahl kann ganz einfach abgenommen werden, so passen auch gr\u00f6\u00dfere Latte Macchiato-Gl\u00e4ser unter den Kaffee-Auslauf.  19 bar Pumpendruck: f\u00fcr eine stets optimale Extraktion des Espressokaffees  Multigetr\u00e4nke: 7 Kaffeegetr\u00e4nke und Hei\u00dfwasserfunktion\" \/>\n<meta property=\"og:url\" content=\"https:\/\/www.cultcaffe.at\/cs\/produkt\/plne-automaticky-kavovar-smeg-classic-bcc11\/\" \/>\n<meta property=\"og:site_name\" content=\"CultCaff\u00e9 - die Bio Kaffee R\u00f6sterei\" \/>\n<meta property=\"article:publisher\" content=\"https:\/\/www.facebook.com\/p\/Cult-Caff%c3%a8-die-R%c3%b6sterei-100039719724703\/?locale=de_DE\" \/>\n<meta property=\"article:modified_time\" content=\"2026-02-18T14:39:51+00:00\" \/>\n<meta property=\"og:image\" content=\"https:\/\/www.cultcaffe.at\/wp-content\/uploads\/2026\/01\/BCC11BLMEU_9-Vollautomat-Kaffee.jpg\" \/>\n\t<meta property=\"og:image:width\" content=\"1300\" \/>\n\t<meta property=\"og:image:height\" content=\"1300\" \/>\n\t<meta property=\"og:image:type\" content=\"image\/jpeg\" \/>\n<meta name=\"twitter:card\" content=\"summary_large_image\" \/>\n<meta name=\"twitter:label1\" content=\"Dostupnost\" \/>\n\t<meta name=\"twitter:data1\" content=\"Skladem\" \/>\n<script type=\"application\/ld+json\" class=\"yoast-schema-graph\">{\"@context\":\"https:\\\/\\\/schema.org\",\"@graph\":[{\"@type\":\"WebPage\",\"@id\":\"https:\\\/\\\/www.cultcaffe.at\\\/produkt\\\/smeg-kaffeevollautomat-classic-bcc11\\\/\",\"url\":\"https:\\\/\\\/www.cultcaffe.at\\\/produkt\\\/smeg-kaffeevollautomat-classic-bcc11\\\/\",\"name\":\"SMEG Kaffeevollautomat Classic BCC11 - CultCaff\u00e9 - die Bio Kaffee R\u00f6sterei\",\"isPartOf\":{\"@id\":\"https:\\\/\\\/www.cultcaffe.at\\\/#website\"},\"primaryImageOfPage\":{\"@id\":\"https:\\\/\\\/www.cultcaffe.at\\\/produkt\\\/smeg-kaffeevollautomat-classic-bcc11\\\/#primaryimage\"},\"image\":{\"@id\":\"https:\\\/\\\/www.cultcaffe.at\\\/produkt\\\/smeg-kaffeevollautomat-classic-bcc11\\\/#primaryimage\"},\"thumbnailUrl\":\"https:\\\/\\\/www.cultcaffe.at\\\/wp-content\\\/uploads\\\/2026\\\/01\\\/BCC11BLMEU_9-Vollautomat-Kaffee.jpg\",\"datePublished\":\"2026-01-30T10:22:15+00:00\",\"dateModified\":\"2026-02-18T14:39:51+00:00\",\"breadcrumb\":{\"@id\":\"https:\\\/\\\/www.cultcaffe.at\\\/produkt\\\/smeg-kaffeevollautomat-classic-bcc11\\\/#breadcrumb\"},\"inLanguage\":\"cs\",\"potentialAction\":[{\"@type\":\"ReadAction\",\"target\":[\"https:\\\/\\\/www.cultcaffe.at\\\/produkt\\\/smeg-kaffeevollautomat-classic-bcc11\\\/\"]}]},{\"@type\":\"ImageObject\",\"inLanguage\":\"cs\",\"@id\":\"https:\\\/\\\/www.cultcaffe.at\\\/produkt\\\/smeg-kaffeevollautomat-classic-bcc11\\\/#primaryimage\",\"url\":\"https:\\\/\\\/www.cultcaffe.at\\\/wp-content\\\/uploads\\\/2026\\\/01\\\/BCC11BLMEU_9-Vollautomat-Kaffee.jpg\",\"contentUrl\":\"https:\\\/\\\/www.cultcaffe.at\\\/wp-content\\\/uploads\\\/2026\\\/01\\\/BCC11BLMEU_9-Vollautomat-Kaffee.jpg\",\"width\":1300,\"height\":1300},{\"@type\":\"BreadcrumbList\",\"@id\":\"https:\\\/\\\/www.cultcaffe.at\\\/produkt\\\/smeg-kaffeevollautomat-classic-bcc11\\\/#breadcrumb\",\"itemListElement\":[{\"@type\":\"ListItem\",\"position\":1,\"name\":\"Startseite\",\"item\":\"https:\\\/\\\/www.cultcaffe.at\\\/\"},{\"@type\":\"ListItem\",\"position\":2,\"name\":\"Produkte\",\"item\":\"https:\\\/\\\/www.cultcaffe.at\\\/shop\\\/\"},{\"@type\":\"ListItem\",\"position\":3,\"name\":\"SMEG Kaffeevollautomat Classic BCC11\"}]},{\"@type\":\"WebSite\",\"@id\":\"https:\\\/\\\/www.cultcaffe.at\\\/#website\",\"url\":\"https:\\\/\\\/www.cultcaffe.at\\\/\",\"name\":\"CultCaff\u00e9 - die Bio Kaffee R\u00f6sterei\",\"description\":\"Liebe zum Kaffee\",\"publisher\":{\"@id\":\"https:\\\/\\\/www.cultcaffe.at\\\/#organization\"},\"potentialAction\":[{\"@type\":\"SearchAction\",\"target\":{\"@type\":\"EntryPoint\",\"urlTemplate\":\"https:\\\/\\\/www.cultcaffe.at\\\/?s={search_term_string}\"},\"query-input\":{\"@type\":\"PropertyValueSpecification\",\"valueRequired\":true,\"valueName\":\"search_term_string\"}}],\"inLanguage\":\"cs\"},{\"@type\":[\"Organization\",\"Place\"],\"@id\":\"https:\\\/\\\/www.cultcaffe.at\\\/#organization\",\"name\":\"CultCaff\u00e9 Kaffeer\u00f6sterei GmbH\",\"alternateName\":\"CultCaff\u00e9\",\"url\":\"https:\\\/\\\/www.cultcaffe.at\\\/\",\"logo\":{\"@id\":\"https:\\\/\\\/www.cultcaffe.at\\\/produkt\\\/smeg-kaffeevollautomat-classic-bcc11\\\/#local-main-organization-logo\"},\"image\":{\"@id\":\"https:\\\/\\\/www.cultcaffe.at\\\/produkt\\\/smeg-kaffeevollautomat-classic-bcc11\\\/#local-main-organization-logo\"},\"sameAs\":[\"https:\\\/\\\/www.facebook.com\\\/p\\\/Cult-Caff\u00e8-die-R\u00f6sterei-100039719724703\\\/?locale=de_DE\",\"https:\\\/\\\/www.instagram.com\\\/cultcaffe.at\\\/\"],\"hasMerchantReturnPolicy\":{\"@type\":\"MerchantReturnPolicy\",\"merchantReturnLink\":\"https:\\\/\\\/www.cultcaffe.at\\\/cs\\\/agbs\\\/\"},\"telephone\":[],\"openingHoursSpecification\":[{\"@type\":\"OpeningHoursSpecification\",\"dayOfWeek\":[\"Monday\",\"Tuesday\",\"Wednesday\",\"Thursday\",\"Friday\",\"Saturday\",\"Sunday\"],\"opens\":\"09:00\",\"closes\":\"17:00\"}]},{\"@type\":\"ImageObject\",\"inLanguage\":\"cs\",\"@id\":\"https:\\\/\\\/www.cultcaffe.at\\\/produkt\\\/smeg-kaffeevollautomat-classic-bcc11\\\/#local-main-organization-logo\",\"url\":\"https:\\\/\\\/www.cultcaffe.at\\\/wp-content\\\/uploads\\\/2023\\\/11\\\/cultcaffe_logo_regular_dark-1.svg\",\"contentUrl\":\"https:\\\/\\\/www.cultcaffe.at\\\/wp-content\\\/uploads\\\/2023\\\/11\\\/cultcaffe_logo_regular_dark-1.svg\",\"width\":756,\"height\":474,\"caption\":\"CultCaff\u00e9 Kaffeer\u00f6sterei GmbH\"}]}<\/script>\n<meta property=\"og:availability\" content=\"instock\" \/>\n<meta property=\"product:availability\" content=\"instock\" \/>\n<meta property=\"product:condition\" content=\"new\" \/>\n<!-- \/ Yoast SEO plugin. -->","yoast_head_json":{"title":"Pln\u011b automatick\u00fd k\u00e1vovar SMEG Classic BCC11 - CultCaff\u00e9 - pra\u017e\u00edrna organick\u00e9 k\u00e1vy","robots":{"index":"index","follow":"follow","max-snippet":"max-snippet:-1","max-image-preview":"max-image-preview:large","max-video-preview":"max-video-preview:-1"},"canonical":"https:\/\/www.cultcaffe.at\/cs\/produkt\/plne-automaticky-kavovar-smeg-classic-bcc11\/","og_locale":"cs_CZ","og_type":"article","og_title":"SMEG Kaffeevollautomat Classic BCC11 - CultCaff\u00e9 - die Bio Kaffee R\u00f6sterei","og_description":"Die Eleganz und das puristische Design des neuen Kaffeevollautomaten l\u00e4sst keine W\u00fcnsche offen. Egal ob Ristretto, Espresso oder Americano. Der Kaffeevollautomat bietet das besondere Kaffeeerlebnis.    Thermoblock-Heizsystem f\u00fcr eine schnelle Zubereitung des Kaffees und eine konstante Br\u00fch- und Dampftemperatur.  Integrierte Kaffeem\u00fchle. Kaffeegenuss aus frisch gemahlenen Kaffeebohnen.  Intuitive Bedienung: \u00dcbersichtliches Tastenfeld f\u00fcr One-Touch Funktionen - Kaffeevielfalt auf Knopfdruck  Kompakt und platzsparend  Der Tassentr\u00e4ger aus Edelstahl kann ganz einfach abgenommen werden, so passen auch gr\u00f6\u00dfere Latte Macchiato-Gl\u00e4ser unter den Kaffee-Auslauf.  19 bar Pumpendruck: f\u00fcr eine stets optimale Extraktion des Espressokaffees  Multigetr\u00e4nke: 7 Kaffeegetr\u00e4nke und Hei\u00dfwasserfunktion","og_url":"https:\/\/www.cultcaffe.at\/cs\/produkt\/plne-automaticky-kavovar-smeg-classic-bcc11\/","og_site_name":"CultCaff\u00e9 - die Bio Kaffee R\u00f6sterei","article_publisher":"https:\/\/www.facebook.com\/p\/Cult-Caff%c3%a8-die-R%c3%b6sterei-100039719724703\/?locale=de_DE","article_modified_time":"2026-02-18T14:39:51+00:00","og_image":[{"width":1300,"height":1300,"url":"https:\/\/www.cultcaffe.at\/wp-content\/uploads\/2026\/01\/BCC11BLMEU_9-Vollautomat-Kaffee.jpg","type":"image\/jpeg"}],"twitter_card":"summary_large_image","twitter_misc":{"Dostupnost":"Skladem"},"schema":{"@context":"https:\/\/schema.org","@graph":[{"@type":"WebPage","@id":"https:\/\/www.cultcaffe.at\/produkt\/smeg-kaffeevollautomat-classic-bcc11\/","url":"https:\/\/www.cultcaffe.at\/produkt\/smeg-kaffeevollautomat-classic-bcc11\/","name":"Pln\u011b automatick\u00fd k\u00e1vovar SMEG Classic BCC11 - CultCaff\u00e9 - pra\u017e\u00edrna organick\u00e9 k\u00e1vy","isPartOf":{"@id":"https:\/\/www.cultcaffe.at\/#website"},"primaryImageOfPage":{"@id":"https:\/\/www.cultcaffe.at\/produkt\/smeg-kaffeevollautomat-classic-bcc11\/#primaryimage"},"image":{"@id":"https:\/\/www.cultcaffe.at\/produkt\/smeg-kaffeevollautomat-classic-bcc11\/#primaryimage"},"thumbnailUrl":"https:\/\/www.cultcaffe.at\/wp-content\/uploads\/2026\/01\/BCC11BLMEU_9-Vollautomat-Kaffee.jpg","datePublished":"2026-01-30T10:22:15+00:00","dateModified":"2026-02-18T14:39:51+00:00","breadcrumb":{"@id":"https:\/\/www.cultcaffe.at\/produkt\/smeg-kaffeevollautomat-classic-bcc11\/#breadcrumb"},"inLanguage":"cs","potentialAction":[{"@type":"ReadAction","target":["https:\/\/www.cultcaffe.at\/produkt\/smeg-kaffeevollautomat-classic-bcc11\/"]}]},{"@type":"ImageObject","inLanguage":"cs","@id":"https:\/\/www.cultcaffe.at\/produkt\/smeg-kaffeevollautomat-classic-bcc11\/#primaryimage","url":"https:\/\/www.cultcaffe.at\/wp-content\/uploads\/2026\/01\/BCC11BLMEU_9-Vollautomat-Kaffee.jpg","contentUrl":"https:\/\/www.cultcaffe.at\/wp-content\/uploads\/2026\/01\/BCC11BLMEU_9-Vollautomat-Kaffee.jpg","width":1300,"height":1300},{"@type":"BreadcrumbList","@id":"https:\/\/www.cultcaffe.at\/produkt\/smeg-kaffeevollautomat-classic-bcc11\/#breadcrumb","itemListElement":[{"@type":"ListItem","position":1,"name":"Startseite","item":"https:\/\/www.cultcaffe.at\/"},{"@type":"ListItem","position":2,"name":"Produkte","item":"https:\/\/www.cultcaffe.at\/shop\/"},{"@type":"ListItem","position":3,"name":"SMEG Kaffeevollautomat Classic BCC11"}]},{"@type":"WebSite","@id":"https:\/\/www.cultcaffe.at\/#website","url":"https:\/\/www.cultcaffe.at\/","name":"CultCaff\u00e9 - pra\u017e\u00edrna bio k\u00e1vy","description":"L\u00e1ska ke k\u00e1v\u011b","publisher":{"@id":"https:\/\/www.cultcaffe.at\/#organization"},"potentialAction":[{"@type":"SearchAction","target":{"@type":"EntryPoint","urlTemplate":"https:\/\/www.cultcaffe.at\/?s={search_term_string}"},"query-input":{"@type":"PropertyValueSpecification","valueRequired":true,"valueName":"search_term_string"}}],"inLanguage":"cs"},{"@type":["Organization","Place"],"@id":"https:\/\/www.cultcaffe.at\/#organization","name":"CultCaff\u00e9 Coffee Roastery GmbH","alternateName":"CultCaff\u00e9","url":"https:\/\/www.cultcaffe.at\/","logo":{"@id":"https:\/\/www.cultcaffe.at\/produkt\/smeg-kaffeevollautomat-classic-bcc11\/#local-main-organization-logo"},"image":{"@id":"https:\/\/www.cultcaffe.at\/produkt\/smeg-kaffeevollautomat-classic-bcc11\/#local-main-organization-logo"},"sameAs":["https:\/\/www.facebook.com\/p\/Cult-Caff\u00e8-die-R\u00f6sterei-100039719724703\/?locale=de_DE","https:\/\/www.instagram.com\/cultcaffe.at\/"],"hasMerchantReturnPolicy":{"@type":"MerchantReturnPolicy","merchantReturnLink":"https:\/\/www.cultcaffe.at\/cs\/agbs\/"},"telephone":[],"openingHoursSpecification":[{"@type":"OpeningHoursSpecification","dayOfWeek":["Monday","Tuesday","Wednesday","Thursday","Friday","Saturday","Sunday"],"opens":"09:00","closes":"17:00"}]},{"@type":"ImageObject","inLanguage":"cs","@id":"https:\/\/www.cultcaffe.at\/produkt\/smeg-kaffeevollautomat-classic-bcc11\/#local-main-organization-logo","url":"https:\/\/www.cultcaffe.at\/wp-content\/uploads\/2023\/11\/cultcaffe_logo_regular_dark-1.svg","contentUrl":"https:\/\/www.cultcaffe.at\/wp-content\/uploads\/2023\/11\/cultcaffe_logo_regular_dark-1.svg","width":756,"height":474,"caption":"CultCaff\u00e9 Kaffeer\u00f6sterei GmbH"}]},"og_availability":"instock","product_availability":"instock","product_condition":"new"},"_links":{"self":[{"href":"https:\/\/www.cultcaffe.at\/cs\/wp-json\/wp\/v2\/product\/19330","targetHints":{"allow":["GET"]}}],"collection":[{"href":"https:\/\/www.cultcaffe.at\/cs\/wp-json\/wp\/v2\/product"}],"about":[{"href":"https:\/\/www.cultcaffe.at\/cs\/wp-json\/wp\/v2\/types\/product"}],"wp:featuredmedia":[{"embeddable":true,"href":"https:\/\/www.cultcaffe.at\/cs\/wp-json\/wp\/v2\/media\/19333"}],"wp:attachment":[{"href":"https:\/\/www.cultcaffe.at\/cs\/wp-json\/wp\/v2\/media?parent=19330"}],"wp:term":[{"taxonomy":"product_brand","embeddable":true,"href":"https:\/\/www.cultcaffe.at\/cs\/wp-json\/wp\/v2\/product_brand?post=19330"},{"taxonomy":"product_cat","embeddable":true,"href":"https:\/\/www.cultcaffe.at\/cs\/wp-json\/wp\/v2\/product_cat?post=19330"},{"taxonomy":"product_tag","embeddable":true,"href":"https:\/\/www.cultcaffe.at\/cs\/wp-json\/wp\/v2\/product_tag?post=19330"}],"curies":[{"name":"wp","href":"https:\/\/api.w.org\/{rel}","templated":true}]}}