{"id":19312,"date":"2026-01-29T12:57:25","date_gmt":"2026-01-29T11:57:25","guid":{"rendered":"https:\/\/www.cultcaffe.at\/?post_type=product&#038;p=19312"},"modified":"2026-01-29T13:04:43","modified_gmt":"2026-01-29T12:04:43","slug":"cajovy-sacek-male-podekovani","status":"publish","type":"product","link":"https:\/\/www.cultcaffe.at\/cs\/produkt\/teesaeckchen-ein-kleines-dankeschoen\/","title":{"rendered":"\u010cajov\u00e9 s\u00e1\u010dky \u201emal\u00e9 pod\u011bkov\u00e1n\u00ed\u201c"},"content":{"rendered":"<ul>\n<li>Sm\u011bs ovocn\u00e9ho \u010daje s p\u0159\u00edchut\u00ed maliny a vanilky<\/li>\n<li>Ide\u00e1ln\u00ed jako promy\u0161len\u00fd d\u00e1rek nebo mal\u00fd projev uzn\u00e1n\u00ed<\/li>\n<li>Vychutnejte si tepl\u00e9 nebo studen\u00e9<\/li>\n<li>Mno\u017estv\u00ed: 20 g<\/li>\n<li>Rozm\u011bry: 8,5 x 12,5 cm<\/li>\n<\/ul>\n<p>&nbsp;<\/p>\n<p><strong>Ovocn\u00fd \u010daj s p\u0159\u00edchut\u00ed maliny a vanilky, p\u0159\u00edrodn\u00ed aroma\u00a0<\/strong><\/p>\n<p>Ovocn\u00fd \u010daj \u201eMal\u00e9 pod\u011bkov\u00e1n\u00ed\u201c je skv\u011bl\u00fd d\u00e1rek pro va\u0161e bl\u00edzk\u00e9, perfektn\u00ed zp\u016fsob, jak jim pod\u011bkovat. Nebo si ho m\u016f\u017eete dop\u0159\u00e1t sami. D\u00edky sladk\u00fdm malinov\u00fdm a vanilkov\u00fdm t\u00f3n\u016fm tento \u010daj pot\u011b\u0161\u00ed mal\u00e9 i velk\u00e9 a je perfektn\u00edm d\u00e1rkem z srdce. V zim\u011b v\u00e1s zah\u0159eje zevnit\u0159 a v l\u00e9t\u011b si ho m\u016f\u017eete vychutnat studen\u00fd s kostkami ledu jako ovocn\u00fd ledov\u00fd \u010daj. Ide\u00e1ln\u00ed pro rann\u00ed \u0161\u00e1lek \u010daje nebo odpoledn\u00ed \u010daj s va\u0161\u00ed milovanou osobou.<\/p>\n<p>&nbsp;<\/p>\n<p><strong>Zde je n\u00e1vod, jak snadno p\u0159ipravit 1 litr \u010daje:<\/strong><\/p>\n<ol>\n<li>Do konvice na \u010daj dejte 4\u20135 \u010dajov\u00fdch l\u017ei\u010dek \u010daje.<\/li>\n<li>Zalijte jedn\u00edm litrem vrouc\u00ed vody (100 \u00b0C).<\/li>\n<li>Nechte \u010daj louhovat asi 10\u201312 minut.<\/li>\n<li>P\u0159idejte cukr a med podle chuti.<\/li>\n<li>U\u017eijte si \u0161\u00e1lek tepl\u00e9ho \u010daje!<\/li>\n<\/ol>\n<ul id=\"Slider-template--23572438090061__multicolumn_JaPdez\" class=\"multicolumn-list contains-content-container grid grid--1-col-tablet-down grid--2-col-desktop\" role=\"list\">\n<li id=\"Slide-template--23572438090061__multicolumn_JaPdez-2\" class=\"multicolumn-list__item grid__item\">\n<div class=\"multicolumn-card content-container\">\n<div class=\"multicolumn-card__info\">\n<h3 class=\"inline-richtext\">Tipy<\/h3>\n<div class=\"rte\">\n<p><span class=\"metafield-multi_line_text_field\">P\u0159id\u00e1n\u00edm kostek ledu a ovoce se \u010daj v l\u00e9t\u011b stane osv\u011b\u017euj\u00edc\u00edm ledov\u00fdm \u010dajem.<\/span><\/p>\n<\/div>\n<\/div>\n<\/div>\n<\/li>\n<\/ul>","protected":false},"excerpt":{"rendered":"<ul>\n<li>Sm\u011bs ovocn\u00e9ho \u010daje s p\u0159\u00edchut\u00ed maliny a vanilky<\/li>\n<li>Ide\u00e1ln\u00ed jako promy\u0161len\u00fd d\u00e1rek nebo mal\u00fd projev uzn\u00e1n\u00ed<\/li>\n<li>Vychutnejte si tepl\u00e9 nebo studen\u00e9<\/li>\n<li>Mno\u017estv\u00ed: 20 g<\/li>\n<\/ul>","protected":false},"featured_media":19313,"template":"","meta":{"inline_featured_image":false},"product_brand":[],"product_cat":[42,211],"product_tag":[94,307,95,87,298,133],"class_list":{"0":"post-19312","1":"product","2":"type-product","3":"status-publish","4":"has-post-thumbnail","6":"product_cat-tee","7":"product_cat-geschenkideen","8":"product_tag-cult-caffe","9":"product_tag-danke","10":"product_tag-geschenk","11":"product_tag-tee","12":"product_tag-teegenuss","13":"product_tag-weihnachtsgeschenk","15":"first","16":"instock","17":"taxable","18":"shipping-taxable","19":"purchasable","20":"product-type-simple"},"yoast_head":"<!-- This site is optimized with the Yoast SEO plugin v27.6 - https:\/\/yoast.com\/product\/yoast-seo-wordpress\/ -->\n<title>Tees\u00e4ckchen &quot;ein kleines Dankesch\u00f6n&quot; - CultCaff\u00e9 - die Bio Kaffee R\u00f6sterei<\/title>\n<meta name=\"robots\" content=\"index, follow, max-snippet:-1, max-image-preview:large, max-video-preview:-1\" \/>\n<link rel=\"canonical\" href=\"https:\/\/www.cultcaffe.at\/cs\/produkt\/cajovy-sacek-male-podekovani\/\" \/>\n<meta property=\"og:locale\" content=\"cs_CZ\" \/>\n<meta property=\"og:type\" content=\"article\" \/>\n<meta property=\"og:title\" content=\"Tees\u00e4ckchen &quot;ein kleines Dankesch\u00f6n&quot; - CultCaff\u00e9 - die Bio Kaffee R\u00f6sterei\" \/>\n<meta property=\"og:description\" content=\"Fr\u00fcchteteemischung mit Himbeer-Vanille-Geschmack  Ideal als liebevolles Geschenk oder kleine Aufmerksamkeit  hei\u00df oder kalt zu genie\u00dfen  Menge: 20 g\" \/>\n<meta property=\"og:url\" content=\"https:\/\/www.cultcaffe.at\/cs\/produkt\/cajovy-sacek-male-podekovani\/\" \/>\n<meta property=\"og:site_name\" content=\"CultCaff\u00e9 - die Bio Kaffee R\u00f6sterei\" \/>\n<meta property=\"article:publisher\" content=\"https:\/\/www.facebook.com\/p\/Cult-Caff%c3%a8-die-R%c3%b6sterei-100039719724703\/?locale=de_DE\" \/>\n<meta property=\"article:modified_time\" content=\"2026-01-29T12:04:43+00:00\" \/>\n<meta property=\"og:image\" content=\"https:\/\/www.cultcaffe.at\/wp-content\/uploads\/2026\/01\/Tee-Danke-1.webp\" \/>\n\t<meta property=\"og:image:width\" content=\"713\" \/>\n\t<meta property=\"og:image:height\" content=\"713\" \/>\n\t<meta property=\"og:image:type\" content=\"image\/webp\" \/>\n<meta name=\"twitter:card\" content=\"summary_large_image\" \/>\n<meta name=\"twitter:label1\" content=\"Cena\" \/>\n\t<meta name=\"twitter:data1\" content=\"&euro;&nbsp;4,40\" \/>\n\t<meta name=\"twitter:label2\" content=\"Dostupnost\" \/>\n\t<meta name=\"twitter:data2\" content=\"Skladem\" \/>\n<script type=\"application\/ld+json\" class=\"yoast-schema-graph\">{\"@context\":\"https:\\\/\\\/schema.org\",\"@graph\":[{\"@type\":\"WebPage\",\"@id\":\"https:\\\/\\\/www.cultcaffe.at\\\/produkt\\\/teesaeckchen-ein-kleines-dankeschoen\\\/\",\"url\":\"https:\\\/\\\/www.cultcaffe.at\\\/produkt\\\/teesaeckchen-ein-kleines-dankeschoen\\\/\",\"name\":\"Tees\u00e4ckchen \\\"ein kleines Dankesch\u00f6n\\\" - CultCaff\u00e9 - die Bio Kaffee R\u00f6sterei\",\"isPartOf\":{\"@id\":\"https:\\\/\\\/www.cultcaffe.at\\\/#website\"},\"primaryImageOfPage\":{\"@id\":\"https:\\\/\\\/www.cultcaffe.at\\\/produkt\\\/teesaeckchen-ein-kleines-dankeschoen\\\/#primaryimage\"},\"image\":{\"@id\":\"https:\\\/\\\/www.cultcaffe.at\\\/produkt\\\/teesaeckchen-ein-kleines-dankeschoen\\\/#primaryimage\"},\"thumbnailUrl\":\"https:\\\/\\\/www.cultcaffe.at\\\/wp-content\\\/uploads\\\/2026\\\/01\\\/Tee-Danke-1.webp\",\"datePublished\":\"2026-01-29T11:57:25+00:00\",\"dateModified\":\"2026-01-29T12:04:43+00:00\",\"breadcrumb\":{\"@id\":\"https:\\\/\\\/www.cultcaffe.at\\\/produkt\\\/teesaeckchen-ein-kleines-dankeschoen\\\/#breadcrumb\"},\"inLanguage\":\"cs\",\"potentialAction\":[{\"@type\":\"ReadAction\",\"target\":[\"https:\\\/\\\/www.cultcaffe.at\\\/produkt\\\/teesaeckchen-ein-kleines-dankeschoen\\\/\"]}]},{\"@type\":\"ImageObject\",\"inLanguage\":\"cs\",\"@id\":\"https:\\\/\\\/www.cultcaffe.at\\\/produkt\\\/teesaeckchen-ein-kleines-dankeschoen\\\/#primaryimage\",\"url\":\"https:\\\/\\\/www.cultcaffe.at\\\/wp-content\\\/uploads\\\/2026\\\/01\\\/Tee-Danke-1.webp\",\"contentUrl\":\"https:\\\/\\\/www.cultcaffe.at\\\/wp-content\\\/uploads\\\/2026\\\/01\\\/Tee-Danke-1.webp\",\"width\":713,\"height\":713},{\"@type\":\"BreadcrumbList\",\"@id\":\"https:\\\/\\\/www.cultcaffe.at\\\/produkt\\\/teesaeckchen-ein-kleines-dankeschoen\\\/#breadcrumb\",\"itemListElement\":[{\"@type\":\"ListItem\",\"position\":1,\"name\":\"Startseite\",\"item\":\"https:\\\/\\\/www.cultcaffe.at\\\/\"},{\"@type\":\"ListItem\",\"position\":2,\"name\":\"Produkte\",\"item\":\"https:\\\/\\\/www.cultcaffe.at\\\/shop\\\/\"},{\"@type\":\"ListItem\",\"position\":3,\"name\":\"Tees\u00e4ckchen &#8222;ein kleines Dankesch\u00f6n&#8220;\"}]},{\"@type\":\"WebSite\",\"@id\":\"https:\\\/\\\/www.cultcaffe.at\\\/#website\",\"url\":\"https:\\\/\\\/www.cultcaffe.at\\\/\",\"name\":\"CultCaff\u00e9 - die Bio Kaffee R\u00f6sterei\",\"description\":\"Liebe zum Kaffee\",\"publisher\":{\"@id\":\"https:\\\/\\\/www.cultcaffe.at\\\/#organization\"},\"potentialAction\":[{\"@type\":\"SearchAction\",\"target\":{\"@type\":\"EntryPoint\",\"urlTemplate\":\"https:\\\/\\\/www.cultcaffe.at\\\/?s={search_term_string}\"},\"query-input\":{\"@type\":\"PropertyValueSpecification\",\"valueRequired\":true,\"valueName\":\"search_term_string\"}}],\"inLanguage\":\"cs\"},{\"@type\":[\"Organization\",\"Place\"],\"@id\":\"https:\\\/\\\/www.cultcaffe.at\\\/#organization\",\"name\":\"CultCaff\u00e9 Kaffeer\u00f6sterei GmbH\",\"alternateName\":\"CultCaff\u00e9\",\"url\":\"https:\\\/\\\/www.cultcaffe.at\\\/\",\"logo\":{\"@id\":\"https:\\\/\\\/www.cultcaffe.at\\\/produkt\\\/teesaeckchen-ein-kleines-dankeschoen\\\/#local-main-organization-logo\"},\"image\":{\"@id\":\"https:\\\/\\\/www.cultcaffe.at\\\/produkt\\\/teesaeckchen-ein-kleines-dankeschoen\\\/#local-main-organization-logo\"},\"sameAs\":[\"https:\\\/\\\/www.facebook.com\\\/p\\\/Cult-Caff\u00e8-die-R\u00f6sterei-100039719724703\\\/?locale=de_DE\",\"https:\\\/\\\/www.instagram.com\\\/cultcaffe.at\\\/\"],\"hasMerchantReturnPolicy\":{\"@type\":\"MerchantReturnPolicy\",\"merchantReturnLink\":\"https:\\\/\\\/www.cultcaffe.at\\\/cs\\\/agbs\\\/\"},\"telephone\":[],\"openingHoursSpecification\":[{\"@type\":\"OpeningHoursSpecification\",\"dayOfWeek\":[\"Monday\",\"Tuesday\",\"Wednesday\",\"Thursday\",\"Friday\",\"Saturday\",\"Sunday\"],\"opens\":\"09:00\",\"closes\":\"17:00\"}]},{\"@type\":\"ImageObject\",\"inLanguage\":\"cs\",\"@id\":\"https:\\\/\\\/www.cultcaffe.at\\\/produkt\\\/teesaeckchen-ein-kleines-dankeschoen\\\/#local-main-organization-logo\",\"url\":\"https:\\\/\\\/www.cultcaffe.at\\\/wp-content\\\/uploads\\\/2023\\\/11\\\/cultcaffe_logo_regular_dark-1.svg\",\"contentUrl\":\"https:\\\/\\\/www.cultcaffe.at\\\/wp-content\\\/uploads\\\/2023\\\/11\\\/cultcaffe_logo_regular_dark-1.svg\",\"width\":756,\"height\":474,\"caption\":\"CultCaff\u00e9 Kaffeer\u00f6sterei GmbH\"}]}<\/script>\n<meta property=\"product:price:amount\" content=\"4.40\" \/>\n<meta property=\"product:price:currency\" content=\"EUR\" \/>\n<meta property=\"og:availability\" content=\"instock\" \/>\n<meta property=\"product:availability\" content=\"instock\" \/>\n<meta property=\"product:condition\" content=\"new\" \/>\n<!-- \/ Yoast SEO plugin. -->","yoast_head_json":{"title":"\u010cajov\u00e9 s\u00e1\u010dky \"mal\u00e9 pod\u011bkov\u00e1n\u00ed\" - CultCaff\u00e9 - pra\u017e\u00edrna bio k\u00e1vy","robots":{"index":"index","follow":"follow","max-snippet":"max-snippet:-1","max-image-preview":"max-image-preview:large","max-video-preview":"max-video-preview:-1"},"canonical":"https:\/\/www.cultcaffe.at\/cs\/produkt\/cajovy-sacek-male-podekovani\/","og_locale":"cs_CZ","og_type":"article","og_title":"Tees\u00e4ckchen \"ein kleines Dankesch\u00f6n\" - CultCaff\u00e9 - die Bio Kaffee R\u00f6sterei","og_description":"Fr\u00fcchteteemischung mit Himbeer-Vanille-Geschmack  Ideal als liebevolles Geschenk oder kleine Aufmerksamkeit  hei\u00df oder kalt zu genie\u00dfen  Menge: 20 g","og_url":"https:\/\/www.cultcaffe.at\/cs\/produkt\/cajovy-sacek-male-podekovani\/","og_site_name":"CultCaff\u00e9 - die Bio Kaffee R\u00f6sterei","article_publisher":"https:\/\/www.facebook.com\/p\/Cult-Caff%c3%a8-die-R%c3%b6sterei-100039719724703\/?locale=de_DE","article_modified_time":"2026-01-29T12:04:43+00:00","og_image":[{"width":713,"height":713,"url":"https:\/\/www.cultcaffe.at\/wp-content\/uploads\/2026\/01\/Tee-Danke-1.webp","type":"image\/webp"}],"twitter_card":"summary_large_image","twitter_misc":{"Cena":"&euro;&nbsp;4,40","Dostupnost":"Skladem"},"schema":{"@context":"https:\/\/schema.org","@graph":[{"@type":"WebPage","@id":"https:\/\/www.cultcaffe.at\/produkt\/teesaeckchen-ein-kleines-dankeschoen\/","url":"https:\/\/www.cultcaffe.at\/produkt\/teesaeckchen-ein-kleines-dankeschoen\/","name":"\u010cajov\u00e9 s\u00e1\u010dky \"mal\u00e9 pod\u011bkov\u00e1n\u00ed\" - CultCaff\u00e9 - pra\u017e\u00edrna bio k\u00e1vy","isPartOf":{"@id":"https:\/\/www.cultcaffe.at\/#website"},"primaryImageOfPage":{"@id":"https:\/\/www.cultcaffe.at\/produkt\/teesaeckchen-ein-kleines-dankeschoen\/#primaryimage"},"image":{"@id":"https:\/\/www.cultcaffe.at\/produkt\/teesaeckchen-ein-kleines-dankeschoen\/#primaryimage"},"thumbnailUrl":"https:\/\/www.cultcaffe.at\/wp-content\/uploads\/2026\/01\/Tee-Danke-1.webp","datePublished":"2026-01-29T11:57:25+00:00","dateModified":"2026-01-29T12:04:43+00:00","breadcrumb":{"@id":"https:\/\/www.cultcaffe.at\/produkt\/teesaeckchen-ein-kleines-dankeschoen\/#breadcrumb"},"inLanguage":"cs","potentialAction":[{"@type":"ReadAction","target":["https:\/\/www.cultcaffe.at\/produkt\/teesaeckchen-ein-kleines-dankeschoen\/"]}]},{"@type":"ImageObject","inLanguage":"cs","@id":"https:\/\/www.cultcaffe.at\/produkt\/teesaeckchen-ein-kleines-dankeschoen\/#primaryimage","url":"https:\/\/www.cultcaffe.at\/wp-content\/uploads\/2026\/01\/Tee-Danke-1.webp","contentUrl":"https:\/\/www.cultcaffe.at\/wp-content\/uploads\/2026\/01\/Tee-Danke-1.webp","width":713,"height":713},{"@type":"BreadcrumbList","@id":"https:\/\/www.cultcaffe.at\/produkt\/teesaeckchen-ein-kleines-dankeschoen\/#breadcrumb","itemListElement":[{"@type":"ListItem","position":1,"name":"Startseite","item":"https:\/\/www.cultcaffe.at\/"},{"@type":"ListItem","position":2,"name":"Produkte","item":"https:\/\/www.cultcaffe.at\/shop\/"},{"@type":"ListItem","position":3,"name":"Tees\u00e4ckchen &#8222;ein kleines Dankesch\u00f6n&#8220;"}]},{"@type":"WebSite","@id":"https:\/\/www.cultcaffe.at\/#website","url":"https:\/\/www.cultcaffe.at\/","name":"CultCaff\u00e9 - pra\u017e\u00edrna bio k\u00e1vy","description":"L\u00e1ska ke k\u00e1v\u011b","publisher":{"@id":"https:\/\/www.cultcaffe.at\/#organization"},"potentialAction":[{"@type":"SearchAction","target":{"@type":"EntryPoint","urlTemplate":"https:\/\/www.cultcaffe.at\/?s={search_term_string}"},"query-input":{"@type":"PropertyValueSpecification","valueRequired":true,"valueName":"search_term_string"}}],"inLanguage":"cs"},{"@type":["Organization","Place"],"@id":"https:\/\/www.cultcaffe.at\/#organization","name":"CultCaff\u00e9 Coffee Roastery GmbH","alternateName":"CultCaff\u00e9","url":"https:\/\/www.cultcaffe.at\/","logo":{"@id":"https:\/\/www.cultcaffe.at\/produkt\/teesaeckchen-ein-kleines-dankeschoen\/#local-main-organization-logo"},"image":{"@id":"https:\/\/www.cultcaffe.at\/produkt\/teesaeckchen-ein-kleines-dankeschoen\/#local-main-organization-logo"},"sameAs":["https:\/\/www.facebook.com\/p\/Cult-Caff\u00e8-die-R\u00f6sterei-100039719724703\/?locale=de_DE","https:\/\/www.instagram.com\/cultcaffe.at\/"],"hasMerchantReturnPolicy":{"@type":"MerchantReturnPolicy","merchantReturnLink":"https:\/\/www.cultcaffe.at\/cs\/agbs\/"},"telephone":[],"openingHoursSpecification":[{"@type":"OpeningHoursSpecification","dayOfWeek":["Monday","Tuesday","Wednesday","Thursday","Friday","Saturday","Sunday"],"opens":"09:00","closes":"17:00"}]},{"@type":"ImageObject","inLanguage":"cs","@id":"https:\/\/www.cultcaffe.at\/produkt\/teesaeckchen-ein-kleines-dankeschoen\/#local-main-organization-logo","url":"https:\/\/www.cultcaffe.at\/wp-content\/uploads\/2023\/11\/cultcaffe_logo_regular_dark-1.svg","contentUrl":"https:\/\/www.cultcaffe.at\/wp-content\/uploads\/2023\/11\/cultcaffe_logo_regular_dark-1.svg","width":756,"height":474,"caption":"CultCaff\u00e9 Kaffeer\u00f6sterei GmbH"}]},"product_price_amount":"4.40","product_price_currency":"EUR","og_availability":"instock","product_availability":"instock","product_condition":"new"},"_links":{"self":[{"href":"https:\/\/www.cultcaffe.at\/cs\/wp-json\/wp\/v2\/product\/19312","targetHints":{"allow":["GET"]}}],"collection":[{"href":"https:\/\/www.cultcaffe.at\/cs\/wp-json\/wp\/v2\/product"}],"about":[{"href":"https:\/\/www.cultcaffe.at\/cs\/wp-json\/wp\/v2\/types\/product"}],"wp:featuredmedia":[{"embeddable":true,"href":"https:\/\/www.cultcaffe.at\/cs\/wp-json\/wp\/v2\/media\/19313"}],"wp:attachment":[{"href":"https:\/\/www.cultcaffe.at\/cs\/wp-json\/wp\/v2\/media?parent=19312"}],"wp:term":[{"taxonomy":"product_brand","embeddable":true,"href":"https:\/\/www.cultcaffe.at\/cs\/wp-json\/wp\/v2\/product_brand?post=19312"},{"taxonomy":"product_cat","embeddable":true,"href":"https:\/\/www.cultcaffe.at\/cs\/wp-json\/wp\/v2\/product_cat?post=19312"},{"taxonomy":"product_tag","embeddable":true,"href":"https:\/\/www.cultcaffe.at\/cs\/wp-json\/wp\/v2\/product_tag?post=19312"}],"curies":[{"name":"wp","href":"https:\/\/api.w.org\/{rel}","templated":true}]}}