{"id":15551,"date":"2024-09-27T11:32:53","date_gmt":"2024-09-27T09:32:53","guid":{"rendered":"https:\/\/www.cultcaffe.at\/?post_type=product&#038;p=15551"},"modified":"2024-09-27T11:46:16","modified_gmt":"2024-09-27T09:46:16","slug":"mydlo-na-holeni-kuze-a-chloupku-v-podpazi-70g","status":"publish","type":"product","link":"https:\/\/www.cultcaffe.at\/cs\/produkt\/achselkuss-seife-haut-haare-rasur-70g\/","title":{"rendered":"M\u00fddlo Arpit Kiss na poko\u017eku\/vlasy\/holen\u00ed 70g"},"content":{"rendered":"<div class=\"feature-item col-lg-3 col-sm-6 wow slideInUp\">\n<p><strong>P\u011bn\u00ed \u0161t\u011bst\u00edm.<br \/>\n<\/strong><strong>Na ple\u0165, vlasy a holen\u00ed.<br \/>\n<\/strong><strong>Vhodn\u00e9 pro v\u0161echny typy pleti a v\u0161echny typy vlas\u016f<\/strong><\/p>\n<p><strong>Jeden pro v\u0161echno:\u00a0<\/strong>M\u00fddlo ACHSELKUSS \u010dist\u00ed a h\u00fd\u010dk\u00e1 t\u011blo, vlasy a vousy a z\u00e1rove\u0148 umo\u017e\u0148uje jemn\u00e9 holen\u00ed. Takto pot\u0159ebujete m\u00e9n\u011b produkt\u016f a u\u0161et\u0159\u00edte pen\u00edze, m\u00edsto a odpad.<\/p>\n<p><strong>Vybran\u00e9 esenci\u00e1ln\u00ed oleje<\/strong>\u00a0dod\u00e1 p\u0159\u00edrodn\u00edmu m\u00fddlu sv\u011b\u017e\u00ed, teplou pomeran\u010dovou v\u016fni a zlep\u0161\u00ed v\u00e1m n\u00e1ladu p\u0159i sprchov\u00e1n\u00ed, myt\u00ed vlas\u016f \u010di rukou.<\/p>\n<p>Kulat\u00e1 kostka m\u00fddla se jemn\u011b zahn\u00edzd\u00ed v ruce a jemnou p\u011bnu si m\u016f\u017eete bez n\u00e1mahy rozet\u0159\u00edt po poko\u017ece nebo vlasech.\u00a0<strong>Vysoce kvalitn\u00ed organick\u00e9 slo\u017eky, cenn\u00e9 rostlinn\u00e9 oleje a rostlinn\u00e1 voda<\/strong>\u00a0maj\u00ed hydrata\u010dn\u00ed \u00fa\u010dinek a chr\u00e1n\u00ed poko\u017eku p\u0159ed vysu\u0161en\u00edm. M\u00fddlo zanech\u00e1v\u00e1 hebk\u00fd a jemn\u00fd pocit beze zbytk\u016f.<\/p>\n<p><strong>Region\u00e1lnost a star\u00e1 \u0159emesla:\u00a0<\/strong>P\u0159\u00edrodn\u00ed m\u00fddlo se s l\u00e1skou a ru\u010dn\u011b vyr\u00e1b\u00ed v Rakousku a m\u00eds\u00ed se za studena tradi\u010dn\u00edmi metodami.<\/p>\n<p><strong>Va\u0161e cestovn\u00ed m\u00fddlo:\u00a0<\/strong>Jako tuh\u00fd sprchov\u00fd gel nebo tuh\u00fd \u0161ampon v\u00e1m toto m\u00fddlo nab\u00edz\u00ed dodate\u010dnou bezpe\u010dnost na cest\u00e1ch a je ide\u00e1ln\u00ed do p\u0159\u00edru\u010dn\u00edho zavazadla. M\u00fddlo\u00a0<strong>perfektn\u011b sed\u00ed\u00a0<a href=\"https:\/\/achselkuss.at\/upcycling\/\">pr\u00e1zdn\u00e9 plechovky ACHSELKUSS<\/a><\/strong>, voliteln\u011b s\u00a0<strong>Loof\u016fv disk,<\/strong>\u00a0sb\u00edrat p\u0159ebyte\u010dnou vodu.<\/p>\n<p>&nbsp;<\/p>\n<p><span style=\"color: #800000;\"><strong>Aplikace:<br \/>\n<\/strong><\/span>Vysoce kvalitn\u00ed m\u00fddlo ACHSELKUSS je ide\u00e1ln\u00ed pro ka\u017edodenn\u00ed p\u00e9\u010di o t\u011blo, vlasy a holen\u00ed.<\/p>\n<ul>\n<li><strong>\u010di\u0161t\u011bn\u00ed<\/strong>A\u0165 u\u017e ve spr\u0161e nebo u umyvadla: Nap\u011b\u0148te si m\u00fddlo v dlan\u00edch nebo p\u0159\u00edmo na poko\u017eku, vlasy \u010di vousy, jemn\u011b vmas\u00edrujte a u\u017eijte si jemnou v\u016fni. D\u016fkladn\u011b opl\u00e1chn\u011bte a v p\u0159\u00edpad\u011b pot\u0159eby opakujte. P\u011bna se hod\u00ed i na obli\u010dej, ale vyhn\u011bte se pros\u00edm oblasti o\u010d\u00ed.<\/li>\n<li><strong>oholen\u00ed<\/strong>Navlh\u010dete po\u017eadovanou \u010d\u00e1st t\u011bla vodou, nap\u011b\u0148te m\u00fddlo v dlan\u00edch nebo p\u0159\u00edmo na t\u011blo a pe\u010dliv\u011b rozet\u0159ete p\u011bnu. Oholte se a v p\u0159\u00edpad\u011b pot\u0159eby opakujte. Zbytky m\u00fddla pe\u010dliv\u011b opl\u00e1chn\u011bte.<\/li>\n<li><strong>Po pou\u017eit\u00ed\u00a0<\/strong>Nechte m\u00fddlo uschnout na vzduchu, nap\u0159\u00edklad na luf\u011b nebo jin\u00e9 misce na m\u00fddlo, aby mohla odt\u00e9ct p\u0159ebyte\u010dn\u00e1 voda \u2013 t\u00edm zajist\u00edte, \u017ee m\u00fddlo vydr\u017e\u00ed obzvl\u00e1\u0161t\u011b dlouho. I kdy\u017e m\u00fddlo je\u0161t\u011b nepou\u017e\u00edv\u00e1te, skladujte ho na such\u00e9m m\u00edst\u011b.<\/li>\n<li>Miluje v\u0161echny typy pleti a vlas\u016f, ale\u00a0<strong>\u017e\u00e1dn\u00fd o\u010dn\u00ed kontakt<\/strong>.<\/li>\n<\/ul>\n<p>&nbsp;<\/p>\n<p><strong><span style=\"color: #800000;\">Slo\u017een\u00ed:<br \/>\n<\/span><\/strong>Olivov\u00fd olej*, kokosov\u00fd olej*, slune\u010dnicov\u00fd olej*, mandlov\u00fd olej*, jojobov\u00fd olej*, smrkov\u00e1 voda*, pr\u00e1\u0161ek z ko\u0159ene kosatce, esenci\u00e1ln\u00ed olej z pomeran\u010de*, esenci\u00e1ln\u00ed olej z citronu*, esenci\u00e1ln\u00ed olej z citronely*, b\u00edl\u00fd j\u00edl, \u017elut\u00fd j\u00edl<\/p>\n<p><em>Slo\u017een\u00ed:<\/em>\u00a0Oliv\u00e1t sodn\u00fd*, koko\u00e1t sodn\u00fd*, slune\u010dnicov\u00fd olej sodn\u00fd*, Prunus amygdalus dulcis*, olej ze semen Simmondsia chinensis*, glycerin\u00b0, voda z Picea abies*, pr\u00e1\u0161ek z kosatce florentina, olej z k\u016fry Citrus sinensis*, olej z k\u016fry Citrus limon*, olej z Cymbopogon winterianus*, kaolin, illit<\/p>\n<p><em>*Z kontrolovan\u00e9ho ekologick\u00e9ho zem\u011bd\u011blstv\u00ed<br \/>\n<\/em><em>\u00b0P\u0159\u00edrodn\u00ed slo\u017eka rostlinn\u00fdch olej\u016f; P\u0159\u00edrodn\u00ed slo\u017eky esenci\u00e1ln\u00edch olej\u016f: Limonen, Citronellol, Citral, Eugenol, Isoeugenol, Linalool<\/em><\/p>\n<\/div>","protected":false},"excerpt":{"rendered":"<p><strong>P\u011bn\u00ed \u0161t\u011bst\u00edm.<\/strong><\/p>\n<p><strong>Na ple\u0165, vlasy a holen\u00ed.<\/strong><\/p>\n<p><strong>Vhodn\u00e9 pro v\u0161echny typy pleti a v\u0161echny typy vlas\u016f<\/strong><\/p>","protected":false},"featured_media":15562,"template":"","meta":{"inline_featured_image":false},"product_brand":[],"product_cat":[211,214],"product_tag":[145,61,134,139,140,130],"class_list":{"0":"post-15551","1":"product","2":"type-product","3":"status-publish","4":"has-post-thumbnail","6":"product_cat-geschenkideen","7":"product_cat-kaffeeseife-achselkuss-deo","8":"product_tag-achselkuss","9":"product_tag-cultcaffe","10":"product_tag-geschenke","11":"product_tag-geschenkidee","12":"product_tag-seife","13":"product_tag-weihnachten","15":"first","16":"instock","17":"taxable","18":"shipping-taxable","19":"purchasable","20":"product-type-simple"},"yoast_head":"<!-- This site is optimized with the Yoast SEO plugin v27.6 - https:\/\/yoast.com\/product\/yoast-seo-wordpress\/ -->\n<title>Achselkuss Seife Haut\/Haare\/Rasur 70g - CultCaff\u00e9 - die Bio Kaffee R\u00f6sterei<\/title>\n<meta name=\"robots\" content=\"index, follow, max-snippet:-1, max-image-preview:large, max-video-preview:-1\" \/>\n<link rel=\"canonical\" href=\"https:\/\/www.cultcaffe.at\/cs\/produkt\/mydlo-na-holeni-kuze-a-chloupku-v-podpazi-70g\/\" \/>\n<meta property=\"og:locale\" content=\"cs_CZ\" \/>\n<meta property=\"og:type\" content=\"article\" \/>\n<meta property=\"og:title\" content=\"Achselkuss Seife Haut\/Haare\/Rasur 70g - CultCaff\u00e9 - die Bio Kaffee R\u00f6sterei\" \/>\n<meta property=\"og:description\" content=\"Sch\u00e4umt vor Gl\u00fcck.  F\u00fcr Haut, Haare &amp; Rasur.  Geeignet f\u00fcr alle Hauttypen und alle Haartypen\" \/>\n<meta property=\"og:url\" content=\"https:\/\/www.cultcaffe.at\/cs\/produkt\/mydlo-na-holeni-kuze-a-chloupku-v-podpazi-70g\/\" \/>\n<meta property=\"og:site_name\" content=\"CultCaff\u00e9 - die Bio Kaffee R\u00f6sterei\" \/>\n<meta property=\"article:publisher\" content=\"https:\/\/www.facebook.com\/p\/Cult-Caff%c3%a8-die-R%c3%b6sterei-100039719724703\/?locale=de_DE\" \/>\n<meta property=\"article:modified_time\" content=\"2024-09-27T09:46:16+00:00\" \/>\n<meta property=\"og:image\" content=\"https:\/\/www.cultcaffe.at\/wp-content\/uploads\/2024\/09\/ACHSELKUSS-Seife-Haut-Haare-Rasur.jpg\" \/>\n\t<meta property=\"og:image:width\" content=\"1200\" \/>\n\t<meta property=\"og:image:height\" content=\"1200\" \/>\n\t<meta property=\"og:image:type\" content=\"image\/jpeg\" \/>\n<meta name=\"twitter:card\" content=\"summary_large_image\" \/>\n<meta name=\"twitter:label1\" content=\"Cena\" \/>\n\t<meta name=\"twitter:data1\" content=\"&euro;&nbsp;13,00\" \/>\n\t<meta name=\"twitter:label2\" content=\"Dostupnost\" \/>\n\t<meta name=\"twitter:data2\" content=\"Skladem\" \/>\n<script type=\"application\/ld+json\" class=\"yoast-schema-graph\">{\"@context\":\"https:\\\/\\\/schema.org\",\"@graph\":[{\"@type\":\"WebPage\",\"@id\":\"https:\\\/\\\/www.cultcaffe.at\\\/produkt\\\/achselkuss-seife-haut-haare-rasur-70g\\\/\",\"url\":\"https:\\\/\\\/www.cultcaffe.at\\\/produkt\\\/achselkuss-seife-haut-haare-rasur-70g\\\/\",\"name\":\"Achselkuss Seife Haut\\\/Haare\\\/Rasur 70g - CultCaff\u00e9 - die Bio Kaffee R\u00f6sterei\",\"isPartOf\":{\"@id\":\"https:\\\/\\\/www.cultcaffe.at\\\/#website\"},\"primaryImageOfPage\":{\"@id\":\"https:\\\/\\\/www.cultcaffe.at\\\/produkt\\\/achselkuss-seife-haut-haare-rasur-70g\\\/#primaryimage\"},\"image\":{\"@id\":\"https:\\\/\\\/www.cultcaffe.at\\\/produkt\\\/achselkuss-seife-haut-haare-rasur-70g\\\/#primaryimage\"},\"thumbnailUrl\":\"https:\\\/\\\/www.cultcaffe.at\\\/wp-content\\\/uploads\\\/2024\\\/09\\\/ACHSELKUSS-Seife-Haut-Haare-Rasur.jpg\",\"datePublished\":\"2024-09-27T09:32:53+00:00\",\"dateModified\":\"2024-09-27T09:46:16+00:00\",\"breadcrumb\":{\"@id\":\"https:\\\/\\\/www.cultcaffe.at\\\/produkt\\\/achselkuss-seife-haut-haare-rasur-70g\\\/#breadcrumb\"},\"inLanguage\":\"cs\",\"potentialAction\":[{\"@type\":\"ReadAction\",\"target\":[\"https:\\\/\\\/www.cultcaffe.at\\\/produkt\\\/achselkuss-seife-haut-haare-rasur-70g\\\/\"]}]},{\"@type\":\"ImageObject\",\"inLanguage\":\"cs\",\"@id\":\"https:\\\/\\\/www.cultcaffe.at\\\/produkt\\\/achselkuss-seife-haut-haare-rasur-70g\\\/#primaryimage\",\"url\":\"https:\\\/\\\/www.cultcaffe.at\\\/wp-content\\\/uploads\\\/2024\\\/09\\\/ACHSELKUSS-Seife-Haut-Haare-Rasur.jpg\",\"contentUrl\":\"https:\\\/\\\/www.cultcaffe.at\\\/wp-content\\\/uploads\\\/2024\\\/09\\\/ACHSELKUSS-Seife-Haut-Haare-Rasur.jpg\",\"width\":1200,\"height\":1200},{\"@type\":\"BreadcrumbList\",\"@id\":\"https:\\\/\\\/www.cultcaffe.at\\\/produkt\\\/achselkuss-seife-haut-haare-rasur-70g\\\/#breadcrumb\",\"itemListElement\":[{\"@type\":\"ListItem\",\"position\":1,\"name\":\"Startseite\",\"item\":\"https:\\\/\\\/www.cultcaffe.at\\\/\"},{\"@type\":\"ListItem\",\"position\":2,\"name\":\"Produkte\",\"item\":\"https:\\\/\\\/www.cultcaffe.at\\\/shop\\\/\"},{\"@type\":\"ListItem\",\"position\":3,\"name\":\"Achselkuss Seife Haut\\\/Haare\\\/Rasur 70g\"}]},{\"@type\":\"WebSite\",\"@id\":\"https:\\\/\\\/www.cultcaffe.at\\\/#website\",\"url\":\"https:\\\/\\\/www.cultcaffe.at\\\/\",\"name\":\"CultCaff\u00e9 - die Bio Kaffee R\u00f6sterei\",\"description\":\"Liebe zum Kaffee\",\"publisher\":{\"@id\":\"https:\\\/\\\/www.cultcaffe.at\\\/#organization\"},\"potentialAction\":[{\"@type\":\"SearchAction\",\"target\":{\"@type\":\"EntryPoint\",\"urlTemplate\":\"https:\\\/\\\/www.cultcaffe.at\\\/?s={search_term_string}\"},\"query-input\":{\"@type\":\"PropertyValueSpecification\",\"valueRequired\":true,\"valueName\":\"search_term_string\"}}],\"inLanguage\":\"cs\"},{\"@type\":[\"Organization\",\"Place\"],\"@id\":\"https:\\\/\\\/www.cultcaffe.at\\\/#organization\",\"name\":\"CultCaff\u00e9 Kaffeer\u00f6sterei GmbH\",\"alternateName\":\"CultCaff\u00e9\",\"url\":\"https:\\\/\\\/www.cultcaffe.at\\\/\",\"logo\":{\"@id\":\"https:\\\/\\\/www.cultcaffe.at\\\/produkt\\\/achselkuss-seife-haut-haare-rasur-70g\\\/#local-main-organization-logo\"},\"image\":{\"@id\":\"https:\\\/\\\/www.cultcaffe.at\\\/produkt\\\/achselkuss-seife-haut-haare-rasur-70g\\\/#local-main-organization-logo\"},\"sameAs\":[\"https:\\\/\\\/www.facebook.com\\\/p\\\/Cult-Caff\u00e8-die-R\u00f6sterei-100039719724703\\\/?locale=de_DE\",\"https:\\\/\\\/www.instagram.com\\\/cultcaffe.at\\\/\"],\"hasMerchantReturnPolicy\":{\"@type\":\"MerchantReturnPolicy\",\"merchantReturnLink\":\"https:\\\/\\\/www.cultcaffe.at\\\/cs\\\/agbs\\\/\"},\"telephone\":[],\"openingHoursSpecification\":[{\"@type\":\"OpeningHoursSpecification\",\"dayOfWeek\":[\"Monday\",\"Tuesday\",\"Wednesday\",\"Thursday\",\"Friday\",\"Saturday\",\"Sunday\"],\"opens\":\"09:00\",\"closes\":\"17:00\"}]},{\"@type\":\"ImageObject\",\"inLanguage\":\"cs\",\"@id\":\"https:\\\/\\\/www.cultcaffe.at\\\/produkt\\\/achselkuss-seife-haut-haare-rasur-70g\\\/#local-main-organization-logo\",\"url\":\"https:\\\/\\\/www.cultcaffe.at\\\/wp-content\\\/uploads\\\/2023\\\/11\\\/cultcaffe_logo_regular_dark-1.svg\",\"contentUrl\":\"https:\\\/\\\/www.cultcaffe.at\\\/wp-content\\\/uploads\\\/2023\\\/11\\\/cultcaffe_logo_regular_dark-1.svg\",\"width\":756,\"height\":474,\"caption\":\"CultCaff\u00e9 Kaffeer\u00f6sterei GmbH\"}]}<\/script>\n<meta property=\"product:price:amount\" content=\"13.00\" \/>\n<meta property=\"product:price:currency\" content=\"EUR\" \/>\n<meta property=\"og:availability\" content=\"instock\" \/>\n<meta property=\"product:availability\" content=\"instock\" \/>\n<meta property=\"product:condition\" content=\"new\" \/>\n<!-- \/ Yoast SEO plugin. -->","yoast_head_json":{"title":"M\u00fddlo Ampit Kiss na poko\u017eku\/vlasy\/holen\u00ed 70g - CultCaff\u00e9 - pra\u017e\u00edrna organick\u00e9 k\u00e1vy","robots":{"index":"index","follow":"follow","max-snippet":"max-snippet:-1","max-image-preview":"max-image-preview:large","max-video-preview":"max-video-preview:-1"},"canonical":"https:\/\/www.cultcaffe.at\/cs\/produkt\/mydlo-na-holeni-kuze-a-chloupku-v-podpazi-70g\/","og_locale":"cs_CZ","og_type":"article","og_title":"Achselkuss Seife Haut\/Haare\/Rasur 70g - CultCaff\u00e9 - die Bio Kaffee R\u00f6sterei","og_description":"Sch\u00e4umt vor Gl\u00fcck.  F\u00fcr Haut, Haare &amp; Rasur.  Geeignet f\u00fcr alle Hauttypen und alle Haartypen","og_url":"https:\/\/www.cultcaffe.at\/cs\/produkt\/mydlo-na-holeni-kuze-a-chloupku-v-podpazi-70g\/","og_site_name":"CultCaff\u00e9 - die Bio Kaffee R\u00f6sterei","article_publisher":"https:\/\/www.facebook.com\/p\/Cult-Caff%c3%a8-die-R%c3%b6sterei-100039719724703\/?locale=de_DE","article_modified_time":"2024-09-27T09:46:16+00:00","og_image":[{"width":1200,"height":1200,"url":"https:\/\/www.cultcaffe.at\/wp-content\/uploads\/2024\/09\/ACHSELKUSS-Seife-Haut-Haare-Rasur.jpg","type":"image\/jpeg"}],"twitter_card":"summary_large_image","twitter_misc":{"Cena":"&euro;&nbsp;13,00","Dostupnost":"Skladem"},"schema":{"@context":"https:\/\/schema.org","@graph":[{"@type":"WebPage","@id":"https:\/\/www.cultcaffe.at\/produkt\/achselkuss-seife-haut-haare-rasur-70g\/","url":"https:\/\/www.cultcaffe.at\/produkt\/achselkuss-seife-haut-haare-rasur-70g\/","name":"M\u00fddlo Ampit Kiss na poko\u017eku\/vlasy\/holen\u00ed 70g - CultCaff\u00e9 - pra\u017e\u00edrna organick\u00e9 k\u00e1vy","isPartOf":{"@id":"https:\/\/www.cultcaffe.at\/#website"},"primaryImageOfPage":{"@id":"https:\/\/www.cultcaffe.at\/produkt\/achselkuss-seife-haut-haare-rasur-70g\/#primaryimage"},"image":{"@id":"https:\/\/www.cultcaffe.at\/produkt\/achselkuss-seife-haut-haare-rasur-70g\/#primaryimage"},"thumbnailUrl":"https:\/\/www.cultcaffe.at\/wp-content\/uploads\/2024\/09\/ACHSELKUSS-Seife-Haut-Haare-Rasur.jpg","datePublished":"2024-09-27T09:32:53+00:00","dateModified":"2024-09-27T09:46:16+00:00","breadcrumb":{"@id":"https:\/\/www.cultcaffe.at\/produkt\/achselkuss-seife-haut-haare-rasur-70g\/#breadcrumb"},"inLanguage":"cs","potentialAction":[{"@type":"ReadAction","target":["https:\/\/www.cultcaffe.at\/produkt\/achselkuss-seife-haut-haare-rasur-70g\/"]}]},{"@type":"ImageObject","inLanguage":"cs","@id":"https:\/\/www.cultcaffe.at\/produkt\/achselkuss-seife-haut-haare-rasur-70g\/#primaryimage","url":"https:\/\/www.cultcaffe.at\/wp-content\/uploads\/2024\/09\/ACHSELKUSS-Seife-Haut-Haare-Rasur.jpg","contentUrl":"https:\/\/www.cultcaffe.at\/wp-content\/uploads\/2024\/09\/ACHSELKUSS-Seife-Haut-Haare-Rasur.jpg","width":1200,"height":1200},{"@type":"BreadcrumbList","@id":"https:\/\/www.cultcaffe.at\/produkt\/achselkuss-seife-haut-haare-rasur-70g\/#breadcrumb","itemListElement":[{"@type":"ListItem","position":1,"name":"Startseite","item":"https:\/\/www.cultcaffe.at\/"},{"@type":"ListItem","position":2,"name":"Produkte","item":"https:\/\/www.cultcaffe.at\/shop\/"},{"@type":"ListItem","position":3,"name":"Achselkuss Seife Haut\/Haare\/Rasur 70g"}]},{"@type":"WebSite","@id":"https:\/\/www.cultcaffe.at\/#website","url":"https:\/\/www.cultcaffe.at\/","name":"CultCaff\u00e9 - pra\u017e\u00edrna bio k\u00e1vy","description":"L\u00e1ska ke k\u00e1v\u011b","publisher":{"@id":"https:\/\/www.cultcaffe.at\/#organization"},"potentialAction":[{"@type":"SearchAction","target":{"@type":"EntryPoint","urlTemplate":"https:\/\/www.cultcaffe.at\/?s={search_term_string}"},"query-input":{"@type":"PropertyValueSpecification","valueRequired":true,"valueName":"search_term_string"}}],"inLanguage":"cs"},{"@type":["Organization","Place"],"@id":"https:\/\/www.cultcaffe.at\/#organization","name":"CultCaff\u00e9 Coffee Roastery GmbH","alternateName":"CultCaff\u00e9","url":"https:\/\/www.cultcaffe.at\/","logo":{"@id":"https:\/\/www.cultcaffe.at\/produkt\/achselkuss-seife-haut-haare-rasur-70g\/#local-main-organization-logo"},"image":{"@id":"https:\/\/www.cultcaffe.at\/produkt\/achselkuss-seife-haut-haare-rasur-70g\/#local-main-organization-logo"},"sameAs":["https:\/\/www.facebook.com\/p\/Cult-Caff\u00e8-die-R\u00f6sterei-100039719724703\/?locale=de_DE","https:\/\/www.instagram.com\/cultcaffe.at\/"],"hasMerchantReturnPolicy":{"@type":"MerchantReturnPolicy","merchantReturnLink":"https:\/\/www.cultcaffe.at\/cs\/agbs\/"},"telephone":[],"openingHoursSpecification":[{"@type":"OpeningHoursSpecification","dayOfWeek":["Monday","Tuesday","Wednesday","Thursday","Friday","Saturday","Sunday"],"opens":"09:00","closes":"17:00"}]},{"@type":"ImageObject","inLanguage":"cs","@id":"https:\/\/www.cultcaffe.at\/produkt\/achselkuss-seife-haut-haare-rasur-70g\/#local-main-organization-logo","url":"https:\/\/www.cultcaffe.at\/wp-content\/uploads\/2023\/11\/cultcaffe_logo_regular_dark-1.svg","contentUrl":"https:\/\/www.cultcaffe.at\/wp-content\/uploads\/2023\/11\/cultcaffe_logo_regular_dark-1.svg","width":756,"height":474,"caption":"CultCaff\u00e9 Kaffeer\u00f6sterei GmbH"}]},"product_price_amount":"13.00","product_price_currency":"EUR","og_availability":"instock","product_availability":"instock","product_condition":"new"},"_links":{"self":[{"href":"https:\/\/www.cultcaffe.at\/cs\/wp-json\/wp\/v2\/product\/15551","targetHints":{"allow":["GET"]}}],"collection":[{"href":"https:\/\/www.cultcaffe.at\/cs\/wp-json\/wp\/v2\/product"}],"about":[{"href":"https:\/\/www.cultcaffe.at\/cs\/wp-json\/wp\/v2\/types\/product"}],"wp:featuredmedia":[{"embeddable":true,"href":"https:\/\/www.cultcaffe.at\/cs\/wp-json\/wp\/v2\/media\/15562"}],"wp:attachment":[{"href":"https:\/\/www.cultcaffe.at\/cs\/wp-json\/wp\/v2\/media?parent=15551"}],"wp:term":[{"taxonomy":"product_brand","embeddable":true,"href":"https:\/\/www.cultcaffe.at\/cs\/wp-json\/wp\/v2\/product_brand?post=15551"},{"taxonomy":"product_cat","embeddable":true,"href":"https:\/\/www.cultcaffe.at\/cs\/wp-json\/wp\/v2\/product_cat?post=15551"},{"taxonomy":"product_tag","embeddable":true,"href":"https:\/\/www.cultcaffe.at\/cs\/wp-json\/wp\/v2\/product_tag?post=15551"}],"curies":[{"name":"wp","href":"https:\/\/api.w.org\/{rel}","templated":true}]}}