{"id":15488,"date":"2024-09-12T11:07:51","date_gmt":"2024-09-12T09:07:51","guid":{"rendered":"https:\/\/www.cultcaffe.at\/?post_type=product&#038;p=15488"},"modified":"2025-03-18T13:38:43","modified_gmt":"2025-03-18T12:38:43","slug":"prirodni-cistic-mlynku-500g","status":"publish","type":"product","link":"https:\/\/www.cultcaffe.at\/cs\/produkt\/natural-grind-muehlenreiniger-500g\/","title":{"rendered":"\u010cisti\u010d ml\u00fdnk\u016f na p\u0159\u00edrodn\u00ed mlet\u00ed 500g"},"content":{"rendered":"<p>NATURAL cleaning je nov\u00e1 \u0159ada \u010distic\u00edch prost\u0159edk\u016f, jej\u00edm\u017e c\u00edlem je nab\u00eddnout v\u00e1m produkty, kter\u00e9 jsou co nejm\u00e9n\u011b toxick\u00e9.<\/p>\n<p>Existuj\u00ed pro to dobr\u00e9 d\u016fvody: Co kdy\u017e se v\u00fdrobky dostanou do rukou d\u011bt\u00ed? Co kdy\u017e je u\u017eivatel rozpt\u00fdlen a \u010distic\u00ed prost\u0159edky nejsou spr\u00e1vn\u011b odstran\u011bny nebo opl\u00e1chnuty? Mohly by se \u010d\u00e1sti \u010distic\u00edch prost\u0159edk\u016f dostat do espressa nebo cappuccina? Co se stane se v\u0161emi \u010distic\u00edmi l\u00e1tkami v odpadn\u00edch vod\u00e1ch a v \u017eivotn\u00edm prost\u0159ed\u00ed? A proto v\u011b\u0159\u00edme, \u017ee abychom se v\u0161em t\u011bmto v\u011bcem vyhnuli, jsou p\u0159ijateln\u00e9 mal\u00e9 kompromisy v efektivit\u011b. C\u00edlem nen\u00ed vyr\u00e1b\u011bt m\u00e9n\u011b toxick\u00fdch l\u00e1tek, ale sp\u00ed\u0161e vyr\u00e1b\u011bt produkty, kter\u00e9 v prvn\u00ed \u0159ad\u011b nejsou \u0161kodliv\u00e9.<\/p>\n<p><strong>NOV\u00dd:<\/strong>\u00a0 <strong>P\u0159\u00edrodn\u00ed \u010disti\u010d ml\u00fdnk\u016f na espresso (nen\u00ed vhodn\u00fd pro pln\u011b automatick\u00e9 k\u00e1vovary!)<\/strong><\/p>\n<p>\u010cisti\u010d ml\u00fdnk\u016f Natural-Grind, kter\u00fd jsme vyvinuli a vyrobili, je vysoce kvalitn\u00ed produkt vyroben\u00fd v\u00fdhradn\u011b z p\u0159\u00edrodn\u00edch ingredienc\u00ed. To znamen\u00e1, \u017ee pou\u017e\u00edv\u00e1me sm\u011bs r\u016fzn\u00fdch zrn a p\u0159\u00edrodn\u00edch produkt\u016f, abyste mohli rychle a snadno vy\u010distit mrtv\u00fd prostor va\u0161eho ml\u00fdnku na k\u00e1vu.<\/p>\n<p>Co je na Natural Grind zvl\u00e1\u0161tn\u00edho? Pro\u010d si nem\u016f\u017eu ml\u00fdnek vy\u010distit r\u00fd\u017e\u00ed podle star\u00e9ho \u201ebabi\u010d\u010dina principu\u201c? No, to fungovalo za podm\u00ednek, kter\u00e9 m\u011bl ml\u00fdnek na k\u00e1vu \u201ez t\u00e9 doby\u201c. Dne\u0161n\u00ed ml\u00fdnky na espresso by se jednodu\u0161e zasekly nebo p\u0159estaly fungovat, pokud byste je v polovin\u011b zastavili, co\u017e by vy\u017eadovalo pracn\u00fd proces od\u0161roubov\u00e1n\u00ed.<br \/>\nTrik spo\u010d\u00edv\u00e1 ve vytvo\u0159en\u00ed \u010disti\u010de ml\u00fdnku, kter\u00fd nezp\u016fsob\u00ed zasek\u00e1v\u00e1n\u00ed ml\u00fdnku, ale co nejkomplexn\u011bji a nejd\u016fkladn\u011bji vy\u010dist\u00ed mrtv\u00fd prostor a p\u0159edev\u0161\u00edm nem\u011bn\u00ed nastaven\u00ed mlet\u00ed, co\u017e by jinak vy\u017eadovalo op\u011btovn\u00e9 se\u0159\u00edzen\u00ed ml\u00fdnku.<\/p>\n<p><strong>Jak m\u00e1m \u010distit ml\u00fdnek na k\u00e1vu?<\/strong><br \/>\n1. Vypr\u00e1zdn\u011bte z\u00e1sobn\u00edk na k\u00e1vov\u00e1 zrna, sce\u010fte zb\u00fdvaj\u00edc\u00ed k\u00e1vov\u00e1 zrna a co nejv\u00edce je p\u0159ed\u010dist\u011bte kart\u00e1\u010dem ml\u00fdnku.<br \/>\n2. P\u0159ed \u010di\u0161t\u011bn\u00edm ml\u00fdnku jej nastavte na \u201est\u0159edn\u00ed mlet\u00ed\u201c, abyste zabr\u00e1nili zm\u011bn\u011b nastaven\u00ed mlet\u00ed.<br \/>\n3. Pot\u00e9, co prot\u00e9k\u00e1 p\u0159ibli\u017en\u011b 40 g CleanGrindu, m\u016f\u017eete p\u0159idat dal\u0161\u00ed k\u00e1vov\u00e1 zrna.<br \/>\nPrvn\u00ed k\u00e1vovou sedlinu pros\u00edm zlikvidujte se zbytky \u010distic\u00edho prost\u0159edku.<br \/>\nB\u011bhem prvn\u00edch n\u011bkolika mlet\u00ed se sice mohou objevit \u010d\u00e1stice \u010distic\u00edho prost\u0159edku, kter\u00e9 sice neovlivn\u00ed chu\u0165 espressa, ale odstran\u011bn\u00e9 olejovit\u00e9 a p\u0159\u00edpadn\u011b \u017elukl\u00e9 k\u00e1vov\u00e9 tuky nyn\u00ed zaru\u010d\u00ed lahodn\u011b \u010derstv\u00e9 cappuccino nebo espresso.<\/p>\n<p><strong>Jak \u010dasto bych m\u011bl \u010distit ml\u00fdnek na k\u00e1vu?<\/strong><\/p>\n<p>Je t\u011b\u017ek\u00e9 p\u0159esn\u011b ur\u010dit, kolikr\u00e1t byste m\u011bli ml\u00fdnek na k\u00e1vu \u010distit, proto\u017ee to z\u00e1le\u017e\u00ed na tom, kolik k\u00e1vy v n\u011bm melete. Na\u0161e doporu\u010den\u00ed je n\u00e1sleduj\u00edc\u00ed: Doma jednou t\u00fddn\u011b; V gastronomick\u00e9 z\u00f3n\u011b denn\u011b<\/p>\n<p><strong>Pozor s ml\u00fdny Eureka:<\/strong><\/p>\n<p>Tyto ml\u00fdnky maj\u00ed velmi jemn\u00e9 nastaven\u00ed mlet\u00ed, co\u017e znamen\u00e1, \u017ee m\u016f\u017eete nastaven\u00ed mlet\u00ed z jemn\u00e9ho\/espressa na hrub\u00e9\/filtrovanou k\u00e1vu oto\u010dit nejen jednou, ale n\u011bkolikr\u00e1t o 360\u00b0.<\/p>\n<p>Proto nedos\u00e1hnete st\u0159edn\u00edho mlet\u00ed, pokud pouze oto\u010d\u00edte o 90\u00b0 z jemn\u00e9\/espresso na hrubou k\u00e1vu! Je lep\u0161\u00ed ho v\u00edce ot\u00e1\u010det, abyste dos\u00e1hli st\u0159edn\u00edho a\u017e hrub\u00e9ho mlet\u00ed, jinak se ml\u00fdnek snadno ucpe.<\/p>\n<p><strong>Nen\u00ed vhodn\u00e9 pro pln\u011b automatick\u00e9 stroje!<\/strong><\/p>\n<p><strong>nen\u00ed bezlepkov\u00e9!<\/strong><\/p>","protected":false},"excerpt":{"rendered":"<ul>\n<li>odoln\u011bj\u0161\u00ed ml\u00fdn<\/li>\n<li>snadn\u00e1 manipulace<\/li>\n<li>P\u0159\u00edrodn\u00ed produkt, 100% ekologick\u00fd<\/li>\n<li>\u0160pi\u010dkov\u00fd pom\u011br cena\/v\u00fdkon<\/li>\n<\/ul>\n<p>&nbsp;<\/p>","protected":false},"featured_media":15489,"template":"","meta":{"inline_featured_image":false},"product_brand":[],"product_cat":[204,210,213],"product_tag":[61,59,62,98,69,262,261],"class_list":{"0":"post-15488","1":"product","2":"type-product","3":"status-publish","4":"has-post-thumbnail","6":"product_cat-zubehoer","7":"product_cat-handmuehlen","8":"product_cat-kaffeemuehlen","9":"product_tag-cultcaffe","10":"product_tag-kaffee","11":"product_tag-kaffeegenuss","12":"product_tag-kaffeemuehle","13":"product_tag-muehle","14":"product_tag-oekologisch","15":"product_tag-reinigung","17":"first","18":"instock","19":"taxable","20":"shipping-taxable","21":"purchasable","22":"product-type-simple"},"yoast_head":"<!-- This site is optimized with the Yoast SEO plugin v27.6 - https:\/\/yoast.com\/product\/yoast-seo-wordpress\/ -->\n<title>Natural Grind M\u00fchlenreiniger 500g - CultCaff\u00e9 - die Bio Kaffee R\u00f6sterei<\/title>\n<meta name=\"robots\" content=\"index, follow, max-snippet:-1, max-image-preview:large, max-video-preview:-1\" \/>\n<link rel=\"canonical\" href=\"https:\/\/www.cultcaffe.at\/cs\/produkt\/prirodni-cistic-mlynku-500g\/\" \/>\n<meta property=\"og:locale\" content=\"cs_CZ\" \/>\n<meta property=\"og:type\" content=\"article\" \/>\n<meta property=\"og:title\" content=\"Natural Grind M\u00fchlenreiniger 500g - CultCaff\u00e9 - die Bio Kaffee R\u00f6sterei\" \/>\n<meta property=\"og:description\" content=\"langlebigere M\u00fchle  einfache Handhabung  Naturprodukt, 100% \u00f6kologisch  Top Preis-Leistungsverh\u00e4ltnis  &nbsp;\" \/>\n<meta property=\"og:url\" content=\"https:\/\/www.cultcaffe.at\/cs\/produkt\/prirodni-cistic-mlynku-500g\/\" \/>\n<meta property=\"og:site_name\" content=\"CultCaff\u00e9 - die Bio Kaffee R\u00f6sterei\" \/>\n<meta property=\"article:publisher\" content=\"https:\/\/www.facebook.com\/p\/Cult-Caff%c3%a8-die-R%c3%b6sterei-100039719724703\/?locale=de_DE\" \/>\n<meta property=\"article:modified_time\" content=\"2025-03-18T12:38:43+00:00\" \/>\n<meta property=\"og:image\" content=\"https:\/\/www.cultcaffe.at\/wp-content\/uploads\/2024\/09\/Muehlenreiniger-front.png\" \/>\n\t<meta property=\"og:image:width\" content=\"431\" \/>\n\t<meta property=\"og:image:height\" content=\"600\" \/>\n\t<meta property=\"og:image:type\" content=\"image\/png\" \/>\n<meta name=\"twitter:card\" content=\"summary_large_image\" \/>\n<meta name=\"twitter:label1\" content=\"Cena\" \/>\n\t<meta name=\"twitter:data1\" content=\"&euro;&nbsp;12,00\" \/>\n\t<meta name=\"twitter:label2\" content=\"Dostupnost\" \/>\n\t<meta name=\"twitter:data2\" content=\"Skladem\" \/>\n<script type=\"application\/ld+json\" class=\"yoast-schema-graph\">{\"@context\":\"https:\\\/\\\/schema.org\",\"@graph\":[{\"@type\":\"WebPage\",\"@id\":\"https:\\\/\\\/www.cultcaffe.at\\\/produkt\\\/natural-grind-muehlenreiniger-500g\\\/\",\"url\":\"https:\\\/\\\/www.cultcaffe.at\\\/produkt\\\/natural-grind-muehlenreiniger-500g\\\/\",\"name\":\"Natural Grind M\u00fchlenreiniger 500g - CultCaff\u00e9 - die Bio Kaffee R\u00f6sterei\",\"isPartOf\":{\"@id\":\"https:\\\/\\\/www.cultcaffe.at\\\/#website\"},\"primaryImageOfPage\":{\"@id\":\"https:\\\/\\\/www.cultcaffe.at\\\/produkt\\\/natural-grind-muehlenreiniger-500g\\\/#primaryimage\"},\"image\":{\"@id\":\"https:\\\/\\\/www.cultcaffe.at\\\/produkt\\\/natural-grind-muehlenreiniger-500g\\\/#primaryimage\"},\"thumbnailUrl\":\"https:\\\/\\\/www.cultcaffe.at\\\/wp-content\\\/uploads\\\/2024\\\/09\\\/Muehlenreiniger-front.png\",\"datePublished\":\"2024-09-12T09:07:51+00:00\",\"dateModified\":\"2025-03-18T12:38:43+00:00\",\"breadcrumb\":{\"@id\":\"https:\\\/\\\/www.cultcaffe.at\\\/produkt\\\/natural-grind-muehlenreiniger-500g\\\/#breadcrumb\"},\"inLanguage\":\"cs\",\"potentialAction\":[{\"@type\":\"ReadAction\",\"target\":[\"https:\\\/\\\/www.cultcaffe.at\\\/produkt\\\/natural-grind-muehlenreiniger-500g\\\/\"]}]},{\"@type\":\"ImageObject\",\"inLanguage\":\"cs\",\"@id\":\"https:\\\/\\\/www.cultcaffe.at\\\/produkt\\\/natural-grind-muehlenreiniger-500g\\\/#primaryimage\",\"url\":\"https:\\\/\\\/www.cultcaffe.at\\\/wp-content\\\/uploads\\\/2024\\\/09\\\/Muehlenreiniger-front.png\",\"contentUrl\":\"https:\\\/\\\/www.cultcaffe.at\\\/wp-content\\\/uploads\\\/2024\\\/09\\\/Muehlenreiniger-front.png\",\"width\":431,\"height\":600},{\"@type\":\"BreadcrumbList\",\"@id\":\"https:\\\/\\\/www.cultcaffe.at\\\/produkt\\\/natural-grind-muehlenreiniger-500g\\\/#breadcrumb\",\"itemListElement\":[{\"@type\":\"ListItem\",\"position\":1,\"name\":\"Startseite\",\"item\":\"https:\\\/\\\/www.cultcaffe.at\\\/\"},{\"@type\":\"ListItem\",\"position\":2,\"name\":\"Produkte\",\"item\":\"https:\\\/\\\/www.cultcaffe.at\\\/shop\\\/\"},{\"@type\":\"ListItem\",\"position\":3,\"name\":\"Natural Grind M\u00fchlenreiniger 500g\"}]},{\"@type\":\"WebSite\",\"@id\":\"https:\\\/\\\/www.cultcaffe.at\\\/#website\",\"url\":\"https:\\\/\\\/www.cultcaffe.at\\\/\",\"name\":\"CultCaff\u00e9 - die Bio Kaffee R\u00f6sterei\",\"description\":\"Liebe zum Kaffee\",\"publisher\":{\"@id\":\"https:\\\/\\\/www.cultcaffe.at\\\/#organization\"},\"potentialAction\":[{\"@type\":\"SearchAction\",\"target\":{\"@type\":\"EntryPoint\",\"urlTemplate\":\"https:\\\/\\\/www.cultcaffe.at\\\/?s={search_term_string}\"},\"query-input\":{\"@type\":\"PropertyValueSpecification\",\"valueRequired\":true,\"valueName\":\"search_term_string\"}}],\"inLanguage\":\"cs\"},{\"@type\":[\"Organization\",\"Place\"],\"@id\":\"https:\\\/\\\/www.cultcaffe.at\\\/#organization\",\"name\":\"CultCaff\u00e9 Kaffeer\u00f6sterei GmbH\",\"alternateName\":\"CultCaff\u00e9\",\"url\":\"https:\\\/\\\/www.cultcaffe.at\\\/\",\"logo\":{\"@id\":\"https:\\\/\\\/www.cultcaffe.at\\\/produkt\\\/natural-grind-muehlenreiniger-500g\\\/#local-main-organization-logo\"},\"image\":{\"@id\":\"https:\\\/\\\/www.cultcaffe.at\\\/produkt\\\/natural-grind-muehlenreiniger-500g\\\/#local-main-organization-logo\"},\"sameAs\":[\"https:\\\/\\\/www.facebook.com\\\/p\\\/Cult-Caff\u00e8-die-R\u00f6sterei-100039719724703\\\/?locale=de_DE\",\"https:\\\/\\\/www.instagram.com\\\/cultcaffe.at\\\/\"],\"hasMerchantReturnPolicy\":{\"@type\":\"MerchantReturnPolicy\",\"merchantReturnLink\":\"https:\\\/\\\/www.cultcaffe.at\\\/cs\\\/agbs\\\/\"},\"telephone\":[],\"openingHoursSpecification\":[{\"@type\":\"OpeningHoursSpecification\",\"dayOfWeek\":[\"Monday\",\"Tuesday\",\"Wednesday\",\"Thursday\",\"Friday\",\"Saturday\",\"Sunday\"],\"opens\":\"09:00\",\"closes\":\"17:00\"}]},{\"@type\":\"ImageObject\",\"inLanguage\":\"cs\",\"@id\":\"https:\\\/\\\/www.cultcaffe.at\\\/produkt\\\/natural-grind-muehlenreiniger-500g\\\/#local-main-organization-logo\",\"url\":\"https:\\\/\\\/www.cultcaffe.at\\\/wp-content\\\/uploads\\\/2023\\\/11\\\/cultcaffe_logo_regular_dark-1.svg\",\"contentUrl\":\"https:\\\/\\\/www.cultcaffe.at\\\/wp-content\\\/uploads\\\/2023\\\/11\\\/cultcaffe_logo_regular_dark-1.svg\",\"width\":756,\"height\":474,\"caption\":\"CultCaff\u00e9 Kaffeer\u00f6sterei GmbH\"}]}<\/script>\n<meta property=\"product:price:amount\" content=\"12.00\" \/>\n<meta property=\"product:price:currency\" content=\"EUR\" \/>\n<meta property=\"og:availability\" content=\"instock\" \/>\n<meta property=\"product:availability\" content=\"instock\" \/>\n<meta property=\"product:condition\" content=\"new\" \/>\n<!-- \/ Yoast SEO plugin. -->","yoast_head_json":{"title":"P\u0159\u00edrodn\u00ed \u010disti\u010d ml\u00fdnk\u016f na mletou k\u00e1vu 500g - CultCaff\u00e9 - pra\u017e\u00edrna organick\u00e9 k\u00e1vy","robots":{"index":"index","follow":"follow","max-snippet":"max-snippet:-1","max-image-preview":"max-image-preview:large","max-video-preview":"max-video-preview:-1"},"canonical":"https:\/\/www.cultcaffe.at\/cs\/produkt\/prirodni-cistic-mlynku-500g\/","og_locale":"cs_CZ","og_type":"article","og_title":"Natural Grind M\u00fchlenreiniger 500g - CultCaff\u00e9 - die Bio Kaffee R\u00f6sterei","og_description":"langlebigere M\u00fchle  einfache Handhabung  Naturprodukt, 100% \u00f6kologisch  Top Preis-Leistungsverh\u00e4ltnis  &nbsp;","og_url":"https:\/\/www.cultcaffe.at\/cs\/produkt\/prirodni-cistic-mlynku-500g\/","og_site_name":"CultCaff\u00e9 - die Bio Kaffee R\u00f6sterei","article_publisher":"https:\/\/www.facebook.com\/p\/Cult-Caff%c3%a8-die-R%c3%b6sterei-100039719724703\/?locale=de_DE","article_modified_time":"2025-03-18T12:38:43+00:00","og_image":[{"width":431,"height":600,"url":"https:\/\/www.cultcaffe.at\/wp-content\/uploads\/2024\/09\/Muehlenreiniger-front.png","type":"image\/png"}],"twitter_card":"summary_large_image","twitter_misc":{"Cena":"&euro;&nbsp;12,00","Dostupnost":"Skladem"},"schema":{"@context":"https:\/\/schema.org","@graph":[{"@type":"WebPage","@id":"https:\/\/www.cultcaffe.at\/produkt\/natural-grind-muehlenreiniger-500g\/","url":"https:\/\/www.cultcaffe.at\/produkt\/natural-grind-muehlenreiniger-500g\/","name":"P\u0159\u00edrodn\u00ed \u010disti\u010d ml\u00fdnk\u016f na mletou k\u00e1vu 500g - CultCaff\u00e9 - pra\u017e\u00edrna organick\u00e9 k\u00e1vy","isPartOf":{"@id":"https:\/\/www.cultcaffe.at\/#website"},"primaryImageOfPage":{"@id":"https:\/\/www.cultcaffe.at\/produkt\/natural-grind-muehlenreiniger-500g\/#primaryimage"},"image":{"@id":"https:\/\/www.cultcaffe.at\/produkt\/natural-grind-muehlenreiniger-500g\/#primaryimage"},"thumbnailUrl":"https:\/\/www.cultcaffe.at\/wp-content\/uploads\/2024\/09\/Muehlenreiniger-front.png","datePublished":"2024-09-12T09:07:51+00:00","dateModified":"2025-03-18T12:38:43+00:00","breadcrumb":{"@id":"https:\/\/www.cultcaffe.at\/produkt\/natural-grind-muehlenreiniger-500g\/#breadcrumb"},"inLanguage":"cs","potentialAction":[{"@type":"ReadAction","target":["https:\/\/www.cultcaffe.at\/produkt\/natural-grind-muehlenreiniger-500g\/"]}]},{"@type":"ImageObject","inLanguage":"cs","@id":"https:\/\/www.cultcaffe.at\/produkt\/natural-grind-muehlenreiniger-500g\/#primaryimage","url":"https:\/\/www.cultcaffe.at\/wp-content\/uploads\/2024\/09\/Muehlenreiniger-front.png","contentUrl":"https:\/\/www.cultcaffe.at\/wp-content\/uploads\/2024\/09\/Muehlenreiniger-front.png","width":431,"height":600},{"@type":"BreadcrumbList","@id":"https:\/\/www.cultcaffe.at\/produkt\/natural-grind-muehlenreiniger-500g\/#breadcrumb","itemListElement":[{"@type":"ListItem","position":1,"name":"Startseite","item":"https:\/\/www.cultcaffe.at\/"},{"@type":"ListItem","position":2,"name":"Produkte","item":"https:\/\/www.cultcaffe.at\/shop\/"},{"@type":"ListItem","position":3,"name":"Natural Grind M\u00fchlenreiniger 500g"}]},{"@type":"WebSite","@id":"https:\/\/www.cultcaffe.at\/#website","url":"https:\/\/www.cultcaffe.at\/","name":"CultCaff\u00e9 - pra\u017e\u00edrna bio k\u00e1vy","description":"L\u00e1ska ke k\u00e1v\u011b","publisher":{"@id":"https:\/\/www.cultcaffe.at\/#organization"},"potentialAction":[{"@type":"SearchAction","target":{"@type":"EntryPoint","urlTemplate":"https:\/\/www.cultcaffe.at\/?s={search_term_string}"},"query-input":{"@type":"PropertyValueSpecification","valueRequired":true,"valueName":"search_term_string"}}],"inLanguage":"cs"},{"@type":["Organization","Place"],"@id":"https:\/\/www.cultcaffe.at\/#organization","name":"CultCaff\u00e9 Coffee Roastery GmbH","alternateName":"CultCaff\u00e9","url":"https:\/\/www.cultcaffe.at\/","logo":{"@id":"https:\/\/www.cultcaffe.at\/produkt\/natural-grind-muehlenreiniger-500g\/#local-main-organization-logo"},"image":{"@id":"https:\/\/www.cultcaffe.at\/produkt\/natural-grind-muehlenreiniger-500g\/#local-main-organization-logo"},"sameAs":["https:\/\/www.facebook.com\/p\/Cult-Caff\u00e8-die-R\u00f6sterei-100039719724703\/?locale=de_DE","https:\/\/www.instagram.com\/cultcaffe.at\/"],"hasMerchantReturnPolicy":{"@type":"MerchantReturnPolicy","merchantReturnLink":"https:\/\/www.cultcaffe.at\/cs\/agbs\/"},"telephone":[],"openingHoursSpecification":[{"@type":"OpeningHoursSpecification","dayOfWeek":["Monday","Tuesday","Wednesday","Thursday","Friday","Saturday","Sunday"],"opens":"09:00","closes":"17:00"}]},{"@type":"ImageObject","inLanguage":"cs","@id":"https:\/\/www.cultcaffe.at\/produkt\/natural-grind-muehlenreiniger-500g\/#local-main-organization-logo","url":"https:\/\/www.cultcaffe.at\/wp-content\/uploads\/2023\/11\/cultcaffe_logo_regular_dark-1.svg","contentUrl":"https:\/\/www.cultcaffe.at\/wp-content\/uploads\/2023\/11\/cultcaffe_logo_regular_dark-1.svg","width":756,"height":474,"caption":"CultCaff\u00e9 Kaffeer\u00f6sterei GmbH"}]},"product_price_amount":"12.00","product_price_currency":"EUR","og_availability":"instock","product_availability":"instock","product_condition":"new"},"_links":{"self":[{"href":"https:\/\/www.cultcaffe.at\/cs\/wp-json\/wp\/v2\/product\/15488","targetHints":{"allow":["GET"]}}],"collection":[{"href":"https:\/\/www.cultcaffe.at\/cs\/wp-json\/wp\/v2\/product"}],"about":[{"href":"https:\/\/www.cultcaffe.at\/cs\/wp-json\/wp\/v2\/types\/product"}],"wp:featuredmedia":[{"embeddable":true,"href":"https:\/\/www.cultcaffe.at\/cs\/wp-json\/wp\/v2\/media\/15489"}],"wp:attachment":[{"href":"https:\/\/www.cultcaffe.at\/cs\/wp-json\/wp\/v2\/media?parent=15488"}],"wp:term":[{"taxonomy":"product_brand","embeddable":true,"href":"https:\/\/www.cultcaffe.at\/cs\/wp-json\/wp\/v2\/product_brand?post=15488"},{"taxonomy":"product_cat","embeddable":true,"href":"https:\/\/www.cultcaffe.at\/cs\/wp-json\/wp\/v2\/product_cat?post=15488"},{"taxonomy":"product_tag","embeddable":true,"href":"https:\/\/www.cultcaffe.at\/cs\/wp-json\/wp\/v2\/product_tag?post=15488"}],"curies":[{"name":"wp","href":"https:\/\/api.w.org\/{rel}","templated":true}]}}