{"id":15452,"date":"2024-08-26T16:14:59","date_gmt":"2024-08-26T14:14:59","guid":{"rendered":"https:\/\/www.cultcaffe.at\/?post_type=product&#038;p=15452"},"modified":"2025-03-21T11:23:46","modified_gmt":"2025-03-21T10:23:46","slug":"opakovane-pouzitelny-filtr-na-kavu-z-nerezove-oceli","status":"publish","type":"product","link":"https:\/\/www.cultcaffe.at\/cs\/produkt\/wiederverwendbarer-kaffeefilter-aus-edelstahl\/","title":{"rendered":"Opakovan\u011b pou\u017eiteln\u00fd k\u00e1vov\u00fd filtr z nerezov\u00e9 oceli"},"content":{"rendered":"<p><strong>Pro udr\u017eiteln\u011bj\u0161\u00ed po\u017eitek z k\u00e1vy<\/strong><\/p>\n<p><span class=\"metafield-multi_line_text_field\">Znovupou\u017eiteln\u00fd filtr z nerezov\u00e9 oceli zaji\u0161\u0165uje p\u0159irozenou chu\u0165 a pln\u00e9 aroma k\u00e1vy.<br \/>\nK\u00e1vov\u00fd filtr z nerezov\u00e9 oceli je vhodn\u00fd pro v\u0161echny milovn\u00edky k\u00e1vy a snadno se pou\u017e\u00edv\u00e1.<br \/>\nD\u00edky tomu ji\u017e nejsou pap\u00edrov\u00e9 filtry pot\u0159eba.<\/span><\/p>\n<ul>\n<li><span class=\"metafield-multi_line_text_field\">udr\u017eiteln\u00fd a trvanliv\u00fd produkt<\/span><\/li>\n<li><span class=\"metafield-multi_line_text_field\">bezplastov\u00fd v\u00fdrobek a bezplastov\u00fd obal<br \/>\n<\/span><\/li>\n<li><span class=\"metafield-multi_line_text_field\">pro v\u0161echny milovn\u00edky k\u00e1vy<br \/>\n<\/span><\/li>\n<li><span class=\"metafield-multi_line_text_field\">ide\u00e1ln\u00ed d\u00e1rek pro ka\u017edou p\u0159\u00edle\u017eitost<br \/>\n<\/span><\/li>\n<li><span class=\"metafield-multi_line_text_field\">snadn\u00e1 manipulace a \u010di\u0161t\u011bn\u00ed<\/span><\/li>\n<\/ul>\n<p><strong>Omyvateln\u00fd nerezov\u00fd k\u00e1vov\u00fd filtr v\u00e1s bude prov\u00e1zet po cel\u00fd \u017eivot<\/strong><\/p>\n<p><span class=\"metafield-multi_line_text_field\">K\u00e1vov\u00fd filtr je atraktivn\u011bj\u0161\u00ed ne\u017e b\u011b\u017en\u00fd pap\u00edrov\u00fd filtr a z\u00e1rove\u0148 ekologi\u010dt\u011bj\u0161\u00ed \u0159e\u0161en\u00ed. Nav\u00edc filtr z nerezov\u00e9 oceli nezkresluje chu\u0165 k\u00e1vy, tak\u017ee nic nebr\u00e1n\u00ed \u010dist\u00e9mu a autentick\u00e9mu chu\u0165ov\u00e9mu z\u00e1\u017eitku.<br \/>\nSnadn\u00e9 \u010di\u0161t\u011bn\u00ed d\u011bl\u00e1 k\u00e1vov\u00fd filtr vhodn\u00fd pro pou\u017eit\u00ed v potravin\u00e1ch je\u0161t\u011b atraktivn\u011bj\u0161\u00edm.<br \/>\n<\/span><span class=\"metafield-multi_line_text_field\">D\u00edky ultrajemn\u00e9mu a nerezav\u011bj\u00edc\u00edmu s\u00edtku jej lze bez probl\u00e9m\u016f m\u00fdt v my\u010dce n\u00e1dob\u00ed.<\/span><\/p>\n<p>&nbsp;<\/p>\n<p><strong>Rozsah dod\u00e1vky:<\/strong>\u00a0<span class=\"metafield-multi_line_text_field\">1 k\u00e1vov\u00fd filtr<\/span><\/p>\n<p><strong>Materi\u00e1l \/ Slo\u017een\u00ed:<\/strong>\u00a0nerez<\/p>\n<p><strong>Hmotnost:<\/strong>\u00a016,5 g<\/p>\n<p><strong>Velikost:<\/strong>\u00a0<span class=\"metafield-multi_line_text_field\">19 cm x 12,5 cm x 4,5 cm<\/span><\/p>\n<p><strong>Barva:<\/strong>\u00a0kov<\/p>\n<p><strong>Vyrobeno v:<\/strong>\u00a0Provincie Zhejiang, \u010c\u00edna<\/p>\n<p><strong>Likvidace:<\/strong>\u00a0<span class=\"metafield-multi_line_text_field\">K\u00e1vov\u00fd filtr vyho\u010fte do b\u011b\u017en\u00e9ho odpadu.<\/span><\/p>\n<p><strong>Certifikace:<\/strong>\u00a0<span class=\"metafield-multi_line_text_field\">N\u00e1\u0161 v\u00fdrobce je certifikov\u00e1n BSCI.<\/span><\/p>\n<p><strong>Pokyny pro p\u00e9\u010di:<\/strong>\u00a0<span class=\"metafield-multi_line_text_field\">K\u00e1vov\u00fd filtr z nerezov\u00e9 oceli je <strong>vhodn\u00e9 do my\u010dky n\u00e1dob\u00ed, odoln\u00e9 proti korozi a bezpe\u010dn\u00e9 pro potraviny<\/strong>.<\/span><\/p>\n<p><strong>Aplikace:<\/strong>\u00a0<span class=\"metafield-multi_line_text_field\">Jednodu\u0161e opl\u00e1chn\u011bte nerezov\u00fd filtr horkou vodou, p\u0159idejte mletou k\u00e1vu a pot\u00e9 jej pomalu zalijte horkou vodou.<\/span><\/p>\n<p>K\u00e1vov\u00fd filtr je nejen kr\u00e1sn\u011bj\u0161\u00ed ne\u017e b\u011b\u017en\u00fd pap\u00edrov\u00fd filtr, ale tak\u00e9 jej nahrazuje a chr\u00e1n\u00ed \u017eivotn\u00ed prost\u0159ed\u00ed. Filtr z nerezov\u00e9 oceli tak\u00e9 nem\u011bn\u00ed chu\u0165 k\u00e1vy, tak\u017ee nic nebr\u00e1n\u00ed \u010dist\u00e9mu a autentick\u00e9mu chu\u0165ov\u00e9mu z\u00e1\u017eitku.<br \/>\nDal\u0161\u00ed v\u00fdhodou permanentn\u00edho k\u00e1vov\u00e9ho filtru je, \u017ee ultrajemn\u00e9 s\u00edto je odoln\u00e9 proti korozi, vhodn\u00e9 do my\u010dky n\u00e1dob\u00ed a bezpe\u010dn\u00e9 pro potraviny.<\/p>","protected":false},"excerpt":{"rendered":"<p><strong>Pro udr\u017eiteln\u011bj\u0161\u00ed po\u017eitek z k\u00e1vy<\/strong><\/p>\n<p><span class=\"metafield-multi_line_text_field\">Znovupou\u017eiteln\u00fd filtr z nerezov\u00e9 oceli zaji\u0161\u0165uje p\u0159irozenou chu\u0165 a pln\u00e9 aroma k\u00e1vy.<br \/>\nK\u00e1vov\u00fd filtr z nerezov\u00e9 oceli je vhodn\u00fd pro v\u0161echny milovn\u00edky k\u00e1vy a snadno se pou\u017e\u00edv\u00e1.<br \/>\nD\u00edky tomu ji\u017e nejsou pap\u00edrov\u00e9 filtry pot\u0159eba.<\/span><\/p>\n<ul>\n<li><span class=\"metafield-multi_line_text_field\">udr\u017eiteln\u00fd a trvanliv\u00fd produkt<\/span><\/li>\n<li><span class=\"metafield-multi_line_text_field\">bezplastov\u00fd v\u00fdrobek a bezplastov\u00fd obal<br \/>\n<\/span><\/li>\n<li><span class=\"metafield-multi_line_text_field\">pro v\u0161echny milovn\u00edky k\u00e1vy<br \/>\n<\/span><\/li>\n<li><span class=\"metafield-multi_line_text_field\">ide\u00e1ln\u00ed d\u00e1rek pro ka\u017edou p\u0159\u00edle\u017eitost<br \/>\n<\/span><\/li>\n<li><span class=\"metafield-multi_line_text_field\">snadn\u00e1 manipulace a \u010di\u0161t\u011bn\u00ed<\/span><\/li>\n<\/ul>","protected":false},"featured_media":15453,"template":"","meta":{"inline_featured_image":false},"product_brand":[],"product_cat":[204,211],"product_tag":[107,94,91,92,95,59,62,133],"class_list":{"0":"post-15452","1":"product","2":"type-product","3":"status-publish","4":"has-post-thumbnail","6":"product_cat-zubehoer","7":"product_cat-geschenkideen","8":"product_tag-coffee","9":"product_tag-cult-caffe","10":"product_tag-filter","11":"product_tag-filterkaffee","12":"product_tag-geschenk","13":"product_tag-kaffee","14":"product_tag-kaffeegenuss","15":"product_tag-weihnachtsgeschenk","17":"first","18":"instock","19":"taxable","20":"shipping-taxable","21":"purchasable","22":"product-type-simple"},"yoast_head":"<!-- This site is optimized with the Yoast SEO plugin v27.6 - https:\/\/yoast.com\/product\/yoast-seo-wordpress\/ -->\n<title>Wiederverwendbarer Kaffeefilter aus Edelstahl - CultCaff\u00e9 - die Bio Kaffee R\u00f6sterei<\/title>\n<meta name=\"robots\" content=\"index, follow, max-snippet:-1, max-image-preview:large, max-video-preview:-1\" \/>\n<link rel=\"canonical\" href=\"https:\/\/www.cultcaffe.at\/cs\/produkt\/opakovane-pouzitelny-filtr-na-kavu-z-nerezove-oceli\/\" \/>\n<meta property=\"og:locale\" content=\"cs_CZ\" \/>\n<meta property=\"og:type\" content=\"article\" \/>\n<meta property=\"og:title\" content=\"Wiederverwendbarer Kaffeefilter aus Edelstahl - CultCaff\u00e9 - die Bio Kaffee R\u00f6sterei\" \/>\n<meta property=\"og:description\" content=\"F\u00fcr mehr nachhaltigen Kaffeegenuss  Der wiederverwendbare Kaffeefilter aus Edelstahl erm\u00f6glicht einen nat\u00fcrlichen Geschmack und volles Aroma. Der Edelstahl Kaffeefilter ist f\u00fcr alle Kaffee-Liebhaber geeignet und einfach anzuwenden. Mit ihm werden keine Papierfilter mehr ben\u00f6tigt.   nachhaltiges &amp; langlebiges Produkt  plastikfreies Produkt &amp; plastikfreie Verpackung   f\u00fcr alle Kaffeeliebhaber   ideale Geschenkidee f\u00fcr jeden Anlass   einfach Handhabung &amp; Reinigung\" \/>\n<meta property=\"og:url\" content=\"https:\/\/www.cultcaffe.at\/cs\/produkt\/opakovane-pouzitelny-filtr-na-kavu-z-nerezove-oceli\/\" \/>\n<meta property=\"og:site_name\" content=\"CultCaff\u00e9 - die Bio Kaffee R\u00f6sterei\" \/>\n<meta property=\"article:publisher\" content=\"https:\/\/www.facebook.com\/p\/Cult-Caff%c3%a8-die-R%c3%b6sterei-100039719724703\/?locale=de_DE\" \/>\n<meta property=\"article:modified_time\" content=\"2025-03-21T10:23:46+00:00\" \/>\n<meta property=\"og:image\" content=\"https:\/\/www.cultcaffe.at\/wp-content\/uploads\/2024\/08\/pandoo-wiederverwendbarer-kaffeefilter-scaled.jpg\" \/>\n\t<meta property=\"og:image:width\" content=\"2560\" \/>\n\t<meta property=\"og:image:height\" content=\"2560\" \/>\n\t<meta property=\"og:image:type\" content=\"image\/jpeg\" \/>\n<meta name=\"twitter:card\" content=\"summary_large_image\" \/>\n<meta name=\"twitter:label1\" content=\"Cena\" \/>\n\t<meta name=\"twitter:data1\" content=\"&euro;&nbsp;13,00\" \/>\n\t<meta name=\"twitter:label2\" content=\"Dostupnost\" \/>\n\t<meta name=\"twitter:data2\" content=\"Skladem\" \/>\n<script type=\"application\/ld+json\" class=\"yoast-schema-graph\">{\"@context\":\"https:\\\/\\\/schema.org\",\"@graph\":[{\"@type\":\"WebPage\",\"@id\":\"https:\\\/\\\/www.cultcaffe.at\\\/produkt\\\/wiederverwendbarer-kaffeefilter-aus-edelstahl\\\/\",\"url\":\"https:\\\/\\\/www.cultcaffe.at\\\/produkt\\\/wiederverwendbarer-kaffeefilter-aus-edelstahl\\\/\",\"name\":\"Wiederverwendbarer Kaffeefilter aus Edelstahl - CultCaff\u00e9 - die Bio Kaffee R\u00f6sterei\",\"isPartOf\":{\"@id\":\"https:\\\/\\\/www.cultcaffe.at\\\/#website\"},\"primaryImageOfPage\":{\"@id\":\"https:\\\/\\\/www.cultcaffe.at\\\/produkt\\\/wiederverwendbarer-kaffeefilter-aus-edelstahl\\\/#primaryimage\"},\"image\":{\"@id\":\"https:\\\/\\\/www.cultcaffe.at\\\/produkt\\\/wiederverwendbarer-kaffeefilter-aus-edelstahl\\\/#primaryimage\"},\"thumbnailUrl\":\"https:\\\/\\\/www.cultcaffe.at\\\/wp-content\\\/uploads\\\/2024\\\/08\\\/pandoo-wiederverwendbarer-kaffeefilter-scaled.jpg\",\"datePublished\":\"2024-08-26T14:14:59+00:00\",\"dateModified\":\"2025-03-21T10:23:46+00:00\",\"breadcrumb\":{\"@id\":\"https:\\\/\\\/www.cultcaffe.at\\\/produkt\\\/wiederverwendbarer-kaffeefilter-aus-edelstahl\\\/#breadcrumb\"},\"inLanguage\":\"cs\",\"potentialAction\":[{\"@type\":\"ReadAction\",\"target\":[\"https:\\\/\\\/www.cultcaffe.at\\\/produkt\\\/wiederverwendbarer-kaffeefilter-aus-edelstahl\\\/\"]}]},{\"@type\":\"ImageObject\",\"inLanguage\":\"cs\",\"@id\":\"https:\\\/\\\/www.cultcaffe.at\\\/produkt\\\/wiederverwendbarer-kaffeefilter-aus-edelstahl\\\/#primaryimage\",\"url\":\"https:\\\/\\\/www.cultcaffe.at\\\/wp-content\\\/uploads\\\/2024\\\/08\\\/pandoo-wiederverwendbarer-kaffeefilter-scaled.jpg\",\"contentUrl\":\"https:\\\/\\\/www.cultcaffe.at\\\/wp-content\\\/uploads\\\/2024\\\/08\\\/pandoo-wiederverwendbarer-kaffeefilter-scaled.jpg\",\"width\":2560,\"height\":2560},{\"@type\":\"BreadcrumbList\",\"@id\":\"https:\\\/\\\/www.cultcaffe.at\\\/produkt\\\/wiederverwendbarer-kaffeefilter-aus-edelstahl\\\/#breadcrumb\",\"itemListElement\":[{\"@type\":\"ListItem\",\"position\":1,\"name\":\"Startseite\",\"item\":\"https:\\\/\\\/www.cultcaffe.at\\\/\"},{\"@type\":\"ListItem\",\"position\":2,\"name\":\"Produkte\",\"item\":\"https:\\\/\\\/www.cultcaffe.at\\\/shop\\\/\"},{\"@type\":\"ListItem\",\"position\":3,\"name\":\"Wiederverwendbarer Kaffeefilter aus Edelstahl\"}]},{\"@type\":\"WebSite\",\"@id\":\"https:\\\/\\\/www.cultcaffe.at\\\/#website\",\"url\":\"https:\\\/\\\/www.cultcaffe.at\\\/\",\"name\":\"CultCaff\u00e9 - die Bio Kaffee R\u00f6sterei\",\"description\":\"Liebe zum Kaffee\",\"publisher\":{\"@id\":\"https:\\\/\\\/www.cultcaffe.at\\\/#organization\"},\"potentialAction\":[{\"@type\":\"SearchAction\",\"target\":{\"@type\":\"EntryPoint\",\"urlTemplate\":\"https:\\\/\\\/www.cultcaffe.at\\\/?s={search_term_string}\"},\"query-input\":{\"@type\":\"PropertyValueSpecification\",\"valueRequired\":true,\"valueName\":\"search_term_string\"}}],\"inLanguage\":\"cs\"},{\"@type\":[\"Organization\",\"Place\"],\"@id\":\"https:\\\/\\\/www.cultcaffe.at\\\/#organization\",\"name\":\"CultCaff\u00e9 Kaffeer\u00f6sterei GmbH\",\"alternateName\":\"CultCaff\u00e9\",\"url\":\"https:\\\/\\\/www.cultcaffe.at\\\/\",\"logo\":{\"@id\":\"https:\\\/\\\/www.cultcaffe.at\\\/produkt\\\/wiederverwendbarer-kaffeefilter-aus-edelstahl\\\/#local-main-organization-logo\"},\"image\":{\"@id\":\"https:\\\/\\\/www.cultcaffe.at\\\/produkt\\\/wiederverwendbarer-kaffeefilter-aus-edelstahl\\\/#local-main-organization-logo\"},\"sameAs\":[\"https:\\\/\\\/www.facebook.com\\\/p\\\/Cult-Caff\u00e8-die-R\u00f6sterei-100039719724703\\\/?locale=de_DE\",\"https:\\\/\\\/www.instagram.com\\\/cultcaffe.at\\\/\"],\"hasMerchantReturnPolicy\":{\"@type\":\"MerchantReturnPolicy\",\"merchantReturnLink\":\"https:\\\/\\\/www.cultcaffe.at\\\/cs\\\/agbs\\\/\"},\"telephone\":[],\"openingHoursSpecification\":[{\"@type\":\"OpeningHoursSpecification\",\"dayOfWeek\":[\"Monday\",\"Tuesday\",\"Wednesday\",\"Thursday\",\"Friday\",\"Saturday\",\"Sunday\"],\"opens\":\"09:00\",\"closes\":\"17:00\"}]},{\"@type\":\"ImageObject\",\"inLanguage\":\"cs\",\"@id\":\"https:\\\/\\\/www.cultcaffe.at\\\/produkt\\\/wiederverwendbarer-kaffeefilter-aus-edelstahl\\\/#local-main-organization-logo\",\"url\":\"https:\\\/\\\/www.cultcaffe.at\\\/wp-content\\\/uploads\\\/2023\\\/11\\\/cultcaffe_logo_regular_dark-1.svg\",\"contentUrl\":\"https:\\\/\\\/www.cultcaffe.at\\\/wp-content\\\/uploads\\\/2023\\\/11\\\/cultcaffe_logo_regular_dark-1.svg\",\"width\":756,\"height\":474,\"caption\":\"CultCaff\u00e9 Kaffeer\u00f6sterei GmbH\"}]}<\/script>\n<meta property=\"product:price:amount\" content=\"13.00\" \/>\n<meta property=\"product:price:currency\" content=\"EUR\" \/>\n<meta property=\"og:availability\" content=\"instock\" \/>\n<meta property=\"product:availability\" content=\"instock\" \/>\n<meta property=\"product:condition\" content=\"new\" \/>\n<!-- \/ Yoast SEO plugin. -->","yoast_head_json":{"title":"Opakovan\u011b pou\u017eiteln\u00fd nerezov\u00fd k\u00e1vov\u00fd filtr - CultCaff\u00e9 - pra\u017e\u00edrna organick\u00e9 k\u00e1vy","robots":{"index":"index","follow":"follow","max-snippet":"max-snippet:-1","max-image-preview":"max-image-preview:large","max-video-preview":"max-video-preview:-1"},"canonical":"https:\/\/www.cultcaffe.at\/cs\/produkt\/opakovane-pouzitelny-filtr-na-kavu-z-nerezove-oceli\/","og_locale":"cs_CZ","og_type":"article","og_title":"Wiederverwendbarer Kaffeefilter aus Edelstahl - CultCaff\u00e9 - die Bio Kaffee R\u00f6sterei","og_description":"F\u00fcr mehr nachhaltigen Kaffeegenuss  Der wiederverwendbare Kaffeefilter aus Edelstahl erm\u00f6glicht einen nat\u00fcrlichen Geschmack und volles Aroma. Der Edelstahl Kaffeefilter ist f\u00fcr alle Kaffee-Liebhaber geeignet und einfach anzuwenden. Mit ihm werden keine Papierfilter mehr ben\u00f6tigt.   nachhaltiges &amp; langlebiges Produkt  plastikfreies Produkt &amp; plastikfreie Verpackung   f\u00fcr alle Kaffeeliebhaber   ideale Geschenkidee f\u00fcr jeden Anlass   einfach Handhabung &amp; Reinigung","og_url":"https:\/\/www.cultcaffe.at\/cs\/produkt\/opakovane-pouzitelny-filtr-na-kavu-z-nerezove-oceli\/","og_site_name":"CultCaff\u00e9 - die Bio Kaffee R\u00f6sterei","article_publisher":"https:\/\/www.facebook.com\/p\/Cult-Caff%c3%a8-die-R%c3%b6sterei-100039719724703\/?locale=de_DE","article_modified_time":"2025-03-21T10:23:46+00:00","og_image":[{"width":2560,"height":2560,"url":"https:\/\/www.cultcaffe.at\/wp-content\/uploads\/2024\/08\/pandoo-wiederverwendbarer-kaffeefilter-scaled.jpg","type":"image\/jpeg"}],"twitter_card":"summary_large_image","twitter_misc":{"Cena":"&euro;&nbsp;13,00","Dostupnost":"Skladem"},"schema":{"@context":"https:\/\/schema.org","@graph":[{"@type":"WebPage","@id":"https:\/\/www.cultcaffe.at\/produkt\/wiederverwendbarer-kaffeefilter-aus-edelstahl\/","url":"https:\/\/www.cultcaffe.at\/produkt\/wiederverwendbarer-kaffeefilter-aus-edelstahl\/","name":"Opakovan\u011b pou\u017eiteln\u00fd nerezov\u00fd k\u00e1vov\u00fd filtr - CultCaff\u00e9 - pra\u017e\u00edrna organick\u00e9 k\u00e1vy","isPartOf":{"@id":"https:\/\/www.cultcaffe.at\/#website"},"primaryImageOfPage":{"@id":"https:\/\/www.cultcaffe.at\/produkt\/wiederverwendbarer-kaffeefilter-aus-edelstahl\/#primaryimage"},"image":{"@id":"https:\/\/www.cultcaffe.at\/produkt\/wiederverwendbarer-kaffeefilter-aus-edelstahl\/#primaryimage"},"thumbnailUrl":"https:\/\/www.cultcaffe.at\/wp-content\/uploads\/2024\/08\/pandoo-wiederverwendbarer-kaffeefilter-scaled.jpg","datePublished":"2024-08-26T14:14:59+00:00","dateModified":"2025-03-21T10:23:46+00:00","breadcrumb":{"@id":"https:\/\/www.cultcaffe.at\/produkt\/wiederverwendbarer-kaffeefilter-aus-edelstahl\/#breadcrumb"},"inLanguage":"cs","potentialAction":[{"@type":"ReadAction","target":["https:\/\/www.cultcaffe.at\/produkt\/wiederverwendbarer-kaffeefilter-aus-edelstahl\/"]}]},{"@type":"ImageObject","inLanguage":"cs","@id":"https:\/\/www.cultcaffe.at\/produkt\/wiederverwendbarer-kaffeefilter-aus-edelstahl\/#primaryimage","url":"https:\/\/www.cultcaffe.at\/wp-content\/uploads\/2024\/08\/pandoo-wiederverwendbarer-kaffeefilter-scaled.jpg","contentUrl":"https:\/\/www.cultcaffe.at\/wp-content\/uploads\/2024\/08\/pandoo-wiederverwendbarer-kaffeefilter-scaled.jpg","width":2560,"height":2560},{"@type":"BreadcrumbList","@id":"https:\/\/www.cultcaffe.at\/produkt\/wiederverwendbarer-kaffeefilter-aus-edelstahl\/#breadcrumb","itemListElement":[{"@type":"ListItem","position":1,"name":"Startseite","item":"https:\/\/www.cultcaffe.at\/"},{"@type":"ListItem","position":2,"name":"Produkte","item":"https:\/\/www.cultcaffe.at\/shop\/"},{"@type":"ListItem","position":3,"name":"Wiederverwendbarer Kaffeefilter aus Edelstahl"}]},{"@type":"WebSite","@id":"https:\/\/www.cultcaffe.at\/#website","url":"https:\/\/www.cultcaffe.at\/","name":"CultCaff\u00e9 - pra\u017e\u00edrna bio k\u00e1vy","description":"L\u00e1ska ke k\u00e1v\u011b","publisher":{"@id":"https:\/\/www.cultcaffe.at\/#organization"},"potentialAction":[{"@type":"SearchAction","target":{"@type":"EntryPoint","urlTemplate":"https:\/\/www.cultcaffe.at\/?s={search_term_string}"},"query-input":{"@type":"PropertyValueSpecification","valueRequired":true,"valueName":"search_term_string"}}],"inLanguage":"cs"},{"@type":["Organization","Place"],"@id":"https:\/\/www.cultcaffe.at\/#organization","name":"CultCaff\u00e9 Coffee Roastery GmbH","alternateName":"CultCaff\u00e9","url":"https:\/\/www.cultcaffe.at\/","logo":{"@id":"https:\/\/www.cultcaffe.at\/produkt\/wiederverwendbarer-kaffeefilter-aus-edelstahl\/#local-main-organization-logo"},"image":{"@id":"https:\/\/www.cultcaffe.at\/produkt\/wiederverwendbarer-kaffeefilter-aus-edelstahl\/#local-main-organization-logo"},"sameAs":["https:\/\/www.facebook.com\/p\/Cult-Caff\u00e8-die-R\u00f6sterei-100039719724703\/?locale=de_DE","https:\/\/www.instagram.com\/cultcaffe.at\/"],"hasMerchantReturnPolicy":{"@type":"MerchantReturnPolicy","merchantReturnLink":"https:\/\/www.cultcaffe.at\/cs\/agbs\/"},"telephone":[],"openingHoursSpecification":[{"@type":"OpeningHoursSpecification","dayOfWeek":["Monday","Tuesday","Wednesday","Thursday","Friday","Saturday","Sunday"],"opens":"09:00","closes":"17:00"}]},{"@type":"ImageObject","inLanguage":"cs","@id":"https:\/\/www.cultcaffe.at\/produkt\/wiederverwendbarer-kaffeefilter-aus-edelstahl\/#local-main-organization-logo","url":"https:\/\/www.cultcaffe.at\/wp-content\/uploads\/2023\/11\/cultcaffe_logo_regular_dark-1.svg","contentUrl":"https:\/\/www.cultcaffe.at\/wp-content\/uploads\/2023\/11\/cultcaffe_logo_regular_dark-1.svg","width":756,"height":474,"caption":"CultCaff\u00e9 Kaffeer\u00f6sterei GmbH"}]},"product_price_amount":"13.00","product_price_currency":"EUR","og_availability":"instock","product_availability":"instock","product_condition":"new"},"_links":{"self":[{"href":"https:\/\/www.cultcaffe.at\/cs\/wp-json\/wp\/v2\/product\/15452","targetHints":{"allow":["GET"]}}],"collection":[{"href":"https:\/\/www.cultcaffe.at\/cs\/wp-json\/wp\/v2\/product"}],"about":[{"href":"https:\/\/www.cultcaffe.at\/cs\/wp-json\/wp\/v2\/types\/product"}],"wp:featuredmedia":[{"embeddable":true,"href":"https:\/\/www.cultcaffe.at\/cs\/wp-json\/wp\/v2\/media\/15453"}],"wp:attachment":[{"href":"https:\/\/www.cultcaffe.at\/cs\/wp-json\/wp\/v2\/media?parent=15452"}],"wp:term":[{"taxonomy":"product_brand","embeddable":true,"href":"https:\/\/www.cultcaffe.at\/cs\/wp-json\/wp\/v2\/product_brand?post=15452"},{"taxonomy":"product_cat","embeddable":true,"href":"https:\/\/www.cultcaffe.at\/cs\/wp-json\/wp\/v2\/product_cat?post=15452"},{"taxonomy":"product_tag","embeddable":true,"href":"https:\/\/www.cultcaffe.at\/cs\/wp-json\/wp\/v2\/product_tag?post=15452"}],"curies":[{"name":"wp","href":"https:\/\/api.w.org\/{rel}","templated":true}]}}