{"id":14200,"date":"2024-03-06T20:03:04","date_gmt":"2024-03-06T19:03:04","guid":{"rendered":"https:\/\/www.cultcaffe.at\/?post_type=product&#038;p=14200"},"modified":"2026-03-30T09:26:15","modified_gmt":"2026-03-30T07:26:15","slug":"deodorant-do-podpazi-50g","status":"publish","type":"product","link":"https:\/\/www.cultcaffe.at\/cs\/produkt\/achselkuss-deo-50g\/","title":{"rendered":"Deodorant Ampit Kiss 50g"},"content":{"rendered":"<div class=\"feature-item col-lg-3 col-sm-6 wow slideInUp\">\n<p><strong>P\u0158IROZEN\u011a<br \/>\n<\/strong>ACHSELKUSS je ru\u010dn\u011b vyr\u00e1b\u011bn v Rakousku s maxim\u00e1ln\u00ed p\u00e9\u010d\u00ed z vybran\u00fdch surovin a \u010dist\u00fdch p\u0159\u00edrodn\u00edch esenci\u00e1ln\u00edch olej\u016f.<br \/>\nNepou\u017e\u00edvaj\u00ed se syntetick\u00e9 vonn\u00e9 l\u00e1tky a konzerva\u010dn\u00ed l\u00e1tky, ropn\u00e9 produkty, parabeny, silikony, palmov\u00fd tuk ani hlinit\u00e9 soli.<\/p>\n<\/div>\n<div class=\"feature-item col-lg-3 col-sm-6 wow slideInUp\">\n<p><strong>VYSOCE \u00da\u010cINN\u00c9<\/strong><br \/>\n\u0160pi\u010dka prstu deodorantn\u00edho kr\u00e9mu ACHSELKUSS sta\u010d\u00ed k zaji\u0161t\u011bn\u00ed spolehliv\u00e9 a bezpe\u010dn\u00e9 ochrany p\u0159ed ne\u017e\u00e1douc\u00edm pachem, ani\u017e by br\u00e1nila p\u0159irozen\u00e9mu pocen\u00ed. Bu\u010fte bez z\u00e1pachu po dobu alespo\u0148 12 hodin s\u00a0s\u00edlou p\u0159\u00edrody.<\/p>\n<\/div>\n<div class=\"feature-item col-lg-3 col-sm-6 wow slideInUp\">\n<div class=\"feature-media\"><strong>VEGANSK\u00c9<\/strong><\/div>\n<\/div>\n<div class=\"feature-item col-lg-3 col-sm-6 wow slideInUp\">\n<div class=\"feature-item-content\">\n<p>ACHSELKUSS je vegansk\u00fd deodorant. Nepou\u017e\u00edvaj\u00ed se \u017e\u00e1dn\u00e9 produkty vyroben\u00e9 ze surovin \u017eivo\u010di\u0161n\u00e9ho p\u016fvodu.<br \/>\nDeodorantn\u00ed kr\u00e9m ani jeho slo\u017eky samoz\u0159ejm\u011b nebyly testov\u00e1ny na zv\u00ed\u0159atech.<\/p>\n<\/div>\n<p>50g plechovka<\/p>\n<p>R\u016fzn\u00e9 v\u016fn\u011b<\/p>\n<\/div>","protected":false},"excerpt":{"rendered":"<p>NAT\u00dcRLICH ACHSELKUSS wird mit gr\u00f6\u00dfter Sorgfalt aus erlesenen Rohstoffen und naturreinen \u00e4therischen \u00d6len in Handarbeit in \u00d6sterreich hergestellt. Auf synthetische Duft- und Konservierungsstoffe, Erd\u00f6lprodukte, Parabene, Silikone, Palmfett oder Aluminiumsalze wird verzichtet. HOCHWIRKSAM Eine Fingerspitze ACHSELKUSS Deocreme reicht aus, um zuverl\u00e4ssig und sicher vor unerw\u00fcnschter Geruchsbildung gesch\u00fctzt zu sein, ohne die nat\u00fcrliche Schwei\u00dfbildung zu verhindern. Mit [&hellip;]<\/p>\n","protected":false},"featured_media":14230,"template":"","meta":{"inline_featured_image":false},"product_brand":[],"product_cat":[211,214],"product_tag":[145,61,144,134,139,130],"class_list":{"0":"post-14200","1":"product","2":"type-product","3":"status-publish","4":"has-post-thumbnail","6":"product_cat-geschenkideen","7":"product_cat-kaffeeseife-achselkuss-deo","8":"product_tag-achselkuss","9":"product_tag-cultcaffe","10":"product_tag-deo","11":"product_tag-geschenke","12":"product_tag-geschenkidee","13":"product_tag-weihnachten","15":"first","16":"instock","17":"taxable","18":"shipping-taxable","19":"purchasable","20":"product-type-variable","21":"has-default-attributes"},"yoast_head":"<!-- This site is optimized with the Yoast SEO plugin v27.6 - https:\/\/yoast.com\/product\/yoast-seo-wordpress\/ -->\n<title>Achselkuss Deo 50g - CultCaff\u00e9 - die Bio Kaffee R\u00f6sterei<\/title>\n<meta name=\"robots\" content=\"index, follow, max-snippet:-1, max-image-preview:large, max-video-preview:-1\" \/>\n<link rel=\"canonical\" href=\"https:\/\/www.cultcaffe.at\/cs\/produkt\/deodorant-do-podpazi-50g\/\" \/>\n<meta property=\"og:locale\" content=\"cs_CZ\" \/>\n<meta property=\"og:type\" content=\"article\" \/>\n<meta property=\"og:title\" content=\"Achselkuss Deo 50g - CultCaff\u00e9 - die Bio Kaffee R\u00f6sterei\" \/>\n<meta property=\"og:description\" content=\"NAT\u00dcRLICH ACHSELKUSS wird mit gr\u00f6\u00dfter Sorgfalt aus erlesenen Rohstoffen und naturreinen \u00e4therischen \u00d6len in Handarbeit in \u00d6sterreich hergestellt. Auf synthetische Duft- und Konservierungsstoffe, Erd\u00f6lprodukte, Parabene, Silikone, Palmfett oder Aluminiumsalze wird verzichtet. HOCHWIRKSAM Eine Fingerspitze ACHSELKUSS Deocreme reicht aus, um zuverl\u00e4ssig und sicher vor unerw\u00fcnschter Geruchsbildung gesch\u00fctzt zu sein, ohne die nat\u00fcrliche Schwei\u00dfbildung zu verhindern. Mit [&hellip;]\" \/>\n<meta property=\"og:url\" content=\"https:\/\/www.cultcaffe.at\/cs\/produkt\/deodorant-do-podpazi-50g\/\" \/>\n<meta property=\"og:site_name\" content=\"CultCaff\u00e9 - die Bio Kaffee R\u00f6sterei\" \/>\n<meta property=\"article:publisher\" content=\"https:\/\/www.facebook.com\/p\/Cult-Caff%c3%a8-die-R%c3%b6sterei-100039719724703\/?locale=de_DE\" \/>\n<meta property=\"article:modified_time\" content=\"2026-03-30T07:26:15+00:00\" \/>\n<meta property=\"og:image\" content=\"https:\/\/www.cultcaffe.at\/wp-content\/uploads\/2024\/03\/ACHSELKUSS-Deocreme-Rose-neu-offen-1.jpg\" \/>\n\t<meta property=\"og:image:width\" content=\"2051\" \/>\n\t<meta property=\"og:image:height\" content=\"2051\" \/>\n\t<meta property=\"og:image:type\" content=\"image\/jpeg\" \/>\n<meta name=\"twitter:card\" content=\"summary_large_image\" \/>\n<meta name=\"twitter:label1\" content=\"Dostupnost\" \/>\n\t<meta name=\"twitter:data1\" content=\"Skladem\" \/>\n<script type=\"application\/ld+json\" class=\"yoast-schema-graph\">{\"@context\":\"https:\\\/\\\/schema.org\",\"@graph\":[{\"@type\":\"WebPage\",\"@id\":\"https:\\\/\\\/www.cultcaffe.at\\\/produkt\\\/achselkuss-deo-50g\\\/\",\"url\":\"https:\\\/\\\/www.cultcaffe.at\\\/produkt\\\/achselkuss-deo-50g\\\/\",\"name\":\"Achselkuss Deo 50g - CultCaff\u00e9 - die Bio Kaffee R\u00f6sterei\",\"isPartOf\":{\"@id\":\"https:\\\/\\\/www.cultcaffe.at\\\/#website\"},\"primaryImageOfPage\":{\"@id\":\"https:\\\/\\\/www.cultcaffe.at\\\/produkt\\\/achselkuss-deo-50g\\\/#primaryimage\"},\"image\":{\"@id\":\"https:\\\/\\\/www.cultcaffe.at\\\/produkt\\\/achselkuss-deo-50g\\\/#primaryimage\"},\"thumbnailUrl\":\"https:\\\/\\\/www.cultcaffe.at\\\/wp-content\\\/uploads\\\/2024\\\/03\\\/ACHSELKUSS-Deocreme-Rose-neu-offen-1.jpg\",\"datePublished\":\"2024-03-06T19:03:04+00:00\",\"dateModified\":\"2026-03-30T07:26:15+00:00\",\"breadcrumb\":{\"@id\":\"https:\\\/\\\/www.cultcaffe.at\\\/produkt\\\/achselkuss-deo-50g\\\/#breadcrumb\"},\"inLanguage\":\"cs\",\"potentialAction\":[{\"@type\":\"ReadAction\",\"target\":[\"https:\\\/\\\/www.cultcaffe.at\\\/produkt\\\/achselkuss-deo-50g\\\/\"]}]},{\"@type\":\"ImageObject\",\"inLanguage\":\"cs\",\"@id\":\"https:\\\/\\\/www.cultcaffe.at\\\/produkt\\\/achselkuss-deo-50g\\\/#primaryimage\",\"url\":\"https:\\\/\\\/www.cultcaffe.at\\\/wp-content\\\/uploads\\\/2024\\\/03\\\/ACHSELKUSS-Deocreme-Rose-neu-offen-1.jpg\",\"contentUrl\":\"https:\\\/\\\/www.cultcaffe.at\\\/wp-content\\\/uploads\\\/2024\\\/03\\\/ACHSELKUSS-Deocreme-Rose-neu-offen-1.jpg\",\"width\":2051,\"height\":2051},{\"@type\":\"BreadcrumbList\",\"@id\":\"https:\\\/\\\/www.cultcaffe.at\\\/produkt\\\/achselkuss-deo-50g\\\/#breadcrumb\",\"itemListElement\":[{\"@type\":\"ListItem\",\"position\":1,\"name\":\"Startseite\",\"item\":\"https:\\\/\\\/www.cultcaffe.at\\\/\"},{\"@type\":\"ListItem\",\"position\":2,\"name\":\"Produkte\",\"item\":\"https:\\\/\\\/www.cultcaffe.at\\\/shop\\\/\"},{\"@type\":\"ListItem\",\"position\":3,\"name\":\"Achselkuss Deo 50g\"}]},{\"@type\":\"WebSite\",\"@id\":\"https:\\\/\\\/www.cultcaffe.at\\\/#website\",\"url\":\"https:\\\/\\\/www.cultcaffe.at\\\/\",\"name\":\"CultCaff\u00e9 - die Bio Kaffee R\u00f6sterei\",\"description\":\"Liebe zum Kaffee\",\"publisher\":{\"@id\":\"https:\\\/\\\/www.cultcaffe.at\\\/#organization\"},\"potentialAction\":[{\"@type\":\"SearchAction\",\"target\":{\"@type\":\"EntryPoint\",\"urlTemplate\":\"https:\\\/\\\/www.cultcaffe.at\\\/?s={search_term_string}\"},\"query-input\":{\"@type\":\"PropertyValueSpecification\",\"valueRequired\":true,\"valueName\":\"search_term_string\"}}],\"inLanguage\":\"cs\"},{\"@type\":[\"Organization\",\"Place\"],\"@id\":\"https:\\\/\\\/www.cultcaffe.at\\\/#organization\",\"name\":\"CultCaff\u00e9 Kaffeer\u00f6sterei GmbH\",\"alternateName\":\"CultCaff\u00e9\",\"url\":\"https:\\\/\\\/www.cultcaffe.at\\\/\",\"logo\":{\"@id\":\"https:\\\/\\\/www.cultcaffe.at\\\/produkt\\\/achselkuss-deo-50g\\\/#local-main-organization-logo\"},\"image\":{\"@id\":\"https:\\\/\\\/www.cultcaffe.at\\\/produkt\\\/achselkuss-deo-50g\\\/#local-main-organization-logo\"},\"sameAs\":[\"https:\\\/\\\/www.facebook.com\\\/p\\\/Cult-Caff\u00e8-die-R\u00f6sterei-100039719724703\\\/?locale=de_DE\",\"https:\\\/\\\/www.instagram.com\\\/cultcaffe.at\\\/\"],\"hasMerchantReturnPolicy\":{\"@type\":\"MerchantReturnPolicy\",\"merchantReturnLink\":\"https:\\\/\\\/www.cultcaffe.at\\\/cs\\\/agbs\\\/\"},\"telephone\":[],\"openingHoursSpecification\":[{\"@type\":\"OpeningHoursSpecification\",\"dayOfWeek\":[\"Monday\",\"Tuesday\",\"Wednesday\",\"Thursday\",\"Friday\",\"Saturday\",\"Sunday\"],\"opens\":\"09:00\",\"closes\":\"17:00\"}]},{\"@type\":\"ImageObject\",\"inLanguage\":\"cs\",\"@id\":\"https:\\\/\\\/www.cultcaffe.at\\\/produkt\\\/achselkuss-deo-50g\\\/#local-main-organization-logo\",\"url\":\"https:\\\/\\\/www.cultcaffe.at\\\/wp-content\\\/uploads\\\/2023\\\/11\\\/cultcaffe_logo_regular_dark-1.svg\",\"contentUrl\":\"https:\\\/\\\/www.cultcaffe.at\\\/wp-content\\\/uploads\\\/2023\\\/11\\\/cultcaffe_logo_regular_dark-1.svg\",\"width\":756,\"height\":474,\"caption\":\"CultCaff\u00e9 Kaffeer\u00f6sterei GmbH\"}]}<\/script>\n<meta property=\"og:availability\" content=\"instock\" \/>\n<meta property=\"product:availability\" content=\"instock\" \/>\n<meta property=\"product:condition\" content=\"new\" \/>\n<!-- \/ Yoast SEO plugin. -->","yoast_head_json":{"title":"Achselkuss Deo 50g - CultCaff\u00e9 - pra\u017e\u00edrna bio k\u00e1vy","robots":{"index":"index","follow":"follow","max-snippet":"max-snippet:-1","max-image-preview":"max-image-preview:large","max-video-preview":"max-video-preview:-1"},"canonical":"https:\/\/www.cultcaffe.at\/cs\/produkt\/deodorant-do-podpazi-50g\/","og_locale":"cs_CZ","og_type":"article","og_title":"Achselkuss Deo 50g - CultCaff\u00e9 - die Bio Kaffee R\u00f6sterei","og_description":"NAT\u00dcRLICH ACHSELKUSS wird mit gr\u00f6\u00dfter Sorgfalt aus erlesenen Rohstoffen und naturreinen \u00e4therischen \u00d6len in Handarbeit in \u00d6sterreich hergestellt. Auf synthetische Duft- und Konservierungsstoffe, Erd\u00f6lprodukte, Parabene, Silikone, Palmfett oder Aluminiumsalze wird verzichtet. HOCHWIRKSAM Eine Fingerspitze ACHSELKUSS Deocreme reicht aus, um zuverl\u00e4ssig und sicher vor unerw\u00fcnschter Geruchsbildung gesch\u00fctzt zu sein, ohne die nat\u00fcrliche Schwei\u00dfbildung zu verhindern. Mit [&hellip;]","og_url":"https:\/\/www.cultcaffe.at\/cs\/produkt\/deodorant-do-podpazi-50g\/","og_site_name":"CultCaff\u00e9 - die Bio Kaffee R\u00f6sterei","article_publisher":"https:\/\/www.facebook.com\/p\/Cult-Caff%c3%a8-die-R%c3%b6sterei-100039719724703\/?locale=de_DE","article_modified_time":"2026-03-30T07:26:15+00:00","og_image":[{"width":2051,"height":2051,"url":"https:\/\/www.cultcaffe.at\/wp-content\/uploads\/2024\/03\/ACHSELKUSS-Deocreme-Rose-neu-offen-1.jpg","type":"image\/jpeg"}],"twitter_card":"summary_large_image","twitter_misc":{"Dostupnost":"Skladem"},"schema":{"@context":"https:\/\/schema.org","@graph":[{"@type":"WebPage","@id":"https:\/\/www.cultcaffe.at\/produkt\/achselkuss-deo-50g\/","url":"https:\/\/www.cultcaffe.at\/produkt\/achselkuss-deo-50g\/","name":"Achselkuss Deo 50g - CultCaff\u00e9 - pra\u017e\u00edrna bio k\u00e1vy","isPartOf":{"@id":"https:\/\/www.cultcaffe.at\/#website"},"primaryImageOfPage":{"@id":"https:\/\/www.cultcaffe.at\/produkt\/achselkuss-deo-50g\/#primaryimage"},"image":{"@id":"https:\/\/www.cultcaffe.at\/produkt\/achselkuss-deo-50g\/#primaryimage"},"thumbnailUrl":"https:\/\/www.cultcaffe.at\/wp-content\/uploads\/2024\/03\/ACHSELKUSS-Deocreme-Rose-neu-offen-1.jpg","datePublished":"2024-03-06T19:03:04+00:00","dateModified":"2026-03-30T07:26:15+00:00","breadcrumb":{"@id":"https:\/\/www.cultcaffe.at\/produkt\/achselkuss-deo-50g\/#breadcrumb"},"inLanguage":"cs","potentialAction":[{"@type":"ReadAction","target":["https:\/\/www.cultcaffe.at\/produkt\/achselkuss-deo-50g\/"]}]},{"@type":"ImageObject","inLanguage":"cs","@id":"https:\/\/www.cultcaffe.at\/produkt\/achselkuss-deo-50g\/#primaryimage","url":"https:\/\/www.cultcaffe.at\/wp-content\/uploads\/2024\/03\/ACHSELKUSS-Deocreme-Rose-neu-offen-1.jpg","contentUrl":"https:\/\/www.cultcaffe.at\/wp-content\/uploads\/2024\/03\/ACHSELKUSS-Deocreme-Rose-neu-offen-1.jpg","width":2051,"height":2051},{"@type":"BreadcrumbList","@id":"https:\/\/www.cultcaffe.at\/produkt\/achselkuss-deo-50g\/#breadcrumb","itemListElement":[{"@type":"ListItem","position":1,"name":"Startseite","item":"https:\/\/www.cultcaffe.at\/"},{"@type":"ListItem","position":2,"name":"Produkte","item":"https:\/\/www.cultcaffe.at\/shop\/"},{"@type":"ListItem","position":3,"name":"Achselkuss Deo 50g"}]},{"@type":"WebSite","@id":"https:\/\/www.cultcaffe.at\/#website","url":"https:\/\/www.cultcaffe.at\/","name":"CultCaff\u00e9 - pra\u017e\u00edrna bio k\u00e1vy","description":"L\u00e1ska ke k\u00e1v\u011b","publisher":{"@id":"https:\/\/www.cultcaffe.at\/#organization"},"potentialAction":[{"@type":"SearchAction","target":{"@type":"EntryPoint","urlTemplate":"https:\/\/www.cultcaffe.at\/?s={search_term_string}"},"query-input":{"@type":"PropertyValueSpecification","valueRequired":true,"valueName":"search_term_string"}}],"inLanguage":"cs"},{"@type":["Organization","Place"],"@id":"https:\/\/www.cultcaffe.at\/#organization","name":"CultCaff\u00e9 Coffee Roastery GmbH","alternateName":"CultCaff\u00e9","url":"https:\/\/www.cultcaffe.at\/","logo":{"@id":"https:\/\/www.cultcaffe.at\/produkt\/achselkuss-deo-50g\/#local-main-organization-logo"},"image":{"@id":"https:\/\/www.cultcaffe.at\/produkt\/achselkuss-deo-50g\/#local-main-organization-logo"},"sameAs":["https:\/\/www.facebook.com\/p\/Cult-Caff\u00e8-die-R\u00f6sterei-100039719724703\/?locale=de_DE","https:\/\/www.instagram.com\/cultcaffe.at\/"],"hasMerchantReturnPolicy":{"@type":"MerchantReturnPolicy","merchantReturnLink":"https:\/\/www.cultcaffe.at\/cs\/agbs\/"},"telephone":[],"openingHoursSpecification":[{"@type":"OpeningHoursSpecification","dayOfWeek":["Monday","Tuesday","Wednesday","Thursday","Friday","Saturday","Sunday"],"opens":"09:00","closes":"17:00"}]},{"@type":"ImageObject","inLanguage":"cs","@id":"https:\/\/www.cultcaffe.at\/produkt\/achselkuss-deo-50g\/#local-main-organization-logo","url":"https:\/\/www.cultcaffe.at\/wp-content\/uploads\/2023\/11\/cultcaffe_logo_regular_dark-1.svg","contentUrl":"https:\/\/www.cultcaffe.at\/wp-content\/uploads\/2023\/11\/cultcaffe_logo_regular_dark-1.svg","width":756,"height":474,"caption":"CultCaff\u00e9 Kaffeer\u00f6sterei GmbH"}]},"og_availability":"instock","product_availability":"instock","product_condition":"new"},"_links":{"self":[{"href":"https:\/\/www.cultcaffe.at\/cs\/wp-json\/wp\/v2\/product\/14200","targetHints":{"allow":["GET"]}}],"collection":[{"href":"https:\/\/www.cultcaffe.at\/cs\/wp-json\/wp\/v2\/product"}],"about":[{"href":"https:\/\/www.cultcaffe.at\/cs\/wp-json\/wp\/v2\/types\/product"}],"wp:featuredmedia":[{"embeddable":true,"href":"https:\/\/www.cultcaffe.at\/cs\/wp-json\/wp\/v2\/media\/14230"}],"wp:attachment":[{"href":"https:\/\/www.cultcaffe.at\/cs\/wp-json\/wp\/v2\/media?parent=14200"}],"wp:term":[{"taxonomy":"product_brand","embeddable":true,"href":"https:\/\/www.cultcaffe.at\/cs\/wp-json\/wp\/v2\/product_brand?post=14200"},{"taxonomy":"product_cat","embeddable":true,"href":"https:\/\/www.cultcaffe.at\/cs\/wp-json\/wp\/v2\/product_cat?post=14200"},{"taxonomy":"product_tag","embeddable":true,"href":"https:\/\/www.cultcaffe.at\/cs\/wp-json\/wp\/v2\/product_tag?post=14200"}],"curies":[{"name":"wp","href":"https:\/\/api.w.org\/{rel}","templated":true}]}}