{"id":14198,"date":"2024-03-06T20:03:04","date_gmt":"2024-03-06T19:03:04","guid":{"rendered":"https:\/\/www.cultcaffe.at\/?post_type=product&#038;p=14198"},"modified":"2025-02-25T11:53:11","modified_gmt":"2025-02-25T10:53:11","slug":"becks-kakao-na-piti-cokolada-red-spirit-bio-250g-plechovka-2-ks","status":"publish","type":"product","link":"https:\/\/www.cultcaffe.at\/cs\/produkt\/becks-cocoa-trinkschokolade-red-spirit-bio-250g-dose-2\/","title":{"rendered":"Becks Cocoa \u2013 Pitn\u00e1 \u010dokol\u00e1da \u201eRed Spirit\u201c Bio 250g AKCE!"},"content":{"rendered":"<p><span class=\"red\" style=\"color: #ff0000 !important;\"><strong>! AKCE: Plat\u00ed do \u0159\u00edjna (17.10.24) \u2013 Zbo\u017e\u00ed v po\u0159\u00e1dku! <\/strong><\/span><\/p>\n<p><strong>Z\u00c1\u0158E! \u2013 Z\u00c1\u0158\u00cd! \u2013 ROZPL\u00ddVAJ\u00cdC\u00cd SE KAKAO!<\/strong><\/p>\n<section class=\"av_textblock_section av-l2yli1fs-2804ee444465821757f7fb26a5e49f29\">KAKAO, pokrm boh\u016f May\u016f a Azt\u00e9k\u016f! V\u00cdNO, n\u00e1poj boh\u016f star\u00fdch \u0158ek\u016f a \u0158\u00edman\u016f, zasv\u011bcen\u00fd bo\u017estv\u016fm Dion\u00fdsovi a Bakchovi, radosti, plodnosti a ext\u00e1zi! Jemn\u011b vyv\u00e1\u017een\u00e9 exotick\u00e9 ko\u0159en\u00ed, jako je sko\u0159ice, pomeran\u010d, z\u00e1zvor, kardamom a h\u0159eb\u00ed\u010dek.\u00a0<strong>Sva\u0159en\u00e9 kakao Red Spirit<\/strong>\u00a0je nejnov\u011bj\u0161\u00ed v\u00fdtvor od Becks Cocoa\u2122: jemn\u011b ho\u0159k\u00fd, jemn\u011b sladk\u00fd, pln\u00fd \u010dokol\u00e1dy.<\/p>\n<p>V kakau se nach\u00e1z\u00ed asi 1100 aromat a ve v\u00edn\u011b kolem 900. \u010cerven\u00e9 v\u00edno a ko\u0159en\u00ed maj\u00ed dlouhou zimn\u00ed tradici kombinov\u00e1n\u00ed a vznik\u00e1 tak lahodn\u00e9 sva\u0159en\u00e9 v\u00edno, kter\u00e9 se pije po cel\u00e9 Evrop\u011b. \u010cerven\u00e9 v\u00edno a \u010dokol\u00e1da jsou dal\u0161\u00ed skv\u011blou chu\u0165ovou kombinac\u00ed. Ob\u011b vl\u00e1kna pot\u011b\u0161en\u00ed jsme propojili s Red Spirit a toto n\u00e1dhern\u00e9 trio jsme protkali do zcela nov\u00e9ho kakaov\u00e9ho pot\u011b\u0161en\u00ed! Tato odr\u016fda je samoz\u0159ejm\u011b tak\u00e9 elegantn\u011b a udr\u017eiteln\u011b balena v recyklovateln\u00e9 plechovce.<\/p>\n<p>Slo\u017een\u00ed:<br \/>\nSlo\u017een\u00ed: Kakao, t\u0159tinov\u00fd cukr, pr\u00e1\u0161ek z \u010derven\u00e9ho v\u00edna (obsahuje si\u0159i\u010ditany), p\u0159\u00edrodn\u00ed pomeran\u010dov\u00e9 aroma, sko\u0159ice, z\u00e1zvor, h\u0159eb\u00ed\u010dek, kardamom, mo\u0159sk\u00e1 s\u016fl.<\/p>\n<p>250g plechovka<\/p>\n<\/section>","protected":false},"excerpt":{"rendered":"<div>\n<div class=\"av-special-heading av-l2ykyvkk-c1fa1c9a75171c6febfe8d53133060d0 av-special-heading-h2 custom-color-heading blockquote modern-quote avia-builder-el-12 el_before_av_textblock avia-builder-el-first av-thin-font\">\n<div class=\"av_custom_color av-subheading av-subheading_below\">\n<p><span style=\"color: #ff0000;\"><strong>! AKCE: Plat\u00ed do \u0159\u00edjna \u2013 zbo\u017e\u00ed v po\u0159\u00e1dku!<\/strong><\/span><\/p>\n<p><strong>Z\u00c1\u0158E! \u2013 Z\u00c1\u0158\u00cd! \u2013 ROZPL\u00ddVAJ\u00cdC\u00cd SE KAKAO!<\/strong><\/p>\n<\/div>\n<\/div>\n<section class=\"av_textblock_section av-l2yli1fs-2804ee444465821757f7fb26a5e49f29\">\n<div class=\"avia_textblock\">\n<p>KAKAO, pokrm boh\u016f May\u016f a Azt\u00e9k\u016f! V\u00cdNO, n\u00e1poj boh\u016f star\u00fdch \u0158ek\u016f a \u0158\u00edman\u016f, zasv\u011bcen\u00fd bo\u017estv\u016fm Dion\u00fdsovi a Bakchovi, radosti, plodnosti a ext\u00e1zi! Plus jemn\u011b vyv\u00e1\u017een\u00e9 exotick\u00e9 ko\u0159en\u00ed, jako je sko\u0159ice, pomeran\u010d, z\u00e1zvor, kardamom a h\u0159eb\u00ed\u010dek.<\/p>\n<p>Ten\/Ta\/To\u00a0<strong>Sva\u0159en\u00e9 kakao Red Spirit<\/strong>\u00a0je nejnov\u011bj\u0161\u00ed v\u00fdtvor od Becks Cocoa\u2122: jemn\u011b ho\u0159k\u00fd, jemn\u011b sladk\u00fd, pln\u00fd \u010dokol\u00e1dy.<\/p>\n<p>V kakau se nach\u00e1z\u00ed asi 1100 aromat a ve v\u00edn\u011b kolem 900. \u010cerven\u00e9 v\u00edno a ko\u0159en\u00ed maj\u00ed dlouhou zimn\u00ed tradici kombinov\u00e1n\u00ed a vznik\u00e1 tak lahodn\u00e9 sva\u0159en\u00e9 v\u00edno, kter\u00e9 se pije po cel\u00e9 Evrop\u011b. \u010cerven\u00e9 v\u00edno a \u010dokol\u00e1da jsou dal\u0161\u00ed skv\u011blou chu\u0165ovou kombinac\u00ed. Ob\u011b vl\u00e1kna pot\u011b\u0161en\u00ed jsme propojili s Red Spirit a toto n\u00e1dhern\u00e9 trio jsme protkali do zcela nov\u00e9ho kakaov\u00e9ho pot\u011b\u0161en\u00ed! Tato odr\u016fda je samoz\u0159ejm\u011b tak\u00e9 elegantn\u011b a udr\u017eiteln\u011b balena v recyklovateln\u00e9 plechovce.<\/p>\n<p>250g plechovka<\/p>\n<\/div>\n<\/section>\n<\/div>","protected":false},"featured_media":14228,"template":"","meta":{"inline_featured_image":false},"product_brand":[],"product_cat":[205,211],"product_tag":[102,101,95,74,142,75],"class_list":{"0":"post-14198","1":"product","2":"type-product","3":"status-publish","4":"has-post-thumbnail","6":"product_cat-trinkschokolade","7":"product_cat-geschenkideen","8":"product_tag-becks","9":"product_tag-cocoa","10":"product_tag-geschenk","11":"product_tag-kakao","12":"product_tag-red-spirit","13":"product_tag-trinkschokolade","15":"first","16":"instock","17":"sale","18":"taxable","19":"shipping-taxable","20":"purchasable","21":"product-type-simple"},"yoast_head":"<!-- This site is optimized with the Yoast SEO plugin v27.4 - https:\/\/yoast.com\/product\/yoast-seo-wordpress\/ -->\n<title>Becks Cocoa - Trinkschokolade &quot;Red Spirit&quot; Bio 250g AKTION! - CultCaff\u00e9 - die Bio Kaffee R\u00f6sterei<\/title>\n<meta name=\"robots\" content=\"index, follow, max-snippet:-1, max-image-preview:large, max-video-preview:-1\" \/>\n<link rel=\"canonical\" href=\"https:\/\/www.cultcaffe.at\/cs\/produkt\/becks-kakao-na-piti-cokolada-red-spirit-bio-250g-plechovka-2-ks\/\" \/>\n<meta property=\"og:locale\" content=\"cs_CZ\" \/>\n<meta property=\"og:type\" content=\"article\" \/>\n<meta property=\"og:title\" content=\"Becks Cocoa - Trinkschokolade &quot;Red Spirit&quot; Bio 250g AKTION! - CultCaff\u00e9 - die Bio Kaffee R\u00f6sterei\" \/>\n<meta property=\"og:description\" content=\"! AKTION: Ablauf im Oktober \u2013 Ware in Ordnung!  GL\u00dcH! \u2013 GL\u00dcH! \u2013 GL\u00dcH-KAKAO!       KAKAO, Speise der G\u00f6tter bei den Maya und Azteken! WEIN, G\u00f6ttertrunk der antiken Griechen und R\u00f6mer, geweiht den Gottheiten Dionysos und Bacchus, der Freude, Fruchtbarkeit und Ekstase! Dazu fein abgestimmte exotische GEW\u00dcRZE wie Zimt, Orange, Ingwer, Kardamom und Nelken.  Der\u00a0Red Spirit Gl\u00fchkakao\u00a0ist die neueste Kreation aus dem Hause Becks Cocoa\u2122: fein herb, fein s\u00fc\u00df, voll schokoladig.  Etwa 1.100 Aromen wirken im Kakao, rund 900 sind es im Wein. Rotwein und Gew\u00fcrze haben sich in langer Wintertradition im europaweit getrunkenen Gl\u00fchwein k\u00f6stlich vereint. Rotwein und Schokolade sind ein weiteres grandioses Aromenpaar. Beide Genussf\u00e4den nehmen wir im Red Spirit auf, weben aus diesem prachtvollen Trio einen ganz neuen Kakaogenuss! Nat\u00fcrlich ist auch diese Sorte in der recyclebaren Blechdose edel und nachhaltig verpackt.  250g Dose\" \/>\n<meta property=\"og:url\" content=\"https:\/\/www.cultcaffe.at\/cs\/produkt\/becks-kakao-na-piti-cokolada-red-spirit-bio-250g-plechovka-2-ks\/\" \/>\n<meta property=\"og:site_name\" content=\"CultCaff\u00e9 - die Bio Kaffee R\u00f6sterei\" \/>\n<meta property=\"article:publisher\" content=\"https:\/\/www.facebook.com\/p\/Cult-Caff%c3%a8-die-R%c3%b6sterei-100039719724703\/?locale=de_DE\" \/>\n<meta property=\"article:modified_time\" content=\"2025-02-25T10:53:11+00:00\" \/>\n<meta property=\"og:image\" content=\"https:\/\/www.cultcaffe.at\/wp-content\/uploads\/2024\/03\/Becks-Cocoa-Red-Spirit.jpg\" \/>\n\t<meta property=\"og:image:width\" content=\"676\" \/>\n\t<meta property=\"og:image:height\" content=\"671\" \/>\n\t<meta property=\"og:image:type\" content=\"image\/jpeg\" \/>\n<meta name=\"twitter:card\" content=\"summary_large_image\" \/>\n<meta name=\"twitter:label1\" content=\"Cena\" \/>\n\t<meta name=\"twitter:data1\" content=\"&euro;&nbsp;5,00\" \/>\n\t<meta name=\"twitter:label2\" content=\"Dostupnost\" \/>\n\t<meta name=\"twitter:data2\" content=\"Skladem\" \/>\n<script type=\"application\/ld+json\" class=\"yoast-schema-graph\">{\"@context\":\"https:\\\/\\\/schema.org\",\"@graph\":[{\"@type\":\"WebPage\",\"@id\":\"https:\\\/\\\/www.cultcaffe.at\\\/produkt\\\/becks-cocoa-trinkschokolade-red-spirit-bio-250g-dose-2\\\/\",\"url\":\"https:\\\/\\\/www.cultcaffe.at\\\/produkt\\\/becks-cocoa-trinkschokolade-red-spirit-bio-250g-dose-2\\\/\",\"name\":\"Becks Cocoa - Trinkschokolade \\\"Red Spirit\\\" Bio 250g AKTION! - CultCaff\u00e9 - die Bio Kaffee R\u00f6sterei\",\"isPartOf\":{\"@id\":\"https:\\\/\\\/www.cultcaffe.at\\\/#website\"},\"primaryImageOfPage\":{\"@id\":\"https:\\\/\\\/www.cultcaffe.at\\\/produkt\\\/becks-cocoa-trinkschokolade-red-spirit-bio-250g-dose-2\\\/#primaryimage\"},\"image\":{\"@id\":\"https:\\\/\\\/www.cultcaffe.at\\\/produkt\\\/becks-cocoa-trinkschokolade-red-spirit-bio-250g-dose-2\\\/#primaryimage\"},\"thumbnailUrl\":\"https:\\\/\\\/www.cultcaffe.at\\\/wp-content\\\/uploads\\\/2024\\\/03\\\/Becks-Cocoa-Red-Spirit.jpg\",\"datePublished\":\"2024-03-06T19:03:04+00:00\",\"dateModified\":\"2025-02-25T10:53:11+00:00\",\"breadcrumb\":{\"@id\":\"https:\\\/\\\/www.cultcaffe.at\\\/produkt\\\/becks-cocoa-trinkschokolade-red-spirit-bio-250g-dose-2\\\/#breadcrumb\"},\"inLanguage\":\"cs\",\"potentialAction\":[{\"@type\":\"ReadAction\",\"target\":[\"https:\\\/\\\/www.cultcaffe.at\\\/produkt\\\/becks-cocoa-trinkschokolade-red-spirit-bio-250g-dose-2\\\/\"]}]},{\"@type\":\"ImageObject\",\"inLanguage\":\"cs\",\"@id\":\"https:\\\/\\\/www.cultcaffe.at\\\/produkt\\\/becks-cocoa-trinkschokolade-red-spirit-bio-250g-dose-2\\\/#primaryimage\",\"url\":\"https:\\\/\\\/www.cultcaffe.at\\\/wp-content\\\/uploads\\\/2024\\\/03\\\/Becks-Cocoa-Red-Spirit.jpg\",\"contentUrl\":\"https:\\\/\\\/www.cultcaffe.at\\\/wp-content\\\/uploads\\\/2024\\\/03\\\/Becks-Cocoa-Red-Spirit.jpg\",\"width\":676,\"height\":671},{\"@type\":\"BreadcrumbList\",\"@id\":\"https:\\\/\\\/www.cultcaffe.at\\\/produkt\\\/becks-cocoa-trinkschokolade-red-spirit-bio-250g-dose-2\\\/#breadcrumb\",\"itemListElement\":[{\"@type\":\"ListItem\",\"position\":1,\"name\":\"Startseite\",\"item\":\"https:\\\/\\\/www.cultcaffe.at\\\/\"},{\"@type\":\"ListItem\",\"position\":2,\"name\":\"Produkte\",\"item\":\"https:\\\/\\\/www.cultcaffe.at\\\/shop\\\/\"},{\"@type\":\"ListItem\",\"position\":3,\"name\":\"Becks Cocoa &#8211; Trinkschokolade &#8222;Red Spirit&#8220; Bio 250g AKTION!\"}]},{\"@type\":\"WebSite\",\"@id\":\"https:\\\/\\\/www.cultcaffe.at\\\/#website\",\"url\":\"https:\\\/\\\/www.cultcaffe.at\\\/\",\"name\":\"CultCaff\u00e9 - die Bio Kaffee R\u00f6sterei\",\"description\":\"Liebe zum Kaffee\",\"publisher\":{\"@id\":\"https:\\\/\\\/www.cultcaffe.at\\\/#organization\"},\"potentialAction\":[{\"@type\":\"SearchAction\",\"target\":{\"@type\":\"EntryPoint\",\"urlTemplate\":\"https:\\\/\\\/www.cultcaffe.at\\\/?s={search_term_string}\"},\"query-input\":{\"@type\":\"PropertyValueSpecification\",\"valueRequired\":true,\"valueName\":\"search_term_string\"}}],\"inLanguage\":\"cs\"},{\"@type\":[\"Organization\",\"Place\"],\"@id\":\"https:\\\/\\\/www.cultcaffe.at\\\/#organization\",\"name\":\"CultCaff\u00e9 Kaffeer\u00f6sterei GmbH\",\"alternateName\":\"CultCaff\u00e9\",\"url\":\"https:\\\/\\\/www.cultcaffe.at\\\/\",\"logo\":{\"@id\":\"https:\\\/\\\/www.cultcaffe.at\\\/produkt\\\/becks-cocoa-trinkschokolade-red-spirit-bio-250g-dose-2\\\/#local-main-organization-logo\"},\"image\":{\"@id\":\"https:\\\/\\\/www.cultcaffe.at\\\/produkt\\\/becks-cocoa-trinkschokolade-red-spirit-bio-250g-dose-2\\\/#local-main-organization-logo\"},\"sameAs\":[\"https:\\\/\\\/www.facebook.com\\\/p\\\/Cult-Caff\u00e8-die-R\u00f6sterei-100039719724703\\\/?locale=de_DE\",\"https:\\\/\\\/www.instagram.com\\\/cultcaffe.at\\\/\"],\"hasMerchantReturnPolicy\":{\"@type\":\"MerchantReturnPolicy\",\"merchantReturnLink\":\"https:\\\/\\\/www.cultcaffe.at\\\/cs\\\/agbs\\\/\"},\"telephone\":[],\"openingHoursSpecification\":[{\"@type\":\"OpeningHoursSpecification\",\"dayOfWeek\":[\"Monday\",\"Tuesday\",\"Wednesday\",\"Thursday\",\"Friday\",\"Saturday\",\"Sunday\"],\"opens\":\"09:00\",\"closes\":\"17:00\"}]},{\"@type\":\"ImageObject\",\"inLanguage\":\"cs\",\"@id\":\"https:\\\/\\\/www.cultcaffe.at\\\/produkt\\\/becks-cocoa-trinkschokolade-red-spirit-bio-250g-dose-2\\\/#local-main-organization-logo\",\"url\":\"https:\\\/\\\/www.cultcaffe.at\\\/wp-content\\\/uploads\\\/2023\\\/11\\\/cultcaffe_logo_regular_dark-1.svg\",\"contentUrl\":\"https:\\\/\\\/www.cultcaffe.at\\\/wp-content\\\/uploads\\\/2023\\\/11\\\/cultcaffe_logo_regular_dark-1.svg\",\"width\":756,\"height\":474,\"caption\":\"CultCaff\u00e9 Kaffeer\u00f6sterei GmbH\"}]}<\/script>\n<meta property=\"product:price:amount\" content=\"5.00\" \/>\n<meta property=\"product:price:currency\" content=\"EUR\" \/>\n<meta property=\"og:availability\" content=\"instock\" \/>\n<meta property=\"product:availability\" content=\"instock\" \/>\n<meta property=\"product:condition\" content=\"new\" \/>\n<!-- \/ Yoast SEO plugin. -->","yoast_head_json":{"title":"Becks Cocoa - \u010cokol\u00e1da na pit\u00ed &quot;Red Spirit&quot; Bio 250g SPECI\u00c1LN\u00cd NAB\u00cdDKA! - CultCaff\u00e9 - pra\u017e\u00edrna bio k\u00e1vy","robots":{"index":"index","follow":"follow","max-snippet":"max-snippet:-1","max-image-preview":"max-image-preview:large","max-video-preview":"max-video-preview:-1"},"canonical":"https:\/\/www.cultcaffe.at\/cs\/produkt\/becks-kakao-na-piti-cokolada-red-spirit-bio-250g-plechovka-2-ks\/","og_locale":"cs_CZ","og_type":"article","og_title":"Becks Cocoa - Trinkschokolade \"Red Spirit\" Bio 250g AKTION! - CultCaff\u00e9 - die Bio Kaffee R\u00f6sterei","og_description":"! AKTION: Ablauf im Oktober \u2013 Ware in Ordnung!  GL\u00dcH! \u2013 GL\u00dcH! \u2013 GL\u00dcH-KAKAO!       KAKAO, Speise der G\u00f6tter bei den Maya und Azteken! WEIN, G\u00f6ttertrunk der antiken Griechen und R\u00f6mer, geweiht den Gottheiten Dionysos und Bacchus, der Freude, Fruchtbarkeit und Ekstase! Dazu fein abgestimmte exotische GEW\u00dcRZE wie Zimt, Orange, Ingwer, Kardamom und Nelken.  Der\u00a0Red Spirit Gl\u00fchkakao\u00a0ist die neueste Kreation aus dem Hause Becks Cocoa\u2122: fein herb, fein s\u00fc\u00df, voll schokoladig.  Etwa 1.100 Aromen wirken im Kakao, rund 900 sind es im Wein. Rotwein und Gew\u00fcrze haben sich in langer Wintertradition im europaweit getrunkenen Gl\u00fchwein k\u00f6stlich vereint. Rotwein und Schokolade sind ein weiteres grandioses Aromenpaar. Beide Genussf\u00e4den nehmen wir im Red Spirit auf, weben aus diesem prachtvollen Trio einen ganz neuen Kakaogenuss! Nat\u00fcrlich ist auch diese Sorte in der recyclebaren Blechdose edel und nachhaltig verpackt.  250g Dose","og_url":"https:\/\/www.cultcaffe.at\/cs\/produkt\/becks-kakao-na-piti-cokolada-red-spirit-bio-250g-plechovka-2-ks\/","og_site_name":"CultCaff\u00e9 - die Bio Kaffee R\u00f6sterei","article_publisher":"https:\/\/www.facebook.com\/p\/Cult-Caff%c3%a8-die-R%c3%b6sterei-100039719724703\/?locale=de_DE","article_modified_time":"2025-02-25T10:53:11+00:00","og_image":[{"width":676,"height":671,"url":"https:\/\/www.cultcaffe.at\/wp-content\/uploads\/2024\/03\/Becks-Cocoa-Red-Spirit.jpg","type":"image\/jpeg"}],"twitter_card":"summary_large_image","twitter_misc":{"Cena":"&euro;&nbsp;5,00","Dostupnost":"Skladem"},"schema":{"@context":"https:\/\/schema.org","@graph":[{"@type":"WebPage","@id":"https:\/\/www.cultcaffe.at\/produkt\/becks-cocoa-trinkschokolade-red-spirit-bio-250g-dose-2\/","url":"https:\/\/www.cultcaffe.at\/produkt\/becks-cocoa-trinkschokolade-red-spirit-bio-250g-dose-2\/","name":"Becks Cocoa - \u010cokol\u00e1da na pit\u00ed &quot;Red Spirit&quot; Bio 250g SPECI\u00c1LN\u00cd NAB\u00cdDKA! - CultCaff\u00e9 - pra\u017e\u00edrna bio k\u00e1vy","isPartOf":{"@id":"https:\/\/www.cultcaffe.at\/#website"},"primaryImageOfPage":{"@id":"https:\/\/www.cultcaffe.at\/produkt\/becks-cocoa-trinkschokolade-red-spirit-bio-250g-dose-2\/#primaryimage"},"image":{"@id":"https:\/\/www.cultcaffe.at\/produkt\/becks-cocoa-trinkschokolade-red-spirit-bio-250g-dose-2\/#primaryimage"},"thumbnailUrl":"https:\/\/www.cultcaffe.at\/wp-content\/uploads\/2024\/03\/Becks-Cocoa-Red-Spirit.jpg","datePublished":"2024-03-06T19:03:04+00:00","dateModified":"2025-02-25T10:53:11+00:00","breadcrumb":{"@id":"https:\/\/www.cultcaffe.at\/produkt\/becks-cocoa-trinkschokolade-red-spirit-bio-250g-dose-2\/#breadcrumb"},"inLanguage":"cs","potentialAction":[{"@type":"ReadAction","target":["https:\/\/www.cultcaffe.at\/produkt\/becks-cocoa-trinkschokolade-red-spirit-bio-250g-dose-2\/"]}]},{"@type":"ImageObject","inLanguage":"cs","@id":"https:\/\/www.cultcaffe.at\/produkt\/becks-cocoa-trinkschokolade-red-spirit-bio-250g-dose-2\/#primaryimage","url":"https:\/\/www.cultcaffe.at\/wp-content\/uploads\/2024\/03\/Becks-Cocoa-Red-Spirit.jpg","contentUrl":"https:\/\/www.cultcaffe.at\/wp-content\/uploads\/2024\/03\/Becks-Cocoa-Red-Spirit.jpg","width":676,"height":671},{"@type":"BreadcrumbList","@id":"https:\/\/www.cultcaffe.at\/produkt\/becks-cocoa-trinkschokolade-red-spirit-bio-250g-dose-2\/#breadcrumb","itemListElement":[{"@type":"ListItem","position":1,"name":"Startseite","item":"https:\/\/www.cultcaffe.at\/"},{"@type":"ListItem","position":2,"name":"Produkte","item":"https:\/\/www.cultcaffe.at\/shop\/"},{"@type":"ListItem","position":3,"name":"Becks Cocoa &#8211; Trinkschokolade &#8222;Red Spirit&#8220; Bio 250g AKTION!"}]},{"@type":"WebSite","@id":"https:\/\/www.cultcaffe.at\/#website","url":"https:\/\/www.cultcaffe.at\/","name":"CultCaff\u00e9 - pra\u017e\u00edrna bio k\u00e1vy","description":"L\u00e1ska ke k\u00e1v\u011b","publisher":{"@id":"https:\/\/www.cultcaffe.at\/#organization"},"potentialAction":[{"@type":"SearchAction","target":{"@type":"EntryPoint","urlTemplate":"https:\/\/www.cultcaffe.at\/?s={search_term_string}"},"query-input":{"@type":"PropertyValueSpecification","valueRequired":true,"valueName":"search_term_string"}}],"inLanguage":"cs"},{"@type":["Organization","Place"],"@id":"https:\/\/www.cultcaffe.at\/#organization","name":"CultCaff\u00e9 Coffee Roastery GmbH","alternateName":"CultCaff\u00e9","url":"https:\/\/www.cultcaffe.at\/","logo":{"@id":"https:\/\/www.cultcaffe.at\/produkt\/becks-cocoa-trinkschokolade-red-spirit-bio-250g-dose-2\/#local-main-organization-logo"},"image":{"@id":"https:\/\/www.cultcaffe.at\/produkt\/becks-cocoa-trinkschokolade-red-spirit-bio-250g-dose-2\/#local-main-organization-logo"},"sameAs":["https:\/\/www.facebook.com\/p\/Cult-Caff\u00e8-die-R\u00f6sterei-100039719724703\/?locale=de_DE","https:\/\/www.instagram.com\/cultcaffe.at\/"],"hasMerchantReturnPolicy":{"@type":"MerchantReturnPolicy","merchantReturnLink":"https:\/\/www.cultcaffe.at\/cs\/agbs\/"},"telephone":[],"openingHoursSpecification":[{"@type":"OpeningHoursSpecification","dayOfWeek":["Monday","Tuesday","Wednesday","Thursday","Friday","Saturday","Sunday"],"opens":"09:00","closes":"17:00"}]},{"@type":"ImageObject","inLanguage":"cs","@id":"https:\/\/www.cultcaffe.at\/produkt\/becks-cocoa-trinkschokolade-red-spirit-bio-250g-dose-2\/#local-main-organization-logo","url":"https:\/\/www.cultcaffe.at\/wp-content\/uploads\/2023\/11\/cultcaffe_logo_regular_dark-1.svg","contentUrl":"https:\/\/www.cultcaffe.at\/wp-content\/uploads\/2023\/11\/cultcaffe_logo_regular_dark-1.svg","width":756,"height":474,"caption":"CultCaff\u00e9 Kaffeer\u00f6sterei GmbH"}]},"product_price_amount":"5.00","product_price_currency":"EUR","og_availability":"instock","product_availability":"instock","product_condition":"new"},"_links":{"self":[{"href":"https:\/\/www.cultcaffe.at\/cs\/wp-json\/wp\/v2\/product\/14198","targetHints":{"allow":["GET"]}}],"collection":[{"href":"https:\/\/www.cultcaffe.at\/cs\/wp-json\/wp\/v2\/product"}],"about":[{"href":"https:\/\/www.cultcaffe.at\/cs\/wp-json\/wp\/v2\/types\/product"}],"wp:featuredmedia":[{"embeddable":true,"href":"https:\/\/www.cultcaffe.at\/cs\/wp-json\/wp\/v2\/media\/14228"}],"wp:attachment":[{"href":"https:\/\/www.cultcaffe.at\/cs\/wp-json\/wp\/v2\/media?parent=14198"}],"wp:term":[{"taxonomy":"product_brand","embeddable":true,"href":"https:\/\/www.cultcaffe.at\/cs\/wp-json\/wp\/v2\/product_brand?post=14198"},{"taxonomy":"product_cat","embeddable":true,"href":"https:\/\/www.cultcaffe.at\/cs\/wp-json\/wp\/v2\/product_cat?post=14198"},{"taxonomy":"product_tag","embeddable":true,"href":"https:\/\/www.cultcaffe.at\/cs\/wp-json\/wp\/v2\/product_tag?post=14198"}],"curies":[{"name":"wp","href":"https:\/\/api.w.org\/{rel}","templated":true}]}}