{"id":14187,"date":"2024-03-06T20:02:47","date_gmt":"2024-03-06T19:02:47","guid":{"rendered":"https:\/\/www.cultcaffe.at\/?post_type=product&#038;p=14187"},"modified":"2026-02-18T17:24:02","modified_gmt":"2026-02-18T16:24:02","slug":"becks-kakao-cokolada-na-piti-guenther-66-bio-300g-plechovka-2","status":"publish","type":"product","link":"https:\/\/www.cultcaffe.at\/cs\/produkt\/becks-cocoa-trinkschokolade-guenther-66-bio-300g-dose-2\/","title":{"rendered":"Becks Cocoa \u2013 \u010cokol\u00e1da na pit\u00ed \u201eG\u00fcnther\u201c 66% Bio plechovka 300 g"},"content":{"rendered":"<h4><strong><span style=\"color: #000000;\">G\u00fcnther \u2013 vesel\u00fd, \u0161tiplav\u00fd a m\u011bstsk\u00fd<\/span><\/strong><\/h4>\n<p>N\u00e1\u0161 G\u00fcnther s 66% obsahem kakaa je trendy tmav\u00e9 kakao pro o n\u011bco ho\u0159\u010d\u00ed kakaov\u00fd z\u00e1\u017eitek.<br \/>\nDv\u011b vynikaj\u00edc\u00ed v\u00edna jednoho p\u016fvodu, jen lehce slazen\u00e1 minimem cukru: odpov\u00eddaj\u00edc\u00ed duchu doby m\u011bsta.<br \/>\nPot\u011b\u0161en\u00ed v kteroukoli denn\u00ed i no\u010dn\u00ed hodinu. Pokud r\u00e1di pijete Affogato, tak si Affogato s G\u00fcnterem zamilujete!<\/p>\n<p>Plechovka vysta\u010d\u00ed a\u017e na dvacet \u0161\u00e1lk\u016f kakaa. Lahoda, a\u0165 u\u017e studen\u00e1 nebo tepl\u00e1!<\/p>\n<div class=\"content--title\">Slo\u017een\u00ed:<\/div>\n<div class=\"product--description\">Slo\u017een\u00ed: Bio kakao, bio surov\u00fd t\u0159tinov\u00fd cukr, mo\u0159sk\u00e1 s\u016fl<\/div>\n<div><\/div>\n<p>300g plechovka<\/p>\n<p>&nbsp;<\/p>","protected":false},"excerpt":{"rendered":"<p>N\u00e1\u0161 G\u00fcnther s 66% obsahem kakaa je trendy tmav\u00e9 kakao pro o n\u011bco ho\u0159\u010d\u00ed kakaov\u00fd z\u00e1\u017eitek.<br \/>\nDv\u011b vynikaj\u00edc\u00ed v\u00edna jednoho p\u016fvodu, jen lehce slazen\u00e1 minimem cukru: odpov\u00eddaj\u00edc\u00ed duchu doby m\u011bsta.<br \/>\nPot\u011b\u0161en\u00ed v kteroukoli denn\u00ed i no\u010dn\u00ed hodinu. Pokud r\u00e1di pijete Affogato, tak si Affogato s G\u00fcnterem zamilujete!<\/p>\n<p>Plechovka vysta\u010d\u00ed a\u017e na dvacet \u0161\u00e1lk\u016f kakaa. Lahoda, a\u0165 u\u017e studen\u00e1 nebo tepl\u00e1!<\/p>\n<p>300g plechovka<\/p>","protected":false},"featured_media":14993,"template":"","meta":{"inline_featured_image":false},"product_brand":[],"product_cat":[205,211],"product_tag":[102,101,95,74,141,75],"class_list":{"0":"post-14187","1":"product","2":"type-product","3":"status-publish","4":"has-post-thumbnail","6":"product_cat-trinkschokolade","7":"product_cat-geschenkideen","8":"product_tag-becks","9":"product_tag-cocoa","10":"product_tag-geschenk","11":"product_tag-kakao","12":"product_tag-michel","13":"product_tag-trinkschokolade","15":"first","16":"instock","17":"taxable","18":"shipping-taxable","19":"purchasable","20":"product-type-simple"},"yoast_head":"<!-- This site is optimized with the Yoast SEO plugin v27.4 - https:\/\/yoast.com\/product\/yoast-seo-wordpress\/ -->\n<title>Becks Cocoa - Trinkschokolade &quot;G\u00fcnther&quot; 66% Bio 300g Dose - CultCaff\u00e9 - die Bio Kaffee R\u00f6sterei<\/title>\n<meta name=\"robots\" content=\"index, follow, max-snippet:-1, max-image-preview:large, max-video-preview:-1\" \/>\n<link rel=\"canonical\" href=\"https:\/\/www.cultcaffe.at\/cs\/produkt\/becks-kakao-cokolada-na-piti-guenther-66-bio-300g-plechovka-2\/\" \/>\n<meta property=\"og:locale\" content=\"cs_CZ\" \/>\n<meta property=\"og:type\" content=\"article\" \/>\n<meta property=\"og:title\" content=\"Becks Cocoa - Trinkschokolade &quot;G\u00fcnther&quot; 66% Bio 300g Dose - CultCaff\u00e9 - die Bio Kaffee R\u00f6sterei\" \/>\n<meta property=\"og:description\" content=\"Unser G\u00fcnther mit 66 % Kakaoanteil ist der hippe Zartbitterkakao f\u00fcr den etwas herberen Kakaogenuss. Zwei edle Single Origins, mit wenig Zucker nur leicht ges\u00fc\u00dft: Passend zum Zeitgeist der Stadt. Zu jeder Tages- und Nachtzeit ein Genuss. Wer gerne Affogato trinkt, wird Affogato mit G\u00fcnter lieben!  Die Dose ist genug f\u00fcr bis zu zwanzig Tassen Kakao. Kalt oder warm ein Genuss!  300g Dose\" \/>\n<meta property=\"og:url\" content=\"https:\/\/www.cultcaffe.at\/cs\/produkt\/becks-kakao-cokolada-na-piti-guenther-66-bio-300g-plechovka-2\/\" \/>\n<meta property=\"og:site_name\" content=\"CultCaff\u00e9 - die Bio Kaffee R\u00f6sterei\" \/>\n<meta property=\"article:publisher\" content=\"https:\/\/www.facebook.com\/p\/Cult-Caff%c3%a8-die-R%c3%b6sterei-100039719724703\/?locale=de_DE\" \/>\n<meta property=\"article:modified_time\" content=\"2026-02-18T16:24:02+00:00\" \/>\n<meta property=\"og:image\" content=\"https:\/\/www.cultcaffe.at\/wp-content\/uploads\/2024\/03\/CultCaffe-Trinkschokolade-Guenther.jpg\" \/>\n\t<meta property=\"og:image:width\" content=\"2000\" \/>\n\t<meta property=\"og:image:height\" content=\"2000\" \/>\n\t<meta property=\"og:image:type\" content=\"image\/jpeg\" \/>\n<meta name=\"twitter:card\" content=\"summary_large_image\" \/>\n<meta name=\"twitter:label1\" content=\"Cena\" \/>\n\t<meta name=\"twitter:data1\" content=\"&euro;&nbsp;11,50\" \/>\n\t<meta name=\"twitter:label2\" content=\"Dostupnost\" \/>\n\t<meta name=\"twitter:data2\" content=\"Skladem\" \/>\n<script type=\"application\/ld+json\" class=\"yoast-schema-graph\">{\"@context\":\"https:\\\/\\\/schema.org\",\"@graph\":[{\"@type\":\"WebPage\",\"@id\":\"https:\\\/\\\/www.cultcaffe.at\\\/produkt\\\/becks-cocoa-trinkschokolade-guenther-66-bio-300g-dose-2\\\/\",\"url\":\"https:\\\/\\\/www.cultcaffe.at\\\/produkt\\\/becks-cocoa-trinkschokolade-guenther-66-bio-300g-dose-2\\\/\",\"name\":\"Becks Cocoa - Trinkschokolade \\\"G\u00fcnther\\\" 66% Bio 300g Dose - CultCaff\u00e9 - die Bio Kaffee R\u00f6sterei\",\"isPartOf\":{\"@id\":\"https:\\\/\\\/www.cultcaffe.at\\\/#website\"},\"primaryImageOfPage\":{\"@id\":\"https:\\\/\\\/www.cultcaffe.at\\\/produkt\\\/becks-cocoa-trinkschokolade-guenther-66-bio-300g-dose-2\\\/#primaryimage\"},\"image\":{\"@id\":\"https:\\\/\\\/www.cultcaffe.at\\\/produkt\\\/becks-cocoa-trinkschokolade-guenther-66-bio-300g-dose-2\\\/#primaryimage\"},\"thumbnailUrl\":\"https:\\\/\\\/www.cultcaffe.at\\\/wp-content\\\/uploads\\\/2024\\\/03\\\/CultCaffe-Trinkschokolade-Guenther.jpg\",\"datePublished\":\"2024-03-06T19:02:47+00:00\",\"dateModified\":\"2026-02-18T16:24:02+00:00\",\"breadcrumb\":{\"@id\":\"https:\\\/\\\/www.cultcaffe.at\\\/produkt\\\/becks-cocoa-trinkschokolade-guenther-66-bio-300g-dose-2\\\/#breadcrumb\"},\"inLanguage\":\"cs\",\"potentialAction\":[{\"@type\":\"ReadAction\",\"target\":[\"https:\\\/\\\/www.cultcaffe.at\\\/produkt\\\/becks-cocoa-trinkschokolade-guenther-66-bio-300g-dose-2\\\/\"]}]},{\"@type\":\"ImageObject\",\"inLanguage\":\"cs\",\"@id\":\"https:\\\/\\\/www.cultcaffe.at\\\/produkt\\\/becks-cocoa-trinkschokolade-guenther-66-bio-300g-dose-2\\\/#primaryimage\",\"url\":\"https:\\\/\\\/www.cultcaffe.at\\\/wp-content\\\/uploads\\\/2024\\\/03\\\/CultCaffe-Trinkschokolade-Guenther.jpg\",\"contentUrl\":\"https:\\\/\\\/www.cultcaffe.at\\\/wp-content\\\/uploads\\\/2024\\\/03\\\/CultCaffe-Trinkschokolade-Guenther.jpg\",\"width\":2000,\"height\":2000},{\"@type\":\"BreadcrumbList\",\"@id\":\"https:\\\/\\\/www.cultcaffe.at\\\/produkt\\\/becks-cocoa-trinkschokolade-guenther-66-bio-300g-dose-2\\\/#breadcrumb\",\"itemListElement\":[{\"@type\":\"ListItem\",\"position\":1,\"name\":\"Startseite\",\"item\":\"https:\\\/\\\/www.cultcaffe.at\\\/\"},{\"@type\":\"ListItem\",\"position\":2,\"name\":\"Produkte\",\"item\":\"https:\\\/\\\/www.cultcaffe.at\\\/shop\\\/\"},{\"@type\":\"ListItem\",\"position\":3,\"name\":\"Becks Cocoa &#8211; Trinkschokolade &#8222;G\u00fcnther&#8220; 66% Bio 300g Dose\"}]},{\"@type\":\"WebSite\",\"@id\":\"https:\\\/\\\/www.cultcaffe.at\\\/#website\",\"url\":\"https:\\\/\\\/www.cultcaffe.at\\\/\",\"name\":\"CultCaff\u00e9 - die Bio Kaffee R\u00f6sterei\",\"description\":\"Liebe zum Kaffee\",\"publisher\":{\"@id\":\"https:\\\/\\\/www.cultcaffe.at\\\/#organization\"},\"potentialAction\":[{\"@type\":\"SearchAction\",\"target\":{\"@type\":\"EntryPoint\",\"urlTemplate\":\"https:\\\/\\\/www.cultcaffe.at\\\/?s={search_term_string}\"},\"query-input\":{\"@type\":\"PropertyValueSpecification\",\"valueRequired\":true,\"valueName\":\"search_term_string\"}}],\"inLanguage\":\"cs\"},{\"@type\":[\"Organization\",\"Place\"],\"@id\":\"https:\\\/\\\/www.cultcaffe.at\\\/#organization\",\"name\":\"CultCaff\u00e9 Kaffeer\u00f6sterei GmbH\",\"alternateName\":\"CultCaff\u00e9\",\"url\":\"https:\\\/\\\/www.cultcaffe.at\\\/\",\"logo\":{\"@id\":\"https:\\\/\\\/www.cultcaffe.at\\\/produkt\\\/becks-cocoa-trinkschokolade-guenther-66-bio-300g-dose-2\\\/#local-main-organization-logo\"},\"image\":{\"@id\":\"https:\\\/\\\/www.cultcaffe.at\\\/produkt\\\/becks-cocoa-trinkschokolade-guenther-66-bio-300g-dose-2\\\/#local-main-organization-logo\"},\"sameAs\":[\"https:\\\/\\\/www.facebook.com\\\/p\\\/Cult-Caff\u00e8-die-R\u00f6sterei-100039719724703\\\/?locale=de_DE\",\"https:\\\/\\\/www.instagram.com\\\/cultcaffe.at\\\/\"],\"hasMerchantReturnPolicy\":{\"@type\":\"MerchantReturnPolicy\",\"merchantReturnLink\":\"https:\\\/\\\/www.cultcaffe.at\\\/cs\\\/agbs\\\/\"},\"telephone\":[],\"openingHoursSpecification\":[{\"@type\":\"OpeningHoursSpecification\",\"dayOfWeek\":[\"Monday\",\"Tuesday\",\"Wednesday\",\"Thursday\",\"Friday\",\"Saturday\",\"Sunday\"],\"opens\":\"09:00\",\"closes\":\"17:00\"}]},{\"@type\":\"ImageObject\",\"inLanguage\":\"cs\",\"@id\":\"https:\\\/\\\/www.cultcaffe.at\\\/produkt\\\/becks-cocoa-trinkschokolade-guenther-66-bio-300g-dose-2\\\/#local-main-organization-logo\",\"url\":\"https:\\\/\\\/www.cultcaffe.at\\\/wp-content\\\/uploads\\\/2023\\\/11\\\/cultcaffe_logo_regular_dark-1.svg\",\"contentUrl\":\"https:\\\/\\\/www.cultcaffe.at\\\/wp-content\\\/uploads\\\/2023\\\/11\\\/cultcaffe_logo_regular_dark-1.svg\",\"width\":756,\"height\":474,\"caption\":\"CultCaff\u00e9 Kaffeer\u00f6sterei GmbH\"}]}<\/script>\n<meta property=\"product:price:amount\" content=\"11.50\" \/>\n<meta property=\"product:price:currency\" content=\"EUR\" \/>\n<meta property=\"og:availability\" content=\"instock\" \/>\n<meta property=\"product:availability\" content=\"instock\" \/>\n<meta property=\"product:condition\" content=\"new\" \/>\n<!-- \/ Yoast SEO plugin. -->","yoast_head_json":{"title":"Becks Cocoa - \u010cokol\u00e1da na pit\u00ed &quot;G\u00fcnther&quot; 66% Bio 300g plechovka - CultCaff\u00e9 - pra\u017e\u00edrna bio k\u00e1vy","robots":{"index":"index","follow":"follow","max-snippet":"max-snippet:-1","max-image-preview":"max-image-preview:large","max-video-preview":"max-video-preview:-1"},"canonical":"https:\/\/www.cultcaffe.at\/cs\/produkt\/becks-kakao-cokolada-na-piti-guenther-66-bio-300g-plechovka-2\/","og_locale":"cs_CZ","og_type":"article","og_title":"Becks Cocoa - Trinkschokolade \"G\u00fcnther\" 66% Bio 300g Dose - CultCaff\u00e9 - die Bio Kaffee R\u00f6sterei","og_description":"Unser G\u00fcnther mit 66 % Kakaoanteil ist der hippe Zartbitterkakao f\u00fcr den etwas herberen Kakaogenuss. Zwei edle Single Origins, mit wenig Zucker nur leicht ges\u00fc\u00dft: Passend zum Zeitgeist der Stadt. Zu jeder Tages- und Nachtzeit ein Genuss. Wer gerne Affogato trinkt, wird Affogato mit G\u00fcnter lieben!  Die Dose ist genug f\u00fcr bis zu zwanzig Tassen Kakao. Kalt oder warm ein Genuss!  300g Dose","og_url":"https:\/\/www.cultcaffe.at\/cs\/produkt\/becks-kakao-cokolada-na-piti-guenther-66-bio-300g-plechovka-2\/","og_site_name":"CultCaff\u00e9 - die Bio Kaffee R\u00f6sterei","article_publisher":"https:\/\/www.facebook.com\/p\/Cult-Caff%c3%a8-die-R%c3%b6sterei-100039719724703\/?locale=de_DE","article_modified_time":"2026-02-18T16:24:02+00:00","og_image":[{"width":2000,"height":2000,"url":"https:\/\/www.cultcaffe.at\/wp-content\/uploads\/2024\/03\/CultCaffe-Trinkschokolade-Guenther.jpg","type":"image\/jpeg"}],"twitter_card":"summary_large_image","twitter_misc":{"Cena":"&euro;&nbsp;11,50","Dostupnost":"Skladem"},"schema":{"@context":"https:\/\/schema.org","@graph":[{"@type":"WebPage","@id":"https:\/\/www.cultcaffe.at\/produkt\/becks-cocoa-trinkschokolade-guenther-66-bio-300g-dose-2\/","url":"https:\/\/www.cultcaffe.at\/produkt\/becks-cocoa-trinkschokolade-guenther-66-bio-300g-dose-2\/","name":"Becks Cocoa - \u010cokol\u00e1da na pit\u00ed &quot;G\u00fcnther&quot; 66% Bio 300g plechovka - CultCaff\u00e9 - pra\u017e\u00edrna bio k\u00e1vy","isPartOf":{"@id":"https:\/\/www.cultcaffe.at\/#website"},"primaryImageOfPage":{"@id":"https:\/\/www.cultcaffe.at\/produkt\/becks-cocoa-trinkschokolade-guenther-66-bio-300g-dose-2\/#primaryimage"},"image":{"@id":"https:\/\/www.cultcaffe.at\/produkt\/becks-cocoa-trinkschokolade-guenther-66-bio-300g-dose-2\/#primaryimage"},"thumbnailUrl":"https:\/\/www.cultcaffe.at\/wp-content\/uploads\/2024\/03\/CultCaffe-Trinkschokolade-Guenther.jpg","datePublished":"2024-03-06T19:02:47+00:00","dateModified":"2026-02-18T16:24:02+00:00","breadcrumb":{"@id":"https:\/\/www.cultcaffe.at\/produkt\/becks-cocoa-trinkschokolade-guenther-66-bio-300g-dose-2\/#breadcrumb"},"inLanguage":"cs","potentialAction":[{"@type":"ReadAction","target":["https:\/\/www.cultcaffe.at\/produkt\/becks-cocoa-trinkschokolade-guenther-66-bio-300g-dose-2\/"]}]},{"@type":"ImageObject","inLanguage":"cs","@id":"https:\/\/www.cultcaffe.at\/produkt\/becks-cocoa-trinkschokolade-guenther-66-bio-300g-dose-2\/#primaryimage","url":"https:\/\/www.cultcaffe.at\/wp-content\/uploads\/2024\/03\/CultCaffe-Trinkschokolade-Guenther.jpg","contentUrl":"https:\/\/www.cultcaffe.at\/wp-content\/uploads\/2024\/03\/CultCaffe-Trinkschokolade-Guenther.jpg","width":2000,"height":2000},{"@type":"BreadcrumbList","@id":"https:\/\/www.cultcaffe.at\/produkt\/becks-cocoa-trinkschokolade-guenther-66-bio-300g-dose-2\/#breadcrumb","itemListElement":[{"@type":"ListItem","position":1,"name":"Startseite","item":"https:\/\/www.cultcaffe.at\/"},{"@type":"ListItem","position":2,"name":"Produkte","item":"https:\/\/www.cultcaffe.at\/shop\/"},{"@type":"ListItem","position":3,"name":"Becks Cocoa &#8211; Trinkschokolade &#8222;G\u00fcnther&#8220; 66% Bio 300g Dose"}]},{"@type":"WebSite","@id":"https:\/\/www.cultcaffe.at\/#website","url":"https:\/\/www.cultcaffe.at\/","name":"CultCaff\u00e9 - pra\u017e\u00edrna bio k\u00e1vy","description":"L\u00e1ska ke k\u00e1v\u011b","publisher":{"@id":"https:\/\/www.cultcaffe.at\/#organization"},"potentialAction":[{"@type":"SearchAction","target":{"@type":"EntryPoint","urlTemplate":"https:\/\/www.cultcaffe.at\/?s={search_term_string}"},"query-input":{"@type":"PropertyValueSpecification","valueRequired":true,"valueName":"search_term_string"}}],"inLanguage":"cs"},{"@type":["Organization","Place"],"@id":"https:\/\/www.cultcaffe.at\/#organization","name":"CultCaff\u00e9 Coffee Roastery GmbH","alternateName":"CultCaff\u00e9","url":"https:\/\/www.cultcaffe.at\/","logo":{"@id":"https:\/\/www.cultcaffe.at\/produkt\/becks-cocoa-trinkschokolade-guenther-66-bio-300g-dose-2\/#local-main-organization-logo"},"image":{"@id":"https:\/\/www.cultcaffe.at\/produkt\/becks-cocoa-trinkschokolade-guenther-66-bio-300g-dose-2\/#local-main-organization-logo"},"sameAs":["https:\/\/www.facebook.com\/p\/Cult-Caff\u00e8-die-R\u00f6sterei-100039719724703\/?locale=de_DE","https:\/\/www.instagram.com\/cultcaffe.at\/"],"hasMerchantReturnPolicy":{"@type":"MerchantReturnPolicy","merchantReturnLink":"https:\/\/www.cultcaffe.at\/cs\/agbs\/"},"telephone":[],"openingHoursSpecification":[{"@type":"OpeningHoursSpecification","dayOfWeek":["Monday","Tuesday","Wednesday","Thursday","Friday","Saturday","Sunday"],"opens":"09:00","closes":"17:00"}]},{"@type":"ImageObject","inLanguage":"cs","@id":"https:\/\/www.cultcaffe.at\/produkt\/becks-cocoa-trinkschokolade-guenther-66-bio-300g-dose-2\/#local-main-organization-logo","url":"https:\/\/www.cultcaffe.at\/wp-content\/uploads\/2023\/11\/cultcaffe_logo_regular_dark-1.svg","contentUrl":"https:\/\/www.cultcaffe.at\/wp-content\/uploads\/2023\/11\/cultcaffe_logo_regular_dark-1.svg","width":756,"height":474,"caption":"CultCaff\u00e9 Kaffeer\u00f6sterei GmbH"}]},"product_price_amount":"11.50","product_price_currency":"EUR","og_availability":"instock","product_availability":"instock","product_condition":"new"},"_links":{"self":[{"href":"https:\/\/www.cultcaffe.at\/cs\/wp-json\/wp\/v2\/product\/14187","targetHints":{"allow":["GET"]}}],"collection":[{"href":"https:\/\/www.cultcaffe.at\/cs\/wp-json\/wp\/v2\/product"}],"about":[{"href":"https:\/\/www.cultcaffe.at\/cs\/wp-json\/wp\/v2\/types\/product"}],"wp:featuredmedia":[{"embeddable":true,"href":"https:\/\/www.cultcaffe.at\/cs\/wp-json\/wp\/v2\/media\/14993"}],"wp:attachment":[{"href":"https:\/\/www.cultcaffe.at\/cs\/wp-json\/wp\/v2\/media?parent=14187"}],"wp:term":[{"taxonomy":"product_brand","embeddable":true,"href":"https:\/\/www.cultcaffe.at\/cs\/wp-json\/wp\/v2\/product_brand?post=14187"},{"taxonomy":"product_cat","embeddable":true,"href":"https:\/\/www.cultcaffe.at\/cs\/wp-json\/wp\/v2\/product_cat?post=14187"},{"taxonomy":"product_tag","embeddable":true,"href":"https:\/\/www.cultcaffe.at\/cs\/wp-json\/wp\/v2\/product_tag?post=14187"}],"curies":[{"name":"wp","href":"https:\/\/api.w.org\/{rel}","templated":true}]}}