{"id":14132,"date":"2024-03-06T20:01:56","date_gmt":"2024-03-06T19:01:56","guid":{"rendered":"https:\/\/www.cultcaffe.at\/?post_type=product&#038;p=14132"},"modified":"2026-03-30T16:14:41","modified_gmt":"2026-03-30T14:14:41","slug":"organicke-kavove-mydlo-90g","status":"publish","type":"product","link":"https:\/\/www.cultcaffe.at\/cs\/produkt\/bio-kaffeeseife-90g\/","title":{"rendered":"Organick\u00e9 k\u00e1vov\u00e9 m\u00fddlo 90g"},"content":{"rendered":"<p>Za studena lisovan\u00e9 k\u00e1vov\u00e9 m\u00fddlo s l\u00e1skou \u2013 ide\u00e1ln\u00ed jako kuchy\u0148sk\u00e9 m\u00fddlo pro boj s r\u016fzn\u00fdmi ne\u017e\u00e1douc\u00edmi pachy na rukou.<\/p>\n<p>Uva\u0159eno z k\u00e1vy z na\u0161ich vlastn\u00edch pra\u017een\u00fdch bio k\u00e1vov\u00fdch zrn.<\/p>\n<p>Baleno v hezk\u00e9m jutov\u00e9m s\u00e1\u010dku, u\u0161it\u00e9m z pytl\u016f od k\u00e1vov\u00fdch zrn.<\/p>\n<p>Co takhle darovat k\u00e1vov\u00e9 m\u00fddlo spolu s bal\u00ed\u010dkem \u010derstv\u011b pra\u017een\u00fdch k\u00e1vov\u00fdch zrn?<\/p>","protected":false},"excerpt":{"rendered":"<p>S l\u00e1skou lisovan\u00e9 k\u00e1vov\u00e9 m\u00fddlo \u2013 ide\u00e1ln\u00ed jako kuchy\u0148sk\u00e9 m\u00fddlo pro boj s r\u016fzn\u00fdmi nep\u0159\u00edjemn\u00fdmi pachy z rukou. Vyrobeno z k\u00e1vy z na\u0161ich vlastn\u00edch pra\u017een\u00fdch bio k\u00e1vov\u00fdch zrn. Baleno v kr\u00e1sn\u00e9m jutov\u00e9m s\u00e1\u010dku vyroben\u00e9m z pytl\u016f od k\u00e1vov\u00fdch zrn. Co takhle darovat toto k\u00e1vov\u00e9 m\u00fddlo jako d\u00e1rek spolu s bal\u00ed\u010dkem \u010derstv\u011b pra\u017een\u00fdch k\u00e1vov\u00fdch zrn?<\/p>","protected":false},"featured_media":14193,"template":"","meta":{"inline_featured_image":false},"product_brand":[],"product_cat":[211,214],"product_tag":[61,95,59,140],"class_list":{"0":"post-14132","1":"product","2":"type-product","3":"status-publish","4":"has-post-thumbnail","6":"product_cat-geschenkideen","7":"product_cat-kaffeeseife-achselkuss-deo","8":"product_tag-cultcaffe","9":"product_tag-geschenk","10":"product_tag-kaffee","11":"product_tag-seife","13":"first","14":"instock","15":"taxable","16":"shipping-taxable","17":"purchasable","18":"product-type-simple"},"yoast_head":"<!-- This site is optimized with the Yoast SEO plugin v27.6 - https:\/\/yoast.com\/product\/yoast-seo-wordpress\/ -->\n<title>Bio-Kaffeeseife 90g - CultCaff\u00e9 - die Bio Kaffee R\u00f6sterei<\/title>\n<meta name=\"robots\" content=\"index, follow, max-snippet:-1, max-image-preview:large, max-video-preview:-1\" \/>\n<link rel=\"canonical\" href=\"https:\/\/www.cultcaffe.at\/cs\/produkt\/organicke-kavove-mydlo-90g\/\" \/>\n<meta property=\"og:locale\" content=\"cs_CZ\" \/>\n<meta property=\"og:type\" content=\"article\" \/>\n<meta property=\"og:title\" content=\"Bio-Kaffeeseife 90g - CultCaff\u00e9 - die Bio Kaffee R\u00f6sterei\" \/>\n<meta property=\"og:description\" content=\"Liebevoll kaltger\u00fchrte Kaffeeseife &#8211; sehr gut geeignet als K\u00fcchenseife gegen div. unerw\u00fcnschte Ger\u00fcche an den H\u00e4nden. Gesiedet mit Kaffee aus den hauseigenen ger\u00f6steten Bio-Kaffeebohnen. Verpackt im h\u00fcbschen Jute-Sackerl, gen\u00e4ht aus den S\u00e4cken der Kaffeebohnen. Wie w\u00e4re es die Kaffeeseife gemeinsam mit einer Packung frisch ger\u00f6steter Kaffeebohnen zu verschenken?\" \/>\n<meta property=\"og:url\" content=\"https:\/\/www.cultcaffe.at\/cs\/produkt\/organicke-kavove-mydlo-90g\/\" \/>\n<meta property=\"og:site_name\" content=\"CultCaff\u00e9 - die Bio Kaffee R\u00f6sterei\" \/>\n<meta property=\"article:publisher\" content=\"https:\/\/www.facebook.com\/p\/Cult-Caff%c3%a8-die-R%c3%b6sterei-100039719724703\/?locale=de_DE\" \/>\n<meta property=\"article:modified_time\" content=\"2026-03-30T14:14:41+00:00\" \/>\n<meta property=\"og:image\" content=\"https:\/\/www.cultcaffe.at\/wp-content\/uploads\/2024\/03\/IMG_4195-scaled-1.jpg\" \/>\n\t<meta property=\"og:image:width\" content=\"2560\" \/>\n\t<meta property=\"og:image:height\" content=\"1707\" \/>\n\t<meta property=\"og:image:type\" content=\"image\/jpeg\" \/>\n<meta name=\"twitter:card\" content=\"summary_large_image\" \/>\n<meta name=\"twitter:label1\" content=\"Cena\" \/>\n\t<meta name=\"twitter:data1\" content=\"&euro;&nbsp;11,00\" \/>\n\t<meta name=\"twitter:label2\" content=\"Dostupnost\" \/>\n\t<meta name=\"twitter:data2\" content=\"Skladem\" \/>\n<script type=\"application\/ld+json\" class=\"yoast-schema-graph\">{\"@context\":\"https:\\\/\\\/schema.org\",\"@graph\":[{\"@type\":\"WebPage\",\"@id\":\"https:\\\/\\\/www.cultcaffe.at\\\/produkt\\\/bio-kaffeeseife-90g\\\/\",\"url\":\"https:\\\/\\\/www.cultcaffe.at\\\/produkt\\\/bio-kaffeeseife-90g\\\/\",\"name\":\"Bio-Kaffeeseife 90g - CultCaff\u00e9 - die Bio Kaffee R\u00f6sterei\",\"isPartOf\":{\"@id\":\"https:\\\/\\\/www.cultcaffe.at\\\/#website\"},\"primaryImageOfPage\":{\"@id\":\"https:\\\/\\\/www.cultcaffe.at\\\/produkt\\\/bio-kaffeeseife-90g\\\/#primaryimage\"},\"image\":{\"@id\":\"https:\\\/\\\/www.cultcaffe.at\\\/produkt\\\/bio-kaffeeseife-90g\\\/#primaryimage\"},\"thumbnailUrl\":\"https:\\\/\\\/www.cultcaffe.at\\\/wp-content\\\/uploads\\\/2024\\\/03\\\/IMG_4195-scaled-1.jpg\",\"datePublished\":\"2024-03-06T19:01:56+00:00\",\"dateModified\":\"2026-03-30T14:14:41+00:00\",\"breadcrumb\":{\"@id\":\"https:\\\/\\\/www.cultcaffe.at\\\/produkt\\\/bio-kaffeeseife-90g\\\/#breadcrumb\"},\"inLanguage\":\"cs\",\"potentialAction\":[{\"@type\":\"ReadAction\",\"target\":[\"https:\\\/\\\/www.cultcaffe.at\\\/produkt\\\/bio-kaffeeseife-90g\\\/\"]}]},{\"@type\":\"ImageObject\",\"inLanguage\":\"cs\",\"@id\":\"https:\\\/\\\/www.cultcaffe.at\\\/produkt\\\/bio-kaffeeseife-90g\\\/#primaryimage\",\"url\":\"https:\\\/\\\/www.cultcaffe.at\\\/wp-content\\\/uploads\\\/2024\\\/03\\\/IMG_4195-scaled-1.jpg\",\"contentUrl\":\"https:\\\/\\\/www.cultcaffe.at\\\/wp-content\\\/uploads\\\/2024\\\/03\\\/IMG_4195-scaled-1.jpg\",\"width\":2560,\"height\":1707},{\"@type\":\"BreadcrumbList\",\"@id\":\"https:\\\/\\\/www.cultcaffe.at\\\/produkt\\\/bio-kaffeeseife-90g\\\/#breadcrumb\",\"itemListElement\":[{\"@type\":\"ListItem\",\"position\":1,\"name\":\"Startseite\",\"item\":\"https:\\\/\\\/www.cultcaffe.at\\\/\"},{\"@type\":\"ListItem\",\"position\":2,\"name\":\"Produkte\",\"item\":\"https:\\\/\\\/www.cultcaffe.at\\\/shop\\\/\"},{\"@type\":\"ListItem\",\"position\":3,\"name\":\"Bio-Kaffeeseife 90g\"}]},{\"@type\":\"WebSite\",\"@id\":\"https:\\\/\\\/www.cultcaffe.at\\\/#website\",\"url\":\"https:\\\/\\\/www.cultcaffe.at\\\/\",\"name\":\"CultCaff\u00e9 - die Bio Kaffee R\u00f6sterei\",\"description\":\"Liebe zum Kaffee\",\"publisher\":{\"@id\":\"https:\\\/\\\/www.cultcaffe.at\\\/#organization\"},\"potentialAction\":[{\"@type\":\"SearchAction\",\"target\":{\"@type\":\"EntryPoint\",\"urlTemplate\":\"https:\\\/\\\/www.cultcaffe.at\\\/?s={search_term_string}\"},\"query-input\":{\"@type\":\"PropertyValueSpecification\",\"valueRequired\":true,\"valueName\":\"search_term_string\"}}],\"inLanguage\":\"cs\"},{\"@type\":[\"Organization\",\"Place\"],\"@id\":\"https:\\\/\\\/www.cultcaffe.at\\\/#organization\",\"name\":\"CultCaff\u00e9 Kaffeer\u00f6sterei GmbH\",\"alternateName\":\"CultCaff\u00e9\",\"url\":\"https:\\\/\\\/www.cultcaffe.at\\\/\",\"logo\":{\"@id\":\"https:\\\/\\\/www.cultcaffe.at\\\/produkt\\\/bio-kaffeeseife-90g\\\/#local-main-organization-logo\"},\"image\":{\"@id\":\"https:\\\/\\\/www.cultcaffe.at\\\/produkt\\\/bio-kaffeeseife-90g\\\/#local-main-organization-logo\"},\"sameAs\":[\"https:\\\/\\\/www.facebook.com\\\/p\\\/Cult-Caff\u00e8-die-R\u00f6sterei-100039719724703\\\/?locale=de_DE\",\"https:\\\/\\\/www.instagram.com\\\/cultcaffe.at\\\/\"],\"hasMerchantReturnPolicy\":{\"@type\":\"MerchantReturnPolicy\",\"merchantReturnLink\":\"https:\\\/\\\/www.cultcaffe.at\\\/cs\\\/agbs\\\/\"},\"telephone\":[],\"openingHoursSpecification\":[{\"@type\":\"OpeningHoursSpecification\",\"dayOfWeek\":[\"Monday\",\"Tuesday\",\"Wednesday\",\"Thursday\",\"Friday\",\"Saturday\",\"Sunday\"],\"opens\":\"09:00\",\"closes\":\"17:00\"}]},{\"@type\":\"ImageObject\",\"inLanguage\":\"cs\",\"@id\":\"https:\\\/\\\/www.cultcaffe.at\\\/produkt\\\/bio-kaffeeseife-90g\\\/#local-main-organization-logo\",\"url\":\"https:\\\/\\\/www.cultcaffe.at\\\/wp-content\\\/uploads\\\/2023\\\/11\\\/cultcaffe_logo_regular_dark-1.svg\",\"contentUrl\":\"https:\\\/\\\/www.cultcaffe.at\\\/wp-content\\\/uploads\\\/2023\\\/11\\\/cultcaffe_logo_regular_dark-1.svg\",\"width\":756,\"height\":474,\"caption\":\"CultCaff\u00e9 Kaffeer\u00f6sterei GmbH\"}]}<\/script>\n<meta property=\"product:price:amount\" content=\"11.00\" \/>\n<meta property=\"product:price:currency\" content=\"EUR\" \/>\n<meta property=\"og:availability\" content=\"instock\" \/>\n<meta property=\"product:availability\" content=\"instock\" \/>\n<meta property=\"product:condition\" content=\"new\" \/>\n<!-- \/ Yoast SEO plugin. -->","yoast_head_json":{"title":"Bio k\u00e1vov\u00e9 m\u00fddlo 90g - CultCaff\u00e9 - bio pra\u017e\u00edrna k\u00e1vy","robots":{"index":"index","follow":"follow","max-snippet":"max-snippet:-1","max-image-preview":"max-image-preview:large","max-video-preview":"max-video-preview:-1"},"canonical":"https:\/\/www.cultcaffe.at\/cs\/produkt\/organicke-kavove-mydlo-90g\/","og_locale":"cs_CZ","og_type":"article","og_title":"Bio-Kaffeeseife 90g - CultCaff\u00e9 - die Bio Kaffee R\u00f6sterei","og_description":"Liebevoll kaltger\u00fchrte Kaffeeseife &#8211; sehr gut geeignet als K\u00fcchenseife gegen div. unerw\u00fcnschte Ger\u00fcche an den H\u00e4nden. Gesiedet mit Kaffee aus den hauseigenen ger\u00f6steten Bio-Kaffeebohnen. Verpackt im h\u00fcbschen Jute-Sackerl, gen\u00e4ht aus den S\u00e4cken der Kaffeebohnen. Wie w\u00e4re es die Kaffeeseife gemeinsam mit einer Packung frisch ger\u00f6steter Kaffeebohnen zu verschenken?","og_url":"https:\/\/www.cultcaffe.at\/cs\/produkt\/organicke-kavove-mydlo-90g\/","og_site_name":"CultCaff\u00e9 - die Bio Kaffee R\u00f6sterei","article_publisher":"https:\/\/www.facebook.com\/p\/Cult-Caff%c3%a8-die-R%c3%b6sterei-100039719724703\/?locale=de_DE","article_modified_time":"2026-03-30T14:14:41+00:00","og_image":[{"width":2560,"height":1707,"url":"https:\/\/www.cultcaffe.at\/wp-content\/uploads\/2024\/03\/IMG_4195-scaled-1.jpg","type":"image\/jpeg"}],"twitter_card":"summary_large_image","twitter_misc":{"Cena":"&euro;&nbsp;11,00","Dostupnost":"Skladem"},"schema":{"@context":"https:\/\/schema.org","@graph":[{"@type":"WebPage","@id":"https:\/\/www.cultcaffe.at\/produkt\/bio-kaffeeseife-90g\/","url":"https:\/\/www.cultcaffe.at\/produkt\/bio-kaffeeseife-90g\/","name":"Bio k\u00e1vov\u00e9 m\u00fddlo 90g - CultCaff\u00e9 - bio pra\u017e\u00edrna k\u00e1vy","isPartOf":{"@id":"https:\/\/www.cultcaffe.at\/#website"},"primaryImageOfPage":{"@id":"https:\/\/www.cultcaffe.at\/produkt\/bio-kaffeeseife-90g\/#primaryimage"},"image":{"@id":"https:\/\/www.cultcaffe.at\/produkt\/bio-kaffeeseife-90g\/#primaryimage"},"thumbnailUrl":"https:\/\/www.cultcaffe.at\/wp-content\/uploads\/2024\/03\/IMG_4195-scaled-1.jpg","datePublished":"2024-03-06T19:01:56+00:00","dateModified":"2026-03-30T14:14:41+00:00","breadcrumb":{"@id":"https:\/\/www.cultcaffe.at\/produkt\/bio-kaffeeseife-90g\/#breadcrumb"},"inLanguage":"cs","potentialAction":[{"@type":"ReadAction","target":["https:\/\/www.cultcaffe.at\/produkt\/bio-kaffeeseife-90g\/"]}]},{"@type":"ImageObject","inLanguage":"cs","@id":"https:\/\/www.cultcaffe.at\/produkt\/bio-kaffeeseife-90g\/#primaryimage","url":"https:\/\/www.cultcaffe.at\/wp-content\/uploads\/2024\/03\/IMG_4195-scaled-1.jpg","contentUrl":"https:\/\/www.cultcaffe.at\/wp-content\/uploads\/2024\/03\/IMG_4195-scaled-1.jpg","width":2560,"height":1707},{"@type":"BreadcrumbList","@id":"https:\/\/www.cultcaffe.at\/produkt\/bio-kaffeeseife-90g\/#breadcrumb","itemListElement":[{"@type":"ListItem","position":1,"name":"Startseite","item":"https:\/\/www.cultcaffe.at\/"},{"@type":"ListItem","position":2,"name":"Produkte","item":"https:\/\/www.cultcaffe.at\/shop\/"},{"@type":"ListItem","position":3,"name":"Bio-Kaffeeseife 90g"}]},{"@type":"WebSite","@id":"https:\/\/www.cultcaffe.at\/#website","url":"https:\/\/www.cultcaffe.at\/","name":"CultCaff\u00e9 - pra\u017e\u00edrna bio k\u00e1vy","description":"L\u00e1ska ke k\u00e1v\u011b","publisher":{"@id":"https:\/\/www.cultcaffe.at\/#organization"},"potentialAction":[{"@type":"SearchAction","target":{"@type":"EntryPoint","urlTemplate":"https:\/\/www.cultcaffe.at\/?s={search_term_string}"},"query-input":{"@type":"PropertyValueSpecification","valueRequired":true,"valueName":"search_term_string"}}],"inLanguage":"cs"},{"@type":["Organization","Place"],"@id":"https:\/\/www.cultcaffe.at\/#organization","name":"CultCaff\u00e9 Coffee Roastery GmbH","alternateName":"CultCaff\u00e9","url":"https:\/\/www.cultcaffe.at\/","logo":{"@id":"https:\/\/www.cultcaffe.at\/produkt\/bio-kaffeeseife-90g\/#local-main-organization-logo"},"image":{"@id":"https:\/\/www.cultcaffe.at\/produkt\/bio-kaffeeseife-90g\/#local-main-organization-logo"},"sameAs":["https:\/\/www.facebook.com\/p\/Cult-Caff\u00e8-die-R\u00f6sterei-100039719724703\/?locale=de_DE","https:\/\/www.instagram.com\/cultcaffe.at\/"],"hasMerchantReturnPolicy":{"@type":"MerchantReturnPolicy","merchantReturnLink":"https:\/\/www.cultcaffe.at\/cs\/agbs\/"},"telephone":[],"openingHoursSpecification":[{"@type":"OpeningHoursSpecification","dayOfWeek":["Monday","Tuesday","Wednesday","Thursday","Friday","Saturday","Sunday"],"opens":"09:00","closes":"17:00"}]},{"@type":"ImageObject","inLanguage":"cs","@id":"https:\/\/www.cultcaffe.at\/produkt\/bio-kaffeeseife-90g\/#local-main-organization-logo","url":"https:\/\/www.cultcaffe.at\/wp-content\/uploads\/2023\/11\/cultcaffe_logo_regular_dark-1.svg","contentUrl":"https:\/\/www.cultcaffe.at\/wp-content\/uploads\/2023\/11\/cultcaffe_logo_regular_dark-1.svg","width":756,"height":474,"caption":"CultCaff\u00e9 Kaffeer\u00f6sterei GmbH"}]},"product_price_amount":"11.00","product_price_currency":"EUR","og_availability":"instock","product_availability":"instock","product_condition":"new"},"_links":{"self":[{"href":"https:\/\/www.cultcaffe.at\/cs\/wp-json\/wp\/v2\/product\/14132","targetHints":{"allow":["GET"]}}],"collection":[{"href":"https:\/\/www.cultcaffe.at\/cs\/wp-json\/wp\/v2\/product"}],"about":[{"href":"https:\/\/www.cultcaffe.at\/cs\/wp-json\/wp\/v2\/types\/product"}],"wp:featuredmedia":[{"embeddable":true,"href":"https:\/\/www.cultcaffe.at\/cs\/wp-json\/wp\/v2\/media\/14193"}],"wp:attachment":[{"href":"https:\/\/www.cultcaffe.at\/cs\/wp-json\/wp\/v2\/media?parent=14132"}],"wp:term":[{"taxonomy":"product_brand","embeddable":true,"href":"https:\/\/www.cultcaffe.at\/cs\/wp-json\/wp\/v2\/product_brand?post=14132"},{"taxonomy":"product_cat","embeddable":true,"href":"https:\/\/www.cultcaffe.at\/cs\/wp-json\/wp\/v2\/product_cat?post=14132"},{"taxonomy":"product_tag","embeddable":true,"href":"https:\/\/www.cultcaffe.at\/cs\/wp-json\/wp\/v2\/product_tag?post=14132"}],"curies":[{"name":"wp","href":"https:\/\/api.w.org\/{rel}","templated":true}]}}