{"id":14030,"date":"2024-03-06T20:00:43","date_gmt":"2024-03-06T19:00:43","guid":{"rendered":"https:\/\/www.cultcaffe.at\/?post_type=product&#038;p=14030"},"modified":"2026-01-21T15:32:16","modified_gmt":"2026-01-21T14:32:16","slug":"orangutanska-kava","status":"publish","type":"product","link":"https:\/\/www.cultcaffe.at\/cs\/produkt\/orang-utan-kaffee\/","title":{"rendered":"Orangutansk\u00e1 k\u00e1va"},"content":{"rendered":"<h3>Orang Utan Coffee \u2013 Exkluzivn\u00ed po\u017eitek z dobr\u00e9ho d\u016fvodu<\/h3>\n<p>Orangutani na Sumat\u0159e \u010del\u00ed vyhynut\u00ed, proto\u017ee mezin\u00e1rodn\u00ed spole\u010dnosti ni\u010d\u00ed de\u0161tn\u00fd prales p\u0159i lovu tropick\u00e9ho d\u0159eva a plant\u00e1\u017e\u00ed.<br \/>\nK\u00e1va Orang Utan poch\u00e1z\u00ed od mal\u00fdch farm\u00e1\u0159sk\u00fdch rodin, kter\u00e9 sv\u00e9 k\u00e1vov\u00e9 zahrady p\u011bstuj\u00ed organicky. Tato metoda p\u011bstov\u00e1n\u00ed zachov\u00e1v\u00e1 p\u0159irozenou rovnov\u00e1hu. Farm\u00e1\u0159i se zavazuj\u00ed chr\u00e1nit de\u0161tn\u00fd prales s jeho zv\u00ed\u0159aty a rostlinami. Na opl\u00e1tku dostanou bonus 0,50 eura za kilogram zelen\u00e9 k\u00e1vy. Dal\u0161\u00edch 0,50 eura jde na Program ochrany orangutan\u016f sumatersk\u00fdch.<\/p>\n<h3>Unik\u00e1tn\u00ed aroma<\/h3>\n<p>Ale tato k\u00e1va nejen chr\u00e1n\u00ed \u017eivotn\u00ed prost\u0159ed\u00ed orangutan\u016f, ale tak\u00e9 skv\u011ble chutn\u00e1. Vlhk\u00e9 klima a mlha sumatersk\u00fdch de\u0161tn\u00fdch prales\u016f dod\u00e1vaj\u00ed t\u00e9to k\u00e1v\u011b Arabica lahodnou v\u016fni melasy, su\u0161en\u00e9ho ovoce a t\u00f3ny kakaa a ban\u00e1nu. Ka\u017ed\u00fd \u0161\u00e1lek slibuje nezapomenuteln\u00fd z\u00e1\u017eitek.<\/p>\n<h3>Udr\u017eitelnost a spravedlnost<\/h3>\n<p>K\u00e1va se p\u011bstuje udr\u017eiteln\u00fdm zp\u016fsobem a farm\u00e1\u0159i dost\u00e1vaj\u00ed <strong>spravedliv\u00e1 mzda<\/strong>. To znamen\u00e1, \u017ee si tuto k\u00e1vu m\u016f\u017eete nejen vychutnat s \u010dist\u00fdm sv\u011bdom\u00edm, ale tak\u00e9 aktivn\u011b p\u0159isp\u011bt ke zlep\u0161en\u00ed \u017eivotn\u00edch podm\u00ednek p\u011bstitel\u016f k\u00e1vy.<\/p>\n<p>Ochutnejte k\u00e1vu Orang Utan a p\u0159esv\u011bd\u010dte se o jej\u00ed jedine\u010dn\u00e9 chuti a pozitivn\u00edm vlivu na lidi i p\u0159\u00edrodu.<\/p>","protected":false},"excerpt":{"rendered":"<ul>\n<li class=\"bullet-checkmark\">Unik\u00e1tn\u00ed v\u016fn\u011b s t\u00f3ny su\u0161en\u00e9ho ovoce, kakaa a ban\u00e1n\u016f.<\/li>\n<li class=\"bullet-checkmark\">Udr\u017eiteln\u00e9 p\u011bstov\u00e1n\u00ed a spravedliv\u00e9 platby pro zem\u011bd\u011blce.<\/li>\n<li class=\"bullet-checkmark\">Podpora druh\u016f a ochrany \u017eivotn\u00edho prost\u0159ed\u00ed.<\/li>\n<\/ul>","protected":false},"featured_media":14965,"template":"","meta":{"inline_featured_image":false},"product_brand":[],"product_cat":[199],"product_tag":[63,83,107,94,61,60,84,59,62,108],"class_list":{"0":"post-14030","1":"product","2":"type-product","3":"status-publish","4":"has-post-thumbnail","6":"product_cat-kaffee","7":"product_tag-100-arabica","8":"product_tag-cappuccino","9":"product_tag-coffee","10":"product_tag-cult-caffe","11":"product_tag-cultcaffe","12":"product_tag-espresso","13":"product_tag-french-press","14":"product_tag-kaffee","15":"product_tag-kaffeegenuss","16":"product_tag-roastery","18":"first","19":"instock","20":"taxable","21":"shipping-taxable","22":"purchasable","23":"product-type-variable","24":"has-default-attributes"},"yoast_head":"<!-- This site is optimized with the Yoast SEO plugin v27.5 - https:\/\/yoast.com\/product\/yoast-seo-wordpress\/ -->\n<title>Orang Utan Kaffee - CultCaff\u00e9 - die Bio Kaffee R\u00f6sterei<\/title>\n<meta name=\"description\" content=\"Mischung: 100% Arabica | St\u00e4rke: 3 | Einzigartiges Aroma mit Noten von Trockenfr\u00fcchten, Kakao und Bananen.\" \/>\n<meta name=\"robots\" content=\"index, follow, max-snippet:-1, max-image-preview:large, max-video-preview:-1\" \/>\n<link rel=\"canonical\" href=\"https:\/\/www.cultcaffe.at\/cs\/produkt\/orangutanska-kava\/\" \/>\n<meta property=\"og:locale\" content=\"cs_CZ\" \/>\n<meta property=\"og:type\" content=\"article\" \/>\n<meta property=\"og:title\" content=\"Orang Utan Kaffee - CultCaff\u00e9 - die Bio Kaffee R\u00f6sterei\" \/>\n<meta property=\"og:description\" content=\"Mischung: 100% Arabica | St\u00e4rke: 3 | Einzigartiges Aroma mit Noten von Trockenfr\u00fcchten, Kakao und Bananen.\" \/>\n<meta property=\"og:url\" content=\"https:\/\/www.cultcaffe.at\/cs\/produkt\/orangutanska-kava\/\" \/>\n<meta property=\"og:site_name\" content=\"CultCaff\u00e9 - die Bio Kaffee R\u00f6sterei\" \/>\n<meta property=\"article:publisher\" content=\"https:\/\/www.facebook.com\/p\/Cult-Caff%c3%a8-die-R%c3%b6sterei-100039719724703\/?locale=de_DE\" \/>\n<meta property=\"article:modified_time\" content=\"2026-01-21T14:32:16+00:00\" \/>\n<meta property=\"og:image\" content=\"https:\/\/www.cultcaffe.at\/wp-content\/uploads\/2024\/03\/Cult-Caffe_Kaffee-Bohnen_Orang-Utan.jpg\" \/>\n\t<meta property=\"og:image:width\" content=\"2000\" \/>\n\t<meta property=\"og:image:height\" content=\"2000\" \/>\n\t<meta property=\"og:image:type\" content=\"image\/jpeg\" \/>\n<meta name=\"twitter:card\" content=\"summary_large_image\" \/>\n<meta name=\"twitter:label1\" content=\"Dostupnost\" \/>\n\t<meta name=\"twitter:data1\" content=\"Skladem\" \/>\n<script type=\"application\/ld+json\" class=\"yoast-schema-graph\">{\"@context\":\"https:\\\/\\\/schema.org\",\"@graph\":[{\"@type\":\"WebPage\",\"@id\":\"https:\\\/\\\/www.cultcaffe.at\\\/produkt\\\/orang-utan-kaffee\\\/\",\"url\":\"https:\\\/\\\/www.cultcaffe.at\\\/produkt\\\/orang-utan-kaffee\\\/\",\"name\":\"Orang Utan Kaffee - CultCaff\u00e9 - die Bio Kaffee R\u00f6sterei\",\"isPartOf\":{\"@id\":\"https:\\\/\\\/www.cultcaffe.at\\\/#website\"},\"primaryImageOfPage\":{\"@id\":\"https:\\\/\\\/www.cultcaffe.at\\\/produkt\\\/orang-utan-kaffee\\\/#primaryimage\"},\"image\":{\"@id\":\"https:\\\/\\\/www.cultcaffe.at\\\/produkt\\\/orang-utan-kaffee\\\/#primaryimage\"},\"thumbnailUrl\":\"https:\\\/\\\/www.cultcaffe.at\\\/wp-content\\\/uploads\\\/2024\\\/03\\\/Cult-Caffe_Kaffee-Bohnen_Orang-Utan.jpg\",\"datePublished\":\"2024-03-06T19:00:43+00:00\",\"dateModified\":\"2026-01-21T14:32:16+00:00\",\"description\":\"Mischung: 100% Arabica | St\u00e4rke: 3 | Einzigartiges Aroma mit Noten von Trockenfr\u00fcchten, Kakao und Bananen.\",\"breadcrumb\":{\"@id\":\"https:\\\/\\\/www.cultcaffe.at\\\/produkt\\\/orang-utan-kaffee\\\/#breadcrumb\"},\"inLanguage\":\"cs\",\"potentialAction\":[{\"@type\":\"ReadAction\",\"target\":[\"https:\\\/\\\/www.cultcaffe.at\\\/produkt\\\/orang-utan-kaffee\\\/\"]}]},{\"@type\":\"ImageObject\",\"inLanguage\":\"cs\",\"@id\":\"https:\\\/\\\/www.cultcaffe.at\\\/produkt\\\/orang-utan-kaffee\\\/#primaryimage\",\"url\":\"https:\\\/\\\/www.cultcaffe.at\\\/wp-content\\\/uploads\\\/2024\\\/03\\\/Cult-Caffe_Kaffee-Bohnen_Orang-Utan.jpg\",\"contentUrl\":\"https:\\\/\\\/www.cultcaffe.at\\\/wp-content\\\/uploads\\\/2024\\\/03\\\/Cult-Caffe_Kaffee-Bohnen_Orang-Utan.jpg\",\"width\":2000,\"height\":2000},{\"@type\":\"BreadcrumbList\",\"@id\":\"https:\\\/\\\/www.cultcaffe.at\\\/produkt\\\/orang-utan-kaffee\\\/#breadcrumb\",\"itemListElement\":[{\"@type\":\"ListItem\",\"position\":1,\"name\":\"Startseite\",\"item\":\"https:\\\/\\\/www.cultcaffe.at\\\/\"},{\"@type\":\"ListItem\",\"position\":2,\"name\":\"Produkte\",\"item\":\"https:\\\/\\\/www.cultcaffe.at\\\/shop\\\/\"},{\"@type\":\"ListItem\",\"position\":3,\"name\":\"Orang Utan Kaffee\"}]},{\"@type\":\"WebSite\",\"@id\":\"https:\\\/\\\/www.cultcaffe.at\\\/#website\",\"url\":\"https:\\\/\\\/www.cultcaffe.at\\\/\",\"name\":\"CultCaff\u00e9 - die Bio Kaffee R\u00f6sterei\",\"description\":\"Liebe zum Kaffee\",\"publisher\":{\"@id\":\"https:\\\/\\\/www.cultcaffe.at\\\/#organization\"},\"potentialAction\":[{\"@type\":\"SearchAction\",\"target\":{\"@type\":\"EntryPoint\",\"urlTemplate\":\"https:\\\/\\\/www.cultcaffe.at\\\/?s={search_term_string}\"},\"query-input\":{\"@type\":\"PropertyValueSpecification\",\"valueRequired\":true,\"valueName\":\"search_term_string\"}}],\"inLanguage\":\"cs\"},{\"@type\":[\"Organization\",\"Place\"],\"@id\":\"https:\\\/\\\/www.cultcaffe.at\\\/#organization\",\"name\":\"CultCaff\u00e9 Kaffeer\u00f6sterei GmbH\",\"alternateName\":\"CultCaff\u00e9\",\"url\":\"https:\\\/\\\/www.cultcaffe.at\\\/\",\"logo\":{\"@id\":\"https:\\\/\\\/www.cultcaffe.at\\\/produkt\\\/orang-utan-kaffee\\\/#local-main-organization-logo\"},\"image\":{\"@id\":\"https:\\\/\\\/www.cultcaffe.at\\\/produkt\\\/orang-utan-kaffee\\\/#local-main-organization-logo\"},\"sameAs\":[\"https:\\\/\\\/www.facebook.com\\\/p\\\/Cult-Caff\u00e8-die-R\u00f6sterei-100039719724703\\\/?locale=de_DE\",\"https:\\\/\\\/www.instagram.com\\\/cultcaffe.at\\\/\"],\"hasMerchantReturnPolicy\":{\"@type\":\"MerchantReturnPolicy\",\"merchantReturnLink\":\"https:\\\/\\\/www.cultcaffe.at\\\/cs\\\/agbs\\\/\"},\"telephone\":[],\"openingHoursSpecification\":[{\"@type\":\"OpeningHoursSpecification\",\"dayOfWeek\":[\"Monday\",\"Tuesday\",\"Wednesday\",\"Thursday\",\"Friday\",\"Saturday\",\"Sunday\"],\"opens\":\"09:00\",\"closes\":\"17:00\"}]},{\"@type\":\"ImageObject\",\"inLanguage\":\"cs\",\"@id\":\"https:\\\/\\\/www.cultcaffe.at\\\/produkt\\\/orang-utan-kaffee\\\/#local-main-organization-logo\",\"url\":\"https:\\\/\\\/www.cultcaffe.at\\\/wp-content\\\/uploads\\\/2023\\\/11\\\/cultcaffe_logo_regular_dark-1.svg\",\"contentUrl\":\"https:\\\/\\\/www.cultcaffe.at\\\/wp-content\\\/uploads\\\/2023\\\/11\\\/cultcaffe_logo_regular_dark-1.svg\",\"width\":756,\"height\":474,\"caption\":\"CultCaff\u00e9 Kaffeer\u00f6sterei GmbH\"}]}<\/script>\n<meta property=\"og:availability\" content=\"instock\" \/>\n<meta property=\"product:availability\" content=\"instock\" \/>\n<meta property=\"product:condition\" content=\"new\" \/>\n<!-- \/ Yoast SEO plugin. -->","yoast_head_json":{"title":"Orang Utan Coffee - CultCaff\u00e9 - pra\u017e\u00edrna bio k\u00e1vy","description":"Sm\u011bs: 100% Arabica | S\u00edla: 3 | Unik\u00e1tn\u00ed aroma s t\u00f3ny su\u0161en\u00e9ho ovoce, kakaa a ban\u00e1n\u016f.","robots":{"index":"index","follow":"follow","max-snippet":"max-snippet:-1","max-image-preview":"max-image-preview:large","max-video-preview":"max-video-preview:-1"},"canonical":"https:\/\/www.cultcaffe.at\/cs\/produkt\/orangutanska-kava\/","og_locale":"cs_CZ","og_type":"article","og_title":"Orang Utan Kaffee - CultCaff\u00e9 - die Bio Kaffee R\u00f6sterei","og_description":"Mischung: 100% Arabica | St\u00e4rke: 3 | Einzigartiges Aroma mit Noten von Trockenfr\u00fcchten, Kakao und Bananen.","og_url":"https:\/\/www.cultcaffe.at\/cs\/produkt\/orangutanska-kava\/","og_site_name":"CultCaff\u00e9 - die Bio Kaffee R\u00f6sterei","article_publisher":"https:\/\/www.facebook.com\/p\/Cult-Caff%c3%a8-die-R%c3%b6sterei-100039719724703\/?locale=de_DE","article_modified_time":"2026-01-21T14:32:16+00:00","og_image":[{"width":2000,"height":2000,"url":"https:\/\/www.cultcaffe.at\/wp-content\/uploads\/2024\/03\/Cult-Caffe_Kaffee-Bohnen_Orang-Utan.jpg","type":"image\/jpeg"}],"twitter_card":"summary_large_image","twitter_misc":{"Dostupnost":"Skladem"},"schema":{"@context":"https:\/\/schema.org","@graph":[{"@type":"WebPage","@id":"https:\/\/www.cultcaffe.at\/produkt\/orang-utan-kaffee\/","url":"https:\/\/www.cultcaffe.at\/produkt\/orang-utan-kaffee\/","name":"Orang Utan Coffee - CultCaff\u00e9 - pra\u017e\u00edrna bio k\u00e1vy","isPartOf":{"@id":"https:\/\/www.cultcaffe.at\/#website"},"primaryImageOfPage":{"@id":"https:\/\/www.cultcaffe.at\/produkt\/orang-utan-kaffee\/#primaryimage"},"image":{"@id":"https:\/\/www.cultcaffe.at\/produkt\/orang-utan-kaffee\/#primaryimage"},"thumbnailUrl":"https:\/\/www.cultcaffe.at\/wp-content\/uploads\/2024\/03\/Cult-Caffe_Kaffee-Bohnen_Orang-Utan.jpg","datePublished":"2024-03-06T19:00:43+00:00","dateModified":"2026-01-21T14:32:16+00:00","description":"Sm\u011bs: 100% Arabica | S\u00edla: 3 | Unik\u00e1tn\u00ed aroma s t\u00f3ny su\u0161en\u00e9ho ovoce, kakaa a ban\u00e1n\u016f.","breadcrumb":{"@id":"https:\/\/www.cultcaffe.at\/produkt\/orang-utan-kaffee\/#breadcrumb"},"inLanguage":"cs","potentialAction":[{"@type":"ReadAction","target":["https:\/\/www.cultcaffe.at\/produkt\/orang-utan-kaffee\/"]}]},{"@type":"ImageObject","inLanguage":"cs","@id":"https:\/\/www.cultcaffe.at\/produkt\/orang-utan-kaffee\/#primaryimage","url":"https:\/\/www.cultcaffe.at\/wp-content\/uploads\/2024\/03\/Cult-Caffe_Kaffee-Bohnen_Orang-Utan.jpg","contentUrl":"https:\/\/www.cultcaffe.at\/wp-content\/uploads\/2024\/03\/Cult-Caffe_Kaffee-Bohnen_Orang-Utan.jpg","width":2000,"height":2000},{"@type":"BreadcrumbList","@id":"https:\/\/www.cultcaffe.at\/produkt\/orang-utan-kaffee\/#breadcrumb","itemListElement":[{"@type":"ListItem","position":1,"name":"Startseite","item":"https:\/\/www.cultcaffe.at\/"},{"@type":"ListItem","position":2,"name":"Produkte","item":"https:\/\/www.cultcaffe.at\/shop\/"},{"@type":"ListItem","position":3,"name":"Orang Utan Kaffee"}]},{"@type":"WebSite","@id":"https:\/\/www.cultcaffe.at\/#website","url":"https:\/\/www.cultcaffe.at\/","name":"CultCaff\u00e9 - pra\u017e\u00edrna bio k\u00e1vy","description":"L\u00e1ska ke k\u00e1v\u011b","publisher":{"@id":"https:\/\/www.cultcaffe.at\/#organization"},"potentialAction":[{"@type":"SearchAction","target":{"@type":"EntryPoint","urlTemplate":"https:\/\/www.cultcaffe.at\/?s={search_term_string}"},"query-input":{"@type":"PropertyValueSpecification","valueRequired":true,"valueName":"search_term_string"}}],"inLanguage":"cs"},{"@type":["Organization","Place"],"@id":"https:\/\/www.cultcaffe.at\/#organization","name":"CultCaff\u00e9 Coffee Roastery GmbH","alternateName":"CultCaff\u00e9","url":"https:\/\/www.cultcaffe.at\/","logo":{"@id":"https:\/\/www.cultcaffe.at\/produkt\/orang-utan-kaffee\/#local-main-organization-logo"},"image":{"@id":"https:\/\/www.cultcaffe.at\/produkt\/orang-utan-kaffee\/#local-main-organization-logo"},"sameAs":["https:\/\/www.facebook.com\/p\/Cult-Caff\u00e8-die-R\u00f6sterei-100039719724703\/?locale=de_DE","https:\/\/www.instagram.com\/cultcaffe.at\/"],"hasMerchantReturnPolicy":{"@type":"MerchantReturnPolicy","merchantReturnLink":"https:\/\/www.cultcaffe.at\/cs\/agbs\/"},"telephone":[],"openingHoursSpecification":[{"@type":"OpeningHoursSpecification","dayOfWeek":["Monday","Tuesday","Wednesday","Thursday","Friday","Saturday","Sunday"],"opens":"09:00","closes":"17:00"}]},{"@type":"ImageObject","inLanguage":"cs","@id":"https:\/\/www.cultcaffe.at\/produkt\/orang-utan-kaffee\/#local-main-organization-logo","url":"https:\/\/www.cultcaffe.at\/wp-content\/uploads\/2023\/11\/cultcaffe_logo_regular_dark-1.svg","contentUrl":"https:\/\/www.cultcaffe.at\/wp-content\/uploads\/2023\/11\/cultcaffe_logo_regular_dark-1.svg","width":756,"height":474,"caption":"CultCaff\u00e9 Kaffeer\u00f6sterei GmbH"}]},"og_availability":"instock","product_availability":"instock","product_condition":"new"},"_links":{"self":[{"href":"https:\/\/www.cultcaffe.at\/cs\/wp-json\/wp\/v2\/product\/14030","targetHints":{"allow":["GET"]}}],"collection":[{"href":"https:\/\/www.cultcaffe.at\/cs\/wp-json\/wp\/v2\/product"}],"about":[{"href":"https:\/\/www.cultcaffe.at\/cs\/wp-json\/wp\/v2\/types\/product"}],"wp:featuredmedia":[{"embeddable":true,"href":"https:\/\/www.cultcaffe.at\/cs\/wp-json\/wp\/v2\/media\/14965"}],"wp:attachment":[{"href":"https:\/\/www.cultcaffe.at\/cs\/wp-json\/wp\/v2\/media?parent=14030"}],"wp:term":[{"taxonomy":"product_brand","embeddable":true,"href":"https:\/\/www.cultcaffe.at\/cs\/wp-json\/wp\/v2\/product_brand?post=14030"},{"taxonomy":"product_cat","embeddable":true,"href":"https:\/\/www.cultcaffe.at\/cs\/wp-json\/wp\/v2\/product_cat?post=14030"},{"taxonomy":"product_tag","embeddable":true,"href":"https:\/\/www.cultcaffe.at\/cs\/wp-json\/wp\/v2\/product_tag?post=14030"}],"curies":[{"name":"wp","href":"https:\/\/api.w.org\/{rel}","templated":true}]}}