{"id":14000,"date":"2024-03-06T20:00:21","date_gmt":"2024-03-06T19:00:21","guid":{"rendered":"https:\/\/www.cultcaffe.at\/?post_type=product&#038;p=14000"},"modified":"2026-01-21T15:30:13","modified_gmt":"2026-01-21T14:30:13","slug":"mexiko-pablo-e","status":"publish","type":"product","link":"https:\/\/www.cultcaffe.at\/cs\/produkt\/mexico-pablo-e\/","title":{"rendered":"Mexiko Pablo E."},"content":{"rendered":"<h3><strong>Mexiko Pablo E. \u2013 Jemn\u011b ko\u0159en\u011bn\u00e1 k\u00e1va z ji\u017en\u00edho Mexika<\/strong><\/h3>\n<p>U\u017eijte si jedine\u010dnou chu\u0165 <strong>Arabica k\u00e1vy<\/strong> z tepl\u00e9ho jihu Mexika. Ten\/Ta\/To <strong>vysoce kvalitn\u00ed fazole<\/strong> jsou pe\u010dliv\u011b zpracov\u00e1ny, aby bylo zaji\u0161t\u011bno <strong>vyv\u00e1\u017een\u00e1 v\u016fn\u011b<\/strong> zaru\u010dit.<br \/>\nArabiky z Mexika jsou jemn\u011b ko\u0159en\u011bn\u00e9 a vyv\u00e1\u017een\u00e9. Mexick\u00e9 k\u00e1v\u011b se da\u0159\u00ed zejm\u00e9na v tepl\u00e9m jihu zem\u011b.<br \/>\nN\u011bkter\u00e9 z nejlep\u0161\u00edch odr\u016fd poch\u00e1zej\u00ed z oblasti Chiapas. Na atlantick\u00e9 stran\u011b Chiapasu, v regionech Jaltenago a Villa Corzo, p\u011bstuj\u00ed drobn\u00ed farm\u00e1\u0159i arabiky odr\u016fd \u201eTipica\u201c a \u201eBourbon\u201c. Je rozdrcena, promyta a ru\u010dn\u011b su\u0161ena na slunci.<\/p>\n<h3>Charakteristika:<\/h3>\n<ul>\n<li><strong>Jemn\u011b pikantn\u00ed chu\u0165:<\/strong> Mexick\u00e9 arabiky zaujmou svou jemnou ko\u0159enitost\u00ed, d\u00edky n\u00ed\u017e je ka\u017ed\u00fd dou\u0161ek z\u00e1\u017eitkem.<\/li>\n<li><strong>Vyv\u00e1\u017een\u00e1 v\u016fn\u011b:<\/strong> K\u00e1va Mexico Pablo E. zaujme sv\u00fdm harmonick\u00fdm a vyv\u00e1\u017een\u00fdm aroma, kter\u00e9 si milovn\u00edci k\u00e1vy cen\u00ed.<\/li>\n<li><strong>P\u016fvod z tepl\u00e9ho jihu Mexika:<\/strong> Zrna poch\u00e1zej\u00ed ze sluncem zalit\u00e9ho jihu Mexika, kde dozr\u00e1vaj\u00ed za ide\u00e1ln\u00edch podm\u00ednek.<\/li>\n<li><strong>Vysoce kvalitn\u00ed zrna Arabica:<\/strong> Pro tuto k\u00e1vu se pou\u017e\u00edvaj\u00ed pouze ta nejlep\u0161\u00ed zrna Arabica, aby byla zaji\u0161t\u011bna nejvy\u0161\u0161\u00ed kvalita.<\/li>\n<li><strong>Ide\u00e1ln\u00ed pro milovn\u00edky k\u00e1vy:<\/strong> K\u00e1va Mexico Pablo E. je nutnost\u00ed pro ka\u017ed\u00e9ho, kdo oce\u0148uje kvalitn\u00ed k\u00e1vu s vyv\u00e1\u017eenou chut\u00ed.<\/li>\n<\/ul>\n<p>Objevte rozmanitost a kvalitu mexick\u00e9 k\u00e1vy s k\u00e1vou Mexico Pablo E. a h\u00fd\u010dkejte sv\u00e9 jaz\u00fd\u010dky s ka\u017ed\u00fdm dou\u0161kem.<\/p>","protected":false},"excerpt":{"rendered":"<ul>\n<li class=\"bullet-checkmark\">Jemn\u011b ko\u0159en\u011bn\u00e1 chu\u0165, vyv\u00e1\u017een\u00e9 aroma<\/li>\n<li class=\"bullet-checkmark\">Ide\u00e1ln\u00ed pro milovn\u00edky k\u00e1vy, kte\u0159\u00ed maj\u00ed r\u00e1di n\u011bco speci\u00e1ln\u00edho<\/li>\n<\/ul>","protected":false},"featured_media":14966,"template":"","meta":{"inline_featured_image":false},"product_brand":[],"product_cat":[199],"product_tag":[63,61,60,91,92,84,59,62],"class_list":{"0":"post-14000","1":"product","2":"type-product","3":"status-publish","4":"has-post-thumbnail","6":"product_cat-kaffee","7":"product_tag-100-arabica","8":"product_tag-cultcaffe","9":"product_tag-espresso","10":"product_tag-filter","11":"product_tag-filterkaffee","12":"product_tag-french-press","13":"product_tag-kaffee","14":"product_tag-kaffeegenuss","16":"first","17":"instock","18":"taxable","19":"shipping-taxable","20":"purchasable","21":"product-type-variable","22":"has-default-attributes"},"yoast_head":"<!-- This site is optimized with the Yoast SEO plugin v27.4 - https:\/\/yoast.com\/product\/yoast-seo-wordpress\/ -->\n<title>Mexico Pablo E. - CultCaff\u00e9 - die Bio Kaffee R\u00f6sterei<\/title>\n<meta name=\"description\" content=\"Mischung: 100 % Arabica, Herkunft aus dem warmen S\u00fcden Mexikos | St\u00e4rke: 3 | Feinw\u00fcrziger Geschmack, ausgewogenes Aroma\" \/>\n<meta name=\"robots\" content=\"index, follow, max-snippet:-1, max-image-preview:large, max-video-preview:-1\" \/>\n<link rel=\"canonical\" href=\"https:\/\/www.cultcaffe.at\/cs\/produkt\/mexiko-pablo-e\/\" \/>\n<meta property=\"og:locale\" content=\"cs_CZ\" \/>\n<meta property=\"og:type\" content=\"article\" \/>\n<meta property=\"og:title\" content=\"Mexico Pablo E. - CultCaff\u00e9 - die Bio Kaffee R\u00f6sterei\" \/>\n<meta property=\"og:description\" content=\"Mischung: 100 % Arabica, Herkunft aus dem warmen S\u00fcden Mexikos | St\u00e4rke: 3 | Feinw\u00fcrziger Geschmack, ausgewogenes Aroma\" \/>\n<meta property=\"og:url\" content=\"https:\/\/www.cultcaffe.at\/cs\/produkt\/mexiko-pablo-e\/\" \/>\n<meta property=\"og:site_name\" content=\"CultCaff\u00e9 - die Bio Kaffee R\u00f6sterei\" \/>\n<meta property=\"article:publisher\" content=\"https:\/\/www.facebook.com\/p\/Cult-Caff%c3%a8-die-R%c3%b6sterei-100039719724703\/?locale=de_DE\" \/>\n<meta property=\"article:modified_time\" content=\"2026-01-21T14:30:13+00:00\" \/>\n<meta property=\"og:image\" content=\"https:\/\/www.cultcaffe.at\/wp-content\/uploads\/2024\/03\/Cult-Caffe_Kaffee-Bohnen_Mexico-.jpg\" \/>\n\t<meta property=\"og:image:width\" content=\"2000\" \/>\n\t<meta property=\"og:image:height\" content=\"2000\" \/>\n\t<meta property=\"og:image:type\" content=\"image\/jpeg\" \/>\n<meta name=\"twitter:card\" content=\"summary_large_image\" \/>\n<meta name=\"twitter:label1\" content=\"Dostupnost\" \/>\n\t<meta name=\"twitter:data1\" content=\"Skladem\" \/>\n<script type=\"application\/ld+json\" class=\"yoast-schema-graph\">{\"@context\":\"https:\\\/\\\/schema.org\",\"@graph\":[{\"@type\":\"WebPage\",\"@id\":\"https:\\\/\\\/www.cultcaffe.at\\\/produkt\\\/mexico-pablo-e\\\/\",\"url\":\"https:\\\/\\\/www.cultcaffe.at\\\/produkt\\\/mexico-pablo-e\\\/\",\"name\":\"Mexico Pablo E. - CultCaff\u00e9 - die Bio Kaffee R\u00f6sterei\",\"isPartOf\":{\"@id\":\"https:\\\/\\\/www.cultcaffe.at\\\/#website\"},\"primaryImageOfPage\":{\"@id\":\"https:\\\/\\\/www.cultcaffe.at\\\/produkt\\\/mexico-pablo-e\\\/#primaryimage\"},\"image\":{\"@id\":\"https:\\\/\\\/www.cultcaffe.at\\\/produkt\\\/mexico-pablo-e\\\/#primaryimage\"},\"thumbnailUrl\":\"https:\\\/\\\/www.cultcaffe.at\\\/wp-content\\\/uploads\\\/2024\\\/03\\\/Cult-Caffe_Kaffee-Bohnen_Mexico-.jpg\",\"datePublished\":\"2024-03-06T19:00:21+00:00\",\"dateModified\":\"2026-01-21T14:30:13+00:00\",\"description\":\"Mischung: 100 % Arabica, Herkunft aus dem warmen S\u00fcden Mexikos | St\u00e4rke: 3 | Feinw\u00fcrziger Geschmack, ausgewogenes Aroma\",\"breadcrumb\":{\"@id\":\"https:\\\/\\\/www.cultcaffe.at\\\/produkt\\\/mexico-pablo-e\\\/#breadcrumb\"},\"inLanguage\":\"cs\",\"potentialAction\":[{\"@type\":\"ReadAction\",\"target\":[\"https:\\\/\\\/www.cultcaffe.at\\\/produkt\\\/mexico-pablo-e\\\/\"]}]},{\"@type\":\"ImageObject\",\"inLanguage\":\"cs\",\"@id\":\"https:\\\/\\\/www.cultcaffe.at\\\/produkt\\\/mexico-pablo-e\\\/#primaryimage\",\"url\":\"https:\\\/\\\/www.cultcaffe.at\\\/wp-content\\\/uploads\\\/2024\\\/03\\\/Cult-Caffe_Kaffee-Bohnen_Mexico-.jpg\",\"contentUrl\":\"https:\\\/\\\/www.cultcaffe.at\\\/wp-content\\\/uploads\\\/2024\\\/03\\\/Cult-Caffe_Kaffee-Bohnen_Mexico-.jpg\",\"width\":2000,\"height\":2000},{\"@type\":\"BreadcrumbList\",\"@id\":\"https:\\\/\\\/www.cultcaffe.at\\\/produkt\\\/mexico-pablo-e\\\/#breadcrumb\",\"itemListElement\":[{\"@type\":\"ListItem\",\"position\":1,\"name\":\"Startseite\",\"item\":\"https:\\\/\\\/www.cultcaffe.at\\\/\"},{\"@type\":\"ListItem\",\"position\":2,\"name\":\"Produkte\",\"item\":\"https:\\\/\\\/www.cultcaffe.at\\\/shop\\\/\"},{\"@type\":\"ListItem\",\"position\":3,\"name\":\"Mexico Pablo E.\"}]},{\"@type\":\"WebSite\",\"@id\":\"https:\\\/\\\/www.cultcaffe.at\\\/#website\",\"url\":\"https:\\\/\\\/www.cultcaffe.at\\\/\",\"name\":\"CultCaff\u00e9 - die Bio Kaffee R\u00f6sterei\",\"description\":\"Liebe zum Kaffee\",\"publisher\":{\"@id\":\"https:\\\/\\\/www.cultcaffe.at\\\/#organization\"},\"potentialAction\":[{\"@type\":\"SearchAction\",\"target\":{\"@type\":\"EntryPoint\",\"urlTemplate\":\"https:\\\/\\\/www.cultcaffe.at\\\/?s={search_term_string}\"},\"query-input\":{\"@type\":\"PropertyValueSpecification\",\"valueRequired\":true,\"valueName\":\"search_term_string\"}}],\"inLanguage\":\"cs\"},{\"@type\":[\"Organization\",\"Place\"],\"@id\":\"https:\\\/\\\/www.cultcaffe.at\\\/#organization\",\"name\":\"CultCaff\u00e9 Kaffeer\u00f6sterei GmbH\",\"alternateName\":\"CultCaff\u00e9\",\"url\":\"https:\\\/\\\/www.cultcaffe.at\\\/\",\"logo\":{\"@id\":\"https:\\\/\\\/www.cultcaffe.at\\\/produkt\\\/mexico-pablo-e\\\/#local-main-organization-logo\"},\"image\":{\"@id\":\"https:\\\/\\\/www.cultcaffe.at\\\/produkt\\\/mexico-pablo-e\\\/#local-main-organization-logo\"},\"sameAs\":[\"https:\\\/\\\/www.facebook.com\\\/p\\\/Cult-Caff\u00e8-die-R\u00f6sterei-100039719724703\\\/?locale=de_DE\",\"https:\\\/\\\/www.instagram.com\\\/cultcaffe.at\\\/\"],\"hasMerchantReturnPolicy\":{\"@type\":\"MerchantReturnPolicy\",\"merchantReturnLink\":\"https:\\\/\\\/www.cultcaffe.at\\\/cs\\\/agbs\\\/\"},\"telephone\":[],\"openingHoursSpecification\":[{\"@type\":\"OpeningHoursSpecification\",\"dayOfWeek\":[\"Monday\",\"Tuesday\",\"Wednesday\",\"Thursday\",\"Friday\",\"Saturday\",\"Sunday\"],\"opens\":\"09:00\",\"closes\":\"17:00\"}]},{\"@type\":\"ImageObject\",\"inLanguage\":\"cs\",\"@id\":\"https:\\\/\\\/www.cultcaffe.at\\\/produkt\\\/mexico-pablo-e\\\/#local-main-organization-logo\",\"url\":\"https:\\\/\\\/www.cultcaffe.at\\\/wp-content\\\/uploads\\\/2023\\\/11\\\/cultcaffe_logo_regular_dark-1.svg\",\"contentUrl\":\"https:\\\/\\\/www.cultcaffe.at\\\/wp-content\\\/uploads\\\/2023\\\/11\\\/cultcaffe_logo_regular_dark-1.svg\",\"width\":756,\"height\":474,\"caption\":\"CultCaff\u00e9 Kaffeer\u00f6sterei GmbH\"}]}<\/script>\n<meta property=\"og:availability\" content=\"instock\" \/>\n<meta property=\"product:availability\" content=\"instock\" \/>\n<meta property=\"product:condition\" content=\"new\" \/>\n<!-- \/ Yoast SEO plugin. -->","yoast_head_json":{"title":"Mexiko Pablo E. - CultCaff\u00e9 - pra\u017e\u00edrna bio k\u00e1vy","description":"Sm\u011bs: 100% Arabica %, p\u016fvodem z tepl\u00e9ho jihu Mexika | S\u00edla: 3 | Jemn\u011b ko\u0159en\u011bn\u00e1 chu\u0165, vyv\u00e1\u017een\u00e9 aroma","robots":{"index":"index","follow":"follow","max-snippet":"max-snippet:-1","max-image-preview":"max-image-preview:large","max-video-preview":"max-video-preview:-1"},"canonical":"https:\/\/www.cultcaffe.at\/cs\/produkt\/mexiko-pablo-e\/","og_locale":"cs_CZ","og_type":"article","og_title":"Mexico Pablo E. - CultCaff\u00e9 - die Bio Kaffee R\u00f6sterei","og_description":"Mischung: 100 % Arabica, Herkunft aus dem warmen S\u00fcden Mexikos | St\u00e4rke: 3 | Feinw\u00fcrziger Geschmack, ausgewogenes Aroma","og_url":"https:\/\/www.cultcaffe.at\/cs\/produkt\/mexiko-pablo-e\/","og_site_name":"CultCaff\u00e9 - die Bio Kaffee R\u00f6sterei","article_publisher":"https:\/\/www.facebook.com\/p\/Cult-Caff%c3%a8-die-R%c3%b6sterei-100039719724703\/?locale=de_DE","article_modified_time":"2026-01-21T14:30:13+00:00","og_image":[{"width":2000,"height":2000,"url":"https:\/\/www.cultcaffe.at\/wp-content\/uploads\/2024\/03\/Cult-Caffe_Kaffee-Bohnen_Mexico-.jpg","type":"image\/jpeg"}],"twitter_card":"summary_large_image","twitter_misc":{"Dostupnost":"Skladem"},"schema":{"@context":"https:\/\/schema.org","@graph":[{"@type":"WebPage","@id":"https:\/\/www.cultcaffe.at\/produkt\/mexico-pablo-e\/","url":"https:\/\/www.cultcaffe.at\/produkt\/mexico-pablo-e\/","name":"Mexiko Pablo E. - CultCaff\u00e9 - pra\u017e\u00edrna bio k\u00e1vy","isPartOf":{"@id":"https:\/\/www.cultcaffe.at\/#website"},"primaryImageOfPage":{"@id":"https:\/\/www.cultcaffe.at\/produkt\/mexico-pablo-e\/#primaryimage"},"image":{"@id":"https:\/\/www.cultcaffe.at\/produkt\/mexico-pablo-e\/#primaryimage"},"thumbnailUrl":"https:\/\/www.cultcaffe.at\/wp-content\/uploads\/2024\/03\/Cult-Caffe_Kaffee-Bohnen_Mexico-.jpg","datePublished":"2024-03-06T19:00:21+00:00","dateModified":"2026-01-21T14:30:13+00:00","description":"Sm\u011bs: 100% Arabica %, p\u016fvodem z tepl\u00e9ho jihu Mexika | S\u00edla: 3 | Jemn\u011b ko\u0159en\u011bn\u00e1 chu\u0165, vyv\u00e1\u017een\u00e9 aroma","breadcrumb":{"@id":"https:\/\/www.cultcaffe.at\/produkt\/mexico-pablo-e\/#breadcrumb"},"inLanguage":"cs","potentialAction":[{"@type":"ReadAction","target":["https:\/\/www.cultcaffe.at\/produkt\/mexico-pablo-e\/"]}]},{"@type":"ImageObject","inLanguage":"cs","@id":"https:\/\/www.cultcaffe.at\/produkt\/mexico-pablo-e\/#primaryimage","url":"https:\/\/www.cultcaffe.at\/wp-content\/uploads\/2024\/03\/Cult-Caffe_Kaffee-Bohnen_Mexico-.jpg","contentUrl":"https:\/\/www.cultcaffe.at\/wp-content\/uploads\/2024\/03\/Cult-Caffe_Kaffee-Bohnen_Mexico-.jpg","width":2000,"height":2000},{"@type":"BreadcrumbList","@id":"https:\/\/www.cultcaffe.at\/produkt\/mexico-pablo-e\/#breadcrumb","itemListElement":[{"@type":"ListItem","position":1,"name":"Startseite","item":"https:\/\/www.cultcaffe.at\/"},{"@type":"ListItem","position":2,"name":"Produkte","item":"https:\/\/www.cultcaffe.at\/shop\/"},{"@type":"ListItem","position":3,"name":"Mexico Pablo E."}]},{"@type":"WebSite","@id":"https:\/\/www.cultcaffe.at\/#website","url":"https:\/\/www.cultcaffe.at\/","name":"CultCaff\u00e9 - pra\u017e\u00edrna bio k\u00e1vy","description":"L\u00e1ska ke k\u00e1v\u011b","publisher":{"@id":"https:\/\/www.cultcaffe.at\/#organization"},"potentialAction":[{"@type":"SearchAction","target":{"@type":"EntryPoint","urlTemplate":"https:\/\/www.cultcaffe.at\/?s={search_term_string}"},"query-input":{"@type":"PropertyValueSpecification","valueRequired":true,"valueName":"search_term_string"}}],"inLanguage":"cs"},{"@type":["Organization","Place"],"@id":"https:\/\/www.cultcaffe.at\/#organization","name":"CultCaff\u00e9 Coffee Roastery GmbH","alternateName":"CultCaff\u00e9","url":"https:\/\/www.cultcaffe.at\/","logo":{"@id":"https:\/\/www.cultcaffe.at\/produkt\/mexico-pablo-e\/#local-main-organization-logo"},"image":{"@id":"https:\/\/www.cultcaffe.at\/produkt\/mexico-pablo-e\/#local-main-organization-logo"},"sameAs":["https:\/\/www.facebook.com\/p\/Cult-Caff\u00e8-die-R\u00f6sterei-100039719724703\/?locale=de_DE","https:\/\/www.instagram.com\/cultcaffe.at\/"],"hasMerchantReturnPolicy":{"@type":"MerchantReturnPolicy","merchantReturnLink":"https:\/\/www.cultcaffe.at\/cs\/agbs\/"},"telephone":[],"openingHoursSpecification":[{"@type":"OpeningHoursSpecification","dayOfWeek":["Monday","Tuesday","Wednesday","Thursday","Friday","Saturday","Sunday"],"opens":"09:00","closes":"17:00"}]},{"@type":"ImageObject","inLanguage":"cs","@id":"https:\/\/www.cultcaffe.at\/produkt\/mexico-pablo-e\/#local-main-organization-logo","url":"https:\/\/www.cultcaffe.at\/wp-content\/uploads\/2023\/11\/cultcaffe_logo_regular_dark-1.svg","contentUrl":"https:\/\/www.cultcaffe.at\/wp-content\/uploads\/2023\/11\/cultcaffe_logo_regular_dark-1.svg","width":756,"height":474,"caption":"CultCaff\u00e9 Kaffeer\u00f6sterei GmbH"}]},"og_availability":"instock","product_availability":"instock","product_condition":"new"},"_links":{"self":[{"href":"https:\/\/www.cultcaffe.at\/cs\/wp-json\/wp\/v2\/product\/14000","targetHints":{"allow":["GET"]}}],"collection":[{"href":"https:\/\/www.cultcaffe.at\/cs\/wp-json\/wp\/v2\/product"}],"about":[{"href":"https:\/\/www.cultcaffe.at\/cs\/wp-json\/wp\/v2\/types\/product"}],"wp:featuredmedia":[{"embeddable":true,"href":"https:\/\/www.cultcaffe.at\/cs\/wp-json\/wp\/v2\/media\/14966"}],"wp:attachment":[{"href":"https:\/\/www.cultcaffe.at\/cs\/wp-json\/wp\/v2\/media?parent=14000"}],"wp:term":[{"taxonomy":"product_brand","embeddable":true,"href":"https:\/\/www.cultcaffe.at\/cs\/wp-json\/wp\/v2\/product_brand?post=14000"},{"taxonomy":"product_cat","embeddable":true,"href":"https:\/\/www.cultcaffe.at\/cs\/wp-json\/wp\/v2\/product_cat?post=14000"},{"taxonomy":"product_tag","embeddable":true,"href":"https:\/\/www.cultcaffe.at\/cs\/wp-json\/wp\/v2\/product_tag?post=14000"}],"curies":[{"name":"wp","href":"https:\/\/api.w.org\/{rel}","templated":true}]}}