{"id":13944,"date":"2024-03-06T19:59:59","date_gmt":"2024-03-06T18:59:59","guid":{"rendered":"https:\/\/www.cultcaffe.at\/?post_type=product&#038;p=13944"},"modified":"2026-01-21T15:42:31","modified_gmt":"2026-01-21T14:42:31","slug":"klasicka-mleta-kava-se-snizenym-obsahem-kofeinu","status":"publish","type":"product","link":"https:\/\/www.cultcaffe.at\/cs\/produkt\/klassik-koffeinreduziert-gemahlen\/","title":{"rendered":"Klasick\u00e1 mlet\u00e1 k\u00e1va se sn\u00ed\u017een\u00fdm obsahem kofeinu"},"content":{"rendered":"<h3><strong>Klasick\u00e1 mlet\u00e1 k\u00e1va se sn\u00ed\u017een\u00fdm obsahem kofeinu<\/strong><\/h3>\n<p>N\u00e1\u0161 <strong>k\u00e1va s n\u00edzk\u00fdm obsahem kofeinu<\/strong> se vyr\u00e1b\u00ed pe\u010dliv\u00fdm a \u0161etrn\u00fdm pra\u017een\u00edm, kter\u00e9 zachov\u00e1v\u00e1 pln\u00e9 aroma zrn. Ide\u00e1ln\u00ed pro milovn\u00edky k\u00e1vy, kte\u0159\u00ed si cht\u011bj\u00ed vychutnat chu\u0165 klasick\u00e9 k\u00e1vy bez kofeinu.<\/p>\n<h3><strong>Vlastnosti produktu:<\/strong><\/h3>\n<ul>\n<li><strong>Pln\u00e9 aroma d\u00edky pe\u010dliv\u00e9mu pra\u017een\u00ed<\/strong><\/li>\n<li><strong>Cel\u00e9 zrna se sn\u00ed\u017een\u00fdm obsahem kofeinu<\/strong>ide\u00e1ln\u00ed pro milovn\u00edky k\u00e1vy s citliv\u00fdm \u017ealudkem<\/li>\n<li>Chra\u0148te si \u017ealudek pomoc\u00ed <strong>\u0161etrn\u00e1 p\u0159\u00edprava<\/strong> bez kompromis\u016f v chuti<\/li>\n<li><strong>Ide\u00e1ln\u00ed pro milovn\u00edky klasick\u00e9 k\u00e1vy:<\/strong> Tato k\u00e1va se sn\u00ed\u017een\u00fdm obsahem kofeinu je ide\u00e1ln\u00ed pro ty, kte\u0159\u00ed oce\u0148uj\u00ed tradi\u010dn\u00ed k\u00e1vovou chu\u0165.<\/li>\n<\/ul>\n<p>Objevte nov\u00fd zp\u016fsob, jak si vychutnat k\u00e1vu \u2013 <strong>se sn\u00ed\u017een\u00fdm obsahem kofeinu<\/strong> a p\u0159esto pln\u00e9 chuti. Ide\u00e1ln\u00ed pro ty, kte\u0159\u00ed hledaj\u00ed jemn\u011bj\u0161\u00ed kofeinovou variantu, ani\u017e by se museli vzd\u00e1t pln\u00e9ho po\u017eitku z dobr\u00e9 k\u00e1vy.<\/p>","protected":false},"excerpt":{"rendered":"<ul>\n<li class=\"bullet-checkmark\">Sm\u011bs: 100% Arabica<\/li>\n<li class=\"bullet-checkmark\">S\u00edla: 2<\/li>\n<li class=\"bullet-checkmark\">Ide\u00e1ln\u00ed pro milovn\u00edky k\u00e1vy s citliv\u00fdm \u017ealudkem<\/li>\n<li class=\"bullet-checkmark\">Klasick\u00fd po\u017eitek bez nadm\u011brn\u00e9ho p\u0159\u00edjmu kofeinu<\/li>\n<\/ul>","protected":false},"featured_media":15016,"template":"","meta":{"inline_featured_image":false},"product_brand":[],"product_cat":[199,200],"product_tag":[61,91,59,90],"class_list":{"0":"post-13944","1":"product","2":"type-product","3":"status-publish","4":"has-post-thumbnail","6":"product_cat-kaffee","7":"product_cat-kaffee-gemahlen","8":"product_tag-cultcaffe","9":"product_tag-filter","10":"product_tag-kaffee","11":"product_tag-koffeinfrei","13":"first","14":"instock","15":"taxable","16":"shipping-taxable","17":"purchasable","18":"product-type-variable"},"yoast_head":"<!-- This site is optimized with the Yoast SEO plugin v27.3 - https:\/\/yoast.com\/product\/yoast-seo-wordpress\/ -->\n<title>Klassik koffeinreduziert (gemahlen) - CultCaff\u00e9 - die Bio Kaffee R\u00f6sterei<\/title>\n<meta name=\"robots\" content=\"index, follow, max-snippet:-1, max-image-preview:large, max-video-preview:-1\" \/>\n<link rel=\"canonical\" href=\"https:\/\/www.cultcaffe.at\/cs\/produkt\/klasicka-mleta-kava-se-snizenym-obsahem-kofeinu\/\" \/>\n<meta property=\"og:locale\" content=\"cs_CZ\" \/>\n<meta property=\"og:type\" content=\"article\" \/>\n<meta property=\"og:title\" content=\"Klassik koffeinreduziert (gemahlen) - CultCaff\u00e9 - die Bio Kaffee R\u00f6sterei\" \/>\n<meta property=\"og:description\" content=\"Mischung: 100% Arabica  St\u00e4rke: 2  Ideal f\u00fcr Kaffeeliebhaber mit empfindlichem Magen  Klassischer Genuss ohne \u00fcberm\u00e4\u00dfige Koffeinzufuhr\" \/>\n<meta property=\"og:url\" content=\"https:\/\/www.cultcaffe.at\/cs\/produkt\/klasicka-mleta-kava-se-snizenym-obsahem-kofeinu\/\" \/>\n<meta property=\"og:site_name\" content=\"CultCaff\u00e9 - die Bio Kaffee R\u00f6sterei\" \/>\n<meta property=\"article:publisher\" content=\"https:\/\/www.facebook.com\/p\/Cult-Caff%c3%a8-die-R%c3%b6sterei-100039719724703\/?locale=de_DE\" \/>\n<meta property=\"article:modified_time\" content=\"2026-01-21T14:42:31+00:00\" \/>\n<meta property=\"og:image\" content=\"https:\/\/www.cultcaffe.at\/wp-content\/uploads\/2024\/03\/CultCaffe\u00a9nimozimmerhackl_MGL8933_a-scaled.jpg\" \/>\n\t<meta property=\"og:image:width\" content=\"1707\" \/>\n\t<meta property=\"og:image:height\" content=\"2560\" \/>\n\t<meta property=\"og:image:type\" content=\"image\/jpeg\" \/>\n<meta name=\"twitter:card\" content=\"summary_large_image\" \/>\n<meta name=\"twitter:label1\" content=\"Dostupnost\" \/>\n\t<meta name=\"twitter:data1\" content=\"Skladem\" \/>\n<script type=\"application\/ld+json\" class=\"yoast-schema-graph\">{\"@context\":\"https:\\\/\\\/schema.org\",\"@graph\":[{\"@type\":\"WebPage\",\"@id\":\"https:\\\/\\\/www.cultcaffe.at\\\/produkt\\\/klassik-koffeinreduziert-gemahlen\\\/\",\"url\":\"https:\\\/\\\/www.cultcaffe.at\\\/produkt\\\/klassik-koffeinreduziert-gemahlen\\\/\",\"name\":\"Klassik koffeinreduziert (gemahlen) - CultCaff\u00e9 - die Bio Kaffee R\u00f6sterei\",\"isPartOf\":{\"@id\":\"https:\\\/\\\/www.cultcaffe.at\\\/#website\"},\"primaryImageOfPage\":{\"@id\":\"https:\\\/\\\/www.cultcaffe.at\\\/produkt\\\/klassik-koffeinreduziert-gemahlen\\\/#primaryimage\"},\"image\":{\"@id\":\"https:\\\/\\\/www.cultcaffe.at\\\/produkt\\\/klassik-koffeinreduziert-gemahlen\\\/#primaryimage\"},\"thumbnailUrl\":\"https:\\\/\\\/www.cultcaffe.at\\\/wp-content\\\/uploads\\\/2024\\\/03\\\/CultCaffe\u00a9nimozimmerhackl_MGL8933_a-scaled.jpg\",\"datePublished\":\"2024-03-06T18:59:59+00:00\",\"dateModified\":\"2026-01-21T14:42:31+00:00\",\"breadcrumb\":{\"@id\":\"https:\\\/\\\/www.cultcaffe.at\\\/produkt\\\/klassik-koffeinreduziert-gemahlen\\\/#breadcrumb\"},\"inLanguage\":\"cs\",\"potentialAction\":[{\"@type\":\"ReadAction\",\"target\":[\"https:\\\/\\\/www.cultcaffe.at\\\/produkt\\\/klassik-koffeinreduziert-gemahlen\\\/\"]}]},{\"@type\":\"ImageObject\",\"inLanguage\":\"cs\",\"@id\":\"https:\\\/\\\/www.cultcaffe.at\\\/produkt\\\/klassik-koffeinreduziert-gemahlen\\\/#primaryimage\",\"url\":\"https:\\\/\\\/www.cultcaffe.at\\\/wp-content\\\/uploads\\\/2024\\\/03\\\/CultCaffe\u00a9nimozimmerhackl_MGL8933_a-scaled.jpg\",\"contentUrl\":\"https:\\\/\\\/www.cultcaffe.at\\\/wp-content\\\/uploads\\\/2024\\\/03\\\/CultCaffe\u00a9nimozimmerhackl_MGL8933_a-scaled.jpg\",\"width\":1707,\"height\":2560},{\"@type\":\"BreadcrumbList\",\"@id\":\"https:\\\/\\\/www.cultcaffe.at\\\/produkt\\\/klassik-koffeinreduziert-gemahlen\\\/#breadcrumb\",\"itemListElement\":[{\"@type\":\"ListItem\",\"position\":1,\"name\":\"Startseite\",\"item\":\"https:\\\/\\\/www.cultcaffe.at\\\/\"},{\"@type\":\"ListItem\",\"position\":2,\"name\":\"Produkte\",\"item\":\"https:\\\/\\\/www.cultcaffe.at\\\/shop\\\/\"},{\"@type\":\"ListItem\",\"position\":3,\"name\":\"Klassik koffeinreduziert (gemahlen)\"}]},{\"@type\":\"WebSite\",\"@id\":\"https:\\\/\\\/www.cultcaffe.at\\\/#website\",\"url\":\"https:\\\/\\\/www.cultcaffe.at\\\/\",\"name\":\"CultCaff\u00e9 - die Bio Kaffee R\u00f6sterei\",\"description\":\"Liebe zum Kaffee\",\"publisher\":{\"@id\":\"https:\\\/\\\/www.cultcaffe.at\\\/#organization\"},\"potentialAction\":[{\"@type\":\"SearchAction\",\"target\":{\"@type\":\"EntryPoint\",\"urlTemplate\":\"https:\\\/\\\/www.cultcaffe.at\\\/?s={search_term_string}\"},\"query-input\":{\"@type\":\"PropertyValueSpecification\",\"valueRequired\":true,\"valueName\":\"search_term_string\"}}],\"inLanguage\":\"cs\"},{\"@type\":[\"Organization\",\"Place\"],\"@id\":\"https:\\\/\\\/www.cultcaffe.at\\\/#organization\",\"name\":\"CultCaff\u00e9 Kaffeer\u00f6sterei GmbH\",\"alternateName\":\"CultCaff\u00e9\",\"url\":\"https:\\\/\\\/www.cultcaffe.at\\\/\",\"logo\":{\"@id\":\"https:\\\/\\\/www.cultcaffe.at\\\/produkt\\\/klassik-koffeinreduziert-gemahlen\\\/#local-main-organization-logo\"},\"image\":{\"@id\":\"https:\\\/\\\/www.cultcaffe.at\\\/produkt\\\/klassik-koffeinreduziert-gemahlen\\\/#local-main-organization-logo\"},\"sameAs\":[\"https:\\\/\\\/www.facebook.com\\\/p\\\/Cult-Caff\u00e8-die-R\u00f6sterei-100039719724703\\\/?locale=de_DE\",\"https:\\\/\\\/www.instagram.com\\\/cultcaffe.at\\\/\"],\"hasMerchantReturnPolicy\":{\"@type\":\"MerchantReturnPolicy\",\"merchantReturnLink\":\"https:\\\/\\\/www.cultcaffe.at\\\/cs\\\/agbs\\\/\"},\"telephone\":[],\"openingHoursSpecification\":[{\"@type\":\"OpeningHoursSpecification\",\"dayOfWeek\":[\"Monday\",\"Tuesday\",\"Wednesday\",\"Thursday\",\"Friday\",\"Saturday\",\"Sunday\"],\"opens\":\"09:00\",\"closes\":\"17:00\"}]},{\"@type\":\"ImageObject\",\"inLanguage\":\"cs\",\"@id\":\"https:\\\/\\\/www.cultcaffe.at\\\/produkt\\\/klassik-koffeinreduziert-gemahlen\\\/#local-main-organization-logo\",\"url\":\"https:\\\/\\\/www.cultcaffe.at\\\/wp-content\\\/uploads\\\/2023\\\/11\\\/cultcaffe_logo_regular_dark-1.svg\",\"contentUrl\":\"https:\\\/\\\/www.cultcaffe.at\\\/wp-content\\\/uploads\\\/2023\\\/11\\\/cultcaffe_logo_regular_dark-1.svg\",\"width\":756,\"height\":474,\"caption\":\"CultCaff\u00e9 Kaffeer\u00f6sterei GmbH\"}]}<\/script>\n<meta property=\"og:availability\" content=\"instock\" \/>\n<meta property=\"product:availability\" content=\"instock\" \/>\n<meta property=\"product:condition\" content=\"new\" \/>\n<!-- \/ Yoast SEO plugin. -->","yoast_head_json":{"title":"Klasick\u00e1 bezkofeinov\u00e1 (mlet\u00e1) - CultCaff\u00e9 - pra\u017e\u00edrna organick\u00e9 k\u00e1vy","robots":{"index":"index","follow":"follow","max-snippet":"max-snippet:-1","max-image-preview":"max-image-preview:large","max-video-preview":"max-video-preview:-1"},"canonical":"https:\/\/www.cultcaffe.at\/cs\/produkt\/klasicka-mleta-kava-se-snizenym-obsahem-kofeinu\/","og_locale":"cs_CZ","og_type":"article","og_title":"Klassik koffeinreduziert (gemahlen) - CultCaff\u00e9 - die Bio Kaffee R\u00f6sterei","og_description":"Mischung: 100% Arabica  St\u00e4rke: 2  Ideal f\u00fcr Kaffeeliebhaber mit empfindlichem Magen  Klassischer Genuss ohne \u00fcberm\u00e4\u00dfige Koffeinzufuhr","og_url":"https:\/\/www.cultcaffe.at\/cs\/produkt\/klasicka-mleta-kava-se-snizenym-obsahem-kofeinu\/","og_site_name":"CultCaff\u00e9 - die Bio Kaffee R\u00f6sterei","article_publisher":"https:\/\/www.facebook.com\/p\/Cult-Caff%c3%a8-die-R%c3%b6sterei-100039719724703\/?locale=de_DE","article_modified_time":"2026-01-21T14:42:31+00:00","og_image":[{"width":1707,"height":2560,"url":"https:\/\/www.cultcaffe.at\/wp-content\/uploads\/2024\/03\/CultCaffe\u00a9nimozimmerhackl_MGL8933_a-scaled.jpg","type":"image\/jpeg"}],"twitter_card":"summary_large_image","twitter_misc":{"Dostupnost":"Skladem"},"schema":{"@context":"https:\/\/schema.org","@graph":[{"@type":"WebPage","@id":"https:\/\/www.cultcaffe.at\/produkt\/klassik-koffeinreduziert-gemahlen\/","url":"https:\/\/www.cultcaffe.at\/produkt\/klassik-koffeinreduziert-gemahlen\/","name":"Klasick\u00e1 bezkofeinov\u00e1 (mlet\u00e1) - CultCaff\u00e9 - pra\u017e\u00edrna organick\u00e9 k\u00e1vy","isPartOf":{"@id":"https:\/\/www.cultcaffe.at\/#website"},"primaryImageOfPage":{"@id":"https:\/\/www.cultcaffe.at\/produkt\/klassik-koffeinreduziert-gemahlen\/#primaryimage"},"image":{"@id":"https:\/\/www.cultcaffe.at\/produkt\/klassik-koffeinreduziert-gemahlen\/#primaryimage"},"thumbnailUrl":"https:\/\/www.cultcaffe.at\/wp-content\/uploads\/2024\/03\/CultCaffe\u00a9nimozimmerhackl_MGL8933_a-scaled.jpg","datePublished":"2024-03-06T18:59:59+00:00","dateModified":"2026-01-21T14:42:31+00:00","breadcrumb":{"@id":"https:\/\/www.cultcaffe.at\/produkt\/klassik-koffeinreduziert-gemahlen\/#breadcrumb"},"inLanguage":"cs","potentialAction":[{"@type":"ReadAction","target":["https:\/\/www.cultcaffe.at\/produkt\/klassik-koffeinreduziert-gemahlen\/"]}]},{"@type":"ImageObject","inLanguage":"cs","@id":"https:\/\/www.cultcaffe.at\/produkt\/klassik-koffeinreduziert-gemahlen\/#primaryimage","url":"https:\/\/www.cultcaffe.at\/wp-content\/uploads\/2024\/03\/CultCaffe\u00a9nimozimmerhackl_MGL8933_a-scaled.jpg","contentUrl":"https:\/\/www.cultcaffe.at\/wp-content\/uploads\/2024\/03\/CultCaffe\u00a9nimozimmerhackl_MGL8933_a-scaled.jpg","width":1707,"height":2560},{"@type":"BreadcrumbList","@id":"https:\/\/www.cultcaffe.at\/produkt\/klassik-koffeinreduziert-gemahlen\/#breadcrumb","itemListElement":[{"@type":"ListItem","position":1,"name":"Startseite","item":"https:\/\/www.cultcaffe.at\/"},{"@type":"ListItem","position":2,"name":"Produkte","item":"https:\/\/www.cultcaffe.at\/shop\/"},{"@type":"ListItem","position":3,"name":"Klassik koffeinreduziert (gemahlen)"}]},{"@type":"WebSite","@id":"https:\/\/www.cultcaffe.at\/#website","url":"https:\/\/www.cultcaffe.at\/","name":"CultCaff\u00e9 - pra\u017e\u00edrna bio k\u00e1vy","description":"L\u00e1ska ke k\u00e1v\u011b","publisher":{"@id":"https:\/\/www.cultcaffe.at\/#organization"},"potentialAction":[{"@type":"SearchAction","target":{"@type":"EntryPoint","urlTemplate":"https:\/\/www.cultcaffe.at\/?s={search_term_string}"},"query-input":{"@type":"PropertyValueSpecification","valueRequired":true,"valueName":"search_term_string"}}],"inLanguage":"cs"},{"@type":["Organization","Place"],"@id":"https:\/\/www.cultcaffe.at\/#organization","name":"CultCaff\u00e9 Coffee Roastery GmbH","alternateName":"CultCaff\u00e9","url":"https:\/\/www.cultcaffe.at\/","logo":{"@id":"https:\/\/www.cultcaffe.at\/produkt\/klassik-koffeinreduziert-gemahlen\/#local-main-organization-logo"},"image":{"@id":"https:\/\/www.cultcaffe.at\/produkt\/klassik-koffeinreduziert-gemahlen\/#local-main-organization-logo"},"sameAs":["https:\/\/www.facebook.com\/p\/Cult-Caff\u00e8-die-R\u00f6sterei-100039719724703\/?locale=de_DE","https:\/\/www.instagram.com\/cultcaffe.at\/"],"hasMerchantReturnPolicy":{"@type":"MerchantReturnPolicy","merchantReturnLink":"https:\/\/www.cultcaffe.at\/cs\/agbs\/"},"telephone":[],"openingHoursSpecification":[{"@type":"OpeningHoursSpecification","dayOfWeek":["Monday","Tuesday","Wednesday","Thursday","Friday","Saturday","Sunday"],"opens":"09:00","closes":"17:00"}]},{"@type":"ImageObject","inLanguage":"cs","@id":"https:\/\/www.cultcaffe.at\/produkt\/klassik-koffeinreduziert-gemahlen\/#local-main-organization-logo","url":"https:\/\/www.cultcaffe.at\/wp-content\/uploads\/2023\/11\/cultcaffe_logo_regular_dark-1.svg","contentUrl":"https:\/\/www.cultcaffe.at\/wp-content\/uploads\/2023\/11\/cultcaffe_logo_regular_dark-1.svg","width":756,"height":474,"caption":"CultCaff\u00e9 Kaffeer\u00f6sterei GmbH"}]},"og_availability":"instock","product_availability":"instock","product_condition":"new"},"_links":{"self":[{"href":"https:\/\/www.cultcaffe.at\/cs\/wp-json\/wp\/v2\/product\/13944","targetHints":{"allow":["GET"]}}],"collection":[{"href":"https:\/\/www.cultcaffe.at\/cs\/wp-json\/wp\/v2\/product"}],"about":[{"href":"https:\/\/www.cultcaffe.at\/cs\/wp-json\/wp\/v2\/types\/product"}],"wp:featuredmedia":[{"embeddable":true,"href":"https:\/\/www.cultcaffe.at\/cs\/wp-json\/wp\/v2\/media\/15016"}],"wp:attachment":[{"href":"https:\/\/www.cultcaffe.at\/cs\/wp-json\/wp\/v2\/media?parent=13944"}],"wp:term":[{"taxonomy":"product_brand","embeddable":true,"href":"https:\/\/www.cultcaffe.at\/cs\/wp-json\/wp\/v2\/product_brand?post=13944"},{"taxonomy":"product_cat","embeddable":true,"href":"https:\/\/www.cultcaffe.at\/cs\/wp-json\/wp\/v2\/product_cat?post=13944"},{"taxonomy":"product_tag","embeddable":true,"href":"https:\/\/www.cultcaffe.at\/cs\/wp-json\/wp\/v2\/product_tag?post=13944"}],"curies":[{"name":"wp","href":"https:\/\/api.w.org\/{rel}","templated":true}]}}