{"id":13877,"date":"2024-03-06T19:59:33","date_gmt":"2024-03-06T18:59:33","guid":{"rendered":"https:\/\/www.cultcaffe.at\/?post_type=product&#038;p=13877"},"modified":"2026-01-21T15:17:22","modified_gmt":"2026-01-21T14:17:22","slug":"duha-z-organicke-kavy","status":"publish","type":"product","link":"https:\/\/www.cultcaffe.at\/cs\/produkt\/bio-kaffee-rainbow\/","title":{"rendered":"ORGANIC KAFFEE Rainbow"},"content":{"rendered":"<h3><strong>ORGANIC KAFFEE Rainbow<\/strong><\/h3>\n<p>Sm\u011bs vysoce kvalitn\u00edch zelen\u00fdch k\u00e1v z kontrolovan\u00e9ho ekologick\u00e9ho p\u011bstov\u00e1n\u00ed v Guatemale a z mal\u00fdch plant\u00e1\u017e\u00ed v Indii.<br \/>\nV\u0161echny zelen\u00e9 k\u00e1vy poch\u00e1zej\u00ed z kontrolovan\u00e9ho, organick\u00e9ho p\u011bstov\u00e1n\u00ed. Du\u017eina k\u00e1vov\u00fdch plod\u016f se kompostuje a vrac\u00ed se rostlin\u00e1m jako hnojivo. Krom\u011b lep\u0161\u00edch cen \u010dlenov\u00e9 dru\u017estva z\u00edsk\u00e1vaj\u00ed bezplatn\u00e9 poradenstv\u00ed a \u0161kolen\u00ed, n\u00edzko\u00faro\u010den\u00e9 p\u016fj\u010dky a p\u0159\u00edstup ke stipendi\u00edm na vzd\u011bl\u00e1v\u00e1n\u00ed sv\u00fdch d\u011bt\u00ed.<\/p>\n<p>Mexiko<br \/>\nOblast: Motozintla \u2013 Chiapas<br \/>\nMont\u00e1\u017en\u00ed v\u00fd\u0161ka 1000 \u2013 1500<br \/>\nSklize\u0148: ru\u010dn\u011b sb\u00edr\u00e1no, mokr\u00e9 zpracov\u00e1n\u00ed, su\u0161eno na slunci<br \/>\nOdr\u016fda: Sarchimore, Caturra, Bourbon, Oro Azteca<br \/>\nOdr\u016fda: Arabica<\/p>\n<p>Guatemala<br \/>\nKraj: La Union, Cooperativa Integral Agricola<br \/>\nNadmo\u0159sk\u00e1 v\u00fd\u0161ka p\u011bstov\u00e1n\u00ed 1200 \u2013 1800 m<br \/>\nSklize\u0148: ru\u010dn\u011b sb\u00edr\u00e1no, mokr\u00e9 zpracov\u00e1n\u00ed, su\u0161eno na slunci<br \/>\nOdr\u016fda: Catuai, Catimores, Pacamara, Sarchimor, Marcellesa<br \/>\nOdr\u016fdy: Arabica<\/p>\n<h3><strong>Jedine\u010dn\u00e1 chu\u0165<\/strong><\/h3>\n<p>Vychutnejte si udr\u017eitelnou k\u00e1vu s na\u0161\u00ed <strong>certifikovan\u00e1 bio k\u00e1va<\/strong>. Stromy poskytuj\u00edc\u00ed st\u00edn produkuj\u00ed pomalu zraj\u00edc\u00ed k\u00e1vu s jedine\u010dn\u00fdm aroma, elegantn\u00ed plnost\u00ed a n\u00edzkou kyselost\u00ed, kter\u00e1 je lahodn\u00e1.<\/p>\n<h3><strong>Perfektn\u00ed d\u00e1rek<\/strong><\/h3>\n<p>Ten\/Ta\/To <strong>unik\u00e1tn\u00ed design obalu<\/strong> d\u011bl\u00e1 z na\u0161\u00ed BIO K\u00c1VY Rainbow tak\u00e9 <strong>perfektn\u00ed d\u00e1rek<\/strong> pro v\u0161echny milovn\u00edky k\u00e1vy. P\u0159ekvapte sv\u00e9 bl\u00edzk\u00e9 touto speci\u00e1ln\u00ed pochoutkou.<\/p>","protected":false},"excerpt":{"rendered":"<ul>\n<li class=\"bullet-checkmark\">Bio certifikovan\u00e1 k\u00e1va pro udr\u017eiteln\u00fd po\u017eitek<\/li>\n<li class=\"bullet-checkmark\">Kv\u011btinov\u00e1, o\u0159\u00ed\u0161kov\u00e1, jemn\u00e1, vynikaj\u00edc\u00ed bio k\u00e1va<\/li>\n<li class=\"bullet-checkmark\">Doba pe\u010den\u00ed: 15 \u2013 18 minut<\/li>\n<\/ul>","protected":false},"featured_media":14964,"template":"","meta":{"inline_featured_image":false},"product_brand":[],"product_cat":[199,215],"product_tag":[61,60,59,62],"class_list":{"0":"post-13877","1":"product","2":"type-product","3":"status-publish","4":"has-post-thumbnail","6":"product_cat-kaffee","7":"product_cat-biokaffee","8":"product_tag-cultcaffe","9":"product_tag-espresso","10":"product_tag-kaffee","11":"product_tag-kaffeegenuss","13":"first","14":"instock","15":"taxable","16":"shipping-taxable","17":"purchasable","18":"product-type-variable","19":"has-default-attributes"},"yoast_head":"<!-- This site is optimized with the Yoast SEO plugin v27.5 - https:\/\/yoast.com\/product\/yoast-seo-wordpress\/ -->\n<title>BIO KAFFEE Rainbow - CultCaff\u00e9 - die Bio Kaffee R\u00f6sterei<\/title>\n<meta name=\"description\" content=\"Bio-zertifizierter Kaffee f\u00fcr nachhaltigen Genuss | Mischung: 100% Arabica | St\u00e4rke: 3 | Ein blumiger, nussiger, milder, exzellenter Bio-Kaffee\" \/>\n<meta name=\"robots\" content=\"index, follow, max-snippet:-1, max-image-preview:large, max-video-preview:-1\" \/>\n<link rel=\"canonical\" href=\"https:\/\/www.cultcaffe.at\/cs\/produkt\/duha-z-organicke-kavy\/\" \/>\n<meta property=\"og:locale\" content=\"cs_CZ\" \/>\n<meta property=\"og:type\" content=\"article\" \/>\n<meta property=\"og:title\" content=\"BIO KAFFEE Rainbow - CultCaff\u00e9 - die Bio Kaffee R\u00f6sterei\" \/>\n<meta property=\"og:description\" content=\"Bio-zertifizierter Kaffee f\u00fcr nachhaltigen Genuss | Mischung: 100% Arabica | St\u00e4rke: 3 | Ein blumiger, nussiger, milder, exzellenter Bio-Kaffee\" \/>\n<meta property=\"og:url\" content=\"https:\/\/www.cultcaffe.at\/cs\/produkt\/duha-z-organicke-kavy\/\" \/>\n<meta property=\"og:site_name\" content=\"CultCaff\u00e9 - die Bio Kaffee R\u00f6sterei\" \/>\n<meta property=\"article:publisher\" content=\"https:\/\/www.facebook.com\/p\/Cult-Caff%c3%a8-die-R%c3%b6sterei-100039719724703\/?locale=de_DE\" \/>\n<meta property=\"article:modified_time\" content=\"2026-01-21T14:17:22+00:00\" \/>\n<meta property=\"og:image\" content=\"https:\/\/www.cultcaffe.at\/wp-content\/uploads\/2024\/04\/Cult-Caffe_Kaffee-Bohnen_Rainbo-Bio.jpg\" \/>\n\t<meta property=\"og:image:width\" content=\"2000\" \/>\n\t<meta property=\"og:image:height\" content=\"2000\" \/>\n\t<meta property=\"og:image:type\" content=\"image\/jpeg\" \/>\n<meta name=\"twitter:card\" content=\"summary_large_image\" \/>\n<meta name=\"twitter:label1\" content=\"Dostupnost\" \/>\n\t<meta name=\"twitter:data1\" content=\"Skladem\" \/>\n<script type=\"application\/ld+json\" class=\"yoast-schema-graph\">{\"@context\":\"https:\\\/\\\/schema.org\",\"@graph\":[{\"@type\":\"WebPage\",\"@id\":\"https:\\\/\\\/www.cultcaffe.at\\\/produkt\\\/bio-kaffee-rainbow\\\/\",\"url\":\"https:\\\/\\\/www.cultcaffe.at\\\/produkt\\\/bio-kaffee-rainbow\\\/\",\"name\":\"BIO KAFFEE Rainbow - CultCaff\u00e9 - die Bio Kaffee R\u00f6sterei\",\"isPartOf\":{\"@id\":\"https:\\\/\\\/www.cultcaffe.at\\\/#website\"},\"primaryImageOfPage\":{\"@id\":\"https:\\\/\\\/www.cultcaffe.at\\\/produkt\\\/bio-kaffee-rainbow\\\/#primaryimage\"},\"image\":{\"@id\":\"https:\\\/\\\/www.cultcaffe.at\\\/produkt\\\/bio-kaffee-rainbow\\\/#primaryimage\"},\"thumbnailUrl\":\"https:\\\/\\\/www.cultcaffe.at\\\/wp-content\\\/uploads\\\/2024\\\/04\\\/Cult-Caffe_Kaffee-Bohnen_Rainbo-Bio.jpg\",\"datePublished\":\"2024-03-06T18:59:33+00:00\",\"dateModified\":\"2026-01-21T14:17:22+00:00\",\"description\":\"Bio-zertifizierter Kaffee f\u00fcr nachhaltigen Genuss | Mischung: 100% Arabica | St\u00e4rke: 3 | Ein blumiger, nussiger, milder, exzellenter Bio-Kaffee\",\"breadcrumb\":{\"@id\":\"https:\\\/\\\/www.cultcaffe.at\\\/produkt\\\/bio-kaffee-rainbow\\\/#breadcrumb\"},\"inLanguage\":\"cs\",\"potentialAction\":[{\"@type\":\"ReadAction\",\"target\":[\"https:\\\/\\\/www.cultcaffe.at\\\/produkt\\\/bio-kaffee-rainbow\\\/\"]}]},{\"@type\":\"ImageObject\",\"inLanguage\":\"cs\",\"@id\":\"https:\\\/\\\/www.cultcaffe.at\\\/produkt\\\/bio-kaffee-rainbow\\\/#primaryimage\",\"url\":\"https:\\\/\\\/www.cultcaffe.at\\\/wp-content\\\/uploads\\\/2024\\\/04\\\/Cult-Caffe_Kaffee-Bohnen_Rainbo-Bio.jpg\",\"contentUrl\":\"https:\\\/\\\/www.cultcaffe.at\\\/wp-content\\\/uploads\\\/2024\\\/04\\\/Cult-Caffe_Kaffee-Bohnen_Rainbo-Bio.jpg\",\"width\":2000,\"height\":2000},{\"@type\":\"BreadcrumbList\",\"@id\":\"https:\\\/\\\/www.cultcaffe.at\\\/produkt\\\/bio-kaffee-rainbow\\\/#breadcrumb\",\"itemListElement\":[{\"@type\":\"ListItem\",\"position\":1,\"name\":\"Startseite\",\"item\":\"https:\\\/\\\/www.cultcaffe.at\\\/\"},{\"@type\":\"ListItem\",\"position\":2,\"name\":\"Produkte\",\"item\":\"https:\\\/\\\/www.cultcaffe.at\\\/shop\\\/\"},{\"@type\":\"ListItem\",\"position\":3,\"name\":\"BIO KAFFEE Rainbow\"}]},{\"@type\":\"WebSite\",\"@id\":\"https:\\\/\\\/www.cultcaffe.at\\\/#website\",\"url\":\"https:\\\/\\\/www.cultcaffe.at\\\/\",\"name\":\"CultCaff\u00e9 - die Bio Kaffee R\u00f6sterei\",\"description\":\"Liebe zum Kaffee\",\"publisher\":{\"@id\":\"https:\\\/\\\/www.cultcaffe.at\\\/#organization\"},\"potentialAction\":[{\"@type\":\"SearchAction\",\"target\":{\"@type\":\"EntryPoint\",\"urlTemplate\":\"https:\\\/\\\/www.cultcaffe.at\\\/?s={search_term_string}\"},\"query-input\":{\"@type\":\"PropertyValueSpecification\",\"valueRequired\":true,\"valueName\":\"search_term_string\"}}],\"inLanguage\":\"cs\"},{\"@type\":[\"Organization\",\"Place\"],\"@id\":\"https:\\\/\\\/www.cultcaffe.at\\\/#organization\",\"name\":\"CultCaff\u00e9 Kaffeer\u00f6sterei GmbH\",\"alternateName\":\"CultCaff\u00e9\",\"url\":\"https:\\\/\\\/www.cultcaffe.at\\\/\",\"logo\":{\"@id\":\"https:\\\/\\\/www.cultcaffe.at\\\/produkt\\\/bio-kaffee-rainbow\\\/#local-main-organization-logo\"},\"image\":{\"@id\":\"https:\\\/\\\/www.cultcaffe.at\\\/produkt\\\/bio-kaffee-rainbow\\\/#local-main-organization-logo\"},\"sameAs\":[\"https:\\\/\\\/www.facebook.com\\\/p\\\/Cult-Caff\u00e8-die-R\u00f6sterei-100039719724703\\\/?locale=de_DE\",\"https:\\\/\\\/www.instagram.com\\\/cultcaffe.at\\\/\"],\"hasMerchantReturnPolicy\":{\"@type\":\"MerchantReturnPolicy\",\"merchantReturnLink\":\"https:\\\/\\\/www.cultcaffe.at\\\/cs\\\/agbs\\\/\"},\"telephone\":[],\"openingHoursSpecification\":[{\"@type\":\"OpeningHoursSpecification\",\"dayOfWeek\":[\"Monday\",\"Tuesday\",\"Wednesday\",\"Thursday\",\"Friday\",\"Saturday\",\"Sunday\"],\"opens\":\"09:00\",\"closes\":\"17:00\"}]},{\"@type\":\"ImageObject\",\"inLanguage\":\"cs\",\"@id\":\"https:\\\/\\\/www.cultcaffe.at\\\/produkt\\\/bio-kaffee-rainbow\\\/#local-main-organization-logo\",\"url\":\"https:\\\/\\\/www.cultcaffe.at\\\/wp-content\\\/uploads\\\/2023\\\/11\\\/cultcaffe_logo_regular_dark-1.svg\",\"contentUrl\":\"https:\\\/\\\/www.cultcaffe.at\\\/wp-content\\\/uploads\\\/2023\\\/11\\\/cultcaffe_logo_regular_dark-1.svg\",\"width\":756,\"height\":474,\"caption\":\"CultCaff\u00e9 Kaffeer\u00f6sterei GmbH\"}]}<\/script>\n<meta property=\"og:availability\" content=\"instock\" \/>\n<meta property=\"product:availability\" content=\"instock\" \/>\n<meta property=\"product:condition\" content=\"new\" \/>\n<!-- \/ Yoast SEO plugin. -->","yoast_head_json":{"title":"Duha organick\u00e9 k\u00e1vy - CultCaff\u00e9 - pra\u017e\u00edrna organick\u00e9 k\u00e1vy","description":"Bio certifikovan\u00e1 k\u00e1va pro udr\u017eiteln\u00fd po\u017eitek | Sm\u011bs: 100% Arabica | S\u00edla: 3 | Kv\u011btinov\u00e1, o\u0159\u00ed\u0161kov\u00e1, jemn\u00e1, vynikaj\u00edc\u00ed bio k\u00e1va","robots":{"index":"index","follow":"follow","max-snippet":"max-snippet:-1","max-image-preview":"max-image-preview:large","max-video-preview":"max-video-preview:-1"},"canonical":"https:\/\/www.cultcaffe.at\/cs\/produkt\/duha-z-organicke-kavy\/","og_locale":"cs_CZ","og_type":"article","og_title":"BIO KAFFEE Rainbow - CultCaff\u00e9 - die Bio Kaffee R\u00f6sterei","og_description":"Bio-zertifizierter Kaffee f\u00fcr nachhaltigen Genuss | Mischung: 100% Arabica | St\u00e4rke: 3 | Ein blumiger, nussiger, milder, exzellenter Bio-Kaffee","og_url":"https:\/\/www.cultcaffe.at\/cs\/produkt\/duha-z-organicke-kavy\/","og_site_name":"CultCaff\u00e9 - die Bio Kaffee R\u00f6sterei","article_publisher":"https:\/\/www.facebook.com\/p\/Cult-Caff%c3%a8-die-R%c3%b6sterei-100039719724703\/?locale=de_DE","article_modified_time":"2026-01-21T14:17:22+00:00","og_image":[{"width":2000,"height":2000,"url":"https:\/\/www.cultcaffe.at\/wp-content\/uploads\/2024\/04\/Cult-Caffe_Kaffee-Bohnen_Rainbo-Bio.jpg","type":"image\/jpeg"}],"twitter_card":"summary_large_image","twitter_misc":{"Dostupnost":"Skladem"},"schema":{"@context":"https:\/\/schema.org","@graph":[{"@type":"WebPage","@id":"https:\/\/www.cultcaffe.at\/produkt\/bio-kaffee-rainbow\/","url":"https:\/\/www.cultcaffe.at\/produkt\/bio-kaffee-rainbow\/","name":"Duha organick\u00e9 k\u00e1vy - CultCaff\u00e9 - pra\u017e\u00edrna organick\u00e9 k\u00e1vy","isPartOf":{"@id":"https:\/\/www.cultcaffe.at\/#website"},"primaryImageOfPage":{"@id":"https:\/\/www.cultcaffe.at\/produkt\/bio-kaffee-rainbow\/#primaryimage"},"image":{"@id":"https:\/\/www.cultcaffe.at\/produkt\/bio-kaffee-rainbow\/#primaryimage"},"thumbnailUrl":"https:\/\/www.cultcaffe.at\/wp-content\/uploads\/2024\/04\/Cult-Caffe_Kaffee-Bohnen_Rainbo-Bio.jpg","datePublished":"2024-03-06T18:59:33+00:00","dateModified":"2026-01-21T14:17:22+00:00","description":"Bio certifikovan\u00e1 k\u00e1va pro udr\u017eiteln\u00fd po\u017eitek | Sm\u011bs: 100% Arabica | S\u00edla: 3 | Kv\u011btinov\u00e1, o\u0159\u00ed\u0161kov\u00e1, jemn\u00e1, vynikaj\u00edc\u00ed bio k\u00e1va","breadcrumb":{"@id":"https:\/\/www.cultcaffe.at\/produkt\/bio-kaffee-rainbow\/#breadcrumb"},"inLanguage":"cs","potentialAction":[{"@type":"ReadAction","target":["https:\/\/www.cultcaffe.at\/produkt\/bio-kaffee-rainbow\/"]}]},{"@type":"ImageObject","inLanguage":"cs","@id":"https:\/\/www.cultcaffe.at\/produkt\/bio-kaffee-rainbow\/#primaryimage","url":"https:\/\/www.cultcaffe.at\/wp-content\/uploads\/2024\/04\/Cult-Caffe_Kaffee-Bohnen_Rainbo-Bio.jpg","contentUrl":"https:\/\/www.cultcaffe.at\/wp-content\/uploads\/2024\/04\/Cult-Caffe_Kaffee-Bohnen_Rainbo-Bio.jpg","width":2000,"height":2000},{"@type":"BreadcrumbList","@id":"https:\/\/www.cultcaffe.at\/produkt\/bio-kaffee-rainbow\/#breadcrumb","itemListElement":[{"@type":"ListItem","position":1,"name":"Startseite","item":"https:\/\/www.cultcaffe.at\/"},{"@type":"ListItem","position":2,"name":"Produkte","item":"https:\/\/www.cultcaffe.at\/shop\/"},{"@type":"ListItem","position":3,"name":"BIO KAFFEE Rainbow"}]},{"@type":"WebSite","@id":"https:\/\/www.cultcaffe.at\/#website","url":"https:\/\/www.cultcaffe.at\/","name":"CultCaff\u00e9 - pra\u017e\u00edrna bio k\u00e1vy","description":"L\u00e1ska ke k\u00e1v\u011b","publisher":{"@id":"https:\/\/www.cultcaffe.at\/#organization"},"potentialAction":[{"@type":"SearchAction","target":{"@type":"EntryPoint","urlTemplate":"https:\/\/www.cultcaffe.at\/?s={search_term_string}"},"query-input":{"@type":"PropertyValueSpecification","valueRequired":true,"valueName":"search_term_string"}}],"inLanguage":"cs"},{"@type":["Organization","Place"],"@id":"https:\/\/www.cultcaffe.at\/#organization","name":"CultCaff\u00e9 Coffee Roastery GmbH","alternateName":"CultCaff\u00e9","url":"https:\/\/www.cultcaffe.at\/","logo":{"@id":"https:\/\/www.cultcaffe.at\/produkt\/bio-kaffee-rainbow\/#local-main-organization-logo"},"image":{"@id":"https:\/\/www.cultcaffe.at\/produkt\/bio-kaffee-rainbow\/#local-main-organization-logo"},"sameAs":["https:\/\/www.facebook.com\/p\/Cult-Caff\u00e8-die-R\u00f6sterei-100039719724703\/?locale=de_DE","https:\/\/www.instagram.com\/cultcaffe.at\/"],"hasMerchantReturnPolicy":{"@type":"MerchantReturnPolicy","merchantReturnLink":"https:\/\/www.cultcaffe.at\/cs\/agbs\/"},"telephone":[],"openingHoursSpecification":[{"@type":"OpeningHoursSpecification","dayOfWeek":["Monday","Tuesday","Wednesday","Thursday","Friday","Saturday","Sunday"],"opens":"09:00","closes":"17:00"}]},{"@type":"ImageObject","inLanguage":"cs","@id":"https:\/\/www.cultcaffe.at\/produkt\/bio-kaffee-rainbow\/#local-main-organization-logo","url":"https:\/\/www.cultcaffe.at\/wp-content\/uploads\/2023\/11\/cultcaffe_logo_regular_dark-1.svg","contentUrl":"https:\/\/www.cultcaffe.at\/wp-content\/uploads\/2023\/11\/cultcaffe_logo_regular_dark-1.svg","width":756,"height":474,"caption":"CultCaff\u00e9 Kaffeer\u00f6sterei GmbH"}]},"og_availability":"instock","product_availability":"instock","product_condition":"new"},"_links":{"self":[{"href":"https:\/\/www.cultcaffe.at\/cs\/wp-json\/wp\/v2\/product\/13877","targetHints":{"allow":["GET"]}}],"collection":[{"href":"https:\/\/www.cultcaffe.at\/cs\/wp-json\/wp\/v2\/product"}],"about":[{"href":"https:\/\/www.cultcaffe.at\/cs\/wp-json\/wp\/v2\/types\/product"}],"wp:featuredmedia":[{"embeddable":true,"href":"https:\/\/www.cultcaffe.at\/cs\/wp-json\/wp\/v2\/media\/14964"}],"wp:attachment":[{"href":"https:\/\/www.cultcaffe.at\/cs\/wp-json\/wp\/v2\/media?parent=13877"}],"wp:term":[{"taxonomy":"product_brand","embeddable":true,"href":"https:\/\/www.cultcaffe.at\/cs\/wp-json\/wp\/v2\/product_brand?post=13877"},{"taxonomy":"product_cat","embeddable":true,"href":"https:\/\/www.cultcaffe.at\/cs\/wp-json\/wp\/v2\/product_cat?post=13877"},{"taxonomy":"product_tag","embeddable":true,"href":"https:\/\/www.cultcaffe.at\/cs\/wp-json\/wp\/v2\/product_tag?post=13877"}],"curies":[{"name":"wp","href":"https:\/\/api.w.org\/{rel}","templated":true}]}}