{"id":13871,"date":"2024-03-06T19:59:32","date_gmt":"2024-03-06T18:59:32","guid":{"rendered":"https:\/\/www.cultcaffe.at\/?post_type=product&#038;p=13871"},"modified":"2026-01-21T15:03:29","modified_gmt":"2026-01-21T14:03:29","slug":"espresso-barista","status":"publish","type":"product","link":"https:\/\/www.cultcaffe.at\/cs\/produkt\/espresso-barista\/","title":{"rendered":"Espresso barista"},"content":{"rendered":"<h3>Vychutnejte si na\u0161e \u0161pi\u010dkov\u00e9 espresso<\/h3>\n<p>N\u00e1\u0161 <strong>Espresso barista<\/strong> je v\u00fdsledkem let zdokonalov\u00e1n\u00ed.<br \/>\nKa\u017ed\u00fd \u0161\u00e1lek v sob\u011b spojuje to nejlep\u0161\u00ed z obou sv\u011bt\u016f \u2013 nejkvalitn\u011bj\u0161\u00ed zrna Arabica z nejlep\u0161\u00edch p\u011bstitelsk\u00fdch oblast\u00ed St\u0159edn\u00ed a Ji\u017en\u00ed Ameriky a nejkvalitn\u011bj\u0161\u00ed Robustu z Indie. V\u00fdsledkem je bezkonkuren\u010dn\u00ed sm\u011bs espressa \u2013 vyv\u00e1\u017een\u00e1, intenzivn\u00ed a dlouhotrvaj\u00edc\u00ed chu\u0165.<br \/>\nL\u00edskovo-\u010dokol\u00e1dov\u00e1 v\u016fn\u011b, pln\u00e9 t\u011blo, sametov\u00e1 jemn\u00e1 crema.<\/p>\n<h3>Nejvy\u0161\u0161\u00ed kvalita a chu\u0165ov\u00fd po\u017eitek<\/h3>\n<p>S na\u0161\u00edm espressem za\u017eijete <strong>nejvy\u0161\u0161\u00ed kvality<\/strong> a \u010dist\u00e9 chu\u0165ov\u00e9 pot\u011b\u0161en\u00ed. Ka\u017ed\u00fd \u0161\u00e1lek je mistrovsk\u00fdm d\u00edlem, kter\u00e9 h\u00fd\u010dk\u00e1 va\u0161e smysly a dod\u00e1 v\u00e1m pocit, \u017ee jste opravdov\u00fd barista \u2013 to v\u0161e v pohodl\u00ed domova.<\/p>","protected":false},"excerpt":{"rendered":"<ul>\n<li class=\"bullet-checkmark\">Ide\u00e1ln\u00ed pro: Espresso, Cappuccino, Latte Macchiato<\/li>\n<li class=\"bullet-checkmark\">vyv\u00e1\u017een\u00e1, intenzivn\u00ed, dlouhotrvaj\u00edc\u00ed chu\u0165<\/li>\n<li class=\"bullet-checkmark\">L\u00edskov\u00e9 o\u0159\u00ed\u0161ky a \u010dokol\u00e1dov\u00e1 v\u016fn\u011b, pln\u00e9 t\u011blo, sametov\u00e1 jemn\u00e1 kr\u00e9ma<\/li>\n<li class=\"bullet-checkmark\">Z\u00e1\u017eitek z baristy doma<\/li>\n<\/ul>","protected":false},"featured_media":14960,"template":"","meta":{"inline_featured_image":false},"product_brand":[],"product_cat":[199],"product_tag":[155,83,61,60,59,62],"class_list":{"0":"post-13871","1":"product","2":"type-product","3":"status-publish","4":"has-post-thumbnail","6":"product_cat-kaffee","7":"product_tag-barista","8":"product_tag-cappuccino","9":"product_tag-cultcaffe","10":"product_tag-espresso","11":"product_tag-kaffee","12":"product_tag-kaffeegenuss","14":"first","15":"instock","16":"taxable","17":"shipping-taxable","18":"purchasable","19":"product-type-variable","20":"has-default-attributes"},"yoast_head":"<!-- This site is optimized with the Yoast SEO plugin v27.5 - https:\/\/yoast.com\/product\/yoast-seo-wordpress\/ -->\n<title>Espresso Barista - CultCaff\u00e9 - die Bio Kaffee R\u00f6sterei<\/title>\n<meta name=\"description\" content=\"Mischung: 83% Arabica \u2013 17% Robusta | St\u00e4rke: 4 | Ausgewogener, intensiver, lang anhaltender Geschmack | Haselnussiges und schokoladiges Aroma, bei vollem K\u00f6rper, samtige feine CremaBarista-Erlebnis f\u00fcr Zuhause\" \/>\n<meta name=\"robots\" content=\"index, follow, max-snippet:-1, max-image-preview:large, max-video-preview:-1\" \/>\n<link rel=\"canonical\" href=\"https:\/\/www.cultcaffe.at\/cs\/produkt\/espresso-barista\/\" \/>\n<meta property=\"og:locale\" content=\"cs_CZ\" \/>\n<meta property=\"og:type\" content=\"article\" \/>\n<meta property=\"og:title\" content=\"Espresso Barista - CultCaff\u00e9 - die Bio Kaffee R\u00f6sterei\" \/>\n<meta property=\"og:description\" content=\"Mischung: 83% Arabica \u2013 17% Robusta | St\u00e4rke: 4 | Ausgewogener, intensiver, lang anhaltender Geschmack | Haselnussiges und schokoladiges Aroma, bei vollem K\u00f6rper, samtige feine CremaBarista-Erlebnis f\u00fcr Zuhause\" \/>\n<meta property=\"og:url\" content=\"https:\/\/www.cultcaffe.at\/cs\/produkt\/espresso-barista\/\" \/>\n<meta property=\"og:site_name\" content=\"CultCaff\u00e9 - die Bio Kaffee R\u00f6sterei\" \/>\n<meta property=\"article:publisher\" content=\"https:\/\/www.facebook.com\/p\/Cult-Caff%c3%a8-die-R%c3%b6sterei-100039719724703\/?locale=de_DE\" \/>\n<meta property=\"article:modified_time\" content=\"2026-01-21T14:03:29+00:00\" \/>\n<meta property=\"og:image\" content=\"https:\/\/www.cultcaffe.at\/wp-content\/uploads\/2024\/04\/Cult-Caffe_Kaffee-Bohnen_Barista.jpg\" \/>\n\t<meta property=\"og:image:width\" content=\"2000\" \/>\n\t<meta property=\"og:image:height\" content=\"2000\" \/>\n\t<meta property=\"og:image:type\" content=\"image\/jpeg\" \/>\n<meta name=\"twitter:card\" content=\"summary_large_image\" \/>\n<meta name=\"twitter:label1\" content=\"Dostupnost\" \/>\n\t<meta name=\"twitter:data1\" content=\"Skladem\" \/>\n<script type=\"application\/ld+json\" class=\"yoast-schema-graph\">{\"@context\":\"https:\\\/\\\/schema.org\",\"@graph\":[{\"@type\":\"WebPage\",\"@id\":\"https:\\\/\\\/www.cultcaffe.at\\\/produkt\\\/espresso-barista\\\/\",\"url\":\"https:\\\/\\\/www.cultcaffe.at\\\/produkt\\\/espresso-barista\\\/\",\"name\":\"Espresso Barista - CultCaff\u00e9 - die Bio Kaffee R\u00f6sterei\",\"isPartOf\":{\"@id\":\"https:\\\/\\\/www.cultcaffe.at\\\/#website\"},\"primaryImageOfPage\":{\"@id\":\"https:\\\/\\\/www.cultcaffe.at\\\/produkt\\\/espresso-barista\\\/#primaryimage\"},\"image\":{\"@id\":\"https:\\\/\\\/www.cultcaffe.at\\\/produkt\\\/espresso-barista\\\/#primaryimage\"},\"thumbnailUrl\":\"https:\\\/\\\/www.cultcaffe.at\\\/wp-content\\\/uploads\\\/2024\\\/04\\\/Cult-Caffe_Kaffee-Bohnen_Barista.jpg\",\"datePublished\":\"2024-03-06T18:59:32+00:00\",\"dateModified\":\"2026-01-21T14:03:29+00:00\",\"description\":\"Mischung: 83% Arabica \u2013 17% Robusta | St\u00e4rke: 4 | Ausgewogener, intensiver, lang anhaltender Geschmack | Haselnussiges und schokoladiges Aroma, bei vollem K\u00f6rper, samtige feine CremaBarista-Erlebnis f\u00fcr Zuhause\",\"breadcrumb\":{\"@id\":\"https:\\\/\\\/www.cultcaffe.at\\\/produkt\\\/espresso-barista\\\/#breadcrumb\"},\"inLanguage\":\"cs\",\"potentialAction\":[{\"@type\":\"ReadAction\",\"target\":[\"https:\\\/\\\/www.cultcaffe.at\\\/produkt\\\/espresso-barista\\\/\"]}]},{\"@type\":\"ImageObject\",\"inLanguage\":\"cs\",\"@id\":\"https:\\\/\\\/www.cultcaffe.at\\\/produkt\\\/espresso-barista\\\/#primaryimage\",\"url\":\"https:\\\/\\\/www.cultcaffe.at\\\/wp-content\\\/uploads\\\/2024\\\/04\\\/Cult-Caffe_Kaffee-Bohnen_Barista.jpg\",\"contentUrl\":\"https:\\\/\\\/www.cultcaffe.at\\\/wp-content\\\/uploads\\\/2024\\\/04\\\/Cult-Caffe_Kaffee-Bohnen_Barista.jpg\",\"width\":2000,\"height\":2000},{\"@type\":\"BreadcrumbList\",\"@id\":\"https:\\\/\\\/www.cultcaffe.at\\\/produkt\\\/espresso-barista\\\/#breadcrumb\",\"itemListElement\":[{\"@type\":\"ListItem\",\"position\":1,\"name\":\"Startseite\",\"item\":\"https:\\\/\\\/www.cultcaffe.at\\\/\"},{\"@type\":\"ListItem\",\"position\":2,\"name\":\"Produkte\",\"item\":\"https:\\\/\\\/www.cultcaffe.at\\\/shop\\\/\"},{\"@type\":\"ListItem\",\"position\":3,\"name\":\"Espresso Barista\"}]},{\"@type\":\"WebSite\",\"@id\":\"https:\\\/\\\/www.cultcaffe.at\\\/#website\",\"url\":\"https:\\\/\\\/www.cultcaffe.at\\\/\",\"name\":\"CultCaff\u00e9 - die Bio Kaffee R\u00f6sterei\",\"description\":\"Liebe zum Kaffee\",\"publisher\":{\"@id\":\"https:\\\/\\\/www.cultcaffe.at\\\/#organization\"},\"potentialAction\":[{\"@type\":\"SearchAction\",\"target\":{\"@type\":\"EntryPoint\",\"urlTemplate\":\"https:\\\/\\\/www.cultcaffe.at\\\/?s={search_term_string}\"},\"query-input\":{\"@type\":\"PropertyValueSpecification\",\"valueRequired\":true,\"valueName\":\"search_term_string\"}}],\"inLanguage\":\"cs\"},{\"@type\":[\"Organization\",\"Place\"],\"@id\":\"https:\\\/\\\/www.cultcaffe.at\\\/#organization\",\"name\":\"CultCaff\u00e9 Kaffeer\u00f6sterei GmbH\",\"alternateName\":\"CultCaff\u00e9\",\"url\":\"https:\\\/\\\/www.cultcaffe.at\\\/\",\"logo\":{\"@id\":\"https:\\\/\\\/www.cultcaffe.at\\\/produkt\\\/espresso-barista\\\/#local-main-organization-logo\"},\"image\":{\"@id\":\"https:\\\/\\\/www.cultcaffe.at\\\/produkt\\\/espresso-barista\\\/#local-main-organization-logo\"},\"sameAs\":[\"https:\\\/\\\/www.facebook.com\\\/p\\\/Cult-Caff\u00e8-die-R\u00f6sterei-100039719724703\\\/?locale=de_DE\",\"https:\\\/\\\/www.instagram.com\\\/cultcaffe.at\\\/\"],\"hasMerchantReturnPolicy\":{\"@type\":\"MerchantReturnPolicy\",\"merchantReturnLink\":\"https:\\\/\\\/www.cultcaffe.at\\\/cs\\\/agbs\\\/\"},\"telephone\":[],\"openingHoursSpecification\":[{\"@type\":\"OpeningHoursSpecification\",\"dayOfWeek\":[\"Monday\",\"Tuesday\",\"Wednesday\",\"Thursday\",\"Friday\",\"Saturday\",\"Sunday\"],\"opens\":\"09:00\",\"closes\":\"17:00\"}]},{\"@type\":\"ImageObject\",\"inLanguage\":\"cs\",\"@id\":\"https:\\\/\\\/www.cultcaffe.at\\\/produkt\\\/espresso-barista\\\/#local-main-organization-logo\",\"url\":\"https:\\\/\\\/www.cultcaffe.at\\\/wp-content\\\/uploads\\\/2023\\\/11\\\/cultcaffe_logo_regular_dark-1.svg\",\"contentUrl\":\"https:\\\/\\\/www.cultcaffe.at\\\/wp-content\\\/uploads\\\/2023\\\/11\\\/cultcaffe_logo_regular_dark-1.svg\",\"width\":756,\"height\":474,\"caption\":\"CultCaff\u00e9 Kaffeer\u00f6sterei GmbH\"}]}<\/script>\n<meta property=\"og:availability\" content=\"instock\" \/>\n<meta property=\"product:availability\" content=\"instock\" \/>\n<meta property=\"product:condition\" content=\"new\" \/>\n<!-- \/ Yoast SEO plugin. -->","yoast_head_json":{"title":"Espresso Barista - CultCaff\u00e9 - pra\u017e\u00edrna bio k\u00e1vy","description":"Sm\u011bs: 83% Arabica \u2013 17% Robusta | S\u00edla: 4 | Vyv\u00e1\u017een\u00e1, intenzivn\u00ed, dlouhotrvaj\u00edc\u00ed chu\u0165 | L\u00edskov\u00e9 a \u010dokol\u00e1dov\u00e9 aroma, pln\u00e9 t\u011blo, sametov\u011b hladk\u00e1 cremma. Z\u00e1\u017eitek jako z dom\u00e1c\u00edho baristy.","robots":{"index":"index","follow":"follow","max-snippet":"max-snippet:-1","max-image-preview":"max-image-preview:large","max-video-preview":"max-video-preview:-1"},"canonical":"https:\/\/www.cultcaffe.at\/cs\/produkt\/espresso-barista\/","og_locale":"cs_CZ","og_type":"article","og_title":"Espresso Barista - CultCaff\u00e9 - die Bio Kaffee R\u00f6sterei","og_description":"Mischung: 83% Arabica \u2013 17% Robusta | St\u00e4rke: 4 | Ausgewogener, intensiver, lang anhaltender Geschmack | Haselnussiges und schokoladiges Aroma, bei vollem K\u00f6rper, samtige feine CremaBarista-Erlebnis f\u00fcr Zuhause","og_url":"https:\/\/www.cultcaffe.at\/cs\/produkt\/espresso-barista\/","og_site_name":"CultCaff\u00e9 - die Bio Kaffee R\u00f6sterei","article_publisher":"https:\/\/www.facebook.com\/p\/Cult-Caff%c3%a8-die-R%c3%b6sterei-100039719724703\/?locale=de_DE","article_modified_time":"2026-01-21T14:03:29+00:00","og_image":[{"width":2000,"height":2000,"url":"https:\/\/www.cultcaffe.at\/wp-content\/uploads\/2024\/04\/Cult-Caffe_Kaffee-Bohnen_Barista.jpg","type":"image\/jpeg"}],"twitter_card":"summary_large_image","twitter_misc":{"Dostupnost":"Skladem"},"schema":{"@context":"https:\/\/schema.org","@graph":[{"@type":"WebPage","@id":"https:\/\/www.cultcaffe.at\/produkt\/espresso-barista\/","url":"https:\/\/www.cultcaffe.at\/produkt\/espresso-barista\/","name":"Espresso Barista - CultCaff\u00e9 - pra\u017e\u00edrna bio k\u00e1vy","isPartOf":{"@id":"https:\/\/www.cultcaffe.at\/#website"},"primaryImageOfPage":{"@id":"https:\/\/www.cultcaffe.at\/produkt\/espresso-barista\/#primaryimage"},"image":{"@id":"https:\/\/www.cultcaffe.at\/produkt\/espresso-barista\/#primaryimage"},"thumbnailUrl":"https:\/\/www.cultcaffe.at\/wp-content\/uploads\/2024\/04\/Cult-Caffe_Kaffee-Bohnen_Barista.jpg","datePublished":"2024-03-06T18:59:32+00:00","dateModified":"2026-01-21T14:03:29+00:00","description":"Sm\u011bs: 83% Arabica \u2013 17% Robusta | S\u00edla: 4 | Vyv\u00e1\u017een\u00e1, intenzivn\u00ed, dlouhotrvaj\u00edc\u00ed chu\u0165 | L\u00edskov\u00e9 a \u010dokol\u00e1dov\u00e9 aroma, pln\u00e9 t\u011blo, sametov\u011b hladk\u00e1 cremma. Z\u00e1\u017eitek jako z dom\u00e1c\u00edho baristy.","breadcrumb":{"@id":"https:\/\/www.cultcaffe.at\/produkt\/espresso-barista\/#breadcrumb"},"inLanguage":"cs","potentialAction":[{"@type":"ReadAction","target":["https:\/\/www.cultcaffe.at\/produkt\/espresso-barista\/"]}]},{"@type":"ImageObject","inLanguage":"cs","@id":"https:\/\/www.cultcaffe.at\/produkt\/espresso-barista\/#primaryimage","url":"https:\/\/www.cultcaffe.at\/wp-content\/uploads\/2024\/04\/Cult-Caffe_Kaffee-Bohnen_Barista.jpg","contentUrl":"https:\/\/www.cultcaffe.at\/wp-content\/uploads\/2024\/04\/Cult-Caffe_Kaffee-Bohnen_Barista.jpg","width":2000,"height":2000},{"@type":"BreadcrumbList","@id":"https:\/\/www.cultcaffe.at\/produkt\/espresso-barista\/#breadcrumb","itemListElement":[{"@type":"ListItem","position":1,"name":"Startseite","item":"https:\/\/www.cultcaffe.at\/"},{"@type":"ListItem","position":2,"name":"Produkte","item":"https:\/\/www.cultcaffe.at\/shop\/"},{"@type":"ListItem","position":3,"name":"Espresso Barista"}]},{"@type":"WebSite","@id":"https:\/\/www.cultcaffe.at\/#website","url":"https:\/\/www.cultcaffe.at\/","name":"CultCaff\u00e9 - pra\u017e\u00edrna bio k\u00e1vy","description":"L\u00e1ska ke k\u00e1v\u011b","publisher":{"@id":"https:\/\/www.cultcaffe.at\/#organization"},"potentialAction":[{"@type":"SearchAction","target":{"@type":"EntryPoint","urlTemplate":"https:\/\/www.cultcaffe.at\/?s={search_term_string}"},"query-input":{"@type":"PropertyValueSpecification","valueRequired":true,"valueName":"search_term_string"}}],"inLanguage":"cs"},{"@type":["Organization","Place"],"@id":"https:\/\/www.cultcaffe.at\/#organization","name":"CultCaff\u00e9 Coffee Roastery GmbH","alternateName":"CultCaff\u00e9","url":"https:\/\/www.cultcaffe.at\/","logo":{"@id":"https:\/\/www.cultcaffe.at\/produkt\/espresso-barista\/#local-main-organization-logo"},"image":{"@id":"https:\/\/www.cultcaffe.at\/produkt\/espresso-barista\/#local-main-organization-logo"},"sameAs":["https:\/\/www.facebook.com\/p\/Cult-Caff\u00e8-die-R\u00f6sterei-100039719724703\/?locale=de_DE","https:\/\/www.instagram.com\/cultcaffe.at\/"],"hasMerchantReturnPolicy":{"@type":"MerchantReturnPolicy","merchantReturnLink":"https:\/\/www.cultcaffe.at\/cs\/agbs\/"},"telephone":[],"openingHoursSpecification":[{"@type":"OpeningHoursSpecification","dayOfWeek":["Monday","Tuesday","Wednesday","Thursday","Friday","Saturday","Sunday"],"opens":"09:00","closes":"17:00"}]},{"@type":"ImageObject","inLanguage":"cs","@id":"https:\/\/www.cultcaffe.at\/produkt\/espresso-barista\/#local-main-organization-logo","url":"https:\/\/www.cultcaffe.at\/wp-content\/uploads\/2023\/11\/cultcaffe_logo_regular_dark-1.svg","contentUrl":"https:\/\/www.cultcaffe.at\/wp-content\/uploads\/2023\/11\/cultcaffe_logo_regular_dark-1.svg","width":756,"height":474,"caption":"CultCaff\u00e9 Kaffeer\u00f6sterei GmbH"}]},"og_availability":"instock","product_availability":"instock","product_condition":"new"},"_links":{"self":[{"href":"https:\/\/www.cultcaffe.at\/cs\/wp-json\/wp\/v2\/product\/13871","targetHints":{"allow":["GET"]}}],"collection":[{"href":"https:\/\/www.cultcaffe.at\/cs\/wp-json\/wp\/v2\/product"}],"about":[{"href":"https:\/\/www.cultcaffe.at\/cs\/wp-json\/wp\/v2\/types\/product"}],"wp:featuredmedia":[{"embeddable":true,"href":"https:\/\/www.cultcaffe.at\/cs\/wp-json\/wp\/v2\/media\/14960"}],"wp:attachment":[{"href":"https:\/\/www.cultcaffe.at\/cs\/wp-json\/wp\/v2\/media?parent=13871"}],"wp:term":[{"taxonomy":"product_brand","embeddable":true,"href":"https:\/\/www.cultcaffe.at\/cs\/wp-json\/wp\/v2\/product_brand?post=13871"},{"taxonomy":"product_cat","embeddable":true,"href":"https:\/\/www.cultcaffe.at\/cs\/wp-json\/wp\/v2\/product_cat?post=13871"},{"taxonomy":"product_tag","embeddable":true,"href":"https:\/\/www.cultcaffe.at\/cs\/wp-json\/wp\/v2\/product_tag?post=13871"}],"curies":[{"name":"wp","href":"https:\/\/api.w.org\/{rel}","templated":true}]}}