{"id":13803,"date":"2015-06-22T15:38:03","date_gmt":"2015-06-22T13:38:03","guid":{"rendered":"https:\/\/www.cultcaffe.at\/?post_type=product&#038;p=13803"},"modified":"2025-11-20T10:45:35","modified_gmt":"2025-11-20T09:45:35","slug":"cantuccine-alla-mandorla-175g","status":"publish","type":"product","link":"https:\/\/www.cultcaffe.at\/cs\/produkt\/cantuccini-alla-mandorla-175g\/","title":{"rendered":"Cantuccini alla Mandorla 175g"},"content":{"rendered":"<h3>Tyto vynikaj\u00edc\u00ed cantuccini z n\u00e1dhern\u00e9ho Tosk\u00e1nska vyr\u00e1b\u00ed jedna z nejstar\u0161\u00edch italsk\u00fdch cukr\u00e1ren Sapori podle origin\u00e1ln\u00ed receptury.<br \/>\nLahoda s k\u00e1vou, \u010dajem a kakaem!<\/h3>\n<p>A\u0165 u\u017e na sn\u00eddani, sva\u010dinu nebo dezert \u2013 hod\u00ed se pro ka\u017edou p\u0159\u00edle\u017eitost a dodaj\u00ed j\u00eddlu n\u00e1dech... <strong>Italsk\u00e1 Dolce Vita<\/strong>.<\/p>\n<p>N\u00e1\u0161 <strong>Cantuccini alla Mandorla<\/strong> jsou <strong>tradi\u010dn\u00ed italsk\u00e9 mandlov\u00e9 pe\u010divo<\/strong>kter\u00e9 pot\u011b\u0161\u00ed milovn\u00edky sladk\u00fdch dobrot.<\/p>\n<p>Ten\/Ta\/To <strong>k\u0159upav\u00e9 cantuccini<\/strong> jsou zu\u0161lecht\u011bny bohatou mandlovou v\u016fn\u00ed, kter\u00e1 z nich d\u011bl\u00e1 opravdovou lah\u016fdku. Jeho autentick\u00e1 chu\u0165 v\u00e1s zavede p\u0159\u00edmo k <strong>Italsk\u00fd sv\u011bt z\u00e1bavy<\/strong>.<\/p>\n<ul>\n<li><strong>Balen\u00ed 175 g pro pot\u011b\u0161en\u00ed doma<\/strong> \u2013 Praktick\u00e9 balen\u00ed o hmotnosti 175 g v\u00e1m umo\u017en\u00ed vychutnat si mandlov\u00e9 pe\u010divo kdykoli doma.<\/li>\n<\/ul>\n<p>Objevte kousek italsk\u00e9 tradice s na\u0161imi Cantuccini alla Mandorla <strong>Kultura po\u017eitku<\/strong> v ka\u017ed\u00e9m balen\u00ed.<\/p>","protected":false},"excerpt":{"rendered":"<ul>\n<li class=\"bullet-checkmark\">Tradi\u010dn\u00ed italsk\u00e9 mandlov\u00e9 pe\u010divo<\/li>\n<li class=\"bullet-checkmark\">Ide\u00e1ln\u00ed pro p\u0159est\u00e1vky na k\u00e1vu nebo jako dezert<\/li>\n<li class=\"bullet-checkmark\">Balen\u00ed 175 g pro pot\u011b\u0161en\u00ed doma<\/li>\n<li class=\"bullet-checkmark\">Autentick\u00e1 chu\u0165 z It\u00e1lie<\/li>\n<\/ul>","protected":false},"featured_media":2088,"template":"","meta":{"inline_featured_image":false},"product_brand":[],"product_cat":[203,211],"product_tag":[73,61,60,66,59],"class_list":{"0":"post-13803","1":"product","2":"type-product","3":"status-publish","4":"has-post-thumbnail","6":"product_cat-kaffeebeigaben","7":"product_cat-geschenkideen","8":"product_tag-cantuccini","9":"product_tag-cultcaffe","10":"product_tag-espresso","11":"product_tag-italienisches-mandelgebaeck","12":"product_tag-kaffee","14":"first","15":"outofstock","16":"taxable","17":"shipping-taxable","18":"purchasable","19":"product-type-simple"},"yoast_head":"<!-- This site is optimized with the Yoast SEO plugin v27.6 - https:\/\/yoast.com\/product\/yoast-seo-wordpress\/ -->\n<title>Cantuccini alla Mandorla 175g - CultCaff\u00e9 - die Bio Kaffee R\u00f6sterei<\/title>\n<meta name=\"robots\" content=\"index, follow, max-snippet:-1, max-image-preview:large, max-video-preview:-1\" \/>\n<link rel=\"canonical\" href=\"https:\/\/www.cultcaffe.at\/cs\/produkt\/cantuccine-alla-mandorla-175g\/\" \/>\n<meta property=\"og:locale\" content=\"cs_CZ\" \/>\n<meta property=\"og:type\" content=\"article\" \/>\n<meta property=\"og:title\" content=\"Cantuccini alla Mandorla 175g - CultCaff\u00e9 - die Bio Kaffee R\u00f6sterei\" \/>\n<meta property=\"og:description\" content=\"Traditionelles italienisches Mandelgeb\u00e4ck  Perfekt f\u00fcr Kaffeepausen oder als Dessert  175g Packung f\u00fcr den Genuss zu Hause  Authentischer Geschmack aus Italien\" \/>\n<meta property=\"og:url\" content=\"https:\/\/www.cultcaffe.at\/cs\/produkt\/cantuccine-alla-mandorla-175g\/\" \/>\n<meta property=\"og:site_name\" content=\"CultCaff\u00e9 - die Bio Kaffee R\u00f6sterei\" \/>\n<meta property=\"article:publisher\" content=\"https:\/\/www.facebook.com\/p\/Cult-Caff%c3%a8-die-R%c3%b6sterei-100039719724703\/?locale=de_DE\" \/>\n<meta property=\"article:modified_time\" content=\"2025-11-20T09:45:35+00:00\" \/>\n<meta property=\"og:image\" content=\"https:\/\/www.cultcaffe.at\/wp-content\/uploads\/2024\/02\/kaffeebeigaben-sapori-roesterei-kaffeeliebhaber.jpg\" \/>\n\t<meta property=\"og:image:width\" content=\"500\" \/>\n\t<meta property=\"og:image:height\" content=\"500\" \/>\n\t<meta property=\"og:image:type\" content=\"image\/jpeg\" \/>\n<meta name=\"twitter:card\" content=\"summary_large_image\" \/>\n<meta name=\"twitter:label1\" content=\"Cena\" \/>\n\t<meta name=\"twitter:data1\" content=\"&euro;&nbsp;6,50\" \/>\n\t<meta name=\"twitter:label2\" content=\"Dostupnost\" \/>\n\t<meta name=\"twitter:data2\" content=\"Vyprod\u00e1no\" \/>\n<script type=\"application\/ld+json\" class=\"yoast-schema-graph\">{\"@context\":\"https:\\\/\\\/schema.org\",\"@graph\":[{\"@type\":\"WebPage\",\"@id\":\"https:\\\/\\\/www.cultcaffe.at\\\/produkt\\\/cantuccini-alla-mandorla-175g\\\/\",\"url\":\"https:\\\/\\\/www.cultcaffe.at\\\/produkt\\\/cantuccini-alla-mandorla-175g\\\/\",\"name\":\"Cantuccini alla Mandorla 175g - CultCaff\u00e9 - die Bio Kaffee R\u00f6sterei\",\"isPartOf\":{\"@id\":\"https:\\\/\\\/www.cultcaffe.at\\\/#website\"},\"primaryImageOfPage\":{\"@id\":\"https:\\\/\\\/www.cultcaffe.at\\\/produkt\\\/cantuccini-alla-mandorla-175g\\\/#primaryimage\"},\"image\":{\"@id\":\"https:\\\/\\\/www.cultcaffe.at\\\/produkt\\\/cantuccini-alla-mandorla-175g\\\/#primaryimage\"},\"thumbnailUrl\":\"https:\\\/\\\/www.cultcaffe.at\\\/wp-content\\\/uploads\\\/2024\\\/02\\\/kaffeebeigaben-sapori-roesterei-kaffeeliebhaber.jpg\",\"datePublished\":\"2015-06-22T13:38:03+00:00\",\"dateModified\":\"2025-11-20T09:45:35+00:00\",\"breadcrumb\":{\"@id\":\"https:\\\/\\\/www.cultcaffe.at\\\/produkt\\\/cantuccini-alla-mandorla-175g\\\/#breadcrumb\"},\"inLanguage\":\"cs\",\"potentialAction\":[{\"@type\":\"ReadAction\",\"target\":[\"https:\\\/\\\/www.cultcaffe.at\\\/produkt\\\/cantuccini-alla-mandorla-175g\\\/\"]}]},{\"@type\":\"ImageObject\",\"inLanguage\":\"cs\",\"@id\":\"https:\\\/\\\/www.cultcaffe.at\\\/produkt\\\/cantuccini-alla-mandorla-175g\\\/#primaryimage\",\"url\":\"https:\\\/\\\/www.cultcaffe.at\\\/wp-content\\\/uploads\\\/2024\\\/02\\\/kaffeebeigaben-sapori-roesterei-kaffeeliebhaber.jpg\",\"contentUrl\":\"https:\\\/\\\/www.cultcaffe.at\\\/wp-content\\\/uploads\\\/2024\\\/02\\\/kaffeebeigaben-sapori-roesterei-kaffeeliebhaber.jpg\",\"width\":500,\"height\":500},{\"@type\":\"BreadcrumbList\",\"@id\":\"https:\\\/\\\/www.cultcaffe.at\\\/produkt\\\/cantuccini-alla-mandorla-175g\\\/#breadcrumb\",\"itemListElement\":[{\"@type\":\"ListItem\",\"position\":1,\"name\":\"Startseite\",\"item\":\"https:\\\/\\\/www.cultcaffe.at\\\/\"},{\"@type\":\"ListItem\",\"position\":2,\"name\":\"Produkte\",\"item\":\"https:\\\/\\\/www.cultcaffe.at\\\/shop\\\/\"},{\"@type\":\"ListItem\",\"position\":3,\"name\":\"Cantuccini alla Mandorla 175g\"}]},{\"@type\":\"WebSite\",\"@id\":\"https:\\\/\\\/www.cultcaffe.at\\\/#website\",\"url\":\"https:\\\/\\\/www.cultcaffe.at\\\/\",\"name\":\"CultCaff\u00e9 - die Bio Kaffee R\u00f6sterei\",\"description\":\"Liebe zum Kaffee\",\"publisher\":{\"@id\":\"https:\\\/\\\/www.cultcaffe.at\\\/#organization\"},\"potentialAction\":[{\"@type\":\"SearchAction\",\"target\":{\"@type\":\"EntryPoint\",\"urlTemplate\":\"https:\\\/\\\/www.cultcaffe.at\\\/?s={search_term_string}\"},\"query-input\":{\"@type\":\"PropertyValueSpecification\",\"valueRequired\":true,\"valueName\":\"search_term_string\"}}],\"inLanguage\":\"cs\"},{\"@type\":[\"Organization\",\"Place\"],\"@id\":\"https:\\\/\\\/www.cultcaffe.at\\\/#organization\",\"name\":\"CultCaff\u00e9 Kaffeer\u00f6sterei GmbH\",\"alternateName\":\"CultCaff\u00e9\",\"url\":\"https:\\\/\\\/www.cultcaffe.at\\\/\",\"logo\":{\"@id\":\"https:\\\/\\\/www.cultcaffe.at\\\/produkt\\\/cantuccini-alla-mandorla-175g\\\/#local-main-organization-logo\"},\"image\":{\"@id\":\"https:\\\/\\\/www.cultcaffe.at\\\/produkt\\\/cantuccini-alla-mandorla-175g\\\/#local-main-organization-logo\"},\"sameAs\":[\"https:\\\/\\\/www.facebook.com\\\/p\\\/Cult-Caff\u00e8-die-R\u00f6sterei-100039719724703\\\/?locale=de_DE\",\"https:\\\/\\\/www.instagram.com\\\/cultcaffe.at\\\/\"],\"hasMerchantReturnPolicy\":{\"@type\":\"MerchantReturnPolicy\",\"merchantReturnLink\":\"https:\\\/\\\/www.cultcaffe.at\\\/cs\\\/agbs\\\/\"},\"telephone\":[],\"openingHoursSpecification\":[{\"@type\":\"OpeningHoursSpecification\",\"dayOfWeek\":[\"Monday\",\"Tuesday\",\"Wednesday\",\"Thursday\",\"Friday\",\"Saturday\",\"Sunday\"],\"opens\":\"09:00\",\"closes\":\"17:00\"}]},{\"@type\":\"ImageObject\",\"inLanguage\":\"cs\",\"@id\":\"https:\\\/\\\/www.cultcaffe.at\\\/produkt\\\/cantuccini-alla-mandorla-175g\\\/#local-main-organization-logo\",\"url\":\"https:\\\/\\\/www.cultcaffe.at\\\/wp-content\\\/uploads\\\/2023\\\/11\\\/cultcaffe_logo_regular_dark-1.svg\",\"contentUrl\":\"https:\\\/\\\/www.cultcaffe.at\\\/wp-content\\\/uploads\\\/2023\\\/11\\\/cultcaffe_logo_regular_dark-1.svg\",\"width\":756,\"height\":474,\"caption\":\"CultCaff\u00e9 Kaffeer\u00f6sterei GmbH\"}]}<\/script>\n<meta property=\"product:price:amount\" content=\"6.50\" \/>\n<meta property=\"product:price:currency\" content=\"EUR\" \/>\n<meta property=\"og:availability\" content=\"out of stock\" \/>\n<meta property=\"product:availability\" content=\"out of stock\" \/>\n<meta property=\"product:condition\" content=\"new\" \/>\n<!-- \/ Yoast SEO plugin. -->","yoast_head_json":{"title":"Cantuccini alla Mandorla 175g - CultCaff\u00e9 - organick\u00e1 pra\u017e\u00edrna k\u00e1vy","robots":{"index":"index","follow":"follow","max-snippet":"max-snippet:-1","max-image-preview":"max-image-preview:large","max-video-preview":"max-video-preview:-1"},"canonical":"https:\/\/www.cultcaffe.at\/cs\/produkt\/cantuccine-alla-mandorla-175g\/","og_locale":"cs_CZ","og_type":"article","og_title":"Cantuccini alla Mandorla 175g - CultCaff\u00e9 - die Bio Kaffee R\u00f6sterei","og_description":"Traditionelles italienisches Mandelgeb\u00e4ck  Perfekt f\u00fcr Kaffeepausen oder als Dessert  175g Packung f\u00fcr den Genuss zu Hause  Authentischer Geschmack aus Italien","og_url":"https:\/\/www.cultcaffe.at\/cs\/produkt\/cantuccine-alla-mandorla-175g\/","og_site_name":"CultCaff\u00e9 - die Bio Kaffee R\u00f6sterei","article_publisher":"https:\/\/www.facebook.com\/p\/Cult-Caff%c3%a8-die-R%c3%b6sterei-100039719724703\/?locale=de_DE","article_modified_time":"2025-11-20T09:45:35+00:00","og_image":[{"width":500,"height":500,"url":"https:\/\/www.cultcaffe.at\/wp-content\/uploads\/2024\/02\/kaffeebeigaben-sapori-roesterei-kaffeeliebhaber.jpg","type":"image\/jpeg"}],"twitter_card":"summary_large_image","twitter_misc":{"Cena":"&euro;&nbsp;6,50","Dostupnost":"Vyprod\u00e1no"},"schema":{"@context":"https:\/\/schema.org","@graph":[{"@type":"WebPage","@id":"https:\/\/www.cultcaffe.at\/produkt\/cantuccini-alla-mandorla-175g\/","url":"https:\/\/www.cultcaffe.at\/produkt\/cantuccini-alla-mandorla-175g\/","name":"Cantuccini alla Mandorla 175g - CultCaff\u00e9 - organick\u00e1 pra\u017e\u00edrna k\u00e1vy","isPartOf":{"@id":"https:\/\/www.cultcaffe.at\/#website"},"primaryImageOfPage":{"@id":"https:\/\/www.cultcaffe.at\/produkt\/cantuccini-alla-mandorla-175g\/#primaryimage"},"image":{"@id":"https:\/\/www.cultcaffe.at\/produkt\/cantuccini-alla-mandorla-175g\/#primaryimage"},"thumbnailUrl":"https:\/\/www.cultcaffe.at\/wp-content\/uploads\/2024\/02\/kaffeebeigaben-sapori-roesterei-kaffeeliebhaber.jpg","datePublished":"2015-06-22T13:38:03+00:00","dateModified":"2025-11-20T09:45:35+00:00","breadcrumb":{"@id":"https:\/\/www.cultcaffe.at\/produkt\/cantuccini-alla-mandorla-175g\/#breadcrumb"},"inLanguage":"cs","potentialAction":[{"@type":"ReadAction","target":["https:\/\/www.cultcaffe.at\/produkt\/cantuccini-alla-mandorla-175g\/"]}]},{"@type":"ImageObject","inLanguage":"cs","@id":"https:\/\/www.cultcaffe.at\/produkt\/cantuccini-alla-mandorla-175g\/#primaryimage","url":"https:\/\/www.cultcaffe.at\/wp-content\/uploads\/2024\/02\/kaffeebeigaben-sapori-roesterei-kaffeeliebhaber.jpg","contentUrl":"https:\/\/www.cultcaffe.at\/wp-content\/uploads\/2024\/02\/kaffeebeigaben-sapori-roesterei-kaffeeliebhaber.jpg","width":500,"height":500},{"@type":"BreadcrumbList","@id":"https:\/\/www.cultcaffe.at\/produkt\/cantuccini-alla-mandorla-175g\/#breadcrumb","itemListElement":[{"@type":"ListItem","position":1,"name":"Startseite","item":"https:\/\/www.cultcaffe.at\/"},{"@type":"ListItem","position":2,"name":"Produkte","item":"https:\/\/www.cultcaffe.at\/shop\/"},{"@type":"ListItem","position":3,"name":"Cantuccini alla Mandorla 175g"}]},{"@type":"WebSite","@id":"https:\/\/www.cultcaffe.at\/#website","url":"https:\/\/www.cultcaffe.at\/","name":"CultCaff\u00e9 - pra\u017e\u00edrna bio k\u00e1vy","description":"L\u00e1ska ke k\u00e1v\u011b","publisher":{"@id":"https:\/\/www.cultcaffe.at\/#organization"},"potentialAction":[{"@type":"SearchAction","target":{"@type":"EntryPoint","urlTemplate":"https:\/\/www.cultcaffe.at\/?s={search_term_string}"},"query-input":{"@type":"PropertyValueSpecification","valueRequired":true,"valueName":"search_term_string"}}],"inLanguage":"cs"},{"@type":["Organization","Place"],"@id":"https:\/\/www.cultcaffe.at\/#organization","name":"CultCaff\u00e9 Coffee Roastery GmbH","alternateName":"CultCaff\u00e9","url":"https:\/\/www.cultcaffe.at\/","logo":{"@id":"https:\/\/www.cultcaffe.at\/produkt\/cantuccini-alla-mandorla-175g\/#local-main-organization-logo"},"image":{"@id":"https:\/\/www.cultcaffe.at\/produkt\/cantuccini-alla-mandorla-175g\/#local-main-organization-logo"},"sameAs":["https:\/\/www.facebook.com\/p\/Cult-Caff\u00e8-die-R\u00f6sterei-100039719724703\/?locale=de_DE","https:\/\/www.instagram.com\/cultcaffe.at\/"],"hasMerchantReturnPolicy":{"@type":"MerchantReturnPolicy","merchantReturnLink":"https:\/\/www.cultcaffe.at\/cs\/agbs\/"},"telephone":[],"openingHoursSpecification":[{"@type":"OpeningHoursSpecification","dayOfWeek":["Monday","Tuesday","Wednesday","Thursday","Friday","Saturday","Sunday"],"opens":"09:00","closes":"17:00"}]},{"@type":"ImageObject","inLanguage":"cs","@id":"https:\/\/www.cultcaffe.at\/produkt\/cantuccini-alla-mandorla-175g\/#local-main-organization-logo","url":"https:\/\/www.cultcaffe.at\/wp-content\/uploads\/2023\/11\/cultcaffe_logo_regular_dark-1.svg","contentUrl":"https:\/\/www.cultcaffe.at\/wp-content\/uploads\/2023\/11\/cultcaffe_logo_regular_dark-1.svg","width":756,"height":474,"caption":"CultCaff\u00e9 Kaffeer\u00f6sterei GmbH"}]},"product_price_amount":"6.50","product_price_currency":"EUR","og_availability":"out of stock","product_availability":"out of stock","product_condition":"new"},"_links":{"self":[{"href":"https:\/\/www.cultcaffe.at\/cs\/wp-json\/wp\/v2\/product\/13803","targetHints":{"allow":["GET"]}}],"collection":[{"href":"https:\/\/www.cultcaffe.at\/cs\/wp-json\/wp\/v2\/product"}],"about":[{"href":"https:\/\/www.cultcaffe.at\/cs\/wp-json\/wp\/v2\/types\/product"}],"wp:featuredmedia":[{"embeddable":true,"href":"https:\/\/www.cultcaffe.at\/cs\/wp-json\/wp\/v2\/media\/2088"}],"wp:attachment":[{"href":"https:\/\/www.cultcaffe.at\/cs\/wp-json\/wp\/v2\/media?parent=13803"}],"wp:term":[{"taxonomy":"product_brand","embeddable":true,"href":"https:\/\/www.cultcaffe.at\/cs\/wp-json\/wp\/v2\/product_brand?post=13803"},{"taxonomy":"product_cat","embeddable":true,"href":"https:\/\/www.cultcaffe.at\/cs\/wp-json\/wp\/v2\/product_cat?post=13803"},{"taxonomy":"product_tag","embeddable":true,"href":"https:\/\/www.cultcaffe.at\/cs\/wp-json\/wp\/v2\/product_tag?post=13803"}],"curies":[{"name":"wp","href":"https:\/\/api.w.org\/{rel}","templated":true}]}}