{"id":960,"date":"2021-12-13T09:03:43","date_gmt":"2021-12-13T08:03:43","guid":{"rendered":"https:\/\/www.cultcaffe.at\/?page_id=960"},"modified":"2026-01-14T09:49:38","modified_gmt":"2026-01-14T08:49:38","slug":"otisk","status":"publish","type":"page","link":"https:\/\/www.cultcaffe.at\/cs\/impressum\/","title":{"rendered":"Otisk"},"content":{"rendered":"<p><strong>N\u00e1zev spole\u010dnosti<\/strong><br \/>\nCult Caff\u00e8 Coffee Roastery GmbH<br \/>\nK\u00f6chlinger Str. 14, 3371 Neumarkt<\/p>\n<p><strong>\u0158\u00edzen\u00ed<\/strong><br \/>\nSilvia Lasselsberger, Walter Schweifer<\/p>\n<p>DI\u010c: ATU 69902518<br \/>\nFN: 440038s HG St. P\u00f6lten<\/p>\n<p>Bankovn\u00ed spojen\u00ed: Volksbank Alpenvorland<br \/>\nIBAN: AT44 4715 0415 2880 0000<br \/>\nBIC\/SWIFT: VBOEATWWNOM<\/p>\n<p><strong>Copyright<\/strong><br \/>\nVe\u0161ker\u00fd obsah, fotografie, texty a grafika jsou chr\u00e1n\u011bny autorsk\u00fdm pr\u00e1vem. Bez p\u0159edchoz\u00edho p\u00edsemn\u00e9ho souhlasu nesm\u00ed b\u00fdt kop\u00edrov\u00e1ny, upravov\u00e1ny, reprodukov\u00e1ny ani publikov\u00e1ny vcelku ani z\u010d\u00e1sti.<\/p>\n<p><strong>Podm\u00ednky pou\u017eit\u00ed<\/strong><br \/>\nObsah t\u011bchto webov\u00fdch str\u00e1nek je voln\u011b dostupn\u00fd a slou\u017e\u00ed pouze pro informa\u010dn\u00ed \u00fa\u010dely. Pou\u017e\u00edv\u00e1n\u00edm mo\u017enost\u00ed na webov\u00fdch str\u00e1nk\u00e1ch nevznik\u00e1 \u017e\u00e1dn\u00fd pr\u00e1vn\u00ed vztah mezi vlastn\u00edkem a u\u017eivateli. Dal\u0161\u00ed postup mezi poskytovateli a u\u017eivateli a p\u0159\u00edpadn\u00e9 n\u00e1sledn\u00e9 uzav\u0159en\u00ed smluv mezi poskytovateli a u\u017eivateli je v\u00fdhradn\u011b na uv\u00e1\u017een\u00ed u\u017eivatel\u016f.<\/p>\n<p><strong>Autorsk\u00e1 pr\u00e1va \/ Z\u0159eknut\u00ed se odpov\u011bdnosti<\/strong><br \/>\nVzhledem k technick\u00fdm vlastnostem internetu nelze poskytnout \u017e\u00e1dnou z\u00e1ruku za pravost, p\u0159esnost a \u00faplnost informac\u00ed poskytovan\u00fdch na internetu. Nen\u00ed poskytov\u00e1na \u017e\u00e1dn\u00e1 z\u00e1ruka ohledn\u011b dostupnosti nebo provozu t\u011bchto webov\u00fdch str\u00e1nek a jejich obsahu.<\/p>\n<p>Jak\u00e1koli odpov\u011bdnost za p\u0159\u00edm\u00e9, nep\u0159\u00edm\u00e9 nebo jin\u00e9 \u0161kody, bez ohledu na jejich p\u0159\u00ed\u010diny, vypl\u00fdvaj\u00edc\u00ed z pou\u017eit\u00ed nebo nedostupnosti dat a informac\u00ed na t\u011bchto webov\u00fdch str\u00e1nk\u00e1ch, je v rozsahu povolen\u00e9m z\u00e1konem vylou\u010dena.<\/p>\n<p>Obsah t\u00e9to domovsk\u00e9 str\u00e1nky je chr\u00e1n\u011bn autorsk\u00fdm pr\u00e1vem. Informace jsou ur\u010deny pouze pro osobn\u00ed pou\u017eit\u00ed. Jak\u00e9koli dal\u0161\u00ed pou\u017eit\u00ed, zejm\u00e9na ukl\u00e1d\u00e1n\u00ed do datab\u00e1z\u00ed, reprodukce a jak\u00e1koli forma komer\u010dn\u00edho vyu\u017eit\u00ed, jako\u017e i p\u0159ed\u00e1v\u00e1n\u00ed t\u0159et\u00edm stran\u00e1m \u2013 a to i v \u010d\u00e1stech nebo v p\u0159epracovan\u00e9 podob\u011b \u2013 bez souhlasu webov\u00fdch str\u00e1nek nebo dr\u017eitele pr\u00e1v je zak\u00e1z\u00e1no.<\/p>\n<p>Hypertextov\u00e9 odkazy na tyto webov\u00e9 str\u00e1nky jsou v\u00edt\u00e1ny, pokud je p\u016fvod obsahu jasn\u011b identifikovateln\u00fd a je vylou\u010deno jak\u00e9koli uveden\u00ed u\u017eivatel\u016f v omyl. Jak\u00e1koli integrace jednotliv\u00fdch str\u00e1nek na\u0161\u00ed nab\u00eddky do extern\u00edch r\u00e1mc\u016f je zak\u00e1z\u00e1na, stejn\u011b jako poskytov\u00e1n\u00ed na\u0161ich RSS kan\u00e1l\u016f na extern\u00edch webov\u00fdch str\u00e1nk\u00e1ch.<\/p>\n<p><strong>Odpov\u011bdnost za odkazy<\/strong><br \/>\nTento weblog obsahuje odkazy na extern\u00ed webov\u00e9 str\u00e1nky t\u0159et\u00edch stran, na jejich\u017e obsah nem\u00e1 provozovatel t\u011bchto webov\u00fdch str\u00e1nek \u017e\u00e1dn\u00fd vliv. Za tento extern\u00ed obsah proto nelze p\u0159evz\u00edt \u017e\u00e1dnou odpov\u011bdnost. Za obsah odkazovan\u00fdch str\u00e1nek je v\u017edy zodpov\u011bdn\u00fd p\u0159\u00edslu\u0161n\u00fd poskytovatel nebo provozovatel str\u00e1nek. Propojen\u00e9 str\u00e1nky byly v dob\u011b propojen\u00ed zkontrolov\u00e1ny z hlediska mo\u017en\u00e9ho poru\u0161en\u00ed z\u00e1kona. Neleg\u00e1ln\u00ed obsah nebyl v dob\u011b odkazov\u00e1n\u00ed rozpoznateln\u00fd. Trval\u00e9 sledov\u00e1n\u00ed obsahu odkazovan\u00fdch str\u00e1nek v\u0161ak nen\u00ed rozumn\u00e9 bez konkr\u00e9tn\u00edch d\u016fkaz\u016f o poru\u0161en\u00ed z\u00e1kona. Pokud se dozv\u00edme o jak\u00fdchkoli poru\u0161en\u00edch z\u00e1kona, takov\u00e9 odkazy okam\u017eit\u011b odstran\u00edme.<\/p>\n<p><strong>Design a v\u00fdvoj<\/strong><br \/>\nOnline slu\u017eby Wolfbiz \u2013 Carina Hager<br \/>\nD\u00fcrnbach 72<br \/>\n3254 Bergland<br \/>\n<a href=\"https:\/\/www.wolfbiz.at\">www.wolfbiz.at<\/a><\/p>","protected":false},"excerpt":{"rendered":"<p>Firmenname Cult Caff\u00e8 Kaffeer\u00f6sterei GmbH K\u00f6chlinger Str. 14, 3371 Neumarkt Gesch\u00e4ftsf\u00fchrung Silvia Lasselsberger, Walter Schweifer UID: ATU 69902518 FN: 440038s HG St. P\u00f6lten Bankverbindung: Volksbank Alpenvorland IBAN: AT44 4715 0415 2880 0000 BIC\/SWIFT: VBOEATWWNOM Urheberrecht, Copyright S\u00e4mtliche Inhalte, Fotos, Texte und Grafiken sind urheberrechtlich gesch\u00fctzt. Sie d\u00fcrfen ohne vorherige schriftliche Genehmigung weder ganz noch auszugsweise [&hellip;]<\/p>\n","protected":false},"author":6,"featured_media":0,"parent":0,"menu_order":0,"comment_status":"closed","ping_status":"closed","template":"","meta":{"inline_featured_image":false,"footnotes":""},"class_list":["post-960","page","type-page","status-publish","hentry"],"yoast_head":"<!-- This site is optimized with the Yoast SEO plugin v27.5 - https:\/\/yoast.com\/product\/yoast-seo-wordpress\/ -->\n<title>Impressum - CultCaff\u00e9 - die Bio Kaffee R\u00f6sterei<\/title>\n<meta name=\"robots\" content=\"index, follow, max-snippet:-1, max-image-preview:large, max-video-preview:-1\" \/>\n<link rel=\"canonical\" href=\"https:\/\/www.cultcaffe.at\/cs\/otisk\/\" \/>\n<meta property=\"og:locale\" content=\"cs_CZ\" \/>\n<meta property=\"og:type\" content=\"article\" \/>\n<meta property=\"og:title\" content=\"Impressum - CultCaff\u00e9 - die Bio Kaffee R\u00f6sterei\" \/>\n<meta property=\"og:description\" content=\"Firmenname Cult Caff\u00e8 Kaffeer\u00f6sterei GmbH K\u00f6chlinger Str. 14, 3371 Neumarkt Gesch\u00e4ftsf\u00fchrung Silvia Lasselsberger, Walter Schweifer UID: ATU 69902518 FN: 440038s HG St. P\u00f6lten Bankverbindung: Volksbank Alpenvorland IBAN: AT44 4715 0415 2880 0000 BIC\/SWIFT: VBOEATWWNOM Urheberrecht, Copyright S\u00e4mtliche Inhalte, Fotos, Texte und Grafiken sind urheberrechtlich gesch\u00fctzt. Sie d\u00fcrfen ohne vorherige schriftliche Genehmigung weder ganz noch auszugsweise [&hellip;]\" \/>\n<meta property=\"og:url\" content=\"https:\/\/www.cultcaffe.at\/cs\/otisk\/\" \/>\n<meta property=\"og:site_name\" content=\"CultCaff\u00e9 - die Bio Kaffee R\u00f6sterei\" \/>\n<meta property=\"article:publisher\" content=\"https:\/\/www.facebook.com\/p\/Cult-Caff%c3%a8-die-R%c3%b6sterei-100039719724703\/?locale=de_DE\" \/>\n<meta property=\"article:modified_time\" content=\"2026-01-14T08:49:38+00:00\" \/>\n<meta name=\"twitter:card\" content=\"summary_large_image\" \/>\n<meta name=\"twitter:label1\" content=\"Odhadovan\u00e1 doba \u010dten\u00ed\" \/>\n\t<meta name=\"twitter:data1\" content=\"3 minuty\" \/>\n<script type=\"application\/ld+json\" class=\"yoast-schema-graph\">{\"@context\":\"https:\\\/\\\/schema.org\",\"@graph\":[{\"@type\":\"WebPage\",\"@id\":\"https:\\\/\\\/www.cultcaffe.at\\\/impressum\\\/\",\"url\":\"https:\\\/\\\/www.cultcaffe.at\\\/impressum\\\/\",\"name\":\"Impressum - CultCaff\u00e9 - die Bio Kaffee R\u00f6sterei\",\"isPartOf\":{\"@id\":\"https:\\\/\\\/www.cultcaffe.at\\\/#website\"},\"datePublished\":\"2021-12-13T08:03:43+00:00\",\"dateModified\":\"2026-01-14T08:49:38+00:00\",\"breadcrumb\":{\"@id\":\"https:\\\/\\\/www.cultcaffe.at\\\/impressum\\\/#breadcrumb\"},\"inLanguage\":\"cs\",\"potentialAction\":[{\"@type\":\"ReadAction\",\"target\":[\"https:\\\/\\\/www.cultcaffe.at\\\/impressum\\\/\"]}]},{\"@type\":\"BreadcrumbList\",\"@id\":\"https:\\\/\\\/www.cultcaffe.at\\\/impressum\\\/#breadcrumb\",\"itemListElement\":[{\"@type\":\"ListItem\",\"position\":1,\"name\":\"Startseite\",\"item\":\"https:\\\/\\\/www.cultcaffe.at\\\/\"},{\"@type\":\"ListItem\",\"position\":2,\"name\":\"Impressum\"}]},{\"@type\":\"WebSite\",\"@id\":\"https:\\\/\\\/www.cultcaffe.at\\\/#website\",\"url\":\"https:\\\/\\\/www.cultcaffe.at\\\/\",\"name\":\"CultCaff\u00e9 - die Bio Kaffee R\u00f6sterei\",\"description\":\"Liebe zum Kaffee\",\"publisher\":{\"@id\":\"https:\\\/\\\/www.cultcaffe.at\\\/#organization\"},\"potentialAction\":[{\"@type\":\"SearchAction\",\"target\":{\"@type\":\"EntryPoint\",\"urlTemplate\":\"https:\\\/\\\/www.cultcaffe.at\\\/?s={search_term_string}\"},\"query-input\":{\"@type\":\"PropertyValueSpecification\",\"valueRequired\":true,\"valueName\":\"search_term_string\"}}],\"inLanguage\":\"cs\"},{\"@type\":[\"Organization\",\"Place\"],\"@id\":\"https:\\\/\\\/www.cultcaffe.at\\\/#organization\",\"name\":\"CultCaff\u00e9 Kaffeer\u00f6sterei GmbH\",\"alternateName\":\"CultCaff\u00e9\",\"url\":\"https:\\\/\\\/www.cultcaffe.at\\\/\",\"logo\":{\"@id\":\"https:\\\/\\\/www.cultcaffe.at\\\/impressum\\\/#local-main-organization-logo\"},\"image\":{\"@id\":\"https:\\\/\\\/www.cultcaffe.at\\\/impressum\\\/#local-main-organization-logo\"},\"sameAs\":[\"https:\\\/\\\/www.facebook.com\\\/p\\\/Cult-Caff\u00e8-die-R\u00f6sterei-100039719724703\\\/?locale=de_DE\",\"https:\\\/\\\/www.instagram.com\\\/cultcaffe.at\\\/\"],\"hasMerchantReturnPolicy\":{\"@type\":\"MerchantReturnPolicy\",\"merchantReturnLink\":\"https:\\\/\\\/www.cultcaffe.at\\\/cs\\\/agbs\\\/\"},\"telephone\":[],\"openingHoursSpecification\":[{\"@type\":\"OpeningHoursSpecification\",\"dayOfWeek\":[\"Monday\",\"Tuesday\",\"Wednesday\",\"Thursday\",\"Friday\",\"Saturday\",\"Sunday\"],\"opens\":\"09:00\",\"closes\":\"17:00\"}]},{\"@type\":\"ImageObject\",\"inLanguage\":\"cs\",\"@id\":\"https:\\\/\\\/www.cultcaffe.at\\\/impressum\\\/#local-main-organization-logo\",\"url\":\"https:\\\/\\\/www.cultcaffe.at\\\/wp-content\\\/uploads\\\/2023\\\/11\\\/cultcaffe_logo_regular_dark-1.svg\",\"contentUrl\":\"https:\\\/\\\/www.cultcaffe.at\\\/wp-content\\\/uploads\\\/2023\\\/11\\\/cultcaffe_logo_regular_dark-1.svg\",\"width\":756,\"height\":474,\"caption\":\"CultCaff\u00e9 Kaffeer\u00f6sterei GmbH\"}]}<\/script>\n<!-- \/ Yoast SEO plugin. -->","yoast_head_json":{"title":"Tir\u00e1\u017e - CultCaff\u00e9 - pra\u017e\u00edrna bio k\u00e1vy","robots":{"index":"index","follow":"follow","max-snippet":"max-snippet:-1","max-image-preview":"max-image-preview:large","max-video-preview":"max-video-preview:-1"},"canonical":"https:\/\/www.cultcaffe.at\/cs\/otisk\/","og_locale":"cs_CZ","og_type":"article","og_title":"Impressum - CultCaff\u00e9 - die Bio Kaffee R\u00f6sterei","og_description":"Firmenname Cult Caff\u00e8 Kaffeer\u00f6sterei GmbH K\u00f6chlinger Str. 14, 3371 Neumarkt Gesch\u00e4ftsf\u00fchrung Silvia Lasselsberger, Walter Schweifer UID: ATU 69902518 FN: 440038s HG St. P\u00f6lten Bankverbindung: Volksbank Alpenvorland IBAN: AT44 4715 0415 2880 0000 BIC\/SWIFT: VBOEATWWNOM Urheberrecht, Copyright S\u00e4mtliche Inhalte, Fotos, Texte und Grafiken sind urheberrechtlich gesch\u00fctzt. Sie d\u00fcrfen ohne vorherige schriftliche Genehmigung weder ganz noch auszugsweise [&hellip;]","og_url":"https:\/\/www.cultcaffe.at\/cs\/otisk\/","og_site_name":"CultCaff\u00e9 - die Bio Kaffee R\u00f6sterei","article_publisher":"https:\/\/www.facebook.com\/p\/Cult-Caff%c3%a8-die-R%c3%b6sterei-100039719724703\/?locale=de_DE","article_modified_time":"2026-01-14T08:49:38+00:00","twitter_card":"summary_large_image","twitter_misc":{"Odhadovan\u00e1 doba \u010dten\u00ed":"3 minuty"},"schema":{"@context":"https:\/\/schema.org","@graph":[{"@type":"WebPage","@id":"https:\/\/www.cultcaffe.at\/impressum\/","url":"https:\/\/www.cultcaffe.at\/impressum\/","name":"Tir\u00e1\u017e - CultCaff\u00e9 - pra\u017e\u00edrna bio k\u00e1vy","isPartOf":{"@id":"https:\/\/www.cultcaffe.at\/#website"},"datePublished":"2021-12-13T08:03:43+00:00","dateModified":"2026-01-14T08:49:38+00:00","breadcrumb":{"@id":"https:\/\/www.cultcaffe.at\/impressum\/#breadcrumb"},"inLanguage":"cs","potentialAction":[{"@type":"ReadAction","target":["https:\/\/www.cultcaffe.at\/impressum\/"]}]},{"@type":"BreadcrumbList","@id":"https:\/\/www.cultcaffe.at\/impressum\/#breadcrumb","itemListElement":[{"@type":"ListItem","position":1,"name":"Startseite","item":"https:\/\/www.cultcaffe.at\/"},{"@type":"ListItem","position":2,"name":"Impressum"}]},{"@type":"WebSite","@id":"https:\/\/www.cultcaffe.at\/#website","url":"https:\/\/www.cultcaffe.at\/","name":"CultCaff\u00e9 - pra\u017e\u00edrna bio k\u00e1vy","description":"L\u00e1ska ke k\u00e1v\u011b","publisher":{"@id":"https:\/\/www.cultcaffe.at\/#organization"},"potentialAction":[{"@type":"SearchAction","target":{"@type":"EntryPoint","urlTemplate":"https:\/\/www.cultcaffe.at\/?s={search_term_string}"},"query-input":{"@type":"PropertyValueSpecification","valueRequired":true,"valueName":"search_term_string"}}],"inLanguage":"cs"},{"@type":["Organization","Place"],"@id":"https:\/\/www.cultcaffe.at\/#organization","name":"CultCaff\u00e9 Coffee Roastery GmbH","alternateName":"CultCaff\u00e9","url":"https:\/\/www.cultcaffe.at\/","logo":{"@id":"https:\/\/www.cultcaffe.at\/impressum\/#local-main-organization-logo"},"image":{"@id":"https:\/\/www.cultcaffe.at\/impressum\/#local-main-organization-logo"},"sameAs":["https:\/\/www.facebook.com\/p\/Cult-Caff\u00e8-die-R\u00f6sterei-100039719724703\/?locale=de_DE","https:\/\/www.instagram.com\/cultcaffe.at\/"],"hasMerchantReturnPolicy":{"@type":"MerchantReturnPolicy","merchantReturnLink":"https:\/\/www.cultcaffe.at\/cs\/agbs\/"},"telephone":[],"openingHoursSpecification":[{"@type":"OpeningHoursSpecification","dayOfWeek":["Monday","Tuesday","Wednesday","Thursday","Friday","Saturday","Sunday"],"opens":"09:00","closes":"17:00"}]},{"@type":"ImageObject","inLanguage":"cs","@id":"https:\/\/www.cultcaffe.at\/impressum\/#local-main-organization-logo","url":"https:\/\/www.cultcaffe.at\/wp-content\/uploads\/2023\/11\/cultcaffe_logo_regular_dark-1.svg","contentUrl":"https:\/\/www.cultcaffe.at\/wp-content\/uploads\/2023\/11\/cultcaffe_logo_regular_dark-1.svg","width":756,"height":474,"caption":"CultCaff\u00e9 Kaffeer\u00f6sterei GmbH"}]}},"_links":{"self":[{"href":"https:\/\/www.cultcaffe.at\/cs\/wp-json\/wp\/v2\/pages\/960","targetHints":{"allow":["GET"]}}],"collection":[{"href":"https:\/\/www.cultcaffe.at\/cs\/wp-json\/wp\/v2\/pages"}],"about":[{"href":"https:\/\/www.cultcaffe.at\/cs\/wp-json\/wp\/v2\/types\/page"}],"author":[{"embeddable":true,"href":"https:\/\/www.cultcaffe.at\/cs\/wp-json\/wp\/v2\/users\/6"}],"replies":[{"embeddable":true,"href":"https:\/\/www.cultcaffe.at\/cs\/wp-json\/wp\/v2\/comments?post=960"}],"version-history":[{"count":7,"href":"https:\/\/www.cultcaffe.at\/cs\/wp-json\/wp\/v2\/pages\/960\/revisions"}],"predecessor-version":[{"id":19267,"href":"https:\/\/www.cultcaffe.at\/cs\/wp-json\/wp\/v2\/pages\/960\/revisions\/19267"}],"wp:attachment":[{"href":"https:\/\/www.cultcaffe.at\/cs\/wp-json\/wp\/v2\/media?parent=960"}],"curies":[{"name":"wp","href":"https:\/\/api.w.org\/{rel}","templated":true}]}}