{"id":917,"date":"2021-12-07T16:16:28","date_gmt":"2021-12-07T15:16:28","guid":{"rendered":"https:\/\/www.cultcaffe.at\/?page_id=917"},"modified":"2025-10-20T15:38:38","modified_gmt":"2025-10-20T13:38:38","slug":"obchod-s-lahudkami","status":"publish","type":"page","link":"https:\/\/www.cultcaffe.at\/cs\/handel-feinkost\/","title":{"rendered":"Obchod a lah\u016fdky"},"content":{"rendered":"<div data-elementor-type=\"wp-page\" data-elementor-id=\"917\" class=\"elementor elementor-917\" data-elementor-post-type=\"page\">\n\t\t\t\t<div class=\"elementor-element elementor-element-1e3753d e-flex e-con-boxed e-con e-parent\" data-id=\"1e3753d\" data-element_type=\"container\" data-e-type=\"container\" data-settings=\"{&quot;background_background&quot;:&quot;classic&quot;}\">\n\t\t\t\t\t<div class=\"e-con-inner\">\n\t\t\t\t<div class=\"elementor-element elementor-element-1cf4e28 elementor-widget elementor-widget-heading\" data-id=\"1cf4e28\" data-element_type=\"widget\" data-e-type=\"widget\" data-widget_type=\"heading.default\">\n\t\t\t\t<div class=\"elementor-widget-container\">\n\t\t\t\t\t<h1 class=\"elementor-heading-title elementor-size-default\"><span style=\"color:#aca590\">K\u00e1va<\/span> pro maloobchod, pek\u00e1rny a kancel\u00e1\u0159e<\/h1>\t\t\t\t<\/div>\n\t\t\t\t<\/div>\n\t\t\t\t\t<\/div>\n\t\t\t\t<\/div>\n\t\t<div class=\"elementor-element elementor-element-11496d5 e-flex e-con-boxed e-con e-parent\" data-id=\"11496d5\" data-element_type=\"container\" data-e-type=\"container\">\n\t\t\t\t\t<div class=\"e-con-inner\">\n\t\t<div class=\"elementor-element elementor-element-63b95a6 e-con-full e-flex e-con e-child\" data-id=\"63b95a6\" data-element_type=\"container\" data-e-type=\"container\">\n\t\t\t\t<div class=\"elementor-element elementor-element-bded465 elementor-widget elementor-widget-text-editor\" data-id=\"bded465\" data-element_type=\"widget\" data-e-type=\"widget\" data-widget_type=\"text-editor.default\">\n\t\t\t\t<div class=\"elementor-widget-container\">\n\t\t\t\t\t\t\t\t\t<h2><strong>Obchod \/ Peka\u0159<\/strong><\/h2><p><span style=\"font-weight: 400;\">Popt\u00e1vka po kvalitn\u00ed k\u00e1v\u011b v posledn\u00edch letech v\u00fdrazn\u011b vzrostla. <\/span><span style=\"font-weight: 400;\">zv\u00fd\u0161ila.<\/span><\/p><p><span style=\"font-weight: 400;\">Zejm\u00e9na v pek\u00e1rn\u00e1ch nebo jednotliv\u00fdch region\u00e1ln\u00edch obchodech s biopotravinami a lah\u016fdkami <\/span><span style=\"font-weight: 400;\">Spot\u0159ebitel hled\u00e1 kvalitn\u00ed produkty nad r\u00e1mec masov\u011b vyr\u00e1b\u011bn\u00e9ho zbo\u017e\u00ed.<\/span><\/p><p><span style=\"font-weight: 400;\">I zde v\u00e1m nab\u00edz\u00edme \u0159e\u0161en\u00ed \u0161it\u00e1 na m\u00edru.<\/span><\/p><p><strong>\u017d\u00e1dost <a href=\"mailto:info@cultcaffe.at\">po\u0161tou<\/a> nebo p\u0159es <a href=\"https:\/\/www.cultcaffe.at\/cs\/kontakt\/\">Popt\u00e1vkov\u00fd formul\u00e1\u0159<\/a> n\u00e1\u0161 cen\u00edk nebo dal\u0161\u00ed informace.<\/strong><\/p>\t\t\t\t\t\t\t\t<\/div>\n\t\t\t\t<\/div>\n\t\t\t\t<\/div>\n\t\t<div class=\"elementor-element elementor-element-62bc342 e-con-full e-flex e-con e-child\" data-id=\"62bc342\" data-element_type=\"container\" data-e-type=\"container\">\n\t\t\t\t<div class=\"elementor-element elementor-element-72b00b9 elementor-widget elementor-widget-image\" data-id=\"72b00b9\" data-element_type=\"widget\" data-e-type=\"widget\" data-widget_type=\"image.default\">\n\t\t\t\t<div class=\"elementor-widget-container\">\n\t\t\t\t\t\t\t\t\t\t\t\t\t\t\t<img fetchpriority=\"high\" decoding=\"async\" width=\"800\" height=\"534\" src=\"https:\/\/www.cultcaffe.at\/wp-content\/uploads\/2025\/03\/cultcaffe_handel-1024x683.jpg\" class=\"attachment-large size-large wp-image-17983\" alt=\"\" srcset=\"https:\/\/www.cultcaffe.at\/wp-content\/uploads\/2025\/03\/cultcaffe_handel-1024x683.jpg 1024w, https:\/\/www.cultcaffe.at\/wp-content\/uploads\/2025\/03\/cultcaffe_handel-600x400.jpg 600w, https:\/\/www.cultcaffe.at\/wp-content\/uploads\/2025\/03\/cultcaffe_handel-300x200.jpg 300w, https:\/\/www.cultcaffe.at\/wp-content\/uploads\/2025\/03\/cultcaffe_handel-768x512.jpg 768w, https:\/\/www.cultcaffe.at\/wp-content\/uploads\/2025\/03\/cultcaffe_handel.jpg 1500w\" sizes=\"(max-width: 800px) 100vw, 800px\" \/>\t\t\t\t\t\t\t\t\t\t\t\t\t\t\t<\/div>\n\t\t\t\t<\/div>\n\t\t\t\t<\/div>\n\t\t\t\t\t<\/div>\n\t\t\t\t<\/div>\n\t\t<div class=\"elementor-element elementor-element-9512ca4 e-flex e-con-boxed e-con e-parent\" data-id=\"9512ca4\" data-element_type=\"container\" data-e-type=\"container\">\n\t\t\t\t\t<div class=\"e-con-inner\">\n\t\t<div class=\"elementor-element elementor-element-b8b840d e-con-full e-flex e-con e-child\" data-id=\"b8b840d\" data-element_type=\"container\" data-e-type=\"container\">\n\t\t\t\t<div class=\"elementor-element elementor-element-e423739 elementor-widget elementor-widget-image\" data-id=\"e423739\" data-element_type=\"widget\" data-e-type=\"widget\" data-widget_type=\"image.default\">\n\t\t\t\t<div class=\"elementor-widget-container\">\n\t\t\t\t\t\t\t\t\t\t\t\t\t\t\t<img decoding=\"async\" width=\"800\" height=\"534\" src=\"https:\/\/www.cultcaffe.at\/wp-content\/uploads\/2025\/03\/cultcaffe_buero-1024x683.jpg\" class=\"attachment-large size-large wp-image-17982\" alt=\"\" srcset=\"https:\/\/www.cultcaffe.at\/wp-content\/uploads\/2025\/03\/cultcaffe_buero-1024x683.jpg 1024w, https:\/\/www.cultcaffe.at\/wp-content\/uploads\/2025\/03\/cultcaffe_buero-600x400.jpg 600w, https:\/\/www.cultcaffe.at\/wp-content\/uploads\/2025\/03\/cultcaffe_buero-300x200.jpg 300w, https:\/\/www.cultcaffe.at\/wp-content\/uploads\/2025\/03\/cultcaffe_buero-768x513.jpg 768w, https:\/\/www.cultcaffe.at\/wp-content\/uploads\/2025\/03\/cultcaffe_buero.jpg 1500w\" sizes=\"(max-width: 800px) 100vw, 800px\" \/>\t\t\t\t\t\t\t\t\t\t\t\t\t\t\t<\/div>\n\t\t\t\t<\/div>\n\t\t\t\t<\/div>\n\t\t<div class=\"elementor-element elementor-element-83e8f1b e-con-full e-flex e-con e-child\" data-id=\"83e8f1b\" data-element_type=\"container\" data-e-type=\"container\">\n\t\t\t\t<div class=\"elementor-element elementor-element-2c32569 elementor-widget elementor-widget-text-editor\" data-id=\"2c32569\" data-element_type=\"widget\" data-e-type=\"widget\" data-widget_type=\"text-editor.default\">\n\t\t\t\t<div class=\"elementor-widget-container\">\n\t\t\t\t\t\t\t\t\t<h2><strong>Kancel\u00e1\u0159<\/strong><\/h2><p>Kdo by si cht\u011bl nechat uj\u00edt dobrou k\u00e1vu v kancel\u00e1\u0159i?<\/p><p>Probuzen\u00ed a povzbuzen\u00ed je nezbytn\u00e9 pro soust\u0159ed\u011bn\u00ed a v\u00fdkon. Postar\u00e1me se o spr\u00e1vn\u00fd typ pro v\u00e1\u0161 individu\u00e1ln\u00ed stroj a tak\u00e9 o jeho pr\u016fb\u011b\u017en\u00e9 spr\u00e1vn\u00e9 se\u0159\u00edzen\u00ed! Pro nejlep\u0161\u00ed v\u00fdsledky ve va\u0161em \u0161\u00e1lku \u2013 perfektn\u00ed pochoutka ka\u017ed\u00fd den!<\/p><p><strong>R\u00e1di v\u00e1s o tom informujeme i zde <a href=\"mailto:info@cultcaffe.at\">po\u0161tou<\/a> nebo p\u0159es <a href=\"https:\/\/www.cultcaffe.at\/cs\/kontakt\/\">Popt\u00e1vkov\u00fd formul\u00e1\u0159.<\/a><\/strong><\/p>\t\t\t\t\t\t\t\t<\/div>\n\t\t\t\t<\/div>\n\t\t\t\t<\/div>\n\t\t\t\t\t<\/div>\n\t\t\t\t<\/div>\n\t\t\t\t<\/div>","protected":false},"excerpt":{"rendered":"<p>Kaffee f\u00fcr den Handel, B\u00e4cker &amp; B\u00fcro Handel \/ B\u00e4cker Die Nachfrage nach hochwertigem Kaffee ist in den letzten Jahren stark gestiegen. Gerade in B\u00e4ckereien oder individuellen, regionalen Bio- und Feinkostl\u00e4den sucht der Konsument nach Qualit\u00e4tsprodukten abseits der Massenware. Auch hier bieten wir Ihnen ma\u00dfgeschneiderte L\u00f6sungen an. Fordern Sie per Mail oder via Anfrageformular unsere [&hellip;]<\/p>\n","protected":false},"author":6,"featured_media":0,"parent":0,"menu_order":0,"comment_status":"closed","ping_status":"closed","template":"","meta":{"inline_featured_image":false,"footnotes":""},"class_list":["post-917","page","type-page","status-publish","hentry"],"yoast_head":"<!-- This site is optimized with the Yoast SEO plugin v27.5 - https:\/\/yoast.com\/product\/yoast-seo-wordpress\/ -->\n<title>Handel &amp; Feinkost - CultCaffe f\u00fcr Kaffeeliebhaber<\/title>\n<meta name=\"description\" content=\"Unsere Kaffee-Variationen gibt es auch im Handel wie Hof-, Genuss- und Biol\u00e4den, in Feinkost- &amp; Delikatessengesch\u00e4ften. \u2713 Bio-Kaffee \u2713 Caf\u00e9\" \/>\n<meta name=\"robots\" content=\"index, follow, max-snippet:-1, max-image-preview:large, max-video-preview:-1\" \/>\n<link rel=\"canonical\" href=\"https:\/\/www.cultcaffe.at\/cs\/obchod-s-lahudkami\/\" \/>\n<meta property=\"og:locale\" content=\"cs_CZ\" \/>\n<meta property=\"og:type\" content=\"article\" \/>\n<meta property=\"og:title\" content=\"Handel &amp; Feinkost - CultCaffe f\u00fcr Kaffeeliebhaber\" \/>\n<meta property=\"og:description\" content=\"Unsere Kaffee-Variationen gibt es auch im Handel wie Hof-, Genuss- und Biol\u00e4den, in Feinkost- &amp; Delikatessengesch\u00e4ften. \u2713 Bio-Kaffee \u2713 Caf\u00e9\" \/>\n<meta property=\"og:url\" content=\"https:\/\/www.cultcaffe.at\/cs\/obchod-s-lahudkami\/\" \/>\n<meta property=\"og:site_name\" content=\"CultCaff\u00e9 - die Bio Kaffee R\u00f6sterei\" \/>\n<meta property=\"article:publisher\" content=\"https:\/\/www.facebook.com\/p\/Cult-Caff%c3%a8-die-R%c3%b6sterei-100039719724703\/?locale=de_DE\" \/>\n<meta property=\"article:modified_time\" content=\"2025-10-20T13:38:38+00:00\" \/>\n<meta property=\"og:image\" content=\"https:\/\/www.cultcaffe.at\/wp-content\/uploads\/2025\/03\/cultcaffe_handel.jpg\" \/>\n\t<meta property=\"og:image:width\" content=\"1500\" \/>\n\t<meta property=\"og:image:height\" content=\"1000\" \/>\n\t<meta property=\"og:image:type\" content=\"image\/jpeg\" \/>\n<meta name=\"twitter:card\" content=\"summary_large_image\" \/>\n<meta name=\"twitter:label1\" content=\"Odhadovan\u00e1 doba \u010dten\u00ed\" \/>\n\t<meta name=\"twitter:data1\" content=\"2 minuty\" \/>\n<script type=\"application\/ld+json\" class=\"yoast-schema-graph\">{\"@context\":\"https:\\\/\\\/schema.org\",\"@graph\":[{\"@type\":\"WebPage\",\"@id\":\"https:\\\/\\\/www.cultcaffe.at\\\/handel-feinkost\\\/\",\"url\":\"https:\\\/\\\/www.cultcaffe.at\\\/handel-feinkost\\\/\",\"name\":\"Handel & Feinkost - CultCaffe f\u00fcr Kaffeeliebhaber\",\"isPartOf\":{\"@id\":\"https:\\\/\\\/www.cultcaffe.at\\\/#website\"},\"primaryImageOfPage\":{\"@id\":\"https:\\\/\\\/www.cultcaffe.at\\\/handel-feinkost\\\/#primaryimage\"},\"image\":{\"@id\":\"https:\\\/\\\/www.cultcaffe.at\\\/handel-feinkost\\\/#primaryimage\"},\"thumbnailUrl\":\"https:\\\/\\\/www.cultcaffe.at\\\/wp-content\\\/uploads\\\/2025\\\/03\\\/cultcaffe_handel-1024x683.jpg\",\"datePublished\":\"2021-12-07T15:16:28+00:00\",\"dateModified\":\"2025-10-20T13:38:38+00:00\",\"description\":\"Unsere Kaffee-Variationen gibt es auch im Handel wie Hof-, Genuss- und Biol\u00e4den, in Feinkost- & Delikatessengesch\u00e4ften. \u2713 Bio-Kaffee \u2713 Caf\u00e9\",\"breadcrumb\":{\"@id\":\"https:\\\/\\\/www.cultcaffe.at\\\/handel-feinkost\\\/#breadcrumb\"},\"inLanguage\":\"cs\",\"potentialAction\":[{\"@type\":\"ReadAction\",\"target\":[\"https:\\\/\\\/www.cultcaffe.at\\\/handel-feinkost\\\/\"]}]},{\"@type\":\"ImageObject\",\"inLanguage\":\"cs\",\"@id\":\"https:\\\/\\\/www.cultcaffe.at\\\/handel-feinkost\\\/#primaryimage\",\"url\":\"https:\\\/\\\/www.cultcaffe.at\\\/wp-content\\\/uploads\\\/2025\\\/03\\\/cultcaffe_handel-1024x683.jpg\",\"contentUrl\":\"https:\\\/\\\/www.cultcaffe.at\\\/wp-content\\\/uploads\\\/2025\\\/03\\\/cultcaffe_handel-1024x683.jpg\"},{\"@type\":\"BreadcrumbList\",\"@id\":\"https:\\\/\\\/www.cultcaffe.at\\\/handel-feinkost\\\/#breadcrumb\",\"itemListElement\":[{\"@type\":\"ListItem\",\"position\":1,\"name\":\"Startseite\",\"item\":\"https:\\\/\\\/www.cultcaffe.at\\\/\"},{\"@type\":\"ListItem\",\"position\":2,\"name\":\"Handel &#038; Feinkost\"}]},{\"@type\":\"WebSite\",\"@id\":\"https:\\\/\\\/www.cultcaffe.at\\\/#website\",\"url\":\"https:\\\/\\\/www.cultcaffe.at\\\/\",\"name\":\"CultCaff\u00e9 - die Bio Kaffee R\u00f6sterei\",\"description\":\"Liebe zum Kaffee\",\"publisher\":{\"@id\":\"https:\\\/\\\/www.cultcaffe.at\\\/#organization\"},\"potentialAction\":[{\"@type\":\"SearchAction\",\"target\":{\"@type\":\"EntryPoint\",\"urlTemplate\":\"https:\\\/\\\/www.cultcaffe.at\\\/?s={search_term_string}\"},\"query-input\":{\"@type\":\"PropertyValueSpecification\",\"valueRequired\":true,\"valueName\":\"search_term_string\"}}],\"inLanguage\":\"cs\"},{\"@type\":[\"Organization\",\"Place\"],\"@id\":\"https:\\\/\\\/www.cultcaffe.at\\\/#organization\",\"name\":\"CultCaff\u00e9 Kaffeer\u00f6sterei GmbH\",\"alternateName\":\"CultCaff\u00e9\",\"url\":\"https:\\\/\\\/www.cultcaffe.at\\\/\",\"logo\":{\"@id\":\"https:\\\/\\\/www.cultcaffe.at\\\/handel-feinkost\\\/#local-main-organization-logo\"},\"image\":{\"@id\":\"https:\\\/\\\/www.cultcaffe.at\\\/handel-feinkost\\\/#local-main-organization-logo\"},\"sameAs\":[\"https:\\\/\\\/www.facebook.com\\\/p\\\/Cult-Caff\u00e8-die-R\u00f6sterei-100039719724703\\\/?locale=de_DE\",\"https:\\\/\\\/www.instagram.com\\\/cultcaffe.at\\\/\"],\"hasMerchantReturnPolicy\":{\"@type\":\"MerchantReturnPolicy\",\"merchantReturnLink\":\"https:\\\/\\\/www.cultcaffe.at\\\/cs\\\/agbs\\\/\"},\"telephone\":[],\"openingHoursSpecification\":[{\"@type\":\"OpeningHoursSpecification\",\"dayOfWeek\":[\"Monday\",\"Tuesday\",\"Wednesday\",\"Thursday\",\"Friday\",\"Saturday\",\"Sunday\"],\"opens\":\"09:00\",\"closes\":\"17:00\"}]},{\"@type\":\"ImageObject\",\"inLanguage\":\"cs\",\"@id\":\"https:\\\/\\\/www.cultcaffe.at\\\/handel-feinkost\\\/#local-main-organization-logo\",\"url\":\"https:\\\/\\\/www.cultcaffe.at\\\/wp-content\\\/uploads\\\/2023\\\/11\\\/cultcaffe_logo_regular_dark-1.svg\",\"contentUrl\":\"https:\\\/\\\/www.cultcaffe.at\\\/wp-content\\\/uploads\\\/2023\\\/11\\\/cultcaffe_logo_regular_dark-1.svg\",\"width\":756,\"height\":474,\"caption\":\"CultCaff\u00e9 Kaffeer\u00f6sterei GmbH\"}]}<\/script>\n<!-- \/ Yoast SEO plugin. -->","yoast_head_json":{"title":"Obchod a lah\u016fdky - CultCaffe pro milovn\u00edky k\u00e1vy","description":"Na\u0161e druhy k\u00e1vy jsou k dost\u00e1n\u00ed tak\u00e9 v maloobchodn\u00edch prodejn\u00e1ch, jako jsou farm\u00e1\u0159sk\u00e9 obchody, obchody s gurm\u00e1nsk\u00fdmi potravinami, bioobchody a lah\u016fdk\u00e1\u0159stv\u00ed. \u2713 Bio k\u00e1va \u2713 Kav\u00e1rna","robots":{"index":"index","follow":"follow","max-snippet":"max-snippet:-1","max-image-preview":"max-image-preview:large","max-video-preview":"max-video-preview:-1"},"canonical":"https:\/\/www.cultcaffe.at\/cs\/obchod-s-lahudkami\/","og_locale":"cs_CZ","og_type":"article","og_title":"Handel & Feinkost - CultCaffe f\u00fcr Kaffeeliebhaber","og_description":"Unsere Kaffee-Variationen gibt es auch im Handel wie Hof-, Genuss- und Biol\u00e4den, in Feinkost- & Delikatessengesch\u00e4ften. \u2713 Bio-Kaffee \u2713 Caf\u00e9","og_url":"https:\/\/www.cultcaffe.at\/cs\/obchod-s-lahudkami\/","og_site_name":"CultCaff\u00e9 - die Bio Kaffee R\u00f6sterei","article_publisher":"https:\/\/www.facebook.com\/p\/Cult-Caff%c3%a8-die-R%c3%b6sterei-100039719724703\/?locale=de_DE","article_modified_time":"2025-10-20T13:38:38+00:00","og_image":[{"width":1500,"height":1000,"url":"https:\/\/www.cultcaffe.at\/wp-content\/uploads\/2025\/03\/cultcaffe_handel.jpg","type":"image\/jpeg"}],"twitter_card":"summary_large_image","twitter_misc":{"Odhadovan\u00e1 doba \u010dten\u00ed":"2 minuty"},"schema":{"@context":"https:\/\/schema.org","@graph":[{"@type":"WebPage","@id":"https:\/\/www.cultcaffe.at\/handel-feinkost\/","url":"https:\/\/www.cultcaffe.at\/handel-feinkost\/","name":"Obchod a lah\u016fdky - CultCaffe pro milovn\u00edky k\u00e1vy","isPartOf":{"@id":"https:\/\/www.cultcaffe.at\/#website"},"primaryImageOfPage":{"@id":"https:\/\/www.cultcaffe.at\/handel-feinkost\/#primaryimage"},"image":{"@id":"https:\/\/www.cultcaffe.at\/handel-feinkost\/#primaryimage"},"thumbnailUrl":"https:\/\/www.cultcaffe.at\/wp-content\/uploads\/2025\/03\/cultcaffe_handel-1024x683.jpg","datePublished":"2021-12-07T15:16:28+00:00","dateModified":"2025-10-20T13:38:38+00:00","description":"Na\u0161e druhy k\u00e1vy jsou k dost\u00e1n\u00ed tak\u00e9 v maloobchodn\u00edch prodejn\u00e1ch, jako jsou farm\u00e1\u0159sk\u00e9 obchody, obchody s gurm\u00e1nsk\u00fdmi potravinami, bioobchody a lah\u016fdk\u00e1\u0159stv\u00ed. \u2713 Bio k\u00e1va \u2713 Kav\u00e1rna","breadcrumb":{"@id":"https:\/\/www.cultcaffe.at\/handel-feinkost\/#breadcrumb"},"inLanguage":"cs","potentialAction":[{"@type":"ReadAction","target":["https:\/\/www.cultcaffe.at\/handel-feinkost\/"]}]},{"@type":"ImageObject","inLanguage":"cs","@id":"https:\/\/www.cultcaffe.at\/handel-feinkost\/#primaryimage","url":"https:\/\/www.cultcaffe.at\/wp-content\/uploads\/2025\/03\/cultcaffe_handel-1024x683.jpg","contentUrl":"https:\/\/www.cultcaffe.at\/wp-content\/uploads\/2025\/03\/cultcaffe_handel-1024x683.jpg"},{"@type":"BreadcrumbList","@id":"https:\/\/www.cultcaffe.at\/handel-feinkost\/#breadcrumb","itemListElement":[{"@type":"ListItem","position":1,"name":"Startseite","item":"https:\/\/www.cultcaffe.at\/"},{"@type":"ListItem","position":2,"name":"Handel &#038; Feinkost"}]},{"@type":"WebSite","@id":"https:\/\/www.cultcaffe.at\/#website","url":"https:\/\/www.cultcaffe.at\/","name":"CultCaff\u00e9 - pra\u017e\u00edrna bio k\u00e1vy","description":"L\u00e1ska ke k\u00e1v\u011b","publisher":{"@id":"https:\/\/www.cultcaffe.at\/#organization"},"potentialAction":[{"@type":"SearchAction","target":{"@type":"EntryPoint","urlTemplate":"https:\/\/www.cultcaffe.at\/?s={search_term_string}"},"query-input":{"@type":"PropertyValueSpecification","valueRequired":true,"valueName":"search_term_string"}}],"inLanguage":"cs"},{"@type":["Organization","Place"],"@id":"https:\/\/www.cultcaffe.at\/#organization","name":"CultCaff\u00e9 Coffee Roastery GmbH","alternateName":"CultCaff\u00e9","url":"https:\/\/www.cultcaffe.at\/","logo":{"@id":"https:\/\/www.cultcaffe.at\/handel-feinkost\/#local-main-organization-logo"},"image":{"@id":"https:\/\/www.cultcaffe.at\/handel-feinkost\/#local-main-organization-logo"},"sameAs":["https:\/\/www.facebook.com\/p\/Cult-Caff\u00e8-die-R\u00f6sterei-100039719724703\/?locale=de_DE","https:\/\/www.instagram.com\/cultcaffe.at\/"],"hasMerchantReturnPolicy":{"@type":"MerchantReturnPolicy","merchantReturnLink":"https:\/\/www.cultcaffe.at\/cs\/agbs\/"},"telephone":[],"openingHoursSpecification":[{"@type":"OpeningHoursSpecification","dayOfWeek":["Monday","Tuesday","Wednesday","Thursday","Friday","Saturday","Sunday"],"opens":"09:00","closes":"17:00"}]},{"@type":"ImageObject","inLanguage":"cs","@id":"https:\/\/www.cultcaffe.at\/handel-feinkost\/#local-main-organization-logo","url":"https:\/\/www.cultcaffe.at\/wp-content\/uploads\/2023\/11\/cultcaffe_logo_regular_dark-1.svg","contentUrl":"https:\/\/www.cultcaffe.at\/wp-content\/uploads\/2023\/11\/cultcaffe_logo_regular_dark-1.svg","width":756,"height":474,"caption":"CultCaff\u00e9 Kaffeer\u00f6sterei GmbH"}]}},"_links":{"self":[{"href":"https:\/\/www.cultcaffe.at\/cs\/wp-json\/wp\/v2\/pages\/917","targetHints":{"allow":["GET"]}}],"collection":[{"href":"https:\/\/www.cultcaffe.at\/cs\/wp-json\/wp\/v2\/pages"}],"about":[{"href":"https:\/\/www.cultcaffe.at\/cs\/wp-json\/wp\/v2\/types\/page"}],"author":[{"embeddable":true,"href":"https:\/\/www.cultcaffe.at\/cs\/wp-json\/wp\/v2\/users\/6"}],"replies":[{"embeddable":true,"href":"https:\/\/www.cultcaffe.at\/cs\/wp-json\/wp\/v2\/comments?post=917"}],"version-history":[{"count":106,"href":"https:\/\/www.cultcaffe.at\/cs\/wp-json\/wp\/v2\/pages\/917\/revisions"}],"predecessor-version":[{"id":18876,"href":"https:\/\/www.cultcaffe.at\/cs\/wp-json\/wp\/v2\/pages\/917\/revisions\/18876"}],"wp:attachment":[{"href":"https:\/\/www.cultcaffe.at\/cs\/wp-json\/wp\/v2\/media?parent=917"}],"curies":[{"name":"wp","href":"https:\/\/api.w.org\/{rel}","templated":true}]}}