{"id":2063,"date":"2024-01-31T13:13:52","date_gmt":"2024-01-31T12:13:52","guid":{"rendered":"https:\/\/www.cultcaffe.at\/warenkorb\/"},"modified":"2026-02-23T09:27:11","modified_gmt":"2026-02-23T08:27:11","slug":"nakupni-vozik","status":"publish","type":"page","link":"https:\/\/www.cultcaffe.at\/cs\/warenkorb\/","title":{"rendered":"N\u00e1kupn\u00ed ko\u0161\u00edk"},"content":{"rendered":"<div data-elementor-type=\"wp-page\" data-elementor-id=\"2063\" class=\"elementor elementor-2063\" data-elementor-post-type=\"page\">\n\t\t\t\t<div class=\"elementor-element elementor-element-ce015a5 e-flex e-con-boxed e-con e-parent\" data-id=\"ce015a5\" data-element_type=\"container\" data-e-type=\"container\" data-settings=\"{&quot;background_background&quot;:&quot;classic&quot;}\">\n\t\t\t\t\t<div class=\"e-con-inner\">\n\t\t\t\t<div class=\"elementor-element elementor-element-cca8567 elementor-widget elementor-widget-heading\" data-id=\"cca8567\" data-element_type=\"widget\" data-e-type=\"widget\" data-widget_type=\"heading.default\">\n\t\t\t\t<div class=\"elementor-widget-container\">\n\t\t\t\t\t<h2 class=\"elementor-heading-title elementor-size-default\">V\u00e1\u0161 n\u00e1kupn\u00ed ko\u0161\u00edk - Dobr\u00e1 volba! <\/h2>\t\t\t\t<\/div>\n\t\t\t\t<\/div>\n\t\t\t\t\t<\/div>\n\t\t\t\t<\/div>\n\t\t<div class=\"elementor-element elementor-element-9959f0d e-flex e-con-boxed e-con e-parent\" data-id=\"9959f0d\" data-element_type=\"container\" data-e-type=\"container\">\n\t\t\t\t\t<div class=\"e-con-inner\">\n\t\t\t\t<div class=\"elementor-element elementor-element-360914a elementor-widget elementor-widget-image\" data-id=\"360914a\" data-element_type=\"widget\" data-e-type=\"widget\" data-widget_type=\"image.default\">\n\t\t\t\t<div class=\"elementor-widget-container\">\n\t\t\t\t\t\t\t\t\t\t\t\t\t\t\t<img fetchpriority=\"high\" decoding=\"async\" width=\"800\" height=\"254\" src=\"https:\/\/www.cultcaffe.at\/wp-content\/uploads\/2026\/02\/cult-caffe-onlineshop-1-1024x325.jpg\" class=\"attachment-large size-large wp-image-19392\" alt=\"\" srcset=\"https:\/\/www.cultcaffe.at\/wp-content\/uploads\/2026\/02\/cult-caffe-onlineshop-1-1024x325.jpg 1024w, https:\/\/www.cultcaffe.at\/wp-content\/uploads\/2026\/02\/cult-caffe-onlineshop-1-300x95.jpg 300w, https:\/\/www.cultcaffe.at\/wp-content\/uploads\/2026\/02\/cult-caffe-onlineshop-1-768x244.jpg 768w, https:\/\/www.cultcaffe.at\/wp-content\/uploads\/2026\/02\/cult-caffe-onlineshop-1-18x6.jpg 18w, https:\/\/www.cultcaffe.at\/wp-content\/uploads\/2026\/02\/cult-caffe-onlineshop-1-600x191.jpg 600w, https:\/\/www.cultcaffe.at\/wp-content\/uploads\/2026\/02\/cult-caffe-onlineshop-1.jpg 1307w\" sizes=\"(max-width: 800px) 100vw, 800px\" \/>\t\t\t\t\t\t\t\t\t\t\t\t\t\t\t<\/div>\n\t\t\t\t<\/div>\n\t\t\t\t\t<\/div>\n\t\t\t\t<\/div>\n\t\t\t\t<\/div>","protected":false},"excerpt":{"rendered":"<p>Ihr Warenkorb &#8211; Eine gute Wahl! Artikel entfernen Vorschaubild Produkt Preis Anzahl Zwischensumme &times; Espresso Barista Einheit (g): 1000 Mahlgrad: ganze Bohne &euro;&nbsp;35,00 Espresso Barista Menge &euro;&nbsp;35,00 &times; BIO KAFFEE Amarillo Einheit (g): 1000 Mahlgrad: ganze Bohne &euro;&nbsp;37,00 BIO KAFFEE Amarillo Menge &euro;&nbsp;37,00 Gutschein einl\u00f6sen Warenkorb Summe Zwischensumme &euro;&nbsp;72,00 Sendung\u00a01 Versandkostenpauschale: &euro;&nbsp;10,20 Abholung vor Ort [&hellip;]<\/p>\n","protected":false},"author":6,"featured_media":0,"parent":0,"menu_order":0,"comment_status":"closed","ping_status":"closed","template":"","meta":{"inline_featured_image":false,"footnotes":""},"class_list":["post-2063","page","type-page","status-publish","hentry"],"yoast_head":"<!-- This site is optimized with the Yoast SEO plugin v27.4 - https:\/\/yoast.com\/product\/yoast-seo-wordpress\/ -->\n<title>Warenkorb - CultCaff\u00e9 - die Bio Kaffee R\u00f6sterei<\/title>\n<meta name=\"robots\" content=\"index, follow, max-snippet:-1, max-image-preview:large, max-video-preview:-1\" \/>\n<link rel=\"canonical\" href=\"https:\/\/www.cultcaffe.at\/cs\/nakupni-vozik\/\" \/>\n<meta property=\"og:locale\" content=\"cs_CZ\" \/>\n<meta property=\"og:type\" content=\"article\" \/>\n<meta property=\"og:title\" content=\"Warenkorb - CultCaff\u00e9 - die Bio Kaffee R\u00f6sterei\" \/>\n<meta property=\"og:description\" content=\"Ihr Warenkorb &#8211; Eine gute Wahl! Artikel entfernen Vorschaubild Produkt Preis Anzahl Zwischensumme &times; Espresso Barista Einheit (g): 1000 Mahlgrad: ganze Bohne &euro;&nbsp;35,00 Espresso Barista Menge &euro;&nbsp;35,00 &times; BIO KAFFEE Amarillo Einheit (g): 1000 Mahlgrad: ganze Bohne &euro;&nbsp;37,00 BIO KAFFEE Amarillo Menge &euro;&nbsp;37,00 Gutschein einl\u00f6sen Warenkorb Summe Zwischensumme &euro;&nbsp;72,00 Sendung\u00a01 Versandkostenpauschale: &euro;&nbsp;10,20 Abholung vor Ort [&hellip;]\" \/>\n<meta property=\"og:url\" content=\"https:\/\/www.cultcaffe.at\/cs\/nakupni-vozik\/\" \/>\n<meta property=\"og:site_name\" content=\"CultCaff\u00e9 - die Bio Kaffee R\u00f6sterei\" \/>\n<meta property=\"article:publisher\" content=\"https:\/\/www.facebook.com\/p\/Cult-Caff%c3%a8-die-R%c3%b6sterei-100039719724703\/?locale=de_DE\" \/>\n<meta property=\"article:modified_time\" content=\"2026-02-23T08:27:11+00:00\" \/>\n<meta property=\"og:image\" content=\"https:\/\/www.cultcaffe.at\/wp-content\/uploads\/2024\/04\/Cult-Caffe_Kaffee-Bohnen_Barista-600x600.jpg\" \/>\n<meta name=\"twitter:card\" content=\"summary_large_image\" \/>\n<meta name=\"twitter:label1\" content=\"Odhadovan\u00e1 doba \u010dten\u00ed\" \/>\n\t<meta name=\"twitter:data1\" content=\"1 minuta\" \/>\n<script type=\"application\/ld+json\" class=\"yoast-schema-graph\">{\"@context\":\"https:\\\/\\\/schema.org\",\"@graph\":[{\"@type\":\"WebPage\",\"@id\":\"https:\\\/\\\/www.cultcaffe.at\\\/warenkorb\\\/\",\"url\":\"https:\\\/\\\/www.cultcaffe.at\\\/warenkorb\\\/\",\"name\":\"Warenkorb - CultCaff\u00e9 - die Bio Kaffee R\u00f6sterei\",\"isPartOf\":{\"@id\":\"https:\\\/\\\/www.cultcaffe.at\\\/#website\"},\"primaryImageOfPage\":{\"@id\":\"https:\\\/\\\/www.cultcaffe.at\\\/warenkorb\\\/#primaryimage\"},\"image\":{\"@id\":\"https:\\\/\\\/www.cultcaffe.at\\\/warenkorb\\\/#primaryimage\"},\"thumbnailUrl\":\"https:\\\/\\\/www.cultcaffe.at\\\/wp-content\\\/uploads\\\/2024\\\/04\\\/Cult-Caffe_Kaffee-Bohnen_Barista-600x600.jpg\",\"datePublished\":\"2024-01-31T12:13:52+00:00\",\"dateModified\":\"2026-02-23T08:27:11+00:00\",\"breadcrumb\":{\"@id\":\"https:\\\/\\\/www.cultcaffe.at\\\/warenkorb\\\/#breadcrumb\"},\"inLanguage\":\"cs\",\"potentialAction\":[{\"@type\":\"ReadAction\",\"target\":[\"https:\\\/\\\/www.cultcaffe.at\\\/warenkorb\\\/\"]}]},{\"@type\":\"ImageObject\",\"inLanguage\":\"cs\",\"@id\":\"https:\\\/\\\/www.cultcaffe.at\\\/warenkorb\\\/#primaryimage\",\"url\":\"https:\\\/\\\/www.cultcaffe.at\\\/wp-content\\\/uploads\\\/2024\\\/04\\\/Cult-Caffe_Kaffee-Bohnen_Barista-600x600.jpg\",\"contentUrl\":\"https:\\\/\\\/www.cultcaffe.at\\\/wp-content\\\/uploads\\\/2024\\\/04\\\/Cult-Caffe_Kaffee-Bohnen_Barista-600x600.jpg\"},{\"@type\":\"BreadcrumbList\",\"@id\":\"https:\\\/\\\/www.cultcaffe.at\\\/warenkorb\\\/#breadcrumb\",\"itemListElement\":[{\"@type\":\"ListItem\",\"position\":1,\"name\":\"Startseite\",\"item\":\"https:\\\/\\\/www.cultcaffe.at\\\/\"},{\"@type\":\"ListItem\",\"position\":2,\"name\":\"Warenkorb\"}]},{\"@type\":\"WebSite\",\"@id\":\"https:\\\/\\\/www.cultcaffe.at\\\/#website\",\"url\":\"https:\\\/\\\/www.cultcaffe.at\\\/\",\"name\":\"CultCaff\u00e9 - die Bio Kaffee R\u00f6sterei\",\"description\":\"Liebe zum Kaffee\",\"publisher\":{\"@id\":\"https:\\\/\\\/www.cultcaffe.at\\\/#organization\"},\"potentialAction\":[{\"@type\":\"SearchAction\",\"target\":{\"@type\":\"EntryPoint\",\"urlTemplate\":\"https:\\\/\\\/www.cultcaffe.at\\\/?s={search_term_string}\"},\"query-input\":{\"@type\":\"PropertyValueSpecification\",\"valueRequired\":true,\"valueName\":\"search_term_string\"}}],\"inLanguage\":\"cs\"},{\"@type\":[\"Organization\",\"Place\"],\"@id\":\"https:\\\/\\\/www.cultcaffe.at\\\/#organization\",\"name\":\"CultCaff\u00e9 Kaffeer\u00f6sterei GmbH\",\"alternateName\":\"CultCaff\u00e9\",\"url\":\"https:\\\/\\\/www.cultcaffe.at\\\/\",\"logo\":{\"@id\":\"https:\\\/\\\/www.cultcaffe.at\\\/warenkorb\\\/#local-main-organization-logo\"},\"image\":{\"@id\":\"https:\\\/\\\/www.cultcaffe.at\\\/warenkorb\\\/#local-main-organization-logo\"},\"sameAs\":[\"https:\\\/\\\/www.facebook.com\\\/p\\\/Cult-Caff\u00e8-die-R\u00f6sterei-100039719724703\\\/?locale=de_DE\",\"https:\\\/\\\/www.instagram.com\\\/cultcaffe.at\\\/\"],\"hasMerchantReturnPolicy\":{\"@type\":\"MerchantReturnPolicy\",\"merchantReturnLink\":\"https:\\\/\\\/www.cultcaffe.at\\\/cs\\\/agbs\\\/\"},\"telephone\":[],\"openingHoursSpecification\":[{\"@type\":\"OpeningHoursSpecification\",\"dayOfWeek\":[\"Monday\",\"Tuesday\",\"Wednesday\",\"Thursday\",\"Friday\",\"Saturday\",\"Sunday\"],\"opens\":\"09:00\",\"closes\":\"17:00\"}]},{\"@type\":\"ImageObject\",\"inLanguage\":\"cs\",\"@id\":\"https:\\\/\\\/www.cultcaffe.at\\\/warenkorb\\\/#local-main-organization-logo\",\"url\":\"https:\\\/\\\/www.cultcaffe.at\\\/wp-content\\\/uploads\\\/2023\\\/11\\\/cultcaffe_logo_regular_dark-1.svg\",\"contentUrl\":\"https:\\\/\\\/www.cultcaffe.at\\\/wp-content\\\/uploads\\\/2023\\\/11\\\/cultcaffe_logo_regular_dark-1.svg\",\"width\":756,\"height\":474,\"caption\":\"CultCaff\u00e9 Kaffeer\u00f6sterei GmbH\"}]}<\/script>\n<!-- \/ Yoast SEO plugin. -->","yoast_head_json":{"title":"N\u00e1kupn\u00ed ko\u0161\u00edk - CultCaff\u00e9 - pra\u017e\u00edrna bio k\u00e1vy","robots":{"index":"index","follow":"follow","max-snippet":"max-snippet:-1","max-image-preview":"max-image-preview:large","max-video-preview":"max-video-preview:-1"},"canonical":"https:\/\/www.cultcaffe.at\/cs\/nakupni-vozik\/","og_locale":"cs_CZ","og_type":"article","og_title":"Warenkorb - CultCaff\u00e9 - die Bio Kaffee R\u00f6sterei","og_description":"Ihr Warenkorb &#8211; Eine gute Wahl! Artikel entfernen Vorschaubild Produkt Preis Anzahl Zwischensumme &times; Espresso Barista Einheit (g): 1000 Mahlgrad: ganze Bohne &euro;&nbsp;35,00 Espresso Barista Menge &euro;&nbsp;35,00 &times; BIO KAFFEE Amarillo Einheit (g): 1000 Mahlgrad: ganze Bohne &euro;&nbsp;37,00 BIO KAFFEE Amarillo Menge &euro;&nbsp;37,00 Gutschein einl\u00f6sen Warenkorb Summe Zwischensumme &euro;&nbsp;72,00 Sendung\u00a01 Versandkostenpauschale: &euro;&nbsp;10,20 Abholung vor Ort [&hellip;]","og_url":"https:\/\/www.cultcaffe.at\/cs\/nakupni-vozik\/","og_site_name":"CultCaff\u00e9 - die Bio Kaffee R\u00f6sterei","article_publisher":"https:\/\/www.facebook.com\/p\/Cult-Caff%c3%a8-die-R%c3%b6sterei-100039719724703\/?locale=de_DE","article_modified_time":"2026-02-23T08:27:11+00:00","og_image":[{"url":"https:\/\/www.cultcaffe.at\/wp-content\/uploads\/2024\/04\/Cult-Caffe_Kaffee-Bohnen_Barista-600x600.jpg","type":"","width":"","height":""}],"twitter_card":"summary_large_image","twitter_misc":{"Odhadovan\u00e1 doba \u010dten\u00ed":"1 minuta"},"schema":{"@context":"https:\/\/schema.org","@graph":[{"@type":"WebPage","@id":"https:\/\/www.cultcaffe.at\/warenkorb\/","url":"https:\/\/www.cultcaffe.at\/warenkorb\/","name":"N\u00e1kupn\u00ed ko\u0161\u00edk - CultCaff\u00e9 - pra\u017e\u00edrna bio k\u00e1vy","isPartOf":{"@id":"https:\/\/www.cultcaffe.at\/#website"},"primaryImageOfPage":{"@id":"https:\/\/www.cultcaffe.at\/warenkorb\/#primaryimage"},"image":{"@id":"https:\/\/www.cultcaffe.at\/warenkorb\/#primaryimage"},"thumbnailUrl":"https:\/\/www.cultcaffe.at\/wp-content\/uploads\/2024\/04\/Cult-Caffe_Kaffee-Bohnen_Barista-600x600.jpg","datePublished":"2024-01-31T12:13:52+00:00","dateModified":"2026-02-23T08:27:11+00:00","breadcrumb":{"@id":"https:\/\/www.cultcaffe.at\/warenkorb\/#breadcrumb"},"inLanguage":"cs","potentialAction":[{"@type":"ReadAction","target":["https:\/\/www.cultcaffe.at\/warenkorb\/"]}]},{"@type":"ImageObject","inLanguage":"cs","@id":"https:\/\/www.cultcaffe.at\/warenkorb\/#primaryimage","url":"https:\/\/www.cultcaffe.at\/wp-content\/uploads\/2024\/04\/Cult-Caffe_Kaffee-Bohnen_Barista-600x600.jpg","contentUrl":"https:\/\/www.cultcaffe.at\/wp-content\/uploads\/2024\/04\/Cult-Caffe_Kaffee-Bohnen_Barista-600x600.jpg"},{"@type":"BreadcrumbList","@id":"https:\/\/www.cultcaffe.at\/warenkorb\/#breadcrumb","itemListElement":[{"@type":"ListItem","position":1,"name":"Startseite","item":"https:\/\/www.cultcaffe.at\/"},{"@type":"ListItem","position":2,"name":"Warenkorb"}]},{"@type":"WebSite","@id":"https:\/\/www.cultcaffe.at\/#website","url":"https:\/\/www.cultcaffe.at\/","name":"CultCaff\u00e9 - pra\u017e\u00edrna bio k\u00e1vy","description":"L\u00e1ska ke k\u00e1v\u011b","publisher":{"@id":"https:\/\/www.cultcaffe.at\/#organization"},"potentialAction":[{"@type":"SearchAction","target":{"@type":"EntryPoint","urlTemplate":"https:\/\/www.cultcaffe.at\/?s={search_term_string}"},"query-input":{"@type":"PropertyValueSpecification","valueRequired":true,"valueName":"search_term_string"}}],"inLanguage":"cs"},{"@type":["Organization","Place"],"@id":"https:\/\/www.cultcaffe.at\/#organization","name":"CultCaff\u00e9 Coffee Roastery GmbH","alternateName":"CultCaff\u00e9","url":"https:\/\/www.cultcaffe.at\/","logo":{"@id":"https:\/\/www.cultcaffe.at\/warenkorb\/#local-main-organization-logo"},"image":{"@id":"https:\/\/www.cultcaffe.at\/warenkorb\/#local-main-organization-logo"},"sameAs":["https:\/\/www.facebook.com\/p\/Cult-Caff\u00e8-die-R\u00f6sterei-100039719724703\/?locale=de_DE","https:\/\/www.instagram.com\/cultcaffe.at\/"],"hasMerchantReturnPolicy":{"@type":"MerchantReturnPolicy","merchantReturnLink":"https:\/\/www.cultcaffe.at\/cs\/agbs\/"},"telephone":[],"openingHoursSpecification":[{"@type":"OpeningHoursSpecification","dayOfWeek":["Monday","Tuesday","Wednesday","Thursday","Friday","Saturday","Sunday"],"opens":"09:00","closes":"17:00"}]},{"@type":"ImageObject","inLanguage":"cs","@id":"https:\/\/www.cultcaffe.at\/warenkorb\/#local-main-organization-logo","url":"https:\/\/www.cultcaffe.at\/wp-content\/uploads\/2023\/11\/cultcaffe_logo_regular_dark-1.svg","contentUrl":"https:\/\/www.cultcaffe.at\/wp-content\/uploads\/2023\/11\/cultcaffe_logo_regular_dark-1.svg","width":756,"height":474,"caption":"CultCaff\u00e9 Kaffeer\u00f6sterei GmbH"}]}},"_links":{"self":[{"href":"https:\/\/www.cultcaffe.at\/cs\/wp-json\/wp\/v2\/pages\/2063","targetHints":{"allow":["GET"]}}],"collection":[{"href":"https:\/\/www.cultcaffe.at\/cs\/wp-json\/wp\/v2\/pages"}],"about":[{"href":"https:\/\/www.cultcaffe.at\/cs\/wp-json\/wp\/v2\/types\/page"}],"author":[{"embeddable":true,"href":"https:\/\/www.cultcaffe.at\/cs\/wp-json\/wp\/v2\/users\/6"}],"replies":[{"embeddable":true,"href":"https:\/\/www.cultcaffe.at\/cs\/wp-json\/wp\/v2\/comments?post=2063"}],"version-history":[{"count":26,"href":"https:\/\/www.cultcaffe.at\/cs\/wp-json\/wp\/v2\/pages\/2063\/revisions"}],"predecessor-version":[{"id":19411,"href":"https:\/\/www.cultcaffe.at\/cs\/wp-json\/wp\/v2\/pages\/2063\/revisions\/19411"}],"wp:attachment":[{"href":"https:\/\/www.cultcaffe.at\/cs\/wp-json\/wp\/v2\/media?parent=2063"}],"curies":[{"name":"wp","href":"https:\/\/api.w.org\/{rel}","templated":true}]}}