{"id":1830,"date":"2023-11-09T14:15:28","date_gmt":"2023-11-09T13:15:28","guid":{"rendered":"https:\/\/www.cultcaffe.at\/?page_id=1830"},"modified":"2025-04-16T08:55:27","modified_gmt":"2025-04-16T06:55:27","slug":"kavovy-trenink","status":"publish","type":"page","link":"https:\/\/www.cultcaffe.at\/cs\/hotellerie-gastro\/kaffee-schulung-training\/","title":{"rendered":"\u0160kolen\u00ed a vzd\u011bl\u00e1v\u00e1n\u00ed v oblasti k\u00e1vy"},"content":{"rendered":"<div data-elementor-type=\"wp-page\" data-elementor-id=\"1830\" class=\"elementor elementor-1830\" data-elementor-post-type=\"page\">\n\t\t\t\t<div class=\"elementor-element elementor-element-4bd41bd e-flex e-con-boxed e-con e-parent\" data-id=\"4bd41bd\" data-element_type=\"container\" data-e-type=\"container\">\n\t\t\t\t\t<div class=\"e-con-inner\">\n\t\t\t\t<div class=\"elementor-element elementor-element-01e2d2d elementor-widget elementor-widget-heading\" data-id=\"01e2d2d\" data-element_type=\"widget\" data-e-type=\"widget\" data-widget_type=\"heading.default\">\n\t\t\t\t<div class=\"elementor-widget-container\">\n\t\t\t\t\t<h1 class=\"elementor-heading-title elementor-size-default\">Vzd\u011bl\u00e1v\u00e1n\u00ed a \u0161kolen\u00ed v oblasti k\u00e1vy<\/h1>\t\t\t\t<\/div>\n\t\t\t\t<\/div>\n\t\t\t\t\t<\/div>\n\t\t\t\t<\/div>\n\t\t<div class=\"elementor-element elementor-element-1e2b3fb e-flex e-con-boxed e-con e-parent\" data-id=\"1e2b3fb\" data-element_type=\"container\" data-e-type=\"container\">\n\t\t\t\t\t<div class=\"e-con-inner\">\n\t\t<div class=\"elementor-element elementor-element-8b1de92 e-con-full e-flex e-con e-child\" data-id=\"8b1de92\" data-element_type=\"container\" data-e-type=\"container\">\n\t\t\t\t<div class=\"elementor-element elementor-element-97af4fb elementor-widget elementor-widget-text-editor\" data-id=\"97af4fb\" data-element_type=\"widget\" data-e-type=\"widget\" data-widget_type=\"text-editor.default\">\n\t\t\t\t<div class=\"elementor-widget-container\">\n\t\t\t\t\t\t\t\t\t<p>Pro optim\u00e1ln\u00ed v\u00fdsledek v \u0161\u00e1lku je nezbytn\u00e1 znalost v\u0161ech d\u016fle\u017eit\u00fdch parametr\u016f p\u0159\u00edpravy k\u00e1vy. Jednou z na\u0161ich kl\u00ed\u010dov\u00fdch kompetenc\u00ed je neust\u00e1l\u00e9 <b>Tr\u00e9nink na k\u00e1vu<\/b> va\u0161ich zam\u011bstnanc\u016f, a\u0165 u\u017e jde o vybaven\u00ed nebo metody p\u0159\u00edpravy. Zveme v\u00e1s a va\u0161e zam\u011bstnance, abyste se s n\u00e1mi pono\u0159ili do sv\u011bta k\u00e1vy a prohloubili si sv\u00e9 znalosti.<\/p>\n<p>N\u00e1\u0161 <b>\u0160kolen\u00ed a vzd\u011bl\u00e1v\u00e1n\u00ed v oblasti k\u00e1vy<\/b> prob\u00edh\u00e1 v baru na\u0161\u00ed pra\u017e\u00edrny. Jsou praktick\u00e9 a individu\u00e1ln\u011b p\u0159izp\u016fsoben\u00e9 va\u0161im pot\u0159eb\u00e1m \u2013 pro rychl\u00e9 a efektivn\u00ed dosa\u017een\u00ed perfektn\u00edho v\u00fdsledku v kal\u00ed\u0161ku. S radost\u00ed z dan\u00e9 v\u011bci a spoustou z\u00e1bavy.<\/p>\t\t\t\t\t\t\t\t<\/div>\n\t\t\t\t<\/div>\n\t\t\t\t<div class=\"elementor-element elementor-element-c469bd2 elementor-widget elementor-widget-button\" data-id=\"c469bd2\" data-element_type=\"widget\" data-e-type=\"widget\" data-widget_type=\"button.default\">\n\t\t\t\t<div class=\"elementor-widget-container\">\n\t\t\t\t\t\t\t\t\t<div class=\"elementor-button-wrapper\">\n\t\t\t\t\t<a class=\"elementor-button elementor-button-link elementor-size-sm\" href=\"https:\/\/www.cultcaffe.at\/cs\/kontakt\/\">\n\t\t\t\t\t\t<span class=\"elementor-button-content-wrapper\">\n\t\t\t\t\t\t\t\t\t<span class=\"elementor-button-text\">Rezervujte si \u0161kolen\u00ed hned te\u010f<\/span>\n\t\t\t\t\t<\/span>\n\t\t\t\t\t<\/a>\n\t\t\t\t<\/div>\n\t\t\t\t\t\t\t\t<\/div>\n\t\t\t\t<\/div>\n\t\t\t\t<\/div>\n\t\t\t\t\t<\/div>\n\t\t\t\t<\/div>\n\t\t<div class=\"elementor-element elementor-element-438babc e-flex e-con-boxed e-con e-parent\" data-id=\"438babc\" data-element_type=\"container\" data-e-type=\"container\" data-settings=\"{&quot;background_background&quot;:&quot;classic&quot;,&quot;shape_divider_top&quot;:&quot;opacity-tilt&quot;,&quot;shape_divider_bottom&quot;:&quot;opacity-tilt&quot;}\">\n\t\t\t\t\t<div class=\"e-con-inner\">\n\t\t\t\t<div class=\"elementor-shape elementor-shape-top\" aria-hidden=\"true\" data-negative=\"false\">\n\t\t\t<svg xmlns=\"http:\/\/www.w3.org\/2000\/svg\" viewbox=\"0 0 2600 131.1\" preserveaspectratio=\"none\">\n\t<path class=\"elementor-shape-fill\" d=\"M0 0L2600 0 2600 69.1 0 0z\"\/>\n\t<path class=\"elementor-shape-fill\" style=\"opacity:0.5\" d=\"M0 0L2600 0 2600 69.1 0 69.1z\"\/>\n\t<path class=\"elementor-shape-fill\" style=\"opacity:0.25\" d=\"M2600 0L0 0 0 130.1 2600 69.1z\"\/>\n<\/svg>\t\t<\/div>\n\t\t\t\t<div class=\"elementor-shape elementor-shape-bottom\" aria-hidden=\"true\" data-negative=\"false\">\n\t\t\t<svg xmlns=\"http:\/\/www.w3.org\/2000\/svg\" viewbox=\"0 0 2600 131.1\" preserveaspectratio=\"none\">\n\t<path class=\"elementor-shape-fill\" d=\"M0 0L2600 0 2600 69.1 0 0z\"\/>\n\t<path class=\"elementor-shape-fill\" style=\"opacity:0.5\" d=\"M0 0L2600 0 2600 69.1 0 69.1z\"\/>\n\t<path class=\"elementor-shape-fill\" style=\"opacity:0.25\" d=\"M2600 0L0 0 0 130.1 2600 69.1z\"\/>\n<\/svg>\t\t<\/div>\n\t\t<div class=\"elementor-element elementor-element-09bf104 e-con-full e-flex e-con e-child\" data-id=\"09bf104\" data-element_type=\"container\" data-e-type=\"container\">\n\t\t\t\t<div class=\"elementor-element elementor-element-288820f elementor-widget elementor-widget-image\" data-id=\"288820f\" data-element_type=\"widget\" data-e-type=\"widget\" data-widget_type=\"image.default\">\n\t\t\t\t<div class=\"elementor-widget-container\">\n\t\t\t\t\t\t\t\t\t\t\t\t\t\t\t<img fetchpriority=\"high\" decoding=\"async\" width=\"683\" height=\"1024\" src=\"https:\/\/www.cultcaffe.at\/wp-content\/uploads\/2024\/11\/CulCaffe\u00a9nimozimmerhackl_MGL6741-683x1024.jpg\" class=\"attachment-large size-large wp-image-15714\" alt=\"\" srcset=\"https:\/\/www.cultcaffe.at\/wp-content\/uploads\/2024\/11\/CulCaffe\u00a9nimozimmerhackl_MGL6741-683x1024.jpg 683w, https:\/\/www.cultcaffe.at\/wp-content\/uploads\/2024\/11\/CulCaffe\u00a9nimozimmerhackl_MGL6741-scaled-600x900.jpg 600w, https:\/\/www.cultcaffe.at\/wp-content\/uploads\/2024\/11\/CulCaffe\u00a9nimozimmerhackl_MGL6741-200x300.jpg 200w, https:\/\/www.cultcaffe.at\/wp-content\/uploads\/2024\/11\/CulCaffe\u00a9nimozimmerhackl_MGL6741-768x1152.jpg 768w, https:\/\/www.cultcaffe.at\/wp-content\/uploads\/2024\/11\/CulCaffe\u00a9nimozimmerhackl_MGL6741-1024x1536.jpg 1024w, https:\/\/www.cultcaffe.at\/wp-content\/uploads\/2024\/11\/CulCaffe\u00a9nimozimmerhackl_MGL6741-1365x2048.jpg 1365w, https:\/\/www.cultcaffe.at\/wp-content\/uploads\/2024\/11\/CulCaffe\u00a9nimozimmerhackl_MGL6741-scaled.jpg 1707w\" sizes=\"(max-width: 683px) 100vw, 683px\" \/>\t\t\t\t\t\t\t\t\t\t\t\t\t\t\t<\/div>\n\t\t\t\t<\/div>\n\t\t\t\t<\/div>\n\t\t<div class=\"elementor-element elementor-element-01836c9 e-con-full e-flex e-con e-child\" data-id=\"01836c9\" data-element_type=\"container\" data-e-type=\"container\">\n\t\t\t\t<div class=\"elementor-element elementor-element-514a8cb elementor-widget elementor-widget-text-editor\" data-id=\"514a8cb\" data-element_type=\"widget\" data-e-type=\"widget\" data-widget_type=\"text-editor.default\">\n\t\t\t\t<div class=\"elementor-widget-container\">\n\t\t\t\t\t\t\t\t\t<h2><strong>V\u00e1\u0161 dal\u0161\u00ed krok k dokonal\u00e9 k\u00e1v\u011b<\/strong><\/h2><p>Konzultace s\u00a0<a href=\"https:\/\/www.cultcaffe.at\/cs\/\">Kultov\u00e1 kav\u00e1rna<\/a>\u00a0znamen\u00e1, \u017ee se u\u017e nemus\u00edte spokojit s pr\u016fm\u011brnost\u00ed. Jsme tu, abychom v\u00e1m pomohli zorientovat se v d\u017eungli chu\u0165ov\u00fdch profil\u016f, stup\u0148\u016f pra\u017een\u00ed a region\u016f p\u016fvodu.<\/p><p>Ne\u010dekejte d\u00e9le s revoluc\u00ed ve va\u0161\u00ed nab\u00eddce k\u00e1vy. Kontaktujte n\u00e1s a spole\u010dn\u011b zjist\u00edme, jak m\u016f\u017ee va\u0161e firma t\u011b\u017eit ze partnerstv\u00ed s Cult Caff\u00e8. T\u011b\u0161\u00edme se na spolupr\u00e1ci s v\u00e1mi p\u0159i tvorb\u011b perfektn\u00ed k\u00e1vy pro va\u0161i firmu.<\/p>\t\t\t\t\t\t\t\t<\/div>\n\t\t\t\t<\/div>\n\t\t\t\t<div class=\"elementor-element elementor-element-bfda8b9 elementor-widget elementor-widget-button\" data-id=\"bfda8b9\" data-element_type=\"widget\" data-e-type=\"widget\" data-widget_type=\"button.default\">\n\t\t\t\t<div class=\"elementor-widget-container\">\n\t\t\t\t\t\t\t\t\t<div class=\"elementor-button-wrapper\">\n\t\t\t\t\t<a class=\"elementor-button elementor-button-link elementor-size-sm\" href=\"https:\/\/www.cultcaffe.at\/cs\/kontakt\/\">\n\t\t\t\t\t\t<span class=\"elementor-button-content-wrapper\">\n\t\t\t\t\t\t\t\t\t<span class=\"elementor-button-text\">Objednejte si konzultaci zde<\/span>\n\t\t\t\t\t<\/span>\n\t\t\t\t\t<\/a>\n\t\t\t\t<\/div>\n\t\t\t\t\t\t\t\t<\/div>\n\t\t\t\t<\/div>\n\t\t\t\t<\/div>\n\t\t\t\t\t<\/div>\n\t\t\t\t<\/div>\n\t\t\t\t<\/div>","protected":false},"excerpt":{"rendered":"<p>Kaffee Schulung &amp; Training F\u00fcr ein optimales Ergebnis in der Tasse ist das Wissen \u00fcber alle wichtigen Parameter der Kaffeezubereitung unumg\u00e4nglich. Eine unserer wesentlichen Kompetenzen ist die laufende Kaffee Schulung Ihrer Mitarbeiter, ob equipmenttechnisch oder bei den Zubereitungsarten. Wir laden Sie und Ihre Mitarbeiter ein, mit uns intensiv in die Welt des Kaffees einzutauchen und [&hellip;]<\/p>\n","protected":false},"author":3,"featured_media":0,"parent":1814,"menu_order":0,"comment_status":"closed","ping_status":"closed","template":"","meta":{"inline_featured_image":false,"footnotes":""},"class_list":["post-1830","page","type-page","status-publish","hentry"],"yoast_head":"<!-- This site is optimized with the Yoast SEO plugin v27.5 - https:\/\/yoast.com\/product\/yoast-seo-wordpress\/ -->\n<title>Kaffee Schulung &amp; Training \u25ba Jetzt beraten lassen bei CultCaff\u00e8<\/title>\n<meta name=\"description\" content=\"Jetzt Ihre pers\u00f6nliche Kaffee Beratung oder Schulung buchen \u2705 Top Kaffee f\u00fcr Hotel &amp; Gastro \u2705 Individuelles Beratungsgespr\u00e4ch \u25ba Jetzt zu CultCaff\u00e8!\" \/>\n<meta name=\"robots\" content=\"index, follow, max-snippet:-1, max-image-preview:large, max-video-preview:-1\" \/>\n<link rel=\"canonical\" href=\"https:\/\/www.cultcaffe.at\/cs\/hotelnictvi-a-restauracni-prumysl\/kavovy-trenink\/\" \/>\n<meta property=\"og:locale\" content=\"cs_CZ\" \/>\n<meta property=\"og:type\" content=\"article\" \/>\n<meta property=\"og:title\" content=\"Kaffee Schulung &amp; Training \u25ba Jetzt beraten lassen bei CultCaff\u00e8\" \/>\n<meta property=\"og:description\" content=\"Jetzt Ihre pers\u00f6nliche Kaffee Beratung oder Schulung buchen \u2705 Top Kaffee f\u00fcr Hotel &amp; Gastro \u2705 Individuelles Beratungsgespr\u00e4ch \u25ba Jetzt zu CultCaff\u00e8!\" \/>\n<meta property=\"og:url\" content=\"https:\/\/www.cultcaffe.at\/cs\/hotelnictvi-a-restauracni-prumysl\/kavovy-trenink\/\" \/>\n<meta property=\"og:site_name\" content=\"CultCaff\u00e9 - die Bio Kaffee R\u00f6sterei\" \/>\n<meta property=\"article:publisher\" content=\"https:\/\/www.facebook.com\/p\/Cult-Caff%c3%a8-die-R%c3%b6sterei-100039719724703\/?locale=de_DE\" \/>\n<meta property=\"article:modified_time\" content=\"2025-04-16T06:55:27+00:00\" \/>\n<meta name=\"twitter:card\" content=\"summary_large_image\" \/>\n<meta name=\"twitter:label1\" content=\"Odhadovan\u00e1 doba \u010dten\u00ed\" \/>\n\t<meta name=\"twitter:data1\" content=\"2 minuty\" \/>\n<script type=\"application\/ld+json\" class=\"yoast-schema-graph\">{\"@context\":\"https:\\\/\\\/schema.org\",\"@graph\":[{\"@type\":\"WebPage\",\"@id\":\"https:\\\/\\\/www.cultcaffe.at\\\/hotellerie-gastro\\\/kaffee-schulung-training\\\/\",\"url\":\"https:\\\/\\\/www.cultcaffe.at\\\/hotellerie-gastro\\\/kaffee-schulung-training\\\/\",\"name\":\"Kaffee Schulung & Training \u25ba Jetzt beraten lassen bei CultCaff\u00e8\",\"isPartOf\":{\"@id\":\"https:\\\/\\\/www.cultcaffe.at\\\/#website\"},\"datePublished\":\"2023-11-09T13:15:28+00:00\",\"dateModified\":\"2025-04-16T06:55:27+00:00\",\"description\":\"Jetzt Ihre pers\u00f6nliche Kaffee Beratung oder Schulung buchen \u2705 Top Kaffee f\u00fcr Hotel & Gastro \u2705 Individuelles Beratungsgespr\u00e4ch \u25ba Jetzt zu CultCaff\u00e8!\",\"breadcrumb\":{\"@id\":\"https:\\\/\\\/www.cultcaffe.at\\\/hotellerie-gastro\\\/kaffee-schulung-training\\\/#breadcrumb\"},\"inLanguage\":\"cs\",\"potentialAction\":[{\"@type\":\"ReadAction\",\"target\":[\"https:\\\/\\\/www.cultcaffe.at\\\/hotellerie-gastro\\\/kaffee-schulung-training\\\/\"]}]},{\"@type\":\"BreadcrumbList\",\"@id\":\"https:\\\/\\\/www.cultcaffe.at\\\/hotellerie-gastro\\\/kaffee-schulung-training\\\/#breadcrumb\",\"itemListElement\":[{\"@type\":\"ListItem\",\"position\":1,\"name\":\"Startseite\",\"item\":\"https:\\\/\\\/www.cultcaffe.at\\\/\"},{\"@type\":\"ListItem\",\"position\":2,\"name\":\"Hotellerie &#038; Gastro\",\"item\":\"https:\\\/\\\/www.cultcaffe.at\\\/hotellerie-gastro\\\/\"},{\"@type\":\"ListItem\",\"position\":3,\"name\":\"Kaffee Schulung &#038; Training\"}]},{\"@type\":\"WebSite\",\"@id\":\"https:\\\/\\\/www.cultcaffe.at\\\/#website\",\"url\":\"https:\\\/\\\/www.cultcaffe.at\\\/\",\"name\":\"CultCaff\u00e9 - die Bio Kaffee R\u00f6sterei\",\"description\":\"Liebe zum Kaffee\",\"publisher\":{\"@id\":\"https:\\\/\\\/www.cultcaffe.at\\\/#organization\"},\"potentialAction\":[{\"@type\":\"SearchAction\",\"target\":{\"@type\":\"EntryPoint\",\"urlTemplate\":\"https:\\\/\\\/www.cultcaffe.at\\\/?s={search_term_string}\"},\"query-input\":{\"@type\":\"PropertyValueSpecification\",\"valueRequired\":true,\"valueName\":\"search_term_string\"}}],\"inLanguage\":\"cs\"},{\"@type\":[\"Organization\",\"Place\"],\"@id\":\"https:\\\/\\\/www.cultcaffe.at\\\/#organization\",\"name\":\"CultCaff\u00e9 Kaffeer\u00f6sterei GmbH\",\"alternateName\":\"CultCaff\u00e9\",\"url\":\"https:\\\/\\\/www.cultcaffe.at\\\/\",\"logo\":{\"@id\":\"https:\\\/\\\/www.cultcaffe.at\\\/hotellerie-gastro\\\/kaffee-schulung-training\\\/#local-main-organization-logo\"},\"image\":{\"@id\":\"https:\\\/\\\/www.cultcaffe.at\\\/hotellerie-gastro\\\/kaffee-schulung-training\\\/#local-main-organization-logo\"},\"sameAs\":[\"https:\\\/\\\/www.facebook.com\\\/p\\\/Cult-Caff\u00e8-die-R\u00f6sterei-100039719724703\\\/?locale=de_DE\",\"https:\\\/\\\/www.instagram.com\\\/cultcaffe.at\\\/\"],\"hasMerchantReturnPolicy\":{\"@type\":\"MerchantReturnPolicy\",\"merchantReturnLink\":\"https:\\\/\\\/www.cultcaffe.at\\\/cs\\\/agbs\\\/\"},\"telephone\":[],\"openingHoursSpecification\":[{\"@type\":\"OpeningHoursSpecification\",\"dayOfWeek\":[\"Monday\",\"Tuesday\",\"Wednesday\",\"Thursday\",\"Friday\",\"Saturday\",\"Sunday\"],\"opens\":\"09:00\",\"closes\":\"17:00\"}]},{\"@type\":\"ImageObject\",\"inLanguage\":\"cs\",\"@id\":\"https:\\\/\\\/www.cultcaffe.at\\\/hotellerie-gastro\\\/kaffee-schulung-training\\\/#local-main-organization-logo\",\"url\":\"https:\\\/\\\/www.cultcaffe.at\\\/wp-content\\\/uploads\\\/2023\\\/11\\\/cultcaffe_logo_regular_dark-1.svg\",\"contentUrl\":\"https:\\\/\\\/www.cultcaffe.at\\\/wp-content\\\/uploads\\\/2023\\\/11\\\/cultcaffe_logo_regular_dark-1.svg\",\"width\":756,\"height\":474,\"caption\":\"CultCaff\u00e9 Kaffeer\u00f6sterei GmbH\"}]}<\/script>\n<!-- \/ Yoast SEO plugin. -->","yoast_head_json":{"title":"\u0160kolen\u00ed a vzd\u011bl\u00e1v\u00e1n\u00ed v oblasti k\u00e1vy \u25ba Z\u00edskejte rady hned te\u010f v CultCaff\u00e8","description":"Rezervujte si osobn\u00ed konzultaci nebo \u0161kolen\u00ed ohledn\u011b k\u00e1vy \u2705 \u0160pi\u010dkov\u00e1 k\u00e1va pro hotely a restaurace \u2705 Individu\u00e1ln\u00ed konzultace \u25ba P\u0159ejd\u011bte do CultCaff\u00e8 hned te\u010f!","robots":{"index":"index","follow":"follow","max-snippet":"max-snippet:-1","max-image-preview":"max-image-preview:large","max-video-preview":"max-video-preview:-1"},"canonical":"https:\/\/www.cultcaffe.at\/cs\/hotelnictvi-a-restauracni-prumysl\/kavovy-trenink\/","og_locale":"cs_CZ","og_type":"article","og_title":"Kaffee Schulung & Training \u25ba Jetzt beraten lassen bei CultCaff\u00e8","og_description":"Jetzt Ihre pers\u00f6nliche Kaffee Beratung oder Schulung buchen \u2705 Top Kaffee f\u00fcr Hotel & Gastro \u2705 Individuelles Beratungsgespr\u00e4ch \u25ba Jetzt zu CultCaff\u00e8!","og_url":"https:\/\/www.cultcaffe.at\/cs\/hotelnictvi-a-restauracni-prumysl\/kavovy-trenink\/","og_site_name":"CultCaff\u00e9 - die Bio Kaffee R\u00f6sterei","article_publisher":"https:\/\/www.facebook.com\/p\/Cult-Caff%c3%a8-die-R%c3%b6sterei-100039719724703\/?locale=de_DE","article_modified_time":"2025-04-16T06:55:27+00:00","twitter_card":"summary_large_image","twitter_misc":{"Odhadovan\u00e1 doba \u010dten\u00ed":"2 minuty"},"schema":{"@context":"https:\/\/schema.org","@graph":[{"@type":"WebPage","@id":"https:\/\/www.cultcaffe.at\/hotellerie-gastro\/kaffee-schulung-training\/","url":"https:\/\/www.cultcaffe.at\/hotellerie-gastro\/kaffee-schulung-training\/","name":"\u0160kolen\u00ed a vzd\u011bl\u00e1v\u00e1n\u00ed v oblasti k\u00e1vy \u25ba Z\u00edskejte rady hned te\u010f v CultCaff\u00e8","isPartOf":{"@id":"https:\/\/www.cultcaffe.at\/#website"},"datePublished":"2023-11-09T13:15:28+00:00","dateModified":"2025-04-16T06:55:27+00:00","description":"Rezervujte si osobn\u00ed konzultaci nebo \u0161kolen\u00ed ohledn\u011b k\u00e1vy \u2705 \u0160pi\u010dkov\u00e1 k\u00e1va pro hotely a restaurace \u2705 Individu\u00e1ln\u00ed konzultace \u25ba P\u0159ejd\u011bte do CultCaff\u00e8 hned te\u010f!","breadcrumb":{"@id":"https:\/\/www.cultcaffe.at\/hotellerie-gastro\/kaffee-schulung-training\/#breadcrumb"},"inLanguage":"cs","potentialAction":[{"@type":"ReadAction","target":["https:\/\/www.cultcaffe.at\/hotellerie-gastro\/kaffee-schulung-training\/"]}]},{"@type":"BreadcrumbList","@id":"https:\/\/www.cultcaffe.at\/hotellerie-gastro\/kaffee-schulung-training\/#breadcrumb","itemListElement":[{"@type":"ListItem","position":1,"name":"Startseite","item":"https:\/\/www.cultcaffe.at\/"},{"@type":"ListItem","position":2,"name":"Hotellerie &#038; Gastro","item":"https:\/\/www.cultcaffe.at\/hotellerie-gastro\/"},{"@type":"ListItem","position":3,"name":"Kaffee Schulung &#038; Training"}]},{"@type":"WebSite","@id":"https:\/\/www.cultcaffe.at\/#website","url":"https:\/\/www.cultcaffe.at\/","name":"CultCaff\u00e9 - pra\u017e\u00edrna bio k\u00e1vy","description":"L\u00e1ska ke k\u00e1v\u011b","publisher":{"@id":"https:\/\/www.cultcaffe.at\/#organization"},"potentialAction":[{"@type":"SearchAction","target":{"@type":"EntryPoint","urlTemplate":"https:\/\/www.cultcaffe.at\/?s={search_term_string}"},"query-input":{"@type":"PropertyValueSpecification","valueRequired":true,"valueName":"search_term_string"}}],"inLanguage":"cs"},{"@type":["Organization","Place"],"@id":"https:\/\/www.cultcaffe.at\/#organization","name":"CultCaff\u00e9 Coffee Roastery GmbH","alternateName":"CultCaff\u00e9","url":"https:\/\/www.cultcaffe.at\/","logo":{"@id":"https:\/\/www.cultcaffe.at\/hotellerie-gastro\/kaffee-schulung-training\/#local-main-organization-logo"},"image":{"@id":"https:\/\/www.cultcaffe.at\/hotellerie-gastro\/kaffee-schulung-training\/#local-main-organization-logo"},"sameAs":["https:\/\/www.facebook.com\/p\/Cult-Caff\u00e8-die-R\u00f6sterei-100039719724703\/?locale=de_DE","https:\/\/www.instagram.com\/cultcaffe.at\/"],"hasMerchantReturnPolicy":{"@type":"MerchantReturnPolicy","merchantReturnLink":"https:\/\/www.cultcaffe.at\/cs\/agbs\/"},"telephone":[],"openingHoursSpecification":[{"@type":"OpeningHoursSpecification","dayOfWeek":["Monday","Tuesday","Wednesday","Thursday","Friday","Saturday","Sunday"],"opens":"09:00","closes":"17:00"}]},{"@type":"ImageObject","inLanguage":"cs","@id":"https:\/\/www.cultcaffe.at\/hotellerie-gastro\/kaffee-schulung-training\/#local-main-organization-logo","url":"https:\/\/www.cultcaffe.at\/wp-content\/uploads\/2023\/11\/cultcaffe_logo_regular_dark-1.svg","contentUrl":"https:\/\/www.cultcaffe.at\/wp-content\/uploads\/2023\/11\/cultcaffe_logo_regular_dark-1.svg","width":756,"height":474,"caption":"CultCaff\u00e9 Kaffeer\u00f6sterei GmbH"}]}},"_links":{"self":[{"href":"https:\/\/www.cultcaffe.at\/cs\/wp-json\/wp\/v2\/pages\/1830","targetHints":{"allow":["GET"]}}],"collection":[{"href":"https:\/\/www.cultcaffe.at\/cs\/wp-json\/wp\/v2\/pages"}],"about":[{"href":"https:\/\/www.cultcaffe.at\/cs\/wp-json\/wp\/v2\/types\/page"}],"author":[{"embeddable":true,"href":"https:\/\/www.cultcaffe.at\/cs\/wp-json\/wp\/v2\/users\/3"}],"replies":[{"embeddable":true,"href":"https:\/\/www.cultcaffe.at\/cs\/wp-json\/wp\/v2\/comments?post=1830"}],"version-history":[{"count":75,"href":"https:\/\/www.cultcaffe.at\/cs\/wp-json\/wp\/v2\/pages\/1830\/revisions"}],"predecessor-version":[{"id":18214,"href":"https:\/\/www.cultcaffe.at\/cs\/wp-json\/wp\/v2\/pages\/1830\/revisions\/18214"}],"up":[{"embeddable":true,"href":"https:\/\/www.cultcaffe.at\/cs\/wp-json\/wp\/v2\/pages\/1814"}],"wp:attachment":[{"href":"https:\/\/www.cultcaffe.at\/cs\/wp-json\/wp\/v2\/media?parent=1830"}],"curies":[{"name":"wp","href":"https:\/\/api.w.org\/{rel}","templated":true}]}}