{"id":15243,"date":"2024-06-26T13:11:17","date_gmt":"2024-06-26T11:11:17","guid":{"rendered":"https:\/\/www.cultcaffe.at\/?page_id=15243"},"modified":"2025-03-28T10:22:03","modified_gmt":"2025-03-28T09:22:03","slug":"predplatne-kavy","status":"publish","type":"page","link":"https:\/\/www.cultcaffe.at\/cs\/kaffee-abo\/","title":{"rendered":"P\u0159edplatn\u00e9 k\u00e1vy"},"content":{"rendered":"<div data-elementor-type=\"wp-page\" data-elementor-id=\"15243\" class=\"elementor elementor-15243\" data-elementor-post-type=\"page\">\n\t\t\t\t<div class=\"elementor-element elementor-element-a151029 e-flex e-con-boxed e-con e-parent\" data-id=\"a151029\" data-element_type=\"container\" data-e-type=\"container\">\n\t\t\t\t\t<div class=\"e-con-inner\">\n\t\t<div class=\"elementor-element elementor-element-d3ee0ab e-con-full e-flex e-con e-child\" data-id=\"d3ee0ab\" data-element_type=\"container\" data-e-type=\"container\">\n\t\t\t\t<div class=\"elementor-element elementor-element-326e332e elementor-widget elementor-widget-text-editor\" data-id=\"326e332e\" data-element_type=\"widget\" data-e-type=\"widget\" data-widget_type=\"text-editor.default\">\n\t\t\t\t<div class=\"elementor-widget-container\">\n\t\t\t\t\t\t\t\t\t<h1>P\u0159edplatn\u00e9 k\u00e1vy od Cult Caff\u00e8<\/h1><p><strong>Va\u0161e k\u00e1va \u2013 Va\u0161e volba \u2013 N\u00e1\u0161 d\u00e1rek 5%<\/strong><\/p><p>Za\u010dn\u011bte ka\u017ed\u00fd den dokonale s p\u0159edplatn\u00fdm Cult Caff\u00e8. Dod\u00e1v\u00e1me vysoce kvalitn\u00ed, \u010derstv\u011b pra\u017eenou k\u00e1vu p\u0159\u00edmo z na\u0161\u00ed rakousk\u00e9 pra\u017e\u00edrny \u2013 p\u0159esn\u011b podle va\u0161\u00ed chuti a harmonogramu.<\/p><p>Kdy\u017e si sjedn\u00e1te p\u0159edplatn\u00e9 k\u00e1vy <strong>tak\u00e9 ulo\u017eit 5%<\/strong> na cen\u011b produktu!<\/p><p style=\"text-align: left;\"><strong>Flexibiln\u00ed mo\u017enosti:<\/strong><\/p><ul><li style=\"text-align: left;\"><strong>Druh k\u00e1vy:<\/strong> Vyberte si svou obl\u00edbenou k\u00e1vu<\/li><li style=\"text-align: left;\"><strong>Dodac\u00ed interval:<\/strong> Nechte si k\u00e1vu doru\u010dovat ka\u017ed\u00e9 2, 4 nebo 6 t\u00fddn\u016f.<\/li><\/ul><p style=\"text-align: left;\"><strong>Lze kdykoli zru\u0161it<\/strong>:<\/p><p style=\"text-align: left;\">P\u0159edplatn\u00e9 m\u016f\u017eete kdykoli pozastavit nebo zru\u0161it, bez skryt\u00fdch poplatk\u016f nebo z\u00e1vazk\u016f.<\/p><p style=\"text-align: left;\"><strong>Ide\u00e1ln\u00ed tak\u00e9 jako d\u00e1rek:<\/strong><\/p><p style=\"text-align: left;\">Ud\u011blejte n\u011bkomu radost flexibiln\u00edm p\u0159edplatn\u00fdm k\u00e1vy od Cult Caff\u00e8. Je to perfektn\u00ed d\u00e1rek pro ka\u017ed\u00e9ho milovn\u00edka k\u00e1vy, kter\u00fd p\u0159ekvapuje m\u011bs\u00edc co m\u011bs\u00edc.<\/p>\t\t\t\t\t\t\t\t<\/div>\n\t\t\t\t<\/div>\n\t\t\t\t<div class=\"elementor-element elementor-element-3953f1a elementor-widget elementor-widget-button\" data-id=\"3953f1a\" data-element_type=\"widget\" data-e-type=\"widget\" data-widget_type=\"button.default\">\n\t\t\t\t<div class=\"elementor-widget-container\">\n\t\t\t\t\t\t\t\t\t<div class=\"elementor-button-wrapper\">\n\t\t\t\t\t<a class=\"elementor-button elementor-button-link elementor-size-sm\" href=\"https:\/\/www.cultcaffe.at\/cs\/produkt\/predplatne-kavy-2\/\">\n\t\t\t\t\t\t<span class=\"elementor-button-content-wrapper\">\n\t\t\t\t\t\t\t\t\t<span class=\"elementor-button-text\">Objednat p\u0159edplatn\u00e9 zde<\/span>\n\t\t\t\t\t<\/span>\n\t\t\t\t\t<\/a>\n\t\t\t\t<\/div>\n\t\t\t\t\t\t\t\t<\/div>\n\t\t\t\t<\/div>\n\t\t\t\t<\/div>\n\t\t<div class=\"elementor-element elementor-element-c850cf7 e-con-full e-flex e-con e-child\" data-id=\"c850cf7\" data-element_type=\"container\" data-e-type=\"container\">\n\t\t\t\t<div class=\"elementor-element elementor-element-02e5d5f elementor-widget elementor-widget-image\" data-id=\"02e5d5f\" data-element_type=\"widget\" data-e-type=\"widget\" data-widget_type=\"image.default\">\n\t\t\t\t<div class=\"elementor-widget-container\">\n\t\t\t\t\t\t\t\t\t\t\t\t\t\t\t<img fetchpriority=\"high\" decoding=\"async\" width=\"800\" height=\"800\" src=\"https:\/\/www.cultcaffe.at\/wp-content\/uploads\/2024\/06\/kaffeeabo.png\" class=\"attachment-large size-large wp-image-15262\" alt=\"\" srcset=\"https:\/\/www.cultcaffe.at\/wp-content\/uploads\/2024\/06\/kaffeeabo.png 800w, https:\/\/www.cultcaffe.at\/wp-content\/uploads\/2024\/06\/kaffeeabo-600x600.png 600w, https:\/\/www.cultcaffe.at\/wp-content\/uploads\/2024\/06\/kaffeeabo-100x100.png 100w, https:\/\/www.cultcaffe.at\/wp-content\/uploads\/2024\/06\/kaffeeabo-300x300.png 300w, https:\/\/www.cultcaffe.at\/wp-content\/uploads\/2024\/06\/kaffeeabo-150x150.png 150w, https:\/\/www.cultcaffe.at\/wp-content\/uploads\/2024\/06\/kaffeeabo-768x768.png 768w, https:\/\/www.cultcaffe.at\/wp-content\/uploads\/2024\/06\/kaffeeabo-450x450.png 450w, https:\/\/www.cultcaffe.at\/wp-content\/uploads\/2024\/06\/kaffeeabo-140x140.png 140w, https:\/\/www.cultcaffe.at\/wp-content\/uploads\/2024\/06\/kaffeeabo-500x500.png 500w, https:\/\/www.cultcaffe.at\/wp-content\/uploads\/2024\/06\/kaffeeabo-350x350.png 350w\" sizes=\"(max-width: 800px) 100vw, 800px\" \/>\t\t\t\t\t\t\t\t\t\t\t\t\t\t\t<\/div>\n\t\t\t\t<\/div>\n\t\t\t\t<\/div>\n\t\t\t\t\t<\/div>\n\t\t\t\t<\/div>\n\t\t<div class=\"elementor-element elementor-element-4c61317 e-flex e-con-boxed e-con e-parent\" data-id=\"4c61317\" data-element_type=\"container\" data-e-type=\"container\">\n\t\t\t\t\t<div class=\"e-con-inner\">\n\t\t\t\t<div class=\"elementor-element elementor-element-7325892 elementor-widget elementor-widget-text-editor\" data-id=\"7325892\" data-element_type=\"widget\" data-e-type=\"widget\" data-widget_type=\"text-editor.default\">\n\t\t\t\t<div class=\"elementor-widget-container\">\n\t\t\t\t\t\t\t\t\t<h2>\u010casto kladen\u00e9 ot\u00e1zky o p\u0159edplatn\u00e9m k\u00e1vy<\/h2>\t\t\t\t\t\t\t\t<\/div>\n\t\t\t\t<\/div>\n\t\t\t\t<div class=\"elementor-element elementor-element-18b021c elementor-widget elementor-widget-n-accordion\" data-id=\"18b021c\" data-element_type=\"widget\" data-e-type=\"widget\" data-settings=\"{&quot;default_state&quot;:&quot;expanded&quot;,&quot;max_items_expended&quot;:&quot;one&quot;,&quot;n_accordion_animation_duration&quot;:{&quot;unit&quot;:&quot;ms&quot;,&quot;size&quot;:400,&quot;sizes&quot;:[]}}\" data-widget_type=\"nested-accordion.default\">\n\t\t\t\t<div class=\"elementor-widget-container\">\n\t\t\t\t\t\t\t<div class=\"e-n-accordion\" aria-label=\"Akordeon. Odkazy otev\u00edrejte kl\u00e1vesou Enter nebo Mezern\u00edk, zav\u00edrejte kl\u00e1vesou Escape a navigujte pomoc\u00ed \u0161ipek.\">\n\t\t\t\t\t\t<details id=\"e-n-accordion-item-2580\" class=\"e-n-accordion-item\" open>\n\t\t\t\t<summary class=\"e-n-accordion-item-title\" data-accordion-index=\"1\" tabindex=\"0\" aria-expanded=\"true\" aria-controls=\"e-n-accordion-item-2580\" >\n\t\t\t\t\t<span class='e-n-accordion-item-title-header'><div class=\"e-n-accordion-item-title-text\"> Je p\u0159edplatn\u00e9 v\u00e1z\u00e1no na ur\u010dit\u00e9 \u010dasov\u00e9 obdob\u00ed? <\/div><\/span>\n\t\t\t\t\t\t\t<span class='e-n-accordion-item-title-icon'>\n\t\t\t<span class='e-opened' ><svg aria-hidden=\"true\" class=\"e-font-icon-svg e-fas-minus\" viewbox=\"0 0 448 512\" xmlns=\"http:\/\/www.w3.org\/2000\/svg\"><path d=\"M416 208H32c-17.67 0-32 14.33-32 32v32c0 17.67 14.33 32 32 32h384c17.67 0 32-14.33 32-32v-32c0-17.67-14.33-32-32-32z\"><\/path><\/svg><\/span>\n\t\t\t<span class='e-closed'><svg aria-hidden=\"true\" class=\"e-font-icon-svg e-fas-plus\" viewbox=\"0 0 448 512\" xmlns=\"http:\/\/www.w3.org\/2000\/svg\"><path d=\"M416 208H272V64c0-17.67-14.33-32-32-32h-32c-17.67 0-32 14.33-32 32v144H32c-17.67 0-32 14.33-32 32v32c0 17.67 14.33 32 32 32h144v144c0 17.67 14.33 32 32 32h32c17.67 0 32-14.33 32-32V304h144c17.67 0 32-14.33 32-32v-32c0-17.67-14.33-32-32-32z\"><\/path><\/svg><\/span>\n\t\t<\/span>\n\n\t\t\t\t\t\t<\/summary>\n\t\t\t\t<div role=\"region\" aria-labelledby=\"e-n-accordion-item-2580\" class=\"elementor-element elementor-element-84dc07a e-con-full e-flex e-con e-child\" data-id=\"84dc07a\" data-element_type=\"container\" data-e-type=\"container\">\n\t\t\t\t<div class=\"elementor-element elementor-element-5804ee6 elementor-widget elementor-widget-text-editor\" data-id=\"5804ee6\" data-element_type=\"widget\" data-e-type=\"widget\" data-widget_type=\"text-editor.default\">\n\t\t\t\t<div class=\"elementor-widget-container\">\n\t\t\t\t\t\t\t\t\t<p>Ne, p\u0159edplatn\u00e9 m\u016f\u017eete kdykoli zru\u0161it ve sv\u00e9m z\u00e1kaznick\u00e9m \u00fa\u010dtu.<\/p>\t\t\t\t\t\t\t\t<\/div>\n\t\t\t\t<\/div>\n\t\t\t\t<\/div>\n\t\t\t\t\t<\/details>\n\t\t\t\t\t\t<details id=\"e-n-accordion-item-2581\" class=\"e-n-accordion-item\" >\n\t\t\t\t<summary class=\"e-n-accordion-item-title\" data-accordion-index=\"2\" tabindex=\"-1\" aria-expanded=\"false\" aria-controls=\"e-n-accordion-item-2581\" >\n\t\t\t\t\t<span class='e-n-accordion-item-title-header'><div class=\"e-n-accordion-item-title-text\"> Jak\u00e9 platebn\u00ed metody mohu spravovat s p\u0159edplatn\u00fdm? <\/div><\/span>\n\t\t\t\t\t\t\t<span class='e-n-accordion-item-title-icon'>\n\t\t\t<span class='e-opened' ><svg aria-hidden=\"true\" class=\"e-font-icon-svg e-fas-minus\" viewbox=\"0 0 448 512\" xmlns=\"http:\/\/www.w3.org\/2000\/svg\"><path d=\"M416 208H32c-17.67 0-32 14.33-32 32v32c0 17.67 14.33 32 32 32h384c17.67 0 32-14.33 32-32v-32c0-17.67-14.33-32-32-32z\"><\/path><\/svg><\/span>\n\t\t\t<span class='e-closed'><svg aria-hidden=\"true\" class=\"e-font-icon-svg e-fas-plus\" viewbox=\"0 0 448 512\" xmlns=\"http:\/\/www.w3.org\/2000\/svg\"><path d=\"M416 208H272V64c0-17.67-14.33-32-32-32h-32c-17.67 0-32 14.33-32 32v144H32c-17.67 0-32 14.33-32 32v32c0 17.67 14.33 32 32 32h144v144c0 17.67 14.33 32 32 32h32c17.67 0 32-14.33 32-32V304h144c17.67 0 32-14.33 32-32v-32c0-17.67-14.33-32-32-32z\"><\/path><\/svg><\/span>\n\t\t<\/span>\n\n\t\t\t\t\t\t<\/summary>\n\t\t\t\t<div role=\"region\" aria-labelledby=\"e-n-accordion-item-2581\" class=\"elementor-element elementor-element-cce218a e-con-full e-flex e-con e-child\" data-id=\"cce218a\" data-element_type=\"container\" data-e-type=\"container\">\n\t\t\t\t<div class=\"elementor-element elementor-element-fcf002c elementor-widget elementor-widget-text-editor\" data-id=\"fcf002c\" data-element_type=\"widget\" data-e-type=\"widget\" data-widget_type=\"text-editor.default\">\n\t\t\t\t<div class=\"elementor-widget-container\">\n\t\t\t\t\t\t\t\t\t<p>M\u016f\u017eete se p\u0159ihl\u00e1sit k odb\u011bru pomoc\u00ed slu\u017eby PayPal, kreditn\u00ed karty nebo automatick\u00e9ho inkasa.<\/p>\t\t\t\t\t\t\t\t<\/div>\n\t\t\t\t<\/div>\n\t\t\t\t<\/div>\n\t\t\t\t\t<\/details>\n\t\t\t\t\t\t<details id=\"e-n-accordion-item-2582\" class=\"e-n-accordion-item\" >\n\t\t\t\t<summary class=\"e-n-accordion-item-title\" data-accordion-index=\"3\" tabindex=\"-1\" aria-expanded=\"false\" aria-controls=\"e-n-accordion-item-2582\" >\n\t\t\t\t\t<span class='e-n-accordion-item-title-header'><div class=\"e-n-accordion-item-title-text\"> Mohu darovat p\u0159edplatn\u00e9? <\/div><\/span>\n\t\t\t\t\t\t\t<span class='e-n-accordion-item-title-icon'>\n\t\t\t<span class='e-opened' ><svg aria-hidden=\"true\" class=\"e-font-icon-svg e-fas-minus\" viewbox=\"0 0 448 512\" xmlns=\"http:\/\/www.w3.org\/2000\/svg\"><path d=\"M416 208H32c-17.67 0-32 14.33-32 32v32c0 17.67 14.33 32 32 32h384c17.67 0 32-14.33 32-32v-32c0-17.67-14.33-32-32-32z\"><\/path><\/svg><\/span>\n\t\t\t<span class='e-closed'><svg aria-hidden=\"true\" class=\"e-font-icon-svg e-fas-plus\" viewbox=\"0 0 448 512\" xmlns=\"http:\/\/www.w3.org\/2000\/svg\"><path d=\"M416 208H272V64c0-17.67-14.33-32-32-32h-32c-17.67 0-32 14.33-32 32v144H32c-17.67 0-32 14.33-32 32v32c0 17.67 14.33 32 32 32h144v144c0 17.67 14.33 32 32 32h32c17.67 0 32-14.33 32-32V304h144c17.67 0 32-14.33 32-32v-32c0-17.67-14.33-32-32-32z\"><\/path><\/svg><\/span>\n\t\t<\/span>\n\n\t\t\t\t\t\t<\/summary>\n\t\t\t\t<div role=\"region\" aria-labelledby=\"e-n-accordion-item-2582\" class=\"elementor-element elementor-element-22787ed e-con-full e-flex e-con e-child\" data-id=\"22787ed\" data-element_type=\"container\" data-e-type=\"container\">\n\t\t\t\t<div class=\"elementor-element elementor-element-bc86664 elementor-widget elementor-widget-text-editor\" data-id=\"bc86664\" data-element_type=\"widget\" data-e-type=\"widget\" data-widget_type=\"text-editor.default\">\n\t\t\t\t<div class=\"elementor-widget-container\">\n\t\t\t\t\t\t\t\t\t<p>Ano, do adresy doru\u010den\u00ed m\u016f\u017eete zadat adresu p\u0159\u00edjemce, kter\u00fd pak obdr\u017e\u00ed k\u00e1vu v po\u017eadovan\u00e9m intervalu.<\/p>\t\t\t\t\t\t\t\t<\/div>\n\t\t\t\t<\/div>\n\t\t\t\t<\/div>\n\t\t\t\t\t<\/details>\n\t\t\t\t\t\t<details id=\"e-n-accordion-item-2583\" class=\"e-n-accordion-item\" >\n\t\t\t\t<summary class=\"e-n-accordion-item-title\" data-accordion-index=\"4\" tabindex=\"-1\" aria-expanded=\"false\" aria-controls=\"e-n-accordion-item-2583\" >\n\t\t\t\t\t<span class='e-n-accordion-item-title-header'><div class=\"e-n-accordion-item-title-text\"> Mohu zm\u011bnit druh nebo mno\u017estv\u00ed k\u00e1vy? <\/div><\/span>\n\t\t\t\t\t\t\t<span class='e-n-accordion-item-title-icon'>\n\t\t\t<span class='e-opened' ><svg aria-hidden=\"true\" class=\"e-font-icon-svg e-fas-minus\" viewbox=\"0 0 448 512\" xmlns=\"http:\/\/www.w3.org\/2000\/svg\"><path d=\"M416 208H32c-17.67 0-32 14.33-32 32v32c0 17.67 14.33 32 32 32h384c17.67 0 32-14.33 32-32v-32c0-17.67-14.33-32-32-32z\"><\/path><\/svg><\/span>\n\t\t\t<span class='e-closed'><svg aria-hidden=\"true\" class=\"e-font-icon-svg e-fas-plus\" viewbox=\"0 0 448 512\" xmlns=\"http:\/\/www.w3.org\/2000\/svg\"><path d=\"M416 208H272V64c0-17.67-14.33-32-32-32h-32c-17.67 0-32 14.33-32 32v144H32c-17.67 0-32 14.33-32 32v32c0 17.67 14.33 32 32 32h144v144c0 17.67 14.33 32 32 32h32c17.67 0 32-14.33 32-32V304h144c17.67 0 32-14.33 32-32v-32c0-17.67-14.33-32-32-32z\"><\/path><\/svg><\/span>\n\t\t<\/span>\n\n\t\t\t\t\t\t<\/summary>\n\t\t\t\t<div role=\"region\" aria-labelledby=\"e-n-accordion-item-2583\" class=\"elementor-element elementor-element-fcb7ecd e-flex e-con-boxed e-con e-child\" data-id=\"fcb7ecd\" data-element_type=\"container\" data-e-type=\"container\">\n\t\t\t\t\t<div class=\"e-con-inner\">\n\t\t\t\t<div class=\"elementor-element elementor-element-2ad7c5b elementor-widget elementor-widget-text-editor\" data-id=\"2ad7c5b\" data-element_type=\"widget\" data-e-type=\"widget\" data-widget_type=\"text-editor.default\">\n\t\t\t\t<div class=\"elementor-widget-container\">\n\t\t\t\t\t\t\t\t\t<p>Zm\u011bna st\u00e1vaj\u00edc\u00edho p\u0159edplatn\u00e9ho nen\u00ed mo\u017en\u00e1. Zru\u0161te pros\u00edm sv\u00e9 aktu\u00e1ln\u00ed p\u0159edplatn\u00e9 a objednejte si novou variantu nebo nov\u00fd interval dod\u00e1n\u00ed.<\/p>\t\t\t\t\t\t\t\t<\/div>\n\t\t\t\t<\/div>\n\t\t\t\t\t<\/div>\n\t\t\t\t<\/div>\n\t\t\t\t\t<\/details>\n\t\t\t\t\t<\/div>\n\t\t\t\t\t\t<\/div>\n\t\t\t\t<\/div>\n\t\t\t\t\t<\/div>\n\t\t\t\t<\/div>\n\t\t\t\t<\/div>","protected":false},"excerpt":{"rendered":"<p>Kaffee Abo von Cult Caff\u00e8 Ihr Kaffee &#8211; Ihre Wahl &#8211; Unser Geschenk 5% Starten Sie jeden Tag perfekt mit dem Cult Caff\u00e8 Abo. Wir liefern Ihnen hochwertigen, frisch ger\u00f6steten Kaffee direkt aus unserer \u00f6sterreichischen R\u00f6sterei \u2013 genau nach Ihrem Geschmack und Zeitplan. Bei Abschluss eines Kaffee Abo sparen Sie au\u00dferdem 5% auf den Produktpreis! [&hellip;]<\/p>\n","protected":false},"author":6,"featured_media":0,"parent":0,"menu_order":0,"comment_status":"closed","ping_status":"closed","template":"","meta":{"inline_featured_image":false,"footnotes":""},"class_list":["post-15243","page","type-page","status-publish","hentry"],"yoast_head":"<!-- This site is optimized with the Yoast SEO plugin v27.4 - https:\/\/yoast.com\/product\/yoast-seo-wordpress\/ -->\n<title>Kaffee Abo von Cult Caff\u00e9 - jetzt sparen mit dem Kaffeeabo<\/title>\n<meta name=\"description\" content=\"\u2705 Beste Bio-Kaffeebohnen | regelm\u00e4\u00dfige Lieferung | Flexible Optionen \u2705 jederzeit k\u00fcndbar \u2705 ideal auch als Geschenk f\u00fcr Kaffeeliebhaber\" \/>\n<meta name=\"robots\" content=\"index, follow, max-snippet:-1, max-image-preview:large, max-video-preview:-1\" \/>\n<link rel=\"canonical\" href=\"https:\/\/www.cultcaffe.at\/cs\/predplatne-kavy\/\" \/>\n<meta property=\"og:locale\" content=\"cs_CZ\" \/>\n<meta property=\"og:type\" content=\"article\" \/>\n<meta property=\"og:title\" content=\"Kaffee Abo von Cult Caff\u00e9 - jetzt sparen mit dem Kaffeeabo\" \/>\n<meta property=\"og:description\" content=\"\u2705 Beste Bio-Kaffeebohnen | regelm\u00e4\u00dfige Lieferung | Flexible Optionen \u2705 jederzeit k\u00fcndbar \u2705 ideal auch als Geschenk f\u00fcr Kaffeeliebhaber\" \/>\n<meta property=\"og:url\" content=\"https:\/\/www.cultcaffe.at\/cs\/predplatne-kavy\/\" \/>\n<meta property=\"og:site_name\" content=\"CultCaff\u00e9 - die Bio Kaffee R\u00f6sterei\" \/>\n<meta property=\"article:publisher\" content=\"https:\/\/www.facebook.com\/p\/Cult-Caff%c3%a8-die-R%c3%b6sterei-100039719724703\/?locale=de_DE\" \/>\n<meta property=\"article:modified_time\" content=\"2025-03-28T09:22:03+00:00\" \/>\n<meta property=\"og:image\" content=\"https:\/\/www.cultcaffe.at\/wp-content\/uploads\/2024\/06\/kaffeeabo.png\" \/>\n\t<meta property=\"og:image:width\" content=\"800\" \/>\n\t<meta property=\"og:image:height\" content=\"800\" \/>\n\t<meta property=\"og:image:type\" content=\"image\/png\" \/>\n<meta name=\"twitter:card\" content=\"summary_large_image\" \/>\n<meta name=\"twitter:label1\" content=\"Odhadovan\u00e1 doba \u010dten\u00ed\" \/>\n\t<meta name=\"twitter:data1\" content=\"2 minuty\" \/>\n<script type=\"application\/ld+json\" class=\"yoast-schema-graph\">{\"@context\":\"https:\\\/\\\/schema.org\",\"@graph\":[{\"@type\":\"WebPage\",\"@id\":\"https:\\\/\\\/www.cultcaffe.at\\\/kaffee-abo\\\/\",\"url\":\"https:\\\/\\\/www.cultcaffe.at\\\/kaffee-abo\\\/\",\"name\":\"Kaffee Abo von Cult Caff\u00e9 - jetzt sparen mit dem Kaffeeabo\",\"isPartOf\":{\"@id\":\"https:\\\/\\\/www.cultcaffe.at\\\/#website\"},\"primaryImageOfPage\":{\"@id\":\"https:\\\/\\\/www.cultcaffe.at\\\/kaffee-abo\\\/#primaryimage\"},\"image\":{\"@id\":\"https:\\\/\\\/www.cultcaffe.at\\\/kaffee-abo\\\/#primaryimage\"},\"thumbnailUrl\":\"https:\\\/\\\/www.cultcaffe.at\\\/wp-content\\\/uploads\\\/2024\\\/06\\\/kaffeeabo.png\",\"datePublished\":\"2024-06-26T11:11:17+00:00\",\"dateModified\":\"2025-03-28T09:22:03+00:00\",\"description\":\"\u2705 Beste Bio-Kaffeebohnen | regelm\u00e4\u00dfige Lieferung | Flexible Optionen \u2705 jederzeit k\u00fcndbar \u2705 ideal auch als Geschenk f\u00fcr Kaffeeliebhaber\",\"breadcrumb\":{\"@id\":\"https:\\\/\\\/www.cultcaffe.at\\\/kaffee-abo\\\/#breadcrumb\"},\"inLanguage\":\"cs\",\"potentialAction\":[{\"@type\":\"ReadAction\",\"target\":[\"https:\\\/\\\/www.cultcaffe.at\\\/kaffee-abo\\\/\"]}]},{\"@type\":\"ImageObject\",\"inLanguage\":\"cs\",\"@id\":\"https:\\\/\\\/www.cultcaffe.at\\\/kaffee-abo\\\/#primaryimage\",\"url\":\"https:\\\/\\\/www.cultcaffe.at\\\/wp-content\\\/uploads\\\/2024\\\/06\\\/kaffeeabo.png\",\"contentUrl\":\"https:\\\/\\\/www.cultcaffe.at\\\/wp-content\\\/uploads\\\/2024\\\/06\\\/kaffeeabo.png\"},{\"@type\":\"BreadcrumbList\",\"@id\":\"https:\\\/\\\/www.cultcaffe.at\\\/kaffee-abo\\\/#breadcrumb\",\"itemListElement\":[{\"@type\":\"ListItem\",\"position\":1,\"name\":\"Startseite\",\"item\":\"https:\\\/\\\/www.cultcaffe.at\\\/\"},{\"@type\":\"ListItem\",\"position\":2,\"name\":\"Kaffee Abo\"}]},{\"@type\":\"WebSite\",\"@id\":\"https:\\\/\\\/www.cultcaffe.at\\\/#website\",\"url\":\"https:\\\/\\\/www.cultcaffe.at\\\/\",\"name\":\"CultCaff\u00e9 - die Bio Kaffee R\u00f6sterei\",\"description\":\"Liebe zum Kaffee\",\"publisher\":{\"@id\":\"https:\\\/\\\/www.cultcaffe.at\\\/#organization\"},\"potentialAction\":[{\"@type\":\"SearchAction\",\"target\":{\"@type\":\"EntryPoint\",\"urlTemplate\":\"https:\\\/\\\/www.cultcaffe.at\\\/?s={search_term_string}\"},\"query-input\":{\"@type\":\"PropertyValueSpecification\",\"valueRequired\":true,\"valueName\":\"search_term_string\"}}],\"inLanguage\":\"cs\"},{\"@type\":[\"Organization\",\"Place\"],\"@id\":\"https:\\\/\\\/www.cultcaffe.at\\\/#organization\",\"name\":\"CultCaff\u00e9 Kaffeer\u00f6sterei GmbH\",\"alternateName\":\"CultCaff\u00e9\",\"url\":\"https:\\\/\\\/www.cultcaffe.at\\\/\",\"logo\":{\"@id\":\"https:\\\/\\\/www.cultcaffe.at\\\/kaffee-abo\\\/#local-main-organization-logo\"},\"image\":{\"@id\":\"https:\\\/\\\/www.cultcaffe.at\\\/kaffee-abo\\\/#local-main-organization-logo\"},\"sameAs\":[\"https:\\\/\\\/www.facebook.com\\\/p\\\/Cult-Caff\u00e8-die-R\u00f6sterei-100039719724703\\\/?locale=de_DE\",\"https:\\\/\\\/www.instagram.com\\\/cultcaffe.at\\\/\"],\"hasMerchantReturnPolicy\":{\"@type\":\"MerchantReturnPolicy\",\"merchantReturnLink\":\"https:\\\/\\\/www.cultcaffe.at\\\/cs\\\/agbs\\\/\"},\"telephone\":[],\"openingHoursSpecification\":[{\"@type\":\"OpeningHoursSpecification\",\"dayOfWeek\":[\"Monday\",\"Tuesday\",\"Wednesday\",\"Thursday\",\"Friday\",\"Saturday\",\"Sunday\"],\"opens\":\"09:00\",\"closes\":\"17:00\"}]},{\"@type\":\"ImageObject\",\"inLanguage\":\"cs\",\"@id\":\"https:\\\/\\\/www.cultcaffe.at\\\/kaffee-abo\\\/#local-main-organization-logo\",\"url\":\"https:\\\/\\\/www.cultcaffe.at\\\/wp-content\\\/uploads\\\/2023\\\/11\\\/cultcaffe_logo_regular_dark-1.svg\",\"contentUrl\":\"https:\\\/\\\/www.cultcaffe.at\\\/wp-content\\\/uploads\\\/2023\\\/11\\\/cultcaffe_logo_regular_dark-1.svg\",\"width\":756,\"height\":474,\"caption\":\"CultCaff\u00e9 Kaffeer\u00f6sterei GmbH\"}]}<\/script>\n<!-- \/ Yoast SEO plugin. -->","yoast_head_json":{"title":"P\u0159edplatn\u00e9 k\u00e1vy od Cult Caff\u00e9 - u\u0161et\u0159ete nyn\u00ed s p\u0159edplatn\u00fdm k\u00e1vy","description":"\u2705 Nejlep\u0161\u00ed bio k\u00e1vov\u00e1 zrna | Pravideln\u00e9 doru\u010den\u00ed | Flexibiln\u00ed mo\u017enosti \u2705 Mo\u017enost kdykoli zru\u0161it \u2705 Ide\u00e1ln\u00ed tak\u00e9 jako d\u00e1rek pro milovn\u00edky k\u00e1vy","robots":{"index":"index","follow":"follow","max-snippet":"max-snippet:-1","max-image-preview":"max-image-preview:large","max-video-preview":"max-video-preview:-1"},"canonical":"https:\/\/www.cultcaffe.at\/cs\/predplatne-kavy\/","og_locale":"cs_CZ","og_type":"article","og_title":"Kaffee Abo von Cult Caff\u00e9 - jetzt sparen mit dem Kaffeeabo","og_description":"\u2705 Beste Bio-Kaffeebohnen | regelm\u00e4\u00dfige Lieferung | Flexible Optionen \u2705 jederzeit k\u00fcndbar \u2705 ideal auch als Geschenk f\u00fcr Kaffeeliebhaber","og_url":"https:\/\/www.cultcaffe.at\/cs\/predplatne-kavy\/","og_site_name":"CultCaff\u00e9 - die Bio Kaffee R\u00f6sterei","article_publisher":"https:\/\/www.facebook.com\/p\/Cult-Caff%c3%a8-die-R%c3%b6sterei-100039719724703\/?locale=de_DE","article_modified_time":"2025-03-28T09:22:03+00:00","og_image":[{"width":800,"height":800,"url":"https:\/\/www.cultcaffe.at\/wp-content\/uploads\/2024\/06\/kaffeeabo.png","type":"image\/png"}],"twitter_card":"summary_large_image","twitter_misc":{"Odhadovan\u00e1 doba \u010dten\u00ed":"2 minuty"},"schema":{"@context":"https:\/\/schema.org","@graph":[{"@type":"WebPage","@id":"https:\/\/www.cultcaffe.at\/kaffee-abo\/","url":"https:\/\/www.cultcaffe.at\/kaffee-abo\/","name":"P\u0159edplatn\u00e9 k\u00e1vy od Cult Caff\u00e9 - u\u0161et\u0159ete nyn\u00ed s p\u0159edplatn\u00fdm k\u00e1vy","isPartOf":{"@id":"https:\/\/www.cultcaffe.at\/#website"},"primaryImageOfPage":{"@id":"https:\/\/www.cultcaffe.at\/kaffee-abo\/#primaryimage"},"image":{"@id":"https:\/\/www.cultcaffe.at\/kaffee-abo\/#primaryimage"},"thumbnailUrl":"https:\/\/www.cultcaffe.at\/wp-content\/uploads\/2024\/06\/kaffeeabo.png","datePublished":"2024-06-26T11:11:17+00:00","dateModified":"2025-03-28T09:22:03+00:00","description":"\u2705 Nejlep\u0161\u00ed bio k\u00e1vov\u00e1 zrna | Pravideln\u00e9 doru\u010den\u00ed | Flexibiln\u00ed mo\u017enosti \u2705 Mo\u017enost kdykoli zru\u0161it \u2705 Ide\u00e1ln\u00ed tak\u00e9 jako d\u00e1rek pro milovn\u00edky k\u00e1vy","breadcrumb":{"@id":"https:\/\/www.cultcaffe.at\/kaffee-abo\/#breadcrumb"},"inLanguage":"cs","potentialAction":[{"@type":"ReadAction","target":["https:\/\/www.cultcaffe.at\/kaffee-abo\/"]}]},{"@type":"ImageObject","inLanguage":"cs","@id":"https:\/\/www.cultcaffe.at\/kaffee-abo\/#primaryimage","url":"https:\/\/www.cultcaffe.at\/wp-content\/uploads\/2024\/06\/kaffeeabo.png","contentUrl":"https:\/\/www.cultcaffe.at\/wp-content\/uploads\/2024\/06\/kaffeeabo.png"},{"@type":"BreadcrumbList","@id":"https:\/\/www.cultcaffe.at\/kaffee-abo\/#breadcrumb","itemListElement":[{"@type":"ListItem","position":1,"name":"Startseite","item":"https:\/\/www.cultcaffe.at\/"},{"@type":"ListItem","position":2,"name":"Kaffee Abo"}]},{"@type":"WebSite","@id":"https:\/\/www.cultcaffe.at\/#website","url":"https:\/\/www.cultcaffe.at\/","name":"CultCaff\u00e9 - pra\u017e\u00edrna bio k\u00e1vy","description":"L\u00e1ska ke k\u00e1v\u011b","publisher":{"@id":"https:\/\/www.cultcaffe.at\/#organization"},"potentialAction":[{"@type":"SearchAction","target":{"@type":"EntryPoint","urlTemplate":"https:\/\/www.cultcaffe.at\/?s={search_term_string}"},"query-input":{"@type":"PropertyValueSpecification","valueRequired":true,"valueName":"search_term_string"}}],"inLanguage":"cs"},{"@type":["Organization","Place"],"@id":"https:\/\/www.cultcaffe.at\/#organization","name":"CultCaff\u00e9 Coffee Roastery GmbH","alternateName":"CultCaff\u00e9","url":"https:\/\/www.cultcaffe.at\/","logo":{"@id":"https:\/\/www.cultcaffe.at\/kaffee-abo\/#local-main-organization-logo"},"image":{"@id":"https:\/\/www.cultcaffe.at\/kaffee-abo\/#local-main-organization-logo"},"sameAs":["https:\/\/www.facebook.com\/p\/Cult-Caff\u00e8-die-R\u00f6sterei-100039719724703\/?locale=de_DE","https:\/\/www.instagram.com\/cultcaffe.at\/"],"hasMerchantReturnPolicy":{"@type":"MerchantReturnPolicy","merchantReturnLink":"https:\/\/www.cultcaffe.at\/cs\/agbs\/"},"telephone":[],"openingHoursSpecification":[{"@type":"OpeningHoursSpecification","dayOfWeek":["Monday","Tuesday","Wednesday","Thursday","Friday","Saturday","Sunday"],"opens":"09:00","closes":"17:00"}]},{"@type":"ImageObject","inLanguage":"cs","@id":"https:\/\/www.cultcaffe.at\/kaffee-abo\/#local-main-organization-logo","url":"https:\/\/www.cultcaffe.at\/wp-content\/uploads\/2023\/11\/cultcaffe_logo_regular_dark-1.svg","contentUrl":"https:\/\/www.cultcaffe.at\/wp-content\/uploads\/2023\/11\/cultcaffe_logo_regular_dark-1.svg","width":756,"height":474,"caption":"CultCaff\u00e9 Kaffeer\u00f6sterei GmbH"}]}},"_links":{"self":[{"href":"https:\/\/www.cultcaffe.at\/cs\/wp-json\/wp\/v2\/pages\/15243","targetHints":{"allow":["GET"]}}],"collection":[{"href":"https:\/\/www.cultcaffe.at\/cs\/wp-json\/wp\/v2\/pages"}],"about":[{"href":"https:\/\/www.cultcaffe.at\/cs\/wp-json\/wp\/v2\/types\/page"}],"author":[{"embeddable":true,"href":"https:\/\/www.cultcaffe.at\/cs\/wp-json\/wp\/v2\/users\/6"}],"replies":[{"embeddable":true,"href":"https:\/\/www.cultcaffe.at\/cs\/wp-json\/wp\/v2\/comments?post=15243"}],"version-history":[{"count":19,"href":"https:\/\/www.cultcaffe.at\/cs\/wp-json\/wp\/v2\/pages\/15243\/revisions"}],"predecessor-version":[{"id":17974,"href":"https:\/\/www.cultcaffe.at\/cs\/wp-json\/wp\/v2\/pages\/15243\/revisions\/17974"}],"wp:attachment":[{"href":"https:\/\/www.cultcaffe.at\/cs\/wp-json\/wp\/v2\/media?parent=15243"}],"curies":[{"name":"wp","href":"https:\/\/api.w.org\/{rel}","templated":true}]}}