{"id":14797,"date":"2024-04-15T21:01:00","date_gmt":"2024-04-15T19:01:00","guid":{"rendered":"https:\/\/www.cultcaffe.at\/?page_id=14797"},"modified":"2025-03-17T19:21:24","modified_gmt":"2025-03-17T18:21:24","slug":"projekt-orangutanu","status":"publish","type":"page","link":"https:\/\/www.cultcaffe.at\/cs\/kaffee\/orang-utan-project\/","title":{"rendered":"Projekt Orangutan"},"content":{"rendered":"<div data-elementor-type=\"wp-page\" data-elementor-id=\"14797\" class=\"elementor elementor-14797\" data-elementor-post-type=\"page\">\n\t\t\t\t<div class=\"elementor-element elementor-element-a260ed6 e-flex e-con-boxed e-con e-parent\" data-id=\"a260ed6\" data-element_type=\"container\" data-e-type=\"container\" data-settings=\"{&quot;background_background&quot;:&quot;classic&quot;}\">\n\t\t\t\t\t<div class=\"e-con-inner\">\n\t\t\t\t<div class=\"elementor-element elementor-element-5eee16e elementor-widget elementor-widget-heading\" data-id=\"5eee16e\" data-element_type=\"widget\" data-e-type=\"widget\" data-widget_type=\"heading.default\">\n\t\t\t\t<div class=\"elementor-widget-container\">\n\t\t\t\t\t<h1 class=\"elementor-heading-title elementor-size-default\">Projekt Orangutan<\/h1>\t\t\t\t<\/div>\n\t\t\t\t<\/div>\n\t\t\t\t\t<\/div>\n\t\t\t\t<\/div>\n\t\t<div class=\"elementor-element elementor-element-2a80474 e-flex e-con-boxed e-con e-parent\" data-id=\"2a80474\" data-element_type=\"container\" data-e-type=\"container\">\n\t\t\t\t\t<div class=\"e-con-inner\">\n\t\t<div class=\"elementor-element elementor-element-0da9d42 e-con-full e-flex e-con e-child\" data-id=\"0da9d42\" data-element_type=\"container\" data-e-type=\"container\">\n\t\t<div class=\"elementor-element elementor-element-c03255c e-con-full e-flex e-con e-child\" data-id=\"c03255c\" data-element_type=\"container\" data-e-type=\"container\" data-settings=\"{&quot;background_background&quot;:&quot;classic&quot;}\">\n\t\t\t\t<\/div>\n\t\t<div class=\"elementor-element elementor-element-7d21376 e-con-full e-flex e-con e-child\" data-id=\"7d21376\" data-element_type=\"container\" data-e-type=\"container\" data-settings=\"{&quot;background_background&quot;:&quot;classic&quot;}\">\n\t\t\t\t<\/div>\n\t\t\t\t<\/div>\n\t\t<div class=\"elementor-element elementor-element-407051f e-con-full e-flex e-con e-child\" data-id=\"407051f\" data-element_type=\"container\" data-e-type=\"container\">\n\t\t\t\t<div class=\"elementor-element elementor-element-382e3651 elementor-widget elementor-widget-text-editor\" data-id=\"382e3651\" data-element_type=\"widget\" data-e-type=\"widget\" data-widget_type=\"text-editor.default\">\n\t\t\t\t<div class=\"elementor-widget-container\">\n\t\t\t\t\t\t\t\t\t<p>Z bujn\u011b zelen\u00e9ho lesa se valil \u0161tiplav\u00fd d\u00fdm. Mal\u00fd orangutan c\u00edt\u00ed mat\u010dinu nervozitu. Hroz\u00ed nebezpe\u010d\u00ed. Kou\u0159 houstne a houstne a mal\u00fd orangutan sotva d\u00fdch\u00e1. Se strachem se je\u0161t\u011b pevn\u011bji p\u0159itiskne k mat\u010din\u011b srsti. Plameny se bl\u00ed\u017e\u00ed a bl\u00ed\u017e\u00ed. Mal\u00fd orangutan a jeho matka v panice prchaj\u00ed korunami strom\u016f. Kam by m\u011bli j\u00edt?<\/p><p>Tropick\u00fd de\u0161tn\u00fd prales je domovem ohro\u017een\u00e9ho orangutana sumatersk\u00e9ho. Pokra\u010duj\u00edc\u00ed ni\u010den\u00ed tropick\u00fdch de\u0161tn\u00fdch prales\u016f p\u0159ipravuje farm\u00e1\u0159e i orangutany o jejich \u017eivobyt\u00ed.<\/p><blockquote><p><em>Projekt Orang-Utan Coffee podporuje farm\u00e1\u0159e, kte\u0159\u00ed ekologicky hospoda\u0159\u00ed na sv\u00fdch k\u00e1vov\u00fdch plant\u00e1\u017e\u00edch a vyh\u00fdbaj\u00ed se k\u00e1cen\u00ed de\u0161tn\u00e9ho pralesa.<\/em><\/p><\/blockquote><p>Tyto k\u00e1vov\u00e9 zahrady proto pat\u0159\u00ed r\u016fzn\u00fdm drobn\u00fdm farm\u00e1\u0159\u016fm, kte\u0159\u00ed si uv\u011bdomili d\u016fle\u017eitost de\u0161tn\u00e9ho pralesa jako z\u00e1kladu sv\u00e9 ob\u017eivy. P\u011bstitel\u00e9 k\u00e1vy z projektu Orang-Utan Coffee Project obhospoda\u0159uj\u00ed sv\u00e9 k\u00e1vov\u00e9 zahrady podle p\u0159\u00edsn\u00fdch pravidel pro orangutany, kter\u00e1 v podstat\u011b odpov\u00eddaj\u00ed pravidl\u016fm \u0161v\u00fdcarsk\u00e9ho ekologick\u00e9ho zem\u011bd\u011blstv\u00ed.<\/p><p>Pr\u00e1v\u011b zde se da\u0159\u00ed jedine\u010dn\u00e9 sumatersk\u00e9 arabice. Rozs\u00e1hl\u00e9 de\u0161tn\u00e9 pralesy zaji\u0161\u0165uj\u00ed zvl\u00e1\u0161tn\u00ed klima, kde se m\u016f\u017ee da\u0159it jedine\u010dn\u00e9 sumatersk\u00e9 k\u00e1v\u011b arabica. Zejm\u00e9na strm\u00e9 svahy kr\u00e1teru, stejn\u011b jako mlha a vlhkost p\u0159\u00edmo soused\u00edc\u00edho tropick\u00e9ho de\u0161tn\u00e9ho pralesa, poskytuj\u00ed vynikaj\u00edc\u00ed podm\u00ednky pro p\u011bstov\u00e1n\u00ed prvot\u0159\u00eddn\u00ed k\u00e1vy.<\/p><p>CULTCAFF\u00c8 se rozhodlo s n\u00e1mi na tomto projektu spolupracovat. Prvn\u00ed v\u00e1rky byly upra\u017eeny a k\u00e1va chutn\u00e1 prost\u011b skv\u011ble. V tomto projektu n\u00e1s podporuje n\u00e1\u0161 dlouholet\u00fd p\u0159\u00edtel a spoluinici\u00e1tor Timo Drews.<\/p><p><strong><a style=\"color: white !important;\" href=\"https:\/\/www.orangutan.coffee\" target=\"_blank\" rel=\"noopener\">www.orangutan.co<\/a><\/strong><\/p>\t\t\t\t\t\t\t\t<\/div>\n\t\t\t\t<\/div>\n\t\t\t\t<\/div>\n\t\t\t\t\t<\/div>\n\t\t\t\t<\/div>\n\t\t<div class=\"elementor-element elementor-element-3e9153f e-flex e-con-boxed e-con e-parent\" data-id=\"3e9153f\" data-element_type=\"container\" data-e-type=\"container\">\n\t\t\t\t\t<div class=\"e-con-inner\">\n\t\t<div class=\"elementor-element elementor-element-e281ef3 e-con-full e-flex e-con e-child\" data-id=\"e281ef3\" data-element_type=\"container\" data-e-type=\"container\">\n\t\t\t\t<div class=\"elementor-element elementor-element-3f182dc elementor-widget elementor-widget-image\" data-id=\"3f182dc\" data-element_type=\"widget\" data-e-type=\"widget\" data-widget_type=\"image.default\">\n\t\t\t\t<div class=\"elementor-widget-container\">\n\t\t\t\t\t\t\t\t\t\t\t\t\t\t\t<img fetchpriority=\"high\" decoding=\"async\" width=\"2000\" height=\"2000\" src=\"https:\/\/www.cultcaffe.at\/wp-content\/uploads\/2024\/03\/Cult-Caffe_Kaffee-Bohnen_Orang-Utan.jpg\" class=\"attachment-full size-full wp-image-14965\" alt=\"\" srcset=\"https:\/\/www.cultcaffe.at\/wp-content\/uploads\/2024\/03\/Cult-Caffe_Kaffee-Bohnen_Orang-Utan.jpg 2000w, https:\/\/www.cultcaffe.at\/wp-content\/uploads\/2024\/03\/Cult-Caffe_Kaffee-Bohnen_Orang-Utan-600x600.jpg 600w, https:\/\/www.cultcaffe.at\/wp-content\/uploads\/2024\/03\/Cult-Caffe_Kaffee-Bohnen_Orang-Utan-100x100.jpg 100w, https:\/\/www.cultcaffe.at\/wp-content\/uploads\/2024\/03\/Cult-Caffe_Kaffee-Bohnen_Orang-Utan-300x300.jpg 300w, https:\/\/www.cultcaffe.at\/wp-content\/uploads\/2024\/03\/Cult-Caffe_Kaffee-Bohnen_Orang-Utan-1024x1024.jpg 1024w, https:\/\/www.cultcaffe.at\/wp-content\/uploads\/2024\/03\/Cult-Caffe_Kaffee-Bohnen_Orang-Utan-150x150.jpg 150w, https:\/\/www.cultcaffe.at\/wp-content\/uploads\/2024\/03\/Cult-Caffe_Kaffee-Bohnen_Orang-Utan-768x768.jpg 768w, https:\/\/www.cultcaffe.at\/wp-content\/uploads\/2024\/03\/Cult-Caffe_Kaffee-Bohnen_Orang-Utan-1536x1536.jpg 1536w, https:\/\/www.cultcaffe.at\/wp-content\/uploads\/2024\/03\/Cult-Caffe_Kaffee-Bohnen_Orang-Utan-140x140.jpg 140w, https:\/\/www.cultcaffe.at\/wp-content\/uploads\/2024\/03\/Cult-Caffe_Kaffee-Bohnen_Orang-Utan-500x500.jpg 500w, https:\/\/www.cultcaffe.at\/wp-content\/uploads\/2024\/03\/Cult-Caffe_Kaffee-Bohnen_Orang-Utan-350x350.jpg 350w, https:\/\/www.cultcaffe.at\/wp-content\/uploads\/2024\/03\/Cult-Caffe_Kaffee-Bohnen_Orang-Utan-1000x1000.jpg 1000w, https:\/\/www.cultcaffe.at\/wp-content\/uploads\/2024\/03\/Cult-Caffe_Kaffee-Bohnen_Orang-Utan-800x800.jpg 800w\" sizes=\"(max-width: 2000px) 100vw, 2000px\" \/>\t\t\t\t\t\t\t\t\t\t\t\t\t\t\t<\/div>\n\t\t\t\t<\/div>\n\t\t\t\t<\/div>\n\t\t<div class=\"elementor-element elementor-element-6cb3f36 e-con-full e-flex e-con e-child\" data-id=\"6cb3f36\" data-element_type=\"container\" data-e-type=\"container\">\n\t\t\t\t<div class=\"elementor-element elementor-element-b50f73c elementor-widget elementor-widget-text-editor\" data-id=\"b50f73c\" data-element_type=\"widget\" data-e-type=\"widget\" data-widget_type=\"text-editor.default\">\n\t\t\t\t<div class=\"elementor-widget-container\">\n\t\t\t\t\t\t\t\t\t<p>Ale tato k\u00e1va nejen chr\u00e1n\u00ed prost\u0159ed\u00ed orangutan\u016f, ale tak\u00e9 skv\u011ble chutn\u00e1. Vlhk\u00e9 klima a mlha de\u0161tn\u00fdch prales\u016f Sumatry dod\u00e1vaj\u00ed t\u00e9to k\u00e1v\u011b Arabica lahodnou v\u016fni melasy, su\u0161en\u00e9ho ovoce a t\u00f3ny kakaa a ban\u00e1nu.<\/p><p>100 % Arabica<br \/><em>Portafilter, pln\u011b automatick\u00fd, filtr<\/em><\/p>\t\t\t\t\t\t\t\t<\/div>\n\t\t\t\t<\/div>\n\t\t\t\t<div class=\"elementor-element elementor-element-b1680ed elementor-widget elementor-widget-button\" data-id=\"b1680ed\" data-element_type=\"widget\" data-e-type=\"widget\" data-widget_type=\"button.default\">\n\t\t\t\t<div class=\"elementor-widget-container\">\n\t\t\t\t\t\t\t\t\t<div class=\"elementor-button-wrapper\">\n\t\t\t\t\t<a class=\"elementor-button elementor-button-link elementor-size-sm\" href=\"https:\/\/www.cultcaffe.at\/cs\/produkt\/orangutanska-kava\/\">\n\t\t\t\t\t\t<span class=\"elementor-button-content-wrapper\">\n\t\t\t\t\t\t\t\t\t<span class=\"elementor-button-text\">Kupte si \u201eOrangutan Coffee\u201c zde<\/span>\n\t\t\t\t\t<\/span>\n\t\t\t\t\t<\/a>\n\t\t\t\t<\/div>\n\t\t\t\t\t\t\t\t<\/div>\n\t\t\t\t<\/div>\n\t\t\t\t<\/div>\n\t\t\t\t\t<\/div>\n\t\t\t\t<\/div>\n\t\t\t\t<\/div>","protected":false},"excerpt":{"rendered":"<p>Oran-Utan Project Bei\u00dfender Rauch steigt aus dem sattgr\u00fcnen Wald auf. Der kleine Orang-Utan sp\u00fcrt die Nervosit\u00e4t seiner Mutter. Gefahr droht. Der Rauch wird immer dichter, der kleine Orang-Utan bekommt kaum noch Luft. \u00c4ngstlich klammert er sich noch st\u00e4rker an das Fell seiner Mutter. Die Flammen kommen immer n\u00e4her. Panisch fl\u00fcchten der kleine Orang-Utan und seine [&hellip;]<\/p>\n","protected":false},"author":6,"featured_media":0,"parent":556,"menu_order":0,"comment_status":"closed","ping_status":"closed","template":"","meta":{"inline_featured_image":false,"footnotes":""},"class_list":["post-14797","page","type-page","status-publish","hentry"],"yoast_head":"<!-- This site is optimized with the Yoast SEO plugin v27.6 - https:\/\/yoast.com\/product\/yoast-seo-wordpress\/ -->\n<title>Kaffee \u00bb Orang-Utan Project<\/title>\n<meta name=\"description\" content=\"CULTCAFF\u00c8 hat sich zu einer Partnerschaft f\u00fcr dieses Projekt entschieden. Die ersten Chargen sind ger\u00f6stet und der Kaffee schmeckt einfach wunderbar. Unser langj\u00e4hriger Freund und Mitinitiator, Timo Drews, begleitet uns bei diesem Projekt.\" \/>\n<meta name=\"robots\" content=\"index, follow, max-snippet:-1, max-image-preview:large, max-video-preview:-1\" \/>\n<link rel=\"canonical\" href=\"https:\/\/www.cultcaffe.at\/cs\/kava\/projekt-orangutanu\/\" \/>\n<meta property=\"og:locale\" content=\"cs_CZ\" \/>\n<meta property=\"og:type\" content=\"article\" \/>\n<meta property=\"og:title\" content=\"Kaffee \u00bb Orang-Utan Project\" \/>\n<meta property=\"og:description\" content=\"CULTCAFF\u00c8 hat sich zu einer Partnerschaft f\u00fcr dieses Projekt entschieden. Die ersten Chargen sind ger\u00f6stet und der Kaffee schmeckt einfach wunderbar. Unser langj\u00e4hriger Freund und Mitinitiator, Timo Drews, begleitet uns bei diesem Projekt.\" \/>\n<meta property=\"og:url\" content=\"https:\/\/www.cultcaffe.at\/cs\/kava\/projekt-orangutanu\/\" \/>\n<meta property=\"og:site_name\" content=\"CultCaff\u00e9 - die Bio Kaffee R\u00f6sterei\" \/>\n<meta property=\"article:publisher\" content=\"https:\/\/www.facebook.com\/p\/Cult-Caff%c3%a8-die-R%c3%b6sterei-100039719724703\/?locale=de_DE\" \/>\n<meta property=\"article:modified_time\" content=\"2025-03-17T18:21:24+00:00\" \/>\n<meta property=\"og:image\" content=\"https:\/\/www.cultcaffe.at\/wp-content\/uploads\/2024\/03\/Cult-Caffe_Kaffee-Bohnen_Orang-Utan.jpg\" \/>\n\t<meta property=\"og:image:width\" content=\"2000\" \/>\n\t<meta property=\"og:image:height\" content=\"2000\" \/>\n\t<meta property=\"og:image:type\" content=\"image\/jpeg\" \/>\n<meta name=\"twitter:card\" content=\"summary_large_image\" \/>\n<meta name=\"twitter:label1\" content=\"Odhadovan\u00e1 doba \u010dten\u00ed\" \/>\n\t<meta name=\"twitter:data1\" content=\"2 minuty\" \/>\n<script type=\"application\/ld+json\" class=\"yoast-schema-graph\">{\"@context\":\"https:\\\/\\\/schema.org\",\"@graph\":[{\"@type\":\"WebPage\",\"@id\":\"https:\\\/\\\/www.cultcaffe.at\\\/kaffee\\\/orang-utan-project\\\/\",\"url\":\"https:\\\/\\\/www.cultcaffe.at\\\/kaffee\\\/orang-utan-project\\\/\",\"name\":\"Kaffee \u00bb Orang-Utan Project\",\"isPartOf\":{\"@id\":\"https:\\\/\\\/www.cultcaffe.at\\\/#website\"},\"primaryImageOfPage\":{\"@id\":\"https:\\\/\\\/www.cultcaffe.at\\\/kaffee\\\/orang-utan-project\\\/#primaryimage\"},\"image\":{\"@id\":\"https:\\\/\\\/www.cultcaffe.at\\\/kaffee\\\/orang-utan-project\\\/#primaryimage\"},\"thumbnailUrl\":\"https:\\\/\\\/www.cultcaffe.at\\\/wp-content\\\/uploads\\\/2024\\\/03\\\/Cult-Caffe_Kaffee-Bohnen_Orang-Utan.jpg\",\"datePublished\":\"2024-04-15T19:01:00+00:00\",\"dateModified\":\"2025-03-17T18:21:24+00:00\",\"description\":\"CULTCAFF\u00c8 hat sich zu einer Partnerschaft f\u00fcr dieses Projekt entschieden. Die ersten Chargen sind ger\u00f6stet und der Kaffee schmeckt einfach wunderbar. Unser langj\u00e4hriger Freund und Mitinitiator, Timo Drews, begleitet uns bei diesem Projekt.\",\"breadcrumb\":{\"@id\":\"https:\\\/\\\/www.cultcaffe.at\\\/kaffee\\\/orang-utan-project\\\/#breadcrumb\"},\"inLanguage\":\"cs\",\"potentialAction\":[{\"@type\":\"ReadAction\",\"target\":[\"https:\\\/\\\/www.cultcaffe.at\\\/kaffee\\\/orang-utan-project\\\/\"]}]},{\"@type\":\"ImageObject\",\"inLanguage\":\"cs\",\"@id\":\"https:\\\/\\\/www.cultcaffe.at\\\/kaffee\\\/orang-utan-project\\\/#primaryimage\",\"url\":\"https:\\\/\\\/www.cultcaffe.at\\\/wp-content\\\/uploads\\\/2024\\\/03\\\/Cult-Caffe_Kaffee-Bohnen_Orang-Utan.jpg\",\"contentUrl\":\"https:\\\/\\\/www.cultcaffe.at\\\/wp-content\\\/uploads\\\/2024\\\/03\\\/Cult-Caffe_Kaffee-Bohnen_Orang-Utan.jpg\"},{\"@type\":\"BreadcrumbList\",\"@id\":\"https:\\\/\\\/www.cultcaffe.at\\\/kaffee\\\/orang-utan-project\\\/#breadcrumb\",\"itemListElement\":[{\"@type\":\"ListItem\",\"position\":1,\"name\":\"Startseite\",\"item\":\"https:\\\/\\\/www.cultcaffe.at\\\/\"},{\"@type\":\"ListItem\",\"position\":2,\"name\":\"Kaffee\",\"item\":\"https:\\\/\\\/www.cultcaffe.at\\\/kaffee\\\/\"},{\"@type\":\"ListItem\",\"position\":3,\"name\":\"Orang-Utan Project\"}]},{\"@type\":\"WebSite\",\"@id\":\"https:\\\/\\\/www.cultcaffe.at\\\/#website\",\"url\":\"https:\\\/\\\/www.cultcaffe.at\\\/\",\"name\":\"CultCaff\u00e9 - die Bio Kaffee R\u00f6sterei\",\"description\":\"Liebe zum Kaffee\",\"publisher\":{\"@id\":\"https:\\\/\\\/www.cultcaffe.at\\\/#organization\"},\"potentialAction\":[{\"@type\":\"SearchAction\",\"target\":{\"@type\":\"EntryPoint\",\"urlTemplate\":\"https:\\\/\\\/www.cultcaffe.at\\\/?s={search_term_string}\"},\"query-input\":{\"@type\":\"PropertyValueSpecification\",\"valueRequired\":true,\"valueName\":\"search_term_string\"}}],\"inLanguage\":\"cs\"},{\"@type\":[\"Organization\",\"Place\"],\"@id\":\"https:\\\/\\\/www.cultcaffe.at\\\/#organization\",\"name\":\"CultCaff\u00e9 Kaffeer\u00f6sterei GmbH\",\"alternateName\":\"CultCaff\u00e9\",\"url\":\"https:\\\/\\\/www.cultcaffe.at\\\/\",\"logo\":{\"@id\":\"https:\\\/\\\/www.cultcaffe.at\\\/kaffee\\\/orang-utan-project\\\/#local-main-organization-logo\"},\"image\":{\"@id\":\"https:\\\/\\\/www.cultcaffe.at\\\/kaffee\\\/orang-utan-project\\\/#local-main-organization-logo\"},\"sameAs\":[\"https:\\\/\\\/www.facebook.com\\\/p\\\/Cult-Caff\u00e8-die-R\u00f6sterei-100039719724703\\\/?locale=de_DE\",\"https:\\\/\\\/www.instagram.com\\\/cultcaffe.at\\\/\"],\"hasMerchantReturnPolicy\":{\"@type\":\"MerchantReturnPolicy\",\"merchantReturnLink\":\"https:\\\/\\\/www.cultcaffe.at\\\/cs\\\/agbs\\\/\"},\"telephone\":[],\"openingHoursSpecification\":[{\"@type\":\"OpeningHoursSpecification\",\"dayOfWeek\":[\"Monday\",\"Tuesday\",\"Wednesday\",\"Thursday\",\"Friday\",\"Saturday\",\"Sunday\"],\"opens\":\"09:00\",\"closes\":\"17:00\"}]},{\"@type\":\"ImageObject\",\"inLanguage\":\"cs\",\"@id\":\"https:\\\/\\\/www.cultcaffe.at\\\/kaffee\\\/orang-utan-project\\\/#local-main-organization-logo\",\"url\":\"https:\\\/\\\/www.cultcaffe.at\\\/wp-content\\\/uploads\\\/2023\\\/11\\\/cultcaffe_logo_regular_dark-1.svg\",\"contentUrl\":\"https:\\\/\\\/www.cultcaffe.at\\\/wp-content\\\/uploads\\\/2023\\\/11\\\/cultcaffe_logo_regular_dark-1.svg\",\"width\":756,\"height\":474,\"caption\":\"CultCaff\u00e9 Kaffeer\u00f6sterei GmbH\"}]}<\/script>\n<!-- \/ Yoast SEO plugin. -->","yoast_head_json":{"title":"K\u00e1va \u00bb Projekt Orangutan","description":"CULTCAFF\u00c8 se rozhodlo s n\u00e1mi na tomto projektu spolupracovat. Prvn\u00ed v\u00e1rky byly upra\u017eeny a k\u00e1va chutn\u00e1 prost\u011b skv\u011ble. V tomto projektu n\u00e1s podporuje n\u00e1\u0161 dlouholet\u00fd p\u0159\u00edtel a spoluinici\u00e1tor Timo Drews.","robots":{"index":"index","follow":"follow","max-snippet":"max-snippet:-1","max-image-preview":"max-image-preview:large","max-video-preview":"max-video-preview:-1"},"canonical":"https:\/\/www.cultcaffe.at\/cs\/kava\/projekt-orangutanu\/","og_locale":"cs_CZ","og_type":"article","og_title":"Kaffee \u00bb Orang-Utan Project","og_description":"CULTCAFF\u00c8 hat sich zu einer Partnerschaft f\u00fcr dieses Projekt entschieden. Die ersten Chargen sind ger\u00f6stet und der Kaffee schmeckt einfach wunderbar. Unser langj\u00e4hriger Freund und Mitinitiator, Timo Drews, begleitet uns bei diesem Projekt.","og_url":"https:\/\/www.cultcaffe.at\/cs\/kava\/projekt-orangutanu\/","og_site_name":"CultCaff\u00e9 - die Bio Kaffee R\u00f6sterei","article_publisher":"https:\/\/www.facebook.com\/p\/Cult-Caff%c3%a8-die-R%c3%b6sterei-100039719724703\/?locale=de_DE","article_modified_time":"2025-03-17T18:21:24+00:00","og_image":[{"width":2000,"height":2000,"url":"https:\/\/www.cultcaffe.at\/wp-content\/uploads\/2024\/03\/Cult-Caffe_Kaffee-Bohnen_Orang-Utan.jpg","type":"image\/jpeg"}],"twitter_card":"summary_large_image","twitter_misc":{"Odhadovan\u00e1 doba \u010dten\u00ed":"2 minuty"},"schema":{"@context":"https:\/\/schema.org","@graph":[{"@type":"WebPage","@id":"https:\/\/www.cultcaffe.at\/kaffee\/orang-utan-project\/","url":"https:\/\/www.cultcaffe.at\/kaffee\/orang-utan-project\/","name":"K\u00e1va \u00bb Projekt Orangutan","isPartOf":{"@id":"https:\/\/www.cultcaffe.at\/#website"},"primaryImageOfPage":{"@id":"https:\/\/www.cultcaffe.at\/kaffee\/orang-utan-project\/#primaryimage"},"image":{"@id":"https:\/\/www.cultcaffe.at\/kaffee\/orang-utan-project\/#primaryimage"},"thumbnailUrl":"https:\/\/www.cultcaffe.at\/wp-content\/uploads\/2024\/03\/Cult-Caffe_Kaffee-Bohnen_Orang-Utan.jpg","datePublished":"2024-04-15T19:01:00+00:00","dateModified":"2025-03-17T18:21:24+00:00","description":"CULTCAFF\u00c8 se rozhodlo s n\u00e1mi na tomto projektu spolupracovat. Prvn\u00ed v\u00e1rky byly upra\u017eeny a k\u00e1va chutn\u00e1 prost\u011b skv\u011ble. V tomto projektu n\u00e1s podporuje n\u00e1\u0161 dlouholet\u00fd p\u0159\u00edtel a spoluinici\u00e1tor Timo Drews.","breadcrumb":{"@id":"https:\/\/www.cultcaffe.at\/kaffee\/orang-utan-project\/#breadcrumb"},"inLanguage":"cs","potentialAction":[{"@type":"ReadAction","target":["https:\/\/www.cultcaffe.at\/kaffee\/orang-utan-project\/"]}]},{"@type":"ImageObject","inLanguage":"cs","@id":"https:\/\/www.cultcaffe.at\/kaffee\/orang-utan-project\/#primaryimage","url":"https:\/\/www.cultcaffe.at\/wp-content\/uploads\/2024\/03\/Cult-Caffe_Kaffee-Bohnen_Orang-Utan.jpg","contentUrl":"https:\/\/www.cultcaffe.at\/wp-content\/uploads\/2024\/03\/Cult-Caffe_Kaffee-Bohnen_Orang-Utan.jpg"},{"@type":"BreadcrumbList","@id":"https:\/\/www.cultcaffe.at\/kaffee\/orang-utan-project\/#breadcrumb","itemListElement":[{"@type":"ListItem","position":1,"name":"Startseite","item":"https:\/\/www.cultcaffe.at\/"},{"@type":"ListItem","position":2,"name":"Kaffee","item":"https:\/\/www.cultcaffe.at\/kaffee\/"},{"@type":"ListItem","position":3,"name":"Orang-Utan Project"}]},{"@type":"WebSite","@id":"https:\/\/www.cultcaffe.at\/#website","url":"https:\/\/www.cultcaffe.at\/","name":"CultCaff\u00e9 - pra\u017e\u00edrna bio k\u00e1vy","description":"L\u00e1ska ke k\u00e1v\u011b","publisher":{"@id":"https:\/\/www.cultcaffe.at\/#organization"},"potentialAction":[{"@type":"SearchAction","target":{"@type":"EntryPoint","urlTemplate":"https:\/\/www.cultcaffe.at\/?s={search_term_string}"},"query-input":{"@type":"PropertyValueSpecification","valueRequired":true,"valueName":"search_term_string"}}],"inLanguage":"cs"},{"@type":["Organization","Place"],"@id":"https:\/\/www.cultcaffe.at\/#organization","name":"CultCaff\u00e9 Coffee Roastery GmbH","alternateName":"CultCaff\u00e9","url":"https:\/\/www.cultcaffe.at\/","logo":{"@id":"https:\/\/www.cultcaffe.at\/kaffee\/orang-utan-project\/#local-main-organization-logo"},"image":{"@id":"https:\/\/www.cultcaffe.at\/kaffee\/orang-utan-project\/#local-main-organization-logo"},"sameAs":["https:\/\/www.facebook.com\/p\/Cult-Caff\u00e8-die-R\u00f6sterei-100039719724703\/?locale=de_DE","https:\/\/www.instagram.com\/cultcaffe.at\/"],"hasMerchantReturnPolicy":{"@type":"MerchantReturnPolicy","merchantReturnLink":"https:\/\/www.cultcaffe.at\/cs\/agbs\/"},"telephone":[],"openingHoursSpecification":[{"@type":"OpeningHoursSpecification","dayOfWeek":["Monday","Tuesday","Wednesday","Thursday","Friday","Saturday","Sunday"],"opens":"09:00","closes":"17:00"}]},{"@type":"ImageObject","inLanguage":"cs","@id":"https:\/\/www.cultcaffe.at\/kaffee\/orang-utan-project\/#local-main-organization-logo","url":"https:\/\/www.cultcaffe.at\/wp-content\/uploads\/2023\/11\/cultcaffe_logo_regular_dark-1.svg","contentUrl":"https:\/\/www.cultcaffe.at\/wp-content\/uploads\/2023\/11\/cultcaffe_logo_regular_dark-1.svg","width":756,"height":474,"caption":"CultCaff\u00e9 Kaffeer\u00f6sterei GmbH"}]}},"_links":{"self":[{"href":"https:\/\/www.cultcaffe.at\/cs\/wp-json\/wp\/v2\/pages\/14797","targetHints":{"allow":["GET"]}}],"collection":[{"href":"https:\/\/www.cultcaffe.at\/cs\/wp-json\/wp\/v2\/pages"}],"about":[{"href":"https:\/\/www.cultcaffe.at\/cs\/wp-json\/wp\/v2\/types\/page"}],"author":[{"embeddable":true,"href":"https:\/\/www.cultcaffe.at\/cs\/wp-json\/wp\/v2\/users\/6"}],"replies":[{"embeddable":true,"href":"https:\/\/www.cultcaffe.at\/cs\/wp-json\/wp\/v2\/comments?post=14797"}],"version-history":[{"count":18,"href":"https:\/\/www.cultcaffe.at\/cs\/wp-json\/wp\/v2\/pages\/14797\/revisions"}],"predecessor-version":[{"id":17681,"href":"https:\/\/www.cultcaffe.at\/cs\/wp-json\/wp\/v2\/pages\/14797\/revisions\/17681"}],"up":[{"embeddable":true,"href":"https:\/\/www.cultcaffe.at\/cs\/wp-json\/wp\/v2\/pages\/556"}],"wp:attachment":[{"href":"https:\/\/www.cultcaffe.at\/cs\/wp-json\/wp\/v2\/media?parent=14797"}],"curies":[{"name":"wp","href":"https:\/\/api.w.org\/{rel}","templated":true}]}}