{"id":1255,"date":"2023-02-08T13:54:28","date_gmt":"2023-02-08T12:54:28","guid":{"rendered":"https:\/\/www.cultcaffe.at\/?page_id=1255"},"modified":"2025-04-16T08:26:37","modified_gmt":"2025-04-16T06:26:37","slug":"casadio-edeledition-cultcaffe","status":"publish","type":"page","link":"https:\/\/www.cultcaffe.at\/cs\/casadio-edeledition-cultcaffe\/","title":{"rendered":"CASADIO pr\u00e9miov\u00e1 edice CultCaff\u00e8"},"content":{"rendered":"<div data-elementor-type=\"wp-page\" data-elementor-id=\"1255\" class=\"elementor elementor-1255\" data-elementor-post-type=\"page\">\n\t\t\t\t<div class=\"elementor-element elementor-element-dcb7e38 e-flex e-con-boxed e-con e-parent\" data-id=\"dcb7e38\" data-element_type=\"container\" data-e-type=\"container\">\n\t\t\t\t\t<div class=\"e-con-inner\">\n\t\t\t\t<div class=\"elementor-element elementor-element-9b100c6 elementor-widget elementor-widget-heading\" data-id=\"9b100c6\" data-element_type=\"widget\" data-e-type=\"widget\" data-widget_type=\"heading.default\">\n\t\t\t\t<div class=\"elementor-widget-container\">\n\t\t\t\t\t<h1 class=\"elementor-heading-title elementor-size-default\">Casadio Edeledition Cult Caff\u00e8<\/h1>\t\t\t\t<\/div>\n\t\t\t\t<\/div>\n\t\t\t\t\t<\/div>\n\t\t\t\t<\/div>\n\t\t<div class=\"elementor-element elementor-element-8371363 e-flex e-con-boxed e-con e-parent\" data-id=\"8371363\" data-element_type=\"container\" data-e-type=\"container\">\n\t\t\t\t\t<div class=\"e-con-inner\">\n\t\t<div class=\"elementor-element elementor-element-21cf454 e-con-full e-flex e-con e-child\" data-id=\"21cf454\" data-element_type=\"container\" data-e-type=\"container\">\n\t\t\t\t<div class=\"elementor-element elementor-element-cd4dbec elementor-widget elementor-widget-image\" data-id=\"cd4dbec\" data-element_type=\"widget\" data-e-type=\"widget\" data-widget_type=\"image.default\">\n\t\t\t\t<div class=\"elementor-widget-container\">\n\t\t\t\t\t\t\t\t\t\t\t\t\t\t\t<img fetchpriority=\"high\" decoding=\"async\" width=\"464\" height=\"350\" src=\"https:\/\/www.cultcaffe.at\/wp-content\/uploads\/2023\/02\/1.png\" class=\"attachment-large size-large wp-image-1238\" alt=\"Gastro k\u00e1vovar CultCaff\u00e8 Casadio\" srcset=\"https:\/\/www.cultcaffe.at\/wp-content\/uploads\/2023\/02\/1.png 464w, https:\/\/www.cultcaffe.at\/wp-content\/uploads\/2023\/02\/1-300x226.png 300w\" sizes=\"(max-width: 464px) 100vw, 464px\" \/>\t\t\t\t\t\t\t\t\t\t\t\t\t\t\t<\/div>\n\t\t\t\t<\/div>\n\t\t\t\t<div class=\"elementor-element elementor-element-8f94099 elementor-widget elementor-widget-text-editor\" data-id=\"8f94099\" data-element_type=\"widget\" data-e-type=\"widget\" data-widget_type=\"text-editor.default\">\n\t\t\t\t<div class=\"elementor-widget-container\">\n\t\t\t\t\t\t\t\t\t<p><strong>OBJEVTE CASADIO UNDICI \u2013 EDICE CULT CAFF\u00c8<\/strong><br \/>UNDICI se vyzna\u010duje adaptabiln\u00edm a v\u00fdkonn\u00fdm syst\u00e9mem oh\u0159evu, kter\u00fd zaru\u010duje vynikaj\u00edc\u00ed kvalitu \u0161\u00e1lku. K\u00e1vovar m\u00e1 plexisklov\u00e9 panely obklopuj\u00edc\u00ed dr\u017e\u00e1k na \u0161\u00e1lky na horn\u00ed stran\u011b k\u00e1vovaru. Vizu\u00e1ln\u00edm l\u00e1kadlem jsou mechanick\u00e9 kl\u00e1vesnice se signaliza\u010dn\u00edmi LED diodami.<\/p>\t\t\t\t\t\t\t\t<\/div>\n\t\t\t\t<\/div>\n\t\t\t\t<\/div>\n\t\t<div class=\"elementor-element elementor-element-26e3470 e-con-full e-flex e-con e-child\" data-id=\"26e3470\" data-element_type=\"container\" data-e-type=\"container\">\n\t\t\t\t<div class=\"elementor-element elementor-element-65db5f6 elementor-widget elementor-widget-image\" data-id=\"65db5f6\" data-element_type=\"widget\" data-e-type=\"widget\" data-widget_type=\"image.default\">\n\t\t\t\t<div class=\"elementor-widget-container\">\n\t\t\t\t\t\t\t\t\t\t\t\t\t\t\t<img decoding=\"async\" width=\"452\" height=\"333\" src=\"https:\/\/www.cultcaffe.at\/wp-content\/uploads\/2023\/02\/2.png\" class=\"attachment-large size-large wp-image-1256\" alt=\"\" srcset=\"https:\/\/www.cultcaffe.at\/wp-content\/uploads\/2023\/02\/2.png 452w, https:\/\/www.cultcaffe.at\/wp-content\/uploads\/2023\/02\/2-300x221.png 300w\" sizes=\"(max-width: 452px) 100vw, 452px\" \/>\t\t\t\t\t\t\t\t\t\t\t\t\t\t\t<\/div>\n\t\t\t\t<\/div>\n\t\t\t\t<div class=\"elementor-element elementor-element-a086ffc elementor-widget elementor-widget-text-editor\" data-id=\"a086ffc\" data-element_type=\"widget\" data-e-type=\"widget\" data-widget_type=\"text-editor.default\">\n\t\t\t\t<div class=\"elementor-widget-container\">\n\t\t\t\t\t\t\t\t\t<p><strong>CASADIO \u2013 UNDICI KOMPAKTN\u00cd, ELEGANTN\u00cd, NEKOMPLIKOVAN\u00c9 A UNIVERZ\u00c1LN\u00cd<\/strong><br \/>Undici je elegantn\u00ed a v\u0161estrann\u00fd kompaktn\u00ed stroj, kter\u00fd se py\u0161n\u00ed snadnou obsluhou, nastaven\u00edm a \u00fadr\u017ebou. Ergonomick\u00fd a robustn\u00ed. UNDICI m\u00e1 p\u0159izp\u016fsobiv\u00fd a v\u00fdkonn\u00fd syst\u00e9m oh\u0159evu, kter\u00fd zaru\u010duje vynikaj\u00edc\u00ed kvalitu \u0161\u00e1lku.<br \/>D\u00edky LED diod\u011b umo\u017e\u0148uje mechanick\u00e1 kl\u00e1vesnice, kter\u00e1 je zapu\u0161t\u011bna do pouzdra, p\u0159esn\u00fd a rychl\u00fd v\u00fdb\u011br.<\/p><p>Objem bojleru: 10,5 l<br \/>Rozm\u011bry: 712 x 598 x 570 CENA KAV\u00c1RNY CULT: 4 850 EUR v\u010d. dod\u00e1n\u00ed a instalace<\/p>\t\t\t\t\t\t\t\t<\/div>\n\t\t\t\t<\/div>\n\t\t\t\t<\/div>\n\t\t\t\t\t<\/div>\n\t\t\t\t<\/div>\n\t\t\t\t<\/div>","protected":false},"excerpt":{"rendered":"<p>Casadio Edeledition Cult Caff\u00e8 ENTDECKEN SIE DIE CASADIO UNDICI &#8211; EDITION CULT CAFF\u00c8Die UNDICI verf\u00fcgt \u00fcber ein anpassungsf\u00e4higes und leistungsstarkes Heizsystem, das eine hervorragende Qualit\u00e4t in der Tasse garantiert. Die Maschine verf\u00fcgt \u00fcber Plexiglasplatten als Umrandung der Tassenablage auf der Oberseite der Kaffeemaschine. Ein optisches Highlight sind die mechanischen Tastenfelder mit LED Signal. CASADIO &#8211; [&hellip;]<\/p>\n","protected":false},"author":6,"featured_media":0,"parent":0,"menu_order":0,"comment_status":"closed","ping_status":"closed","template":"","meta":{"inline_featured_image":false,"footnotes":""},"class_list":["post-1255","page","type-page","status-publish","hentry"],"yoast_head":"<!-- This site is optimized with the Yoast SEO plugin v27.5 - https:\/\/yoast.com\/product\/yoast-seo-wordpress\/ -->\n<title>CASADIO Edeledition CultCaff\u00e8 - CultCaff\u00e9 - die Bio Kaffee R\u00f6sterei<\/title>\n<meta name=\"robots\" content=\"index, follow, max-snippet:-1, max-image-preview:large, max-video-preview:-1\" \/>\n<link rel=\"canonical\" href=\"https:\/\/www.cultcaffe.at\/cs\/casadio-edeledition-cultcaffe\/\" \/>\n<meta property=\"og:locale\" content=\"cs_CZ\" \/>\n<meta property=\"og:type\" content=\"article\" \/>\n<meta property=\"og:title\" content=\"CASADIO Edeledition CultCaff\u00e8 - CultCaff\u00e9 - die Bio Kaffee R\u00f6sterei\" \/>\n<meta property=\"og:description\" content=\"Casadio Edeledition Cult Caff\u00e8 ENTDECKEN SIE DIE CASADIO UNDICI &#8211; EDITION CULT CAFF\u00c8Die UNDICI verf\u00fcgt \u00fcber ein anpassungsf\u00e4higes und leistungsstarkes Heizsystem, das eine hervorragende Qualit\u00e4t in der Tasse garantiert. Die Maschine verf\u00fcgt \u00fcber Plexiglasplatten als Umrandung der Tassenablage auf der Oberseite der Kaffeemaschine. Ein optisches Highlight sind die mechanischen Tastenfelder mit LED Signal. CASADIO &#8211; [&hellip;]\" \/>\n<meta property=\"og:url\" content=\"https:\/\/www.cultcaffe.at\/cs\/casadio-edeledition-cultcaffe\/\" \/>\n<meta property=\"og:site_name\" content=\"CultCaff\u00e9 - die Bio Kaffee R\u00f6sterei\" \/>\n<meta property=\"article:publisher\" content=\"https:\/\/www.facebook.com\/p\/Cult-Caff%c3%a8-die-R%c3%b6sterei-100039719724703\/?locale=de_DE\" \/>\n<meta property=\"article:modified_time\" content=\"2025-04-16T06:26:37+00:00\" \/>\n<meta property=\"og:image\" content=\"https:\/\/www.cultcaffe.at\/wp-content\/uploads\/2023\/02\/1.png\" \/>\n\t<meta property=\"og:image:width\" content=\"464\" \/>\n\t<meta property=\"og:image:height\" content=\"350\" \/>\n\t<meta property=\"og:image:type\" content=\"image\/png\" \/>\n<meta name=\"twitter:card\" content=\"summary_large_image\" \/>\n<meta name=\"twitter:label1\" content=\"Odhadovan\u00e1 doba \u010dten\u00ed\" \/>\n\t<meta name=\"twitter:data1\" content=\"2 minuty\" \/>\n<script type=\"application\/ld+json\" class=\"yoast-schema-graph\">{\"@context\":\"https:\\\/\\\/schema.org\",\"@graph\":[{\"@type\":\"WebPage\",\"@id\":\"https:\\\/\\\/www.cultcaffe.at\\\/casadio-edeledition-cultcaffe\\\/\",\"url\":\"https:\\\/\\\/www.cultcaffe.at\\\/casadio-edeledition-cultcaffe\\\/\",\"name\":\"CASADIO Edeledition CultCaff\u00e8 - CultCaff\u00e9 - die Bio Kaffee R\u00f6sterei\",\"isPartOf\":{\"@id\":\"https:\\\/\\\/www.cultcaffe.at\\\/#website\"},\"primaryImageOfPage\":{\"@id\":\"https:\\\/\\\/www.cultcaffe.at\\\/casadio-edeledition-cultcaffe\\\/#primaryimage\"},\"image\":{\"@id\":\"https:\\\/\\\/www.cultcaffe.at\\\/casadio-edeledition-cultcaffe\\\/#primaryimage\"},\"thumbnailUrl\":\"https:\\\/\\\/www.cultcaffe.at\\\/wp-content\\\/uploads\\\/2023\\\/02\\\/1.png\",\"datePublished\":\"2023-02-08T12:54:28+00:00\",\"dateModified\":\"2025-04-16T06:26:37+00:00\",\"breadcrumb\":{\"@id\":\"https:\\\/\\\/www.cultcaffe.at\\\/casadio-edeledition-cultcaffe\\\/#breadcrumb\"},\"inLanguage\":\"cs\",\"potentialAction\":[{\"@type\":\"ReadAction\",\"target\":[\"https:\\\/\\\/www.cultcaffe.at\\\/casadio-edeledition-cultcaffe\\\/\"]}]},{\"@type\":\"ImageObject\",\"inLanguage\":\"cs\",\"@id\":\"https:\\\/\\\/www.cultcaffe.at\\\/casadio-edeledition-cultcaffe\\\/#primaryimage\",\"url\":\"https:\\\/\\\/www.cultcaffe.at\\\/wp-content\\\/uploads\\\/2023\\\/02\\\/1.png\",\"contentUrl\":\"https:\\\/\\\/www.cultcaffe.at\\\/wp-content\\\/uploads\\\/2023\\\/02\\\/1.png\"},{\"@type\":\"BreadcrumbList\",\"@id\":\"https:\\\/\\\/www.cultcaffe.at\\\/casadio-edeledition-cultcaffe\\\/#breadcrumb\",\"itemListElement\":[{\"@type\":\"ListItem\",\"position\":1,\"name\":\"Startseite\",\"item\":\"https:\\\/\\\/www.cultcaffe.at\\\/\"},{\"@type\":\"ListItem\",\"position\":2,\"name\":\"CASADIO Edeledition CultCaff\u00e8\"}]},{\"@type\":\"WebSite\",\"@id\":\"https:\\\/\\\/www.cultcaffe.at\\\/#website\",\"url\":\"https:\\\/\\\/www.cultcaffe.at\\\/\",\"name\":\"CultCaff\u00e9 - die Bio Kaffee R\u00f6sterei\",\"description\":\"Liebe zum Kaffee\",\"publisher\":{\"@id\":\"https:\\\/\\\/www.cultcaffe.at\\\/#organization\"},\"potentialAction\":[{\"@type\":\"SearchAction\",\"target\":{\"@type\":\"EntryPoint\",\"urlTemplate\":\"https:\\\/\\\/www.cultcaffe.at\\\/?s={search_term_string}\"},\"query-input\":{\"@type\":\"PropertyValueSpecification\",\"valueRequired\":true,\"valueName\":\"search_term_string\"}}],\"inLanguage\":\"cs\"},{\"@type\":[\"Organization\",\"Place\"],\"@id\":\"https:\\\/\\\/www.cultcaffe.at\\\/#organization\",\"name\":\"CultCaff\u00e9 Kaffeer\u00f6sterei GmbH\",\"alternateName\":\"CultCaff\u00e9\",\"url\":\"https:\\\/\\\/www.cultcaffe.at\\\/\",\"logo\":{\"@id\":\"https:\\\/\\\/www.cultcaffe.at\\\/casadio-edeledition-cultcaffe\\\/#local-main-organization-logo\"},\"image\":{\"@id\":\"https:\\\/\\\/www.cultcaffe.at\\\/casadio-edeledition-cultcaffe\\\/#local-main-organization-logo\"},\"sameAs\":[\"https:\\\/\\\/www.facebook.com\\\/p\\\/Cult-Caff\u00e8-die-R\u00f6sterei-100039719724703\\\/?locale=de_DE\",\"https:\\\/\\\/www.instagram.com\\\/cultcaffe.at\\\/\"],\"hasMerchantReturnPolicy\":{\"@type\":\"MerchantReturnPolicy\",\"merchantReturnLink\":\"https:\\\/\\\/www.cultcaffe.at\\\/cs\\\/agbs\\\/\"},\"telephone\":[],\"openingHoursSpecification\":[{\"@type\":\"OpeningHoursSpecification\",\"dayOfWeek\":[\"Monday\",\"Tuesday\",\"Wednesday\",\"Thursday\",\"Friday\",\"Saturday\",\"Sunday\"],\"opens\":\"09:00\",\"closes\":\"17:00\"}]},{\"@type\":\"ImageObject\",\"inLanguage\":\"cs\",\"@id\":\"https:\\\/\\\/www.cultcaffe.at\\\/casadio-edeledition-cultcaffe\\\/#local-main-organization-logo\",\"url\":\"https:\\\/\\\/www.cultcaffe.at\\\/wp-content\\\/uploads\\\/2023\\\/11\\\/cultcaffe_logo_regular_dark-1.svg\",\"contentUrl\":\"https:\\\/\\\/www.cultcaffe.at\\\/wp-content\\\/uploads\\\/2023\\\/11\\\/cultcaffe_logo_regular_dark-1.svg\",\"width\":756,\"height\":474,\"caption\":\"CultCaff\u00e9 Kaffeer\u00f6sterei GmbH\"}]}<\/script>\n<!-- \/ Yoast SEO plugin. -->","yoast_head_json":{"title":"CASADIO Premium Edition CultCaff\u00e8 - CultCaff\u00e8 - pra\u017e\u00edrna bio k\u00e1vy","robots":{"index":"index","follow":"follow","max-snippet":"max-snippet:-1","max-image-preview":"max-image-preview:large","max-video-preview":"max-video-preview:-1"},"canonical":"https:\/\/www.cultcaffe.at\/cs\/casadio-edeledition-cultcaffe\/","og_locale":"cs_CZ","og_type":"article","og_title":"CASADIO Edeledition CultCaff\u00e8 - CultCaff\u00e9 - die Bio Kaffee R\u00f6sterei","og_description":"Casadio Edeledition Cult Caff\u00e8 ENTDECKEN SIE DIE CASADIO UNDICI &#8211; EDITION CULT CAFF\u00c8Die UNDICI verf\u00fcgt \u00fcber ein anpassungsf\u00e4higes und leistungsstarkes Heizsystem, das eine hervorragende Qualit\u00e4t in der Tasse garantiert. Die Maschine verf\u00fcgt \u00fcber Plexiglasplatten als Umrandung der Tassenablage auf der Oberseite der Kaffeemaschine. Ein optisches Highlight sind die mechanischen Tastenfelder mit LED Signal. CASADIO &#8211; [&hellip;]","og_url":"https:\/\/www.cultcaffe.at\/cs\/casadio-edeledition-cultcaffe\/","og_site_name":"CultCaff\u00e9 - die Bio Kaffee R\u00f6sterei","article_publisher":"https:\/\/www.facebook.com\/p\/Cult-Caff%c3%a8-die-R%c3%b6sterei-100039719724703\/?locale=de_DE","article_modified_time":"2025-04-16T06:26:37+00:00","og_image":[{"width":464,"height":350,"url":"https:\/\/www.cultcaffe.at\/wp-content\/uploads\/2023\/02\/1.png","type":"image\/png"}],"twitter_card":"summary_large_image","twitter_misc":{"Odhadovan\u00e1 doba \u010dten\u00ed":"2 minuty"},"schema":{"@context":"https:\/\/schema.org","@graph":[{"@type":"WebPage","@id":"https:\/\/www.cultcaffe.at\/casadio-edeledition-cultcaffe\/","url":"https:\/\/www.cultcaffe.at\/casadio-edeledition-cultcaffe\/","name":"CASADIO Premium Edition CultCaff\u00e8 - CultCaff\u00e8 - pra\u017e\u00edrna bio k\u00e1vy","isPartOf":{"@id":"https:\/\/www.cultcaffe.at\/#website"},"primaryImageOfPage":{"@id":"https:\/\/www.cultcaffe.at\/casadio-edeledition-cultcaffe\/#primaryimage"},"image":{"@id":"https:\/\/www.cultcaffe.at\/casadio-edeledition-cultcaffe\/#primaryimage"},"thumbnailUrl":"https:\/\/www.cultcaffe.at\/wp-content\/uploads\/2023\/02\/1.png","datePublished":"2023-02-08T12:54:28+00:00","dateModified":"2025-04-16T06:26:37+00:00","breadcrumb":{"@id":"https:\/\/www.cultcaffe.at\/casadio-edeledition-cultcaffe\/#breadcrumb"},"inLanguage":"cs","potentialAction":[{"@type":"ReadAction","target":["https:\/\/www.cultcaffe.at\/casadio-edeledition-cultcaffe\/"]}]},{"@type":"ImageObject","inLanguage":"cs","@id":"https:\/\/www.cultcaffe.at\/casadio-edeledition-cultcaffe\/#primaryimage","url":"https:\/\/www.cultcaffe.at\/wp-content\/uploads\/2023\/02\/1.png","contentUrl":"https:\/\/www.cultcaffe.at\/wp-content\/uploads\/2023\/02\/1.png"},{"@type":"BreadcrumbList","@id":"https:\/\/www.cultcaffe.at\/casadio-edeledition-cultcaffe\/#breadcrumb","itemListElement":[{"@type":"ListItem","position":1,"name":"Startseite","item":"https:\/\/www.cultcaffe.at\/"},{"@type":"ListItem","position":2,"name":"CASADIO Edeledition CultCaff\u00e8"}]},{"@type":"WebSite","@id":"https:\/\/www.cultcaffe.at\/#website","url":"https:\/\/www.cultcaffe.at\/","name":"CultCaff\u00e9 - pra\u017e\u00edrna bio k\u00e1vy","description":"L\u00e1ska ke k\u00e1v\u011b","publisher":{"@id":"https:\/\/www.cultcaffe.at\/#organization"},"potentialAction":[{"@type":"SearchAction","target":{"@type":"EntryPoint","urlTemplate":"https:\/\/www.cultcaffe.at\/?s={search_term_string}"},"query-input":{"@type":"PropertyValueSpecification","valueRequired":true,"valueName":"search_term_string"}}],"inLanguage":"cs"},{"@type":["Organization","Place"],"@id":"https:\/\/www.cultcaffe.at\/#organization","name":"CultCaff\u00e9 Coffee Roastery GmbH","alternateName":"CultCaff\u00e9","url":"https:\/\/www.cultcaffe.at\/","logo":{"@id":"https:\/\/www.cultcaffe.at\/casadio-edeledition-cultcaffe\/#local-main-organization-logo"},"image":{"@id":"https:\/\/www.cultcaffe.at\/casadio-edeledition-cultcaffe\/#local-main-organization-logo"},"sameAs":["https:\/\/www.facebook.com\/p\/Cult-Caff\u00e8-die-R\u00f6sterei-100039719724703\/?locale=de_DE","https:\/\/www.instagram.com\/cultcaffe.at\/"],"hasMerchantReturnPolicy":{"@type":"MerchantReturnPolicy","merchantReturnLink":"https:\/\/www.cultcaffe.at\/cs\/agbs\/"},"telephone":[],"openingHoursSpecification":[{"@type":"OpeningHoursSpecification","dayOfWeek":["Monday","Tuesday","Wednesday","Thursday","Friday","Saturday","Sunday"],"opens":"09:00","closes":"17:00"}]},{"@type":"ImageObject","inLanguage":"cs","@id":"https:\/\/www.cultcaffe.at\/casadio-edeledition-cultcaffe\/#local-main-organization-logo","url":"https:\/\/www.cultcaffe.at\/wp-content\/uploads\/2023\/11\/cultcaffe_logo_regular_dark-1.svg","contentUrl":"https:\/\/www.cultcaffe.at\/wp-content\/uploads\/2023\/11\/cultcaffe_logo_regular_dark-1.svg","width":756,"height":474,"caption":"CultCaff\u00e9 Kaffeer\u00f6sterei GmbH"}]}},"_links":{"self":[{"href":"https:\/\/www.cultcaffe.at\/cs\/wp-json\/wp\/v2\/pages\/1255","targetHints":{"allow":["GET"]}}],"collection":[{"href":"https:\/\/www.cultcaffe.at\/cs\/wp-json\/wp\/v2\/pages"}],"about":[{"href":"https:\/\/www.cultcaffe.at\/cs\/wp-json\/wp\/v2\/types\/page"}],"author":[{"embeddable":true,"href":"https:\/\/www.cultcaffe.at\/cs\/wp-json\/wp\/v2\/users\/6"}],"replies":[{"embeddable":true,"href":"https:\/\/www.cultcaffe.at\/cs\/wp-json\/wp\/v2\/comments?post=1255"}],"version-history":[{"count":16,"href":"https:\/\/www.cultcaffe.at\/cs\/wp-json\/wp\/v2\/pages\/1255\/revisions"}],"predecessor-version":[{"id":18194,"href":"https:\/\/www.cultcaffe.at\/cs\/wp-json\/wp\/v2\/pages\/1255\/revisions\/18194"}],"wp:attachment":[{"href":"https:\/\/www.cultcaffe.at\/cs\/wp-json\/wp\/v2\/media?parent=1255"}],"curies":[{"name":"wp","href":"https:\/\/api.w.org\/{rel}","templated":true}]}}